{"id":51741,"date":"2026-04-04T09:14:49","date_gmt":"2026-04-04T07:14:49","guid":{"rendered":"https:\/\/dev6.erresse-shop.it\/shop\/unkategorisiert\/cilio-zitruspresse-amalfi-schwarz\/"},"modified":"2025-07-03T20:29:37","modified_gmt":"2025-07-03T18:29:37","slug":"cilio-zitruspresse-amalfi-schwarz","status":"publish","type":"product","link":"https:\/\/dev6.erresse-shop.it\/de\/shop\/kleine-elektrogeraete\/zitruspressen\/cilio-zitruspresse-amalfi-schwarz\/","title":{"rendered":"CILIO Zitruspresse Amalfi schwarz"},"content":{"rendered":"<p>Orangensaft oder Zitronensaft \u2013 frisch gepresst?<br \/>\nMit der Cilio Amalfi Saftpresse k\u00f6nnen Sie Zitrusfr\u00fcchte im Handumdrehen in k\u00f6stlichen Saft verwandeln.<\/p>\n<p>25% mehr Saft als ein herk\u00f6mmlicher Entsafter.<br \/>\nGeeignet f\u00fcr alle Arten von Zitrusfr\u00fcchten.<br \/>\nEinfach zu bedienen<br \/>\nEntsaftungssystem mit Hebelbedienung<br \/>\nVier Saugf\u00fc\u00dfe garantieren einen sicheren Stand.<br \/>\nPraktisch: Kerne und Fruchtfleisch bleiben im Presskegel!<br \/>\nProfessionelle Qualit\u00e4t: Der robuste Edelstahl sieht nicht nur elegant und stilvoll aus, sondern ist auch langlebig und sehr robust.<\/p>\n<p>Professionelle Entsafter sind nicht nur ein Designelement in jeder K\u00fcche, sie \u00fcberzeugen auch durch perfekte Funktionalit\u00e4t und Qualit\u00e4t.\u00a0 \u00a0<\/p>\n<p>FRISCH, LECKER UND GESUND:<\/p>\n<p>Frisch gepresster Fruchtsaft ist nicht nur gesund, sondern auch lecker. Mit der professionellen Saftpresse Amalfi von Cilio lassen sich alle Zitruss\u00e4fte m\u00fchelos und \u00fcberall auspressen, auch ohne Strom.<br \/>\nDer Vorteil des manuellen Entsafters ist, dass im Vergleich zu elektrischen Entsaftern viel weniger Bitterstoffe in die Schale gepresst werden und der Saft s\u00fc\u00df und fruchtig bleibt.<\/p>\n<p>HERVORRAGENDE QUALIT\u00c4T F\u00dcR EIN HERVORRAGENDES ERGEBNIS:<\/p>\n<p>Einfaches Entsaften mit minimalem Aufwand. Die mechanische Kraft\u00fcbertragung beruht auf dem uralten physikalischen Gesetz der Hebelwirkung.<br \/>\nDer lange Griff mit ausgekl\u00fcgelter \u00dcbersetzung garantiert ein leichtes Ausdr\u00fccken ohne gro\u00dfen Kraftaufwand<\/p>\n<p>TRICHTER UND KONUS AUS STAHLDRUCKGUSS:<\/p>\n<p>Der hochwertige Presskegel garantiert die h\u00f6chstm\u00f6gliche Safteffizienz. Trichter und Konus sind aus rostfreiem Stahl, leicht zu entfernen und sp\u00fclmaschinenfest.<\/p>\n<p>Produktspezifikationen<\/p>\n<p>Marke: Cilio<br \/>\nFarbe: Schwarz<br \/>\nMaterial: Stahl<br \/>\nProduktpflege: Sp\u00fclmaschinenfest<br \/>\nProduktgewicht: 4,5 kg<br \/>\nKlingenmaterial: Rostfreier Stahl<br \/>\nAbmessungen des Produkts: 18 x 23 x 40\/72 cm<\/p>\n","protected":false},"excerpt":{"rendered":"<p>Orangensaft oder Zitronensaft \u2013 frisch gepresst? Mit der Cilio Amalfi Saftpresse k\u00f6nnen Sie Zitrusfr\u00fcchte im Handumdrehen in k\u00f6stlichen Saft verwandeln. 25% mehr Saft als ein herk\u00f6mmlicher Entsafter. Geeignet f\u00fcr alle Arten von Zitrusfr\u00fcchten. Einfach zu bedienen Entsaftungssystem mit Hebelbedienung Vier Saugf\u00fc\u00dfe garantieren einen sicheren Stand. Praktisch: Kerne und Fruchtfleisch bleiben im Presskegel! Professionelle Qualit\u00e4t: Der [&hellip;]<\/p>\n","protected":false},"featured_media":6275634,"template":"","meta":{"_acf_changed":false},"product_cat":[12163,12175],"product_tag":[],"class_list":{"0":"post-51741","1":"product","2":"type-product","3":"status-publish","4":"has-post-thumbnail","6":"product_cat-kleine-elektrogeraete","7":"product_cat-zitruspressen","9":"first","10":"outofstock","11":"taxable","12":"shipping-taxable","13":"product-type-simple","swatches":"rey-swatches","show_selected":"","stretch_labels":"rey-swatches--stretch-labels"},"acf":[],"yoast_head":"<!-- This site is optimized with the Yoast SEO plugin v25.4 - https:\/\/yoast.com\/wordpress\/plugins\/seo\/ -->\n<title>CILIO Zitruspresse Amalfi schwarz - dev6 Erresse<\/title>\n<meta name=\"description\" content=\"Orangensaft oder Zitronensaft \u2013 frisch gepresst? Mit der Cilio Amalfi Saftpresse k\u00f6nnen Sie Zitrusfr\u00fcchte im Handumdrehen in k\u00f6stlichen Saft verwandeln.\" \/>\n<meta name=\"robots\" content=\"noindex, follow, max-snippet:-1, max-image-preview:large, max-video-preview:-1\" \/>\n<meta property=\"og:locale\" content=\"de_DE\" \/>\n<meta property=\"og:type\" content=\"article\" \/>\n<meta property=\"og:title\" content=\"CILIO Zitruspresse Amalfi schwarz - dev6 Erresse\" \/>\n<meta property=\"og:description\" content=\"Orangensaft oder Zitronensaft \u2013 frisch gepresst? Mit der Cilio Amalfi Saftpresse k\u00f6nnen Sie Zitrusfr\u00fcchte im Handumdrehen in k\u00f6stlichen Saft verwandeln.\" \/>\n<meta property=\"og:url\" content=\"https:\/\/dev6.erresse-shop.it\/de\/shop\/kleine-elektrogeraete\/zitruspressen\/cilio-zitruspresse-amalfi-schwarz\/\" \/>\n<meta property=\"og:site_name\" content=\"dev6 Erresse\" \/>\n<meta property=\"og:image\" content=\"https:\/\/interpim.erresse-shop.it\/Import\/Prodotti\/amalfi-nero.jpg\" \/><meta property=\"og:image\" content=\"https:\/\/interpim.erresse-shop.it\/Import\/Prodotti\/amalfi-nero.jpg\" \/>\n\t<meta property=\"og:image:width\" content=\"1024\" \/>\n\t<meta property=\"og:image:height\" content=\"1024\" \/>\n\t<meta property=\"og:image:type\" content=\"image\/jpeg\" \/>\n<meta name=\"twitter:card\" content=\"summary_large_image\" \/>\n<meta name=\"twitter:image\" content=\"https:\/\/interpim.erresse-shop.it\/Import\/Prodotti\/amalfi-nero.jpg\" \/>\n<script type=\"application\/ld+json\" class=\"yoast-schema-graph\">{\"@context\":\"https:\/\/schema.org\",\"@graph\":[{\"@type\":\"WebPage\",\"@id\":\"https:\/\/dev6.erresse-shop.it\/de\/shop\/kleine-elektrogeraete\/zitruspressen\/cilio-zitruspresse-amalfi-schwarz\/\",\"url\":\"https:\/\/dev6.erresse-shop.it\/de\/shop\/kleine-elektrogeraete\/zitruspressen\/cilio-zitruspresse-amalfi-schwarz\/\",\"name\":\"CILIO Zitruspresse Amalfi schwarz - dev6 Erresse\",\"isPartOf\":{\"@id\":\"https:\/\/dev6.erresse-shop.it\/#website\"},\"primaryImageOfPage\":{\"@id\":\"https:\/\/dev6.erresse-shop.it\/de\/shop\/kleine-elektrogeraete\/zitruspressen\/cilio-zitruspresse-amalfi-schwarz\/#primaryimage\"},\"image\":{\"@id\":\"https:\/\/dev6.erresse-shop.it\/de\/shop\/kleine-elektrogeraete\/zitruspressen\/cilio-zitruspresse-amalfi-schwarz\/#primaryimage\"},\"thumbnailUrl\":\"https:\/\/i3.wp.com\/interpim.erresse-shop.it\/Import\/Prodotti\/amalfi-nero.jpg?ssl=1\",\"datePublished\":\"2026-04-04T07:14:49+00:00\",\"description\":\"Orangensaft oder Zitronensaft \u2013 frisch gepresst? Mit der Cilio Amalfi Saftpresse k\u00f6nnen Sie Zitrusfr\u00fcchte im Handumdrehen in k\u00f6stlichen Saft verwandeln.\",\"breadcrumb\":{\"@id\":\"https:\/\/dev6.erresse-shop.it\/de\/shop\/kleine-elektrogeraete\/zitruspressen\/cilio-zitruspresse-amalfi-schwarz\/#breadcrumb\"},\"inLanguage\":\"de\",\"potentialAction\":[{\"@type\":\"ReadAction\",\"target\":[\"https:\/\/dev6.erresse-shop.it\/de\/shop\/kleine-elektrogeraete\/zitruspressen\/cilio-zitruspresse-amalfi-schwarz\/\"]}]},{\"@type\":\"ImageObject\",\"inLanguage\":\"de\",\"@id\":\"https:\/\/dev6.erresse-shop.it\/de\/shop\/kleine-elektrogeraete\/zitruspressen\/cilio-zitruspresse-amalfi-schwarz\/#primaryimage\",\"url\":\"https:\/\/i3.wp.com\/interpim.erresse-shop.it\/Import\/Prodotti\/amalfi-nero.jpg?ssl=1\",\"contentUrl\":\"https:\/\/i3.wp.com\/interpim.erresse-shop.it\/Import\/Prodotti\/amalfi-nero.jpg?ssl=1\"},{\"@type\":\"BreadcrumbList\",\"@id\":\"https:\/\/dev6.erresse-shop.it\/de\/shop\/kleine-elektrogeraete\/zitruspressen\/cilio-zitruspresse-amalfi-schwarz\/#breadcrumb\",\"itemListElement\":[{\"@type\":\"ListItem\",\"position\":1,\"name\":\"Home\",\"item\":\"https:\/\/dev6.erresse-shop.it\/\"},{\"@type\":\"ListItem\",\"position\":2,\"name\":\"Shop\",\"item\":\"https:\/\/dev6.erresse-shop.it\/shop\/\"},{\"@type\":\"ListItem\",\"position\":3,\"name\":\"CILIO Zitruspresse Amalfi schwarz\"}]},{\"@type\":\"WebSite\",\"@id\":\"https:\/\/dev6.erresse-shop.it\/#website\",\"url\":\"https:\/\/dev6.erresse-shop.it\/\",\"name\":\"Erresse Shop\",\"description\":\"\",\"publisher\":{\"@id\":\"https:\/\/dev6.erresse-shop.it\/#organization\"},\"potentialAction\":[{\"@type\":\"SearchAction\",\"target\":{\"@type\":\"EntryPoint\",\"urlTemplate\":\"https:\/\/dev6.erresse-shop.it\/?s={search_term_string}\"},\"query-input\":{\"@type\":\"PropertyValueSpecification\",\"valueRequired\":true,\"valueName\":\"search_term_string\"}}],\"inLanguage\":\"de\"},{\"@type\":\"Organization\",\"@id\":\"https:\/\/dev6.erresse-shop.it\/#organization\",\"name\":\"Erresse Shop\",\"url\":\"https:\/\/dev6.erresse-shop.it\/\",\"logo\":{\"@type\":\"ImageObject\",\"inLanguage\":\"de\",\"@id\":\"https:\/\/dev6.erresse-shop.it\/#\/schema\/logo\/image\/\",\"url\":\"https:\/\/dev6.erresse-shop.it\/wp-content\/uploads\/2025\/01\/LOGO-ERRESSE-CLASSICO.svg\",\"contentUrl\":\"https:\/\/dev6.erresse-shop.it\/wp-content\/uploads\/2025\/01\/LOGO-ERRESSE-CLASSICO.svg\",\"caption\":\"Erresse Shop\"},\"image\":{\"@id\":\"https:\/\/dev6.erresse-shop.it\/#\/schema\/logo\/image\/\"}}]}<\/script>\n<!-- \/ Yoast SEO plugin. -->","yoast_head_json":{"title":"CILIO Zitruspresse Amalfi schwarz - dev6 Erresse","description":"Orangensaft oder Zitronensaft \u2013 frisch gepresst? Mit der Cilio Amalfi Saftpresse k\u00f6nnen Sie Zitrusfr\u00fcchte im Handumdrehen in k\u00f6stlichen Saft verwandeln.","robots":{"index":"noindex","follow":"follow","max-snippet":"max-snippet:-1","max-image-preview":"max-image-preview:large","max-video-preview":"max-video-preview:-1"},"og_locale":"de_DE","og_type":"article","og_title":"CILIO Zitruspresse Amalfi schwarz - dev6 Erresse","og_description":"Orangensaft oder Zitronensaft \u2013 frisch gepresst? Mit der Cilio Amalfi Saftpresse k\u00f6nnen Sie Zitrusfr\u00fcchte im Handumdrehen in k\u00f6stlichen Saft verwandeln.","og_url":"https:\/\/dev6.erresse-shop.it\/de\/shop\/kleine-elektrogeraete\/zitruspressen\/cilio-zitruspresse-amalfi-schwarz\/","og_site_name":"dev6 Erresse","og_image":[{"url":"https:\/\/interpim.erresse-shop.it\/Import\/Prodotti\/amalfi-nero.jpg","type":"","width":"","height":""},{"url":"https:\/\/interpim.erresse-shop.it\/Import\/Prodotti\/amalfi-nero.jpg","width":1024,"height":1024,"type":"image\/jpeg"}],"twitter_card":"summary_large_image","twitter_image":"https:\/\/interpim.erresse-shop.it\/Import\/Prodotti\/amalfi-nero.jpg","schema":{"@context":"https:\/\/schema.org","@graph":[{"@type":"WebPage","@id":"https:\/\/dev6.erresse-shop.it\/de\/shop\/kleine-elektrogeraete\/zitruspressen\/cilio-zitruspresse-amalfi-schwarz\/","url":"https:\/\/dev6.erresse-shop.it\/de\/shop\/kleine-elektrogeraete\/zitruspressen\/cilio-zitruspresse-amalfi-schwarz\/","name":"CILIO Zitruspresse Amalfi schwarz - dev6 Erresse","isPartOf":{"@id":"https:\/\/dev6.erresse-shop.it\/#website"},"primaryImageOfPage":{"@id":"https:\/\/dev6.erresse-shop.it\/de\/shop\/kleine-elektrogeraete\/zitruspressen\/cilio-zitruspresse-amalfi-schwarz\/#primaryimage"},"image":{"@id":"https:\/\/dev6.erresse-shop.it\/de\/shop\/kleine-elektrogeraete\/zitruspressen\/cilio-zitruspresse-amalfi-schwarz\/#primaryimage"},"thumbnailUrl":"https:\/\/i3.wp.com\/interpim.erresse-shop.it\/Import\/Prodotti\/amalfi-nero.jpg?ssl=1","datePublished":"2026-04-04T07:14:49+00:00","description":"Orangensaft oder Zitronensaft \u2013 frisch gepresst? Mit der Cilio Amalfi Saftpresse k\u00f6nnen Sie Zitrusfr\u00fcchte im Handumdrehen in k\u00f6stlichen Saft verwandeln.","breadcrumb":{"@id":"https:\/\/dev6.erresse-shop.it\/de\/shop\/kleine-elektrogeraete\/zitruspressen\/cilio-zitruspresse-amalfi-schwarz\/#breadcrumb"},"inLanguage":"de","potentialAction":[{"@type":"ReadAction","target":["https:\/\/dev6.erresse-shop.it\/de\/shop\/kleine-elektrogeraete\/zitruspressen\/cilio-zitruspresse-amalfi-schwarz\/"]}]},{"@type":"ImageObject","inLanguage":"de","@id":"https:\/\/dev6.erresse-shop.it\/de\/shop\/kleine-elektrogeraete\/zitruspressen\/cilio-zitruspresse-amalfi-schwarz\/#primaryimage","url":"https:\/\/i3.wp.com\/interpim.erresse-shop.it\/Import\/Prodotti\/amalfi-nero.jpg?ssl=1","contentUrl":"https:\/\/i3.wp.com\/interpim.erresse-shop.it\/Import\/Prodotti\/amalfi-nero.jpg?ssl=1"},{"@type":"BreadcrumbList","@id":"https:\/\/dev6.erresse-shop.it\/de\/shop\/kleine-elektrogeraete\/zitruspressen\/cilio-zitruspresse-amalfi-schwarz\/#breadcrumb","itemListElement":[{"@type":"ListItem","position":1,"name":"Home","item":"https:\/\/dev6.erresse-shop.it\/"},{"@type":"ListItem","position":2,"name":"Shop","item":"https:\/\/dev6.erresse-shop.it\/shop\/"},{"@type":"ListItem","position":3,"name":"CILIO Zitruspresse Amalfi schwarz"}]},{"@type":"WebSite","@id":"https:\/\/dev6.erresse-shop.it\/#website","url":"https:\/\/dev6.erresse-shop.it\/","name":"Erresse Shop","description":"","publisher":{"@id":"https:\/\/dev6.erresse-shop.it\/#organization"},"potentialAction":[{"@type":"SearchAction","target":{"@type":"EntryPoint","urlTemplate":"https:\/\/dev6.erresse-shop.it\/?s={search_term_string}"},"query-input":{"@type":"PropertyValueSpecification","valueRequired":true,"valueName":"search_term_string"}}],"inLanguage":"de"},{"@type":"Organization","@id":"https:\/\/dev6.erresse-shop.it\/#organization","name":"Erresse Shop","url":"https:\/\/dev6.erresse-shop.it\/","logo":{"@type":"ImageObject","inLanguage":"de","@id":"https:\/\/dev6.erresse-shop.it\/#\/schema\/logo\/image\/","url":"https:\/\/dev6.erresse-shop.it\/wp-content\/uploads\/2025\/01\/LOGO-ERRESSE-CLASSICO.svg","contentUrl":"https:\/\/dev6.erresse-shop.it\/wp-content\/uploads\/2025\/01\/LOGO-ERRESSE-CLASSICO.svg","caption":"Erresse Shop"},"image":{"@id":"https:\/\/dev6.erresse-shop.it\/#\/schema\/logo\/image\/"}}]}},"df_price":"","df_sale_price":"","df_regular_price":"","df_image_link":"https:\/\/i3.wp.com\/interpim.erresse-shop.it\/Import\/Prodotti\/amalfi-nero.jpg?resize=300,300&ssl=1","fifu_image_url":"https:\/\/interpim.erresse-shop.it\/Import\/Prodotti\/amalfi-nero.jpg","_links":{"self":[{"href":"https:\/\/dev6.erresse-shop.it\/de\/wp-json\/wp\/v2\/product\/51741","targetHints":{"allow":["GET"]}}],"collection":[{"href":"https:\/\/dev6.erresse-shop.it\/de\/wp-json\/wp\/v2\/product"}],"about":[{"href":"https:\/\/dev6.erresse-shop.it\/de\/wp-json\/wp\/v2\/types\/product"}],"wp:featuredmedia":[{"embeddable":true,"href":"https:\/\/dev6.erresse-shop.it\/de\/wp-json\/wp\/v2\/media\/6275634"}],"wp:attachment":[{"href":"https:\/\/dev6.erresse-shop.it\/de\/wp-json\/wp\/v2\/media?parent=51741"}],"wp:term":[{"taxonomy":"product_cat","embeddable":true,"href":"https:\/\/dev6.erresse-shop.it\/de\/wp-json\/wp\/v2\/product_cat?post=51741"},{"taxonomy":"product_tag","embeddable":true,"href":"https:\/\/dev6.erresse-shop.it\/de\/wp-json\/wp\/v2\/product_tag?post=51741"}],"curies":[{"name":"wp","href":"https:\/\/api.w.org\/{rel}","templated":true}]}}