{"id":51729,"date":"2026-04-12T09:16:37","date_gmt":"2026-04-12T07:16:37","guid":{"rendered":"https:\/\/dev6.erresse-shop.it\/shop\/unkategorisiert\/joseph-joseph-pocket-plus-klapptisch-buegelbrett-schwarz\/"},"modified":"2026-01-21T20:13:25","modified_gmt":"2026-01-21T19:13:25","slug":"joseph-joseph-pocket-plus-klapptisch-buegelbrett-schwarz","status":"publish","type":"product","link":"https:\/\/dev6.erresse-shop.it\/de\/shop\/einrichtung-haus\/buegelbretter\/joseph-joseph-pocket-plus-klapptisch-buegelbrett-schwarz\/","title":{"rendered":"JOSEPH JOSEPH Pocket Plus Klapptisch B\u00fcgelbrett Schwarz"},"content":{"rendered":"<p>Joseph Joseph, der weltweit f\u00fchrende Hersteller von K\u00fcchen- und Haushaltswaren.<br \/>\nDas im Jahr 2003 gegr\u00fcndete Unternehmen Joseph Joseph verbindet innovatives Design mit modernem Stil.<br \/>\nDie Verwendung von Farben charakterisiert die Produkte unverkennbar und das sorgf\u00e4ltige Design<br \/>\nmacht sie absolut funktional und praktisch.<\/p>\n<p>Produktmerkmale<\/p>\n<p>Faltbares und kompaktes Design<br \/>\nIntegrierte Tasche zur Aufbewahrung des B\u00fcgeleisens<br \/>\nSeparate Aufh\u00e4ngevorrichtung zur einfachen Aufbewahrung enthalten<br \/>\nFortschrittlicher, leicht zu wechselnder Deckel mit Drip Lock-Technologie<br \/>\nGro\u00dfe B\u00fcgelfl\u00e4che<\/p>\n<p>Vorsichtsma\u00dfnahmen und Verwendung<\/p>\n<p>Wandmontage: Eine Halterung, Schrauben und D\u00fcbel werden f\u00fcr die<br \/>\nMontage des Pocket an einer geeigneten Oberfl\u00e4che mitgeliefert.<br \/>\nDeckel: nur mit einem Tuch abwischen, nicht in der Maschine waschen<br \/>\nRahmen: mit einem feuchten Tuch reinigen, keine Schw\u00e4mme oder scharfe Chemikalien verwenden.<br \/>\nAchtung: Lassen Sie das B\u00fcgeleisen auf Raumtemperatur abk\u00fchlen, bevor Sie es in die Aufbewahrungstasche legen.<br \/>\nVergewissern Sie sich, dass der Bezug trocken ist, bevor Sie ihn falten und aufbewahren.<br \/>\nW\u00e4hrend des Gebrauchs au\u00dferhalb der Reichweite von Kindern aufbewahren. Bewahren Sie es nach dem Gebrauch sicher auf.<br \/>\nDie Garantiezeit f\u00fcr Fabrikationsfehler betr\u00e4gt 5 Jahre, alle Einzelheiten finden Sie auf der Garantieseite hier, f\u00fcr alle anderen Komponenten gilt eine<br \/>\nGarantie von 2 Jahren.<\/p>\n<p>Abmessungen:<br \/>\nGeschlossen: H45,5 x B34 x T15,5 cm (H18 x B13\u00bd x T6\u00bc Zoll)<br \/>\nB\u00fcgelfl\u00e4che: H90 x B33cm (H35\u00bd x L13 Zoll)<br \/>\nIn ge\u00f6ffnetem Zustand ist die B\u00fcgelfl\u00e4che 11 cm von der Tischplatte entfernt.<\/p>\n<p>Gewicht:<br \/>\n2,68 kg<\/p>\n<p>Zusammensetzung der Textilien:<br \/>\nObere Schicht des Polsters: 100% Baumwolle<br \/>\nFilzunterlage: 100% Polyester<br \/>\nWasserdichte Schicht: 100% Polyester mit Polyurethan-Beschichtung<\/p>\n<p>Entworfen von Joseph Joseph<\/p>\n","protected":false},"excerpt":{"rendered":"<p>Joseph Joseph, der weltweit f\u00fchrende Hersteller von K\u00fcchen- und Haushaltswaren. Das im Jahr 2003 gegr\u00fcndete Unternehmen Joseph Joseph verbindet innovatives Design mit modernem Stil. Die Verwendung von Farben charakterisiert die Produkte unverkennbar und das sorgf\u00e4ltige Design macht sie absolut funktional und praktisch. Produktmerkmale Faltbares und kompaktes Design Integrierte Tasche zur Aufbewahrung des B\u00fcgeleisens Separate Aufh\u00e4ngevorrichtung [&hellip;]<\/p>\n","protected":false},"featured_media":6358887,"template":"","meta":{"_acf_changed":false},"product_cat":[11666,12139,12098],"product_tag":[],"class_list":{"0":"post-51729","1":"product","2":"type-product","3":"status-publish","4":"has-post-thumbnail","6":"product_cat-arredamento-casa","7":"product_cat-buegelbretter","8":"product_cat-einrichtung-haus","10":"first","11":"outofstock","12":"sale","13":"taxable","14":"shipping-taxable","15":"purchasable","16":"product-type-simple","swatches":"rey-swatches","show_selected":"","stretch_labels":"rey-swatches--stretch-labels"},"acf":[],"yoast_head":"<!-- This site is optimized with the Yoast SEO plugin v25.4 - https:\/\/yoast.com\/wordpress\/plugins\/seo\/ -->\n<title>JOSEPH JOSEPH Pocket Plus Klapptisch B\u00fcgelbrett Schwarz - dev6 Erresse<\/title>\n<meta name=\"description\" content=\"Joseph Joseph, der weltweit f\u00fchrende Hersteller von K\u00fcchen- und Haushaltswaren. Das im Jahr 2003 gegr\u00fcndete Unternehmen Joseph Joseph verbindet\" \/>\n<meta name=\"robots\" content=\"noindex, follow, max-snippet:-1, max-image-preview:large, max-video-preview:-1\" \/>\n<meta property=\"og:locale\" content=\"de_DE\" \/>\n<meta property=\"og:type\" content=\"article\" \/>\n<meta property=\"og:title\" content=\"JOSEPH JOSEPH Pocket Plus Klapptisch B\u00fcgelbrett Schwarz - dev6 Erresse\" \/>\n<meta property=\"og:description\" content=\"Joseph Joseph, der weltweit f\u00fchrende Hersteller von K\u00fcchen- und Haushaltswaren. Das im Jahr 2003 gegr\u00fcndete Unternehmen Joseph Joseph verbindet\" \/>\n<meta property=\"og:url\" content=\"https:\/\/dev6.erresse-shop.it\/de\/shop\/einrichtung-haus\/buegelbretter\/joseph-joseph-pocket-plus-klapptisch-buegelbrett-schwarz\/\" \/>\n<meta property=\"og:site_name\" content=\"dev6 Erresse\" \/>\n<meta property=\"og:image\" content=\"https:\/\/interpim.erresse-shop.it\/Import\/Prodotti\/joseph-joseph-pocket-plus-asse-da-stiro-da-tavolo-pieghevole-nero.jpg\" \/><meta property=\"og:image\" content=\"https:\/\/interpim.erresse-shop.it\/Import\/Prodotti\/joseph-joseph-pocket-plus-asse-da-stiro-da-tavolo-pieghevole-nero.jpg\" \/>\n\t<meta property=\"og:image:width\" content=\"1024\" \/>\n\t<meta property=\"og:image:height\" content=\"1024\" \/>\n\t<meta property=\"og:image:type\" content=\"image\/jpeg\" \/>\n<meta name=\"twitter:card\" content=\"summary_large_image\" \/>\n<meta name=\"twitter:image\" content=\"https:\/\/interpim.erresse-shop.it\/Import\/Prodotti\/joseph-joseph-pocket-plus-asse-da-stiro-da-tavolo-pieghevole-nero.jpg\" \/>\n<script type=\"application\/ld+json\" class=\"yoast-schema-graph\">{\"@context\":\"https:\/\/schema.org\",\"@graph\":[{\"@type\":\"WebPage\",\"@id\":\"https:\/\/dev6.erresse-shop.it\/de\/shop\/einrichtung-haus\/buegelbretter\/joseph-joseph-pocket-plus-klapptisch-buegelbrett-schwarz\/\",\"url\":\"https:\/\/dev6.erresse-shop.it\/de\/shop\/einrichtung-haus\/buegelbretter\/joseph-joseph-pocket-plus-klapptisch-buegelbrett-schwarz\/\",\"name\":\"JOSEPH JOSEPH Pocket Plus Klapptisch B\u00fcgelbrett Schwarz - dev6 Erresse\",\"isPartOf\":{\"@id\":\"https:\/\/dev6.erresse-shop.it\/#website\"},\"primaryImageOfPage\":{\"@id\":\"https:\/\/dev6.erresse-shop.it\/de\/shop\/einrichtung-haus\/buegelbretter\/joseph-joseph-pocket-plus-klapptisch-buegelbrett-schwarz\/#primaryimage\"},\"image\":{\"@id\":\"https:\/\/dev6.erresse-shop.it\/de\/shop\/einrichtung-haus\/buegelbretter\/joseph-joseph-pocket-plus-klapptisch-buegelbrett-schwarz\/#primaryimage\"},\"thumbnailUrl\":\"https:\/\/i1.wp.com\/interpim.erresse-shop.it\/Import\/Prodotti\/joseph-joseph-pocket-plus-asse-da-stiro-da-tavolo-pieghevole-nero.jpg?ssl=1\",\"datePublished\":\"2026-04-12T07:16:37+00:00\",\"description\":\"Joseph Joseph, der weltweit f\u00fchrende Hersteller von K\u00fcchen- und Haushaltswaren. Das im Jahr 2003 gegr\u00fcndete Unternehmen Joseph Joseph verbindet\",\"breadcrumb\":{\"@id\":\"https:\/\/dev6.erresse-shop.it\/de\/shop\/einrichtung-haus\/buegelbretter\/joseph-joseph-pocket-plus-klapptisch-buegelbrett-schwarz\/#breadcrumb\"},\"inLanguage\":\"de\",\"potentialAction\":[{\"@type\":\"ReadAction\",\"target\":[\"https:\/\/dev6.erresse-shop.it\/de\/shop\/einrichtung-haus\/buegelbretter\/joseph-joseph-pocket-plus-klapptisch-buegelbrett-schwarz\/\"]}]},{\"@type\":\"ImageObject\",\"inLanguage\":\"de\",\"@id\":\"https:\/\/dev6.erresse-shop.it\/de\/shop\/einrichtung-haus\/buegelbretter\/joseph-joseph-pocket-plus-klapptisch-buegelbrett-schwarz\/#primaryimage\",\"url\":\"https:\/\/i1.wp.com\/interpim.erresse-shop.it\/Import\/Prodotti\/joseph-joseph-pocket-plus-asse-da-stiro-da-tavolo-pieghevole-nero.jpg?ssl=1\",\"contentUrl\":\"https:\/\/i1.wp.com\/interpim.erresse-shop.it\/Import\/Prodotti\/joseph-joseph-pocket-plus-asse-da-stiro-da-tavolo-pieghevole-nero.jpg?ssl=1\"},{\"@type\":\"BreadcrumbList\",\"@id\":\"https:\/\/dev6.erresse-shop.it\/de\/shop\/einrichtung-haus\/buegelbretter\/joseph-joseph-pocket-plus-klapptisch-buegelbrett-schwarz\/#breadcrumb\",\"itemListElement\":[{\"@type\":\"ListItem\",\"position\":1,\"name\":\"Home\",\"item\":\"https:\/\/dev6.erresse-shop.it\/\"},{\"@type\":\"ListItem\",\"position\":2,\"name\":\"Shop\",\"item\":\"https:\/\/dev6.erresse-shop.it\/shop\/\"},{\"@type\":\"ListItem\",\"position\":3,\"name\":\"JOSEPH JOSEPH Pocket Plus Klapptisch B\u00fcgelbrett Schwarz\"}]},{\"@type\":\"WebSite\",\"@id\":\"https:\/\/dev6.erresse-shop.it\/#website\",\"url\":\"https:\/\/dev6.erresse-shop.it\/\",\"name\":\"Erresse Shop\",\"description\":\"\",\"publisher\":{\"@id\":\"https:\/\/dev6.erresse-shop.it\/#organization\"},\"potentialAction\":[{\"@type\":\"SearchAction\",\"target\":{\"@type\":\"EntryPoint\",\"urlTemplate\":\"https:\/\/dev6.erresse-shop.it\/?s={search_term_string}\"},\"query-input\":{\"@type\":\"PropertyValueSpecification\",\"valueRequired\":true,\"valueName\":\"search_term_string\"}}],\"inLanguage\":\"de\"},{\"@type\":\"Organization\",\"@id\":\"https:\/\/dev6.erresse-shop.it\/#organization\",\"name\":\"Erresse Shop\",\"url\":\"https:\/\/dev6.erresse-shop.it\/\",\"logo\":{\"@type\":\"ImageObject\",\"inLanguage\":\"de\",\"@id\":\"https:\/\/dev6.erresse-shop.it\/#\/schema\/logo\/image\/\",\"url\":\"https:\/\/dev6.erresse-shop.it\/wp-content\/uploads\/2025\/01\/LOGO-ERRESSE-CLASSICO.svg\",\"contentUrl\":\"https:\/\/dev6.erresse-shop.it\/wp-content\/uploads\/2025\/01\/LOGO-ERRESSE-CLASSICO.svg\",\"caption\":\"Erresse Shop\"},\"image\":{\"@id\":\"https:\/\/dev6.erresse-shop.it\/#\/schema\/logo\/image\/\"}}]}<\/script>\n<!-- \/ Yoast SEO plugin. -->","yoast_head_json":{"title":"JOSEPH JOSEPH Pocket Plus Klapptisch B\u00fcgelbrett Schwarz - dev6 Erresse","description":"Joseph Joseph, der weltweit f\u00fchrende Hersteller von K\u00fcchen- und Haushaltswaren. Das im Jahr 2003 gegr\u00fcndete Unternehmen Joseph Joseph verbindet","robots":{"index":"noindex","follow":"follow","max-snippet":"max-snippet:-1","max-image-preview":"max-image-preview:large","max-video-preview":"max-video-preview:-1"},"og_locale":"de_DE","og_type":"article","og_title":"JOSEPH JOSEPH Pocket Plus Klapptisch B\u00fcgelbrett Schwarz - dev6 Erresse","og_description":"Joseph Joseph, der weltweit f\u00fchrende Hersteller von K\u00fcchen- und Haushaltswaren. Das im Jahr 2003 gegr\u00fcndete Unternehmen Joseph Joseph verbindet","og_url":"https:\/\/dev6.erresse-shop.it\/de\/shop\/einrichtung-haus\/buegelbretter\/joseph-joseph-pocket-plus-klapptisch-buegelbrett-schwarz\/","og_site_name":"dev6 Erresse","og_image":[{"url":"https:\/\/interpim.erresse-shop.it\/Import\/Prodotti\/joseph-joseph-pocket-plus-asse-da-stiro-da-tavolo-pieghevole-nero.jpg","type":"","width":"","height":""},{"url":"https:\/\/interpim.erresse-shop.it\/Import\/Prodotti\/joseph-joseph-pocket-plus-asse-da-stiro-da-tavolo-pieghevole-nero.jpg","width":1024,"height":1024,"type":"image\/jpeg"}],"twitter_card":"summary_large_image","twitter_image":"https:\/\/interpim.erresse-shop.it\/Import\/Prodotti\/joseph-joseph-pocket-plus-asse-da-stiro-da-tavolo-pieghevole-nero.jpg","schema":{"@context":"https:\/\/schema.org","@graph":[{"@type":"WebPage","@id":"https:\/\/dev6.erresse-shop.it\/de\/shop\/einrichtung-haus\/buegelbretter\/joseph-joseph-pocket-plus-klapptisch-buegelbrett-schwarz\/","url":"https:\/\/dev6.erresse-shop.it\/de\/shop\/einrichtung-haus\/buegelbretter\/joseph-joseph-pocket-plus-klapptisch-buegelbrett-schwarz\/","name":"JOSEPH JOSEPH Pocket Plus Klapptisch B\u00fcgelbrett Schwarz - dev6 Erresse","isPartOf":{"@id":"https:\/\/dev6.erresse-shop.it\/#website"},"primaryImageOfPage":{"@id":"https:\/\/dev6.erresse-shop.it\/de\/shop\/einrichtung-haus\/buegelbretter\/joseph-joseph-pocket-plus-klapptisch-buegelbrett-schwarz\/#primaryimage"},"image":{"@id":"https:\/\/dev6.erresse-shop.it\/de\/shop\/einrichtung-haus\/buegelbretter\/joseph-joseph-pocket-plus-klapptisch-buegelbrett-schwarz\/#primaryimage"},"thumbnailUrl":"https:\/\/i1.wp.com\/interpim.erresse-shop.it\/Import\/Prodotti\/joseph-joseph-pocket-plus-asse-da-stiro-da-tavolo-pieghevole-nero.jpg?ssl=1","datePublished":"2026-04-12T07:16:37+00:00","description":"Joseph Joseph, der weltweit f\u00fchrende Hersteller von K\u00fcchen- und Haushaltswaren. Das im Jahr 2003 gegr\u00fcndete Unternehmen Joseph Joseph verbindet","breadcrumb":{"@id":"https:\/\/dev6.erresse-shop.it\/de\/shop\/einrichtung-haus\/buegelbretter\/joseph-joseph-pocket-plus-klapptisch-buegelbrett-schwarz\/#breadcrumb"},"inLanguage":"de","potentialAction":[{"@type":"ReadAction","target":["https:\/\/dev6.erresse-shop.it\/de\/shop\/einrichtung-haus\/buegelbretter\/joseph-joseph-pocket-plus-klapptisch-buegelbrett-schwarz\/"]}]},{"@type":"ImageObject","inLanguage":"de","@id":"https:\/\/dev6.erresse-shop.it\/de\/shop\/einrichtung-haus\/buegelbretter\/joseph-joseph-pocket-plus-klapptisch-buegelbrett-schwarz\/#primaryimage","url":"https:\/\/i1.wp.com\/interpim.erresse-shop.it\/Import\/Prodotti\/joseph-joseph-pocket-plus-asse-da-stiro-da-tavolo-pieghevole-nero.jpg?ssl=1","contentUrl":"https:\/\/i1.wp.com\/interpim.erresse-shop.it\/Import\/Prodotti\/joseph-joseph-pocket-plus-asse-da-stiro-da-tavolo-pieghevole-nero.jpg?ssl=1"},{"@type":"BreadcrumbList","@id":"https:\/\/dev6.erresse-shop.it\/de\/shop\/einrichtung-haus\/buegelbretter\/joseph-joseph-pocket-plus-klapptisch-buegelbrett-schwarz\/#breadcrumb","itemListElement":[{"@type":"ListItem","position":1,"name":"Home","item":"https:\/\/dev6.erresse-shop.it\/"},{"@type":"ListItem","position":2,"name":"Shop","item":"https:\/\/dev6.erresse-shop.it\/shop\/"},{"@type":"ListItem","position":3,"name":"JOSEPH JOSEPH Pocket Plus Klapptisch B\u00fcgelbrett Schwarz"}]},{"@type":"WebSite","@id":"https:\/\/dev6.erresse-shop.it\/#website","url":"https:\/\/dev6.erresse-shop.it\/","name":"Erresse Shop","description":"","publisher":{"@id":"https:\/\/dev6.erresse-shop.it\/#organization"},"potentialAction":[{"@type":"SearchAction","target":{"@type":"EntryPoint","urlTemplate":"https:\/\/dev6.erresse-shop.it\/?s={search_term_string}"},"query-input":{"@type":"PropertyValueSpecification","valueRequired":true,"valueName":"search_term_string"}}],"inLanguage":"de"},{"@type":"Organization","@id":"https:\/\/dev6.erresse-shop.it\/#organization","name":"Erresse Shop","url":"https:\/\/dev6.erresse-shop.it\/","logo":{"@type":"ImageObject","inLanguage":"de","@id":"https:\/\/dev6.erresse-shop.it\/#\/schema\/logo\/image\/","url":"https:\/\/dev6.erresse-shop.it\/wp-content\/uploads\/2025\/01\/LOGO-ERRESSE-CLASSICO.svg","contentUrl":"https:\/\/dev6.erresse-shop.it\/wp-content\/uploads\/2025\/01\/LOGO-ERRESSE-CLASSICO.svg","caption":"Erresse Shop"},"image":{"@id":"https:\/\/dev6.erresse-shop.it\/#\/schema\/logo\/image\/"}}]}},"df_price":79.95,"df_sale_price":79.95,"df_regular_price":119.99,"df_image_link":"https:\/\/i1.wp.com\/interpim.erresse-shop.it\/Import\/Prodotti\/joseph-joseph-pocket-plus-asse-da-stiro-da-tavolo-pieghevole-nero.jpg?resize=300,300&ssl=1","fifu_image_url":"https:\/\/interpim.erresse-shop.it\/Import\/Prodotti\/joseph-joseph-pocket-plus-asse-da-stiro-da-tavolo-pieghevole-nero.jpg","_links":{"self":[{"href":"https:\/\/dev6.erresse-shop.it\/de\/wp-json\/wp\/v2\/product\/51729","targetHints":{"allow":["GET"]}}],"collection":[{"href":"https:\/\/dev6.erresse-shop.it\/de\/wp-json\/wp\/v2\/product"}],"about":[{"href":"https:\/\/dev6.erresse-shop.it\/de\/wp-json\/wp\/v2\/types\/product"}],"wp:featuredmedia":[{"embeddable":true,"href":"https:\/\/dev6.erresse-shop.it\/de\/wp-json\/wp\/v2\/media\/6358887"}],"wp:attachment":[{"href":"https:\/\/dev6.erresse-shop.it\/de\/wp-json\/wp\/v2\/media?parent=51729"}],"wp:term":[{"taxonomy":"product_cat","embeddable":true,"href":"https:\/\/dev6.erresse-shop.it\/de\/wp-json\/wp\/v2\/product_cat?post=51729"},{"taxonomy":"product_tag","embeddable":true,"href":"https:\/\/dev6.erresse-shop.it\/de\/wp-json\/wp\/v2\/product_tag?post=51729"}],"curies":[{"name":"wp","href":"https:\/\/api.w.org\/{rel}","templated":true}]}}