{"id":51714,"date":"2026-04-12T09:16:37","date_gmt":"2026-04-12T07:16:37","guid":{"rendered":"https:\/\/dev6.erresse-shop.it\/shop\/unkategorisiert\/joseph-joseph-elevate-5-karussell-messer-gruen\/"},"modified":"2025-12-08T17:46:29","modified_gmt":"2025-12-08T16:46:29","slug":"joseph-joseph-elevate-5-karussell-messer-gruen","status":"publish","type":"product","link":"https:\/\/dev6.erresse-shop.it\/de\/shop\/kuche\/messer\/kuechenmesser\/joseph-joseph-elevate-5-karussell-messer-gruen\/","title":{"rendered":"JOSEPH JOSEPH Elevate\u2122 5 Karussell-Messer Gr\u00fcn"},"content":{"rendered":"<p>Produktmerkmale<\/p>\n<p>Alle diese Messer sind aus japanischem rostfreiem Stahl gefertigt und k\u00f6nnen leicht aus dem rotierenden Messer ausgew\u00e4hlt werden, auch wenn es in einem Schrank aufbewahrt wird.<br \/>\nDie Elevate\u2122-Technologie wurde entwickelt, um die Hygiene zu verbessern und die Abfallmenge zu minimieren.<br \/>\nBeschwerte Griffe und integrierte Messerablagen verhindern, dass die<br \/>\nKlingen die Arbeitsfl\u00e4che ber\u00fchren, wenn sie abgelegt werden<br \/>\nJapanische Klingen aus rostfreiem Stahl<br \/>\nDer drehbare Messerhalter hat vertikale Schlitze f\u00fcr einen einfachen Zugriff und einen rutschfesten Boden.<br \/>\nPackung enth\u00e4lt: 3\u00bd\u201d Kochmesser, 4\u00bd\u201d Wellenschliffmesser, 5\u00bd\u201d Santokumesser, 6\u00bd\u201d Kochmesser, 8\u2033 Brotmesser und drehbaren Messerhalter<\/p>\n<p>Vorsichtsma\u00dfnahmen und Verwendung:<\/p>\n<p>Nicht sp\u00fclmaschinengeeignet<br \/>\nMesser \u2013 nur von Hand waschen und sofort abtrocknen<br \/>\nKarussell \u2013 mit einem feuchten Tuch reinigen<br \/>\nBPA-frei<\/p>\n<p>Abmessungen:<br \/>\nH35 x B13,3 x T13,3 cm (H13\u00be x L5\u00bc x T5\u00bc Zoll)<\/p>\n<p>Entworfen von Joseph Joseph<\/p>\n","protected":false},"excerpt":{"rendered":"<p>Produktmerkmale Alle diese Messer sind aus japanischem rostfreiem Stahl gefertigt und k\u00f6nnen leicht aus dem rotierenden Messer ausgew\u00e4hlt werden, auch wenn es in einem Schrank aufbewahrt wird. Die Elevate\u2122-Technologie wurde entwickelt, um die Hygiene zu verbessern und die Abfallmenge zu minimieren. Beschwerte Griffe und integrierte Messerablagen verhindern, dass die Klingen die Arbeitsfl\u00e4che ber\u00fchren, wenn sie [&hellip;]<\/p>\n","protected":false},"featured_media":6358816,"template":"","meta":{"_acf_changed":false},"product_cat":[12100,12105],"product_tag":[],"class_list":{"0":"post-51714","1":"product","2":"type-product","3":"status-publish","4":"has-post-thumbnail","6":"product_cat-kuche","7":"product_cat-kuechenmesser","9":"first","10":"outofstock","11":"sale","12":"taxable","13":"shipping-taxable","14":"purchasable","15":"product-type-simple","swatches":"rey-swatches","show_selected":"","stretch_labels":"rey-swatches--stretch-labels"},"acf":[],"yoast_head":"<!-- This site is optimized with the Yoast SEO plugin v25.4 - https:\/\/yoast.com\/wordpress\/plugins\/seo\/ -->\n<title>JOSEPH JOSEPH Elevate\u2122 5 Karussell-Messer Gr\u00fcn - dev6 Erresse<\/title>\n<meta name=\"description\" content=\"Produktmerkmale Alle diese Messer sind aus japanischem rostfreiem Stahl gefertigt und k\u00f6nnen leicht aus dem rotierenden Messer ausgew\u00e4hlt werden, auch\" \/>\n<meta name=\"robots\" content=\"noindex, follow, max-snippet:-1, max-image-preview:large, max-video-preview:-1\" \/>\n<meta property=\"og:locale\" content=\"de_DE\" \/>\n<meta property=\"og:type\" content=\"article\" \/>\n<meta property=\"og:title\" content=\"JOSEPH JOSEPH Elevate\u2122 5 Karussell-Messer Gr\u00fcn - dev6 Erresse\" \/>\n<meta property=\"og:description\" content=\"Produktmerkmale Alle diese Messer sind aus japanischem rostfreiem Stahl gefertigt und k\u00f6nnen leicht aus dem rotierenden Messer ausgew\u00e4hlt werden, auch\" \/>\n<meta property=\"og:url\" content=\"https:\/\/dev6.erresse-shop.it\/de\/shop\/kuche\/messer\/kuechenmesser\/joseph-joseph-elevate-5-karussell-messer-gruen\/\" \/>\n<meta property=\"og:site_name\" content=\"dev6 Erresse\" \/>\n<meta property=\"og:image\" content=\"https:\/\/interpim.erresse-shop.it\/wp-content\/uploads\/2022\/12\/JOSEPH-JOSEPH-Elevate\u2122-5-coltelli-a-Giostra-Verde.jpg\/joseph-joseph-elevate-e2-84-a2-5-coltelli-a-giostra-verde.jpg\" \/><meta property=\"og:image\" content=\"https:\/\/interpim.erresse-shop.it\/wp-content\/uploads\/2022\/12\/JOSEPH-JOSEPH-Elevate\u2122-5-coltelli-a-Giostra-Verde.jpg\/joseph-joseph-elevate-e2-84-a2-5-coltelli-a-giostra-verde.jpg\" \/>\n\t<meta property=\"og:image:width\" content=\"1024\" \/>\n\t<meta property=\"og:image:height\" content=\"1024\" \/>\n\t<meta property=\"og:image:type\" content=\"image\/jpeg\" \/>\n<meta name=\"twitter:card\" content=\"summary_large_image\" \/>\n<meta name=\"twitter:image\" content=\"https:\/\/interpim.erresse-shop.it\/wp-content\/uploads\/2022\/12\/JOSEPH-JOSEPH-Elevate\u2122-5-coltelli-a-Giostra-Verde.jpg\/joseph-joseph-elevate-e2-84-a2-5-coltelli-a-giostra-verde.jpg\" \/>\n<script type=\"application\/ld+json\" class=\"yoast-schema-graph\">{\"@context\":\"https:\/\/schema.org\",\"@graph\":[{\"@type\":\"WebPage\",\"@id\":\"https:\/\/dev6.erresse-shop.it\/de\/shop\/kuche\/messer\/kuechenmesser\/joseph-joseph-elevate-5-karussell-messer-gruen\/\",\"url\":\"https:\/\/dev6.erresse-shop.it\/de\/shop\/kuche\/messer\/kuechenmesser\/joseph-joseph-elevate-5-karussell-messer-gruen\/\",\"name\":\"JOSEPH JOSEPH Elevate\u2122 5 Karussell-Messer Gr\u00fcn - dev6 Erresse\",\"isPartOf\":{\"@id\":\"https:\/\/dev6.erresse-shop.it\/#website\"},\"primaryImageOfPage\":{\"@id\":\"https:\/\/dev6.erresse-shop.it\/de\/shop\/kuche\/messer\/kuechenmesser\/joseph-joseph-elevate-5-karussell-messer-gruen\/#primaryimage\"},\"image\":{\"@id\":\"https:\/\/dev6.erresse-shop.it\/de\/shop\/kuche\/messer\/kuechenmesser\/joseph-joseph-elevate-5-karussell-messer-gruen\/#primaryimage\"},\"thumbnailUrl\":\"https:\/\/i2.wp.com\/interpim.erresse-shop.it\/wp-content\/uploads\/2022\/12\/JOSEPH-JOSEPH-Elevate\u2122-5-coltelli-a-Giostra-Verde.jpg\/joseph-joseph-elevate-e2-84-a2-5-coltelli-a-giostra-verde.jpg?ssl=1\",\"datePublished\":\"2026-04-12T07:16:37+00:00\",\"description\":\"Produktmerkmale Alle diese Messer sind aus japanischem rostfreiem Stahl gefertigt und k\u00f6nnen leicht aus dem rotierenden Messer ausgew\u00e4hlt werden, auch\",\"breadcrumb\":{\"@id\":\"https:\/\/dev6.erresse-shop.it\/de\/shop\/kuche\/messer\/kuechenmesser\/joseph-joseph-elevate-5-karussell-messer-gruen\/#breadcrumb\"},\"inLanguage\":\"de\",\"potentialAction\":[{\"@type\":\"ReadAction\",\"target\":[\"https:\/\/dev6.erresse-shop.it\/de\/shop\/kuche\/messer\/kuechenmesser\/joseph-joseph-elevate-5-karussell-messer-gruen\/\"]}]},{\"@type\":\"ImageObject\",\"inLanguage\":\"de\",\"@id\":\"https:\/\/dev6.erresse-shop.it\/de\/shop\/kuche\/messer\/kuechenmesser\/joseph-joseph-elevate-5-karussell-messer-gruen\/#primaryimage\",\"url\":\"https:\/\/i2.wp.com\/interpim.erresse-shop.it\/wp-content\/uploads\/2022\/12\/JOSEPH-JOSEPH-Elevate\u2122-5-coltelli-a-Giostra-Verde.jpg\/joseph-joseph-elevate-e2-84-a2-5-coltelli-a-giostra-verde.jpg?ssl=1\",\"contentUrl\":\"https:\/\/i2.wp.com\/interpim.erresse-shop.it\/wp-content\/uploads\/2022\/12\/JOSEPH-JOSEPH-Elevate\u2122-5-coltelli-a-Giostra-Verde.jpg\/joseph-joseph-elevate-e2-84-a2-5-coltelli-a-giostra-verde.jpg?ssl=1\"},{\"@type\":\"BreadcrumbList\",\"@id\":\"https:\/\/dev6.erresse-shop.it\/de\/shop\/kuche\/messer\/kuechenmesser\/joseph-joseph-elevate-5-karussell-messer-gruen\/#breadcrumb\",\"itemListElement\":[{\"@type\":\"ListItem\",\"position\":1,\"name\":\"Home\",\"item\":\"https:\/\/dev6.erresse-shop.it\/\"},{\"@type\":\"ListItem\",\"position\":2,\"name\":\"Shop\",\"item\":\"https:\/\/dev6.erresse-shop.it\/shop\/\"},{\"@type\":\"ListItem\",\"position\":3,\"name\":\"JOSEPH JOSEPH Elevate\u2122 5 Karussell-Messer Gr\u00fcn\"}]},{\"@type\":\"WebSite\",\"@id\":\"https:\/\/dev6.erresse-shop.it\/#website\",\"url\":\"https:\/\/dev6.erresse-shop.it\/\",\"name\":\"Erresse Shop\",\"description\":\"\",\"publisher\":{\"@id\":\"https:\/\/dev6.erresse-shop.it\/#organization\"},\"potentialAction\":[{\"@type\":\"SearchAction\",\"target\":{\"@type\":\"EntryPoint\",\"urlTemplate\":\"https:\/\/dev6.erresse-shop.it\/?s={search_term_string}\"},\"query-input\":{\"@type\":\"PropertyValueSpecification\",\"valueRequired\":true,\"valueName\":\"search_term_string\"}}],\"inLanguage\":\"de\"},{\"@type\":\"Organization\",\"@id\":\"https:\/\/dev6.erresse-shop.it\/#organization\",\"name\":\"Erresse Shop\",\"url\":\"https:\/\/dev6.erresse-shop.it\/\",\"logo\":{\"@type\":\"ImageObject\",\"inLanguage\":\"de\",\"@id\":\"https:\/\/dev6.erresse-shop.it\/#\/schema\/logo\/image\/\",\"url\":\"https:\/\/dev6.erresse-shop.it\/wp-content\/uploads\/2025\/01\/LOGO-ERRESSE-CLASSICO.svg\",\"contentUrl\":\"https:\/\/dev6.erresse-shop.it\/wp-content\/uploads\/2025\/01\/LOGO-ERRESSE-CLASSICO.svg\",\"caption\":\"Erresse Shop\"},\"image\":{\"@id\":\"https:\/\/dev6.erresse-shop.it\/#\/schema\/logo\/image\/\"}}]}<\/script>\n<!-- \/ Yoast SEO plugin. -->","yoast_head_json":{"title":"JOSEPH JOSEPH Elevate\u2122 5 Karussell-Messer Gr\u00fcn - dev6 Erresse","description":"Produktmerkmale Alle diese Messer sind aus japanischem rostfreiem Stahl gefertigt und k\u00f6nnen leicht aus dem rotierenden Messer ausgew\u00e4hlt werden, auch","robots":{"index":"noindex","follow":"follow","max-snippet":"max-snippet:-1","max-image-preview":"max-image-preview:large","max-video-preview":"max-video-preview:-1"},"og_locale":"de_DE","og_type":"article","og_title":"JOSEPH JOSEPH Elevate\u2122 5 Karussell-Messer Gr\u00fcn - dev6 Erresse","og_description":"Produktmerkmale Alle diese Messer sind aus japanischem rostfreiem Stahl gefertigt und k\u00f6nnen leicht aus dem rotierenden Messer ausgew\u00e4hlt werden, auch","og_url":"https:\/\/dev6.erresse-shop.it\/de\/shop\/kuche\/messer\/kuechenmesser\/joseph-joseph-elevate-5-karussell-messer-gruen\/","og_site_name":"dev6 Erresse","og_image":[{"url":"https:\/\/interpim.erresse-shop.it\/wp-content\/uploads\/2022\/12\/JOSEPH-JOSEPH-Elevate\u2122-5-coltelli-a-Giostra-Verde.jpg\/joseph-joseph-elevate-e2-84-a2-5-coltelli-a-giostra-verde.jpg","type":"","width":"","height":""},{"url":"https:\/\/interpim.erresse-shop.it\/wp-content\/uploads\/2022\/12\/JOSEPH-JOSEPH-Elevate\u2122-5-coltelli-a-Giostra-Verde.jpg\/joseph-joseph-elevate-e2-84-a2-5-coltelli-a-giostra-verde.jpg","width":1024,"height":1024,"type":"image\/jpeg"}],"twitter_card":"summary_large_image","twitter_image":"https:\/\/interpim.erresse-shop.it\/wp-content\/uploads\/2022\/12\/JOSEPH-JOSEPH-Elevate\u2122-5-coltelli-a-Giostra-Verde.jpg\/joseph-joseph-elevate-e2-84-a2-5-coltelli-a-giostra-verde.jpg","schema":{"@context":"https:\/\/schema.org","@graph":[{"@type":"WebPage","@id":"https:\/\/dev6.erresse-shop.it\/de\/shop\/kuche\/messer\/kuechenmesser\/joseph-joseph-elevate-5-karussell-messer-gruen\/","url":"https:\/\/dev6.erresse-shop.it\/de\/shop\/kuche\/messer\/kuechenmesser\/joseph-joseph-elevate-5-karussell-messer-gruen\/","name":"JOSEPH JOSEPH Elevate\u2122 5 Karussell-Messer Gr\u00fcn - dev6 Erresse","isPartOf":{"@id":"https:\/\/dev6.erresse-shop.it\/#website"},"primaryImageOfPage":{"@id":"https:\/\/dev6.erresse-shop.it\/de\/shop\/kuche\/messer\/kuechenmesser\/joseph-joseph-elevate-5-karussell-messer-gruen\/#primaryimage"},"image":{"@id":"https:\/\/dev6.erresse-shop.it\/de\/shop\/kuche\/messer\/kuechenmesser\/joseph-joseph-elevate-5-karussell-messer-gruen\/#primaryimage"},"thumbnailUrl":"https:\/\/i2.wp.com\/interpim.erresse-shop.it\/wp-content\/uploads\/2022\/12\/JOSEPH-JOSEPH-Elevate\u2122-5-coltelli-a-Giostra-Verde.jpg\/joseph-joseph-elevate-e2-84-a2-5-coltelli-a-giostra-verde.jpg?ssl=1","datePublished":"2026-04-12T07:16:37+00:00","description":"Produktmerkmale Alle diese Messer sind aus japanischem rostfreiem Stahl gefertigt und k\u00f6nnen leicht aus dem rotierenden Messer ausgew\u00e4hlt werden, auch","breadcrumb":{"@id":"https:\/\/dev6.erresse-shop.it\/de\/shop\/kuche\/messer\/kuechenmesser\/joseph-joseph-elevate-5-karussell-messer-gruen\/#breadcrumb"},"inLanguage":"de","potentialAction":[{"@type":"ReadAction","target":["https:\/\/dev6.erresse-shop.it\/de\/shop\/kuche\/messer\/kuechenmesser\/joseph-joseph-elevate-5-karussell-messer-gruen\/"]}]},{"@type":"ImageObject","inLanguage":"de","@id":"https:\/\/dev6.erresse-shop.it\/de\/shop\/kuche\/messer\/kuechenmesser\/joseph-joseph-elevate-5-karussell-messer-gruen\/#primaryimage","url":"https:\/\/i2.wp.com\/interpim.erresse-shop.it\/wp-content\/uploads\/2022\/12\/JOSEPH-JOSEPH-Elevate\u2122-5-coltelli-a-Giostra-Verde.jpg\/joseph-joseph-elevate-e2-84-a2-5-coltelli-a-giostra-verde.jpg?ssl=1","contentUrl":"https:\/\/i2.wp.com\/interpim.erresse-shop.it\/wp-content\/uploads\/2022\/12\/JOSEPH-JOSEPH-Elevate\u2122-5-coltelli-a-Giostra-Verde.jpg\/joseph-joseph-elevate-e2-84-a2-5-coltelli-a-giostra-verde.jpg?ssl=1"},{"@type":"BreadcrumbList","@id":"https:\/\/dev6.erresse-shop.it\/de\/shop\/kuche\/messer\/kuechenmesser\/joseph-joseph-elevate-5-karussell-messer-gruen\/#breadcrumb","itemListElement":[{"@type":"ListItem","position":1,"name":"Home","item":"https:\/\/dev6.erresse-shop.it\/"},{"@type":"ListItem","position":2,"name":"Shop","item":"https:\/\/dev6.erresse-shop.it\/shop\/"},{"@type":"ListItem","position":3,"name":"JOSEPH JOSEPH Elevate\u2122 5 Karussell-Messer Gr\u00fcn"}]},{"@type":"WebSite","@id":"https:\/\/dev6.erresse-shop.it\/#website","url":"https:\/\/dev6.erresse-shop.it\/","name":"Erresse Shop","description":"","publisher":{"@id":"https:\/\/dev6.erresse-shop.it\/#organization"},"potentialAction":[{"@type":"SearchAction","target":{"@type":"EntryPoint","urlTemplate":"https:\/\/dev6.erresse-shop.it\/?s={search_term_string}"},"query-input":{"@type":"PropertyValueSpecification","valueRequired":true,"valueName":"search_term_string"}}],"inLanguage":"de"},{"@type":"Organization","@id":"https:\/\/dev6.erresse-shop.it\/#organization","name":"Erresse Shop","url":"https:\/\/dev6.erresse-shop.it\/","logo":{"@type":"ImageObject","inLanguage":"de","@id":"https:\/\/dev6.erresse-shop.it\/#\/schema\/logo\/image\/","url":"https:\/\/dev6.erresse-shop.it\/wp-content\/uploads\/2025\/01\/LOGO-ERRESSE-CLASSICO.svg","contentUrl":"https:\/\/dev6.erresse-shop.it\/wp-content\/uploads\/2025\/01\/LOGO-ERRESSE-CLASSICO.svg","caption":"Erresse Shop"},"image":{"@id":"https:\/\/dev6.erresse-shop.it\/#\/schema\/logo\/image\/"}}]}},"df_price":89.95,"df_sale_price":89.95,"df_regular_price":109.99,"df_image_link":"https:\/\/i2.wp.com\/interpim.erresse-shop.it\/wp-content\/uploads\/2022\/12\/JOSEPH-JOSEPH-Elevate\u2122-5-coltelli-a-Giostra-Verde.jpg\/joseph-joseph-elevate-e2-84-a2-5-coltelli-a-giostra-verde.jpg?resize=300,300&ssl=1","fifu_image_url":"https:\/\/interpim.erresse-shop.it\/wp-content\/uploads\/2022\/12\/JOSEPH-JOSEPH-Elevate\u2122-5-coltelli-a-Giostra-Verde.jpg\/joseph-joseph-elevate-e2-84-a2-5-coltelli-a-giostra-verde.jpg","_links":{"self":[{"href":"https:\/\/dev6.erresse-shop.it\/de\/wp-json\/wp\/v2\/product\/51714","targetHints":{"allow":["GET"]}}],"collection":[{"href":"https:\/\/dev6.erresse-shop.it\/de\/wp-json\/wp\/v2\/product"}],"about":[{"href":"https:\/\/dev6.erresse-shop.it\/de\/wp-json\/wp\/v2\/types\/product"}],"wp:featuredmedia":[{"embeddable":true,"href":"https:\/\/dev6.erresse-shop.it\/de\/wp-json\/wp\/v2\/media\/6358816"}],"wp:attachment":[{"href":"https:\/\/dev6.erresse-shop.it\/de\/wp-json\/wp\/v2\/media?parent=51714"}],"wp:term":[{"taxonomy":"product_cat","embeddable":true,"href":"https:\/\/dev6.erresse-shop.it\/de\/wp-json\/wp\/v2\/product_cat?post=51714"},{"taxonomy":"product_tag","embeddable":true,"href":"https:\/\/dev6.erresse-shop.it\/de\/wp-json\/wp\/v2\/product_tag?post=51714"}],"curies":[{"name":"wp","href":"https:\/\/api.w.org\/{rel}","templated":true}]}}