{"id":51710,"date":"2026-04-10T09:55:17","date_gmt":"2026-04-10T07:55:17","guid":{"rendered":"https:\/\/dev6.erresse-shop.it\/shop\/unkategorisiert\/joseph-joseph-nest-prepstore-4er-set-ruehrschuesseln-aus-stahl\/"},"modified":"2025-12-08T17:46:27","modified_gmt":"2025-12-08T16:46:27","slug":"joseph-joseph-nest-prepstore-4er-set-ruehrschuesseln-aus-stahl","status":"publish","type":"product","link":"https:\/\/dev6.erresse-shop.it\/de\/shop\/tisch\/koerbe-und-schalen\/joseph-joseph-nest-prepstore-4er-set-ruehrschuesseln-aus-stahl\/","title":{"rendered":"JOSEPH JOSEPH Nest\u2122 Prep&#038;Store 4er-Set R\u00fchrsch\u00fcsseln aus Stahl"},"content":{"rendered":"<p>Produktmerkmale<\/p>\n<p>Jede der Edelstahlsch\u00fcsseln in diesem 4-teiligen Set wird mit einem eigenen Silikondeckel geliefert, so dass Sie die Speisen problemlos im Voraus zubereiten und bis zum Gebrauch aufbewahren k\u00f6nnen.<\/p>\n<p>Hergestellt aus hochwertigem 18\/8-Edelstahl<br \/>\nSchalen aus rostfreiem Stahl f\u00e4rben nicht ab und nehmen keine Ger\u00fcche an<br \/>\nSchalen passen platzsparend ineinander<br \/>\nDeckel sind leicht zu identifizieren und zu montieren<br \/>\nRutschfeste St\u00fctzen<br \/>\nSchalengr\u00f6\u00dfen: 5 L (169 oz), 3,8 L (128 oz), 2,1 L (71 oz) und 1,2 L (40 oz)<br \/>\nVorsichtsma\u00dfnahmen und Verwendung:<br \/>\nSp\u00fclmaschinenfest (nur Deckel des oberen Fachs)<br \/>\nUm Kratzer zu vermeiden, verwenden Sie zur Reinigung keine<br \/>\nMetallwerkzeuge oder Schw\u00e4mme.<\/p>\n<p>Abmessungen:<br \/>\nH13,6 x B28,5 x T28,5 cm (H5\u00bd x L11\u00bc x T11\u00bc Zoll)<\/p>\n<p>Entworfen von Morph f\u00fcr Joseph Joseph<\/p>\n","protected":false},"excerpt":{"rendered":"<p>Produktmerkmale Jede der Edelstahlsch\u00fcsseln in diesem 4-teiligen Set wird mit einem eigenen Silikondeckel geliefert, so dass Sie die Speisen problemlos im Voraus zubereiten und bis zum Gebrauch aufbewahren k\u00f6nnen. Hergestellt aus hochwertigem 18\/8-Edelstahl Schalen aus rostfreiem Stahl f\u00e4rben nicht ab und nehmen keine Ger\u00fcche an Schalen passen platzsparend ineinander Deckel sind leicht zu identifizieren und [&hellip;]<\/p>\n","protected":false},"featured_media":6317155,"template":"","meta":{"_acf_changed":false},"product_cat":[12123,11671,12103],"product_tag":[],"class_list":{"0":"post-51710","1":"product","2":"type-product","3":"status-publish","4":"has-post-thumbnail","6":"product_cat-koerbe-und-schalen","7":"product_cat-tavola","8":"product_cat-tisch","10":"first","11":"outofstock","12":"sale","13":"taxable","14":"shipping-taxable","15":"purchasable","16":"product-type-simple","swatches":"rey-swatches","show_selected":"","stretch_labels":"rey-swatches--stretch-labels"},"acf":[],"yoast_head":"<!-- This site is optimized with the Yoast SEO plugin v25.4 - https:\/\/yoast.com\/wordpress\/plugins\/seo\/ -->\n<title>JOSEPH JOSEPH Nest\u2122 Prep&#038;Store 4er-Set R\u00fchrsch\u00fcsseln aus Stahl - dev6 Erresse<\/title>\n<meta name=\"description\" content=\"Produktmerkmale Jede der Edelstahlsch\u00fcsseln in diesem 4-teiligen Set wird mit einem eigenen Silikondeckel geliefert, so dass Sie die Speisen problemlos im\" \/>\n<meta name=\"robots\" content=\"noindex, follow, max-snippet:-1, max-image-preview:large, max-video-preview:-1\" \/>\n<meta property=\"og:locale\" content=\"de_DE\" \/>\n<meta property=\"og:type\" content=\"article\" \/>\n<meta property=\"og:title\" content=\"JOSEPH JOSEPH Nest\u2122 Prep&#038;Store 4er-Set R\u00fchrsch\u00fcsseln aus Stahl - dev6 Erresse\" \/>\n<meta property=\"og:description\" content=\"Produktmerkmale Jede der Edelstahlsch\u00fcsseln in diesem 4-teiligen Set wird mit einem eigenen Silikondeckel geliefert, so dass Sie die Speisen problemlos im\" \/>\n<meta property=\"og:url\" content=\"https:\/\/dev6.erresse-shop.it\/de\/shop\/tisch\/koerbe-und-schalen\/joseph-joseph-nest-prepstore-4er-set-ruehrschuesseln-aus-stahl\/\" \/>\n<meta property=\"og:site_name\" content=\"dev6 Erresse\" \/>\n<meta property=\"og:image\" content=\"https:\/\/interpim.erresse-shop.it\/Import\/Prodotti\/joseph-joseph-nest-prepstore-set-di-4-ciotole-per-impastare-in-acciaio.jpg\" \/><meta property=\"og:image\" content=\"https:\/\/interpim.erresse-shop.it\/Import\/Prodotti\/joseph-joseph-nest-prepstore-set-di-4-ciotole-per-impastare-in-acciaio.jpg\" \/>\n\t<meta property=\"og:image:width\" content=\"1024\" \/>\n\t<meta property=\"og:image:height\" content=\"1024\" \/>\n\t<meta property=\"og:image:type\" content=\"image\/jpeg\" \/>\n<meta name=\"twitter:card\" content=\"summary_large_image\" \/>\n<meta name=\"twitter:image\" content=\"https:\/\/interpim.erresse-shop.it\/Import\/Prodotti\/joseph-joseph-nest-prepstore-set-di-4-ciotole-per-impastare-in-acciaio.jpg\" \/>\n<script type=\"application\/ld+json\" class=\"yoast-schema-graph\">{\"@context\":\"https:\/\/schema.org\",\"@graph\":[{\"@type\":\"WebPage\",\"@id\":\"https:\/\/dev6.erresse-shop.it\/de\/shop\/tisch\/koerbe-und-schalen\/joseph-joseph-nest-prepstore-4er-set-ruehrschuesseln-aus-stahl\/\",\"url\":\"https:\/\/dev6.erresse-shop.it\/de\/shop\/tisch\/koerbe-und-schalen\/joseph-joseph-nest-prepstore-4er-set-ruehrschuesseln-aus-stahl\/\",\"name\":\"JOSEPH JOSEPH Nest\u2122 Prep&#038;Store 4er-Set R\u00fchrsch\u00fcsseln aus Stahl - dev6 Erresse\",\"isPartOf\":{\"@id\":\"https:\/\/dev6.erresse-shop.it\/#website\"},\"primaryImageOfPage\":{\"@id\":\"https:\/\/dev6.erresse-shop.it\/de\/shop\/tisch\/koerbe-und-schalen\/joseph-joseph-nest-prepstore-4er-set-ruehrschuesseln-aus-stahl\/#primaryimage\"},\"image\":{\"@id\":\"https:\/\/dev6.erresse-shop.it\/de\/shop\/tisch\/koerbe-und-schalen\/joseph-joseph-nest-prepstore-4er-set-ruehrschuesseln-aus-stahl\/#primaryimage\"},\"thumbnailUrl\":\"https:\/\/i0.wp.com\/interpim.erresse-shop.it\/Import\/Prodotti\/joseph-joseph-nest-prepstore-set-di-4-ciotole-per-impastare-in-acciaio.jpg?ssl=1\",\"datePublished\":\"2026-04-10T07:55:17+00:00\",\"description\":\"Produktmerkmale Jede der Edelstahlsch\u00fcsseln in diesem 4-teiligen Set wird mit einem eigenen Silikondeckel geliefert, so dass Sie die Speisen problemlos im\",\"breadcrumb\":{\"@id\":\"https:\/\/dev6.erresse-shop.it\/de\/shop\/tisch\/koerbe-und-schalen\/joseph-joseph-nest-prepstore-4er-set-ruehrschuesseln-aus-stahl\/#breadcrumb\"},\"inLanguage\":\"de\",\"potentialAction\":[{\"@type\":\"ReadAction\",\"target\":[\"https:\/\/dev6.erresse-shop.it\/de\/shop\/tisch\/koerbe-und-schalen\/joseph-joseph-nest-prepstore-4er-set-ruehrschuesseln-aus-stahl\/\"]}]},{\"@type\":\"ImageObject\",\"inLanguage\":\"de\",\"@id\":\"https:\/\/dev6.erresse-shop.it\/de\/shop\/tisch\/koerbe-und-schalen\/joseph-joseph-nest-prepstore-4er-set-ruehrschuesseln-aus-stahl\/#primaryimage\",\"url\":\"https:\/\/i0.wp.com\/interpim.erresse-shop.it\/Import\/Prodotti\/joseph-joseph-nest-prepstore-set-di-4-ciotole-per-impastare-in-acciaio.jpg?ssl=1\",\"contentUrl\":\"https:\/\/i0.wp.com\/interpim.erresse-shop.it\/Import\/Prodotti\/joseph-joseph-nest-prepstore-set-di-4-ciotole-per-impastare-in-acciaio.jpg?ssl=1\"},{\"@type\":\"BreadcrumbList\",\"@id\":\"https:\/\/dev6.erresse-shop.it\/de\/shop\/tisch\/koerbe-und-schalen\/joseph-joseph-nest-prepstore-4er-set-ruehrschuesseln-aus-stahl\/#breadcrumb\",\"itemListElement\":[{\"@type\":\"ListItem\",\"position\":1,\"name\":\"Home\",\"item\":\"https:\/\/dev6.erresse-shop.it\/\"},{\"@type\":\"ListItem\",\"position\":2,\"name\":\"Shop\",\"item\":\"https:\/\/dev6.erresse-shop.it\/shop\/\"},{\"@type\":\"ListItem\",\"position\":3,\"name\":\"JOSEPH JOSEPH Nest\u2122 Prep&#038;Store 4er-Set R\u00fchrsch\u00fcsseln aus Stahl\"}]},{\"@type\":\"WebSite\",\"@id\":\"https:\/\/dev6.erresse-shop.it\/#website\",\"url\":\"https:\/\/dev6.erresse-shop.it\/\",\"name\":\"Erresse Shop\",\"description\":\"\",\"publisher\":{\"@id\":\"https:\/\/dev6.erresse-shop.it\/#organization\"},\"potentialAction\":[{\"@type\":\"SearchAction\",\"target\":{\"@type\":\"EntryPoint\",\"urlTemplate\":\"https:\/\/dev6.erresse-shop.it\/?s={search_term_string}\"},\"query-input\":{\"@type\":\"PropertyValueSpecification\",\"valueRequired\":true,\"valueName\":\"search_term_string\"}}],\"inLanguage\":\"de\"},{\"@type\":\"Organization\",\"@id\":\"https:\/\/dev6.erresse-shop.it\/#organization\",\"name\":\"Erresse Shop\",\"url\":\"https:\/\/dev6.erresse-shop.it\/\",\"logo\":{\"@type\":\"ImageObject\",\"inLanguage\":\"de\",\"@id\":\"https:\/\/dev6.erresse-shop.it\/#\/schema\/logo\/image\/\",\"url\":\"https:\/\/dev6.erresse-shop.it\/wp-content\/uploads\/2025\/01\/LOGO-ERRESSE-CLASSICO.svg\",\"contentUrl\":\"https:\/\/dev6.erresse-shop.it\/wp-content\/uploads\/2025\/01\/LOGO-ERRESSE-CLASSICO.svg\",\"caption\":\"Erresse Shop\"},\"image\":{\"@id\":\"https:\/\/dev6.erresse-shop.it\/#\/schema\/logo\/image\/\"}}]}<\/script>\n<!-- \/ Yoast SEO plugin. -->","yoast_head_json":{"title":"JOSEPH JOSEPH Nest\u2122 Prep&#038;Store 4er-Set R\u00fchrsch\u00fcsseln aus Stahl - dev6 Erresse","description":"Produktmerkmale Jede der Edelstahlsch\u00fcsseln in diesem 4-teiligen Set wird mit einem eigenen Silikondeckel geliefert, so dass Sie die Speisen problemlos im","robots":{"index":"noindex","follow":"follow","max-snippet":"max-snippet:-1","max-image-preview":"max-image-preview:large","max-video-preview":"max-video-preview:-1"},"og_locale":"de_DE","og_type":"article","og_title":"JOSEPH JOSEPH Nest\u2122 Prep&#038;Store 4er-Set R\u00fchrsch\u00fcsseln aus Stahl - dev6 Erresse","og_description":"Produktmerkmale Jede der Edelstahlsch\u00fcsseln in diesem 4-teiligen Set wird mit einem eigenen Silikondeckel geliefert, so dass Sie die Speisen problemlos im","og_url":"https:\/\/dev6.erresse-shop.it\/de\/shop\/tisch\/koerbe-und-schalen\/joseph-joseph-nest-prepstore-4er-set-ruehrschuesseln-aus-stahl\/","og_site_name":"dev6 Erresse","og_image":[{"url":"https:\/\/interpim.erresse-shop.it\/Import\/Prodotti\/joseph-joseph-nest-prepstore-set-di-4-ciotole-per-impastare-in-acciaio.jpg","type":"","width":"","height":""},{"url":"https:\/\/interpim.erresse-shop.it\/Import\/Prodotti\/joseph-joseph-nest-prepstore-set-di-4-ciotole-per-impastare-in-acciaio.jpg","width":1024,"height":1024,"type":"image\/jpeg"}],"twitter_card":"summary_large_image","twitter_image":"https:\/\/interpim.erresse-shop.it\/Import\/Prodotti\/joseph-joseph-nest-prepstore-set-di-4-ciotole-per-impastare-in-acciaio.jpg","schema":{"@context":"https:\/\/schema.org","@graph":[{"@type":"WebPage","@id":"https:\/\/dev6.erresse-shop.it\/de\/shop\/tisch\/koerbe-und-schalen\/joseph-joseph-nest-prepstore-4er-set-ruehrschuesseln-aus-stahl\/","url":"https:\/\/dev6.erresse-shop.it\/de\/shop\/tisch\/koerbe-und-schalen\/joseph-joseph-nest-prepstore-4er-set-ruehrschuesseln-aus-stahl\/","name":"JOSEPH JOSEPH Nest\u2122 Prep&#038;Store 4er-Set R\u00fchrsch\u00fcsseln aus Stahl - dev6 Erresse","isPartOf":{"@id":"https:\/\/dev6.erresse-shop.it\/#website"},"primaryImageOfPage":{"@id":"https:\/\/dev6.erresse-shop.it\/de\/shop\/tisch\/koerbe-und-schalen\/joseph-joseph-nest-prepstore-4er-set-ruehrschuesseln-aus-stahl\/#primaryimage"},"image":{"@id":"https:\/\/dev6.erresse-shop.it\/de\/shop\/tisch\/koerbe-und-schalen\/joseph-joseph-nest-prepstore-4er-set-ruehrschuesseln-aus-stahl\/#primaryimage"},"thumbnailUrl":"https:\/\/i0.wp.com\/interpim.erresse-shop.it\/Import\/Prodotti\/joseph-joseph-nest-prepstore-set-di-4-ciotole-per-impastare-in-acciaio.jpg?ssl=1","datePublished":"2026-04-10T07:55:17+00:00","description":"Produktmerkmale Jede der Edelstahlsch\u00fcsseln in diesem 4-teiligen Set wird mit einem eigenen Silikondeckel geliefert, so dass Sie die Speisen problemlos im","breadcrumb":{"@id":"https:\/\/dev6.erresse-shop.it\/de\/shop\/tisch\/koerbe-und-schalen\/joseph-joseph-nest-prepstore-4er-set-ruehrschuesseln-aus-stahl\/#breadcrumb"},"inLanguage":"de","potentialAction":[{"@type":"ReadAction","target":["https:\/\/dev6.erresse-shop.it\/de\/shop\/tisch\/koerbe-und-schalen\/joseph-joseph-nest-prepstore-4er-set-ruehrschuesseln-aus-stahl\/"]}]},{"@type":"ImageObject","inLanguage":"de","@id":"https:\/\/dev6.erresse-shop.it\/de\/shop\/tisch\/koerbe-und-schalen\/joseph-joseph-nest-prepstore-4er-set-ruehrschuesseln-aus-stahl\/#primaryimage","url":"https:\/\/i0.wp.com\/interpim.erresse-shop.it\/Import\/Prodotti\/joseph-joseph-nest-prepstore-set-di-4-ciotole-per-impastare-in-acciaio.jpg?ssl=1","contentUrl":"https:\/\/i0.wp.com\/interpim.erresse-shop.it\/Import\/Prodotti\/joseph-joseph-nest-prepstore-set-di-4-ciotole-per-impastare-in-acciaio.jpg?ssl=1"},{"@type":"BreadcrumbList","@id":"https:\/\/dev6.erresse-shop.it\/de\/shop\/tisch\/koerbe-und-schalen\/joseph-joseph-nest-prepstore-4er-set-ruehrschuesseln-aus-stahl\/#breadcrumb","itemListElement":[{"@type":"ListItem","position":1,"name":"Home","item":"https:\/\/dev6.erresse-shop.it\/"},{"@type":"ListItem","position":2,"name":"Shop","item":"https:\/\/dev6.erresse-shop.it\/shop\/"},{"@type":"ListItem","position":3,"name":"JOSEPH JOSEPH Nest\u2122 Prep&#038;Store 4er-Set R\u00fchrsch\u00fcsseln aus Stahl"}]},{"@type":"WebSite","@id":"https:\/\/dev6.erresse-shop.it\/#website","url":"https:\/\/dev6.erresse-shop.it\/","name":"Erresse Shop","description":"","publisher":{"@id":"https:\/\/dev6.erresse-shop.it\/#organization"},"potentialAction":[{"@type":"SearchAction","target":{"@type":"EntryPoint","urlTemplate":"https:\/\/dev6.erresse-shop.it\/?s={search_term_string}"},"query-input":{"@type":"PropertyValueSpecification","valueRequired":true,"valueName":"search_term_string"}}],"inLanguage":"de"},{"@type":"Organization","@id":"https:\/\/dev6.erresse-shop.it\/#organization","name":"Erresse Shop","url":"https:\/\/dev6.erresse-shop.it\/","logo":{"@type":"ImageObject","inLanguage":"de","@id":"https:\/\/dev6.erresse-shop.it\/#\/schema\/logo\/image\/","url":"https:\/\/dev6.erresse-shop.it\/wp-content\/uploads\/2025\/01\/LOGO-ERRESSE-CLASSICO.svg","contentUrl":"https:\/\/dev6.erresse-shop.it\/wp-content\/uploads\/2025\/01\/LOGO-ERRESSE-CLASSICO.svg","caption":"Erresse Shop"},"image":{"@id":"https:\/\/dev6.erresse-shop.it\/#\/schema\/logo\/image\/"}}]}},"df_price":76.95,"df_sale_price":76.95,"df_regular_price":99.99,"df_image_link":"https:\/\/i0.wp.com\/interpim.erresse-shop.it\/Import\/Prodotti\/joseph-joseph-nest-prepstore-set-di-4-ciotole-per-impastare-in-acciaio.jpg?resize=300,300&ssl=1","fifu_image_url":"https:\/\/interpim.erresse-shop.it\/Import\/Prodotti\/joseph-joseph-nest-prepstore-set-di-4-ciotole-per-impastare-in-acciaio.jpg","_links":{"self":[{"href":"https:\/\/dev6.erresse-shop.it\/de\/wp-json\/wp\/v2\/product\/51710","targetHints":{"allow":["GET"]}}],"collection":[{"href":"https:\/\/dev6.erresse-shop.it\/de\/wp-json\/wp\/v2\/product"}],"about":[{"href":"https:\/\/dev6.erresse-shop.it\/de\/wp-json\/wp\/v2\/types\/product"}],"wp:featuredmedia":[{"embeddable":true,"href":"https:\/\/dev6.erresse-shop.it\/de\/wp-json\/wp\/v2\/media\/6317155"}],"wp:attachment":[{"href":"https:\/\/dev6.erresse-shop.it\/de\/wp-json\/wp\/v2\/media?parent=51710"}],"wp:term":[{"taxonomy":"product_cat","embeddable":true,"href":"https:\/\/dev6.erresse-shop.it\/de\/wp-json\/wp\/v2\/product_cat?post=51710"},{"taxonomy":"product_tag","embeddable":true,"href":"https:\/\/dev6.erresse-shop.it\/de\/wp-json\/wp\/v2\/product_tag?post=51710"}],"curies":[{"name":"wp","href":"https:\/\/api.w.org\/{rel}","templated":true}]}}