{"id":51706,"date":"2026-04-12T09:16:37","date_gmt":"2026-04-12T07:16:37","guid":{"rendered":"https:\/\/dev6.erresse-shop.it\/shop\/unkategorisiert\/joseph-joseph-nest-9-plus-kompakt-knetschuessel-set\/"},"modified":"2025-12-08T17:46:26","modified_gmt":"2025-12-08T16:46:26","slug":"joseph-joseph-nest-9-plus-kompakt-knetschuessel-set","status":"publish","type":"product","link":"https:\/\/dev6.erresse-shop.it\/de\/shop\/tisch\/koerbe-und-schalen\/joseph-joseph-nest-9-plus-kompakt-knetschuessel-set\/","title":{"rendered":"JOSEPH JOSEPH Nest\u2122 9 Plus Kompakt-Knetsch\u00fcssel-Set"},"content":{"rendered":"<p>Merkmale des Produkts:<\/p>\n<p>Dieses K\u00fcchenset mit seinem einzigartigen Design und den stapelbaren Einzelelementen nimmt nur wenig Platz ein.<br \/>\nDas Set besteht aus: 4,5-Liter-Beh\u00e4lter, 3-Liter-Sieb, 1,65-Liter-Sieb, 0,5-Liter-Sch\u00fcssel, 5 Messbecher.<\/p>\n<p>Optimales Design und Aufbewahrung<br \/>\nDer Beh\u00e4lter verf\u00fcgt \u00fcber einen rutschfesten Boden, breite Griffe und einen funktionalen Ausgie\u00dfer.<br \/>\nDie 0,5-L-Sch\u00fcssel enth\u00e4lt metrische Einheiten (ml \/ fl.oz).<br \/>\nDas Set enth\u00e4lt au\u00dferdem ein Teigsieb aus rostfreiem Stahl sowie ein gro\u00dfes Sieb.<\/p>\n<p>Vorsichtsma\u00dfnahmen &amp; Verwendung:<\/p>\n<p>Sp\u00fclmaschinenfest<\/p>\n<p>Nicht f\u00fcr die Mikrowelle geeignet<br \/>\nBPA-frei<\/p>\n<p>Abmessungen:<br \/>\nH14,5 x B28,5 x T28,5 cm (H5\u00be x B11\u00bc x T11\u00bc Zoll).<\/p>\n<p>Entworfen von Morph f\u00fcr Joseph Joseph<\/p>\n","protected":false},"excerpt":{"rendered":"<p>Merkmale des Produkts: Dieses K\u00fcchenset mit seinem einzigartigen Design und den stapelbaren Einzelelementen nimmt nur wenig Platz ein. Das Set besteht aus: 4,5-Liter-Beh\u00e4lter, 3-Liter-Sieb, 1,65-Liter-Sieb, 0,5-Liter-Sch\u00fcssel, 5 Messbecher. Optimales Design und Aufbewahrung Der Beh\u00e4lter verf\u00fcgt \u00fcber einen rutschfesten Boden, breite Griffe und einen funktionalen Ausgie\u00dfer. Die 0,5-L-Sch\u00fcssel enth\u00e4lt metrische Einheiten (ml \/ fl.oz). Das Set [&hellip;]<\/p>\n","protected":false},"featured_media":6358766,"template":"","meta":{"_acf_changed":false},"product_cat":[12123,11671,12103],"product_tag":[],"class_list":{"0":"post-51706","1":"product","2":"type-product","3":"status-publish","4":"has-post-thumbnail","6":"product_cat-koerbe-und-schalen","7":"product_cat-tavola","8":"product_cat-tisch","10":"first","11":"outofstock","12":"sale","13":"taxable","14":"shipping-taxable","15":"purchasable","16":"product-type-simple","swatches":"rey-swatches","show_selected":"","stretch_labels":"rey-swatches--stretch-labels"},"acf":[],"yoast_head":"<!-- This site is optimized with the Yoast SEO plugin v25.4 - https:\/\/yoast.com\/wordpress\/plugins\/seo\/ -->\n<title>JOSEPH JOSEPH Nest\u2122 9 Plus Kompakt-Knetsch\u00fcssel-Set - dev6 Erresse<\/title>\n<meta name=\"description\" content=\"Merkmale des Produkts: Dieses K\u00fcchenset mit seinem einzigartigen Design und den stapelbaren Einzelelementen nimmt nur wenig Platz ein. Das Set besteht\" \/>\n<meta name=\"robots\" content=\"noindex, follow, max-snippet:-1, max-image-preview:large, max-video-preview:-1\" \/>\n<meta property=\"og:locale\" content=\"de_DE\" \/>\n<meta property=\"og:type\" content=\"article\" \/>\n<meta property=\"og:title\" content=\"JOSEPH JOSEPH Nest\u2122 9 Plus Kompakt-Knetsch\u00fcssel-Set - dev6 Erresse\" \/>\n<meta property=\"og:description\" content=\"Merkmale des Produkts: Dieses K\u00fcchenset mit seinem einzigartigen Design und den stapelbaren Einzelelementen nimmt nur wenig Platz ein. Das Set besteht\" \/>\n<meta property=\"og:url\" content=\"https:\/\/dev6.erresse-shop.it\/de\/shop\/tisch\/koerbe-und-schalen\/joseph-joseph-nest-9-plus-kompakt-knetschuessel-set\/\" \/>\n<meta property=\"og:site_name\" content=\"dev6 Erresse\" \/>\n<meta property=\"og:image\" content=\"https:\/\/interpim.erresse-shop.it\/Import\/Prodotti\/joseph-joseph-nest-9-eplus-set-di-ciotole.jpg\" \/><meta property=\"og:image\" content=\"https:\/\/interpim.erresse-shop.it\/Import\/Prodotti\/joseph-joseph-nest-9-eplus-set-di-ciotole.jpg\" \/>\n\t<meta property=\"og:image:width\" content=\"1024\" \/>\n\t<meta property=\"og:image:height\" content=\"1024\" \/>\n\t<meta property=\"og:image:type\" content=\"image\/jpeg\" \/>\n<meta name=\"twitter:card\" content=\"summary_large_image\" \/>\n<meta name=\"twitter:image\" content=\"https:\/\/interpim.erresse-shop.it\/Import\/Prodotti\/joseph-joseph-nest-9-eplus-set-di-ciotole.jpg\" \/>\n<script type=\"application\/ld+json\" class=\"yoast-schema-graph\">{\"@context\":\"https:\/\/schema.org\",\"@graph\":[{\"@type\":\"WebPage\",\"@id\":\"https:\/\/dev6.erresse-shop.it\/de\/shop\/tisch\/koerbe-und-schalen\/joseph-joseph-nest-9-plus-kompakt-knetschuessel-set\/\",\"url\":\"https:\/\/dev6.erresse-shop.it\/de\/shop\/tisch\/koerbe-und-schalen\/joseph-joseph-nest-9-plus-kompakt-knetschuessel-set\/\",\"name\":\"JOSEPH JOSEPH Nest\u2122 9 Plus Kompakt-Knetsch\u00fcssel-Set - dev6 Erresse\",\"isPartOf\":{\"@id\":\"https:\/\/dev6.erresse-shop.it\/#website\"},\"primaryImageOfPage\":{\"@id\":\"https:\/\/dev6.erresse-shop.it\/de\/shop\/tisch\/koerbe-und-schalen\/joseph-joseph-nest-9-plus-kompakt-knetschuessel-set\/#primaryimage\"},\"image\":{\"@id\":\"https:\/\/dev6.erresse-shop.it\/de\/shop\/tisch\/koerbe-und-schalen\/joseph-joseph-nest-9-plus-kompakt-knetschuessel-set\/#primaryimage\"},\"thumbnailUrl\":\"https:\/\/i2.wp.com\/interpim.erresse-shop.it\/Import\/Prodotti\/joseph-joseph-nest-9-eplus-set-di-ciotole.jpg?ssl=1\",\"datePublished\":\"2026-04-12T07:16:37+00:00\",\"description\":\"Merkmale des Produkts: Dieses K\u00fcchenset mit seinem einzigartigen Design und den stapelbaren Einzelelementen nimmt nur wenig Platz ein. Das Set besteht\",\"breadcrumb\":{\"@id\":\"https:\/\/dev6.erresse-shop.it\/de\/shop\/tisch\/koerbe-und-schalen\/joseph-joseph-nest-9-plus-kompakt-knetschuessel-set\/#breadcrumb\"},\"inLanguage\":\"de\",\"potentialAction\":[{\"@type\":\"ReadAction\",\"target\":[\"https:\/\/dev6.erresse-shop.it\/de\/shop\/tisch\/koerbe-und-schalen\/joseph-joseph-nest-9-plus-kompakt-knetschuessel-set\/\"]}]},{\"@type\":\"ImageObject\",\"inLanguage\":\"de\",\"@id\":\"https:\/\/dev6.erresse-shop.it\/de\/shop\/tisch\/koerbe-und-schalen\/joseph-joseph-nest-9-plus-kompakt-knetschuessel-set\/#primaryimage\",\"url\":\"https:\/\/i2.wp.com\/interpim.erresse-shop.it\/Import\/Prodotti\/joseph-joseph-nest-9-eplus-set-di-ciotole.jpg?ssl=1\",\"contentUrl\":\"https:\/\/i2.wp.com\/interpim.erresse-shop.it\/Import\/Prodotti\/joseph-joseph-nest-9-eplus-set-di-ciotole.jpg?ssl=1\"},{\"@type\":\"BreadcrumbList\",\"@id\":\"https:\/\/dev6.erresse-shop.it\/de\/shop\/tisch\/koerbe-und-schalen\/joseph-joseph-nest-9-plus-kompakt-knetschuessel-set\/#breadcrumb\",\"itemListElement\":[{\"@type\":\"ListItem\",\"position\":1,\"name\":\"Home\",\"item\":\"https:\/\/dev6.erresse-shop.it\/\"},{\"@type\":\"ListItem\",\"position\":2,\"name\":\"Shop\",\"item\":\"https:\/\/dev6.erresse-shop.it\/shop\/\"},{\"@type\":\"ListItem\",\"position\":3,\"name\":\"JOSEPH JOSEPH Nest\u2122 9 Plus Kompakt-Knetsch\u00fcssel-Set\"}]},{\"@type\":\"WebSite\",\"@id\":\"https:\/\/dev6.erresse-shop.it\/#website\",\"url\":\"https:\/\/dev6.erresse-shop.it\/\",\"name\":\"Erresse Shop\",\"description\":\"\",\"publisher\":{\"@id\":\"https:\/\/dev6.erresse-shop.it\/#organization\"},\"potentialAction\":[{\"@type\":\"SearchAction\",\"target\":{\"@type\":\"EntryPoint\",\"urlTemplate\":\"https:\/\/dev6.erresse-shop.it\/?s={search_term_string}\"},\"query-input\":{\"@type\":\"PropertyValueSpecification\",\"valueRequired\":true,\"valueName\":\"search_term_string\"}}],\"inLanguage\":\"de\"},{\"@type\":\"Organization\",\"@id\":\"https:\/\/dev6.erresse-shop.it\/#organization\",\"name\":\"Erresse Shop\",\"url\":\"https:\/\/dev6.erresse-shop.it\/\",\"logo\":{\"@type\":\"ImageObject\",\"inLanguage\":\"de\",\"@id\":\"https:\/\/dev6.erresse-shop.it\/#\/schema\/logo\/image\/\",\"url\":\"https:\/\/dev6.erresse-shop.it\/wp-content\/uploads\/2025\/01\/LOGO-ERRESSE-CLASSICO.svg\",\"contentUrl\":\"https:\/\/dev6.erresse-shop.it\/wp-content\/uploads\/2025\/01\/LOGO-ERRESSE-CLASSICO.svg\",\"caption\":\"Erresse Shop\"},\"image\":{\"@id\":\"https:\/\/dev6.erresse-shop.it\/#\/schema\/logo\/image\/\"}}]}<\/script>\n<!-- \/ Yoast SEO plugin. -->","yoast_head_json":{"title":"JOSEPH JOSEPH Nest\u2122 9 Plus Kompakt-Knetsch\u00fcssel-Set - dev6 Erresse","description":"Merkmale des Produkts: Dieses K\u00fcchenset mit seinem einzigartigen Design und den stapelbaren Einzelelementen nimmt nur wenig Platz ein. Das Set besteht","robots":{"index":"noindex","follow":"follow","max-snippet":"max-snippet:-1","max-image-preview":"max-image-preview:large","max-video-preview":"max-video-preview:-1"},"og_locale":"de_DE","og_type":"article","og_title":"JOSEPH JOSEPH Nest\u2122 9 Plus Kompakt-Knetsch\u00fcssel-Set - dev6 Erresse","og_description":"Merkmale des Produkts: Dieses K\u00fcchenset mit seinem einzigartigen Design und den stapelbaren Einzelelementen nimmt nur wenig Platz ein. Das Set besteht","og_url":"https:\/\/dev6.erresse-shop.it\/de\/shop\/tisch\/koerbe-und-schalen\/joseph-joseph-nest-9-plus-kompakt-knetschuessel-set\/","og_site_name":"dev6 Erresse","og_image":[{"url":"https:\/\/interpim.erresse-shop.it\/Import\/Prodotti\/joseph-joseph-nest-9-eplus-set-di-ciotole.jpg","type":"","width":"","height":""},{"url":"https:\/\/interpim.erresse-shop.it\/Import\/Prodotti\/joseph-joseph-nest-9-eplus-set-di-ciotole.jpg","width":1024,"height":1024,"type":"image\/jpeg"}],"twitter_card":"summary_large_image","twitter_image":"https:\/\/interpim.erresse-shop.it\/Import\/Prodotti\/joseph-joseph-nest-9-eplus-set-di-ciotole.jpg","schema":{"@context":"https:\/\/schema.org","@graph":[{"@type":"WebPage","@id":"https:\/\/dev6.erresse-shop.it\/de\/shop\/tisch\/koerbe-und-schalen\/joseph-joseph-nest-9-plus-kompakt-knetschuessel-set\/","url":"https:\/\/dev6.erresse-shop.it\/de\/shop\/tisch\/koerbe-und-schalen\/joseph-joseph-nest-9-plus-kompakt-knetschuessel-set\/","name":"JOSEPH JOSEPH Nest\u2122 9 Plus Kompakt-Knetsch\u00fcssel-Set - dev6 Erresse","isPartOf":{"@id":"https:\/\/dev6.erresse-shop.it\/#website"},"primaryImageOfPage":{"@id":"https:\/\/dev6.erresse-shop.it\/de\/shop\/tisch\/koerbe-und-schalen\/joseph-joseph-nest-9-plus-kompakt-knetschuessel-set\/#primaryimage"},"image":{"@id":"https:\/\/dev6.erresse-shop.it\/de\/shop\/tisch\/koerbe-und-schalen\/joseph-joseph-nest-9-plus-kompakt-knetschuessel-set\/#primaryimage"},"thumbnailUrl":"https:\/\/i2.wp.com\/interpim.erresse-shop.it\/Import\/Prodotti\/joseph-joseph-nest-9-eplus-set-di-ciotole.jpg?ssl=1","datePublished":"2026-04-12T07:16:37+00:00","description":"Merkmale des Produkts: Dieses K\u00fcchenset mit seinem einzigartigen Design und den stapelbaren Einzelelementen nimmt nur wenig Platz ein. Das Set besteht","breadcrumb":{"@id":"https:\/\/dev6.erresse-shop.it\/de\/shop\/tisch\/koerbe-und-schalen\/joseph-joseph-nest-9-plus-kompakt-knetschuessel-set\/#breadcrumb"},"inLanguage":"de","potentialAction":[{"@type":"ReadAction","target":["https:\/\/dev6.erresse-shop.it\/de\/shop\/tisch\/koerbe-und-schalen\/joseph-joseph-nest-9-plus-kompakt-knetschuessel-set\/"]}]},{"@type":"ImageObject","inLanguage":"de","@id":"https:\/\/dev6.erresse-shop.it\/de\/shop\/tisch\/koerbe-und-schalen\/joseph-joseph-nest-9-plus-kompakt-knetschuessel-set\/#primaryimage","url":"https:\/\/i2.wp.com\/interpim.erresse-shop.it\/Import\/Prodotti\/joseph-joseph-nest-9-eplus-set-di-ciotole.jpg?ssl=1","contentUrl":"https:\/\/i2.wp.com\/interpim.erresse-shop.it\/Import\/Prodotti\/joseph-joseph-nest-9-eplus-set-di-ciotole.jpg?ssl=1"},{"@type":"BreadcrumbList","@id":"https:\/\/dev6.erresse-shop.it\/de\/shop\/tisch\/koerbe-und-schalen\/joseph-joseph-nest-9-plus-kompakt-knetschuessel-set\/#breadcrumb","itemListElement":[{"@type":"ListItem","position":1,"name":"Home","item":"https:\/\/dev6.erresse-shop.it\/"},{"@type":"ListItem","position":2,"name":"Shop","item":"https:\/\/dev6.erresse-shop.it\/shop\/"},{"@type":"ListItem","position":3,"name":"JOSEPH JOSEPH Nest\u2122 9 Plus Kompakt-Knetsch\u00fcssel-Set"}]},{"@type":"WebSite","@id":"https:\/\/dev6.erresse-shop.it\/#website","url":"https:\/\/dev6.erresse-shop.it\/","name":"Erresse Shop","description":"","publisher":{"@id":"https:\/\/dev6.erresse-shop.it\/#organization"},"potentialAction":[{"@type":"SearchAction","target":{"@type":"EntryPoint","urlTemplate":"https:\/\/dev6.erresse-shop.it\/?s={search_term_string}"},"query-input":{"@type":"PropertyValueSpecification","valueRequired":true,"valueName":"search_term_string"}}],"inLanguage":"de"},{"@type":"Organization","@id":"https:\/\/dev6.erresse-shop.it\/#organization","name":"Erresse Shop","url":"https:\/\/dev6.erresse-shop.it\/","logo":{"@type":"ImageObject","inLanguage":"de","@id":"https:\/\/dev6.erresse-shop.it\/#\/schema\/logo\/image\/","url":"https:\/\/dev6.erresse-shop.it\/wp-content\/uploads\/2025\/01\/LOGO-ERRESSE-CLASSICO.svg","contentUrl":"https:\/\/dev6.erresse-shop.it\/wp-content\/uploads\/2025\/01\/LOGO-ERRESSE-CLASSICO.svg","caption":"Erresse Shop"},"image":{"@id":"https:\/\/dev6.erresse-shop.it\/#\/schema\/logo\/image\/"}}]}},"df_price":64,"df_sale_price":64,"df_regular_price":64.99,"df_image_link":"https:\/\/i2.wp.com\/interpim.erresse-shop.it\/Import\/Prodotti\/joseph-joseph-nest-9-eplus-set-di-ciotole.jpg?resize=300,300&ssl=1","fifu_image_url":"https:\/\/interpim.erresse-shop.it\/Import\/Prodotti\/joseph-joseph-nest-9-eplus-set-di-ciotole.jpg","_links":{"self":[{"href":"https:\/\/dev6.erresse-shop.it\/de\/wp-json\/wp\/v2\/product\/51706","targetHints":{"allow":["GET"]}}],"collection":[{"href":"https:\/\/dev6.erresse-shop.it\/de\/wp-json\/wp\/v2\/product"}],"about":[{"href":"https:\/\/dev6.erresse-shop.it\/de\/wp-json\/wp\/v2\/types\/product"}],"wp:featuredmedia":[{"embeddable":true,"href":"https:\/\/dev6.erresse-shop.it\/de\/wp-json\/wp\/v2\/media\/6358766"}],"wp:attachment":[{"href":"https:\/\/dev6.erresse-shop.it\/de\/wp-json\/wp\/v2\/media?parent=51706"}],"wp:term":[{"taxonomy":"product_cat","embeddable":true,"href":"https:\/\/dev6.erresse-shop.it\/de\/wp-json\/wp\/v2\/product_cat?post=51706"},{"taxonomy":"product_tag","embeddable":true,"href":"https:\/\/dev6.erresse-shop.it\/de\/wp-json\/wp\/v2\/product_tag?post=51706"}],"curies":[{"name":"wp","href":"https:\/\/api.w.org\/{rel}","templated":true}]}}