{"id":51674,"date":"2026-04-12T09:15:16","date_gmt":"2026-04-12T07:15:16","guid":{"rendered":"https:\/\/dev6.erresse-shop.it\/shop\/unkategorisiert\/zwilling-luftfritteuse-4-l-schwarz\/"},"modified":"2026-01-16T22:11:03","modified_gmt":"2026-01-16T21:11:03","slug":"zwilling-luftfritteuse-4-l-schwarz","status":"publish","type":"product","link":"https:\/\/dev6.erresse-shop.it\/de\/shop\/kleine-elektrogeraete\/heissluftfritteusen\/zwilling-luftfritteuse-4-l-schwarz\/","title":{"rendered":"ZWILLING Luftfritteuse 4 L Schwarz"},"content":{"rendered":"<p>3\u20262\u20261\u2026 Viel Spa\u00df! Die ZWILLING Hei\u00dfluftfritteuse bereitet herzhafte und s\u00fc\u00dfe Speisen im Handumdrehen und ohne Vorheizen zu. Sie k\u00f6nnen ganz einfach Chips, Pizza, Muffins und vieles mehr zubereiten. Sie k\u00f6nnen in der Fritteuse ohne \u00d6l oder mit wenig Fett garen. Auf dem LED-Touchscreen k\u00f6nnen Sie sechs voreingestellte Programme f\u00fcr Pommes frites, H\u00e4hnchen, Shrimps, Fisch, Pizza und Kuchen ausw\u00e4hlen. Die Temperatur und die Zeit k\u00f6nnen auch individuell eingestellt werden. Das beiliegende Rezeptbuch liefert weitere k\u00f6stliche Ideen, die Sie sofort in der Fritteuse ausprobieren k\u00f6nnen. Am Ende der Garzeit ert\u00f6nt ein akustisches Signal und die Fritteuse beendet automatisch den Garvorgang. Mit einem Fassungsverm\u00f6gen von 4 Litern bietet der Korb ausreichend Platz f\u00fcr gro\u00dfz\u00fcgige Portionen. Der Korb und der Grill sind sp\u00fclmaschinenfest. Die Fritteuse hat keine Fettreste, die entsorgt werden m\u00fcssen, was sie besonders praktisch f\u00fcr den t\u00e4glichen Gebrauch macht.<\/p>\n<p>Ihr neuer Verb\u00fcndeter in der K\u00fcche f\u00fcr einfache, schmackhafte Gerichte; dank der ZWILLING-Luftfritteuse k\u00f6nnen Sie ganz einfach Chips, Pizzen, Chicken Wings zubereiten. Er eignet sich aber nicht nur f\u00fcr herzhafte Speisen, sondern auch f\u00fcr k\u00f6stliche Muffins und Kuchen. Braten, Backen oder Frittieren \u2013 alles ist m\u00f6glich dank des Hei\u00dfluftstroms unserer neuen Hei\u00dfluftfritteuse.<\/p>\n<p>Technische Daten:<\/p>\n<p>Brateffekt, Braten in der Pfanne und Backen wie im Ofen<br \/>\n4 Liter Fassungsverm\u00f6gen<br \/>\nLED-Touchscreen f\u00fcr sofortige Bedienung<br \/>\n6 voreingestellte Programme<br \/>\nEinstellbare Temperatur zwischen 80 und 200 Grad<br \/>\nSp\u00fclmaschinenfestes Gitter und Korb<br \/>\nInklusive Rezeptbuch auf Englisch<\/p>\n<p>Abmessungen:<\/p>\n<p>Gewicht: 3,91 kg<br \/>\nFassungsverm\u00f6gen: 4 l<br \/>\nL\u00e4nge: 34,70 cm<br \/>\nBreite: 29,10 cm<br \/>\nH\u00f6he: 30 cm<\/p>\n<p>Nicht zum Verkauf au\u00dferhalb Europas<\/p>\n","protected":false},"excerpt":{"rendered":"<p>3\u20262\u20261\u2026 Viel Spa\u00df! Die ZWILLING Hei\u00dfluftfritteuse bereitet herzhafte und s\u00fc\u00dfe Speisen im Handumdrehen und ohne Vorheizen zu. Sie k\u00f6nnen ganz einfach Chips, Pizza, Muffins und vieles mehr zubereiten. Sie k\u00f6nnen in der Fritteuse ohne \u00d6l oder mit wenig Fett garen. Auf dem LED-Touchscreen k\u00f6nnen Sie sechs voreingestellte Programme f\u00fcr Pommes frites, H\u00e4hnchen, Shrimps, Fisch, Pizza [&hellip;]<\/p>\n","protected":false},"featured_media":6358677,"template":"","meta":{"_acf_changed":false},"product_cat":[12194,12163],"product_tag":[],"class_list":{"0":"post-51674","1":"product","2":"type-product","3":"status-publish","4":"has-post-thumbnail","6":"product_cat-heissluftfritteusen","7":"product_cat-kleine-elektrogeraete","9":"first","10":"outofstock","11":"sale","12":"taxable","13":"shipping-taxable","14":"purchasable","15":"product-type-simple","swatches":"rey-swatches","show_selected":"","stretch_labels":"rey-swatches--stretch-labels"},"acf":[],"yoast_head":"<!-- This site is optimized with the Yoast SEO plugin v25.4 - https:\/\/yoast.com\/wordpress\/plugins\/seo\/ -->\n<title>ZWILLING Luftfritteuse 4 L Schwarz - dev6 Erresse<\/title>\n<meta name=\"description\" content=\"3\u20262\u20261\u2026 Viel Spa\u00df! Die ZWILLING Hei\u00dfluftfritteuse bereitet herzhafte und s\u00fc\u00dfe Speisen im Handumdrehen und ohne Vorheizen zu. Sie k\u00f6nnen ganz einfach Chips,\" \/>\n<meta name=\"robots\" content=\"noindex, follow, max-snippet:-1, max-image-preview:large, max-video-preview:-1\" \/>\n<meta property=\"og:locale\" content=\"de_DE\" \/>\n<meta property=\"og:type\" content=\"article\" \/>\n<meta property=\"og:title\" content=\"ZWILLING Luftfritteuse 4 L Schwarz - dev6 Erresse\" \/>\n<meta property=\"og:description\" content=\"3\u20262\u20261\u2026 Viel Spa\u00df! Die ZWILLING Hei\u00dfluftfritteuse bereitet herzhafte und s\u00fc\u00dfe Speisen im Handumdrehen und ohne Vorheizen zu. Sie k\u00f6nnen ganz einfach Chips,\" \/>\n<meta property=\"og:url\" content=\"https:\/\/dev6.erresse-shop.it\/de\/shop\/kleine-elektrogeraete\/heissluftfritteusen\/zwilling-luftfritteuse-4-l-schwarz\/\" \/>\n<meta property=\"og:site_name\" content=\"dev6 Erresse\" \/>\n<meta property=\"og:image\" content=\"https:\/\/interpim.erresse-shop.it\/img-catalogo\/zwilling\/zwilling-friggitrice-ad-aria2.jpg\" \/><meta property=\"og:image\" content=\"https:\/\/interpim.erresse-shop.it\/img-catalogo\/zwilling\/zwilling-friggitrice-ad-aria2.jpg\" \/>\n\t<meta property=\"og:image:width\" content=\"1024\" \/>\n\t<meta property=\"og:image:height\" content=\"1024\" \/>\n\t<meta property=\"og:image:type\" content=\"image\/jpeg\" \/>\n<meta name=\"twitter:card\" content=\"summary_large_image\" \/>\n<meta name=\"twitter:image\" content=\"https:\/\/interpim.erresse-shop.it\/img-catalogo\/zwilling\/zwilling-friggitrice-ad-aria2.jpg\" \/>\n<script type=\"application\/ld+json\" class=\"yoast-schema-graph\">{\"@context\":\"https:\/\/schema.org\",\"@graph\":[{\"@type\":\"WebPage\",\"@id\":\"https:\/\/dev6.erresse-shop.it\/de\/shop\/kleine-elektrogeraete\/heissluftfritteusen\/zwilling-luftfritteuse-4-l-schwarz\/\",\"url\":\"https:\/\/dev6.erresse-shop.it\/de\/shop\/kleine-elektrogeraete\/heissluftfritteusen\/zwilling-luftfritteuse-4-l-schwarz\/\",\"name\":\"ZWILLING Luftfritteuse 4 L Schwarz - dev6 Erresse\",\"isPartOf\":{\"@id\":\"https:\/\/dev6.erresse-shop.it\/#website\"},\"primaryImageOfPage\":{\"@id\":\"https:\/\/dev6.erresse-shop.it\/de\/shop\/kleine-elektrogeraete\/heissluftfritteusen\/zwilling-luftfritteuse-4-l-schwarz\/#primaryimage\"},\"image\":{\"@id\":\"https:\/\/dev6.erresse-shop.it\/de\/shop\/kleine-elektrogeraete\/heissluftfritteusen\/zwilling-luftfritteuse-4-l-schwarz\/#primaryimage\"},\"thumbnailUrl\":\"https:\/\/i1.wp.com\/interpim.erresse-shop.it\/img-catalogo\/zwilling\/zwilling-friggitrice-ad-aria2.jpg?ssl=1\",\"datePublished\":\"2026-04-12T07:15:16+00:00\",\"description\":\"3\u20262\u20261\u2026 Viel Spa\u00df! Die ZWILLING Hei\u00dfluftfritteuse bereitet herzhafte und s\u00fc\u00dfe Speisen im Handumdrehen und ohne Vorheizen zu. Sie k\u00f6nnen ganz einfach Chips,\",\"breadcrumb\":{\"@id\":\"https:\/\/dev6.erresse-shop.it\/de\/shop\/kleine-elektrogeraete\/heissluftfritteusen\/zwilling-luftfritteuse-4-l-schwarz\/#breadcrumb\"},\"inLanguage\":\"de\",\"potentialAction\":[{\"@type\":\"ReadAction\",\"target\":[\"https:\/\/dev6.erresse-shop.it\/de\/shop\/kleine-elektrogeraete\/heissluftfritteusen\/zwilling-luftfritteuse-4-l-schwarz\/\"]}]},{\"@type\":\"ImageObject\",\"inLanguage\":\"de\",\"@id\":\"https:\/\/dev6.erresse-shop.it\/de\/shop\/kleine-elektrogeraete\/heissluftfritteusen\/zwilling-luftfritteuse-4-l-schwarz\/#primaryimage\",\"url\":\"https:\/\/i1.wp.com\/interpim.erresse-shop.it\/img-catalogo\/zwilling\/zwilling-friggitrice-ad-aria2.jpg?ssl=1\",\"contentUrl\":\"https:\/\/i1.wp.com\/interpim.erresse-shop.it\/img-catalogo\/zwilling\/zwilling-friggitrice-ad-aria2.jpg?ssl=1\"},{\"@type\":\"BreadcrumbList\",\"@id\":\"https:\/\/dev6.erresse-shop.it\/de\/shop\/kleine-elektrogeraete\/heissluftfritteusen\/zwilling-luftfritteuse-4-l-schwarz\/#breadcrumb\",\"itemListElement\":[{\"@type\":\"ListItem\",\"position\":1,\"name\":\"Home\",\"item\":\"https:\/\/dev6.erresse-shop.it\/\"},{\"@type\":\"ListItem\",\"position\":2,\"name\":\"Shop\",\"item\":\"https:\/\/dev6.erresse-shop.it\/shop\/\"},{\"@type\":\"ListItem\",\"position\":3,\"name\":\"ZWILLING Luftfritteuse 4 L Schwarz\"}]},{\"@type\":\"WebSite\",\"@id\":\"https:\/\/dev6.erresse-shop.it\/#website\",\"url\":\"https:\/\/dev6.erresse-shop.it\/\",\"name\":\"Erresse Shop\",\"description\":\"\",\"publisher\":{\"@id\":\"https:\/\/dev6.erresse-shop.it\/#organization\"},\"potentialAction\":[{\"@type\":\"SearchAction\",\"target\":{\"@type\":\"EntryPoint\",\"urlTemplate\":\"https:\/\/dev6.erresse-shop.it\/?s={search_term_string}\"},\"query-input\":{\"@type\":\"PropertyValueSpecification\",\"valueRequired\":true,\"valueName\":\"search_term_string\"}}],\"inLanguage\":\"de\"},{\"@type\":\"Organization\",\"@id\":\"https:\/\/dev6.erresse-shop.it\/#organization\",\"name\":\"Erresse Shop\",\"url\":\"https:\/\/dev6.erresse-shop.it\/\",\"logo\":{\"@type\":\"ImageObject\",\"inLanguage\":\"de\",\"@id\":\"https:\/\/dev6.erresse-shop.it\/#\/schema\/logo\/image\/\",\"url\":\"https:\/\/dev6.erresse-shop.it\/wp-content\/uploads\/2025\/01\/LOGO-ERRESSE-CLASSICO.svg\",\"contentUrl\":\"https:\/\/dev6.erresse-shop.it\/wp-content\/uploads\/2025\/01\/LOGO-ERRESSE-CLASSICO.svg\",\"caption\":\"Erresse Shop\"},\"image\":{\"@id\":\"https:\/\/dev6.erresse-shop.it\/#\/schema\/logo\/image\/\"}}]}<\/script>\n<!-- \/ Yoast SEO plugin. -->","yoast_head_json":{"title":"ZWILLING Luftfritteuse 4 L Schwarz - dev6 Erresse","description":"3\u20262\u20261\u2026 Viel Spa\u00df! Die ZWILLING Hei\u00dfluftfritteuse bereitet herzhafte und s\u00fc\u00dfe Speisen im Handumdrehen und ohne Vorheizen zu. Sie k\u00f6nnen ganz einfach Chips,","robots":{"index":"noindex","follow":"follow","max-snippet":"max-snippet:-1","max-image-preview":"max-image-preview:large","max-video-preview":"max-video-preview:-1"},"og_locale":"de_DE","og_type":"article","og_title":"ZWILLING Luftfritteuse 4 L Schwarz - dev6 Erresse","og_description":"3\u20262\u20261\u2026 Viel Spa\u00df! Die ZWILLING Hei\u00dfluftfritteuse bereitet herzhafte und s\u00fc\u00dfe Speisen im Handumdrehen und ohne Vorheizen zu. Sie k\u00f6nnen ganz einfach Chips,","og_url":"https:\/\/dev6.erresse-shop.it\/de\/shop\/kleine-elektrogeraete\/heissluftfritteusen\/zwilling-luftfritteuse-4-l-schwarz\/","og_site_name":"dev6 Erresse","og_image":[{"url":"https:\/\/interpim.erresse-shop.it\/img-catalogo\/zwilling\/zwilling-friggitrice-ad-aria2.jpg","type":"","width":"","height":""},{"url":"https:\/\/interpim.erresse-shop.it\/img-catalogo\/zwilling\/zwilling-friggitrice-ad-aria2.jpg","width":1024,"height":1024,"type":"image\/jpeg"}],"twitter_card":"summary_large_image","twitter_image":"https:\/\/interpim.erresse-shop.it\/img-catalogo\/zwilling\/zwilling-friggitrice-ad-aria2.jpg","schema":{"@context":"https:\/\/schema.org","@graph":[{"@type":"WebPage","@id":"https:\/\/dev6.erresse-shop.it\/de\/shop\/kleine-elektrogeraete\/heissluftfritteusen\/zwilling-luftfritteuse-4-l-schwarz\/","url":"https:\/\/dev6.erresse-shop.it\/de\/shop\/kleine-elektrogeraete\/heissluftfritteusen\/zwilling-luftfritteuse-4-l-schwarz\/","name":"ZWILLING Luftfritteuse 4 L Schwarz - dev6 Erresse","isPartOf":{"@id":"https:\/\/dev6.erresse-shop.it\/#website"},"primaryImageOfPage":{"@id":"https:\/\/dev6.erresse-shop.it\/de\/shop\/kleine-elektrogeraete\/heissluftfritteusen\/zwilling-luftfritteuse-4-l-schwarz\/#primaryimage"},"image":{"@id":"https:\/\/dev6.erresse-shop.it\/de\/shop\/kleine-elektrogeraete\/heissluftfritteusen\/zwilling-luftfritteuse-4-l-schwarz\/#primaryimage"},"thumbnailUrl":"https:\/\/i1.wp.com\/interpim.erresse-shop.it\/img-catalogo\/zwilling\/zwilling-friggitrice-ad-aria2.jpg?ssl=1","datePublished":"2026-04-12T07:15:16+00:00","description":"3\u20262\u20261\u2026 Viel Spa\u00df! Die ZWILLING Hei\u00dfluftfritteuse bereitet herzhafte und s\u00fc\u00dfe Speisen im Handumdrehen und ohne Vorheizen zu. Sie k\u00f6nnen ganz einfach Chips,","breadcrumb":{"@id":"https:\/\/dev6.erresse-shop.it\/de\/shop\/kleine-elektrogeraete\/heissluftfritteusen\/zwilling-luftfritteuse-4-l-schwarz\/#breadcrumb"},"inLanguage":"de","potentialAction":[{"@type":"ReadAction","target":["https:\/\/dev6.erresse-shop.it\/de\/shop\/kleine-elektrogeraete\/heissluftfritteusen\/zwilling-luftfritteuse-4-l-schwarz\/"]}]},{"@type":"ImageObject","inLanguage":"de","@id":"https:\/\/dev6.erresse-shop.it\/de\/shop\/kleine-elektrogeraete\/heissluftfritteusen\/zwilling-luftfritteuse-4-l-schwarz\/#primaryimage","url":"https:\/\/i1.wp.com\/interpim.erresse-shop.it\/img-catalogo\/zwilling\/zwilling-friggitrice-ad-aria2.jpg?ssl=1","contentUrl":"https:\/\/i1.wp.com\/interpim.erresse-shop.it\/img-catalogo\/zwilling\/zwilling-friggitrice-ad-aria2.jpg?ssl=1"},{"@type":"BreadcrumbList","@id":"https:\/\/dev6.erresse-shop.it\/de\/shop\/kleine-elektrogeraete\/heissluftfritteusen\/zwilling-luftfritteuse-4-l-schwarz\/#breadcrumb","itemListElement":[{"@type":"ListItem","position":1,"name":"Home","item":"https:\/\/dev6.erresse-shop.it\/"},{"@type":"ListItem","position":2,"name":"Shop","item":"https:\/\/dev6.erresse-shop.it\/shop\/"},{"@type":"ListItem","position":3,"name":"ZWILLING Luftfritteuse 4 L Schwarz"}]},{"@type":"WebSite","@id":"https:\/\/dev6.erresse-shop.it\/#website","url":"https:\/\/dev6.erresse-shop.it\/","name":"Erresse Shop","description":"","publisher":{"@id":"https:\/\/dev6.erresse-shop.it\/#organization"},"potentialAction":[{"@type":"SearchAction","target":{"@type":"EntryPoint","urlTemplate":"https:\/\/dev6.erresse-shop.it\/?s={search_term_string}"},"query-input":{"@type":"PropertyValueSpecification","valueRequired":true,"valueName":"search_term_string"}}],"inLanguage":"de"},{"@type":"Organization","@id":"https:\/\/dev6.erresse-shop.it\/#organization","name":"Erresse Shop","url":"https:\/\/dev6.erresse-shop.it\/","logo":{"@type":"ImageObject","inLanguage":"de","@id":"https:\/\/dev6.erresse-shop.it\/#\/schema\/logo\/image\/","url":"https:\/\/dev6.erresse-shop.it\/wp-content\/uploads\/2025\/01\/LOGO-ERRESSE-CLASSICO.svg","contentUrl":"https:\/\/dev6.erresse-shop.it\/wp-content\/uploads\/2025\/01\/LOGO-ERRESSE-CLASSICO.svg","caption":"Erresse Shop"},"image":{"@id":"https:\/\/dev6.erresse-shop.it\/#\/schema\/logo\/image\/"}}]}},"df_price":89,"df_sale_price":89,"df_regular_price":139,"df_image_link":"https:\/\/i1.wp.com\/interpim.erresse-shop.it\/img-catalogo\/zwilling\/zwilling-friggitrice-ad-aria2.jpg?resize=300,300&ssl=1","fifu_image_url":"https:\/\/interpim.erresse-shop.it\/img-catalogo\/zwilling\/zwilling-friggitrice-ad-aria2.jpg","_links":{"self":[{"href":"https:\/\/dev6.erresse-shop.it\/de\/wp-json\/wp\/v2\/product\/51674","targetHints":{"allow":["GET"]}}],"collection":[{"href":"https:\/\/dev6.erresse-shop.it\/de\/wp-json\/wp\/v2\/product"}],"about":[{"href":"https:\/\/dev6.erresse-shop.it\/de\/wp-json\/wp\/v2\/types\/product"}],"wp:featuredmedia":[{"embeddable":true,"href":"https:\/\/dev6.erresse-shop.it\/de\/wp-json\/wp\/v2\/media\/6358677"}],"wp:attachment":[{"href":"https:\/\/dev6.erresse-shop.it\/de\/wp-json\/wp\/v2\/media?parent=51674"}],"wp:term":[{"taxonomy":"product_cat","embeddable":true,"href":"https:\/\/dev6.erresse-shop.it\/de\/wp-json\/wp\/v2\/product_cat?post=51674"},{"taxonomy":"product_tag","embeddable":true,"href":"https:\/\/dev6.erresse-shop.it\/de\/wp-json\/wp\/v2\/product_tag?post=51674"}],"curies":[{"name":"wp","href":"https:\/\/api.w.org\/{rel}","templated":true}]}}