{"id":51654,"date":"2026-04-12T09:15:16","date_gmt":"2026-04-12T07:15:16","guid":{"rendered":"https:\/\/dev6.erresse-shop.it\/shop\/unkategorisiert\/villeroy-boch-weihnachtsspielzeug-weihnachtsmann-im-sessel-1015-cm\/"},"modified":"2025-07-03T20:28:09","modified_gmt":"2025-07-03T18:28:09","slug":"villeroy-boch-weihnachtsspielzeug-weihnachtsmann-im-sessel-1015-cm","status":"publish","type":"product","link":"https:\/\/dev6.erresse-shop.it\/de\/shop\/einrichtung-haus\/dekoartikel\/villeroy-boch-weihnachtsspielzeug-weihnachtsmann-im-sessel-1015-cm\/","title":{"rendered":"VILLEROY &#038; BOCH Weihnachtsspielzeug Weihnachtsmann im Sessel 10&#215;15 cm"},"content":{"rendered":"<p>Festliche Dekofigur<br \/>\nDie Kollektion von Christmas Toy verbindet nostalgische Momente und modernes Design in einer wundersch\u00f6nen, festlichen Welt mit Weihnachtsm\u00e4rkten, Schneem\u00e4nnern und Weihnachtsm\u00e4nnern. Ideal als Erg\u00e4nzung f\u00fcr Ihr festlich geschm\u00fccktes Zuhause, zum Sammeln und Kombinieren und zum Verschenken. Auch der Weihnachtsmann braucht mal eine Pause. In diesem Fall machte er es sich in einem Sessel bequem und h\u00f6rte sich die W\u00fcnsche der Kinder an. Verschenken Sie fr\u00f6hliche und festliche Accessoires an sich selbst oder an Ihre Lieben.<\/p>\n","protected":false},"excerpt":{"rendered":"<p>Festliche Dekofigur Die Kollektion von Christmas Toy verbindet nostalgische Momente und modernes Design in einer wundersch\u00f6nen, festlichen Welt mit Weihnachtsm\u00e4rkten, Schneem\u00e4nnern und Weihnachtsm\u00e4nnern. Ideal als Erg\u00e4nzung f\u00fcr Ihr festlich geschm\u00fccktes Zuhause, zum Sammeln und Kombinieren und zum Verschenken. Auch der Weihnachtsmann braucht mal eine Pause. In diesem Fall machte er es sich in einem Sessel [&hellip;]<\/p>\n","protected":false},"featured_media":6358633,"template":"","meta":{"_acf_changed":false},"product_cat":[11666,12129,12098],"product_tag":[],"class_list":{"0":"post-51654","1":"product","2":"type-product","3":"status-publish","4":"has-post-thumbnail","6":"product_cat-arredamento-casa","7":"product_cat-dekoartikel","8":"product_cat-einrichtung-haus","10":"first","11":"outofstock","12":"sale","13":"taxable","14":"shipping-taxable","15":"purchasable","16":"product-type-simple","swatches":"rey-swatches","show_selected":"","stretch_labels":"rey-swatches--stretch-labels"},"acf":[],"yoast_head":"<!-- This site is optimized with the Yoast SEO plugin v25.4 - https:\/\/yoast.com\/wordpress\/plugins\/seo\/ -->\n<title>VILLEROY &#038; BOCH Weihnachtsspielzeug Weihnachtsmann im Sessel 10&#215;15 cm - dev6 Erresse<\/title>\n<meta name=\"description\" content=\"Festliche Dekofigur Die Kollektion von Christmas Toy verbindet nostalgische Momente und modernes Design in einer wundersch\u00f6nen, festlichen Welt mit\" \/>\n<meta name=\"robots\" content=\"noindex, follow, max-snippet:-1, max-image-preview:large, max-video-preview:-1\" \/>\n<meta property=\"og:locale\" content=\"de_DE\" \/>\n<meta property=\"og:type\" content=\"article\" \/>\n<meta property=\"og:title\" content=\"VILLEROY &#038; BOCH Weihnachtsspielzeug Weihnachtsmann im Sessel 10&#215;15 cm - dev6 Erresse\" \/>\n<meta property=\"og:description\" content=\"Festliche Dekofigur Die Kollektion von Christmas Toy verbindet nostalgische Momente und modernes Design in einer wundersch\u00f6nen, festlichen Welt mit\" \/>\n<meta property=\"og:url\" content=\"https:\/\/dev6.erresse-shop.it\/de\/shop\/einrichtung-haus\/dekoartikel\/villeroy-boch-weihnachtsspielzeug-weihnachtsmann-im-sessel-1015-cm\/\" \/>\n<meta property=\"og:site_name\" content=\"dev6 Erresse\" \/>\n<meta property=\"og:image\" content=\"https:\/\/interpim.erresse-shop.it\/img-catalogo\/villeroy\/villeroy-boch-babbo-natale-in-poltrona.jpg\" \/><meta property=\"og:image\" content=\"https:\/\/interpim.erresse-shop.it\/img-catalogo\/villeroy\/villeroy-boch-babbo-natale-in-poltrona.jpg\" \/>\n\t<meta property=\"og:image:width\" content=\"1024\" \/>\n\t<meta property=\"og:image:height\" content=\"1024\" \/>\n\t<meta property=\"og:image:type\" content=\"image\/jpeg\" \/>\n<meta name=\"twitter:card\" content=\"summary_large_image\" \/>\n<meta name=\"twitter:image\" content=\"https:\/\/interpim.erresse-shop.it\/img-catalogo\/villeroy\/villeroy-boch-babbo-natale-in-poltrona.jpg\" \/>\n<script type=\"application\/ld+json\" class=\"yoast-schema-graph\">{\"@context\":\"https:\/\/schema.org\",\"@graph\":[{\"@type\":\"WebPage\",\"@id\":\"https:\/\/dev6.erresse-shop.it\/de\/shop\/einrichtung-haus\/dekoartikel\/villeroy-boch-weihnachtsspielzeug-weihnachtsmann-im-sessel-1015-cm\/\",\"url\":\"https:\/\/dev6.erresse-shop.it\/de\/shop\/einrichtung-haus\/dekoartikel\/villeroy-boch-weihnachtsspielzeug-weihnachtsmann-im-sessel-1015-cm\/\",\"name\":\"VILLEROY &#038; BOCH Weihnachtsspielzeug Weihnachtsmann im Sessel 10&#215;15 cm - dev6 Erresse\",\"isPartOf\":{\"@id\":\"https:\/\/dev6.erresse-shop.it\/#website\"},\"primaryImageOfPage\":{\"@id\":\"https:\/\/dev6.erresse-shop.it\/de\/shop\/einrichtung-haus\/dekoartikel\/villeroy-boch-weihnachtsspielzeug-weihnachtsmann-im-sessel-1015-cm\/#primaryimage\"},\"image\":{\"@id\":\"https:\/\/dev6.erresse-shop.it\/de\/shop\/einrichtung-haus\/dekoartikel\/villeroy-boch-weihnachtsspielzeug-weihnachtsmann-im-sessel-1015-cm\/#primaryimage\"},\"thumbnailUrl\":\"https:\/\/i1.wp.com\/interpim.erresse-shop.it\/img-catalogo\/villeroy\/villeroy-boch-babbo-natale-in-poltrona.jpg?ssl=1\",\"datePublished\":\"2026-04-12T07:15:16+00:00\",\"description\":\"Festliche Dekofigur Die Kollektion von Christmas Toy verbindet nostalgische Momente und modernes Design in einer wundersch\u00f6nen, festlichen Welt mit\",\"breadcrumb\":{\"@id\":\"https:\/\/dev6.erresse-shop.it\/de\/shop\/einrichtung-haus\/dekoartikel\/villeroy-boch-weihnachtsspielzeug-weihnachtsmann-im-sessel-1015-cm\/#breadcrumb\"},\"inLanguage\":\"de\",\"potentialAction\":[{\"@type\":\"ReadAction\",\"target\":[\"https:\/\/dev6.erresse-shop.it\/de\/shop\/einrichtung-haus\/dekoartikel\/villeroy-boch-weihnachtsspielzeug-weihnachtsmann-im-sessel-1015-cm\/\"]}]},{\"@type\":\"ImageObject\",\"inLanguage\":\"de\",\"@id\":\"https:\/\/dev6.erresse-shop.it\/de\/shop\/einrichtung-haus\/dekoartikel\/villeroy-boch-weihnachtsspielzeug-weihnachtsmann-im-sessel-1015-cm\/#primaryimage\",\"url\":\"https:\/\/i1.wp.com\/interpim.erresse-shop.it\/img-catalogo\/villeroy\/villeroy-boch-babbo-natale-in-poltrona.jpg?ssl=1\",\"contentUrl\":\"https:\/\/i1.wp.com\/interpim.erresse-shop.it\/img-catalogo\/villeroy\/villeroy-boch-babbo-natale-in-poltrona.jpg?ssl=1\"},{\"@type\":\"BreadcrumbList\",\"@id\":\"https:\/\/dev6.erresse-shop.it\/de\/shop\/einrichtung-haus\/dekoartikel\/villeroy-boch-weihnachtsspielzeug-weihnachtsmann-im-sessel-1015-cm\/#breadcrumb\",\"itemListElement\":[{\"@type\":\"ListItem\",\"position\":1,\"name\":\"Home\",\"item\":\"https:\/\/dev6.erresse-shop.it\/\"},{\"@type\":\"ListItem\",\"position\":2,\"name\":\"Shop\",\"item\":\"https:\/\/dev6.erresse-shop.it\/shop\/\"},{\"@type\":\"ListItem\",\"position\":3,\"name\":\"VILLEROY &#038; BOCH Weihnachtsspielzeug Weihnachtsmann im Sessel 10&#215;15 cm\"}]},{\"@type\":\"WebSite\",\"@id\":\"https:\/\/dev6.erresse-shop.it\/#website\",\"url\":\"https:\/\/dev6.erresse-shop.it\/\",\"name\":\"Erresse Shop\",\"description\":\"\",\"publisher\":{\"@id\":\"https:\/\/dev6.erresse-shop.it\/#organization\"},\"potentialAction\":[{\"@type\":\"SearchAction\",\"target\":{\"@type\":\"EntryPoint\",\"urlTemplate\":\"https:\/\/dev6.erresse-shop.it\/?s={search_term_string}\"},\"query-input\":{\"@type\":\"PropertyValueSpecification\",\"valueRequired\":true,\"valueName\":\"search_term_string\"}}],\"inLanguage\":\"de\"},{\"@type\":\"Organization\",\"@id\":\"https:\/\/dev6.erresse-shop.it\/#organization\",\"name\":\"Erresse Shop\",\"url\":\"https:\/\/dev6.erresse-shop.it\/\",\"logo\":{\"@type\":\"ImageObject\",\"inLanguage\":\"de\",\"@id\":\"https:\/\/dev6.erresse-shop.it\/#\/schema\/logo\/image\/\",\"url\":\"https:\/\/dev6.erresse-shop.it\/wp-content\/uploads\/2025\/01\/LOGO-ERRESSE-CLASSICO.svg\",\"contentUrl\":\"https:\/\/dev6.erresse-shop.it\/wp-content\/uploads\/2025\/01\/LOGO-ERRESSE-CLASSICO.svg\",\"caption\":\"Erresse Shop\"},\"image\":{\"@id\":\"https:\/\/dev6.erresse-shop.it\/#\/schema\/logo\/image\/\"}}]}<\/script>\n<!-- \/ Yoast SEO plugin. -->","yoast_head_json":{"title":"VILLEROY &#038; BOCH Weihnachtsspielzeug Weihnachtsmann im Sessel 10&#215;15 cm - dev6 Erresse","description":"Festliche Dekofigur Die Kollektion von Christmas Toy verbindet nostalgische Momente und modernes Design in einer wundersch\u00f6nen, festlichen Welt mit","robots":{"index":"noindex","follow":"follow","max-snippet":"max-snippet:-1","max-image-preview":"max-image-preview:large","max-video-preview":"max-video-preview:-1"},"og_locale":"de_DE","og_type":"article","og_title":"VILLEROY &#038; BOCH Weihnachtsspielzeug Weihnachtsmann im Sessel 10&#215;15 cm - dev6 Erresse","og_description":"Festliche Dekofigur Die Kollektion von Christmas Toy verbindet nostalgische Momente und modernes Design in einer wundersch\u00f6nen, festlichen Welt mit","og_url":"https:\/\/dev6.erresse-shop.it\/de\/shop\/einrichtung-haus\/dekoartikel\/villeroy-boch-weihnachtsspielzeug-weihnachtsmann-im-sessel-1015-cm\/","og_site_name":"dev6 Erresse","og_image":[{"url":"https:\/\/interpim.erresse-shop.it\/img-catalogo\/villeroy\/villeroy-boch-babbo-natale-in-poltrona.jpg","type":"","width":"","height":""},{"url":"https:\/\/interpim.erresse-shop.it\/img-catalogo\/villeroy\/villeroy-boch-babbo-natale-in-poltrona.jpg","width":1024,"height":1024,"type":"image\/jpeg"}],"twitter_card":"summary_large_image","twitter_image":"https:\/\/interpim.erresse-shop.it\/img-catalogo\/villeroy\/villeroy-boch-babbo-natale-in-poltrona.jpg","schema":{"@context":"https:\/\/schema.org","@graph":[{"@type":"WebPage","@id":"https:\/\/dev6.erresse-shop.it\/de\/shop\/einrichtung-haus\/dekoartikel\/villeroy-boch-weihnachtsspielzeug-weihnachtsmann-im-sessel-1015-cm\/","url":"https:\/\/dev6.erresse-shop.it\/de\/shop\/einrichtung-haus\/dekoartikel\/villeroy-boch-weihnachtsspielzeug-weihnachtsmann-im-sessel-1015-cm\/","name":"VILLEROY &#038; BOCH Weihnachtsspielzeug Weihnachtsmann im Sessel 10&#215;15 cm - dev6 Erresse","isPartOf":{"@id":"https:\/\/dev6.erresse-shop.it\/#website"},"primaryImageOfPage":{"@id":"https:\/\/dev6.erresse-shop.it\/de\/shop\/einrichtung-haus\/dekoartikel\/villeroy-boch-weihnachtsspielzeug-weihnachtsmann-im-sessel-1015-cm\/#primaryimage"},"image":{"@id":"https:\/\/dev6.erresse-shop.it\/de\/shop\/einrichtung-haus\/dekoartikel\/villeroy-boch-weihnachtsspielzeug-weihnachtsmann-im-sessel-1015-cm\/#primaryimage"},"thumbnailUrl":"https:\/\/i1.wp.com\/interpim.erresse-shop.it\/img-catalogo\/villeroy\/villeroy-boch-babbo-natale-in-poltrona.jpg?ssl=1","datePublished":"2026-04-12T07:15:16+00:00","description":"Festliche Dekofigur Die Kollektion von Christmas Toy verbindet nostalgische Momente und modernes Design in einer wundersch\u00f6nen, festlichen Welt mit","breadcrumb":{"@id":"https:\/\/dev6.erresse-shop.it\/de\/shop\/einrichtung-haus\/dekoartikel\/villeroy-boch-weihnachtsspielzeug-weihnachtsmann-im-sessel-1015-cm\/#breadcrumb"},"inLanguage":"de","potentialAction":[{"@type":"ReadAction","target":["https:\/\/dev6.erresse-shop.it\/de\/shop\/einrichtung-haus\/dekoartikel\/villeroy-boch-weihnachtsspielzeug-weihnachtsmann-im-sessel-1015-cm\/"]}]},{"@type":"ImageObject","inLanguage":"de","@id":"https:\/\/dev6.erresse-shop.it\/de\/shop\/einrichtung-haus\/dekoartikel\/villeroy-boch-weihnachtsspielzeug-weihnachtsmann-im-sessel-1015-cm\/#primaryimage","url":"https:\/\/i1.wp.com\/interpim.erresse-shop.it\/img-catalogo\/villeroy\/villeroy-boch-babbo-natale-in-poltrona.jpg?ssl=1","contentUrl":"https:\/\/i1.wp.com\/interpim.erresse-shop.it\/img-catalogo\/villeroy\/villeroy-boch-babbo-natale-in-poltrona.jpg?ssl=1"},{"@type":"BreadcrumbList","@id":"https:\/\/dev6.erresse-shop.it\/de\/shop\/einrichtung-haus\/dekoartikel\/villeroy-boch-weihnachtsspielzeug-weihnachtsmann-im-sessel-1015-cm\/#breadcrumb","itemListElement":[{"@type":"ListItem","position":1,"name":"Home","item":"https:\/\/dev6.erresse-shop.it\/"},{"@type":"ListItem","position":2,"name":"Shop","item":"https:\/\/dev6.erresse-shop.it\/shop\/"},{"@type":"ListItem","position":3,"name":"VILLEROY &#038; BOCH Weihnachtsspielzeug Weihnachtsmann im Sessel 10&#215;15 cm"}]},{"@type":"WebSite","@id":"https:\/\/dev6.erresse-shop.it\/#website","url":"https:\/\/dev6.erresse-shop.it\/","name":"Erresse Shop","description":"","publisher":{"@id":"https:\/\/dev6.erresse-shop.it\/#organization"},"potentialAction":[{"@type":"SearchAction","target":{"@type":"EntryPoint","urlTemplate":"https:\/\/dev6.erresse-shop.it\/?s={search_term_string}"},"query-input":{"@type":"PropertyValueSpecification","valueRequired":true,"valueName":"search_term_string"}}],"inLanguage":"de"},{"@type":"Organization","@id":"https:\/\/dev6.erresse-shop.it\/#organization","name":"Erresse Shop","url":"https:\/\/dev6.erresse-shop.it\/","logo":{"@type":"ImageObject","inLanguage":"de","@id":"https:\/\/dev6.erresse-shop.it\/#\/schema\/logo\/image\/","url":"https:\/\/dev6.erresse-shop.it\/wp-content\/uploads\/2025\/01\/LOGO-ERRESSE-CLASSICO.svg","contentUrl":"https:\/\/dev6.erresse-shop.it\/wp-content\/uploads\/2025\/01\/LOGO-ERRESSE-CLASSICO.svg","caption":"Erresse Shop"},"image":{"@id":"https:\/\/dev6.erresse-shop.it\/#\/schema\/logo\/image\/"}}]}},"df_price":69,"df_sale_price":69,"df_regular_price":76.9,"df_image_link":"https:\/\/i1.wp.com\/interpim.erresse-shop.it\/img-catalogo\/villeroy\/villeroy-boch-babbo-natale-in-poltrona.jpg?resize=300,300&ssl=1","fifu_image_url":"https:\/\/interpim.erresse-shop.it\/img-catalogo\/villeroy\/villeroy-boch-babbo-natale-in-poltrona.jpg","_links":{"self":[{"href":"https:\/\/dev6.erresse-shop.it\/de\/wp-json\/wp\/v2\/product\/51654","targetHints":{"allow":["GET"]}}],"collection":[{"href":"https:\/\/dev6.erresse-shop.it\/de\/wp-json\/wp\/v2\/product"}],"about":[{"href":"https:\/\/dev6.erresse-shop.it\/de\/wp-json\/wp\/v2\/types\/product"}],"wp:featuredmedia":[{"embeddable":true,"href":"https:\/\/dev6.erresse-shop.it\/de\/wp-json\/wp\/v2\/media\/6358633"}],"wp:attachment":[{"href":"https:\/\/dev6.erresse-shop.it\/de\/wp-json\/wp\/v2\/media?parent=51654"}],"wp:term":[{"taxonomy":"product_cat","embeddable":true,"href":"https:\/\/dev6.erresse-shop.it\/de\/wp-json\/wp\/v2\/product_cat?post=51654"},{"taxonomy":"product_tag","embeddable":true,"href":"https:\/\/dev6.erresse-shop.it\/de\/wp-json\/wp\/v2\/product_tag?post=51654"}],"curies":[{"name":"wp","href":"https:\/\/api.w.org\/{rel}","templated":true}]}}