{"id":51648,"date":"2026-04-12T09:15:16","date_gmt":"2026-04-12T07:15:16","guid":{"rendered":"https:\/\/dev6.erresse-shop.it\/shop\/unkategorisiert\/joseph-joseph-2-ersatz-geruchsfilter\/"},"modified":"2025-09-14T01:00:55","modified_gmt":"2025-09-13T23:00:55","slug":"joseph-joseph-2-ersatz-geruchsfilter","status":"publish","type":"product","link":"https:\/\/dev6.erresse-shop.it\/de\/shop\/einrichtung-haus\/muelltonnen\/joseph-joseph-2-ersatz-geruchsfilter\/","title":{"rendered":"JOSEPH JOSEPH 2 Ersatz-Geruchsfilter"},"content":{"rendered":"<p>Produktmerkmale<\/p>\n<p>Beseitigen Sie unangenehme Ger\u00fcche ganz einfach mit diesen geruchsfreien M\u00fcllbeuteln.<\/p>\n<p>Aktivkohle-Nachf\u00fcllungen<br \/>\nDiese Beutel absorbieren Ger\u00fcche<br \/>\nDie Beutel passen unauff\u00e4llig unter den Deckel<br \/>\nAbluftger\u00fcche (in Kombination mit Frischluft) werden beseitigt<br \/>\nKompatibel mit Totem- und Titan-Abfallbeh\u00e4ltern und stapelbaren<br \/>\nSpeiserestebeh\u00e4ltern<br \/>\nEin Satz enth\u00e4lt 2 Filter<br \/>\nKonzipiert f\u00fcr intelligente Abfalleinheiten<\/p>\n<p>Abmessungen:<br \/>\nH0,5 x B7 x T9,5 cm (H\u00bc x B2\u00be x T3\u00be Zoll)<\/p>\n<p>Entworfen von Joseph Joseph<\/p>\n","protected":false},"excerpt":{"rendered":"<p>Produktmerkmale Beseitigen Sie unangenehme Ger\u00fcche ganz einfach mit diesen geruchsfreien M\u00fcllbeuteln. Aktivkohle-Nachf\u00fcllungen Diese Beutel absorbieren Ger\u00fcche Die Beutel passen unauff\u00e4llig unter den Deckel Abluftger\u00fcche (in Kombination mit Frischluft) werden beseitigt Kompatibel mit Totem- und Titan-Abfallbeh\u00e4ltern und stapelbaren Speiserestebeh\u00e4ltern Ein Satz enth\u00e4lt 2 Filter Konzipiert f\u00fcr intelligente Abfalleinheiten Abmessungen: H0,5 x B7 x T9,5 cm (H\u00bc [&hellip;]<\/p>\n","protected":false},"featured_media":6358616,"template":"","meta":{"_acf_changed":false},"product_cat":[11666,12098,12137],"product_tag":[],"class_list":{"0":"post-51648","1":"product","2":"type-product","3":"status-publish","4":"has-post-thumbnail","6":"product_cat-arredamento-casa","7":"product_cat-einrichtung-haus","8":"product_cat-muelltonnen","10":"first","11":"outofstock","12":"taxable","13":"shipping-taxable","14":"purchasable","15":"product-type-simple","swatches":"rey-swatches","show_selected":"","stretch_labels":"rey-swatches--stretch-labels"},"acf":[],"yoast_head":"<!-- This site is optimized with the Yoast SEO plugin v25.4 - https:\/\/yoast.com\/wordpress\/plugins\/seo\/ -->\n<title>JOSEPH JOSEPH 2 Ersatz-Geruchsfilter - dev6 Erresse<\/title>\n<meta name=\"description\" content=\"Produktmerkmale Beseitigen Sie unangenehme Ger\u00fcche ganz einfach mit diesen geruchsfreien M\u00fcllbeuteln. Aktivkohle-Nachf\u00fcllungen Diese Beutel absorbieren\" \/>\n<meta name=\"robots\" content=\"noindex, follow, max-snippet:-1, max-image-preview:large, max-video-preview:-1\" \/>\n<meta property=\"og:locale\" content=\"de_DE\" \/>\n<meta property=\"og:type\" content=\"article\" \/>\n<meta property=\"og:title\" content=\"JOSEPH JOSEPH 2 Ersatz-Geruchsfilter - dev6 Erresse\" \/>\n<meta property=\"og:description\" content=\"Produktmerkmale Beseitigen Sie unangenehme Ger\u00fcche ganz einfach mit diesen geruchsfreien M\u00fcllbeuteln. Aktivkohle-Nachf\u00fcllungen Diese Beutel absorbieren\" \/>\n<meta property=\"og:url\" content=\"https:\/\/dev6.erresse-shop.it\/de\/shop\/einrichtung-haus\/muelltonnen\/joseph-joseph-2-ersatz-geruchsfilter\/\" \/>\n<meta property=\"og:site_name\" content=\"dev6 Erresse\" \/>\n<meta property=\"og:image\" content=\"https:\/\/interpim.erresse-shop.it\/Import\/Prodotti\/joseph-joseph-intellingent-waste.jpg\" \/><meta property=\"og:image\" content=\"https:\/\/interpim.erresse-shop.it\/Import\/Prodotti\/joseph-joseph-intellingent-waste.jpg\" \/>\n\t<meta property=\"og:image:width\" content=\"1024\" \/>\n\t<meta property=\"og:image:height\" content=\"1024\" \/>\n\t<meta property=\"og:image:type\" content=\"image\/jpeg\" \/>\n<meta name=\"twitter:card\" content=\"summary_large_image\" \/>\n<meta name=\"twitter:image\" content=\"https:\/\/interpim.erresse-shop.it\/Import\/Prodotti\/joseph-joseph-intellingent-waste.jpg\" \/>\n<script type=\"application\/ld+json\" class=\"yoast-schema-graph\">{\"@context\":\"https:\/\/schema.org\",\"@graph\":[{\"@type\":\"WebPage\",\"@id\":\"https:\/\/dev6.erresse-shop.it\/de\/shop\/einrichtung-haus\/muelltonnen\/joseph-joseph-2-ersatz-geruchsfilter\/\",\"url\":\"https:\/\/dev6.erresse-shop.it\/de\/shop\/einrichtung-haus\/muelltonnen\/joseph-joseph-2-ersatz-geruchsfilter\/\",\"name\":\"JOSEPH JOSEPH 2 Ersatz-Geruchsfilter - dev6 Erresse\",\"isPartOf\":{\"@id\":\"https:\/\/dev6.erresse-shop.it\/#website\"},\"primaryImageOfPage\":{\"@id\":\"https:\/\/dev6.erresse-shop.it\/de\/shop\/einrichtung-haus\/muelltonnen\/joseph-joseph-2-ersatz-geruchsfilter\/#primaryimage\"},\"image\":{\"@id\":\"https:\/\/dev6.erresse-shop.it\/de\/shop\/einrichtung-haus\/muelltonnen\/joseph-joseph-2-ersatz-geruchsfilter\/#primaryimage\"},\"thumbnailUrl\":\"https:\/\/i1.wp.com\/interpim.erresse-shop.it\/Import\/Prodotti\/joseph-joseph-intellingent-waste.jpg?ssl=1\",\"datePublished\":\"2026-04-12T07:15:16+00:00\",\"description\":\"Produktmerkmale Beseitigen Sie unangenehme Ger\u00fcche ganz einfach mit diesen geruchsfreien M\u00fcllbeuteln. Aktivkohle-Nachf\u00fcllungen Diese Beutel absorbieren\",\"breadcrumb\":{\"@id\":\"https:\/\/dev6.erresse-shop.it\/de\/shop\/einrichtung-haus\/muelltonnen\/joseph-joseph-2-ersatz-geruchsfilter\/#breadcrumb\"},\"inLanguage\":\"de\",\"potentialAction\":[{\"@type\":\"ReadAction\",\"target\":[\"https:\/\/dev6.erresse-shop.it\/de\/shop\/einrichtung-haus\/muelltonnen\/joseph-joseph-2-ersatz-geruchsfilter\/\"]}]},{\"@type\":\"ImageObject\",\"inLanguage\":\"de\",\"@id\":\"https:\/\/dev6.erresse-shop.it\/de\/shop\/einrichtung-haus\/muelltonnen\/joseph-joseph-2-ersatz-geruchsfilter\/#primaryimage\",\"url\":\"https:\/\/i1.wp.com\/interpim.erresse-shop.it\/Import\/Prodotti\/joseph-joseph-intellingent-waste.jpg?ssl=1\",\"contentUrl\":\"https:\/\/i1.wp.com\/interpim.erresse-shop.it\/Import\/Prodotti\/joseph-joseph-intellingent-waste.jpg?ssl=1\"},{\"@type\":\"BreadcrumbList\",\"@id\":\"https:\/\/dev6.erresse-shop.it\/de\/shop\/einrichtung-haus\/muelltonnen\/joseph-joseph-2-ersatz-geruchsfilter\/#breadcrumb\",\"itemListElement\":[{\"@type\":\"ListItem\",\"position\":1,\"name\":\"Home\",\"item\":\"https:\/\/dev6.erresse-shop.it\/\"},{\"@type\":\"ListItem\",\"position\":2,\"name\":\"Shop\",\"item\":\"https:\/\/dev6.erresse-shop.it\/shop\/\"},{\"@type\":\"ListItem\",\"position\":3,\"name\":\"JOSEPH JOSEPH 2 Ersatz-Geruchsfilter\"}]},{\"@type\":\"WebSite\",\"@id\":\"https:\/\/dev6.erresse-shop.it\/#website\",\"url\":\"https:\/\/dev6.erresse-shop.it\/\",\"name\":\"Erresse Shop\",\"description\":\"\",\"publisher\":{\"@id\":\"https:\/\/dev6.erresse-shop.it\/#organization\"},\"potentialAction\":[{\"@type\":\"SearchAction\",\"target\":{\"@type\":\"EntryPoint\",\"urlTemplate\":\"https:\/\/dev6.erresse-shop.it\/?s={search_term_string}\"},\"query-input\":{\"@type\":\"PropertyValueSpecification\",\"valueRequired\":true,\"valueName\":\"search_term_string\"}}],\"inLanguage\":\"de\"},{\"@type\":\"Organization\",\"@id\":\"https:\/\/dev6.erresse-shop.it\/#organization\",\"name\":\"Erresse Shop\",\"url\":\"https:\/\/dev6.erresse-shop.it\/\",\"logo\":{\"@type\":\"ImageObject\",\"inLanguage\":\"de\",\"@id\":\"https:\/\/dev6.erresse-shop.it\/#\/schema\/logo\/image\/\",\"url\":\"https:\/\/dev6.erresse-shop.it\/wp-content\/uploads\/2025\/01\/LOGO-ERRESSE-CLASSICO.svg\",\"contentUrl\":\"https:\/\/dev6.erresse-shop.it\/wp-content\/uploads\/2025\/01\/LOGO-ERRESSE-CLASSICO.svg\",\"caption\":\"Erresse Shop\"},\"image\":{\"@id\":\"https:\/\/dev6.erresse-shop.it\/#\/schema\/logo\/image\/\"}}]}<\/script>\n<!-- \/ Yoast SEO plugin. -->","yoast_head_json":{"title":"JOSEPH JOSEPH 2 Ersatz-Geruchsfilter - dev6 Erresse","description":"Produktmerkmale Beseitigen Sie unangenehme Ger\u00fcche ganz einfach mit diesen geruchsfreien M\u00fcllbeuteln. Aktivkohle-Nachf\u00fcllungen Diese Beutel absorbieren","robots":{"index":"noindex","follow":"follow","max-snippet":"max-snippet:-1","max-image-preview":"max-image-preview:large","max-video-preview":"max-video-preview:-1"},"og_locale":"de_DE","og_type":"article","og_title":"JOSEPH JOSEPH 2 Ersatz-Geruchsfilter - dev6 Erresse","og_description":"Produktmerkmale Beseitigen Sie unangenehme Ger\u00fcche ganz einfach mit diesen geruchsfreien M\u00fcllbeuteln. Aktivkohle-Nachf\u00fcllungen Diese Beutel absorbieren","og_url":"https:\/\/dev6.erresse-shop.it\/de\/shop\/einrichtung-haus\/muelltonnen\/joseph-joseph-2-ersatz-geruchsfilter\/","og_site_name":"dev6 Erresse","og_image":[{"url":"https:\/\/interpim.erresse-shop.it\/Import\/Prodotti\/joseph-joseph-intellingent-waste.jpg","type":"","width":"","height":""},{"url":"https:\/\/interpim.erresse-shop.it\/Import\/Prodotti\/joseph-joseph-intellingent-waste.jpg","width":1024,"height":1024,"type":"image\/jpeg"}],"twitter_card":"summary_large_image","twitter_image":"https:\/\/interpim.erresse-shop.it\/Import\/Prodotti\/joseph-joseph-intellingent-waste.jpg","schema":{"@context":"https:\/\/schema.org","@graph":[{"@type":"WebPage","@id":"https:\/\/dev6.erresse-shop.it\/de\/shop\/einrichtung-haus\/muelltonnen\/joseph-joseph-2-ersatz-geruchsfilter\/","url":"https:\/\/dev6.erresse-shop.it\/de\/shop\/einrichtung-haus\/muelltonnen\/joseph-joseph-2-ersatz-geruchsfilter\/","name":"JOSEPH JOSEPH 2 Ersatz-Geruchsfilter - dev6 Erresse","isPartOf":{"@id":"https:\/\/dev6.erresse-shop.it\/#website"},"primaryImageOfPage":{"@id":"https:\/\/dev6.erresse-shop.it\/de\/shop\/einrichtung-haus\/muelltonnen\/joseph-joseph-2-ersatz-geruchsfilter\/#primaryimage"},"image":{"@id":"https:\/\/dev6.erresse-shop.it\/de\/shop\/einrichtung-haus\/muelltonnen\/joseph-joseph-2-ersatz-geruchsfilter\/#primaryimage"},"thumbnailUrl":"https:\/\/i1.wp.com\/interpim.erresse-shop.it\/Import\/Prodotti\/joseph-joseph-intellingent-waste.jpg?ssl=1","datePublished":"2026-04-12T07:15:16+00:00","description":"Produktmerkmale Beseitigen Sie unangenehme Ger\u00fcche ganz einfach mit diesen geruchsfreien M\u00fcllbeuteln. Aktivkohle-Nachf\u00fcllungen Diese Beutel absorbieren","breadcrumb":{"@id":"https:\/\/dev6.erresse-shop.it\/de\/shop\/einrichtung-haus\/muelltonnen\/joseph-joseph-2-ersatz-geruchsfilter\/#breadcrumb"},"inLanguage":"de","potentialAction":[{"@type":"ReadAction","target":["https:\/\/dev6.erresse-shop.it\/de\/shop\/einrichtung-haus\/muelltonnen\/joseph-joseph-2-ersatz-geruchsfilter\/"]}]},{"@type":"ImageObject","inLanguage":"de","@id":"https:\/\/dev6.erresse-shop.it\/de\/shop\/einrichtung-haus\/muelltonnen\/joseph-joseph-2-ersatz-geruchsfilter\/#primaryimage","url":"https:\/\/i1.wp.com\/interpim.erresse-shop.it\/Import\/Prodotti\/joseph-joseph-intellingent-waste.jpg?ssl=1","contentUrl":"https:\/\/i1.wp.com\/interpim.erresse-shop.it\/Import\/Prodotti\/joseph-joseph-intellingent-waste.jpg?ssl=1"},{"@type":"BreadcrumbList","@id":"https:\/\/dev6.erresse-shop.it\/de\/shop\/einrichtung-haus\/muelltonnen\/joseph-joseph-2-ersatz-geruchsfilter\/#breadcrumb","itemListElement":[{"@type":"ListItem","position":1,"name":"Home","item":"https:\/\/dev6.erresse-shop.it\/"},{"@type":"ListItem","position":2,"name":"Shop","item":"https:\/\/dev6.erresse-shop.it\/shop\/"},{"@type":"ListItem","position":3,"name":"JOSEPH JOSEPH 2 Ersatz-Geruchsfilter"}]},{"@type":"WebSite","@id":"https:\/\/dev6.erresse-shop.it\/#website","url":"https:\/\/dev6.erresse-shop.it\/","name":"Erresse Shop","description":"","publisher":{"@id":"https:\/\/dev6.erresse-shop.it\/#organization"},"potentialAction":[{"@type":"SearchAction","target":{"@type":"EntryPoint","urlTemplate":"https:\/\/dev6.erresse-shop.it\/?s={search_term_string}"},"query-input":{"@type":"PropertyValueSpecification","valueRequired":true,"valueName":"search_term_string"}}],"inLanguage":"de"},{"@type":"Organization","@id":"https:\/\/dev6.erresse-shop.it\/#organization","name":"Erresse Shop","url":"https:\/\/dev6.erresse-shop.it\/","logo":{"@type":"ImageObject","inLanguage":"de","@id":"https:\/\/dev6.erresse-shop.it\/#\/schema\/logo\/image\/","url":"https:\/\/dev6.erresse-shop.it\/wp-content\/uploads\/2025\/01\/LOGO-ERRESSE-CLASSICO.svg","contentUrl":"https:\/\/dev6.erresse-shop.it\/wp-content\/uploads\/2025\/01\/LOGO-ERRESSE-CLASSICO.svg","caption":"Erresse Shop"},"image":{"@id":"https:\/\/dev6.erresse-shop.it\/#\/schema\/logo\/image\/"}}]}},"df_price":11.9,"df_sale_price":"","df_regular_price":11.9,"df_image_link":"https:\/\/i1.wp.com\/interpim.erresse-shop.it\/Import\/Prodotti\/joseph-joseph-intellingent-waste.jpg?resize=300,300&ssl=1","fifu_image_url":"https:\/\/interpim.erresse-shop.it\/Import\/Prodotti\/joseph-joseph-intellingent-waste.jpg","_links":{"self":[{"href":"https:\/\/dev6.erresse-shop.it\/de\/wp-json\/wp\/v2\/product\/51648","targetHints":{"allow":["GET"]}}],"collection":[{"href":"https:\/\/dev6.erresse-shop.it\/de\/wp-json\/wp\/v2\/product"}],"about":[{"href":"https:\/\/dev6.erresse-shop.it\/de\/wp-json\/wp\/v2\/types\/product"}],"wp:featuredmedia":[{"embeddable":true,"href":"https:\/\/dev6.erresse-shop.it\/de\/wp-json\/wp\/v2\/media\/6358616"}],"wp:attachment":[{"href":"https:\/\/dev6.erresse-shop.it\/de\/wp-json\/wp\/v2\/media?parent=51648"}],"wp:term":[{"taxonomy":"product_cat","embeddable":true,"href":"https:\/\/dev6.erresse-shop.it\/de\/wp-json\/wp\/v2\/product_cat?post=51648"},{"taxonomy":"product_tag","embeddable":true,"href":"https:\/\/dev6.erresse-shop.it\/de\/wp-json\/wp\/v2\/product_tag?post=51648"}],"curies":[{"name":"wp","href":"https:\/\/api.w.org\/{rel}","templated":true}]}}