{"id":51646,"date":"2026-04-12T09:15:16","date_gmt":"2026-04-12T07:15:16","guid":{"rendered":"https:\/\/dev6.erresse-shop.it\/shop\/unkategorisiert\/joseph-joseph-40-liter-abfallsaecke-iw5\/"},"modified":"2025-09-14T01:00:52","modified_gmt":"2025-09-13T23:00:52","slug":"joseph-joseph-40-liter-abfallsaecke-iw5","status":"publish","type":"product","link":"https:\/\/dev6.erresse-shop.it\/de\/shop\/einrichtung-haus\/muelltonnen\/joseph-joseph-40-liter-abfallsaecke-iw5\/","title":{"rendered":"JOSEPH JOSEPH 40-Liter-Abfalls\u00e4cke IW5"},"content":{"rendered":"<p>Produktmerkmale<\/p>\n<p>Diese verstellbaren M\u00fcllbeutel wurden f\u00fcr den Titan 20 Presscontainer entwickelt und sind extrem haltbar f\u00fcr die Entsorgung aller wiederverwertbaren und nicht wiederverwertbaren Haushaltsabf\u00e4lle.<\/p>\n<p>Fasst bis zu 60 Liter gepressten Abfall<br \/>\nKordelzug f\u00fcr einfachen Verschluss<br \/>\nDoppellagige Konstruktion f\u00fcr extreme Festigkeit<br \/>\nEine Packung enth\u00e4lt 20 Abfallbeh\u00e4lter<br \/>\nExtra stark<br \/>\nMa\u00dfgeschneidert f\u00fcr Joseph Joseph Beh\u00e4lter (bitte beachten Sie den Liner Code auf dem Produkt)<br \/>\nVorsichtsma\u00dfnahmen und Verwendung:<br \/>\nPlastikt\u00fcten k\u00f6nnen gef\u00e4hrlich sein: Um ein Verschlucken zu verhindern, sollten sie au\u00dferhalb der Reichweite von S\u00e4uglingen und Kindern aufbewahrt werden.<\/p>\n<p>Abmessungen:<br \/>\nH23 x B8 x T8 cm (H9 x L3\u00bc x T3\u00bc Zoll)<\/p>\n<p>Entworfen von Joseph Joseph<\/p>\n","protected":false},"excerpt":{"rendered":"<p>Produktmerkmale Diese verstellbaren M\u00fcllbeutel wurden f\u00fcr den Titan 20 Presscontainer entwickelt und sind extrem haltbar f\u00fcr die Entsorgung aller wiederverwertbaren und nicht wiederverwertbaren Haushaltsabf\u00e4lle. Fasst bis zu 60 Liter gepressten Abfall Kordelzug f\u00fcr einfachen Verschluss Doppellagige Konstruktion f\u00fcr extreme Festigkeit Eine Packung enth\u00e4lt 20 Abfallbeh\u00e4lter Extra stark Ma\u00dfgeschneidert f\u00fcr Joseph Joseph Beh\u00e4lter (bitte beachten Sie [&hellip;]<\/p>\n","protected":false},"featured_media":6358604,"template":"","meta":{"_acf_changed":false},"product_cat":[11666,12098,12137],"product_tag":[],"class_list":{"0":"post-51646","1":"product","2":"type-product","3":"status-publish","4":"has-post-thumbnail","6":"product_cat-arredamento-casa","7":"product_cat-einrichtung-haus","8":"product_cat-muelltonnen","10":"first","11":"outofstock","12":"taxable","13":"shipping-taxable","14":"purchasable","15":"product-type-simple","swatches":"rey-swatches","show_selected":"","stretch_labels":"rey-swatches--stretch-labels"},"acf":[],"yoast_head":"<!-- This site is optimized with the Yoast SEO plugin v25.4 - https:\/\/yoast.com\/wordpress\/plugins\/seo\/ -->\n<title>JOSEPH JOSEPH 40-Liter-Abfalls\u00e4cke IW5 - dev6 Erresse<\/title>\n<meta name=\"description\" content=\"Produktmerkmale Diese verstellbaren M\u00fcllbeutel wurden f\u00fcr den Titan 20 Presscontainer entwickelt und sind extrem haltbar f\u00fcr die Entsorgung aller\" \/>\n<meta name=\"robots\" content=\"noindex, follow, max-snippet:-1, max-image-preview:large, max-video-preview:-1\" \/>\n<meta property=\"og:locale\" content=\"de_DE\" \/>\n<meta property=\"og:type\" content=\"article\" \/>\n<meta property=\"og:title\" content=\"JOSEPH JOSEPH 40-Liter-Abfalls\u00e4cke IW5 - dev6 Erresse\" \/>\n<meta property=\"og:description\" content=\"Produktmerkmale Diese verstellbaren M\u00fcllbeutel wurden f\u00fcr den Titan 20 Presscontainer entwickelt und sind extrem haltbar f\u00fcr die Entsorgung aller\" \/>\n<meta property=\"og:url\" content=\"https:\/\/dev6.erresse-shop.it\/de\/shop\/einrichtung-haus\/muelltonnen\/joseph-joseph-40-liter-abfallsaecke-iw5\/\" \/>\n<meta property=\"og:site_name\" content=\"dev6 Erresse\" \/>\n<meta property=\"og:image\" content=\"https:\/\/interpim.erresse-shop.it\/Import\/Prodotti\/joseph-joseph-sacchi-per-rifiuti-iw5-da-40-litri.jpg\" \/><meta property=\"og:image\" content=\"https:\/\/interpim.erresse-shop.it\/Import\/Prodotti\/joseph-joseph-sacchi-per-rifiuti-iw5-da-40-litri.jpg\" \/>\n\t<meta property=\"og:image:width\" content=\"1024\" \/>\n\t<meta property=\"og:image:height\" content=\"1024\" \/>\n\t<meta property=\"og:image:type\" content=\"image\/jpeg\" \/>\n<meta name=\"twitter:card\" content=\"summary_large_image\" \/>\n<meta name=\"twitter:image\" content=\"https:\/\/interpim.erresse-shop.it\/Import\/Prodotti\/joseph-joseph-sacchi-per-rifiuti-iw5-da-40-litri.jpg\" \/>\n<script type=\"application\/ld+json\" class=\"yoast-schema-graph\">{\"@context\":\"https:\/\/schema.org\",\"@graph\":[{\"@type\":\"WebPage\",\"@id\":\"https:\/\/dev6.erresse-shop.it\/de\/shop\/einrichtung-haus\/muelltonnen\/joseph-joseph-40-liter-abfallsaecke-iw5\/\",\"url\":\"https:\/\/dev6.erresse-shop.it\/de\/shop\/einrichtung-haus\/muelltonnen\/joseph-joseph-40-liter-abfallsaecke-iw5\/\",\"name\":\"JOSEPH JOSEPH 40-Liter-Abfalls\u00e4cke IW5 - dev6 Erresse\",\"isPartOf\":{\"@id\":\"https:\/\/dev6.erresse-shop.it\/#website\"},\"primaryImageOfPage\":{\"@id\":\"https:\/\/dev6.erresse-shop.it\/de\/shop\/einrichtung-haus\/muelltonnen\/joseph-joseph-40-liter-abfallsaecke-iw5\/#primaryimage\"},\"image\":{\"@id\":\"https:\/\/dev6.erresse-shop.it\/de\/shop\/einrichtung-haus\/muelltonnen\/joseph-joseph-40-liter-abfallsaecke-iw5\/#primaryimage\"},\"thumbnailUrl\":\"https:\/\/i0.wp.com\/interpim.erresse-shop.it\/Import\/Prodotti\/joseph-joseph-sacchi-per-rifiuti-iw5-da-40-litri.jpg?ssl=1\",\"datePublished\":\"2026-04-12T07:15:16+00:00\",\"description\":\"Produktmerkmale Diese verstellbaren M\u00fcllbeutel wurden f\u00fcr den Titan 20 Presscontainer entwickelt und sind extrem haltbar f\u00fcr die Entsorgung aller\",\"breadcrumb\":{\"@id\":\"https:\/\/dev6.erresse-shop.it\/de\/shop\/einrichtung-haus\/muelltonnen\/joseph-joseph-40-liter-abfallsaecke-iw5\/#breadcrumb\"},\"inLanguage\":\"de\",\"potentialAction\":[{\"@type\":\"ReadAction\",\"target\":[\"https:\/\/dev6.erresse-shop.it\/de\/shop\/einrichtung-haus\/muelltonnen\/joseph-joseph-40-liter-abfallsaecke-iw5\/\"]}]},{\"@type\":\"ImageObject\",\"inLanguage\":\"de\",\"@id\":\"https:\/\/dev6.erresse-shop.it\/de\/shop\/einrichtung-haus\/muelltonnen\/joseph-joseph-40-liter-abfallsaecke-iw5\/#primaryimage\",\"url\":\"https:\/\/i0.wp.com\/interpim.erresse-shop.it\/Import\/Prodotti\/joseph-joseph-sacchi-per-rifiuti-iw5-da-40-litri.jpg?ssl=1\",\"contentUrl\":\"https:\/\/i0.wp.com\/interpim.erresse-shop.it\/Import\/Prodotti\/joseph-joseph-sacchi-per-rifiuti-iw5-da-40-litri.jpg?ssl=1\"},{\"@type\":\"BreadcrumbList\",\"@id\":\"https:\/\/dev6.erresse-shop.it\/de\/shop\/einrichtung-haus\/muelltonnen\/joseph-joseph-40-liter-abfallsaecke-iw5\/#breadcrumb\",\"itemListElement\":[{\"@type\":\"ListItem\",\"position\":1,\"name\":\"Home\",\"item\":\"https:\/\/dev6.erresse-shop.it\/\"},{\"@type\":\"ListItem\",\"position\":2,\"name\":\"Shop\",\"item\":\"https:\/\/dev6.erresse-shop.it\/shop\/\"},{\"@type\":\"ListItem\",\"position\":3,\"name\":\"JOSEPH JOSEPH 40-Liter-Abfalls\u00e4cke IW5\"}]},{\"@type\":\"WebSite\",\"@id\":\"https:\/\/dev6.erresse-shop.it\/#website\",\"url\":\"https:\/\/dev6.erresse-shop.it\/\",\"name\":\"Erresse Shop\",\"description\":\"\",\"publisher\":{\"@id\":\"https:\/\/dev6.erresse-shop.it\/#organization\"},\"potentialAction\":[{\"@type\":\"SearchAction\",\"target\":{\"@type\":\"EntryPoint\",\"urlTemplate\":\"https:\/\/dev6.erresse-shop.it\/?s={search_term_string}\"},\"query-input\":{\"@type\":\"PropertyValueSpecification\",\"valueRequired\":true,\"valueName\":\"search_term_string\"}}],\"inLanguage\":\"de\"},{\"@type\":\"Organization\",\"@id\":\"https:\/\/dev6.erresse-shop.it\/#organization\",\"name\":\"Erresse Shop\",\"url\":\"https:\/\/dev6.erresse-shop.it\/\",\"logo\":{\"@type\":\"ImageObject\",\"inLanguage\":\"de\",\"@id\":\"https:\/\/dev6.erresse-shop.it\/#\/schema\/logo\/image\/\",\"url\":\"https:\/\/dev6.erresse-shop.it\/wp-content\/uploads\/2025\/01\/LOGO-ERRESSE-CLASSICO.svg\",\"contentUrl\":\"https:\/\/dev6.erresse-shop.it\/wp-content\/uploads\/2025\/01\/LOGO-ERRESSE-CLASSICO.svg\",\"caption\":\"Erresse Shop\"},\"image\":{\"@id\":\"https:\/\/dev6.erresse-shop.it\/#\/schema\/logo\/image\/\"}}]}<\/script>\n<!-- \/ Yoast SEO plugin. -->","yoast_head_json":{"title":"JOSEPH JOSEPH 40-Liter-Abfalls\u00e4cke IW5 - dev6 Erresse","description":"Produktmerkmale Diese verstellbaren M\u00fcllbeutel wurden f\u00fcr den Titan 20 Presscontainer entwickelt und sind extrem haltbar f\u00fcr die Entsorgung aller","robots":{"index":"noindex","follow":"follow","max-snippet":"max-snippet:-1","max-image-preview":"max-image-preview:large","max-video-preview":"max-video-preview:-1"},"og_locale":"de_DE","og_type":"article","og_title":"JOSEPH JOSEPH 40-Liter-Abfalls\u00e4cke IW5 - dev6 Erresse","og_description":"Produktmerkmale Diese verstellbaren M\u00fcllbeutel wurden f\u00fcr den Titan 20 Presscontainer entwickelt und sind extrem haltbar f\u00fcr die Entsorgung aller","og_url":"https:\/\/dev6.erresse-shop.it\/de\/shop\/einrichtung-haus\/muelltonnen\/joseph-joseph-40-liter-abfallsaecke-iw5\/","og_site_name":"dev6 Erresse","og_image":[{"url":"https:\/\/interpim.erresse-shop.it\/Import\/Prodotti\/joseph-joseph-sacchi-per-rifiuti-iw5-da-40-litri.jpg","type":"","width":"","height":""},{"url":"https:\/\/interpim.erresse-shop.it\/Import\/Prodotti\/joseph-joseph-sacchi-per-rifiuti-iw5-da-40-litri.jpg","width":1024,"height":1024,"type":"image\/jpeg"}],"twitter_card":"summary_large_image","twitter_image":"https:\/\/interpim.erresse-shop.it\/Import\/Prodotti\/joseph-joseph-sacchi-per-rifiuti-iw5-da-40-litri.jpg","schema":{"@context":"https:\/\/schema.org","@graph":[{"@type":"WebPage","@id":"https:\/\/dev6.erresse-shop.it\/de\/shop\/einrichtung-haus\/muelltonnen\/joseph-joseph-40-liter-abfallsaecke-iw5\/","url":"https:\/\/dev6.erresse-shop.it\/de\/shop\/einrichtung-haus\/muelltonnen\/joseph-joseph-40-liter-abfallsaecke-iw5\/","name":"JOSEPH JOSEPH 40-Liter-Abfalls\u00e4cke IW5 - dev6 Erresse","isPartOf":{"@id":"https:\/\/dev6.erresse-shop.it\/#website"},"primaryImageOfPage":{"@id":"https:\/\/dev6.erresse-shop.it\/de\/shop\/einrichtung-haus\/muelltonnen\/joseph-joseph-40-liter-abfallsaecke-iw5\/#primaryimage"},"image":{"@id":"https:\/\/dev6.erresse-shop.it\/de\/shop\/einrichtung-haus\/muelltonnen\/joseph-joseph-40-liter-abfallsaecke-iw5\/#primaryimage"},"thumbnailUrl":"https:\/\/i0.wp.com\/interpim.erresse-shop.it\/Import\/Prodotti\/joseph-joseph-sacchi-per-rifiuti-iw5-da-40-litri.jpg?ssl=1","datePublished":"2026-04-12T07:15:16+00:00","description":"Produktmerkmale Diese verstellbaren M\u00fcllbeutel wurden f\u00fcr den Titan 20 Presscontainer entwickelt und sind extrem haltbar f\u00fcr die Entsorgung aller","breadcrumb":{"@id":"https:\/\/dev6.erresse-shop.it\/de\/shop\/einrichtung-haus\/muelltonnen\/joseph-joseph-40-liter-abfallsaecke-iw5\/#breadcrumb"},"inLanguage":"de","potentialAction":[{"@type":"ReadAction","target":["https:\/\/dev6.erresse-shop.it\/de\/shop\/einrichtung-haus\/muelltonnen\/joseph-joseph-40-liter-abfallsaecke-iw5\/"]}]},{"@type":"ImageObject","inLanguage":"de","@id":"https:\/\/dev6.erresse-shop.it\/de\/shop\/einrichtung-haus\/muelltonnen\/joseph-joseph-40-liter-abfallsaecke-iw5\/#primaryimage","url":"https:\/\/i0.wp.com\/interpim.erresse-shop.it\/Import\/Prodotti\/joseph-joseph-sacchi-per-rifiuti-iw5-da-40-litri.jpg?ssl=1","contentUrl":"https:\/\/i0.wp.com\/interpim.erresse-shop.it\/Import\/Prodotti\/joseph-joseph-sacchi-per-rifiuti-iw5-da-40-litri.jpg?ssl=1"},{"@type":"BreadcrumbList","@id":"https:\/\/dev6.erresse-shop.it\/de\/shop\/einrichtung-haus\/muelltonnen\/joseph-joseph-40-liter-abfallsaecke-iw5\/#breadcrumb","itemListElement":[{"@type":"ListItem","position":1,"name":"Home","item":"https:\/\/dev6.erresse-shop.it\/"},{"@type":"ListItem","position":2,"name":"Shop","item":"https:\/\/dev6.erresse-shop.it\/shop\/"},{"@type":"ListItem","position":3,"name":"JOSEPH JOSEPH 40-Liter-Abfalls\u00e4cke IW5"}]},{"@type":"WebSite","@id":"https:\/\/dev6.erresse-shop.it\/#website","url":"https:\/\/dev6.erresse-shop.it\/","name":"Erresse Shop","description":"","publisher":{"@id":"https:\/\/dev6.erresse-shop.it\/#organization"},"potentialAction":[{"@type":"SearchAction","target":{"@type":"EntryPoint","urlTemplate":"https:\/\/dev6.erresse-shop.it\/?s={search_term_string}"},"query-input":{"@type":"PropertyValueSpecification","valueRequired":true,"valueName":"search_term_string"}}],"inLanguage":"de"},{"@type":"Organization","@id":"https:\/\/dev6.erresse-shop.it\/#organization","name":"Erresse Shop","url":"https:\/\/dev6.erresse-shop.it\/","logo":{"@type":"ImageObject","inLanguage":"de","@id":"https:\/\/dev6.erresse-shop.it\/#\/schema\/logo\/image\/","url":"https:\/\/dev6.erresse-shop.it\/wp-content\/uploads\/2025\/01\/LOGO-ERRESSE-CLASSICO.svg","contentUrl":"https:\/\/dev6.erresse-shop.it\/wp-content\/uploads\/2025\/01\/LOGO-ERRESSE-CLASSICO.svg","caption":"Erresse Shop"},"image":{"@id":"https:\/\/dev6.erresse-shop.it\/#\/schema\/logo\/image\/"}}]}},"df_price":11.9,"df_sale_price":"","df_regular_price":11.9,"df_image_link":"https:\/\/i0.wp.com\/interpim.erresse-shop.it\/Import\/Prodotti\/joseph-joseph-sacchi-per-rifiuti-iw5-da-40-litri.jpg?resize=300,300&ssl=1","fifu_image_url":"https:\/\/interpim.erresse-shop.it\/Import\/Prodotti\/joseph-joseph-sacchi-per-rifiuti-iw5-da-40-litri.jpg","_links":{"self":[{"href":"https:\/\/dev6.erresse-shop.it\/de\/wp-json\/wp\/v2\/product\/51646","targetHints":{"allow":["GET"]}}],"collection":[{"href":"https:\/\/dev6.erresse-shop.it\/de\/wp-json\/wp\/v2\/product"}],"about":[{"href":"https:\/\/dev6.erresse-shop.it\/de\/wp-json\/wp\/v2\/types\/product"}],"wp:featuredmedia":[{"embeddable":true,"href":"https:\/\/dev6.erresse-shop.it\/de\/wp-json\/wp\/v2\/media\/6358604"}],"wp:attachment":[{"href":"https:\/\/dev6.erresse-shop.it\/de\/wp-json\/wp\/v2\/media?parent=51646"}],"wp:term":[{"taxonomy":"product_cat","embeddable":true,"href":"https:\/\/dev6.erresse-shop.it\/de\/wp-json\/wp\/v2\/product_cat?post=51646"},{"taxonomy":"product_tag","embeddable":true,"href":"https:\/\/dev6.erresse-shop.it\/de\/wp-json\/wp\/v2\/product_tag?post=51646"}],"curies":[{"name":"wp","href":"https:\/\/api.w.org\/{rel}","templated":true}]}}