{"id":51632,"date":"2026-04-12T09:15:16","date_gmt":"2026-04-12T07:15:16","guid":{"rendered":"https:\/\/dev6.erresse-shop.it\/shop\/unkategorisiert\/sambonet-30-teiliges-service-monoblock-dream-mirror-stahl\/"},"modified":"2025-07-03T20:27:38","modified_gmt":"2025-07-03T18:27:38","slug":"sambonet-30-teiliges-service-monoblock-dream-mirror-stahl","status":"publish","type":"product","link":"https:\/\/dev6.erresse-shop.it\/de\/shop\/tisch\/besteck\/sambonet-30-teiliges-service-monoblock-dream-mirror-stahl\/","title":{"rendered":"SAMBONET 30 teiliges Service Monoblock Dream Mirror Stahl"},"content":{"rendered":"<p>Beschreibung<br \/>\nDream ist eine originelle und harmonische Tropfenform, eine Kollektion, die sich durch einen sehr modernen Stil auszeichnet. Eine unverzichtbare Kollektion f\u00fcr Sambonet. Diese Besteckserie wertet Ihren Tisch auf, sowohl im Alltag als auch bei besonderen Anl\u00e4ssen.<\/p>\n<p>Technische Daten<br \/>\nMarke: Sambonet<br \/>\nKollektion: Traum<br \/>\nMaterial: Rostfreier Stahl<br \/>\nDekor: Edelstahl 18\/10<br \/>\nAnzahl der Artikel im Set: 30<br \/>\nSet bestehend aus: 6 Tafell\u00f6ffel, 6 Tafelgabeln, 6 Tafelmesser, 6 Dessertgabeln, 6 Teel\u00f6ffel<br \/>\nF\u00fcr wie viele Personen geeignet: 6<br \/>\nArt.Nr.: 52515-N1<br \/>\nJahr der Einf\u00fchrung: 2015<\/p>\n<p>Abmessungen<br \/>\nGewicht des Artikels: 2,20 kg<br \/>\nH\u00f6he des Pakets: 6,00 cm<br \/>\nL\u00e4nge des Pakets: 35,00 cm<br \/>\nBreite des Pakets: 48,00 cm<br \/>\nGewicht des Pakets: 2,20 kg<\/p>\n<p>Pflegehinweise<br \/>\nVOR UND NACH JEDEM GEBRAUCH: Waschen Sie Edelstahlteile in hei\u00dfem Wasser und neutraler Waschl\u00f6sung (Sp\u00fclmittel). Verwenden Sie keine synthetischen, chlorhaltigen oder stark alkalischen Reinigungsmittel. Anschlie\u00dfend gr\u00fcndlich abtrocknen und in einem trockenen Raum aufbewahren. Lebensmittelreste, insbesondere Salz (NaCI), Zitrone, Essig, Tomaten usw., sollten sorgf\u00e4ltig entfernt werden, um Korrosion zu vermeiden. Falls die Gegenst\u00e4nde in der Geschirrsp\u00fclmaschine gewaschen wurden, pr\u00fcfen Sie, ob sie am Ende des Waschgangs vollkommen trocken sind. Falls nicht, trocknen Sie sie gr\u00fcndlich von Hand. Die Klingen der Messer sind aus martensitischem, rostfreiem Stahl 420 hergestellt und geh\u00e4rtet, was eine lange Schnitthaltigkeit gew\u00e4hrleistet, aber weniger korrosionsbest\u00e4ndig ist. Waschen, trocknen und lagern Sie die Artikel daher nach Gebrauch sorgf\u00e4ltig.<\/p>\n","protected":false},"excerpt":{"rendered":"<p>Beschreibung Dream ist eine originelle und harmonische Tropfenform, eine Kollektion, die sich durch einen sehr modernen Stil auszeichnet. Eine unverzichtbare Kollektion f\u00fcr Sambonet. Diese Besteckserie wertet Ihren Tisch auf, sowohl im Alltag als auch bei besonderen Anl\u00e4ssen. Technische Daten Marke: Sambonet Kollektion: Traum Material: Rostfreier Stahl Dekor: Edelstahl 18\/10 Anzahl der Artikel im Set: 30 [&hellip;]<\/p>\n","protected":false},"featured_media":6358483,"template":"","meta":{"_acf_changed":false},"product_cat":[12104,11671,12103],"product_tag":[],"class_list":{"0":"post-51632","1":"product","2":"type-product","3":"status-publish","4":"has-post-thumbnail","6":"product_cat-besteck","7":"product_cat-tavola","8":"product_cat-tisch","10":"first","11":"outofstock","12":"taxable","13":"shipping-taxable","14":"product-type-simple","swatches":"rey-swatches","show_selected":"","stretch_labels":"rey-swatches--stretch-labels"},"acf":[],"yoast_head":"<!-- This site is optimized with the Yoast SEO plugin v25.4 - https:\/\/yoast.com\/wordpress\/plugins\/seo\/ -->\n<title>SAMBONET 30 teiliges Service Monoblock Dream Mirror Stahl - dev6 Erresse<\/title>\n<meta name=\"description\" content=\"Beschreibung Dream ist eine originelle und harmonische Tropfenform, eine Kollektion, die sich durch einen sehr modernen Stil auszeichnet. Eine\" \/>\n<meta name=\"robots\" content=\"noindex, follow, max-snippet:-1, max-image-preview:large, max-video-preview:-1\" \/>\n<meta property=\"og:locale\" content=\"de_DE\" \/>\n<meta property=\"og:type\" content=\"article\" \/>\n<meta property=\"og:title\" content=\"SAMBONET 30 teiliges Service Monoblock Dream Mirror Stahl - dev6 Erresse\" \/>\n<meta property=\"og:description\" content=\"Beschreibung Dream ist eine originelle und harmonische Tropfenform, eine Kollektion, die sich durch einen sehr modernen Stil auszeichnet. Eine\" \/>\n<meta property=\"og:url\" content=\"https:\/\/dev6.erresse-shop.it\/de\/shop\/tisch\/besteck\/sambonet-30-teiliges-service-monoblock-dream-mirror-stahl\/\" \/>\n<meta property=\"og:site_name\" content=\"dev6 Erresse\" \/>\n<meta property=\"og:image\" content=\"https:\/\/interpim.erresse-shop.it\/wp-content\/uploads\/2022\/12\/SAMBONET-Servizio-30-Pezzi-Monoblocco-Dream-Inox.jpg\/sambonet-servizio-30-pezzi-monoblocco-dream-inox.jpg\" \/><meta property=\"og:image\" content=\"https:\/\/interpim.erresse-shop.it\/wp-content\/uploads\/2022\/12\/SAMBONET-Servizio-30-Pezzi-Monoblocco-Dream-Inox.jpg\/sambonet-servizio-30-pezzi-monoblocco-dream-inox.jpg\" \/>\n\t<meta property=\"og:image:width\" content=\"1024\" \/>\n\t<meta property=\"og:image:height\" content=\"1024\" \/>\n\t<meta property=\"og:image:type\" content=\"image\/jpeg\" \/>\n<meta name=\"twitter:card\" content=\"summary_large_image\" \/>\n<meta name=\"twitter:image\" content=\"https:\/\/interpim.erresse-shop.it\/wp-content\/uploads\/2022\/12\/SAMBONET-Servizio-30-Pezzi-Monoblocco-Dream-Inox.jpg\/sambonet-servizio-30-pezzi-monoblocco-dream-inox.jpg\" \/>\n<script type=\"application\/ld+json\" class=\"yoast-schema-graph\">{\"@context\":\"https:\/\/schema.org\",\"@graph\":[{\"@type\":\"WebPage\",\"@id\":\"https:\/\/dev6.erresse-shop.it\/de\/shop\/tisch\/besteck\/sambonet-30-teiliges-service-monoblock-dream-mirror-stahl\/\",\"url\":\"https:\/\/dev6.erresse-shop.it\/de\/shop\/tisch\/besteck\/sambonet-30-teiliges-service-monoblock-dream-mirror-stahl\/\",\"name\":\"SAMBONET 30 teiliges Service Monoblock Dream Mirror Stahl - dev6 Erresse\",\"isPartOf\":{\"@id\":\"https:\/\/dev6.erresse-shop.it\/#website\"},\"primaryImageOfPage\":{\"@id\":\"https:\/\/dev6.erresse-shop.it\/de\/shop\/tisch\/besteck\/sambonet-30-teiliges-service-monoblock-dream-mirror-stahl\/#primaryimage\"},\"image\":{\"@id\":\"https:\/\/dev6.erresse-shop.it\/de\/shop\/tisch\/besteck\/sambonet-30-teiliges-service-monoblock-dream-mirror-stahl\/#primaryimage\"},\"thumbnailUrl\":\"https:\/\/i2.wp.com\/interpim.erresse-shop.it\/wp-content\/uploads\/2022\/12\/SAMBONET-Servizio-30-Pezzi-Monoblocco-Dream-Inox.jpg\/sambonet-servizio-30-pezzi-monoblocco-dream-inox.jpg?ssl=1\",\"datePublished\":\"2026-04-12T07:15:16+00:00\",\"description\":\"Beschreibung Dream ist eine originelle und harmonische Tropfenform, eine Kollektion, die sich durch einen sehr modernen Stil auszeichnet. Eine\",\"breadcrumb\":{\"@id\":\"https:\/\/dev6.erresse-shop.it\/de\/shop\/tisch\/besteck\/sambonet-30-teiliges-service-monoblock-dream-mirror-stahl\/#breadcrumb\"},\"inLanguage\":\"de\",\"potentialAction\":[{\"@type\":\"ReadAction\",\"target\":[\"https:\/\/dev6.erresse-shop.it\/de\/shop\/tisch\/besteck\/sambonet-30-teiliges-service-monoblock-dream-mirror-stahl\/\"]}]},{\"@type\":\"ImageObject\",\"inLanguage\":\"de\",\"@id\":\"https:\/\/dev6.erresse-shop.it\/de\/shop\/tisch\/besteck\/sambonet-30-teiliges-service-monoblock-dream-mirror-stahl\/#primaryimage\",\"url\":\"https:\/\/i2.wp.com\/interpim.erresse-shop.it\/wp-content\/uploads\/2022\/12\/SAMBONET-Servizio-30-Pezzi-Monoblocco-Dream-Inox.jpg\/sambonet-servizio-30-pezzi-monoblocco-dream-inox.jpg?ssl=1\",\"contentUrl\":\"https:\/\/i2.wp.com\/interpim.erresse-shop.it\/wp-content\/uploads\/2022\/12\/SAMBONET-Servizio-30-Pezzi-Monoblocco-Dream-Inox.jpg\/sambonet-servizio-30-pezzi-monoblocco-dream-inox.jpg?ssl=1\"},{\"@type\":\"BreadcrumbList\",\"@id\":\"https:\/\/dev6.erresse-shop.it\/de\/shop\/tisch\/besteck\/sambonet-30-teiliges-service-monoblock-dream-mirror-stahl\/#breadcrumb\",\"itemListElement\":[{\"@type\":\"ListItem\",\"position\":1,\"name\":\"Home\",\"item\":\"https:\/\/dev6.erresse-shop.it\/\"},{\"@type\":\"ListItem\",\"position\":2,\"name\":\"Shop\",\"item\":\"https:\/\/dev6.erresse-shop.it\/shop\/\"},{\"@type\":\"ListItem\",\"position\":3,\"name\":\"SAMBONET 30 teiliges Service Monoblock Dream Mirror Stahl\"}]},{\"@type\":\"WebSite\",\"@id\":\"https:\/\/dev6.erresse-shop.it\/#website\",\"url\":\"https:\/\/dev6.erresse-shop.it\/\",\"name\":\"Erresse Shop\",\"description\":\"\",\"publisher\":{\"@id\":\"https:\/\/dev6.erresse-shop.it\/#organization\"},\"potentialAction\":[{\"@type\":\"SearchAction\",\"target\":{\"@type\":\"EntryPoint\",\"urlTemplate\":\"https:\/\/dev6.erresse-shop.it\/?s={search_term_string}\"},\"query-input\":{\"@type\":\"PropertyValueSpecification\",\"valueRequired\":true,\"valueName\":\"search_term_string\"}}],\"inLanguage\":\"de\"},{\"@type\":\"Organization\",\"@id\":\"https:\/\/dev6.erresse-shop.it\/#organization\",\"name\":\"Erresse Shop\",\"url\":\"https:\/\/dev6.erresse-shop.it\/\",\"logo\":{\"@type\":\"ImageObject\",\"inLanguage\":\"de\",\"@id\":\"https:\/\/dev6.erresse-shop.it\/#\/schema\/logo\/image\/\",\"url\":\"https:\/\/dev6.erresse-shop.it\/wp-content\/uploads\/2025\/01\/LOGO-ERRESSE-CLASSICO.svg\",\"contentUrl\":\"https:\/\/dev6.erresse-shop.it\/wp-content\/uploads\/2025\/01\/LOGO-ERRESSE-CLASSICO.svg\",\"caption\":\"Erresse Shop\"},\"image\":{\"@id\":\"https:\/\/dev6.erresse-shop.it\/#\/schema\/logo\/image\/\"}}]}<\/script>\n<!-- \/ Yoast SEO plugin. -->","yoast_head_json":{"title":"SAMBONET 30 teiliges Service Monoblock Dream Mirror Stahl - dev6 Erresse","description":"Beschreibung Dream ist eine originelle und harmonische Tropfenform, eine Kollektion, die sich durch einen sehr modernen Stil auszeichnet. Eine","robots":{"index":"noindex","follow":"follow","max-snippet":"max-snippet:-1","max-image-preview":"max-image-preview:large","max-video-preview":"max-video-preview:-1"},"og_locale":"de_DE","og_type":"article","og_title":"SAMBONET 30 teiliges Service Monoblock Dream Mirror Stahl - dev6 Erresse","og_description":"Beschreibung Dream ist eine originelle und harmonische Tropfenform, eine Kollektion, die sich durch einen sehr modernen Stil auszeichnet. Eine","og_url":"https:\/\/dev6.erresse-shop.it\/de\/shop\/tisch\/besteck\/sambonet-30-teiliges-service-monoblock-dream-mirror-stahl\/","og_site_name":"dev6 Erresse","og_image":[{"url":"https:\/\/interpim.erresse-shop.it\/wp-content\/uploads\/2022\/12\/SAMBONET-Servizio-30-Pezzi-Monoblocco-Dream-Inox.jpg\/sambonet-servizio-30-pezzi-monoblocco-dream-inox.jpg","type":"","width":"","height":""},{"url":"https:\/\/interpim.erresse-shop.it\/wp-content\/uploads\/2022\/12\/SAMBONET-Servizio-30-Pezzi-Monoblocco-Dream-Inox.jpg\/sambonet-servizio-30-pezzi-monoblocco-dream-inox.jpg","width":1024,"height":1024,"type":"image\/jpeg"}],"twitter_card":"summary_large_image","twitter_image":"https:\/\/interpim.erresse-shop.it\/wp-content\/uploads\/2022\/12\/SAMBONET-Servizio-30-Pezzi-Monoblocco-Dream-Inox.jpg\/sambonet-servizio-30-pezzi-monoblocco-dream-inox.jpg","schema":{"@context":"https:\/\/schema.org","@graph":[{"@type":"WebPage","@id":"https:\/\/dev6.erresse-shop.it\/de\/shop\/tisch\/besteck\/sambonet-30-teiliges-service-monoblock-dream-mirror-stahl\/","url":"https:\/\/dev6.erresse-shop.it\/de\/shop\/tisch\/besteck\/sambonet-30-teiliges-service-monoblock-dream-mirror-stahl\/","name":"SAMBONET 30 teiliges Service Monoblock Dream Mirror Stahl - dev6 Erresse","isPartOf":{"@id":"https:\/\/dev6.erresse-shop.it\/#website"},"primaryImageOfPage":{"@id":"https:\/\/dev6.erresse-shop.it\/de\/shop\/tisch\/besteck\/sambonet-30-teiliges-service-monoblock-dream-mirror-stahl\/#primaryimage"},"image":{"@id":"https:\/\/dev6.erresse-shop.it\/de\/shop\/tisch\/besteck\/sambonet-30-teiliges-service-monoblock-dream-mirror-stahl\/#primaryimage"},"thumbnailUrl":"https:\/\/i2.wp.com\/interpim.erresse-shop.it\/wp-content\/uploads\/2022\/12\/SAMBONET-Servizio-30-Pezzi-Monoblocco-Dream-Inox.jpg\/sambonet-servizio-30-pezzi-monoblocco-dream-inox.jpg?ssl=1","datePublished":"2026-04-12T07:15:16+00:00","description":"Beschreibung Dream ist eine originelle und harmonische Tropfenform, eine Kollektion, die sich durch einen sehr modernen Stil auszeichnet. Eine","breadcrumb":{"@id":"https:\/\/dev6.erresse-shop.it\/de\/shop\/tisch\/besteck\/sambonet-30-teiliges-service-monoblock-dream-mirror-stahl\/#breadcrumb"},"inLanguage":"de","potentialAction":[{"@type":"ReadAction","target":["https:\/\/dev6.erresse-shop.it\/de\/shop\/tisch\/besteck\/sambonet-30-teiliges-service-monoblock-dream-mirror-stahl\/"]}]},{"@type":"ImageObject","inLanguage":"de","@id":"https:\/\/dev6.erresse-shop.it\/de\/shop\/tisch\/besteck\/sambonet-30-teiliges-service-monoblock-dream-mirror-stahl\/#primaryimage","url":"https:\/\/i2.wp.com\/interpim.erresse-shop.it\/wp-content\/uploads\/2022\/12\/SAMBONET-Servizio-30-Pezzi-Monoblocco-Dream-Inox.jpg\/sambonet-servizio-30-pezzi-monoblocco-dream-inox.jpg?ssl=1","contentUrl":"https:\/\/i2.wp.com\/interpim.erresse-shop.it\/wp-content\/uploads\/2022\/12\/SAMBONET-Servizio-30-Pezzi-Monoblocco-Dream-Inox.jpg\/sambonet-servizio-30-pezzi-monoblocco-dream-inox.jpg?ssl=1"},{"@type":"BreadcrumbList","@id":"https:\/\/dev6.erresse-shop.it\/de\/shop\/tisch\/besteck\/sambonet-30-teiliges-service-monoblock-dream-mirror-stahl\/#breadcrumb","itemListElement":[{"@type":"ListItem","position":1,"name":"Home","item":"https:\/\/dev6.erresse-shop.it\/"},{"@type":"ListItem","position":2,"name":"Shop","item":"https:\/\/dev6.erresse-shop.it\/shop\/"},{"@type":"ListItem","position":3,"name":"SAMBONET 30 teiliges Service Monoblock Dream Mirror Stahl"}]},{"@type":"WebSite","@id":"https:\/\/dev6.erresse-shop.it\/#website","url":"https:\/\/dev6.erresse-shop.it\/","name":"Erresse Shop","description":"","publisher":{"@id":"https:\/\/dev6.erresse-shop.it\/#organization"},"potentialAction":[{"@type":"SearchAction","target":{"@type":"EntryPoint","urlTemplate":"https:\/\/dev6.erresse-shop.it\/?s={search_term_string}"},"query-input":{"@type":"PropertyValueSpecification","valueRequired":true,"valueName":"search_term_string"}}],"inLanguage":"de"},{"@type":"Organization","@id":"https:\/\/dev6.erresse-shop.it\/#organization","name":"Erresse Shop","url":"https:\/\/dev6.erresse-shop.it\/","logo":{"@type":"ImageObject","inLanguage":"de","@id":"https:\/\/dev6.erresse-shop.it\/#\/schema\/logo\/image\/","url":"https:\/\/dev6.erresse-shop.it\/wp-content\/uploads\/2025\/01\/LOGO-ERRESSE-CLASSICO.svg","contentUrl":"https:\/\/dev6.erresse-shop.it\/wp-content\/uploads\/2025\/01\/LOGO-ERRESSE-CLASSICO.svg","caption":"Erresse Shop"},"image":{"@id":"https:\/\/dev6.erresse-shop.it\/#\/schema\/logo\/image\/"}}]}},"df_price":"","df_sale_price":"","df_regular_price":"","df_image_link":"https:\/\/i2.wp.com\/interpim.erresse-shop.it\/wp-content\/uploads\/2022\/12\/SAMBONET-Servizio-30-Pezzi-Monoblocco-Dream-Inox.jpg\/sambonet-servizio-30-pezzi-monoblocco-dream-inox.jpg?resize=300,300&ssl=1","fifu_image_url":"https:\/\/interpim.erresse-shop.it\/wp-content\/uploads\/2022\/12\/SAMBONET-Servizio-30-Pezzi-Monoblocco-Dream-Inox.jpg\/sambonet-servizio-30-pezzi-monoblocco-dream-inox.jpg","_links":{"self":[{"href":"https:\/\/dev6.erresse-shop.it\/de\/wp-json\/wp\/v2\/product\/51632","targetHints":{"allow":["GET"]}}],"collection":[{"href":"https:\/\/dev6.erresse-shop.it\/de\/wp-json\/wp\/v2\/product"}],"about":[{"href":"https:\/\/dev6.erresse-shop.it\/de\/wp-json\/wp\/v2\/types\/product"}],"wp:featuredmedia":[{"embeddable":true,"href":"https:\/\/dev6.erresse-shop.it\/de\/wp-json\/wp\/v2\/media\/6358483"}],"wp:attachment":[{"href":"https:\/\/dev6.erresse-shop.it\/de\/wp-json\/wp\/v2\/media?parent=51632"}],"wp:term":[{"taxonomy":"product_cat","embeddable":true,"href":"https:\/\/dev6.erresse-shop.it\/de\/wp-json\/wp\/v2\/product_cat?post=51632"},{"taxonomy":"product_tag","embeddable":true,"href":"https:\/\/dev6.erresse-shop.it\/de\/wp-json\/wp\/v2\/product_tag?post=51632"}],"curies":[{"name":"wp","href":"https:\/\/api.w.org\/{rel}","templated":true}]}}