{"id":51628,"date":"2026-04-12T09:15:16","date_gmt":"2026-04-12T07:15:16","guid":{"rendered":"https:\/\/dev6.erresse-shop.it\/shop\/unkategorisiert\/sambonet-24-teiliges-service-monoblock-sintesi-mirror-stahl\/"},"modified":"2025-07-03T20:27:32","modified_gmt":"2025-07-03T18:27:32","slug":"sambonet-24-teiliges-service-monoblock-sintesi-mirror-stahl","status":"publish","type":"product","link":"https:\/\/dev6.erresse-shop.it\/de\/shop\/tisch\/besteck\/sambonet-24-teiliges-service-monoblock-sintesi-mirror-stahl\/","title":{"rendered":"SAMBONET 24 teiliges Service Monoblock Sintesi Mirror Stahl"},"content":{"rendered":"<p>Beschreibung<br \/>\nSintesi betont die formale Leichtigkeit, die darauf abzielt, die perfekte Synthese zwischen Ergonomie, Zweckm\u00e4\u00dfigkeit und Vielseitigkeit des Gebrauchs auf den Tisch zu bringen.<\/p>\n<p>Jedes Besteckteil ist aus Edelstahl 18\/10 gefertigt, mit einem einfachen, symmetrischen und robusten Griff.<br \/>\nSchlicht und formell, perfekt f\u00fcr die Mise en place bei besonderen Anl\u00e4ssen oder um dem Tisch einen Hauch von Leichtigkeit zu verleihen.<br \/>\nKomplettes Set f\u00fcr 6 Personen. Enth\u00e4lt: 6 Tafelgabeln, 6 Tafell\u00f6ffel, 6 Tafelmesser und 6 Teel\u00f6ffel. Sp\u00fclmaschinenfest.<br \/>\nPr\u00e4sentiert in einer eleganten Geschenkbox.<\/p>\n<p>Technische Spezifikationen<br \/>\nMarke: Sambonet<br \/>\nKollektion: Sintesi<br \/>\nMaterial: Edelstahl rostfrei<br \/>\nDekor: Edelstahl Rostfrei<br \/>\nAnzahl der Teile im Set: 24<br \/>\nSetzusammenstellung: 6 Tafell\u00f6ffel, 6 Tafelgabeln, 6 Tafelmesser, 6 Teel\u00f6ffel<br \/>\nGeeignet f\u00fcr wie viele Personen: 6<br \/>\nArtikelnummer: 52536-81<br \/>\nJahr der Einf\u00fchrung: 2011<\/p>\n<p>Ma\u00dfe<br \/>\nGewicht des Artikels: 1,85 kg<br \/>\nVerpackungsh\u00f6he: 4,90 cm<br \/>\nL\u00e4nge der Verpackung: 30,00 cm<br \/>\nBreite der Verpackung: 32,40 cm<br \/>\nGewicht mit Verpackung: 1,85 kg<\/p>\n","protected":false},"excerpt":{"rendered":"<p>Beschreibung Sintesi betont die formale Leichtigkeit, die darauf abzielt, die perfekte Synthese zwischen Ergonomie, Zweckm\u00e4\u00dfigkeit und Vielseitigkeit des Gebrauchs auf den Tisch zu bringen. Jedes Besteckteil ist aus Edelstahl 18\/10 gefertigt, mit einem einfachen, symmetrischen und robusten Griff. Schlicht und formell, perfekt f\u00fcr die Mise en place bei besonderen Anl\u00e4ssen oder um dem Tisch einen [&hellip;]<\/p>\n","protected":false},"featured_media":6358465,"template":"","meta":{"_acf_changed":false},"product_cat":[12104,11671,12103],"product_tag":[],"class_list":{"0":"post-51628","1":"product","2":"type-product","3":"status-publish","4":"has-post-thumbnail","6":"product_cat-besteck","7":"product_cat-tavola","8":"product_cat-tisch","10":"first","11":"outofstock","12":"taxable","13":"shipping-taxable","14":"product-type-simple","swatches":"rey-swatches","show_selected":"","stretch_labels":"rey-swatches--stretch-labels"},"acf":[],"yoast_head":"<!-- This site is optimized with the Yoast SEO plugin v25.4 - https:\/\/yoast.com\/wordpress\/plugins\/seo\/ -->\n<title>SAMBONET 24 teiliges Service Monoblock Sintesi Mirror Stahl - dev6 Erresse<\/title>\n<meta name=\"description\" content=\"Beschreibung Sintesi betont die formale Leichtigkeit, die darauf abzielt, die perfekte Synthese zwischen Ergonomie, Zweckm\u00e4\u00dfigkeit und Vielseitigkeit des\" \/>\n<meta name=\"robots\" content=\"noindex, follow, max-snippet:-1, max-image-preview:large, max-video-preview:-1\" \/>\n<meta property=\"og:locale\" content=\"de_DE\" \/>\n<meta property=\"og:type\" content=\"article\" \/>\n<meta property=\"og:title\" content=\"SAMBONET 24 teiliges Service Monoblock Sintesi Mirror Stahl - dev6 Erresse\" \/>\n<meta property=\"og:description\" content=\"Beschreibung Sintesi betont die formale Leichtigkeit, die darauf abzielt, die perfekte Synthese zwischen Ergonomie, Zweckm\u00e4\u00dfigkeit und Vielseitigkeit des\" \/>\n<meta property=\"og:url\" content=\"https:\/\/dev6.erresse-shop.it\/de\/shop\/tisch\/besteck\/sambonet-24-teiliges-service-monoblock-sintesi-mirror-stahl\/\" \/>\n<meta property=\"og:site_name\" content=\"dev6 Erresse\" \/>\n<meta property=\"og:image\" content=\"https:\/\/interpim.erresse-shop.it\/img-catalogo\/sambonet\/sambonet-servizio-24-pz-monoblocco-sintesi-inox.jpg\" \/><meta property=\"og:image\" content=\"https:\/\/interpim.erresse-shop.it\/img-catalogo\/sambonet\/sambonet-servizio-24-pz-monoblocco-sintesi-inox.jpg\" \/>\n\t<meta property=\"og:image:width\" content=\"1024\" \/>\n\t<meta property=\"og:image:height\" content=\"1024\" \/>\n\t<meta property=\"og:image:type\" content=\"image\/jpeg\" \/>\n<meta name=\"twitter:card\" content=\"summary_large_image\" \/>\n<meta name=\"twitter:image\" content=\"https:\/\/interpim.erresse-shop.it\/img-catalogo\/sambonet\/sambonet-servizio-24-pz-monoblocco-sintesi-inox.jpg\" \/>\n<script type=\"application\/ld+json\" class=\"yoast-schema-graph\">{\"@context\":\"https:\/\/schema.org\",\"@graph\":[{\"@type\":\"WebPage\",\"@id\":\"https:\/\/dev6.erresse-shop.it\/de\/shop\/tisch\/besteck\/sambonet-24-teiliges-service-monoblock-sintesi-mirror-stahl\/\",\"url\":\"https:\/\/dev6.erresse-shop.it\/de\/shop\/tisch\/besteck\/sambonet-24-teiliges-service-monoblock-sintesi-mirror-stahl\/\",\"name\":\"SAMBONET 24 teiliges Service Monoblock Sintesi Mirror Stahl - dev6 Erresse\",\"isPartOf\":{\"@id\":\"https:\/\/dev6.erresse-shop.it\/#website\"},\"primaryImageOfPage\":{\"@id\":\"https:\/\/dev6.erresse-shop.it\/de\/shop\/tisch\/besteck\/sambonet-24-teiliges-service-monoblock-sintesi-mirror-stahl\/#primaryimage\"},\"image\":{\"@id\":\"https:\/\/dev6.erresse-shop.it\/de\/shop\/tisch\/besteck\/sambonet-24-teiliges-service-monoblock-sintesi-mirror-stahl\/#primaryimage\"},\"thumbnailUrl\":\"https:\/\/i0.wp.com\/interpim.erresse-shop.it\/img-catalogo\/sambonet\/sambonet-servizio-24-pz-monoblocco-sintesi-inox.jpg?ssl=1\",\"datePublished\":\"2026-04-12T07:15:16+00:00\",\"description\":\"Beschreibung Sintesi betont die formale Leichtigkeit, die darauf abzielt, die perfekte Synthese zwischen Ergonomie, Zweckm\u00e4\u00dfigkeit und Vielseitigkeit des\",\"breadcrumb\":{\"@id\":\"https:\/\/dev6.erresse-shop.it\/de\/shop\/tisch\/besteck\/sambonet-24-teiliges-service-monoblock-sintesi-mirror-stahl\/#breadcrumb\"},\"inLanguage\":\"de\",\"potentialAction\":[{\"@type\":\"ReadAction\",\"target\":[\"https:\/\/dev6.erresse-shop.it\/de\/shop\/tisch\/besteck\/sambonet-24-teiliges-service-monoblock-sintesi-mirror-stahl\/\"]}]},{\"@type\":\"ImageObject\",\"inLanguage\":\"de\",\"@id\":\"https:\/\/dev6.erresse-shop.it\/de\/shop\/tisch\/besteck\/sambonet-24-teiliges-service-monoblock-sintesi-mirror-stahl\/#primaryimage\",\"url\":\"https:\/\/i0.wp.com\/interpim.erresse-shop.it\/img-catalogo\/sambonet\/sambonet-servizio-24-pz-monoblocco-sintesi-inox.jpg?ssl=1\",\"contentUrl\":\"https:\/\/i0.wp.com\/interpim.erresse-shop.it\/img-catalogo\/sambonet\/sambonet-servizio-24-pz-monoblocco-sintesi-inox.jpg?ssl=1\"},{\"@type\":\"BreadcrumbList\",\"@id\":\"https:\/\/dev6.erresse-shop.it\/de\/shop\/tisch\/besteck\/sambonet-24-teiliges-service-monoblock-sintesi-mirror-stahl\/#breadcrumb\",\"itemListElement\":[{\"@type\":\"ListItem\",\"position\":1,\"name\":\"Home\",\"item\":\"https:\/\/dev6.erresse-shop.it\/\"},{\"@type\":\"ListItem\",\"position\":2,\"name\":\"Shop\",\"item\":\"https:\/\/dev6.erresse-shop.it\/shop\/\"},{\"@type\":\"ListItem\",\"position\":3,\"name\":\"SAMBONET 24 teiliges Service Monoblock Sintesi Mirror Stahl\"}]},{\"@type\":\"WebSite\",\"@id\":\"https:\/\/dev6.erresse-shop.it\/#website\",\"url\":\"https:\/\/dev6.erresse-shop.it\/\",\"name\":\"Erresse Shop\",\"description\":\"\",\"publisher\":{\"@id\":\"https:\/\/dev6.erresse-shop.it\/#organization\"},\"potentialAction\":[{\"@type\":\"SearchAction\",\"target\":{\"@type\":\"EntryPoint\",\"urlTemplate\":\"https:\/\/dev6.erresse-shop.it\/?s={search_term_string}\"},\"query-input\":{\"@type\":\"PropertyValueSpecification\",\"valueRequired\":true,\"valueName\":\"search_term_string\"}}],\"inLanguage\":\"de\"},{\"@type\":\"Organization\",\"@id\":\"https:\/\/dev6.erresse-shop.it\/#organization\",\"name\":\"Erresse Shop\",\"url\":\"https:\/\/dev6.erresse-shop.it\/\",\"logo\":{\"@type\":\"ImageObject\",\"inLanguage\":\"de\",\"@id\":\"https:\/\/dev6.erresse-shop.it\/#\/schema\/logo\/image\/\",\"url\":\"https:\/\/dev6.erresse-shop.it\/wp-content\/uploads\/2025\/01\/LOGO-ERRESSE-CLASSICO.svg\",\"contentUrl\":\"https:\/\/dev6.erresse-shop.it\/wp-content\/uploads\/2025\/01\/LOGO-ERRESSE-CLASSICO.svg\",\"caption\":\"Erresse Shop\"},\"image\":{\"@id\":\"https:\/\/dev6.erresse-shop.it\/#\/schema\/logo\/image\/\"}}]}<\/script>\n<!-- \/ Yoast SEO plugin. -->","yoast_head_json":{"title":"SAMBONET 24 teiliges Service Monoblock Sintesi Mirror Stahl - dev6 Erresse","description":"Beschreibung Sintesi betont die formale Leichtigkeit, die darauf abzielt, die perfekte Synthese zwischen Ergonomie, Zweckm\u00e4\u00dfigkeit und Vielseitigkeit des","robots":{"index":"noindex","follow":"follow","max-snippet":"max-snippet:-1","max-image-preview":"max-image-preview:large","max-video-preview":"max-video-preview:-1"},"og_locale":"de_DE","og_type":"article","og_title":"SAMBONET 24 teiliges Service Monoblock Sintesi Mirror Stahl - dev6 Erresse","og_description":"Beschreibung Sintesi betont die formale Leichtigkeit, die darauf abzielt, die perfekte Synthese zwischen Ergonomie, Zweckm\u00e4\u00dfigkeit und Vielseitigkeit des","og_url":"https:\/\/dev6.erresse-shop.it\/de\/shop\/tisch\/besteck\/sambonet-24-teiliges-service-monoblock-sintesi-mirror-stahl\/","og_site_name":"dev6 Erresse","og_image":[{"url":"https:\/\/interpim.erresse-shop.it\/img-catalogo\/sambonet\/sambonet-servizio-24-pz-monoblocco-sintesi-inox.jpg","type":"","width":"","height":""},{"url":"https:\/\/interpim.erresse-shop.it\/img-catalogo\/sambonet\/sambonet-servizio-24-pz-monoblocco-sintesi-inox.jpg","width":1024,"height":1024,"type":"image\/jpeg"}],"twitter_card":"summary_large_image","twitter_image":"https:\/\/interpim.erresse-shop.it\/img-catalogo\/sambonet\/sambonet-servizio-24-pz-monoblocco-sintesi-inox.jpg","schema":{"@context":"https:\/\/schema.org","@graph":[{"@type":"WebPage","@id":"https:\/\/dev6.erresse-shop.it\/de\/shop\/tisch\/besteck\/sambonet-24-teiliges-service-monoblock-sintesi-mirror-stahl\/","url":"https:\/\/dev6.erresse-shop.it\/de\/shop\/tisch\/besteck\/sambonet-24-teiliges-service-monoblock-sintesi-mirror-stahl\/","name":"SAMBONET 24 teiliges Service Monoblock Sintesi Mirror Stahl - dev6 Erresse","isPartOf":{"@id":"https:\/\/dev6.erresse-shop.it\/#website"},"primaryImageOfPage":{"@id":"https:\/\/dev6.erresse-shop.it\/de\/shop\/tisch\/besteck\/sambonet-24-teiliges-service-monoblock-sintesi-mirror-stahl\/#primaryimage"},"image":{"@id":"https:\/\/dev6.erresse-shop.it\/de\/shop\/tisch\/besteck\/sambonet-24-teiliges-service-monoblock-sintesi-mirror-stahl\/#primaryimage"},"thumbnailUrl":"https:\/\/i0.wp.com\/interpim.erresse-shop.it\/img-catalogo\/sambonet\/sambonet-servizio-24-pz-monoblocco-sintesi-inox.jpg?ssl=1","datePublished":"2026-04-12T07:15:16+00:00","description":"Beschreibung Sintesi betont die formale Leichtigkeit, die darauf abzielt, die perfekte Synthese zwischen Ergonomie, Zweckm\u00e4\u00dfigkeit und Vielseitigkeit des","breadcrumb":{"@id":"https:\/\/dev6.erresse-shop.it\/de\/shop\/tisch\/besteck\/sambonet-24-teiliges-service-monoblock-sintesi-mirror-stahl\/#breadcrumb"},"inLanguage":"de","potentialAction":[{"@type":"ReadAction","target":["https:\/\/dev6.erresse-shop.it\/de\/shop\/tisch\/besteck\/sambonet-24-teiliges-service-monoblock-sintesi-mirror-stahl\/"]}]},{"@type":"ImageObject","inLanguage":"de","@id":"https:\/\/dev6.erresse-shop.it\/de\/shop\/tisch\/besteck\/sambonet-24-teiliges-service-monoblock-sintesi-mirror-stahl\/#primaryimage","url":"https:\/\/i0.wp.com\/interpim.erresse-shop.it\/img-catalogo\/sambonet\/sambonet-servizio-24-pz-monoblocco-sintesi-inox.jpg?ssl=1","contentUrl":"https:\/\/i0.wp.com\/interpim.erresse-shop.it\/img-catalogo\/sambonet\/sambonet-servizio-24-pz-monoblocco-sintesi-inox.jpg?ssl=1"},{"@type":"BreadcrumbList","@id":"https:\/\/dev6.erresse-shop.it\/de\/shop\/tisch\/besteck\/sambonet-24-teiliges-service-monoblock-sintesi-mirror-stahl\/#breadcrumb","itemListElement":[{"@type":"ListItem","position":1,"name":"Home","item":"https:\/\/dev6.erresse-shop.it\/"},{"@type":"ListItem","position":2,"name":"Shop","item":"https:\/\/dev6.erresse-shop.it\/shop\/"},{"@type":"ListItem","position":3,"name":"SAMBONET 24 teiliges Service Monoblock Sintesi Mirror Stahl"}]},{"@type":"WebSite","@id":"https:\/\/dev6.erresse-shop.it\/#website","url":"https:\/\/dev6.erresse-shop.it\/","name":"Erresse Shop","description":"","publisher":{"@id":"https:\/\/dev6.erresse-shop.it\/#organization"},"potentialAction":[{"@type":"SearchAction","target":{"@type":"EntryPoint","urlTemplate":"https:\/\/dev6.erresse-shop.it\/?s={search_term_string}"},"query-input":{"@type":"PropertyValueSpecification","valueRequired":true,"valueName":"search_term_string"}}],"inLanguage":"de"},{"@type":"Organization","@id":"https:\/\/dev6.erresse-shop.it\/#organization","name":"Erresse Shop","url":"https:\/\/dev6.erresse-shop.it\/","logo":{"@type":"ImageObject","inLanguage":"de","@id":"https:\/\/dev6.erresse-shop.it\/#\/schema\/logo\/image\/","url":"https:\/\/dev6.erresse-shop.it\/wp-content\/uploads\/2025\/01\/LOGO-ERRESSE-CLASSICO.svg","contentUrl":"https:\/\/dev6.erresse-shop.it\/wp-content\/uploads\/2025\/01\/LOGO-ERRESSE-CLASSICO.svg","caption":"Erresse Shop"},"image":{"@id":"https:\/\/dev6.erresse-shop.it\/#\/schema\/logo\/image\/"}}]}},"df_price":"","df_sale_price":"","df_regular_price":"","df_image_link":"https:\/\/i0.wp.com\/interpim.erresse-shop.it\/img-catalogo\/sambonet\/sambonet-servizio-24-pz-monoblocco-sintesi-inox.jpg?resize=300,300&ssl=1","fifu_image_url":"https:\/\/interpim.erresse-shop.it\/img-catalogo\/sambonet\/sambonet-servizio-24-pz-monoblocco-sintesi-inox.jpg","_links":{"self":[{"href":"https:\/\/dev6.erresse-shop.it\/de\/wp-json\/wp\/v2\/product\/51628","targetHints":{"allow":["GET"]}}],"collection":[{"href":"https:\/\/dev6.erresse-shop.it\/de\/wp-json\/wp\/v2\/product"}],"about":[{"href":"https:\/\/dev6.erresse-shop.it\/de\/wp-json\/wp\/v2\/types\/product"}],"wp:featuredmedia":[{"embeddable":true,"href":"https:\/\/dev6.erresse-shop.it\/de\/wp-json\/wp\/v2\/media\/6358465"}],"wp:attachment":[{"href":"https:\/\/dev6.erresse-shop.it\/de\/wp-json\/wp\/v2\/media?parent=51628"}],"wp:term":[{"taxonomy":"product_cat","embeddable":true,"href":"https:\/\/dev6.erresse-shop.it\/de\/wp-json\/wp\/v2\/product_cat?post=51628"},{"taxonomy":"product_tag","embeddable":true,"href":"https:\/\/dev6.erresse-shop.it\/de\/wp-json\/wp\/v2\/product_tag?post=51628"}],"curies":[{"name":"wp","href":"https:\/\/api.w.org\/{rel}","templated":true}]}}