{"id":51626,"date":"2026-04-12T09:15:16","date_gmt":"2026-04-12T07:15:16","guid":{"rendered":"https:\/\/dev6.erresse-shop.it\/shop\/unkategorisiert\/sambonet-24-teiliges-service-monoblock-cometa-pvd-gold\/"},"modified":"2025-07-03T20:27:29","modified_gmt":"2025-07-03T18:27:29","slug":"sambonet-24-teiliges-service-monoblock-cometa-pvd-gold","status":"publish","type":"product","link":"https:\/\/dev6.erresse-shop.it\/de\/shop\/tisch\/besteck\/sambonet-24-teiliges-service-monoblock-cometa-pvd-gold\/","title":{"rendered":"SAMBONET 24 teiliges Service Monoblock Cometa Pvd Gold"},"content":{"rendered":"<p>Das Cometa-Tischservice besteht aus:<\/p>\n<p>6 L\u00f6ffel<br \/>\n6 Gabeln<br \/>\n6 Messer<br \/>\n6 Teel\u00f6ffel<\/p>\n<p>Dieses Set ist f\u00fcr 6 Personen geeignet und zeichnet sich durch eine auf dem Markt einzigartige Textur aus: sch\u00f6ne kometenartige Verzierungen.<br \/>\nDas Dekor, das auf beiden Seiten vorhanden ist, wurde beim Gie\u00dfen des Bestecks selbst angebracht. Dies tr\u00e4gt zu seiner Langlebigkeit bei.<br \/>\nDas Service ist aus hochwertigem, sp\u00fclmaschinenfestem 18\/10-Edelstahl gefertigt.<\/p>\n<p>F\u00fcr alle, die sich f\u00fcr neue Trends und die Welt der Mode interessieren.<br \/>\nDas Besteck Cometa orientiert sich an den Sternbildern, die die weihnachtliche Ikonographie inspiriert haben, mit einem poppigen Touch und m\u00e4rchenhaften Verunreinigungen.<\/p>\n","protected":false},"excerpt":{"rendered":"<p>Das Cometa-Tischservice besteht aus: 6 L\u00f6ffel 6 Gabeln 6 Messer 6 Teel\u00f6ffel Dieses Set ist f\u00fcr 6 Personen geeignet und zeichnet sich durch eine auf dem Markt einzigartige Textur aus: sch\u00f6ne kometenartige Verzierungen. Das Dekor, das auf beiden Seiten vorhanden ist, wurde beim Gie\u00dfen des Bestecks selbst angebracht. Dies tr\u00e4gt zu seiner Langlebigkeit bei. Das [&hellip;]<\/p>\n","protected":false},"featured_media":6358452,"template":"","meta":{"_acf_changed":false},"product_cat":[12104,11671,12103],"product_tag":[],"class_list":{"0":"post-51626","1":"product","2":"type-product","3":"status-publish","4":"has-post-thumbnail","6":"product_cat-besteck","7":"product_cat-tavola","8":"product_cat-tisch","10":"first","11":"outofstock","12":"taxable","13":"shipping-taxable","14":"product-type-simple","swatches":"rey-swatches","show_selected":"","stretch_labels":"rey-swatches--stretch-labels"},"acf":[],"yoast_head":"<!-- This site is optimized with the Yoast SEO plugin v25.4 - https:\/\/yoast.com\/wordpress\/plugins\/seo\/ -->\n<title>SAMBONET 24 teiliges Service Monoblock Cometa Pvd Gold - dev6 Erresse<\/title>\n<meta name=\"description\" content=\"Das Cometa-Tischservice besteht aus: 6 L\u00f6ffel 6 Gabeln 6 Messer 6 Teel\u00f6ffel Dieses Set ist f\u00fcr 6 Personen geeignet und zeichnet sich durch eine auf dem\" \/>\n<meta name=\"robots\" content=\"noindex, follow, max-snippet:-1, max-image-preview:large, max-video-preview:-1\" \/>\n<meta property=\"og:locale\" content=\"de_DE\" \/>\n<meta property=\"og:type\" content=\"article\" \/>\n<meta property=\"og:title\" content=\"SAMBONET 24 teiliges Service Monoblock Cometa Pvd Gold - dev6 Erresse\" \/>\n<meta property=\"og:description\" content=\"Das Cometa-Tischservice besteht aus: 6 L\u00f6ffel 6 Gabeln 6 Messer 6 Teel\u00f6ffel Dieses Set ist f\u00fcr 6 Personen geeignet und zeichnet sich durch eine auf dem\" \/>\n<meta property=\"og:url\" content=\"https:\/\/dev6.erresse-shop.it\/de\/shop\/tisch\/besteck\/sambonet-24-teiliges-service-monoblock-cometa-pvd-gold\/\" \/>\n<meta property=\"og:site_name\" content=\"dev6 Erresse\" \/>\n<meta property=\"og:image\" content=\"https:\/\/interpim.erresse-shop.it\/img-catalogo\/sambonet\/sambonet-servizio-24-pz-monoblocco-cometa.jpg\" \/><meta property=\"og:image\" content=\"https:\/\/interpim.erresse-shop.it\/img-catalogo\/sambonet\/sambonet-servizio-24-pz-monoblocco-cometa.jpg\" \/>\n\t<meta property=\"og:image:width\" content=\"1024\" \/>\n\t<meta property=\"og:image:height\" content=\"1024\" \/>\n\t<meta property=\"og:image:type\" content=\"image\/jpeg\" \/>\n<meta name=\"twitter:card\" content=\"summary_large_image\" \/>\n<meta name=\"twitter:image\" content=\"https:\/\/interpim.erresse-shop.it\/img-catalogo\/sambonet\/sambonet-servizio-24-pz-monoblocco-cometa.jpg\" \/>\n<script type=\"application\/ld+json\" class=\"yoast-schema-graph\">{\"@context\":\"https:\/\/schema.org\",\"@graph\":[{\"@type\":\"WebPage\",\"@id\":\"https:\/\/dev6.erresse-shop.it\/de\/shop\/tisch\/besteck\/sambonet-24-teiliges-service-monoblock-cometa-pvd-gold\/\",\"url\":\"https:\/\/dev6.erresse-shop.it\/de\/shop\/tisch\/besteck\/sambonet-24-teiliges-service-monoblock-cometa-pvd-gold\/\",\"name\":\"SAMBONET 24 teiliges Service Monoblock Cometa Pvd Gold - dev6 Erresse\",\"isPartOf\":{\"@id\":\"https:\/\/dev6.erresse-shop.it\/#website\"},\"primaryImageOfPage\":{\"@id\":\"https:\/\/dev6.erresse-shop.it\/de\/shop\/tisch\/besteck\/sambonet-24-teiliges-service-monoblock-cometa-pvd-gold\/#primaryimage\"},\"image\":{\"@id\":\"https:\/\/dev6.erresse-shop.it\/de\/shop\/tisch\/besteck\/sambonet-24-teiliges-service-monoblock-cometa-pvd-gold\/#primaryimage\"},\"thumbnailUrl\":\"https:\/\/i0.wp.com\/interpim.erresse-shop.it\/img-catalogo\/sambonet\/sambonet-servizio-24-pz-monoblocco-cometa.jpg?ssl=1\",\"datePublished\":\"2026-04-12T07:15:16+00:00\",\"description\":\"Das Cometa-Tischservice besteht aus: 6 L\u00f6ffel 6 Gabeln 6 Messer 6 Teel\u00f6ffel Dieses Set ist f\u00fcr 6 Personen geeignet und zeichnet sich durch eine auf dem\",\"breadcrumb\":{\"@id\":\"https:\/\/dev6.erresse-shop.it\/de\/shop\/tisch\/besteck\/sambonet-24-teiliges-service-monoblock-cometa-pvd-gold\/#breadcrumb\"},\"inLanguage\":\"de\",\"potentialAction\":[{\"@type\":\"ReadAction\",\"target\":[\"https:\/\/dev6.erresse-shop.it\/de\/shop\/tisch\/besteck\/sambonet-24-teiliges-service-monoblock-cometa-pvd-gold\/\"]}]},{\"@type\":\"ImageObject\",\"inLanguage\":\"de\",\"@id\":\"https:\/\/dev6.erresse-shop.it\/de\/shop\/tisch\/besteck\/sambonet-24-teiliges-service-monoblock-cometa-pvd-gold\/#primaryimage\",\"url\":\"https:\/\/i0.wp.com\/interpim.erresse-shop.it\/img-catalogo\/sambonet\/sambonet-servizio-24-pz-monoblocco-cometa.jpg?ssl=1\",\"contentUrl\":\"https:\/\/i0.wp.com\/interpim.erresse-shop.it\/img-catalogo\/sambonet\/sambonet-servizio-24-pz-monoblocco-cometa.jpg?ssl=1\"},{\"@type\":\"BreadcrumbList\",\"@id\":\"https:\/\/dev6.erresse-shop.it\/de\/shop\/tisch\/besteck\/sambonet-24-teiliges-service-monoblock-cometa-pvd-gold\/#breadcrumb\",\"itemListElement\":[{\"@type\":\"ListItem\",\"position\":1,\"name\":\"Home\",\"item\":\"https:\/\/dev6.erresse-shop.it\/\"},{\"@type\":\"ListItem\",\"position\":2,\"name\":\"Shop\",\"item\":\"https:\/\/dev6.erresse-shop.it\/shop\/\"},{\"@type\":\"ListItem\",\"position\":3,\"name\":\"SAMBONET 24 teiliges Service Monoblock Cometa Pvd Gold\"}]},{\"@type\":\"WebSite\",\"@id\":\"https:\/\/dev6.erresse-shop.it\/#website\",\"url\":\"https:\/\/dev6.erresse-shop.it\/\",\"name\":\"Erresse Shop\",\"description\":\"\",\"publisher\":{\"@id\":\"https:\/\/dev6.erresse-shop.it\/#organization\"},\"potentialAction\":[{\"@type\":\"SearchAction\",\"target\":{\"@type\":\"EntryPoint\",\"urlTemplate\":\"https:\/\/dev6.erresse-shop.it\/?s={search_term_string}\"},\"query-input\":{\"@type\":\"PropertyValueSpecification\",\"valueRequired\":true,\"valueName\":\"search_term_string\"}}],\"inLanguage\":\"de\"},{\"@type\":\"Organization\",\"@id\":\"https:\/\/dev6.erresse-shop.it\/#organization\",\"name\":\"Erresse Shop\",\"url\":\"https:\/\/dev6.erresse-shop.it\/\",\"logo\":{\"@type\":\"ImageObject\",\"inLanguage\":\"de\",\"@id\":\"https:\/\/dev6.erresse-shop.it\/#\/schema\/logo\/image\/\",\"url\":\"https:\/\/dev6.erresse-shop.it\/wp-content\/uploads\/2025\/01\/LOGO-ERRESSE-CLASSICO.svg\",\"contentUrl\":\"https:\/\/dev6.erresse-shop.it\/wp-content\/uploads\/2025\/01\/LOGO-ERRESSE-CLASSICO.svg\",\"caption\":\"Erresse Shop\"},\"image\":{\"@id\":\"https:\/\/dev6.erresse-shop.it\/#\/schema\/logo\/image\/\"}}]}<\/script>\n<!-- \/ Yoast SEO plugin. -->","yoast_head_json":{"title":"SAMBONET 24 teiliges Service Monoblock Cometa Pvd Gold - dev6 Erresse","description":"Das Cometa-Tischservice besteht aus: 6 L\u00f6ffel 6 Gabeln 6 Messer 6 Teel\u00f6ffel Dieses Set ist f\u00fcr 6 Personen geeignet und zeichnet sich durch eine auf dem","robots":{"index":"noindex","follow":"follow","max-snippet":"max-snippet:-1","max-image-preview":"max-image-preview:large","max-video-preview":"max-video-preview:-1"},"og_locale":"de_DE","og_type":"article","og_title":"SAMBONET 24 teiliges Service Monoblock Cometa Pvd Gold - dev6 Erresse","og_description":"Das Cometa-Tischservice besteht aus: 6 L\u00f6ffel 6 Gabeln 6 Messer 6 Teel\u00f6ffel Dieses Set ist f\u00fcr 6 Personen geeignet und zeichnet sich durch eine auf dem","og_url":"https:\/\/dev6.erresse-shop.it\/de\/shop\/tisch\/besteck\/sambonet-24-teiliges-service-monoblock-cometa-pvd-gold\/","og_site_name":"dev6 Erresse","og_image":[{"url":"https:\/\/interpim.erresse-shop.it\/img-catalogo\/sambonet\/sambonet-servizio-24-pz-monoblocco-cometa.jpg","type":"","width":"","height":""},{"url":"https:\/\/interpim.erresse-shop.it\/img-catalogo\/sambonet\/sambonet-servizio-24-pz-monoblocco-cometa.jpg","width":1024,"height":1024,"type":"image\/jpeg"}],"twitter_card":"summary_large_image","twitter_image":"https:\/\/interpim.erresse-shop.it\/img-catalogo\/sambonet\/sambonet-servizio-24-pz-monoblocco-cometa.jpg","schema":{"@context":"https:\/\/schema.org","@graph":[{"@type":"WebPage","@id":"https:\/\/dev6.erresse-shop.it\/de\/shop\/tisch\/besteck\/sambonet-24-teiliges-service-monoblock-cometa-pvd-gold\/","url":"https:\/\/dev6.erresse-shop.it\/de\/shop\/tisch\/besteck\/sambonet-24-teiliges-service-monoblock-cometa-pvd-gold\/","name":"SAMBONET 24 teiliges Service Monoblock Cometa Pvd Gold - dev6 Erresse","isPartOf":{"@id":"https:\/\/dev6.erresse-shop.it\/#website"},"primaryImageOfPage":{"@id":"https:\/\/dev6.erresse-shop.it\/de\/shop\/tisch\/besteck\/sambonet-24-teiliges-service-monoblock-cometa-pvd-gold\/#primaryimage"},"image":{"@id":"https:\/\/dev6.erresse-shop.it\/de\/shop\/tisch\/besteck\/sambonet-24-teiliges-service-monoblock-cometa-pvd-gold\/#primaryimage"},"thumbnailUrl":"https:\/\/i0.wp.com\/interpim.erresse-shop.it\/img-catalogo\/sambonet\/sambonet-servizio-24-pz-monoblocco-cometa.jpg?ssl=1","datePublished":"2026-04-12T07:15:16+00:00","description":"Das Cometa-Tischservice besteht aus: 6 L\u00f6ffel 6 Gabeln 6 Messer 6 Teel\u00f6ffel Dieses Set ist f\u00fcr 6 Personen geeignet und zeichnet sich durch eine auf dem","breadcrumb":{"@id":"https:\/\/dev6.erresse-shop.it\/de\/shop\/tisch\/besteck\/sambonet-24-teiliges-service-monoblock-cometa-pvd-gold\/#breadcrumb"},"inLanguage":"de","potentialAction":[{"@type":"ReadAction","target":["https:\/\/dev6.erresse-shop.it\/de\/shop\/tisch\/besteck\/sambonet-24-teiliges-service-monoblock-cometa-pvd-gold\/"]}]},{"@type":"ImageObject","inLanguage":"de","@id":"https:\/\/dev6.erresse-shop.it\/de\/shop\/tisch\/besteck\/sambonet-24-teiliges-service-monoblock-cometa-pvd-gold\/#primaryimage","url":"https:\/\/i0.wp.com\/interpim.erresse-shop.it\/img-catalogo\/sambonet\/sambonet-servizio-24-pz-monoblocco-cometa.jpg?ssl=1","contentUrl":"https:\/\/i0.wp.com\/interpim.erresse-shop.it\/img-catalogo\/sambonet\/sambonet-servizio-24-pz-monoblocco-cometa.jpg?ssl=1"},{"@type":"BreadcrumbList","@id":"https:\/\/dev6.erresse-shop.it\/de\/shop\/tisch\/besteck\/sambonet-24-teiliges-service-monoblock-cometa-pvd-gold\/#breadcrumb","itemListElement":[{"@type":"ListItem","position":1,"name":"Home","item":"https:\/\/dev6.erresse-shop.it\/"},{"@type":"ListItem","position":2,"name":"Shop","item":"https:\/\/dev6.erresse-shop.it\/shop\/"},{"@type":"ListItem","position":3,"name":"SAMBONET 24 teiliges Service Monoblock Cometa Pvd Gold"}]},{"@type":"WebSite","@id":"https:\/\/dev6.erresse-shop.it\/#website","url":"https:\/\/dev6.erresse-shop.it\/","name":"Erresse Shop","description":"","publisher":{"@id":"https:\/\/dev6.erresse-shop.it\/#organization"},"potentialAction":[{"@type":"SearchAction","target":{"@type":"EntryPoint","urlTemplate":"https:\/\/dev6.erresse-shop.it\/?s={search_term_string}"},"query-input":{"@type":"PropertyValueSpecification","valueRequired":true,"valueName":"search_term_string"}}],"inLanguage":"de"},{"@type":"Organization","@id":"https:\/\/dev6.erresse-shop.it\/#organization","name":"Erresse Shop","url":"https:\/\/dev6.erresse-shop.it\/","logo":{"@type":"ImageObject","inLanguage":"de","@id":"https:\/\/dev6.erresse-shop.it\/#\/schema\/logo\/image\/","url":"https:\/\/dev6.erresse-shop.it\/wp-content\/uploads\/2025\/01\/LOGO-ERRESSE-CLASSICO.svg","contentUrl":"https:\/\/dev6.erresse-shop.it\/wp-content\/uploads\/2025\/01\/LOGO-ERRESSE-CLASSICO.svg","caption":"Erresse Shop"},"image":{"@id":"https:\/\/dev6.erresse-shop.it\/#\/schema\/logo\/image\/"}}]}},"df_price":"","df_sale_price":"","df_regular_price":"","df_image_link":"https:\/\/i0.wp.com\/interpim.erresse-shop.it\/img-catalogo\/sambonet\/sambonet-servizio-24-pz-monoblocco-cometa.jpg?resize=300,300&ssl=1","fifu_image_url":"https:\/\/interpim.erresse-shop.it\/img-catalogo\/sambonet\/sambonet-servizio-24-pz-monoblocco-cometa.jpg","_links":{"self":[{"href":"https:\/\/dev6.erresse-shop.it\/de\/wp-json\/wp\/v2\/product\/51626","targetHints":{"allow":["GET"]}}],"collection":[{"href":"https:\/\/dev6.erresse-shop.it\/de\/wp-json\/wp\/v2\/product"}],"about":[{"href":"https:\/\/dev6.erresse-shop.it\/de\/wp-json\/wp\/v2\/types\/product"}],"wp:featuredmedia":[{"embeddable":true,"href":"https:\/\/dev6.erresse-shop.it\/de\/wp-json\/wp\/v2\/media\/6358452"}],"wp:attachment":[{"href":"https:\/\/dev6.erresse-shop.it\/de\/wp-json\/wp\/v2\/media?parent=51626"}],"wp:term":[{"taxonomy":"product_cat","embeddable":true,"href":"https:\/\/dev6.erresse-shop.it\/de\/wp-json\/wp\/v2\/product_cat?post=51626"},{"taxonomy":"product_tag","embeddable":true,"href":"https:\/\/dev6.erresse-shop.it\/de\/wp-json\/wp\/v2\/product_tag?post=51626"}],"curies":[{"name":"wp","href":"https:\/\/api.w.org\/{rel}","templated":true}]}}