{"id":51598,"date":"2026-04-04T09:12:07","date_gmt":"2026-04-04T07:12:07","guid":{"rendered":"https:\/\/dev6.erresse-shop.it\/shop\/unkategorisiert\/joseph-joseph-totem-max-abfalleimer-60-liter-aus-edelstahl\/"},"modified":"2025-12-08T17:46:16","modified_gmt":"2025-12-08T16:46:16","slug":"joseph-joseph-totem-max-abfalleimer-60-liter-aus-edelstahl","status":"publish","type":"product","link":"https:\/\/dev6.erresse-shop.it\/de\/shop\/einrichtung-haus\/muelltonnen\/joseph-joseph-totem-max-abfalleimer-60-liter-aus-edelstahl\/","title":{"rendered":"JOSEPH JOSEPH Totem Max Abfalleimer 60 Liter aus Edelstahl"},"content":{"rendered":"<p>Der einzige K\u00fcchenm\u00fclleimer, den Sie brauchen<br \/>\nEin K\u00fccheneimer ist der unbesungene Held im Herzen des Hauses, aber nur wenige sind der Aufgabe gewachsen, allgemeine Abf\u00e4lle, Lebensmittelabf\u00e4lle und Recycling zu entsorgen. Treffen Sie Totem. Unsere preisgekr\u00f6nte M\u00fclltonne hat mehrere F\u00e4cher f\u00fcr alle Arten von Haushaltsabf\u00e4llen, so dass Sie alles in einer kompakten Einheit trennen k\u00f6nnen. Die integrierte Geruchskontrolle sorgt au\u00dferdem f\u00fcr einen frischen Duft in der K\u00fcche.<\/p>\n<p>Die Feinheiten<br \/>\nDer 60-Liter-Beh\u00e4lter enth\u00e4lt 2 x 30-Liter-F\u00e4cher und einen abnehmbaren 3-Liter-Beh\u00e4lter f\u00fcr Lebensmittelabf\u00e4lle mit Deckel<br \/>\nEinzigartiges vertikales Design maximiert die Kapazit\u00e4t auf kleinstem Raum<br \/>\nIntegrierte Geruchskontrolle mit austauschbaren Aktivkohlefiltern<br \/>\nAbnehmbare Eimer mit L\u00f6chern zur Befestigung des Futters und Haken f\u00fcr Tragetaschen<\/p>\n<p>Pflege und Verwendung:<br \/>\nVerwendung von 6 0L mit ma\u00dfgefertigtem Liner IW2 und IW 6 (auch f\u00fcr die Verwendung mit Standard-Liner geeignet)<br \/>\n\u00c4u\u00dfere Oberfl\u00e4chen \u2013 mit einem feuchten Tuch abwischen und dann mit einem weichen, trockenen Tuch abtrocknen \u2013 keine scheuernden T\u00fccher oder scharfe chemische Reinigungsmittel verwenden<br \/>\nEimer und Speiserestebeh\u00e4lter \u2013 aus dem Ger\u00e4t nehmen und mit warmem Seifenwasser reinigen \u2013 vor dem Wiedereinsetzen in das Ger\u00e4t abtrocknen (zur Beseitigung unangenehmer Ger\u00fcche kann auch eine L\u00f6sung aus Backpulver und Wasser verwendet werden)<br \/>\nGeruchsfilter: f\u00fcr eine optimale Leistung empfehlen wir, den Geruchsfilter alle 3 Monate auszutauschen<\/p>\n<p>Abmessungen:<br \/>\n(60L): A81,4 (Deckel geschlossen) A111 (Deckel offen) x B39 x T36,6 cm (H32 x B15\u00bd x T14\u00bd Zoll)<br \/>\nAuch in 40L erh\u00e4ltlich<\/p>\n<p>Gewicht: (60 Liter): 9,7 kg<\/p>\n<p>Entworfen von PearsonLloyd<br \/>\n2 Jahre Garantie<\/p>\n","protected":false},"excerpt":{"rendered":"<p>Der einzige K\u00fcchenm\u00fclleimer, den Sie brauchen Ein K\u00fccheneimer ist der unbesungene Held im Herzen des Hauses, aber nur wenige sind der Aufgabe gewachsen, allgemeine Abf\u00e4lle, Lebensmittelabf\u00e4lle und Recycling zu entsorgen. Treffen Sie Totem. Unsere preisgekr\u00f6nte M\u00fclltonne hat mehrere F\u00e4cher f\u00fcr alle Arten von Haushaltsabf\u00e4llen, so dass Sie alles in einer kompakten Einheit trennen k\u00f6nnen. Die [&hellip;]<\/p>\n","protected":false},"featured_media":6275047,"template":"","meta":{"_acf_changed":false},"product_cat":[11666,12098,12137],"product_tag":[],"class_list":{"0":"post-51598","1":"product","2":"type-product","3":"status-publish","4":"has-post-thumbnail","6":"product_cat-arredamento-casa","7":"product_cat-einrichtung-haus","8":"product_cat-muelltonnen","10":"first","11":"outofstock","12":"sale","13":"taxable","14":"shipping-taxable","15":"purchasable","16":"product-type-simple","swatches":"rey-swatches","show_selected":"","stretch_labels":"rey-swatches--stretch-labels"},"acf":[],"yoast_head":"<!-- This site is optimized with the Yoast SEO plugin v25.4 - https:\/\/yoast.com\/wordpress\/plugins\/seo\/ -->\n<title>JOSEPH JOSEPH Totem Max Abfalleimer 60 Liter aus Edelstahl - dev6 Erresse<\/title>\n<meta name=\"description\" content=\"Der einzige K\u00fcchenm\u00fclleimer, den Sie brauchen Ein K\u00fccheneimer ist der unbesungene Held im Herzen des Hauses, aber nur wenige sind der Aufgabe gewachsen,\" \/>\n<meta name=\"robots\" content=\"noindex, follow, max-snippet:-1, max-image-preview:large, max-video-preview:-1\" \/>\n<meta property=\"og:locale\" content=\"de_DE\" \/>\n<meta property=\"og:type\" content=\"article\" \/>\n<meta property=\"og:title\" content=\"JOSEPH JOSEPH Totem Max Abfalleimer 60 Liter aus Edelstahl - dev6 Erresse\" \/>\n<meta property=\"og:description\" content=\"Der einzige K\u00fcchenm\u00fclleimer, den Sie brauchen Ein K\u00fccheneimer ist der unbesungene Held im Herzen des Hauses, aber nur wenige sind der Aufgabe gewachsen,\" \/>\n<meta property=\"og:url\" content=\"https:\/\/dev6.erresse-shop.it\/de\/shop\/einrichtung-haus\/muelltonnen\/joseph-joseph-totem-max-abfalleimer-60-liter-aus-edelstahl\/\" \/>\n<meta property=\"og:site_name\" content=\"dev6 Erresse\" \/>\n<meta property=\"og:image\" content=\"https:\/\/interpim.erresse-shop.it\/Import\/Prodotti\/joseph-joseph-totem-max-pattumiera-60-litri-acciaio.jpg\" \/><meta property=\"og:image\" content=\"https:\/\/interpim.erresse-shop.it\/Import\/Prodotti\/joseph-joseph-totem-max-pattumiera-60-litri-acciaio.jpg\" \/>\n\t<meta property=\"og:image:width\" content=\"1024\" \/>\n\t<meta property=\"og:image:height\" content=\"1024\" \/>\n\t<meta property=\"og:image:type\" content=\"image\/jpeg\" \/>\n<meta name=\"twitter:card\" content=\"summary_large_image\" \/>\n<meta name=\"twitter:image\" content=\"https:\/\/interpim.erresse-shop.it\/Import\/Prodotti\/joseph-joseph-totem-max-pattumiera-60-litri-acciaio.jpg\" \/>\n<script type=\"application\/ld+json\" class=\"yoast-schema-graph\">{\"@context\":\"https:\/\/schema.org\",\"@graph\":[{\"@type\":\"WebPage\",\"@id\":\"https:\/\/dev6.erresse-shop.it\/de\/shop\/einrichtung-haus\/muelltonnen\/joseph-joseph-totem-max-abfalleimer-60-liter-aus-edelstahl\/\",\"url\":\"https:\/\/dev6.erresse-shop.it\/de\/shop\/einrichtung-haus\/muelltonnen\/joseph-joseph-totem-max-abfalleimer-60-liter-aus-edelstahl\/\",\"name\":\"JOSEPH JOSEPH Totem Max Abfalleimer 60 Liter aus Edelstahl - dev6 Erresse\",\"isPartOf\":{\"@id\":\"https:\/\/dev6.erresse-shop.it\/#website\"},\"primaryImageOfPage\":{\"@id\":\"https:\/\/dev6.erresse-shop.it\/de\/shop\/einrichtung-haus\/muelltonnen\/joseph-joseph-totem-max-abfalleimer-60-liter-aus-edelstahl\/#primaryimage\"},\"image\":{\"@id\":\"https:\/\/dev6.erresse-shop.it\/de\/shop\/einrichtung-haus\/muelltonnen\/joseph-joseph-totem-max-abfalleimer-60-liter-aus-edelstahl\/#primaryimage\"},\"thumbnailUrl\":\"https:\/\/i1.wp.com\/interpim.erresse-shop.it\/Import\/Prodotti\/joseph-joseph-totem-max-pattumiera-60-litri-acciaio.jpg?ssl=1\",\"datePublished\":\"2026-04-04T07:12:07+00:00\",\"description\":\"Der einzige K\u00fcchenm\u00fclleimer, den Sie brauchen Ein K\u00fccheneimer ist der unbesungene Held im Herzen des Hauses, aber nur wenige sind der Aufgabe gewachsen,\",\"breadcrumb\":{\"@id\":\"https:\/\/dev6.erresse-shop.it\/de\/shop\/einrichtung-haus\/muelltonnen\/joseph-joseph-totem-max-abfalleimer-60-liter-aus-edelstahl\/#breadcrumb\"},\"inLanguage\":\"de\",\"potentialAction\":[{\"@type\":\"ReadAction\",\"target\":[\"https:\/\/dev6.erresse-shop.it\/de\/shop\/einrichtung-haus\/muelltonnen\/joseph-joseph-totem-max-abfalleimer-60-liter-aus-edelstahl\/\"]}]},{\"@type\":\"ImageObject\",\"inLanguage\":\"de\",\"@id\":\"https:\/\/dev6.erresse-shop.it\/de\/shop\/einrichtung-haus\/muelltonnen\/joseph-joseph-totem-max-abfalleimer-60-liter-aus-edelstahl\/#primaryimage\",\"url\":\"https:\/\/i1.wp.com\/interpim.erresse-shop.it\/Import\/Prodotti\/joseph-joseph-totem-max-pattumiera-60-litri-acciaio.jpg?ssl=1\",\"contentUrl\":\"https:\/\/i1.wp.com\/interpim.erresse-shop.it\/Import\/Prodotti\/joseph-joseph-totem-max-pattumiera-60-litri-acciaio.jpg?ssl=1\"},{\"@type\":\"BreadcrumbList\",\"@id\":\"https:\/\/dev6.erresse-shop.it\/de\/shop\/einrichtung-haus\/muelltonnen\/joseph-joseph-totem-max-abfalleimer-60-liter-aus-edelstahl\/#breadcrumb\",\"itemListElement\":[{\"@type\":\"ListItem\",\"position\":1,\"name\":\"Home\",\"item\":\"https:\/\/dev6.erresse-shop.it\/\"},{\"@type\":\"ListItem\",\"position\":2,\"name\":\"Shop\",\"item\":\"https:\/\/dev6.erresse-shop.it\/shop\/\"},{\"@type\":\"ListItem\",\"position\":3,\"name\":\"JOSEPH JOSEPH Totem Max Abfalleimer 60 Liter aus Edelstahl\"}]},{\"@type\":\"WebSite\",\"@id\":\"https:\/\/dev6.erresse-shop.it\/#website\",\"url\":\"https:\/\/dev6.erresse-shop.it\/\",\"name\":\"Erresse Shop\",\"description\":\"\",\"publisher\":{\"@id\":\"https:\/\/dev6.erresse-shop.it\/#organization\"},\"potentialAction\":[{\"@type\":\"SearchAction\",\"target\":{\"@type\":\"EntryPoint\",\"urlTemplate\":\"https:\/\/dev6.erresse-shop.it\/?s={search_term_string}\"},\"query-input\":{\"@type\":\"PropertyValueSpecification\",\"valueRequired\":true,\"valueName\":\"search_term_string\"}}],\"inLanguage\":\"de\"},{\"@type\":\"Organization\",\"@id\":\"https:\/\/dev6.erresse-shop.it\/#organization\",\"name\":\"Erresse Shop\",\"url\":\"https:\/\/dev6.erresse-shop.it\/\",\"logo\":{\"@type\":\"ImageObject\",\"inLanguage\":\"de\",\"@id\":\"https:\/\/dev6.erresse-shop.it\/#\/schema\/logo\/image\/\",\"url\":\"https:\/\/dev6.erresse-shop.it\/wp-content\/uploads\/2025\/01\/LOGO-ERRESSE-CLASSICO.svg\",\"contentUrl\":\"https:\/\/dev6.erresse-shop.it\/wp-content\/uploads\/2025\/01\/LOGO-ERRESSE-CLASSICO.svg\",\"caption\":\"Erresse Shop\"},\"image\":{\"@id\":\"https:\/\/dev6.erresse-shop.it\/#\/schema\/logo\/image\/\"}}]}<\/script>\n<!-- \/ Yoast SEO plugin. -->","yoast_head_json":{"title":"JOSEPH JOSEPH Totem Max Abfalleimer 60 Liter aus Edelstahl - dev6 Erresse","description":"Der einzige K\u00fcchenm\u00fclleimer, den Sie brauchen Ein K\u00fccheneimer ist der unbesungene Held im Herzen des Hauses, aber nur wenige sind der Aufgabe gewachsen,","robots":{"index":"noindex","follow":"follow","max-snippet":"max-snippet:-1","max-image-preview":"max-image-preview:large","max-video-preview":"max-video-preview:-1"},"og_locale":"de_DE","og_type":"article","og_title":"JOSEPH JOSEPH Totem Max Abfalleimer 60 Liter aus Edelstahl - dev6 Erresse","og_description":"Der einzige K\u00fcchenm\u00fclleimer, den Sie brauchen Ein K\u00fccheneimer ist der unbesungene Held im Herzen des Hauses, aber nur wenige sind der Aufgabe gewachsen,","og_url":"https:\/\/dev6.erresse-shop.it\/de\/shop\/einrichtung-haus\/muelltonnen\/joseph-joseph-totem-max-abfalleimer-60-liter-aus-edelstahl\/","og_site_name":"dev6 Erresse","og_image":[{"url":"https:\/\/interpim.erresse-shop.it\/Import\/Prodotti\/joseph-joseph-totem-max-pattumiera-60-litri-acciaio.jpg","type":"","width":"","height":""},{"url":"https:\/\/interpim.erresse-shop.it\/Import\/Prodotti\/joseph-joseph-totem-max-pattumiera-60-litri-acciaio.jpg","width":1024,"height":1024,"type":"image\/jpeg"}],"twitter_card":"summary_large_image","twitter_image":"https:\/\/interpim.erresse-shop.it\/Import\/Prodotti\/joseph-joseph-totem-max-pattumiera-60-litri-acciaio.jpg","schema":{"@context":"https:\/\/schema.org","@graph":[{"@type":"WebPage","@id":"https:\/\/dev6.erresse-shop.it\/de\/shop\/einrichtung-haus\/muelltonnen\/joseph-joseph-totem-max-abfalleimer-60-liter-aus-edelstahl\/","url":"https:\/\/dev6.erresse-shop.it\/de\/shop\/einrichtung-haus\/muelltonnen\/joseph-joseph-totem-max-abfalleimer-60-liter-aus-edelstahl\/","name":"JOSEPH JOSEPH Totem Max Abfalleimer 60 Liter aus Edelstahl - dev6 Erresse","isPartOf":{"@id":"https:\/\/dev6.erresse-shop.it\/#website"},"primaryImageOfPage":{"@id":"https:\/\/dev6.erresse-shop.it\/de\/shop\/einrichtung-haus\/muelltonnen\/joseph-joseph-totem-max-abfalleimer-60-liter-aus-edelstahl\/#primaryimage"},"image":{"@id":"https:\/\/dev6.erresse-shop.it\/de\/shop\/einrichtung-haus\/muelltonnen\/joseph-joseph-totem-max-abfalleimer-60-liter-aus-edelstahl\/#primaryimage"},"thumbnailUrl":"https:\/\/i1.wp.com\/interpim.erresse-shop.it\/Import\/Prodotti\/joseph-joseph-totem-max-pattumiera-60-litri-acciaio.jpg?ssl=1","datePublished":"2026-04-04T07:12:07+00:00","description":"Der einzige K\u00fcchenm\u00fclleimer, den Sie brauchen Ein K\u00fccheneimer ist der unbesungene Held im Herzen des Hauses, aber nur wenige sind der Aufgabe gewachsen,","breadcrumb":{"@id":"https:\/\/dev6.erresse-shop.it\/de\/shop\/einrichtung-haus\/muelltonnen\/joseph-joseph-totem-max-abfalleimer-60-liter-aus-edelstahl\/#breadcrumb"},"inLanguage":"de","potentialAction":[{"@type":"ReadAction","target":["https:\/\/dev6.erresse-shop.it\/de\/shop\/einrichtung-haus\/muelltonnen\/joseph-joseph-totem-max-abfalleimer-60-liter-aus-edelstahl\/"]}]},{"@type":"ImageObject","inLanguage":"de","@id":"https:\/\/dev6.erresse-shop.it\/de\/shop\/einrichtung-haus\/muelltonnen\/joseph-joseph-totem-max-abfalleimer-60-liter-aus-edelstahl\/#primaryimage","url":"https:\/\/i1.wp.com\/interpim.erresse-shop.it\/Import\/Prodotti\/joseph-joseph-totem-max-pattumiera-60-litri-acciaio.jpg?ssl=1","contentUrl":"https:\/\/i1.wp.com\/interpim.erresse-shop.it\/Import\/Prodotti\/joseph-joseph-totem-max-pattumiera-60-litri-acciaio.jpg?ssl=1"},{"@type":"BreadcrumbList","@id":"https:\/\/dev6.erresse-shop.it\/de\/shop\/einrichtung-haus\/muelltonnen\/joseph-joseph-totem-max-abfalleimer-60-liter-aus-edelstahl\/#breadcrumb","itemListElement":[{"@type":"ListItem","position":1,"name":"Home","item":"https:\/\/dev6.erresse-shop.it\/"},{"@type":"ListItem","position":2,"name":"Shop","item":"https:\/\/dev6.erresse-shop.it\/shop\/"},{"@type":"ListItem","position":3,"name":"JOSEPH JOSEPH Totem Max Abfalleimer 60 Liter aus Edelstahl"}]},{"@type":"WebSite","@id":"https:\/\/dev6.erresse-shop.it\/#website","url":"https:\/\/dev6.erresse-shop.it\/","name":"Erresse Shop","description":"","publisher":{"@id":"https:\/\/dev6.erresse-shop.it\/#organization"},"potentialAction":[{"@type":"SearchAction","target":{"@type":"EntryPoint","urlTemplate":"https:\/\/dev6.erresse-shop.it\/?s={search_term_string}"},"query-input":{"@type":"PropertyValueSpecification","valueRequired":true,"valueName":"search_term_string"}}],"inLanguage":"de"},{"@type":"Organization","@id":"https:\/\/dev6.erresse-shop.it\/#organization","name":"Erresse Shop","url":"https:\/\/dev6.erresse-shop.it\/","logo":{"@type":"ImageObject","inLanguage":"de","@id":"https:\/\/dev6.erresse-shop.it\/#\/schema\/logo\/image\/","url":"https:\/\/dev6.erresse-shop.it\/wp-content\/uploads\/2025\/01\/LOGO-ERRESSE-CLASSICO.svg","contentUrl":"https:\/\/dev6.erresse-shop.it\/wp-content\/uploads\/2025\/01\/LOGO-ERRESSE-CLASSICO.svg","caption":"Erresse Shop"},"image":{"@id":"https:\/\/dev6.erresse-shop.it\/#\/schema\/logo\/image\/"}}]}},"df_price":219.95,"df_sale_price":219.95,"df_regular_price":279.99,"df_image_link":"https:\/\/i1.wp.com\/interpim.erresse-shop.it\/Import\/Prodotti\/joseph-joseph-totem-max-pattumiera-60-litri-acciaio.jpg?resize=300,300&ssl=1","fifu_image_url":"https:\/\/interpim.erresse-shop.it\/Import\/Prodotti\/joseph-joseph-totem-max-pattumiera-60-litri-acciaio.jpg","_links":{"self":[{"href":"https:\/\/dev6.erresse-shop.it\/de\/wp-json\/wp\/v2\/product\/51598","targetHints":{"allow":["GET"]}}],"collection":[{"href":"https:\/\/dev6.erresse-shop.it\/de\/wp-json\/wp\/v2\/product"}],"about":[{"href":"https:\/\/dev6.erresse-shop.it\/de\/wp-json\/wp\/v2\/types\/product"}],"wp:featuredmedia":[{"embeddable":true,"href":"https:\/\/dev6.erresse-shop.it\/de\/wp-json\/wp\/v2\/media\/6275047"}],"wp:attachment":[{"href":"https:\/\/dev6.erresse-shop.it\/de\/wp-json\/wp\/v2\/media?parent=51598"}],"wp:term":[{"taxonomy":"product_cat","embeddable":true,"href":"https:\/\/dev6.erresse-shop.it\/de\/wp-json\/wp\/v2\/product_cat?post=51598"},{"taxonomy":"product_tag","embeddable":true,"href":"https:\/\/dev6.erresse-shop.it\/de\/wp-json\/wp\/v2\/product_tag?post=51598"}],"curies":[{"name":"wp","href":"https:\/\/api.w.org\/{rel}","templated":true}]}}