{"id":51574,"date":"2026-04-04T09:12:07","date_gmt":"2026-04-04T07:12:07","guid":{"rendered":"https:\/\/dev6.erresse-shop.it\/shop\/unkategorisiert\/le-creuset-korkenzieher-gs-300-mit-kapselschneider-silber\/"},"modified":"2025-11-30T17:47:41","modified_gmt":"2025-11-30T16:47:41","slug":"le-creuset-korkenzieher-gs-300-mit-kapselschneider-silber","status":"publish","type":"product","link":"https:\/\/dev6.erresse-shop.it\/de\/shop\/tisch\/weinbar-korkenzieher-dekanter-eiskubel\/le-creuset-korkenzieher-gs-300-mit-kapselschneider-silber\/","title":{"rendered":"LE CREUSET Korkenzieher GS-300 mit Kapselschneider Silber"},"content":{"rendered":"<p>Entspannen Sie sich und genie\u00dfen Sie Ihr Glas Wein im Handumdrehen. Der Folienschneider erledigt seine Aufgabe mit einer einfachen Drehung des Handgelenks, w\u00e4hrend der automatische Korkenziehermechanismus das \u00d6ffnen der Flasche mit Leichtigkeit erm\u00f6glicht. Sobald die Schraube in den Korken eingedreht ist, dreht sie sich weiter in dieselbe Richtung und zieht den Korken heraus, um ihn dann durch eine Drehung gegen den Uhrzeigersinn wieder zu l\u00f6sen. Nach dem \u00d6ffnen wird auch der Korken durch Drehen gegen den Uhrzeigersinn aus der Spirale entfernt. Funktioniert mit jeder Art von Korken!<\/p>\n<p>Einzelheiten<br \/>\nEinfach zu bedienen: Dieser ergonomische Kapselschneider entfernt die Kapsel mit einer Vierteldrehung.<br \/>\nEin einfacher Dreh: Nach dem Abnehmen der Kappe durch Drehen des Soft-Touch-Hebels wirft die einzigartige Active-Ball-Technologie die Kappe leicht von der Schraube ab.<br \/>\nBest in Class: Unsere Produkte werden aus den besten Materialien in Fabriken auf der ganzen Welt hergestellt, um die Qualit\u00e4t zu garantieren, die Sie von Le Creuset erwarten.<\/p>\n<p>Werkstoff Polycarbonat<br \/>\nHergestellt in China<br \/>\n10 Jahre Garantie<\/p>\n<p>Abmessungen<br \/>\nL\u00e4nge: 15,6 cm<br \/>\nBreite: 7,5 cm<br \/>\nH\u00f6he: 5,5 cm<\/p>\n<p>Vor der ersten Benutzung<br \/>\nGenie\u00dfen Sie den Moment, wenn Sie die Verpackung Ihrer neuen Anschaffung \u00f6ffnen! Entfernen Sie alle Etiketten und Verpackungen.<br \/>\nBevor Sie das Weinzubeh\u00f6r zum ersten Mal verwenden, lesen Sie bitte immer die Gebrauchsanweisung des jeweiligen Modells.<\/p>\n<p>Sauber<br \/>\nSeien Sie vorsichtig beim Reinigen des Korkenziehers: die Spitze ist scharf!<br \/>\nReinigen Sie den Korkenzieher von Zeit zu Zeit mit einem feuchten Tuch oder warmer Seifenlauge.<br \/>\nNach dem Waschen gut abtrocknen und an einem trockenen Ort aufbewahren.<\/p>\n<p>Verwenden Sie<br \/>\nEntfernen Sie die Kapsel, die den Korken bedeckt, und pr\u00fcfen Sie, ob der Flaschenhals und der Flaschenrand frei von Rissen und Spr\u00fcngen sind.<br \/>\nStellen Sie die Flasche zum \u00d6ffnen auf eine feste, flache Unterlage.<br \/>\nSeien Sie beim \u00d6ffnen vorsichtig: die Spitze des Korkenziehers ist scharf! Vergewissern Sie sich vor dem \u00d6ffnen, dass der Korkenzieher fest auf dem Flaschenhals sitzt.<br \/>\nM\u00fcssen Sie eine abgenutzte Spirale ersetzen? Schrauben Sie die verchromte Schutzkappe ab, entfernen Sie die alte Spirale, setzen Sie dann die neue Spirale ein und setzen Sie die Schutzkappe wieder auf. Lesen Sie vor der Inbetriebnahme immer die Anweisungen f\u00fcr das jeweilige Modell.<\/p>\n","protected":false},"excerpt":{"rendered":"<p>Entspannen Sie sich und genie\u00dfen Sie Ihr Glas Wein im Handumdrehen. Der Folienschneider erledigt seine Aufgabe mit einer einfachen Drehung des Handgelenks, w\u00e4hrend der automatische Korkenziehermechanismus das \u00d6ffnen der Flasche mit Leichtigkeit erm\u00f6glicht. Sobald die Schraube in den Korken eingedreht ist, dreht sie sich weiter in dieselbe Richtung und zieht den Korken heraus, um ihn [&hellip;]<\/p>\n","protected":false},"featured_media":6274887,"template":"","meta":{"_acf_changed":false},"product_cat":[12103,12177],"product_tag":[],"class_list":{"0":"post-51574","1":"product","2":"type-product","3":"status-publish","4":"has-post-thumbnail","6":"product_cat-tisch","7":"product_cat-weinbar-korkenzieher-dekanter-eiskubel","9":"first","10":"outofstock","11":"sale","12":"taxable","13":"shipping-taxable","14":"purchasable","15":"product-type-simple","swatches":"rey-swatches","show_selected":"","stretch_labels":"rey-swatches--stretch-labels"},"acf":[],"yoast_head":"<!-- This site is optimized with the Yoast SEO plugin v25.4 - https:\/\/yoast.com\/wordpress\/plugins\/seo\/ -->\n<title>LE CREUSET Korkenzieher GS-300 mit Kapselschneider Silber - dev6 Erresse<\/title>\n<meta name=\"description\" content=\"Entspannen Sie sich und genie\u00dfen Sie Ihr Glas Wein im Handumdrehen. Der Folienschneider erledigt seine Aufgabe mit einer einfachen Drehung des\" \/>\n<meta name=\"robots\" content=\"noindex, follow, max-snippet:-1, max-image-preview:large, max-video-preview:-1\" \/>\n<meta property=\"og:locale\" content=\"de_DE\" \/>\n<meta property=\"og:type\" content=\"article\" \/>\n<meta property=\"og:title\" content=\"LE CREUSET Korkenzieher GS-300 mit Kapselschneider Silber - dev6 Erresse\" \/>\n<meta property=\"og:description\" content=\"Entspannen Sie sich und genie\u00dfen Sie Ihr Glas Wein im Handumdrehen. Der Folienschneider erledigt seine Aufgabe mit einer einfachen Drehung des\" \/>\n<meta property=\"og:url\" content=\"https:\/\/dev6.erresse-shop.it\/de\/shop\/tisch\/weinbar-korkenzieher-dekanter-eiskubel\/le-creuset-korkenzieher-gs-300-mit-kapselschneider-silber\/\" \/>\n<meta property=\"og:site_name\" content=\"dev6 Erresse\" \/>\n<meta property=\"og:image\" content=\"https:\/\/interpim.erresse-shop.it\/Import\/Prodotti\/le-creuset-apribottilgie-gs-300-actb-con-taglia-capsule-argento.jpg\" \/><meta property=\"og:image\" content=\"https:\/\/interpim.erresse-shop.it\/Import\/Prodotti\/le-creuset-apribottilgie-gs-300-actb-con-taglia-capsule-argento.jpg\" \/>\n\t<meta property=\"og:image:width\" content=\"1024\" \/>\n\t<meta property=\"og:image:height\" content=\"1024\" \/>\n\t<meta property=\"og:image:type\" content=\"image\/jpeg\" \/>\n<meta name=\"twitter:card\" content=\"summary_large_image\" \/>\n<meta name=\"twitter:image\" content=\"https:\/\/interpim.erresse-shop.it\/Import\/Prodotti\/le-creuset-apribottilgie-gs-300-actb-con-taglia-capsule-argento.jpg\" \/>\n<script type=\"application\/ld+json\" class=\"yoast-schema-graph\">{\"@context\":\"https:\/\/schema.org\",\"@graph\":[{\"@type\":\"WebPage\",\"@id\":\"https:\/\/dev6.erresse-shop.it\/de\/shop\/tisch\/weinbar-korkenzieher-dekanter-eiskubel\/le-creuset-korkenzieher-gs-300-mit-kapselschneider-silber\/\",\"url\":\"https:\/\/dev6.erresse-shop.it\/de\/shop\/tisch\/weinbar-korkenzieher-dekanter-eiskubel\/le-creuset-korkenzieher-gs-300-mit-kapselschneider-silber\/\",\"name\":\"LE CREUSET Korkenzieher GS-300 mit Kapselschneider Silber - dev6 Erresse\",\"isPartOf\":{\"@id\":\"https:\/\/dev6.erresse-shop.it\/#website\"},\"primaryImageOfPage\":{\"@id\":\"https:\/\/dev6.erresse-shop.it\/de\/shop\/tisch\/weinbar-korkenzieher-dekanter-eiskubel\/le-creuset-korkenzieher-gs-300-mit-kapselschneider-silber\/#primaryimage\"},\"image\":{\"@id\":\"https:\/\/dev6.erresse-shop.it\/de\/shop\/tisch\/weinbar-korkenzieher-dekanter-eiskubel\/le-creuset-korkenzieher-gs-300-mit-kapselschneider-silber\/#primaryimage\"},\"thumbnailUrl\":\"https:\/\/i2.wp.com\/interpim.erresse-shop.it\/Import\/Prodotti\/le-creuset-apribottilgie-gs-300-actb-con-taglia-capsule-argento.jpg?ssl=1\",\"datePublished\":\"2026-04-04T07:12:07+00:00\",\"description\":\"Entspannen Sie sich und genie\u00dfen Sie Ihr Glas Wein im Handumdrehen. Der Folienschneider erledigt seine Aufgabe mit einer einfachen Drehung des\",\"breadcrumb\":{\"@id\":\"https:\/\/dev6.erresse-shop.it\/de\/shop\/tisch\/weinbar-korkenzieher-dekanter-eiskubel\/le-creuset-korkenzieher-gs-300-mit-kapselschneider-silber\/#breadcrumb\"},\"inLanguage\":\"de\",\"potentialAction\":[{\"@type\":\"ReadAction\",\"target\":[\"https:\/\/dev6.erresse-shop.it\/de\/shop\/tisch\/weinbar-korkenzieher-dekanter-eiskubel\/le-creuset-korkenzieher-gs-300-mit-kapselschneider-silber\/\"]}]},{\"@type\":\"ImageObject\",\"inLanguage\":\"de\",\"@id\":\"https:\/\/dev6.erresse-shop.it\/de\/shop\/tisch\/weinbar-korkenzieher-dekanter-eiskubel\/le-creuset-korkenzieher-gs-300-mit-kapselschneider-silber\/#primaryimage\",\"url\":\"https:\/\/i2.wp.com\/interpim.erresse-shop.it\/Import\/Prodotti\/le-creuset-apribottilgie-gs-300-actb-con-taglia-capsule-argento.jpg?ssl=1\",\"contentUrl\":\"https:\/\/i2.wp.com\/interpim.erresse-shop.it\/Import\/Prodotti\/le-creuset-apribottilgie-gs-300-actb-con-taglia-capsule-argento.jpg?ssl=1\"},{\"@type\":\"BreadcrumbList\",\"@id\":\"https:\/\/dev6.erresse-shop.it\/de\/shop\/tisch\/weinbar-korkenzieher-dekanter-eiskubel\/le-creuset-korkenzieher-gs-300-mit-kapselschneider-silber\/#breadcrumb\",\"itemListElement\":[{\"@type\":\"ListItem\",\"position\":1,\"name\":\"Home\",\"item\":\"https:\/\/dev6.erresse-shop.it\/\"},{\"@type\":\"ListItem\",\"position\":2,\"name\":\"Shop\",\"item\":\"https:\/\/dev6.erresse-shop.it\/shop\/\"},{\"@type\":\"ListItem\",\"position\":3,\"name\":\"LE CREUSET Korkenzieher GS-300 mit Kapselschneider Silber\"}]},{\"@type\":\"WebSite\",\"@id\":\"https:\/\/dev6.erresse-shop.it\/#website\",\"url\":\"https:\/\/dev6.erresse-shop.it\/\",\"name\":\"Erresse Shop\",\"description\":\"\",\"publisher\":{\"@id\":\"https:\/\/dev6.erresse-shop.it\/#organization\"},\"potentialAction\":[{\"@type\":\"SearchAction\",\"target\":{\"@type\":\"EntryPoint\",\"urlTemplate\":\"https:\/\/dev6.erresse-shop.it\/?s={search_term_string}\"},\"query-input\":{\"@type\":\"PropertyValueSpecification\",\"valueRequired\":true,\"valueName\":\"search_term_string\"}}],\"inLanguage\":\"de\"},{\"@type\":\"Organization\",\"@id\":\"https:\/\/dev6.erresse-shop.it\/#organization\",\"name\":\"Erresse Shop\",\"url\":\"https:\/\/dev6.erresse-shop.it\/\",\"logo\":{\"@type\":\"ImageObject\",\"inLanguage\":\"de\",\"@id\":\"https:\/\/dev6.erresse-shop.it\/#\/schema\/logo\/image\/\",\"url\":\"https:\/\/dev6.erresse-shop.it\/wp-content\/uploads\/2025\/01\/LOGO-ERRESSE-CLASSICO.svg\",\"contentUrl\":\"https:\/\/dev6.erresse-shop.it\/wp-content\/uploads\/2025\/01\/LOGO-ERRESSE-CLASSICO.svg\",\"caption\":\"Erresse Shop\"},\"image\":{\"@id\":\"https:\/\/dev6.erresse-shop.it\/#\/schema\/logo\/image\/\"}}]}<\/script>\n<!-- \/ Yoast SEO plugin. -->","yoast_head_json":{"title":"LE CREUSET Korkenzieher GS-300 mit Kapselschneider Silber - dev6 Erresse","description":"Entspannen Sie sich und genie\u00dfen Sie Ihr Glas Wein im Handumdrehen. Der Folienschneider erledigt seine Aufgabe mit einer einfachen Drehung des","robots":{"index":"noindex","follow":"follow","max-snippet":"max-snippet:-1","max-image-preview":"max-image-preview:large","max-video-preview":"max-video-preview:-1"},"og_locale":"de_DE","og_type":"article","og_title":"LE CREUSET Korkenzieher GS-300 mit Kapselschneider Silber - dev6 Erresse","og_description":"Entspannen Sie sich und genie\u00dfen Sie Ihr Glas Wein im Handumdrehen. Der Folienschneider erledigt seine Aufgabe mit einer einfachen Drehung des","og_url":"https:\/\/dev6.erresse-shop.it\/de\/shop\/tisch\/weinbar-korkenzieher-dekanter-eiskubel\/le-creuset-korkenzieher-gs-300-mit-kapselschneider-silber\/","og_site_name":"dev6 Erresse","og_image":[{"url":"https:\/\/interpim.erresse-shop.it\/Import\/Prodotti\/le-creuset-apribottilgie-gs-300-actb-con-taglia-capsule-argento.jpg","type":"","width":"","height":""},{"url":"https:\/\/interpim.erresse-shop.it\/Import\/Prodotti\/le-creuset-apribottilgie-gs-300-actb-con-taglia-capsule-argento.jpg","width":1024,"height":1024,"type":"image\/jpeg"}],"twitter_card":"summary_large_image","twitter_image":"https:\/\/interpim.erresse-shop.it\/Import\/Prodotti\/le-creuset-apribottilgie-gs-300-actb-con-taglia-capsule-argento.jpg","schema":{"@context":"https:\/\/schema.org","@graph":[{"@type":"WebPage","@id":"https:\/\/dev6.erresse-shop.it\/de\/shop\/tisch\/weinbar-korkenzieher-dekanter-eiskubel\/le-creuset-korkenzieher-gs-300-mit-kapselschneider-silber\/","url":"https:\/\/dev6.erresse-shop.it\/de\/shop\/tisch\/weinbar-korkenzieher-dekanter-eiskubel\/le-creuset-korkenzieher-gs-300-mit-kapselschneider-silber\/","name":"LE CREUSET Korkenzieher GS-300 mit Kapselschneider Silber - dev6 Erresse","isPartOf":{"@id":"https:\/\/dev6.erresse-shop.it\/#website"},"primaryImageOfPage":{"@id":"https:\/\/dev6.erresse-shop.it\/de\/shop\/tisch\/weinbar-korkenzieher-dekanter-eiskubel\/le-creuset-korkenzieher-gs-300-mit-kapselschneider-silber\/#primaryimage"},"image":{"@id":"https:\/\/dev6.erresse-shop.it\/de\/shop\/tisch\/weinbar-korkenzieher-dekanter-eiskubel\/le-creuset-korkenzieher-gs-300-mit-kapselschneider-silber\/#primaryimage"},"thumbnailUrl":"https:\/\/i2.wp.com\/interpim.erresse-shop.it\/Import\/Prodotti\/le-creuset-apribottilgie-gs-300-actb-con-taglia-capsule-argento.jpg?ssl=1","datePublished":"2026-04-04T07:12:07+00:00","description":"Entspannen Sie sich und genie\u00dfen Sie Ihr Glas Wein im Handumdrehen. Der Folienschneider erledigt seine Aufgabe mit einer einfachen Drehung des","breadcrumb":{"@id":"https:\/\/dev6.erresse-shop.it\/de\/shop\/tisch\/weinbar-korkenzieher-dekanter-eiskubel\/le-creuset-korkenzieher-gs-300-mit-kapselschneider-silber\/#breadcrumb"},"inLanguage":"de","potentialAction":[{"@type":"ReadAction","target":["https:\/\/dev6.erresse-shop.it\/de\/shop\/tisch\/weinbar-korkenzieher-dekanter-eiskubel\/le-creuset-korkenzieher-gs-300-mit-kapselschneider-silber\/"]}]},{"@type":"ImageObject","inLanguage":"de","@id":"https:\/\/dev6.erresse-shop.it\/de\/shop\/tisch\/weinbar-korkenzieher-dekanter-eiskubel\/le-creuset-korkenzieher-gs-300-mit-kapselschneider-silber\/#primaryimage","url":"https:\/\/i2.wp.com\/interpim.erresse-shop.it\/Import\/Prodotti\/le-creuset-apribottilgie-gs-300-actb-con-taglia-capsule-argento.jpg?ssl=1","contentUrl":"https:\/\/i2.wp.com\/interpim.erresse-shop.it\/Import\/Prodotti\/le-creuset-apribottilgie-gs-300-actb-con-taglia-capsule-argento.jpg?ssl=1"},{"@type":"BreadcrumbList","@id":"https:\/\/dev6.erresse-shop.it\/de\/shop\/tisch\/weinbar-korkenzieher-dekanter-eiskubel\/le-creuset-korkenzieher-gs-300-mit-kapselschneider-silber\/#breadcrumb","itemListElement":[{"@type":"ListItem","position":1,"name":"Home","item":"https:\/\/dev6.erresse-shop.it\/"},{"@type":"ListItem","position":2,"name":"Shop","item":"https:\/\/dev6.erresse-shop.it\/shop\/"},{"@type":"ListItem","position":3,"name":"LE CREUSET Korkenzieher GS-300 mit Kapselschneider Silber"}]},{"@type":"WebSite","@id":"https:\/\/dev6.erresse-shop.it\/#website","url":"https:\/\/dev6.erresse-shop.it\/","name":"Erresse Shop","description":"","publisher":{"@id":"https:\/\/dev6.erresse-shop.it\/#organization"},"potentialAction":[{"@type":"SearchAction","target":{"@type":"EntryPoint","urlTemplate":"https:\/\/dev6.erresse-shop.it\/?s={search_term_string}"},"query-input":{"@type":"PropertyValueSpecification","valueRequired":true,"valueName":"search_term_string"}}],"inLanguage":"de"},{"@type":"Organization","@id":"https:\/\/dev6.erresse-shop.it\/#organization","name":"Erresse Shop","url":"https:\/\/dev6.erresse-shop.it\/","logo":{"@type":"ImageObject","inLanguage":"de","@id":"https:\/\/dev6.erresse-shop.it\/#\/schema\/logo\/image\/","url":"https:\/\/dev6.erresse-shop.it\/wp-content\/uploads\/2025\/01\/LOGO-ERRESSE-CLASSICO.svg","contentUrl":"https:\/\/dev6.erresse-shop.it\/wp-content\/uploads\/2025\/01\/LOGO-ERRESSE-CLASSICO.svg","caption":"Erresse Shop"},"image":{"@id":"https:\/\/dev6.erresse-shop.it\/#\/schema\/logo\/image\/"}}]}},"df_price":82.95,"df_sale_price":82.95,"df_regular_price":109,"df_image_link":"https:\/\/i2.wp.com\/interpim.erresse-shop.it\/Import\/Prodotti\/le-creuset-apribottilgie-gs-300-actb-con-taglia-capsule-argento.jpg?resize=300,300&ssl=1","fifu_image_url":"https:\/\/interpim.erresse-shop.it\/Import\/Prodotti\/le-creuset-apribottilgie-gs-300-actb-con-taglia-capsule-argento.jpg","_links":{"self":[{"href":"https:\/\/dev6.erresse-shop.it\/de\/wp-json\/wp\/v2\/product\/51574","targetHints":{"allow":["GET"]}}],"collection":[{"href":"https:\/\/dev6.erresse-shop.it\/de\/wp-json\/wp\/v2\/product"}],"about":[{"href":"https:\/\/dev6.erresse-shop.it\/de\/wp-json\/wp\/v2\/types\/product"}],"wp:featuredmedia":[{"embeddable":true,"href":"https:\/\/dev6.erresse-shop.it\/de\/wp-json\/wp\/v2\/media\/6274887"}],"wp:attachment":[{"href":"https:\/\/dev6.erresse-shop.it\/de\/wp-json\/wp\/v2\/media?parent=51574"}],"wp:term":[{"taxonomy":"product_cat","embeddable":true,"href":"https:\/\/dev6.erresse-shop.it\/de\/wp-json\/wp\/v2\/product_cat?post=51574"},{"taxonomy":"product_tag","embeddable":true,"href":"https:\/\/dev6.erresse-shop.it\/de\/wp-json\/wp\/v2\/product_tag?post=51574"}],"curies":[{"name":"wp","href":"https:\/\/api.w.org\/{rel}","templated":true}]}}