{"id":51572,"date":"2026-04-12T09:13:54","date_gmt":"2026-04-12T07:13:54","guid":{"rendered":"https:\/\/dev6.erresse-shop.it\/shop\/unkategorisiert\/le-creuset-lm-450-silberner-korkenzieher\/"},"modified":"2025-11-30T17:47:39","modified_gmt":"2025-11-30T16:47:39","slug":"le-creuset-lm-450-silberner-korkenzieher","status":"publish","type":"product","link":"https:\/\/dev6.erresse-shop.it\/de\/shop\/tisch\/weinbar-korkenzieher-dekanter-eiskubel\/le-creuset-lm-450-silberner-korkenzieher\/","title":{"rendered":"LE CREUSET LM-450 Silberner Korkenzieher"},"content":{"rendered":"<p>Dieser Korkenzieher ist eine Kombination aus elegantem Design und Schlichtheit und macht das \u00d6ffnen Ihres neuen Lieblingsweins zu einem Kinderspiel. Durch die patentierte Drehtechnik l\u00e4sst sich der Korken leicht entfernen, w\u00e4hrend die hochwertige Konstruktion sto\u00dffest ist und sich angenehm anf\u00fchlt. Mit diesem Zubeh\u00f6r k\u00f6nnen mehr als 2.500 Flaschen ge\u00f6ffnet werden, ohne dass die Spirale ausgetauscht werden muss.<\/p>\n<p>Einzelheiten<br \/>\nInnovation in Aktion: Die integrierte Rotationstechnik bietet hervorragende Leistung bei minimalem Aufwand.<br \/>\nBest in Class: Unsere Produkte werden aus den besten Materialien in Fabriken auf der ganzen Welt hergestellt, um die Qualit\u00e4t zu gew\u00e4hrleisten, die Sie von Le Creuset erwarten.<\/p>\n<p>Thermoplastisches Material<br \/>\nHergestellt in China<br \/>\n10 Jahre Garantie<\/p>\n<p>Abmessungen<br \/>\nL\u00e4nge: 17,8 cm<br \/>\nBreite: 11,4 cm<br \/>\nH\u00f6he: 5 cm<\/p>\n<p>Empfehlungen f\u00fcr die Verwendung<br \/>\nVor der ersten Benutzung<br \/>\nGenie\u00dfen Sie den Moment, in dem Sie die Verpackung Ihrer Neuanschaffung \u00f6ffnen! Achten Sie darauf, alle Etiketten und Verpackungen zu entfernen.<br \/>\nBevor Sie Ihr Weinzubeh\u00f6r zum ersten Mal benutzen, lesen Sie bitte immer die Gebrauchsanweisung f\u00fcr Ihr spezielles Modell.<\/p>\n<p>Sauber<br \/>\nSeien Sie vorsichtig beim Reinigen des Korkenziehers: die Spitze ist scharf!<br \/>\nReinigen Sie den Korkenzieher von Zeit zu Zeit mit einem feuchten Tuch oder warmer Seifenlauge.<br \/>\nTrocknen Sie das Produkt nach dem Waschen gr\u00fcndlich ab und lagern Sie es an einem trockenen Ort.<\/p>\n<p>Verwenden Sie<br \/>\nEntfernen Sie die Kapsel, die den Korken bedeckt, und pr\u00fcfen Sie, ob der Flaschenhals und der Flaschenrand frei von Rissen und Spr\u00fcngen sind.<br \/>\nStellen Sie die Flasche zum \u00d6ffnen auf eine feste, flache Unterlage.<br \/>\nSeien Sie beim \u00d6ffnen vorsichtig: die Spitze des Korkenziehers ist scharf! Vergewissern Sie sich vor dem \u00d6ffnen, dass der Korkenzieher fest auf dem Flaschenhals sitzt.<br \/>\nSie m\u00fcssen eine abgenutzte Spirale ersetzen? Schrauben Sie die verchromte Schutzkappe ab, entfernen Sie die alte Spirale, setzen Sie dann die neue Spirale ein und setzen Sie die Schutzkappe wieder auf. Konsultieren Sie vor der Inbetriebnahme immer die Anleitung f\u00fcr Ihr spezielles Modell.<\/p>\n","protected":false},"excerpt":{"rendered":"<p>Dieser Korkenzieher ist eine Kombination aus elegantem Design und Schlichtheit und macht das \u00d6ffnen Ihres neuen Lieblingsweins zu einem Kinderspiel. Durch die patentierte Drehtechnik l\u00e4sst sich der Korken leicht entfernen, w\u00e4hrend die hochwertige Konstruktion sto\u00dffest ist und sich angenehm anf\u00fchlt. Mit diesem Zubeh\u00f6r k\u00f6nnen mehr als 2.500 Flaschen ge\u00f6ffnet werden, ohne dass die Spirale ausgetauscht [&hellip;]<\/p>\n","protected":false},"featured_media":6358165,"template":"","meta":{"_acf_changed":false},"product_cat":[12103,12177],"product_tag":[],"class_list":{"0":"post-51572","1":"product","2":"type-product","3":"status-publish","4":"has-post-thumbnail","6":"product_cat-tisch","7":"product_cat-weinbar-korkenzieher-dekanter-eiskubel","9":"first","10":"outofstock","11":"sale","12":"taxable","13":"shipping-taxable","14":"purchasable","15":"product-type-simple","swatches":"rey-swatches","show_selected":"","stretch_labels":"rey-swatches--stretch-labels"},"acf":[],"yoast_head":"<!-- This site is optimized with the Yoast SEO plugin v25.4 - https:\/\/yoast.com\/wordpress\/plugins\/seo\/ -->\n<title>LE CREUSET LM-450 Silberner Korkenzieher - dev6 Erresse<\/title>\n<meta name=\"description\" content=\"Dieser Korkenzieher ist eine Kombination aus elegantem Design und Schlichtheit und macht das \u00d6ffnen Ihres neuen Lieblingsweins zu einem Kinderspiel. Durch\" \/>\n<meta name=\"robots\" content=\"noindex, follow, max-snippet:-1, max-image-preview:large, max-video-preview:-1\" \/>\n<meta property=\"og:locale\" content=\"de_DE\" \/>\n<meta property=\"og:type\" content=\"article\" \/>\n<meta property=\"og:title\" content=\"LE CREUSET LM-450 Silberner Korkenzieher - dev6 Erresse\" \/>\n<meta property=\"og:description\" content=\"Dieser Korkenzieher ist eine Kombination aus elegantem Design und Schlichtheit und macht das \u00d6ffnen Ihres neuen Lieblingsweins zu einem Kinderspiel. Durch\" \/>\n<meta property=\"og:url\" content=\"https:\/\/dev6.erresse-shop.it\/de\/shop\/tisch\/weinbar-korkenzieher-dekanter-eiskubel\/le-creuset-lm-450-silberner-korkenzieher\/\" \/>\n<meta property=\"og:site_name\" content=\"dev6 Erresse\" \/>\n<meta property=\"og:image\" content=\"https:\/\/interpim.erresse-shop.it\/Import\/Prodotti\/le-creuset-apribottiglie-lm-450.jpg\" \/><meta property=\"og:image\" content=\"https:\/\/interpim.erresse-shop.it\/Import\/Prodotti\/le-creuset-apribottiglie-lm-450.jpg\" \/>\n\t<meta property=\"og:image:width\" content=\"1024\" \/>\n\t<meta property=\"og:image:height\" content=\"1024\" \/>\n\t<meta property=\"og:image:type\" content=\"image\/jpeg\" \/>\n<meta name=\"twitter:card\" content=\"summary_large_image\" \/>\n<meta name=\"twitter:image\" content=\"https:\/\/interpim.erresse-shop.it\/Import\/Prodotti\/le-creuset-apribottiglie-lm-450.jpg\" \/>\n<script type=\"application\/ld+json\" class=\"yoast-schema-graph\">{\"@context\":\"https:\/\/schema.org\",\"@graph\":[{\"@type\":\"WebPage\",\"@id\":\"https:\/\/dev6.erresse-shop.it\/de\/shop\/tisch\/weinbar-korkenzieher-dekanter-eiskubel\/le-creuset-lm-450-silberner-korkenzieher\/\",\"url\":\"https:\/\/dev6.erresse-shop.it\/de\/shop\/tisch\/weinbar-korkenzieher-dekanter-eiskubel\/le-creuset-lm-450-silberner-korkenzieher\/\",\"name\":\"LE CREUSET LM-450 Silberner Korkenzieher - dev6 Erresse\",\"isPartOf\":{\"@id\":\"https:\/\/dev6.erresse-shop.it\/#website\"},\"primaryImageOfPage\":{\"@id\":\"https:\/\/dev6.erresse-shop.it\/de\/shop\/tisch\/weinbar-korkenzieher-dekanter-eiskubel\/le-creuset-lm-450-silberner-korkenzieher\/#primaryimage\"},\"image\":{\"@id\":\"https:\/\/dev6.erresse-shop.it\/de\/shop\/tisch\/weinbar-korkenzieher-dekanter-eiskubel\/le-creuset-lm-450-silberner-korkenzieher\/#primaryimage\"},\"thumbnailUrl\":\"https:\/\/i2.wp.com\/interpim.erresse-shop.it\/Import\/Prodotti\/le-creuset-apribottiglie-lm-450.jpg?ssl=1\",\"datePublished\":\"2026-04-12T07:13:54+00:00\",\"description\":\"Dieser Korkenzieher ist eine Kombination aus elegantem Design und Schlichtheit und macht das \u00d6ffnen Ihres neuen Lieblingsweins zu einem Kinderspiel. Durch\",\"breadcrumb\":{\"@id\":\"https:\/\/dev6.erresse-shop.it\/de\/shop\/tisch\/weinbar-korkenzieher-dekanter-eiskubel\/le-creuset-lm-450-silberner-korkenzieher\/#breadcrumb\"},\"inLanguage\":\"de\",\"potentialAction\":[{\"@type\":\"ReadAction\",\"target\":[\"https:\/\/dev6.erresse-shop.it\/de\/shop\/tisch\/weinbar-korkenzieher-dekanter-eiskubel\/le-creuset-lm-450-silberner-korkenzieher\/\"]}]},{\"@type\":\"ImageObject\",\"inLanguage\":\"de\",\"@id\":\"https:\/\/dev6.erresse-shop.it\/de\/shop\/tisch\/weinbar-korkenzieher-dekanter-eiskubel\/le-creuset-lm-450-silberner-korkenzieher\/#primaryimage\",\"url\":\"https:\/\/i2.wp.com\/interpim.erresse-shop.it\/Import\/Prodotti\/le-creuset-apribottiglie-lm-450.jpg?ssl=1\",\"contentUrl\":\"https:\/\/i2.wp.com\/interpim.erresse-shop.it\/Import\/Prodotti\/le-creuset-apribottiglie-lm-450.jpg?ssl=1\"},{\"@type\":\"BreadcrumbList\",\"@id\":\"https:\/\/dev6.erresse-shop.it\/de\/shop\/tisch\/weinbar-korkenzieher-dekanter-eiskubel\/le-creuset-lm-450-silberner-korkenzieher\/#breadcrumb\",\"itemListElement\":[{\"@type\":\"ListItem\",\"position\":1,\"name\":\"Home\",\"item\":\"https:\/\/dev6.erresse-shop.it\/\"},{\"@type\":\"ListItem\",\"position\":2,\"name\":\"Shop\",\"item\":\"https:\/\/dev6.erresse-shop.it\/shop\/\"},{\"@type\":\"ListItem\",\"position\":3,\"name\":\"LE CREUSET LM-450 Silberner Korkenzieher\"}]},{\"@type\":\"WebSite\",\"@id\":\"https:\/\/dev6.erresse-shop.it\/#website\",\"url\":\"https:\/\/dev6.erresse-shop.it\/\",\"name\":\"Erresse Shop\",\"description\":\"\",\"publisher\":{\"@id\":\"https:\/\/dev6.erresse-shop.it\/#organization\"},\"potentialAction\":[{\"@type\":\"SearchAction\",\"target\":{\"@type\":\"EntryPoint\",\"urlTemplate\":\"https:\/\/dev6.erresse-shop.it\/?s={search_term_string}\"},\"query-input\":{\"@type\":\"PropertyValueSpecification\",\"valueRequired\":true,\"valueName\":\"search_term_string\"}}],\"inLanguage\":\"de\"},{\"@type\":\"Organization\",\"@id\":\"https:\/\/dev6.erresse-shop.it\/#organization\",\"name\":\"Erresse Shop\",\"url\":\"https:\/\/dev6.erresse-shop.it\/\",\"logo\":{\"@type\":\"ImageObject\",\"inLanguage\":\"de\",\"@id\":\"https:\/\/dev6.erresse-shop.it\/#\/schema\/logo\/image\/\",\"url\":\"https:\/\/dev6.erresse-shop.it\/wp-content\/uploads\/2025\/01\/LOGO-ERRESSE-CLASSICO.svg\",\"contentUrl\":\"https:\/\/dev6.erresse-shop.it\/wp-content\/uploads\/2025\/01\/LOGO-ERRESSE-CLASSICO.svg\",\"caption\":\"Erresse Shop\"},\"image\":{\"@id\":\"https:\/\/dev6.erresse-shop.it\/#\/schema\/logo\/image\/\"}}]}<\/script>\n<!-- \/ Yoast SEO plugin. -->","yoast_head_json":{"title":"LE CREUSET LM-450 Silberner Korkenzieher - dev6 Erresse","description":"Dieser Korkenzieher ist eine Kombination aus elegantem Design und Schlichtheit und macht das \u00d6ffnen Ihres neuen Lieblingsweins zu einem Kinderspiel. Durch","robots":{"index":"noindex","follow":"follow","max-snippet":"max-snippet:-1","max-image-preview":"max-image-preview:large","max-video-preview":"max-video-preview:-1"},"og_locale":"de_DE","og_type":"article","og_title":"LE CREUSET LM-450 Silberner Korkenzieher - dev6 Erresse","og_description":"Dieser Korkenzieher ist eine Kombination aus elegantem Design und Schlichtheit und macht das \u00d6ffnen Ihres neuen Lieblingsweins zu einem Kinderspiel. Durch","og_url":"https:\/\/dev6.erresse-shop.it\/de\/shop\/tisch\/weinbar-korkenzieher-dekanter-eiskubel\/le-creuset-lm-450-silberner-korkenzieher\/","og_site_name":"dev6 Erresse","og_image":[{"url":"https:\/\/interpim.erresse-shop.it\/Import\/Prodotti\/le-creuset-apribottiglie-lm-450.jpg","type":"","width":"","height":""},{"url":"https:\/\/interpim.erresse-shop.it\/Import\/Prodotti\/le-creuset-apribottiglie-lm-450.jpg","width":1024,"height":1024,"type":"image\/jpeg"}],"twitter_card":"summary_large_image","twitter_image":"https:\/\/interpim.erresse-shop.it\/Import\/Prodotti\/le-creuset-apribottiglie-lm-450.jpg","schema":{"@context":"https:\/\/schema.org","@graph":[{"@type":"WebPage","@id":"https:\/\/dev6.erresse-shop.it\/de\/shop\/tisch\/weinbar-korkenzieher-dekanter-eiskubel\/le-creuset-lm-450-silberner-korkenzieher\/","url":"https:\/\/dev6.erresse-shop.it\/de\/shop\/tisch\/weinbar-korkenzieher-dekanter-eiskubel\/le-creuset-lm-450-silberner-korkenzieher\/","name":"LE CREUSET LM-450 Silberner Korkenzieher - dev6 Erresse","isPartOf":{"@id":"https:\/\/dev6.erresse-shop.it\/#website"},"primaryImageOfPage":{"@id":"https:\/\/dev6.erresse-shop.it\/de\/shop\/tisch\/weinbar-korkenzieher-dekanter-eiskubel\/le-creuset-lm-450-silberner-korkenzieher\/#primaryimage"},"image":{"@id":"https:\/\/dev6.erresse-shop.it\/de\/shop\/tisch\/weinbar-korkenzieher-dekanter-eiskubel\/le-creuset-lm-450-silberner-korkenzieher\/#primaryimage"},"thumbnailUrl":"https:\/\/i2.wp.com\/interpim.erresse-shop.it\/Import\/Prodotti\/le-creuset-apribottiglie-lm-450.jpg?ssl=1","datePublished":"2026-04-12T07:13:54+00:00","description":"Dieser Korkenzieher ist eine Kombination aus elegantem Design und Schlichtheit und macht das \u00d6ffnen Ihres neuen Lieblingsweins zu einem Kinderspiel. Durch","breadcrumb":{"@id":"https:\/\/dev6.erresse-shop.it\/de\/shop\/tisch\/weinbar-korkenzieher-dekanter-eiskubel\/le-creuset-lm-450-silberner-korkenzieher\/#breadcrumb"},"inLanguage":"de","potentialAction":[{"@type":"ReadAction","target":["https:\/\/dev6.erresse-shop.it\/de\/shop\/tisch\/weinbar-korkenzieher-dekanter-eiskubel\/le-creuset-lm-450-silberner-korkenzieher\/"]}]},{"@type":"ImageObject","inLanguage":"de","@id":"https:\/\/dev6.erresse-shop.it\/de\/shop\/tisch\/weinbar-korkenzieher-dekanter-eiskubel\/le-creuset-lm-450-silberner-korkenzieher\/#primaryimage","url":"https:\/\/i2.wp.com\/interpim.erresse-shop.it\/Import\/Prodotti\/le-creuset-apribottiglie-lm-450.jpg?ssl=1","contentUrl":"https:\/\/i2.wp.com\/interpim.erresse-shop.it\/Import\/Prodotti\/le-creuset-apribottiglie-lm-450.jpg?ssl=1"},{"@type":"BreadcrumbList","@id":"https:\/\/dev6.erresse-shop.it\/de\/shop\/tisch\/weinbar-korkenzieher-dekanter-eiskubel\/le-creuset-lm-450-silberner-korkenzieher\/#breadcrumb","itemListElement":[{"@type":"ListItem","position":1,"name":"Home","item":"https:\/\/dev6.erresse-shop.it\/"},{"@type":"ListItem","position":2,"name":"Shop","item":"https:\/\/dev6.erresse-shop.it\/shop\/"},{"@type":"ListItem","position":3,"name":"LE CREUSET LM-450 Silberner Korkenzieher"}]},{"@type":"WebSite","@id":"https:\/\/dev6.erresse-shop.it\/#website","url":"https:\/\/dev6.erresse-shop.it\/","name":"Erresse Shop","description":"","publisher":{"@id":"https:\/\/dev6.erresse-shop.it\/#organization"},"potentialAction":[{"@type":"SearchAction","target":{"@type":"EntryPoint","urlTemplate":"https:\/\/dev6.erresse-shop.it\/?s={search_term_string}"},"query-input":{"@type":"PropertyValueSpecification","valueRequired":true,"valueName":"search_term_string"}}],"inLanguage":"de"},{"@type":"Organization","@id":"https:\/\/dev6.erresse-shop.it\/#organization","name":"Erresse Shop","url":"https:\/\/dev6.erresse-shop.it\/","logo":{"@type":"ImageObject","inLanguage":"de","@id":"https:\/\/dev6.erresse-shop.it\/#\/schema\/logo\/image\/","url":"https:\/\/dev6.erresse-shop.it\/wp-content\/uploads\/2025\/01\/LOGO-ERRESSE-CLASSICO.svg","contentUrl":"https:\/\/dev6.erresse-shop.it\/wp-content\/uploads\/2025\/01\/LOGO-ERRESSE-CLASSICO.svg","caption":"Erresse Shop"},"image":{"@id":"https:\/\/dev6.erresse-shop.it\/#\/schema\/logo\/image\/"}}]}},"df_price":82.95,"df_sale_price":82.95,"df_regular_price":109,"df_image_link":"https:\/\/i2.wp.com\/interpim.erresse-shop.it\/Import\/Prodotti\/le-creuset-apribottiglie-lm-450.jpg?resize=300,300&ssl=1","fifu_image_url":"https:\/\/interpim.erresse-shop.it\/Import\/Prodotti\/le-creuset-apribottiglie-lm-450.jpg","_links":{"self":[{"href":"https:\/\/dev6.erresse-shop.it\/de\/wp-json\/wp\/v2\/product\/51572","targetHints":{"allow":["GET"]}}],"collection":[{"href":"https:\/\/dev6.erresse-shop.it\/de\/wp-json\/wp\/v2\/product"}],"about":[{"href":"https:\/\/dev6.erresse-shop.it\/de\/wp-json\/wp\/v2\/types\/product"}],"wp:featuredmedia":[{"embeddable":true,"href":"https:\/\/dev6.erresse-shop.it\/de\/wp-json\/wp\/v2\/media\/6358165"}],"wp:attachment":[{"href":"https:\/\/dev6.erresse-shop.it\/de\/wp-json\/wp\/v2\/media?parent=51572"}],"wp:term":[{"taxonomy":"product_cat","embeddable":true,"href":"https:\/\/dev6.erresse-shop.it\/de\/wp-json\/wp\/v2\/product_cat?post=51572"},{"taxonomy":"product_tag","embeddable":true,"href":"https:\/\/dev6.erresse-shop.it\/de\/wp-json\/wp\/v2\/product_tag?post=51572"}],"curies":[{"name":"wp","href":"https:\/\/api.w.org\/{rel}","templated":true}]}}