{"id":51488,"date":"2026-04-12T09:11:13","date_gmt":"2026-04-12T07:11:13","guid":{"rendered":"https:\/\/dev6.erresse-shop.it\/shop\/unkategorisiert\/magimix-elfenbein-hochleistungsmixer-mit-waage\/"},"modified":"2025-07-19T03:45:13","modified_gmt":"2025-07-19T01:45:13","slug":"magimix-elfenbein-hochleistungsmixer-mit-waage","status":"publish","type":"product","link":"https:\/\/dev6.erresse-shop.it\/de\/shop\/kleine-elektrogeraete\/mixer\/magimix-elfenbein-hochleistungsmixer-mit-waage\/","title":{"rendered":"MAGIMIX Elfenbein Hochleistungsmixer mit Waage"},"content":{"rendered":"<p>Blender mit Skala inklusive!<\/p>\n<p>MAGIMIX<\/p>\n<p>Es ist in Frankreich, im Herzen der Region Burgund, ber\u00fchmt f\u00fcr seine Gastronomie, da\u00df Magimix erfunden, vor mehr als vierzig Jahren, die K\u00fcchenmaschine.<br \/>\nHeute Magimix Ger\u00e4te sind die inl\u00e4ndische Version der Ger\u00e4te f\u00fcr Profis gedacht. Die besten Restaurants in der ganzen Welt nutzen die Profi-Version unserer Produkte.<br \/>\nIm Bereich Magimix, werden Sie die gesamte Palette der K\u00fcchenger\u00e4te zu finden.<br \/>\nImmer an der Spitze der Innovation in der K\u00fcche, ist stolz darauf, Magimix ihre neueste Kollektion f\u00fcr das Vergn\u00fcgen des Kochens als gro\u00dfer Koch zu pr\u00e4sentieren.<\/p>\n<p>POWER BLENDER<\/p>\n<p>Die Blendermix erm\u00f6glicht es, eine sehr weiche Konsistenz f\u00fcr Smoothies zu erhalten, f\u00fcr Suppen und Teig, zum der Risse.<br \/>\nSie k\u00f6nnen auch zersto\u00dfenem Eis und gefrorenen Desserts zu tragen in der ein Wimpernschlag!<br \/>\nExclusive System BlenderMix: Turbulenzen f\u00fcr perfekte Emulsion optimiert.<br \/>\nVon 600 bis 22.000 U \/ min: gro\u00dfe Drehzahlbereich, progressive Start, Pulsbetrieb Turbo f\u00fcr mehr Cremesuppen.<br \/>\nGlasbeh\u00e4lter best\u00e4ndig gegen das hei\u00dfe und kalte Vorbereitungen zu widerstehen.<\/p>\n<p>TECHNISCHE BESCHREIBUNG<br \/>\nCapacity: 1,8 Liter<br \/>\nBlenderMix: Perfekt f\u00fcr Emulsionen<br \/>\n5 vorprogrammierte Funktionen: Crushed Eis, Smoothies, Suppen, Semifreddo, Automatische Sp\u00fclung<br \/>\nVariable Geschwindigkeit: Progressive Start, Pulsbetrieb Turbo<br \/>\nContainer: Hitzebest\u00e4ndigem Glas<br \/>\nMischschaufel: 1<br \/>\nEnergiespar: Standby 0 W<br \/>\nKochbuch und App<br \/>\nReinigung: Voll<br \/>\nMaterial: 0% BPA<br \/>\nMotorleistung: 1300 W<br \/>\nDrehzahl: von 600 bis 22.000<br \/>\nGarantie: 3 Jahre<br \/>\nMa\u00dfe: H405 x L165 x P165 mm<br \/>\nGewicht: 4,8 kg<\/p>\n<p>Please note: the power plug is European Schuko<\/p>\n<p>Not for sale outside from Europe<\/p>\n","protected":false},"excerpt":{"rendered":"<p>Blender mit Skala inklusive! MAGIMIX Es ist in Frankreich, im Herzen der Region Burgund, ber\u00fchmt f\u00fcr seine Gastronomie, da\u00df Magimix erfunden, vor mehr als vierzig Jahren, die K\u00fcchenmaschine. Heute Magimix Ger\u00e4te sind die inl\u00e4ndische Version der Ger\u00e4te f\u00fcr Profis gedacht. Die besten Restaurants in der ganzen Welt nutzen die Profi-Version unserer Produkte. Im Bereich Magimix, [&hellip;]<\/p>\n","protected":false},"featured_media":6357356,"template":"","meta":{"_acf_changed":false},"product_cat":[12163,12169],"product_tag":[],"class_list":{"0":"post-51488","1":"product","2":"type-product","3":"status-publish","4":"has-post-thumbnail","6":"product_cat-kleine-elektrogeraete","7":"product_cat-mixer","9":"first","10":"instock","11":"sale","12":"taxable","13":"shipping-taxable","14":"purchasable","15":"product-type-simple","swatches":"rey-swatches","show_selected":"","stretch_labels":"rey-swatches--stretch-labels"},"acf":[],"yoast_head":"<!-- This site is optimized with the Yoast SEO plugin v25.4 - https:\/\/yoast.com\/wordpress\/plugins\/seo\/ -->\n<title>MAGIMIX Elfenbein Hochleistungsmixer mit Waage - dev6 Erresse<\/title>\n<meta name=\"description\" content=\"Blender mit Skala inklusive! MAGIMIX Es ist in Frankreich, im Herzen der Region Burgund, ber\u00fchmt f\u00fcr seine Gastronomie, da\u00df Magimix erfunden, vor mehr als\" \/>\n<meta name=\"robots\" content=\"noindex, follow, max-snippet:-1, max-image-preview:large, max-video-preview:-1\" \/>\n<meta property=\"og:locale\" content=\"de_DE\" \/>\n<meta property=\"og:type\" content=\"article\" \/>\n<meta property=\"og:title\" content=\"MAGIMIX Elfenbein Hochleistungsmixer mit Waage - dev6 Erresse\" \/>\n<meta property=\"og:description\" content=\"Blender mit Skala inklusive! MAGIMIX Es ist in Frankreich, im Herzen der Region Burgund, ber\u00fchmt f\u00fcr seine Gastronomie, da\u00df Magimix erfunden, vor mehr als\" \/>\n<meta property=\"og:url\" content=\"https:\/\/dev6.erresse-shop.it\/de\/shop\/kleine-elektrogeraete\/mixer\/magimix-elfenbein-hochleistungsmixer-mit-waage\/\" \/>\n<meta property=\"og:site_name\" content=\"dev6 Erresse\" \/>\n<meta property=\"og:image\" content=\"https:\/\/interpim.erresse-shop.it\/Import\/Prodotti\/magimix-blender-power-avorio.jpg\" \/><meta property=\"og:image\" content=\"https:\/\/interpim.erresse-shop.it\/Import\/Prodotti\/magimix-blender-power-avorio.jpg\" \/>\n\t<meta property=\"og:image:width\" content=\"1024\" \/>\n\t<meta property=\"og:image:height\" content=\"1024\" \/>\n\t<meta property=\"og:image:type\" content=\"image\/jpeg\" \/>\n<meta name=\"twitter:card\" content=\"summary_large_image\" \/>\n<meta name=\"twitter:image\" content=\"https:\/\/interpim.erresse-shop.it\/Import\/Prodotti\/magimix-blender-power-avorio.jpg\" \/>\n<script type=\"application\/ld+json\" class=\"yoast-schema-graph\">{\"@context\":\"https:\/\/schema.org\",\"@graph\":[{\"@type\":\"WebPage\",\"@id\":\"https:\/\/dev6.erresse-shop.it\/de\/shop\/kleine-elektrogeraete\/mixer\/magimix-elfenbein-hochleistungsmixer-mit-waage\/\",\"url\":\"https:\/\/dev6.erresse-shop.it\/de\/shop\/kleine-elektrogeraete\/mixer\/magimix-elfenbein-hochleistungsmixer-mit-waage\/\",\"name\":\"MAGIMIX Elfenbein Hochleistungsmixer mit Waage - dev6 Erresse\",\"isPartOf\":{\"@id\":\"https:\/\/dev6.erresse-shop.it\/#website\"},\"primaryImageOfPage\":{\"@id\":\"https:\/\/dev6.erresse-shop.it\/de\/shop\/kleine-elektrogeraete\/mixer\/magimix-elfenbein-hochleistungsmixer-mit-waage\/#primaryimage\"},\"image\":{\"@id\":\"https:\/\/dev6.erresse-shop.it\/de\/shop\/kleine-elektrogeraete\/mixer\/magimix-elfenbein-hochleistungsmixer-mit-waage\/#primaryimage\"},\"thumbnailUrl\":\"https:\/\/i1.wp.com\/interpim.erresse-shop.it\/Import\/Prodotti\/magimix-blender-power-avorio.jpg?ssl=1\",\"datePublished\":\"2026-04-12T07:11:13+00:00\",\"description\":\"Blender mit Skala inklusive! MAGIMIX Es ist in Frankreich, im Herzen der Region Burgund, ber\u00fchmt f\u00fcr seine Gastronomie, da\u00df Magimix erfunden, vor mehr als\",\"breadcrumb\":{\"@id\":\"https:\/\/dev6.erresse-shop.it\/de\/shop\/kleine-elektrogeraete\/mixer\/magimix-elfenbein-hochleistungsmixer-mit-waage\/#breadcrumb\"},\"inLanguage\":\"de\",\"potentialAction\":[{\"@type\":\"ReadAction\",\"target\":[\"https:\/\/dev6.erresse-shop.it\/de\/shop\/kleine-elektrogeraete\/mixer\/magimix-elfenbein-hochleistungsmixer-mit-waage\/\"]}]},{\"@type\":\"ImageObject\",\"inLanguage\":\"de\",\"@id\":\"https:\/\/dev6.erresse-shop.it\/de\/shop\/kleine-elektrogeraete\/mixer\/magimix-elfenbein-hochleistungsmixer-mit-waage\/#primaryimage\",\"url\":\"https:\/\/i1.wp.com\/interpim.erresse-shop.it\/Import\/Prodotti\/magimix-blender-power-avorio.jpg?ssl=1\",\"contentUrl\":\"https:\/\/i1.wp.com\/interpim.erresse-shop.it\/Import\/Prodotti\/magimix-blender-power-avorio.jpg?ssl=1\"},{\"@type\":\"BreadcrumbList\",\"@id\":\"https:\/\/dev6.erresse-shop.it\/de\/shop\/kleine-elektrogeraete\/mixer\/magimix-elfenbein-hochleistungsmixer-mit-waage\/#breadcrumb\",\"itemListElement\":[{\"@type\":\"ListItem\",\"position\":1,\"name\":\"Home\",\"item\":\"https:\/\/dev6.erresse-shop.it\/\"},{\"@type\":\"ListItem\",\"position\":2,\"name\":\"Shop\",\"item\":\"https:\/\/dev6.erresse-shop.it\/shop\/\"},{\"@type\":\"ListItem\",\"position\":3,\"name\":\"MAGIMIX Elfenbein Hochleistungsmixer mit Waage\"}]},{\"@type\":\"WebSite\",\"@id\":\"https:\/\/dev6.erresse-shop.it\/#website\",\"url\":\"https:\/\/dev6.erresse-shop.it\/\",\"name\":\"Erresse Shop\",\"description\":\"\",\"publisher\":{\"@id\":\"https:\/\/dev6.erresse-shop.it\/#organization\"},\"potentialAction\":[{\"@type\":\"SearchAction\",\"target\":{\"@type\":\"EntryPoint\",\"urlTemplate\":\"https:\/\/dev6.erresse-shop.it\/?s={search_term_string}\"},\"query-input\":{\"@type\":\"PropertyValueSpecification\",\"valueRequired\":true,\"valueName\":\"search_term_string\"}}],\"inLanguage\":\"de\"},{\"@type\":\"Organization\",\"@id\":\"https:\/\/dev6.erresse-shop.it\/#organization\",\"name\":\"Erresse Shop\",\"url\":\"https:\/\/dev6.erresse-shop.it\/\",\"logo\":{\"@type\":\"ImageObject\",\"inLanguage\":\"de\",\"@id\":\"https:\/\/dev6.erresse-shop.it\/#\/schema\/logo\/image\/\",\"url\":\"https:\/\/dev6.erresse-shop.it\/wp-content\/uploads\/2025\/01\/LOGO-ERRESSE-CLASSICO.svg\",\"contentUrl\":\"https:\/\/dev6.erresse-shop.it\/wp-content\/uploads\/2025\/01\/LOGO-ERRESSE-CLASSICO.svg\",\"caption\":\"Erresse Shop\"},\"image\":{\"@id\":\"https:\/\/dev6.erresse-shop.it\/#\/schema\/logo\/image\/\"}}]}<\/script>\n<!-- \/ Yoast SEO plugin. -->","yoast_head_json":{"title":"MAGIMIX Elfenbein Hochleistungsmixer mit Waage - dev6 Erresse","description":"Blender mit Skala inklusive! MAGIMIX Es ist in Frankreich, im Herzen der Region Burgund, ber\u00fchmt f\u00fcr seine Gastronomie, da\u00df Magimix erfunden, vor mehr als","robots":{"index":"noindex","follow":"follow","max-snippet":"max-snippet:-1","max-image-preview":"max-image-preview:large","max-video-preview":"max-video-preview:-1"},"og_locale":"de_DE","og_type":"article","og_title":"MAGIMIX Elfenbein Hochleistungsmixer mit Waage - dev6 Erresse","og_description":"Blender mit Skala inklusive! MAGIMIX Es ist in Frankreich, im Herzen der Region Burgund, ber\u00fchmt f\u00fcr seine Gastronomie, da\u00df Magimix erfunden, vor mehr als","og_url":"https:\/\/dev6.erresse-shop.it\/de\/shop\/kleine-elektrogeraete\/mixer\/magimix-elfenbein-hochleistungsmixer-mit-waage\/","og_site_name":"dev6 Erresse","og_image":[{"url":"https:\/\/interpim.erresse-shop.it\/Import\/Prodotti\/magimix-blender-power-avorio.jpg","type":"","width":"","height":""},{"url":"https:\/\/interpim.erresse-shop.it\/Import\/Prodotti\/magimix-blender-power-avorio.jpg","width":1024,"height":1024,"type":"image\/jpeg"}],"twitter_card":"summary_large_image","twitter_image":"https:\/\/interpim.erresse-shop.it\/Import\/Prodotti\/magimix-blender-power-avorio.jpg","schema":{"@context":"https:\/\/schema.org","@graph":[{"@type":"WebPage","@id":"https:\/\/dev6.erresse-shop.it\/de\/shop\/kleine-elektrogeraete\/mixer\/magimix-elfenbein-hochleistungsmixer-mit-waage\/","url":"https:\/\/dev6.erresse-shop.it\/de\/shop\/kleine-elektrogeraete\/mixer\/magimix-elfenbein-hochleistungsmixer-mit-waage\/","name":"MAGIMIX Elfenbein Hochleistungsmixer mit Waage - dev6 Erresse","isPartOf":{"@id":"https:\/\/dev6.erresse-shop.it\/#website"},"primaryImageOfPage":{"@id":"https:\/\/dev6.erresse-shop.it\/de\/shop\/kleine-elektrogeraete\/mixer\/magimix-elfenbein-hochleistungsmixer-mit-waage\/#primaryimage"},"image":{"@id":"https:\/\/dev6.erresse-shop.it\/de\/shop\/kleine-elektrogeraete\/mixer\/magimix-elfenbein-hochleistungsmixer-mit-waage\/#primaryimage"},"thumbnailUrl":"https:\/\/i1.wp.com\/interpim.erresse-shop.it\/Import\/Prodotti\/magimix-blender-power-avorio.jpg?ssl=1","datePublished":"2026-04-12T07:11:13+00:00","description":"Blender mit Skala inklusive! MAGIMIX Es ist in Frankreich, im Herzen der Region Burgund, ber\u00fchmt f\u00fcr seine Gastronomie, da\u00df Magimix erfunden, vor mehr als","breadcrumb":{"@id":"https:\/\/dev6.erresse-shop.it\/de\/shop\/kleine-elektrogeraete\/mixer\/magimix-elfenbein-hochleistungsmixer-mit-waage\/#breadcrumb"},"inLanguage":"de","potentialAction":[{"@type":"ReadAction","target":["https:\/\/dev6.erresse-shop.it\/de\/shop\/kleine-elektrogeraete\/mixer\/magimix-elfenbein-hochleistungsmixer-mit-waage\/"]}]},{"@type":"ImageObject","inLanguage":"de","@id":"https:\/\/dev6.erresse-shop.it\/de\/shop\/kleine-elektrogeraete\/mixer\/magimix-elfenbein-hochleistungsmixer-mit-waage\/#primaryimage","url":"https:\/\/i1.wp.com\/interpim.erresse-shop.it\/Import\/Prodotti\/magimix-blender-power-avorio.jpg?ssl=1","contentUrl":"https:\/\/i1.wp.com\/interpim.erresse-shop.it\/Import\/Prodotti\/magimix-blender-power-avorio.jpg?ssl=1"},{"@type":"BreadcrumbList","@id":"https:\/\/dev6.erresse-shop.it\/de\/shop\/kleine-elektrogeraete\/mixer\/magimix-elfenbein-hochleistungsmixer-mit-waage\/#breadcrumb","itemListElement":[{"@type":"ListItem","position":1,"name":"Home","item":"https:\/\/dev6.erresse-shop.it\/"},{"@type":"ListItem","position":2,"name":"Shop","item":"https:\/\/dev6.erresse-shop.it\/shop\/"},{"@type":"ListItem","position":3,"name":"MAGIMIX Elfenbein Hochleistungsmixer mit Waage"}]},{"@type":"WebSite","@id":"https:\/\/dev6.erresse-shop.it\/#website","url":"https:\/\/dev6.erresse-shop.it\/","name":"Erresse Shop","description":"","publisher":{"@id":"https:\/\/dev6.erresse-shop.it\/#organization"},"potentialAction":[{"@type":"SearchAction","target":{"@type":"EntryPoint","urlTemplate":"https:\/\/dev6.erresse-shop.it\/?s={search_term_string}"},"query-input":{"@type":"PropertyValueSpecification","valueRequired":true,"valueName":"search_term_string"}}],"inLanguage":"de"},{"@type":"Organization","@id":"https:\/\/dev6.erresse-shop.it\/#organization","name":"Erresse Shop","url":"https:\/\/dev6.erresse-shop.it\/","logo":{"@type":"ImageObject","inLanguage":"de","@id":"https:\/\/dev6.erresse-shop.it\/#\/schema\/logo\/image\/","url":"https:\/\/dev6.erresse-shop.it\/wp-content\/uploads\/2025\/01\/LOGO-ERRESSE-CLASSICO.svg","contentUrl":"https:\/\/dev6.erresse-shop.it\/wp-content\/uploads\/2025\/01\/LOGO-ERRESSE-CLASSICO.svg","caption":"Erresse Shop"},"image":{"@id":"https:\/\/dev6.erresse-shop.it\/#\/schema\/logo\/image\/"}}]}},"df_price":219,"df_sale_price":219,"df_regular_price":250,"df_image_link":"https:\/\/i1.wp.com\/interpim.erresse-shop.it\/Import\/Prodotti\/magimix-blender-power-avorio.jpg?resize=300,300&ssl=1","fifu_image_url":"https:\/\/interpim.erresse-shop.it\/Import\/Prodotti\/magimix-blender-power-avorio.jpg","_links":{"self":[{"href":"https:\/\/dev6.erresse-shop.it\/de\/wp-json\/wp\/v2\/product\/51488","targetHints":{"allow":["GET"]}}],"collection":[{"href":"https:\/\/dev6.erresse-shop.it\/de\/wp-json\/wp\/v2\/product"}],"about":[{"href":"https:\/\/dev6.erresse-shop.it\/de\/wp-json\/wp\/v2\/types\/product"}],"wp:featuredmedia":[{"embeddable":true,"href":"https:\/\/dev6.erresse-shop.it\/de\/wp-json\/wp\/v2\/media\/6357356"}],"wp:attachment":[{"href":"https:\/\/dev6.erresse-shop.it\/de\/wp-json\/wp\/v2\/media?parent=51488"}],"wp:term":[{"taxonomy":"product_cat","embeddable":true,"href":"https:\/\/dev6.erresse-shop.it\/de\/wp-json\/wp\/v2\/product_cat?post=51488"},{"taxonomy":"product_tag","embeddable":true,"href":"https:\/\/dev6.erresse-shop.it\/de\/wp-json\/wp\/v2\/product_tag?post=51488"}],"curies":[{"name":"wp","href":"https:\/\/api.w.org\/{rel}","templated":true}]}}