{"id":51482,"date":"2026-04-10T09:49:51","date_gmt":"2026-04-10T07:49:51","guid":{"rendered":"https:\/\/dev6.erresse-shop.it\/shop\/unkategorisiert\/cuisinart-knetmaschine\/"},"modified":"2025-07-03T20:24:15","modified_gmt":"2025-07-03T18:24:15","slug":"cuisinart-knetmaschine","status":"publish","type":"product","link":"https:\/\/dev6.erresse-shop.it\/de\/shop\/kleine-elektrogeraete\/knetmaschinen\/cuisinart-knetmaschine\/","title":{"rendered":"CUISINART Knetmaschine"},"content":{"rendered":"<p>Mit dem Planetenmixer von Cuisinart k\u00f6nnen Sie Ihre Kreativit\u00e4t in der K\u00fcche voll aussch\u00f6pfen. Mit diesem Standmixer, der Benutzerfreundlichkeit, Leistung und Stil vereint, k\u00f6nnen Sie m\u00fchelos Brotteig kneten, Eischnee aufschlagen oder Mischungen, Teige und So\u00dfen zubereiten.<br \/>\nZw\u00f6lf verschiedene Geschwindigkeitsstufen erm\u00f6glichen eine pr\u00e4zise Kontrolle w\u00e4hrend des Gebrauchs. W\u00e4hlen Sie die niedrige Geschwindigkeitsstufe, um Lebensmittel schonend zu zerkleinern, oder schalten Sie auf die h\u00f6here Geschwindigkeitsstufe, um Zutaten in Sekundenschnelle zu p\u00fcrieren.<\/p>\n<p>Die 5,2-Liter-Sch\u00fcssel aus rostfreiem Stahl fasst auch gro\u00dfe Mengen an Zutaten. Der transparente Deckel mit Spritzschutz verhindert das Versch\u00fctten von Fl\u00fcssigkeiten und erm\u00f6glicht es Ihnen, die laufende Zubereitung zu \u00fcberwachen.<\/p>\n<p>Der Planetenmixer von Cuisinart ist mit seiner sch\u00f6nen Verarbeitung und seinem eleganten Design das perfekte Zubeh\u00f6r f\u00fcr jede K\u00fcche.<\/p>\n<p>TECHNISCHE MERKMALE:<\/p>\n<p>500-W-Hochleistungsmotor \u2013 kraftvoll und zuverl\u00e4ssig f\u00fcr die sekundenschnelle Zubereitung mit hoher Intensit\u00e4t<br \/>\n12 Geschwindigkeitsstufen f\u00fcr eine Vielzahl von Rezepten \u2013 die pr\u00e4zise Steuerung der Einstellungen erm\u00f6glicht es Ihnen, in Sekundenschnelle zwischen ultrasanftem und kraftvollem Mixen zu wechseln<br \/>\n5,2-Liter-Sch\u00fcssel mit gro\u00dfem Fassungsverm\u00f6gen, sp\u00fclmaschinengeeignet<br \/>\nProfessioneller Schneebesen zum Aufschlagen \u2013 aus Edelstahl mit<br \/>\nAluminiumkopf, perfekt zum sanften Einarbeiten von Luft in das Eiwei\u00df, zum Schlagen von Sahne, um sie fest, leicht und schaumig zu machen, oder zum perfekten Mixen von Zutaten<br \/>\nFlacher R\u00fchrquirl \u2013 perfekt zum Mischen von Keksen, Kuchen und Teigen<br \/>\nKnethaken \u2013 perfekt f\u00fcr Brot, Pizza und Pasta<br \/>\nSpritzschutzdeckel mit Ausgie\u00dfer \u2013 verhindert Spritzer bei der Arbeit und eignet sich perfekt, um Zutaten nach und nach hinzuzuf\u00fcgen und dabei die laufenden Zubereitungen im Blick zu behalten<br \/>\nDer Hebehebel arretiert den Planetenmischer fest in der angehobenen<br \/>\nPosition, so dass die Zutaten leicht hinzugef\u00fcgt und die Sch\u00fcssel abgenommen werden k\u00f6nnen<br \/>\nEdelstahlsch\u00fcssel mit ergonomischem Griff<br \/>\nStabiler Rahmen und Sockel aus Metalldruckguss<\/p>\n<p>3 Jahre Garantie<br \/>\nNicht zum Verkauf au\u00dferhalb Europas<\/p>\n","protected":false},"excerpt":{"rendered":"<p>Mit dem Planetenmixer von Cuisinart k\u00f6nnen Sie Ihre Kreativit\u00e4t in der K\u00fcche voll aussch\u00f6pfen. Mit diesem Standmixer, der Benutzerfreundlichkeit, Leistung und Stil vereint, k\u00f6nnen Sie m\u00fchelos Brotteig kneten, Eischnee aufschlagen oder Mischungen, Teige und So\u00dfen zubereiten. Zw\u00f6lf verschiedene Geschwindigkeitsstufen erm\u00f6glichen eine pr\u00e4zise Kontrolle w\u00e4hrend des Gebrauchs. W\u00e4hlen Sie die niedrige Geschwindigkeitsstufe, um Lebensmittel schonend zu [&hellip;]<\/p>\n","protected":false},"featured_media":6315686,"template":"","meta":{"_acf_changed":false},"product_cat":[12163,12196],"product_tag":[],"class_list":{"0":"post-51482","1":"product","2":"type-product","3":"status-publish","4":"has-post-thumbnail","6":"product_cat-kleine-elektrogeraete","7":"product_cat-knetmaschinen","9":"first","10":"outofstock","11":"taxable","12":"shipping-taxable","13":"product-type-simple","swatches":"rey-swatches","show_selected":"","stretch_labels":"rey-swatches--stretch-labels"},"acf":[],"yoast_head":"<!-- This site is optimized with the Yoast SEO plugin v25.4 - https:\/\/yoast.com\/wordpress\/plugins\/seo\/ -->\n<title>CUISINART Knetmaschine - dev6 Erresse<\/title>\n<meta name=\"description\" content=\"Mit dem Planetenmixer von Cuisinart k\u00f6nnen Sie Ihre Kreativit\u00e4t in der K\u00fcche voll aussch\u00f6pfen. Mit diesem Standmixer, der Benutzerfreundlichkeit, Leistung\" \/>\n<meta name=\"robots\" content=\"noindex, follow, max-snippet:-1, max-image-preview:large, max-video-preview:-1\" \/>\n<meta property=\"og:locale\" content=\"de_DE\" \/>\n<meta property=\"og:type\" content=\"article\" \/>\n<meta property=\"og:title\" content=\"CUISINART Knetmaschine - dev6 Erresse\" \/>\n<meta property=\"og:description\" content=\"Mit dem Planetenmixer von Cuisinart k\u00f6nnen Sie Ihre Kreativit\u00e4t in der K\u00fcche voll aussch\u00f6pfen. Mit diesem Standmixer, der Benutzerfreundlichkeit, Leistung\" \/>\n<meta property=\"og:url\" content=\"https:\/\/dev6.erresse-shop.it\/de\/shop\/kleine-elektrogeraete\/knetmaschinen\/cuisinart-knetmaschine\/\" \/>\n<meta property=\"og:site_name\" content=\"dev6 Erresse\" \/>\n<meta property=\"og:image\" content=\"https:\/\/interpim.erresse-shop.it\/Import\/Prodotti\/cuisinart-impastatrice-3.jpg\" \/><meta property=\"og:image\" content=\"https:\/\/interpim.erresse-shop.it\/Import\/Prodotti\/cuisinart-impastatrice-3.jpg\" \/>\n\t<meta property=\"og:image:width\" content=\"1024\" \/>\n\t<meta property=\"og:image:height\" content=\"1024\" \/>\n\t<meta property=\"og:image:type\" content=\"image\/jpeg\" \/>\n<meta name=\"twitter:card\" content=\"summary_large_image\" \/>\n<meta name=\"twitter:image\" content=\"https:\/\/interpim.erresse-shop.it\/Import\/Prodotti\/cuisinart-impastatrice-3.jpg\" \/>\n<script type=\"application\/ld+json\" class=\"yoast-schema-graph\">{\"@context\":\"https:\/\/schema.org\",\"@graph\":[{\"@type\":\"WebPage\",\"@id\":\"https:\/\/dev6.erresse-shop.it\/de\/shop\/kleine-elektrogeraete\/knetmaschinen\/cuisinart-knetmaschine\/\",\"url\":\"https:\/\/dev6.erresse-shop.it\/de\/shop\/kleine-elektrogeraete\/knetmaschinen\/cuisinart-knetmaschine\/\",\"name\":\"CUISINART Knetmaschine - dev6 Erresse\",\"isPartOf\":{\"@id\":\"https:\/\/dev6.erresse-shop.it\/#website\"},\"primaryImageOfPage\":{\"@id\":\"https:\/\/dev6.erresse-shop.it\/de\/shop\/kleine-elektrogeraete\/knetmaschinen\/cuisinart-knetmaschine\/#primaryimage\"},\"image\":{\"@id\":\"https:\/\/dev6.erresse-shop.it\/de\/shop\/kleine-elektrogeraete\/knetmaschinen\/cuisinart-knetmaschine\/#primaryimage\"},\"thumbnailUrl\":\"https:\/\/i1.wp.com\/interpim.erresse-shop.it\/Import\/Prodotti\/cuisinart-impastatrice-3.jpg?ssl=1\",\"datePublished\":\"2026-04-10T07:49:51+00:00\",\"description\":\"Mit dem Planetenmixer von Cuisinart k\u00f6nnen Sie Ihre Kreativit\u00e4t in der K\u00fcche voll aussch\u00f6pfen. Mit diesem Standmixer, der Benutzerfreundlichkeit, Leistung\",\"breadcrumb\":{\"@id\":\"https:\/\/dev6.erresse-shop.it\/de\/shop\/kleine-elektrogeraete\/knetmaschinen\/cuisinart-knetmaschine\/#breadcrumb\"},\"inLanguage\":\"de\",\"potentialAction\":[{\"@type\":\"ReadAction\",\"target\":[\"https:\/\/dev6.erresse-shop.it\/de\/shop\/kleine-elektrogeraete\/knetmaschinen\/cuisinart-knetmaschine\/\"]}]},{\"@type\":\"ImageObject\",\"inLanguage\":\"de\",\"@id\":\"https:\/\/dev6.erresse-shop.it\/de\/shop\/kleine-elektrogeraete\/knetmaschinen\/cuisinart-knetmaschine\/#primaryimage\",\"url\":\"https:\/\/i1.wp.com\/interpim.erresse-shop.it\/Import\/Prodotti\/cuisinart-impastatrice-3.jpg?ssl=1\",\"contentUrl\":\"https:\/\/i1.wp.com\/interpim.erresse-shop.it\/Import\/Prodotti\/cuisinart-impastatrice-3.jpg?ssl=1\"},{\"@type\":\"BreadcrumbList\",\"@id\":\"https:\/\/dev6.erresse-shop.it\/de\/shop\/kleine-elektrogeraete\/knetmaschinen\/cuisinart-knetmaschine\/#breadcrumb\",\"itemListElement\":[{\"@type\":\"ListItem\",\"position\":1,\"name\":\"Home\",\"item\":\"https:\/\/dev6.erresse-shop.it\/\"},{\"@type\":\"ListItem\",\"position\":2,\"name\":\"Shop\",\"item\":\"https:\/\/dev6.erresse-shop.it\/shop\/\"},{\"@type\":\"ListItem\",\"position\":3,\"name\":\"CUISINART Knetmaschine\"}]},{\"@type\":\"WebSite\",\"@id\":\"https:\/\/dev6.erresse-shop.it\/#website\",\"url\":\"https:\/\/dev6.erresse-shop.it\/\",\"name\":\"Erresse Shop\",\"description\":\"\",\"publisher\":{\"@id\":\"https:\/\/dev6.erresse-shop.it\/#organization\"},\"potentialAction\":[{\"@type\":\"SearchAction\",\"target\":{\"@type\":\"EntryPoint\",\"urlTemplate\":\"https:\/\/dev6.erresse-shop.it\/?s={search_term_string}\"},\"query-input\":{\"@type\":\"PropertyValueSpecification\",\"valueRequired\":true,\"valueName\":\"search_term_string\"}}],\"inLanguage\":\"de\"},{\"@type\":\"Organization\",\"@id\":\"https:\/\/dev6.erresse-shop.it\/#organization\",\"name\":\"Erresse Shop\",\"url\":\"https:\/\/dev6.erresse-shop.it\/\",\"logo\":{\"@type\":\"ImageObject\",\"inLanguage\":\"de\",\"@id\":\"https:\/\/dev6.erresse-shop.it\/#\/schema\/logo\/image\/\",\"url\":\"https:\/\/dev6.erresse-shop.it\/wp-content\/uploads\/2025\/01\/LOGO-ERRESSE-CLASSICO.svg\",\"contentUrl\":\"https:\/\/dev6.erresse-shop.it\/wp-content\/uploads\/2025\/01\/LOGO-ERRESSE-CLASSICO.svg\",\"caption\":\"Erresse Shop\"},\"image\":{\"@id\":\"https:\/\/dev6.erresse-shop.it\/#\/schema\/logo\/image\/\"}}]}<\/script>\n<!-- \/ Yoast SEO plugin. -->","yoast_head_json":{"title":"CUISINART Knetmaschine - dev6 Erresse","description":"Mit dem Planetenmixer von Cuisinart k\u00f6nnen Sie Ihre Kreativit\u00e4t in der K\u00fcche voll aussch\u00f6pfen. Mit diesem Standmixer, der Benutzerfreundlichkeit, Leistung","robots":{"index":"noindex","follow":"follow","max-snippet":"max-snippet:-1","max-image-preview":"max-image-preview:large","max-video-preview":"max-video-preview:-1"},"og_locale":"de_DE","og_type":"article","og_title":"CUISINART Knetmaschine - dev6 Erresse","og_description":"Mit dem Planetenmixer von Cuisinart k\u00f6nnen Sie Ihre Kreativit\u00e4t in der K\u00fcche voll aussch\u00f6pfen. Mit diesem Standmixer, der Benutzerfreundlichkeit, Leistung","og_url":"https:\/\/dev6.erresse-shop.it\/de\/shop\/kleine-elektrogeraete\/knetmaschinen\/cuisinart-knetmaschine\/","og_site_name":"dev6 Erresse","og_image":[{"url":"https:\/\/interpim.erresse-shop.it\/Import\/Prodotti\/cuisinart-impastatrice-3.jpg","type":"","width":"","height":""},{"url":"https:\/\/interpim.erresse-shop.it\/Import\/Prodotti\/cuisinart-impastatrice-3.jpg","width":1024,"height":1024,"type":"image\/jpeg"}],"twitter_card":"summary_large_image","twitter_image":"https:\/\/interpim.erresse-shop.it\/Import\/Prodotti\/cuisinart-impastatrice-3.jpg","schema":{"@context":"https:\/\/schema.org","@graph":[{"@type":"WebPage","@id":"https:\/\/dev6.erresse-shop.it\/de\/shop\/kleine-elektrogeraete\/knetmaschinen\/cuisinart-knetmaschine\/","url":"https:\/\/dev6.erresse-shop.it\/de\/shop\/kleine-elektrogeraete\/knetmaschinen\/cuisinart-knetmaschine\/","name":"CUISINART Knetmaschine - dev6 Erresse","isPartOf":{"@id":"https:\/\/dev6.erresse-shop.it\/#website"},"primaryImageOfPage":{"@id":"https:\/\/dev6.erresse-shop.it\/de\/shop\/kleine-elektrogeraete\/knetmaschinen\/cuisinart-knetmaschine\/#primaryimage"},"image":{"@id":"https:\/\/dev6.erresse-shop.it\/de\/shop\/kleine-elektrogeraete\/knetmaschinen\/cuisinart-knetmaschine\/#primaryimage"},"thumbnailUrl":"https:\/\/i1.wp.com\/interpim.erresse-shop.it\/Import\/Prodotti\/cuisinart-impastatrice-3.jpg?ssl=1","datePublished":"2026-04-10T07:49:51+00:00","description":"Mit dem Planetenmixer von Cuisinart k\u00f6nnen Sie Ihre Kreativit\u00e4t in der K\u00fcche voll aussch\u00f6pfen. Mit diesem Standmixer, der Benutzerfreundlichkeit, Leistung","breadcrumb":{"@id":"https:\/\/dev6.erresse-shop.it\/de\/shop\/kleine-elektrogeraete\/knetmaschinen\/cuisinart-knetmaschine\/#breadcrumb"},"inLanguage":"de","potentialAction":[{"@type":"ReadAction","target":["https:\/\/dev6.erresse-shop.it\/de\/shop\/kleine-elektrogeraete\/knetmaschinen\/cuisinart-knetmaschine\/"]}]},{"@type":"ImageObject","inLanguage":"de","@id":"https:\/\/dev6.erresse-shop.it\/de\/shop\/kleine-elektrogeraete\/knetmaschinen\/cuisinart-knetmaschine\/#primaryimage","url":"https:\/\/i1.wp.com\/interpim.erresse-shop.it\/Import\/Prodotti\/cuisinart-impastatrice-3.jpg?ssl=1","contentUrl":"https:\/\/i1.wp.com\/interpim.erresse-shop.it\/Import\/Prodotti\/cuisinart-impastatrice-3.jpg?ssl=1"},{"@type":"BreadcrumbList","@id":"https:\/\/dev6.erresse-shop.it\/de\/shop\/kleine-elektrogeraete\/knetmaschinen\/cuisinart-knetmaschine\/#breadcrumb","itemListElement":[{"@type":"ListItem","position":1,"name":"Home","item":"https:\/\/dev6.erresse-shop.it\/"},{"@type":"ListItem","position":2,"name":"Shop","item":"https:\/\/dev6.erresse-shop.it\/shop\/"},{"@type":"ListItem","position":3,"name":"CUISINART Knetmaschine"}]},{"@type":"WebSite","@id":"https:\/\/dev6.erresse-shop.it\/#website","url":"https:\/\/dev6.erresse-shop.it\/","name":"Erresse Shop","description":"","publisher":{"@id":"https:\/\/dev6.erresse-shop.it\/#organization"},"potentialAction":[{"@type":"SearchAction","target":{"@type":"EntryPoint","urlTemplate":"https:\/\/dev6.erresse-shop.it\/?s={search_term_string}"},"query-input":{"@type":"PropertyValueSpecification","valueRequired":true,"valueName":"search_term_string"}}],"inLanguage":"de"},{"@type":"Organization","@id":"https:\/\/dev6.erresse-shop.it\/#organization","name":"Erresse Shop","url":"https:\/\/dev6.erresse-shop.it\/","logo":{"@type":"ImageObject","inLanguage":"de","@id":"https:\/\/dev6.erresse-shop.it\/#\/schema\/logo\/image\/","url":"https:\/\/dev6.erresse-shop.it\/wp-content\/uploads\/2025\/01\/LOGO-ERRESSE-CLASSICO.svg","contentUrl":"https:\/\/dev6.erresse-shop.it\/wp-content\/uploads\/2025\/01\/LOGO-ERRESSE-CLASSICO.svg","caption":"Erresse Shop"},"image":{"@id":"https:\/\/dev6.erresse-shop.it\/#\/schema\/logo\/image\/"}}]}},"df_price":"","df_sale_price":"","df_regular_price":"","df_image_link":"https:\/\/i1.wp.com\/interpim.erresse-shop.it\/Import\/Prodotti\/cuisinart-impastatrice-3.jpg?resize=300,300&ssl=1","fifu_image_url":"https:\/\/interpim.erresse-shop.it\/Import\/Prodotti\/cuisinart-impastatrice-3.jpg","_links":{"self":[{"href":"https:\/\/dev6.erresse-shop.it\/de\/wp-json\/wp\/v2\/product\/51482","targetHints":{"allow":["GET"]}}],"collection":[{"href":"https:\/\/dev6.erresse-shop.it\/de\/wp-json\/wp\/v2\/product"}],"about":[{"href":"https:\/\/dev6.erresse-shop.it\/de\/wp-json\/wp\/v2\/types\/product"}],"wp:featuredmedia":[{"embeddable":true,"href":"https:\/\/dev6.erresse-shop.it\/de\/wp-json\/wp\/v2\/media\/6315686"}],"wp:attachment":[{"href":"https:\/\/dev6.erresse-shop.it\/de\/wp-json\/wp\/v2\/media?parent=51482"}],"wp:term":[{"taxonomy":"product_cat","embeddable":true,"href":"https:\/\/dev6.erresse-shop.it\/de\/wp-json\/wp\/v2\/product_cat?post=51482"},{"taxonomy":"product_tag","embeddable":true,"href":"https:\/\/dev6.erresse-shop.it\/de\/wp-json\/wp\/v2\/product_tag?post=51482"}],"curies":[{"name":"wp","href":"https:\/\/api.w.org\/{rel}","templated":true}]}}