{"id":51472,"date":"2026-04-12T09:09:53","date_gmt":"2026-04-12T07:09:53","guid":{"rendered":"https:\/\/dev6.erresse-shop.it\/shop\/unkategorisiert\/jura-kaffeemaschine-ena-4-full-metropolitan-schwarz-einschliesslich-3-kg-kaffee\/"},"modified":"2025-07-03T20:23:57","modified_gmt":"2025-07-03T18:23:57","slug":"jura-kaffeemaschine-ena-4-full-metropolitan-schwarz-einschliesslich-2-kg-kaffee","status":"publish","type":"product","link":"https:\/\/dev6.erresse-shop.it\/de\/shop\/kleine-elektrogeraete\/kaffeemaschinen-espresso\/automatisch\/jura-kaffeemaschine-ena-4-full-metropolitan-schwarz-einschliesslich-2-kg-kaffee\/","title":{"rendered":"JURA Kaffeemaschine ENA 4 Full Metropolitan Schwarz &#8211; einschlie\u00dflich 2 Kg Kaffee"},"content":{"rendered":"<p>EINFACH TOLLER KAFFEE<br \/>\nWas ist das einfachste Mittel, um eine au\u00dfergew\u00f6hnliche Tasse Kaffee zuzubereiten? Die ENA 4, der neue kleine und kompakte Ein-Tassen-Automat, der die Erfahrung und Leidenschaft von JURA f\u00fcr intelligente Produkte verk\u00f6rpert, ist ein Genuss zum Geniessen!<\/p>\n<p>Einen Knopf dr\u00fccken und genie\u00dfen \u2013 so einfach ist die Bedienung der ENA 4. Drei Sorten Aroma- und Mahlkaffee k\u00f6nnen vorgew\u00e4hlt werden. Getreu dem JURA-Motto \u201cfrisch gemahlen, nicht in Kapseln\u201d garantiert die AromaG3-Kaffeem\u00fchle eine besonders schnelle Mahlung, bei der das volle Aroma des Kaffees erhalten bleibt.<\/p>\n<p>Der intelligente Pulsed Extraction Process (P.E.P.\u00ae) optimiert die Extraktionszeit f\u00fcr kurze Spezialit\u00e4ten und er\u00f6ffnet neue Dimensionen des Aromas. Au\u00dferdem erm\u00f6glicht es maximale Flexibilit\u00e4t bei der Programmierung des Bechervolumens.<\/p>\n<p>FRISCH GEMAHLEN, NICHT IN KAPSELFORM:<br \/>\nH\u00f6chste Kaffeequalit\u00e4t mit dem neu entwickelten intelligenten P.E.P.\u00ae System f\u00fcr mehr Freiheit bei der Programmierung des Tassenvolumens.<br \/>\nSCHNELL:<br \/>\nAromaG3 Kaffeem\u00fchle doppelt so schnell, f\u00fcr ein Mahlen, das das volle Aroma des Kaffees bewahrt.<br \/>\nEINFACH:<br \/>\nKaffeegenuss auf Knopfdruck, dank einfacher Bedienung und voreingestellter Funktionen.<br \/>\nKLEINE GR\u00d6SSE:<br \/>\nMit einer Breite von nur 27,1 cm, einer H\u00f6he von 32,3 cm und einer Tiefe von 44,5 cm passt die kleine ENA 4 problemlos \u00fcberall hin. Auch optisch \u00fcberzeugt sie: Die Varianten Full Metropolitan Black und Full Nordic White zeichnen sich durch Zur\u00fcckhaltung und Eleganz aus, w\u00e4hrend der zylindrische Wassertank in Diamond-Optik ihr einen Hauch von Klasse verleiht.<\/p>\n<p>MERKMALE\/SPEZIALIT\u00c4TEN<br \/>\nAnzahl der Kaffeespezialit\u00e4ten 4<br \/>\nStandard f\u00fcr JURA-Kaffeespezialit\u00e4tenger\u00e4te<br \/>\nGepulstes Extraktionsverfahren (P.E.P.\u00ae)<br \/>\nVariable Kapazit\u00e4t der Br\u00fchgruppe: 6 \u2013 10 g<br \/>\nKaffeem\u00fchle: Aroma G3 Mehrsortenmahlwerk<br \/>\nHochleistungspumpe, 15 bar: 1<br \/>\nThermoblock-Heizsystem: 1<br \/>\nFl\u00fcssigkeitssystem: 1<br \/>\nFach f\u00fcr gemahlenen Kaffee<br \/>\nAromaschutzdeckel<br \/>\nStandardsteuerung und -programmierung<br \/>\nJ.O.E.\u00ae kompatibel<br \/>\nAnzeige: Symbolanzeige<br \/>\nProgrammierbare und individuell einstellbare Wassermenge f\u00fcr den Kaffee: ja<br \/>\nKaffeeintensit\u00e4t programmierbar und anpassbar: 3 Stufen<\/p>\n<p>TECHNISCHE MERKMALE<br \/>\nKaffeespender verstellbar in H\u00f6he\/Breite: 75 \u2013 105 mm \/ \u2013<br \/>\nFassungsverm\u00f6gen des Wassertanks: 1,1 l<br \/>\nFassungsverm\u00f6gen des Kaffeebohnenbeh\u00e4lters: 125 g<br \/>\nKaffeesatzbeh\u00e4lter (Portionen): 10<br \/>\nKabell\u00e4nge: 1,1 m<br \/>\nSpannung \/ Leistungsaufnahme: 230 V ~ \/ 1450 W<br \/>\nStromst\u00e4rke: 10 A<br \/>\nEnergieeffizienzklasse\/Energieverbrauch: A \/ 59,3 kWh\/Jahr<br \/>\nVerbrauch im Bereitschaftszustand: 0 W<br \/>\nGewicht: 8,4 kg<br \/>\nAbmessungen (B \u00d7 H \u00d7 T): 27,1 \u00d7 32,3 \u00d7 44,5 cm<\/p>\n<p>Herstellungsland: Made in Portugal<br \/>\nModelljahr: 2020<\/p>\n","protected":false},"excerpt":{"rendered":"<p>EINFACH TOLLER KAFFEE Was ist das einfachste Mittel, um eine au\u00dfergew\u00f6hnliche Tasse Kaffee zuzubereiten? Die ENA 4, der neue kleine und kompakte Ein-Tassen-Automat, der die Erfahrung und Leidenschaft von JURA f\u00fcr intelligente Produkte verk\u00f6rpert, ist ein Genuss zum Geniessen! Einen Knopf dr\u00fccken und genie\u00dfen \u2013 so einfach ist die Bedienung der ENA 4. Drei Sorten [&hellip;]<\/p>\n","protected":false},"featured_media":6357278,"template":"","meta":{"_acf_changed":false},"product_cat":[12184,12171,12163],"product_tag":[],"class_list":{"0":"post-51472","1":"product","2":"type-product","3":"status-publish","4":"has-post-thumbnail","6":"product_cat-automatisch","7":"product_cat-kaffeemaschinen-espresso","8":"product_cat-kleine-elektrogeraete","10":"first","11":"outofstock","12":"sale","13":"taxable","14":"shipping-taxable","15":"purchasable","16":"product-type-simple","swatches":"rey-swatches","show_selected":"","stretch_labels":"rey-swatches--stretch-labels"},"acf":[],"yoast_head":"<!-- This site is optimized with the Yoast SEO plugin v25.4 - https:\/\/yoast.com\/wordpress\/plugins\/seo\/ -->\n<title>JURA Kaffeemaschine ENA 4 Full Metropolitan Schwarz &#8211; einschlie\u00dflich 2 Kg Kaffee - dev6 Erresse<\/title>\n<meta name=\"description\" content=\"EINFACH TOLLER KAFFEE Was ist das einfachste Mittel, um eine au\u00dfergew\u00f6hnliche Tasse Kaffee zuzubereiten? Die ENA 4, der neue kleine und kompakte\" \/>\n<meta name=\"robots\" content=\"noindex, follow, max-snippet:-1, max-image-preview:large, max-video-preview:-1\" \/>\n<meta property=\"og:locale\" content=\"de_DE\" \/>\n<meta property=\"og:type\" content=\"article\" \/>\n<meta property=\"og:title\" content=\"JURA Kaffeemaschine ENA 4 Full Metropolitan Schwarz &#8211; einschlie\u00dflich 2 Kg Kaffee - dev6 Erresse\" \/>\n<meta property=\"og:description\" content=\"EINFACH TOLLER KAFFEE Was ist das einfachste Mittel, um eine au\u00dfergew\u00f6hnliche Tasse Kaffee zuzubereiten? Die ENA 4, der neue kleine und kompakte\" \/>\n<meta property=\"og:url\" content=\"https:\/\/dev6.erresse-shop.it\/de\/shop\/kleine-elektrogeraete\/kaffeemaschinen-espresso\/automatisch\/jura-kaffeemaschine-ena-4-full-metropolitan-schwarz-einschliesslich-2-kg-kaffee\/\" \/>\n<meta property=\"og:site_name\" content=\"dev6 Erresse\" \/>\n<meta property=\"og:image\" content=\"https:\/\/interpim.erresse-shop.it\/Import\/Prodotti\/jura-ena-4-full-metropolitan-black4.jpg\" \/><meta property=\"og:image\" content=\"https:\/\/interpim.erresse-shop.it\/Import\/Prodotti\/jura-ena-4-full-metropolitan-black4.jpg\" \/>\n\t<meta property=\"og:image:width\" content=\"1024\" \/>\n\t<meta property=\"og:image:height\" content=\"1024\" \/>\n\t<meta property=\"og:image:type\" content=\"image\/jpeg\" \/>\n<meta name=\"twitter:card\" content=\"summary_large_image\" \/>\n<meta name=\"twitter:image\" content=\"https:\/\/interpim.erresse-shop.it\/Import\/Prodotti\/jura-ena-4-full-metropolitan-black4.jpg\" \/>\n<script type=\"application\/ld+json\" class=\"yoast-schema-graph\">{\"@context\":\"https:\/\/schema.org\",\"@graph\":[{\"@type\":\"WebPage\",\"@id\":\"https:\/\/dev6.erresse-shop.it\/de\/shop\/kleine-elektrogeraete\/kaffeemaschinen-espresso\/automatisch\/jura-kaffeemaschine-ena-4-full-metropolitan-schwarz-einschliesslich-2-kg-kaffee\/\",\"url\":\"https:\/\/dev6.erresse-shop.it\/de\/shop\/kleine-elektrogeraete\/kaffeemaschinen-espresso\/automatisch\/jura-kaffeemaschine-ena-4-full-metropolitan-schwarz-einschliesslich-2-kg-kaffee\/\",\"name\":\"JURA Kaffeemaschine ENA 4 Full Metropolitan Schwarz &#8211; einschlie\u00dflich 2 Kg Kaffee - dev6 Erresse\",\"isPartOf\":{\"@id\":\"https:\/\/dev6.erresse-shop.it\/#website\"},\"primaryImageOfPage\":{\"@id\":\"https:\/\/dev6.erresse-shop.it\/de\/shop\/kleine-elektrogeraete\/kaffeemaschinen-espresso\/automatisch\/jura-kaffeemaschine-ena-4-full-metropolitan-schwarz-einschliesslich-2-kg-kaffee\/#primaryimage\"},\"image\":{\"@id\":\"https:\/\/dev6.erresse-shop.it\/de\/shop\/kleine-elektrogeraete\/kaffeemaschinen-espresso\/automatisch\/jura-kaffeemaschine-ena-4-full-metropolitan-schwarz-einschliesslich-2-kg-kaffee\/#primaryimage\"},\"thumbnailUrl\":\"https:\/\/i0.wp.com\/interpim.erresse-shop.it\/Import\/Prodotti\/jura-ena-4-full-metropolitan-black4.jpg?ssl=1\",\"datePublished\":\"2026-04-12T07:09:53+00:00\",\"description\":\"EINFACH TOLLER KAFFEE Was ist das einfachste Mittel, um eine au\u00dfergew\u00f6hnliche Tasse Kaffee zuzubereiten? Die ENA 4, der neue kleine und kompakte\",\"breadcrumb\":{\"@id\":\"https:\/\/dev6.erresse-shop.it\/de\/shop\/kleine-elektrogeraete\/kaffeemaschinen-espresso\/automatisch\/jura-kaffeemaschine-ena-4-full-metropolitan-schwarz-einschliesslich-2-kg-kaffee\/#breadcrumb\"},\"inLanguage\":\"de\",\"potentialAction\":[{\"@type\":\"ReadAction\",\"target\":[\"https:\/\/dev6.erresse-shop.it\/de\/shop\/kleine-elektrogeraete\/kaffeemaschinen-espresso\/automatisch\/jura-kaffeemaschine-ena-4-full-metropolitan-schwarz-einschliesslich-2-kg-kaffee\/\"]}]},{\"@type\":\"ImageObject\",\"inLanguage\":\"de\",\"@id\":\"https:\/\/dev6.erresse-shop.it\/de\/shop\/kleine-elektrogeraete\/kaffeemaschinen-espresso\/automatisch\/jura-kaffeemaschine-ena-4-full-metropolitan-schwarz-einschliesslich-2-kg-kaffee\/#primaryimage\",\"url\":\"https:\/\/i0.wp.com\/interpim.erresse-shop.it\/Import\/Prodotti\/jura-ena-4-full-metropolitan-black4.jpg?ssl=1\",\"contentUrl\":\"https:\/\/i0.wp.com\/interpim.erresse-shop.it\/Import\/Prodotti\/jura-ena-4-full-metropolitan-black4.jpg?ssl=1\"},{\"@type\":\"BreadcrumbList\",\"@id\":\"https:\/\/dev6.erresse-shop.it\/de\/shop\/kleine-elektrogeraete\/kaffeemaschinen-espresso\/automatisch\/jura-kaffeemaschine-ena-4-full-metropolitan-schwarz-einschliesslich-2-kg-kaffee\/#breadcrumb\",\"itemListElement\":[{\"@type\":\"ListItem\",\"position\":1,\"name\":\"Home\",\"item\":\"https:\/\/dev6.erresse-shop.it\/\"},{\"@type\":\"ListItem\",\"position\":2,\"name\":\"Shop\",\"item\":\"https:\/\/dev6.erresse-shop.it\/shop\/\"},{\"@type\":\"ListItem\",\"position\":3,\"name\":\"JURA Kaffeemaschine ENA 4 Full Metropolitan Schwarz &#8211; einschlie\u00dflich 2 Kg Kaffee\"}]},{\"@type\":\"WebSite\",\"@id\":\"https:\/\/dev6.erresse-shop.it\/#website\",\"url\":\"https:\/\/dev6.erresse-shop.it\/\",\"name\":\"Erresse Shop\",\"description\":\"\",\"publisher\":{\"@id\":\"https:\/\/dev6.erresse-shop.it\/#organization\"},\"potentialAction\":[{\"@type\":\"SearchAction\",\"target\":{\"@type\":\"EntryPoint\",\"urlTemplate\":\"https:\/\/dev6.erresse-shop.it\/?s={search_term_string}\"},\"query-input\":{\"@type\":\"PropertyValueSpecification\",\"valueRequired\":true,\"valueName\":\"search_term_string\"}}],\"inLanguage\":\"de\"},{\"@type\":\"Organization\",\"@id\":\"https:\/\/dev6.erresse-shop.it\/#organization\",\"name\":\"Erresse Shop\",\"url\":\"https:\/\/dev6.erresse-shop.it\/\",\"logo\":{\"@type\":\"ImageObject\",\"inLanguage\":\"de\",\"@id\":\"https:\/\/dev6.erresse-shop.it\/#\/schema\/logo\/image\/\",\"url\":\"https:\/\/dev6.erresse-shop.it\/wp-content\/uploads\/2025\/01\/LOGO-ERRESSE-CLASSICO.svg\",\"contentUrl\":\"https:\/\/dev6.erresse-shop.it\/wp-content\/uploads\/2025\/01\/LOGO-ERRESSE-CLASSICO.svg\",\"caption\":\"Erresse Shop\"},\"image\":{\"@id\":\"https:\/\/dev6.erresse-shop.it\/#\/schema\/logo\/image\/\"}}]}<\/script>\n<!-- \/ Yoast SEO plugin. -->","yoast_head_json":{"title":"JURA Kaffeemaschine ENA 4 Full Metropolitan Schwarz &#8211; einschlie\u00dflich 2 Kg Kaffee - dev6 Erresse","description":"EINFACH TOLLER KAFFEE Was ist das einfachste Mittel, um eine au\u00dfergew\u00f6hnliche Tasse Kaffee zuzubereiten? Die ENA 4, der neue kleine und kompakte","robots":{"index":"noindex","follow":"follow","max-snippet":"max-snippet:-1","max-image-preview":"max-image-preview:large","max-video-preview":"max-video-preview:-1"},"og_locale":"de_DE","og_type":"article","og_title":"JURA Kaffeemaschine ENA 4 Full Metropolitan Schwarz &#8211; einschlie\u00dflich 2 Kg Kaffee - dev6 Erresse","og_description":"EINFACH TOLLER KAFFEE Was ist das einfachste Mittel, um eine au\u00dfergew\u00f6hnliche Tasse Kaffee zuzubereiten? Die ENA 4, der neue kleine und kompakte","og_url":"https:\/\/dev6.erresse-shop.it\/de\/shop\/kleine-elektrogeraete\/kaffeemaschinen-espresso\/automatisch\/jura-kaffeemaschine-ena-4-full-metropolitan-schwarz-einschliesslich-2-kg-kaffee\/","og_site_name":"dev6 Erresse","og_image":[{"url":"https:\/\/interpim.erresse-shop.it\/Import\/Prodotti\/jura-ena-4-full-metropolitan-black4.jpg","type":"","width":"","height":""},{"url":"https:\/\/interpim.erresse-shop.it\/Import\/Prodotti\/jura-ena-4-full-metropolitan-black4.jpg","width":1024,"height":1024,"type":"image\/jpeg"}],"twitter_card":"summary_large_image","twitter_image":"https:\/\/interpim.erresse-shop.it\/Import\/Prodotti\/jura-ena-4-full-metropolitan-black4.jpg","schema":{"@context":"https:\/\/schema.org","@graph":[{"@type":"WebPage","@id":"https:\/\/dev6.erresse-shop.it\/de\/shop\/kleine-elektrogeraete\/kaffeemaschinen-espresso\/automatisch\/jura-kaffeemaschine-ena-4-full-metropolitan-schwarz-einschliesslich-2-kg-kaffee\/","url":"https:\/\/dev6.erresse-shop.it\/de\/shop\/kleine-elektrogeraete\/kaffeemaschinen-espresso\/automatisch\/jura-kaffeemaschine-ena-4-full-metropolitan-schwarz-einschliesslich-2-kg-kaffee\/","name":"JURA Kaffeemaschine ENA 4 Full Metropolitan Schwarz &#8211; einschlie\u00dflich 2 Kg Kaffee - dev6 Erresse","isPartOf":{"@id":"https:\/\/dev6.erresse-shop.it\/#website"},"primaryImageOfPage":{"@id":"https:\/\/dev6.erresse-shop.it\/de\/shop\/kleine-elektrogeraete\/kaffeemaschinen-espresso\/automatisch\/jura-kaffeemaschine-ena-4-full-metropolitan-schwarz-einschliesslich-2-kg-kaffee\/#primaryimage"},"image":{"@id":"https:\/\/dev6.erresse-shop.it\/de\/shop\/kleine-elektrogeraete\/kaffeemaschinen-espresso\/automatisch\/jura-kaffeemaschine-ena-4-full-metropolitan-schwarz-einschliesslich-2-kg-kaffee\/#primaryimage"},"thumbnailUrl":"https:\/\/i0.wp.com\/interpim.erresse-shop.it\/Import\/Prodotti\/jura-ena-4-full-metropolitan-black4.jpg?ssl=1","datePublished":"2026-04-12T07:09:53+00:00","description":"EINFACH TOLLER KAFFEE Was ist das einfachste Mittel, um eine au\u00dfergew\u00f6hnliche Tasse Kaffee zuzubereiten? Die ENA 4, der neue kleine und kompakte","breadcrumb":{"@id":"https:\/\/dev6.erresse-shop.it\/de\/shop\/kleine-elektrogeraete\/kaffeemaschinen-espresso\/automatisch\/jura-kaffeemaschine-ena-4-full-metropolitan-schwarz-einschliesslich-2-kg-kaffee\/#breadcrumb"},"inLanguage":"de","potentialAction":[{"@type":"ReadAction","target":["https:\/\/dev6.erresse-shop.it\/de\/shop\/kleine-elektrogeraete\/kaffeemaschinen-espresso\/automatisch\/jura-kaffeemaschine-ena-4-full-metropolitan-schwarz-einschliesslich-2-kg-kaffee\/"]}]},{"@type":"ImageObject","inLanguage":"de","@id":"https:\/\/dev6.erresse-shop.it\/de\/shop\/kleine-elektrogeraete\/kaffeemaschinen-espresso\/automatisch\/jura-kaffeemaschine-ena-4-full-metropolitan-schwarz-einschliesslich-2-kg-kaffee\/#primaryimage","url":"https:\/\/i0.wp.com\/interpim.erresse-shop.it\/Import\/Prodotti\/jura-ena-4-full-metropolitan-black4.jpg?ssl=1","contentUrl":"https:\/\/i0.wp.com\/interpim.erresse-shop.it\/Import\/Prodotti\/jura-ena-4-full-metropolitan-black4.jpg?ssl=1"},{"@type":"BreadcrumbList","@id":"https:\/\/dev6.erresse-shop.it\/de\/shop\/kleine-elektrogeraete\/kaffeemaschinen-espresso\/automatisch\/jura-kaffeemaschine-ena-4-full-metropolitan-schwarz-einschliesslich-2-kg-kaffee\/#breadcrumb","itemListElement":[{"@type":"ListItem","position":1,"name":"Home","item":"https:\/\/dev6.erresse-shop.it\/"},{"@type":"ListItem","position":2,"name":"Shop","item":"https:\/\/dev6.erresse-shop.it\/shop\/"},{"@type":"ListItem","position":3,"name":"JURA Kaffeemaschine ENA 4 Full Metropolitan Schwarz &#8211; einschlie\u00dflich 2 Kg Kaffee"}]},{"@type":"WebSite","@id":"https:\/\/dev6.erresse-shop.it\/#website","url":"https:\/\/dev6.erresse-shop.it\/","name":"Erresse Shop","description":"","publisher":{"@id":"https:\/\/dev6.erresse-shop.it\/#organization"},"potentialAction":[{"@type":"SearchAction","target":{"@type":"EntryPoint","urlTemplate":"https:\/\/dev6.erresse-shop.it\/?s={search_term_string}"},"query-input":{"@type":"PropertyValueSpecification","valueRequired":true,"valueName":"search_term_string"}}],"inLanguage":"de"},{"@type":"Organization","@id":"https:\/\/dev6.erresse-shop.it\/#organization","name":"Erresse Shop","url":"https:\/\/dev6.erresse-shop.it\/","logo":{"@type":"ImageObject","inLanguage":"de","@id":"https:\/\/dev6.erresse-shop.it\/#\/schema\/logo\/image\/","url":"https:\/\/dev6.erresse-shop.it\/wp-content\/uploads\/2025\/01\/LOGO-ERRESSE-CLASSICO.svg","contentUrl":"https:\/\/dev6.erresse-shop.it\/wp-content\/uploads\/2025\/01\/LOGO-ERRESSE-CLASSICO.svg","caption":"Erresse Shop"},"image":{"@id":"https:\/\/dev6.erresse-shop.it\/#\/schema\/logo\/image\/"}}]}},"df_price":593.99,"df_sale_price":593.99,"df_regular_price":699,"df_image_link":"https:\/\/i0.wp.com\/interpim.erresse-shop.it\/Import\/Prodotti\/jura-ena-4-full-metropolitan-black4.jpg?resize=300,300&ssl=1","fifu_image_url":"https:\/\/interpim.erresse-shop.it\/Import\/Prodotti\/jura-ena-4-full-metropolitan-black4.jpg","_links":{"self":[{"href":"https:\/\/dev6.erresse-shop.it\/de\/wp-json\/wp\/v2\/product\/51472","targetHints":{"allow":["GET"]}}],"collection":[{"href":"https:\/\/dev6.erresse-shop.it\/de\/wp-json\/wp\/v2\/product"}],"about":[{"href":"https:\/\/dev6.erresse-shop.it\/de\/wp-json\/wp\/v2\/types\/product"}],"wp:featuredmedia":[{"embeddable":true,"href":"https:\/\/dev6.erresse-shop.it\/de\/wp-json\/wp\/v2\/media\/6357278"}],"wp:attachment":[{"href":"https:\/\/dev6.erresse-shop.it\/de\/wp-json\/wp\/v2\/media?parent=51472"}],"wp:term":[{"taxonomy":"product_cat","embeddable":true,"href":"https:\/\/dev6.erresse-shop.it\/de\/wp-json\/wp\/v2\/product_cat?post=51472"},{"taxonomy":"product_tag","embeddable":true,"href":"https:\/\/dev6.erresse-shop.it\/de\/wp-json\/wp\/v2\/product_tag?post=51472"}],"curies":[{"name":"wp","href":"https:\/\/api.w.org\/{rel}","templated":true}]}}