{"id":51470,"date":"2026-04-12T09:09:53","date_gmt":"2026-04-12T07:09:53","guid":{"rendered":"https:\/\/dev6.erresse-shop.it\/shop\/unkategorisiert\/jura-kaffeemaschine-ena-8-touch-metropolitan-schwarz-einschliesslich-2-kg-kaffee\/"},"modified":"2026-01-29T19:17:45","modified_gmt":"2026-01-29T18:17:45","slug":"jura-kaffeemaschine-ena-8-touch-metropolitan-schwarz-einschliesslich-2-kg-kaffee","status":"publish","type":"product","link":"https:\/\/dev6.erresse-shop.it\/de\/shop\/kleine-elektrogeraete\/kaffeemaschinen-espresso\/automatisch\/jura-kaffeemaschine-ena-8-touch-metropolitan-schwarz-einschliesslich-2-kg-kaffee\/","title":{"rendered":"JURA Kaffeemaschine ENA 8 Touch Metropolitan Schwarz &#8211; einschlie\u00dflich 2 kg Kaffee"},"content":{"rendered":"<p>Vielseitiges Design mit intuitiver Touch-Bedienung<br \/>\nKlein und elegant, erm\u00f6glicht der Ein-Tassen-Vollautomat jetzt eine noch einfachere Bedienung durch Touchscreen-Technologie und k\u00fcnstliche Intelligenz: Das Display liest Ihnen alle Kaffeew\u00fcnsche buchst\u00e4blich von den Fingerspitzen ab. Dar\u00fcber hinaus erkennt ein Algorithmus Ihre pers\u00f6nlichen Vorlieben und passt den Startbildschirm automatisch an diese an.<\/p>\n<p>Der ENA 8 \u00fcberzeugt mit 12 ausgew\u00e4hlten Kaffeespezialit\u00e4ten, darunter die trendigsten wie Cortado und Barista-Kaffee. Kaffeegenuss ist kein Zufall, sondern das Ergebnis von Innovationen wie der kompakten VC-Br\u00fcheinheit (Vacuum-Clean). Dank ihm flie\u00dft der Kaffee immer unter idealen Bedingungen in die Tasse. Das gepulste Extraktionsverfahren (P.E.P.\u00ae) optimiert das Aroma von kurzen Spezialit\u00e4ten wie Ristretto und Espresso. Die Mikroschaum-Technologie bereitet einen weichen und sanften Milchschaum f\u00fcr Cappuccino &amp; Co.<\/p>\n<p>Tauchen Sie ein in die Welt von ENA 8<\/p>\n<p>KLEIN<br \/>\nNur 27,1 x 32,3 x 44,5 cm<\/p>\n<p>ELEGANT<br \/>\nRundes Design mit verchromten Details und rundem Wassertank in Diamond-\u00c4sthetik.<\/p>\n<p>EINFACH<br \/>\nFarbdisplay mit TFT-Touchscreen-Technologie und k\u00fcnstlicher Intelligenz.<\/p>\n<p>VIRTUOUS<br \/>\n12 Spezialit\u00e4ten auf Knopfdruck, darunter Cortado und Barista-Kaffee.<\/p>\n<p>MERKMALE\/SPEZIALIT\u00c4TEN<br \/>\nAnzahl der Kaffeespezialit\u00e4ten 12<br \/>\n2,8\u201d-Farbdisplay<br \/>\nProgrammierbare und anpassbare Kaffeeintensit\u00e4t: 10 Stufen<br \/>\nProgrammierbare Milch-\/Schaummenge: ja<br \/>\nProgrammierbare Br\u00fchtemperatur: 3 Stufen<br \/>\nProgrammierbare Warmwassertemperatur: 3 Stufen<br \/>\nGepulstes Extraktionsverfahren (P.E.P.\u00ae): ja<br \/>\nOne-Touch-Lang-Funktion: ja<br \/>\nOne-Touch-Funktion: ja<br \/>\nVariable Kapazit\u00e4t der Br\u00fchgruppe: 6 \u2013 10 g<br \/>\nKaffeem\u00fchle: Aroma G3 Multi-Grad-M\u00fchle<br \/>\nHochleistungspumpe, 15 bar: 1<br \/>\nThermoblock-Heizsystem: 1<br \/>\nFl\u00fcssigkeitssystem: 1<br \/>\nMilchsystem \/ austauschbarer Milchaufsch\u00e4umer HP1 \/ CX1<br \/>\nFach f\u00fcr gemahlenen Kaffee: ja<br \/>\nAromaschutzdeckel: ja<\/p>\n<p>TECHNISCHE MERKMALE<br \/>\nH\u00f6hen- \/ breitenverstellbarer Doppelauslauf: 68 \u2013 138 mm \/ \u2013<br \/>\nH\u00f6henverstellbarer Hei\u00dfwasserspender: 68 \u2013 138 mm<br \/>\nFassungsverm\u00f6gen des Wassertanks: 1,1 l<br \/>\nFassungsverm\u00f6gen des Kaffeebohnenbeh\u00e4lters: 125 g<br \/>\nKaffeesatzbeh\u00e4lter (Portionen): 10<br \/>\nKabell\u00e4nge 1,1 m<br \/>\nSpannung \/ Leistungsaufnahme: 230 V ~ \/ 1450 W<br \/>\nStromst\u00e4rke: 10 A<br \/>\nEnergieeffizienzklasse\/Energieverbrauch: A \/ 60 kWh\/Jahr<br \/>\nVerbrauch im Bereitschaftszustand: 0 W<br \/>\nGewicht: 9,4 kg<br \/>\nAbmessungen (B \u00d7 H \u00d7 T): 27,1 \u00d7 32,3 \u00d7 44,5 cm<\/p>\n<p>Herstellerland: Made in Portugal<br \/>\nModelljahr 2019<\/p>\n","protected":false},"excerpt":{"rendered":"<p>Vielseitiges Design mit intuitiver Touch-Bedienung Klein und elegant, erm\u00f6glicht der Ein-Tassen-Vollautomat jetzt eine noch einfachere Bedienung durch Touchscreen-Technologie und k\u00fcnstliche Intelligenz: Das Display liest Ihnen alle Kaffeew\u00fcnsche buchst\u00e4blich von den Fingerspitzen ab. Dar\u00fcber hinaus erkennt ein Algorithmus Ihre pers\u00f6nlichen Vorlieben und passt den Startbildschirm automatisch an diese an. Der ENA 8 \u00fcberzeugt mit 12 ausgew\u00e4hlten [&hellip;]<\/p>\n","protected":false},"featured_media":6357258,"template":"","meta":{"_acf_changed":false},"product_cat":[12184,12171,12163],"product_tag":[],"class_list":{"0":"post-51470","1":"product","2":"type-product","3":"status-publish","4":"has-post-thumbnail","6":"product_cat-automatisch","7":"product_cat-kaffeemaschinen-espresso","8":"product_cat-kleine-elektrogeraete","10":"first","11":"outofstock","12":"sale","13":"taxable","14":"shipping-taxable","15":"purchasable","16":"product-type-simple","swatches":"rey-swatches","show_selected":"","stretch_labels":"rey-swatches--stretch-labels"},"acf":[],"yoast_head":"<!-- This site is optimized with the Yoast SEO plugin v25.4 - https:\/\/yoast.com\/wordpress\/plugins\/seo\/ -->\n<title>JURA Kaffeemaschine ENA 8 Touch Metropolitan Schwarz &#8211; einschlie\u00dflich 2 kg Kaffee - dev6 Erresse<\/title>\n<meta name=\"description\" content=\"Vielseitiges Design mit intuitiver Touch-Bedienung Klein und elegant, erm\u00f6glicht der Ein-Tassen-Vollautomat jetzt eine noch einfachere Bedienung durch\" \/>\n<meta name=\"robots\" content=\"noindex, follow, max-snippet:-1, max-image-preview:large, max-video-preview:-1\" \/>\n<meta property=\"og:locale\" content=\"de_DE\" \/>\n<meta property=\"og:type\" content=\"article\" \/>\n<meta property=\"og:title\" content=\"JURA Kaffeemaschine ENA 8 Touch Metropolitan Schwarz &#8211; einschlie\u00dflich 2 kg Kaffee - dev6 Erresse\" \/>\n<meta property=\"og:description\" content=\"Vielseitiges Design mit intuitiver Touch-Bedienung Klein und elegant, erm\u00f6glicht der Ein-Tassen-Vollautomat jetzt eine noch einfachere Bedienung durch\" \/>\n<meta property=\"og:url\" content=\"https:\/\/dev6.erresse-shop.it\/de\/shop\/kleine-elektrogeraete\/kaffeemaschinen-espresso\/automatisch\/jura-kaffeemaschine-ena-8-touch-metropolitan-schwarz-einschliesslich-2-kg-kaffee\/\" \/>\n<meta property=\"og:site_name\" content=\"dev6 Erresse\" \/>\n<meta property=\"og:image\" content=\"https:\/\/interpim.erresse-shop.it\/Import\/Prodotti\/jura-ena-8-touch-metropolitan-black.jpg\" \/><meta property=\"og:image\" content=\"https:\/\/interpim.erresse-shop.it\/Import\/Prodotti\/jura-ena-8-touch-metropolitan-black.jpg\" \/>\n\t<meta property=\"og:image:width\" content=\"1024\" \/>\n\t<meta property=\"og:image:height\" content=\"1024\" \/>\n\t<meta property=\"og:image:type\" content=\"image\/jpeg\" \/>\n<meta name=\"twitter:card\" content=\"summary_large_image\" \/>\n<meta name=\"twitter:image\" content=\"https:\/\/interpim.erresse-shop.it\/Import\/Prodotti\/jura-ena-8-touch-metropolitan-black.jpg\" \/>\n<script type=\"application\/ld+json\" class=\"yoast-schema-graph\">{\"@context\":\"https:\/\/schema.org\",\"@graph\":[{\"@type\":\"WebPage\",\"@id\":\"https:\/\/dev6.erresse-shop.it\/de\/shop\/kleine-elektrogeraete\/kaffeemaschinen-espresso\/automatisch\/jura-kaffeemaschine-ena-8-touch-metropolitan-schwarz-einschliesslich-2-kg-kaffee\/\",\"url\":\"https:\/\/dev6.erresse-shop.it\/de\/shop\/kleine-elektrogeraete\/kaffeemaschinen-espresso\/automatisch\/jura-kaffeemaschine-ena-8-touch-metropolitan-schwarz-einschliesslich-2-kg-kaffee\/\",\"name\":\"JURA Kaffeemaschine ENA 8 Touch Metropolitan Schwarz &#8211; einschlie\u00dflich 2 kg Kaffee - dev6 Erresse\",\"isPartOf\":{\"@id\":\"https:\/\/dev6.erresse-shop.it\/#website\"},\"primaryImageOfPage\":{\"@id\":\"https:\/\/dev6.erresse-shop.it\/de\/shop\/kleine-elektrogeraete\/kaffeemaschinen-espresso\/automatisch\/jura-kaffeemaschine-ena-8-touch-metropolitan-schwarz-einschliesslich-2-kg-kaffee\/#primaryimage\"},\"image\":{\"@id\":\"https:\/\/dev6.erresse-shop.it\/de\/shop\/kleine-elektrogeraete\/kaffeemaschinen-espresso\/automatisch\/jura-kaffeemaschine-ena-8-touch-metropolitan-schwarz-einschliesslich-2-kg-kaffee\/#primaryimage\"},\"thumbnailUrl\":\"https:\/\/i1.wp.com\/interpim.erresse-shop.it\/Import\/Prodotti\/jura-ena-8-touch-metropolitan-black.jpg?ssl=1\",\"datePublished\":\"2026-04-12T07:09:53+00:00\",\"description\":\"Vielseitiges Design mit intuitiver Touch-Bedienung Klein und elegant, erm\u00f6glicht der Ein-Tassen-Vollautomat jetzt eine noch einfachere Bedienung durch\",\"breadcrumb\":{\"@id\":\"https:\/\/dev6.erresse-shop.it\/de\/shop\/kleine-elektrogeraete\/kaffeemaschinen-espresso\/automatisch\/jura-kaffeemaschine-ena-8-touch-metropolitan-schwarz-einschliesslich-2-kg-kaffee\/#breadcrumb\"},\"inLanguage\":\"de\",\"potentialAction\":[{\"@type\":\"ReadAction\",\"target\":[\"https:\/\/dev6.erresse-shop.it\/de\/shop\/kleine-elektrogeraete\/kaffeemaschinen-espresso\/automatisch\/jura-kaffeemaschine-ena-8-touch-metropolitan-schwarz-einschliesslich-2-kg-kaffee\/\"]}]},{\"@type\":\"ImageObject\",\"inLanguage\":\"de\",\"@id\":\"https:\/\/dev6.erresse-shop.it\/de\/shop\/kleine-elektrogeraete\/kaffeemaschinen-espresso\/automatisch\/jura-kaffeemaschine-ena-8-touch-metropolitan-schwarz-einschliesslich-2-kg-kaffee\/#primaryimage\",\"url\":\"https:\/\/i1.wp.com\/interpim.erresse-shop.it\/Import\/Prodotti\/jura-ena-8-touch-metropolitan-black.jpg?ssl=1\",\"contentUrl\":\"https:\/\/i1.wp.com\/interpim.erresse-shop.it\/Import\/Prodotti\/jura-ena-8-touch-metropolitan-black.jpg?ssl=1\"},{\"@type\":\"BreadcrumbList\",\"@id\":\"https:\/\/dev6.erresse-shop.it\/de\/shop\/kleine-elektrogeraete\/kaffeemaschinen-espresso\/automatisch\/jura-kaffeemaschine-ena-8-touch-metropolitan-schwarz-einschliesslich-2-kg-kaffee\/#breadcrumb\",\"itemListElement\":[{\"@type\":\"ListItem\",\"position\":1,\"name\":\"Home\",\"item\":\"https:\/\/dev6.erresse-shop.it\/\"},{\"@type\":\"ListItem\",\"position\":2,\"name\":\"Shop\",\"item\":\"https:\/\/dev6.erresse-shop.it\/shop\/\"},{\"@type\":\"ListItem\",\"position\":3,\"name\":\"JURA Kaffeemaschine ENA 8 Touch Metropolitan Schwarz &#8211; einschlie\u00dflich 2 kg Kaffee\"}]},{\"@type\":\"WebSite\",\"@id\":\"https:\/\/dev6.erresse-shop.it\/#website\",\"url\":\"https:\/\/dev6.erresse-shop.it\/\",\"name\":\"Erresse Shop\",\"description\":\"\",\"publisher\":{\"@id\":\"https:\/\/dev6.erresse-shop.it\/#organization\"},\"potentialAction\":[{\"@type\":\"SearchAction\",\"target\":{\"@type\":\"EntryPoint\",\"urlTemplate\":\"https:\/\/dev6.erresse-shop.it\/?s={search_term_string}\"},\"query-input\":{\"@type\":\"PropertyValueSpecification\",\"valueRequired\":true,\"valueName\":\"search_term_string\"}}],\"inLanguage\":\"de\"},{\"@type\":\"Organization\",\"@id\":\"https:\/\/dev6.erresse-shop.it\/#organization\",\"name\":\"Erresse Shop\",\"url\":\"https:\/\/dev6.erresse-shop.it\/\",\"logo\":{\"@type\":\"ImageObject\",\"inLanguage\":\"de\",\"@id\":\"https:\/\/dev6.erresse-shop.it\/#\/schema\/logo\/image\/\",\"url\":\"https:\/\/dev6.erresse-shop.it\/wp-content\/uploads\/2025\/01\/LOGO-ERRESSE-CLASSICO.svg\",\"contentUrl\":\"https:\/\/dev6.erresse-shop.it\/wp-content\/uploads\/2025\/01\/LOGO-ERRESSE-CLASSICO.svg\",\"caption\":\"Erresse Shop\"},\"image\":{\"@id\":\"https:\/\/dev6.erresse-shop.it\/#\/schema\/logo\/image\/\"}}]}<\/script>\n<!-- \/ Yoast SEO plugin. -->","yoast_head_json":{"title":"JURA Kaffeemaschine ENA 8 Touch Metropolitan Schwarz &#8211; einschlie\u00dflich 2 kg Kaffee - dev6 Erresse","description":"Vielseitiges Design mit intuitiver Touch-Bedienung Klein und elegant, erm\u00f6glicht der Ein-Tassen-Vollautomat jetzt eine noch einfachere Bedienung durch","robots":{"index":"noindex","follow":"follow","max-snippet":"max-snippet:-1","max-image-preview":"max-image-preview:large","max-video-preview":"max-video-preview:-1"},"og_locale":"de_DE","og_type":"article","og_title":"JURA Kaffeemaschine ENA 8 Touch Metropolitan Schwarz &#8211; einschlie\u00dflich 2 kg Kaffee - dev6 Erresse","og_description":"Vielseitiges Design mit intuitiver Touch-Bedienung Klein und elegant, erm\u00f6glicht der Ein-Tassen-Vollautomat jetzt eine noch einfachere Bedienung durch","og_url":"https:\/\/dev6.erresse-shop.it\/de\/shop\/kleine-elektrogeraete\/kaffeemaschinen-espresso\/automatisch\/jura-kaffeemaschine-ena-8-touch-metropolitan-schwarz-einschliesslich-2-kg-kaffee\/","og_site_name":"dev6 Erresse","og_image":[{"url":"https:\/\/interpim.erresse-shop.it\/Import\/Prodotti\/jura-ena-8-touch-metropolitan-black.jpg","type":"","width":"","height":""},{"url":"https:\/\/interpim.erresse-shop.it\/Import\/Prodotti\/jura-ena-8-touch-metropolitan-black.jpg","width":1024,"height":1024,"type":"image\/jpeg"}],"twitter_card":"summary_large_image","twitter_image":"https:\/\/interpim.erresse-shop.it\/Import\/Prodotti\/jura-ena-8-touch-metropolitan-black.jpg","schema":{"@context":"https:\/\/schema.org","@graph":[{"@type":"WebPage","@id":"https:\/\/dev6.erresse-shop.it\/de\/shop\/kleine-elektrogeraete\/kaffeemaschinen-espresso\/automatisch\/jura-kaffeemaschine-ena-8-touch-metropolitan-schwarz-einschliesslich-2-kg-kaffee\/","url":"https:\/\/dev6.erresse-shop.it\/de\/shop\/kleine-elektrogeraete\/kaffeemaschinen-espresso\/automatisch\/jura-kaffeemaschine-ena-8-touch-metropolitan-schwarz-einschliesslich-2-kg-kaffee\/","name":"JURA Kaffeemaschine ENA 8 Touch Metropolitan Schwarz &#8211; einschlie\u00dflich 2 kg Kaffee - dev6 Erresse","isPartOf":{"@id":"https:\/\/dev6.erresse-shop.it\/#website"},"primaryImageOfPage":{"@id":"https:\/\/dev6.erresse-shop.it\/de\/shop\/kleine-elektrogeraete\/kaffeemaschinen-espresso\/automatisch\/jura-kaffeemaschine-ena-8-touch-metropolitan-schwarz-einschliesslich-2-kg-kaffee\/#primaryimage"},"image":{"@id":"https:\/\/dev6.erresse-shop.it\/de\/shop\/kleine-elektrogeraete\/kaffeemaschinen-espresso\/automatisch\/jura-kaffeemaschine-ena-8-touch-metropolitan-schwarz-einschliesslich-2-kg-kaffee\/#primaryimage"},"thumbnailUrl":"https:\/\/i1.wp.com\/interpim.erresse-shop.it\/Import\/Prodotti\/jura-ena-8-touch-metropolitan-black.jpg?ssl=1","datePublished":"2026-04-12T07:09:53+00:00","description":"Vielseitiges Design mit intuitiver Touch-Bedienung Klein und elegant, erm\u00f6glicht der Ein-Tassen-Vollautomat jetzt eine noch einfachere Bedienung durch","breadcrumb":{"@id":"https:\/\/dev6.erresse-shop.it\/de\/shop\/kleine-elektrogeraete\/kaffeemaschinen-espresso\/automatisch\/jura-kaffeemaschine-ena-8-touch-metropolitan-schwarz-einschliesslich-2-kg-kaffee\/#breadcrumb"},"inLanguage":"de","potentialAction":[{"@type":"ReadAction","target":["https:\/\/dev6.erresse-shop.it\/de\/shop\/kleine-elektrogeraete\/kaffeemaschinen-espresso\/automatisch\/jura-kaffeemaschine-ena-8-touch-metropolitan-schwarz-einschliesslich-2-kg-kaffee\/"]}]},{"@type":"ImageObject","inLanguage":"de","@id":"https:\/\/dev6.erresse-shop.it\/de\/shop\/kleine-elektrogeraete\/kaffeemaschinen-espresso\/automatisch\/jura-kaffeemaschine-ena-8-touch-metropolitan-schwarz-einschliesslich-2-kg-kaffee\/#primaryimage","url":"https:\/\/i1.wp.com\/interpim.erresse-shop.it\/Import\/Prodotti\/jura-ena-8-touch-metropolitan-black.jpg?ssl=1","contentUrl":"https:\/\/i1.wp.com\/interpim.erresse-shop.it\/Import\/Prodotti\/jura-ena-8-touch-metropolitan-black.jpg?ssl=1"},{"@type":"BreadcrumbList","@id":"https:\/\/dev6.erresse-shop.it\/de\/shop\/kleine-elektrogeraete\/kaffeemaschinen-espresso\/automatisch\/jura-kaffeemaschine-ena-8-touch-metropolitan-schwarz-einschliesslich-2-kg-kaffee\/#breadcrumb","itemListElement":[{"@type":"ListItem","position":1,"name":"Home","item":"https:\/\/dev6.erresse-shop.it\/"},{"@type":"ListItem","position":2,"name":"Shop","item":"https:\/\/dev6.erresse-shop.it\/shop\/"},{"@type":"ListItem","position":3,"name":"JURA Kaffeemaschine ENA 8 Touch Metropolitan Schwarz &#8211; einschlie\u00dflich 2 kg Kaffee"}]},{"@type":"WebSite","@id":"https:\/\/dev6.erresse-shop.it\/#website","url":"https:\/\/dev6.erresse-shop.it\/","name":"Erresse Shop","description":"","publisher":{"@id":"https:\/\/dev6.erresse-shop.it\/#organization"},"potentialAction":[{"@type":"SearchAction","target":{"@type":"EntryPoint","urlTemplate":"https:\/\/dev6.erresse-shop.it\/?s={search_term_string}"},"query-input":{"@type":"PropertyValueSpecification","valueRequired":true,"valueName":"search_term_string"}}],"inLanguage":"de"},{"@type":"Organization","@id":"https:\/\/dev6.erresse-shop.it\/#organization","name":"Erresse Shop","url":"https:\/\/dev6.erresse-shop.it\/","logo":{"@type":"ImageObject","inLanguage":"de","@id":"https:\/\/dev6.erresse-shop.it\/#\/schema\/logo\/image\/","url":"https:\/\/dev6.erresse-shop.it\/wp-content\/uploads\/2025\/01\/LOGO-ERRESSE-CLASSICO.svg","contentUrl":"https:\/\/dev6.erresse-shop.it\/wp-content\/uploads\/2025\/01\/LOGO-ERRESSE-CLASSICO.svg","caption":"Erresse Shop"},"image":{"@id":"https:\/\/dev6.erresse-shop.it\/#\/schema\/logo\/image\/"}}]}},"df_price":949.95,"df_sale_price":949.95,"df_regular_price":1249,"df_image_link":"https:\/\/i1.wp.com\/interpim.erresse-shop.it\/Import\/Prodotti\/jura-ena-8-touch-metropolitan-black.jpg?resize=300,300&ssl=1","fifu_image_url":"https:\/\/interpim.erresse-shop.it\/Import\/Prodotti\/jura-ena-8-touch-metropolitan-black.jpg","_links":{"self":[{"href":"https:\/\/dev6.erresse-shop.it\/de\/wp-json\/wp\/v2\/product\/51470","targetHints":{"allow":["GET"]}}],"collection":[{"href":"https:\/\/dev6.erresse-shop.it\/de\/wp-json\/wp\/v2\/product"}],"about":[{"href":"https:\/\/dev6.erresse-shop.it\/de\/wp-json\/wp\/v2\/types\/product"}],"wp:featuredmedia":[{"embeddable":true,"href":"https:\/\/dev6.erresse-shop.it\/de\/wp-json\/wp\/v2\/media\/6357258"}],"wp:attachment":[{"href":"https:\/\/dev6.erresse-shop.it\/de\/wp-json\/wp\/v2\/media?parent=51470"}],"wp:term":[{"taxonomy":"product_cat","embeddable":true,"href":"https:\/\/dev6.erresse-shop.it\/de\/wp-json\/wp\/v2\/product_cat?post=51470"},{"taxonomy":"product_tag","embeddable":true,"href":"https:\/\/dev6.erresse-shop.it\/de\/wp-json\/wp\/v2\/product_tag?post=51470"}],"curies":[{"name":"wp","href":"https:\/\/api.w.org\/{rel}","templated":true}]}}