{"id":51468,"date":"2026-04-12T09:09:53","date_gmt":"2026-04-12T07:09:53","guid":{"rendered":"https:\/\/dev6.erresse-shop.it\/shop\/unkategorisiert\/jura-kaffeemaschine-d4-einschliesslich-500-g-kaffee\/"},"modified":"2025-07-03T20:23:50","modified_gmt":"2025-07-03T18:23:50","slug":"jura-kaffeemaschine-d4-einschliesslich-500-g-kaffee","status":"publish","type":"product","link":"https:\/\/dev6.erresse-shop.it\/de\/shop\/kleine-elektrogeraete\/kaffeemaschinen-espresso\/automatisch\/jura-kaffeemaschine-d4-einschliesslich-500-g-kaffee\/","title":{"rendered":"JURA Kaffeemaschine D4 &#8211; einschlie\u00dflich 500 g Kaffee"},"content":{"rendered":"<p>KAFFEE PUR \u2013 PURER GENUSS<br \/>\nKaffee-Puristen gewidmet: JURA pr\u00e4sentiert den ersten Vollautomaten mit Coffee Only-Funktion. Der D4 zeichnet sich durch sein essentielles Design aus, das durch klare, strenge Linien konsequent zum Ausdruck kommt. Sie bevorzugt schwarze Kaffeespezialit\u00e4ten und produziert Kaffee und Espresso mit einem intensiven, vollmundigen Aroma in bester Barista-Qualit\u00e4t.<\/p>\n<p>UN\u00dcBERTROFFENES AROMA<br \/>\nDie AromaG2-M\u00fchle mahlt die Bohnen zum idealen Zeitpunkt und in der idealen Feinheit f\u00fcr jede Zubereitung. Die patentierte variable Br\u00fcheinheit hat ein Fassungsverm\u00f6gen von 5 bis 16 Gramm und garantiert jederzeit ideale Anpressdruck- und Br\u00fchbedingungen. Eine au\u00dfergew\u00f6hnliche Innovation, der Pulsed Extraction Process (P.E.P.\u00ae), optimiert die Extraktionszeit f\u00fcr kurze Spezialit\u00e4ten und macht den Kaffeegenuss zu einem wahren Gaumenschmaus. Das intelligente Pre-Infusion-System (I.P.B.A.S.\u00a9) befeuchtet das Kaffeemehl vor dem eigentlichen Aufgussvorgang. Die Poren des Kaffees dehnen sich aus und geben beim anschlie\u00dfenden Aufguss ihr volles Aroma frei. Der Kaffee f\u00e4llt in die Tasse, bedeckt mit der charakteristischen dicken, fluffigen Crema.<\/p>\n<p>BESONDERE VERWENDUNG<br \/>\nDie minimalisa JURA-Braukunst kommt auch auf einfachste Art und Weise zum Ausdruck. Um die Zubereitung von einer oder zwei Tassen Espresso oder Kaffee zu starten, dr\u00fccken Sie einfach das entsprechende, leicht verst\u00e4ndliche Symbol. Die klassische Zubereitung in zwei Tassen beinhaltet zwei Br\u00fchvorg\u00e4nge f\u00fcr einen un\u00fcbertroffenen Genuss. Neben Kaffee erm\u00f6glicht die Maschine dank der Hei\u00dfwasserfunktion auch die Zubereitung von hervorragendem Tee.<\/p>\n<p>PERFEKTES WASSER<br \/>\nDie Filterpatrone CLARIS Smart sorgt f\u00fcr reines Wasser und einen authentischen Geschmack. Dank des Intelligent Water System (I.W.S.\u00ae) erkennt der D4 automatisch das Vorhandensein des Filters und meldet, wenn dessen Kapazit\u00e4t zur Neige geht.<\/p>\n<p>ERWEITERTE FUNKTIONEN<br \/>\nDer optionale Einsatz von Smart Connect erm\u00f6glicht es, dank der JURA Operating Experience (J.O.E.\u00ae) das volle Potenzial des D4 auszusch\u00f6pfen. Neben dem Spektrum der Individualisierungsm\u00f6glichkeiten erweitert sie auch das Angebot an Spezialit\u00e4ten um Ristretto, doppelten Espresso sowie Lungo Barista und Barista Kaffee, zwei besonders bek\u00f6mmliche Spezialit\u00e4ten. Auf Wunsch ist es auch m\u00f6glich, zwei Ristrettos, zwei Espressi oder zwei Kaffees in einem Br\u00fchvorgang zuzubereiten.<\/p>\n<p>MERKMALE\/SPEZIALIT\u00c4TEN<br \/>\nProgrammierbare und anpassbare Kaffeeintensit\u00e4t: 3 Stufen<br \/>\nProgrammierbare Infusionstemperatur: 2 Stufen (mit J.O.E.\u00ae)<br \/>\nKaffeem\u00fchle: Aroma G2 Multi-Grad-M\u00fchle<br \/>\nHochleistungspumpe, 15 bar: 1<br \/>\nThermoblock-Heizsystem: 1<br \/>\nFach f\u00fcr gemahlenen Kaffee: ja<\/p>\n<p>TECHNISCHE MERKMALE<\/p>\n<p>Kaffeespender verstellbar in H\u00f6he\/Breite: 64 \u2013 110 mm \/ \u2013<br \/>\nFassungsverm\u00f6gen des Wassertanks: 1,9 l<br \/>\nFassungsverm\u00f6gen des Kaffeebohnenbeh\u00e4lters: 200 g<br \/>\nKaffeesatzbeh\u00e4lter (Portionen): 16<br \/>\nKabell\u00e4nge: 1,1 m<br \/>\nSpannung \/ Leistung: 230 V ~ \/ 1450 W<br \/>\nVerbrauch im Bereitschaftszustand: 0 W<br \/>\nGewicht: 8,4 kg<br \/>\nAbmessungen (B \u00d7 H \u00d7 T): 28 \u00d7 34,5 \u00d7 41,5 cm<br \/>\nHerstellerland: Made in Portugal<br \/>\nModelljahr: 2019<\/p>\n","protected":false},"excerpt":{"rendered":"<p>KAFFEE PUR \u2013 PURER GENUSS Kaffee-Puristen gewidmet: JURA pr\u00e4sentiert den ersten Vollautomaten mit Coffee Only-Funktion. Der D4 zeichnet sich durch sein essentielles Design aus, das durch klare, strenge Linien konsequent zum Ausdruck kommt. Sie bevorzugt schwarze Kaffeespezialit\u00e4ten und produziert Kaffee und Espresso mit einem intensiven, vollmundigen Aroma in bester Barista-Qualit\u00e4t. UN\u00dcBERTROFFENES AROMA Die AromaG2-M\u00fchle mahlt [&hellip;]<\/p>\n","protected":false},"featured_media":6357242,"template":"","meta":{"_acf_changed":false},"product_cat":[12184,12171,12163],"product_tag":[],"class_list":{"0":"post-51468","1":"product","2":"type-product","3":"status-publish","4":"has-post-thumbnail","6":"product_cat-automatisch","7":"product_cat-kaffeemaschinen-espresso","8":"product_cat-kleine-elektrogeraete","10":"first","11":"outofstock","12":"sale","13":"taxable","14":"shipping-taxable","15":"purchasable","16":"product-type-simple","swatches":"rey-swatches","show_selected":"","stretch_labels":"rey-swatches--stretch-labels"},"acf":[],"yoast_head":"<!-- This site is optimized with the Yoast SEO plugin v25.4 - https:\/\/yoast.com\/wordpress\/plugins\/seo\/ -->\n<title>JURA Kaffeemaschine D4 &#8211; einschlie\u00dflich 500 g Kaffee - dev6 Erresse<\/title>\n<meta name=\"description\" content=\"KAFFEE PUR \u2013 PURER GENUSS Kaffee-Puristen gewidmet: JURA pr\u00e4sentiert den ersten Vollautomaten mit Coffee Only-Funktion. Der D4 zeichnet sich durch sein\" \/>\n<meta name=\"robots\" content=\"noindex, follow, max-snippet:-1, max-image-preview:large, max-video-preview:-1\" \/>\n<meta property=\"og:locale\" content=\"de_DE\" \/>\n<meta property=\"og:type\" content=\"article\" \/>\n<meta property=\"og:title\" content=\"JURA Kaffeemaschine D4 &#8211; einschlie\u00dflich 500 g Kaffee - dev6 Erresse\" \/>\n<meta property=\"og:description\" content=\"KAFFEE PUR \u2013 PURER GENUSS Kaffee-Puristen gewidmet: JURA pr\u00e4sentiert den ersten Vollautomaten mit Coffee Only-Funktion. Der D4 zeichnet sich durch sein\" \/>\n<meta property=\"og:url\" content=\"https:\/\/dev6.erresse-shop.it\/de\/shop\/kleine-elektrogeraete\/kaffeemaschinen-espresso\/automatisch\/jura-kaffeemaschine-d4-einschliesslich-500-g-kaffee\/\" \/>\n<meta property=\"og:site_name\" content=\"dev6 Erresse\" \/>\n<meta property=\"og:image\" content=\"https:\/\/interpim.erresse-shop.it\/Import\/Prodotti\/jura-d4-3.jpg\" \/><meta property=\"og:image\" content=\"https:\/\/interpim.erresse-shop.it\/Import\/Prodotti\/jura-d4-3.jpg\" \/>\n\t<meta property=\"og:image:width\" content=\"1024\" \/>\n\t<meta property=\"og:image:height\" content=\"1024\" \/>\n\t<meta property=\"og:image:type\" content=\"image\/jpeg\" \/>\n<meta name=\"twitter:card\" content=\"summary_large_image\" \/>\n<meta name=\"twitter:image\" content=\"https:\/\/interpim.erresse-shop.it\/Import\/Prodotti\/jura-d4-3.jpg\" \/>\n<script type=\"application\/ld+json\" class=\"yoast-schema-graph\">{\"@context\":\"https:\/\/schema.org\",\"@graph\":[{\"@type\":\"WebPage\",\"@id\":\"https:\/\/dev6.erresse-shop.it\/de\/shop\/kleine-elektrogeraete\/kaffeemaschinen-espresso\/automatisch\/jura-kaffeemaschine-d4-einschliesslich-500-g-kaffee\/\",\"url\":\"https:\/\/dev6.erresse-shop.it\/de\/shop\/kleine-elektrogeraete\/kaffeemaschinen-espresso\/automatisch\/jura-kaffeemaschine-d4-einschliesslich-500-g-kaffee\/\",\"name\":\"JURA Kaffeemaschine D4 &#8211; einschlie\u00dflich 500 g Kaffee - dev6 Erresse\",\"isPartOf\":{\"@id\":\"https:\/\/dev6.erresse-shop.it\/#website\"},\"primaryImageOfPage\":{\"@id\":\"https:\/\/dev6.erresse-shop.it\/de\/shop\/kleine-elektrogeraete\/kaffeemaschinen-espresso\/automatisch\/jura-kaffeemaschine-d4-einschliesslich-500-g-kaffee\/#primaryimage\"},\"image\":{\"@id\":\"https:\/\/dev6.erresse-shop.it\/de\/shop\/kleine-elektrogeraete\/kaffeemaschinen-espresso\/automatisch\/jura-kaffeemaschine-d4-einschliesslich-500-g-kaffee\/#primaryimage\"},\"thumbnailUrl\":\"https:\/\/i3.wp.com\/interpim.erresse-shop.it\/Import\/Prodotti\/jura-d4-3.jpg?ssl=1\",\"datePublished\":\"2026-04-12T07:09:53+00:00\",\"description\":\"KAFFEE PUR \u2013 PURER GENUSS Kaffee-Puristen gewidmet: JURA pr\u00e4sentiert den ersten Vollautomaten mit Coffee Only-Funktion. Der D4 zeichnet sich durch sein\",\"breadcrumb\":{\"@id\":\"https:\/\/dev6.erresse-shop.it\/de\/shop\/kleine-elektrogeraete\/kaffeemaschinen-espresso\/automatisch\/jura-kaffeemaschine-d4-einschliesslich-500-g-kaffee\/#breadcrumb\"},\"inLanguage\":\"de\",\"potentialAction\":[{\"@type\":\"ReadAction\",\"target\":[\"https:\/\/dev6.erresse-shop.it\/de\/shop\/kleine-elektrogeraete\/kaffeemaschinen-espresso\/automatisch\/jura-kaffeemaschine-d4-einschliesslich-500-g-kaffee\/\"]}]},{\"@type\":\"ImageObject\",\"inLanguage\":\"de\",\"@id\":\"https:\/\/dev6.erresse-shop.it\/de\/shop\/kleine-elektrogeraete\/kaffeemaschinen-espresso\/automatisch\/jura-kaffeemaschine-d4-einschliesslich-500-g-kaffee\/#primaryimage\",\"url\":\"https:\/\/i3.wp.com\/interpim.erresse-shop.it\/Import\/Prodotti\/jura-d4-3.jpg?ssl=1\",\"contentUrl\":\"https:\/\/i3.wp.com\/interpim.erresse-shop.it\/Import\/Prodotti\/jura-d4-3.jpg?ssl=1\"},{\"@type\":\"BreadcrumbList\",\"@id\":\"https:\/\/dev6.erresse-shop.it\/de\/shop\/kleine-elektrogeraete\/kaffeemaschinen-espresso\/automatisch\/jura-kaffeemaschine-d4-einschliesslich-500-g-kaffee\/#breadcrumb\",\"itemListElement\":[{\"@type\":\"ListItem\",\"position\":1,\"name\":\"Home\",\"item\":\"https:\/\/dev6.erresse-shop.it\/\"},{\"@type\":\"ListItem\",\"position\":2,\"name\":\"Shop\",\"item\":\"https:\/\/dev6.erresse-shop.it\/shop\/\"},{\"@type\":\"ListItem\",\"position\":3,\"name\":\"JURA Kaffeemaschine D4 &#8211; einschlie\u00dflich 500 g Kaffee\"}]},{\"@type\":\"WebSite\",\"@id\":\"https:\/\/dev6.erresse-shop.it\/#website\",\"url\":\"https:\/\/dev6.erresse-shop.it\/\",\"name\":\"Erresse Shop\",\"description\":\"\",\"publisher\":{\"@id\":\"https:\/\/dev6.erresse-shop.it\/#organization\"},\"potentialAction\":[{\"@type\":\"SearchAction\",\"target\":{\"@type\":\"EntryPoint\",\"urlTemplate\":\"https:\/\/dev6.erresse-shop.it\/?s={search_term_string}\"},\"query-input\":{\"@type\":\"PropertyValueSpecification\",\"valueRequired\":true,\"valueName\":\"search_term_string\"}}],\"inLanguage\":\"de\"},{\"@type\":\"Organization\",\"@id\":\"https:\/\/dev6.erresse-shop.it\/#organization\",\"name\":\"Erresse Shop\",\"url\":\"https:\/\/dev6.erresse-shop.it\/\",\"logo\":{\"@type\":\"ImageObject\",\"inLanguage\":\"de\",\"@id\":\"https:\/\/dev6.erresse-shop.it\/#\/schema\/logo\/image\/\",\"url\":\"https:\/\/dev6.erresse-shop.it\/wp-content\/uploads\/2025\/01\/LOGO-ERRESSE-CLASSICO.svg\",\"contentUrl\":\"https:\/\/dev6.erresse-shop.it\/wp-content\/uploads\/2025\/01\/LOGO-ERRESSE-CLASSICO.svg\",\"caption\":\"Erresse Shop\"},\"image\":{\"@id\":\"https:\/\/dev6.erresse-shop.it\/#\/schema\/logo\/image\/\"}}]}<\/script>\n<!-- \/ Yoast SEO plugin. -->","yoast_head_json":{"title":"JURA Kaffeemaschine D4 &#8211; einschlie\u00dflich 500 g Kaffee - dev6 Erresse","description":"KAFFEE PUR \u2013 PURER GENUSS Kaffee-Puristen gewidmet: JURA pr\u00e4sentiert den ersten Vollautomaten mit Coffee Only-Funktion. Der D4 zeichnet sich durch sein","robots":{"index":"noindex","follow":"follow","max-snippet":"max-snippet:-1","max-image-preview":"max-image-preview:large","max-video-preview":"max-video-preview:-1"},"og_locale":"de_DE","og_type":"article","og_title":"JURA Kaffeemaschine D4 &#8211; einschlie\u00dflich 500 g Kaffee - dev6 Erresse","og_description":"KAFFEE PUR \u2013 PURER GENUSS Kaffee-Puristen gewidmet: JURA pr\u00e4sentiert den ersten Vollautomaten mit Coffee Only-Funktion. Der D4 zeichnet sich durch sein","og_url":"https:\/\/dev6.erresse-shop.it\/de\/shop\/kleine-elektrogeraete\/kaffeemaschinen-espresso\/automatisch\/jura-kaffeemaschine-d4-einschliesslich-500-g-kaffee\/","og_site_name":"dev6 Erresse","og_image":[{"url":"https:\/\/interpim.erresse-shop.it\/Import\/Prodotti\/jura-d4-3.jpg","type":"","width":"","height":""},{"url":"https:\/\/interpim.erresse-shop.it\/Import\/Prodotti\/jura-d4-3.jpg","width":1024,"height":1024,"type":"image\/jpeg"}],"twitter_card":"summary_large_image","twitter_image":"https:\/\/interpim.erresse-shop.it\/Import\/Prodotti\/jura-d4-3.jpg","schema":{"@context":"https:\/\/schema.org","@graph":[{"@type":"WebPage","@id":"https:\/\/dev6.erresse-shop.it\/de\/shop\/kleine-elektrogeraete\/kaffeemaschinen-espresso\/automatisch\/jura-kaffeemaschine-d4-einschliesslich-500-g-kaffee\/","url":"https:\/\/dev6.erresse-shop.it\/de\/shop\/kleine-elektrogeraete\/kaffeemaschinen-espresso\/automatisch\/jura-kaffeemaschine-d4-einschliesslich-500-g-kaffee\/","name":"JURA Kaffeemaschine D4 &#8211; einschlie\u00dflich 500 g Kaffee - dev6 Erresse","isPartOf":{"@id":"https:\/\/dev6.erresse-shop.it\/#website"},"primaryImageOfPage":{"@id":"https:\/\/dev6.erresse-shop.it\/de\/shop\/kleine-elektrogeraete\/kaffeemaschinen-espresso\/automatisch\/jura-kaffeemaschine-d4-einschliesslich-500-g-kaffee\/#primaryimage"},"image":{"@id":"https:\/\/dev6.erresse-shop.it\/de\/shop\/kleine-elektrogeraete\/kaffeemaschinen-espresso\/automatisch\/jura-kaffeemaschine-d4-einschliesslich-500-g-kaffee\/#primaryimage"},"thumbnailUrl":"https:\/\/i3.wp.com\/interpim.erresse-shop.it\/Import\/Prodotti\/jura-d4-3.jpg?ssl=1","datePublished":"2026-04-12T07:09:53+00:00","description":"KAFFEE PUR \u2013 PURER GENUSS Kaffee-Puristen gewidmet: JURA pr\u00e4sentiert den ersten Vollautomaten mit Coffee Only-Funktion. Der D4 zeichnet sich durch sein","breadcrumb":{"@id":"https:\/\/dev6.erresse-shop.it\/de\/shop\/kleine-elektrogeraete\/kaffeemaschinen-espresso\/automatisch\/jura-kaffeemaschine-d4-einschliesslich-500-g-kaffee\/#breadcrumb"},"inLanguage":"de","potentialAction":[{"@type":"ReadAction","target":["https:\/\/dev6.erresse-shop.it\/de\/shop\/kleine-elektrogeraete\/kaffeemaschinen-espresso\/automatisch\/jura-kaffeemaschine-d4-einschliesslich-500-g-kaffee\/"]}]},{"@type":"ImageObject","inLanguage":"de","@id":"https:\/\/dev6.erresse-shop.it\/de\/shop\/kleine-elektrogeraete\/kaffeemaschinen-espresso\/automatisch\/jura-kaffeemaschine-d4-einschliesslich-500-g-kaffee\/#primaryimage","url":"https:\/\/i3.wp.com\/interpim.erresse-shop.it\/Import\/Prodotti\/jura-d4-3.jpg?ssl=1","contentUrl":"https:\/\/i3.wp.com\/interpim.erresse-shop.it\/Import\/Prodotti\/jura-d4-3.jpg?ssl=1"},{"@type":"BreadcrumbList","@id":"https:\/\/dev6.erresse-shop.it\/de\/shop\/kleine-elektrogeraete\/kaffeemaschinen-espresso\/automatisch\/jura-kaffeemaschine-d4-einschliesslich-500-g-kaffee\/#breadcrumb","itemListElement":[{"@type":"ListItem","position":1,"name":"Home","item":"https:\/\/dev6.erresse-shop.it\/"},{"@type":"ListItem","position":2,"name":"Shop","item":"https:\/\/dev6.erresse-shop.it\/shop\/"},{"@type":"ListItem","position":3,"name":"JURA Kaffeemaschine D4 &#8211; einschlie\u00dflich 500 g Kaffee"}]},{"@type":"WebSite","@id":"https:\/\/dev6.erresse-shop.it\/#website","url":"https:\/\/dev6.erresse-shop.it\/","name":"Erresse Shop","description":"","publisher":{"@id":"https:\/\/dev6.erresse-shop.it\/#organization"},"potentialAction":[{"@type":"SearchAction","target":{"@type":"EntryPoint","urlTemplate":"https:\/\/dev6.erresse-shop.it\/?s={search_term_string}"},"query-input":{"@type":"PropertyValueSpecification","valueRequired":true,"valueName":"search_term_string"}}],"inLanguage":"de"},{"@type":"Organization","@id":"https:\/\/dev6.erresse-shop.it\/#organization","name":"Erresse Shop","url":"https:\/\/dev6.erresse-shop.it\/","logo":{"@type":"ImageObject","inLanguage":"de","@id":"https:\/\/dev6.erresse-shop.it\/#\/schema\/logo\/image\/","url":"https:\/\/dev6.erresse-shop.it\/wp-content\/uploads\/2025\/01\/LOGO-ERRESSE-CLASSICO.svg","contentUrl":"https:\/\/dev6.erresse-shop.it\/wp-content\/uploads\/2025\/01\/LOGO-ERRESSE-CLASSICO.svg","caption":"Erresse Shop"},"image":{"@id":"https:\/\/dev6.erresse-shop.it\/#\/schema\/logo\/image\/"}}]}},"df_price":531.37,"df_sale_price":531.37,"df_regular_price":599,"df_image_link":"https:\/\/i3.wp.com\/interpim.erresse-shop.it\/Import\/Prodotti\/jura-d4-3.jpg?resize=300,300&ssl=1","fifu_image_url":"https:\/\/interpim.erresse-shop.it\/Import\/Prodotti\/jura-d4-3.jpg","_links":{"self":[{"href":"https:\/\/dev6.erresse-shop.it\/de\/wp-json\/wp\/v2\/product\/51468","targetHints":{"allow":["GET"]}}],"collection":[{"href":"https:\/\/dev6.erresse-shop.it\/de\/wp-json\/wp\/v2\/product"}],"about":[{"href":"https:\/\/dev6.erresse-shop.it\/de\/wp-json\/wp\/v2\/types\/product"}],"wp:featuredmedia":[{"embeddable":true,"href":"https:\/\/dev6.erresse-shop.it\/de\/wp-json\/wp\/v2\/media\/6357242"}],"wp:attachment":[{"href":"https:\/\/dev6.erresse-shop.it\/de\/wp-json\/wp\/v2\/media?parent=51468"}],"wp:term":[{"taxonomy":"product_cat","embeddable":true,"href":"https:\/\/dev6.erresse-shop.it\/de\/wp-json\/wp\/v2\/product_cat?post=51468"},{"taxonomy":"product_tag","embeddable":true,"href":"https:\/\/dev6.erresse-shop.it\/de\/wp-json\/wp\/v2\/product_tag?post=51468"}],"curies":[{"name":"wp","href":"https:\/\/api.w.org\/{rel}","templated":true}]}}