{"id":51466,"date":"2026-04-04T09:08:11","date_gmt":"2026-04-04T07:08:11","guid":{"rendered":"https:\/\/dev6.erresse-shop.it\/shop\/unkategorisiert\/jura-cappuccinator-heiss-kalt\/"},"modified":"2025-09-14T00:58:25","modified_gmt":"2025-09-13T22:58:25","slug":"jura-cappuccinator-heiss-kalt","status":"publish","type":"product","link":"https:\/\/dev6.erresse-shop.it\/de\/shop\/kleine-elektrogeraete\/milchaufschaumer\/jura-cappuccinator-heiss-kalt\/","title":{"rendered":"JURA Cappuccinator Heiss &#038; Kalt"},"content":{"rendered":"<p>MAGISCHER MILCHSCHAUM<br \/>\nWeich und vielseitig. Mit dem frischen, cremigen Milchschaum aus dem JURA Cappuccino-Zubereiter ist es nun endlich m\u00f6glich, Spezialit\u00e4ten wie das Trendgetr\u00e4nk Flat White auch in einer kalten Variante zuzubereiten.<\/p>\n<p>Das klare, minimalistische Design, die detaillierte Haptik und die ausgesuchten Materialien machen den Aufsch\u00e4um-Assistenten besonders einfach in der Handhabung, bei h\u00f6chster Hygiene. Ausgestattet mit zwei Zubeh\u00f6rteilen, bereitet er auf Knopfdruck kalte, hei\u00dfe oder kochende Milch und Milchschaum zu.<\/p>\n<p>Ob als Erg\u00e4nzung zu jedem Kaffeespezialit\u00e4ten-Vollautomaten oder als unverzichtbares Zubeh\u00f6r f\u00fcr alle Liebhaber von Milchspezialit\u00e4ten, der JURA-Cappuccino-Zubereiter hilft, die Vielfalt der Rezepte zu erh\u00f6hen und die Zubereitungskunst zu perfektionieren.<\/p>\n<p>VARIETY<br \/>\nOb als Garnitur oder als Grundzutat, der weiche, cremige Milchschaum verleiht trendigen Spezialit\u00e4ten die n\u00f6tige Frische und Leichtigkeit. Kalt, hei\u00df oder kochend \u2013 die Cappuccino-Maschine erm\u00f6glicht die Zubereitung von K\u00f6stlichkeiten f\u00fcr jede Jahreszeit. Eine hei\u00dfe Schokolade im Winter, ein fruchtiger Cold Romanoff im Fr\u00fchling, ein Iced Flat White im Sommer oder ein Iced Chai Latte im Herbst \u2013 der Fantasie sind keine Grenzen gesetzt! Das beiliegende Rezeptheft liefert einige Ideen f\u00fcr die Zubereitung von exklusiven Trendgetr\u00e4nken.<\/p>\n<p>KALTER MILCHSCHAUM AUF KNOPFDRUCK<br \/>\nUm kalte, hei\u00dfe oder kochende Milch im Milchbeh\u00e4lter aufzusch\u00e4umen, dr\u00fccken Sie einfach ein-, zwei- oder dreimal die ergonomische Bedientaste. Intuitive Farbpiktogramme best\u00e4tigen den gew\u00e4hlten Modus.<\/p>\n<p>AUSGEKL\u00dcGELTES DESIGN<br \/>\nHaptik und \u00c4sthetik der Cappuccino-Maschine sind dem klassischen JURA-Design nachempfunden und sorgen f\u00fcr einfache Handhabung und optimale Hygiene. Der Milchbeh\u00e4lter verf\u00fcgt \u00fcber eine angenehme Soft-Touch-Griffoberfl\u00e4che und elegante Chromdetails. Pflegeleichte Materialien wie Edelstahl und abgerundete Formen machen die Reinigung des Beh\u00e4lters besonders einfach.<\/p>\n<p>KLEINE GRUNDFL\u00c4CHE<br \/>\nDer Ern\u00e4hrungsschlauch und das Zubeh\u00f6r k\u00f6nnen bequem in der Basis aufbewahrt werden. Dank seiner Abmessungen von 13 x 21 cm passt der Cappuccinator in jeden K\u00fcchenschrank.<\/p>\n<p>TECHNISCHE MERKMALE<\/p>\n<p>Kabell\u00e4nge 0,8 m<br \/>\nSpannung 120 \u2013 240 V ~<br \/>\nFrequenz 50 \u2013 60 Hz<br \/>\nGewicht 1 kg<br \/>\nBreite 12,5 cm<br \/>\nH\u00f6he 20,9 cm<\/p>\n","protected":false},"excerpt":{"rendered":"<p>MAGISCHER MILCHSCHAUM Weich und vielseitig. Mit dem frischen, cremigen Milchschaum aus dem JURA Cappuccino-Zubereiter ist es nun endlich m\u00f6glich, Spezialit\u00e4ten wie das Trendgetr\u00e4nk Flat White auch in einer kalten Variante zuzubereiten. Das klare, minimalistische Design, die detaillierte Haptik und die ausgesuchten Materialien machen den Aufsch\u00e4um-Assistenten besonders einfach in der Handhabung, bei h\u00f6chster Hygiene. Ausgestattet mit [&hellip;]<\/p>\n","protected":false},"featured_media":6273940,"template":"","meta":{"_acf_changed":false},"product_cat":[12163,12199],"product_tag":[],"class_list":{"0":"post-51466","1":"product","2":"type-product","3":"status-publish","4":"has-post-thumbnail","6":"product_cat-kleine-elektrogeraete","7":"product_cat-milchaufschaumer","9":"first","10":"outofstock","11":"sale","12":"taxable","13":"shipping-taxable","14":"purchasable","15":"product-type-simple","swatches":"rey-swatches","show_selected":"","stretch_labels":"rey-swatches--stretch-labels"},"acf":[],"yoast_head":"<!-- This site is optimized with the Yoast SEO plugin v25.4 - https:\/\/yoast.com\/wordpress\/plugins\/seo\/ -->\n<title>JURA Cappuccinator Heiss &#038; Kalt - dev6 Erresse<\/title>\n<meta name=\"description\" content=\"MAGISCHER MILCHSCHAUM Weich und vielseitig. Mit dem frischen, cremigen Milchschaum aus dem JURA Cappuccino-Zubereiter ist es nun endlich m\u00f6glich,\" \/>\n<meta name=\"robots\" content=\"noindex, follow, max-snippet:-1, max-image-preview:large, max-video-preview:-1\" \/>\n<meta property=\"og:locale\" content=\"de_DE\" \/>\n<meta property=\"og:type\" content=\"article\" \/>\n<meta property=\"og:title\" content=\"JURA Cappuccinator Heiss &#038; Kalt - dev6 Erresse\" \/>\n<meta property=\"og:description\" content=\"MAGISCHER MILCHSCHAUM Weich und vielseitig. Mit dem frischen, cremigen Milchschaum aus dem JURA Cappuccino-Zubereiter ist es nun endlich m\u00f6glich,\" \/>\n<meta property=\"og:url\" content=\"https:\/\/dev6.erresse-shop.it\/de\/shop\/kleine-elektrogeraete\/milchaufschaumer\/jura-cappuccinator-heiss-kalt\/\" \/>\n<meta property=\"og:site_name\" content=\"dev6 Erresse\" \/>\n<meta property=\"og:image\" content=\"https:\/\/interpim.erresse-shop.it\/Import\/Prodotti\/jura-cappuccinatore4.jpg\" \/><meta property=\"og:image\" content=\"https:\/\/interpim.erresse-shop.it\/Import\/Prodotti\/jura-cappuccinatore4.jpg\" \/>\n\t<meta property=\"og:image:width\" content=\"1024\" \/>\n\t<meta property=\"og:image:height\" content=\"1024\" \/>\n\t<meta property=\"og:image:type\" content=\"image\/jpeg\" \/>\n<meta name=\"twitter:card\" content=\"summary_large_image\" \/>\n<meta name=\"twitter:image\" content=\"https:\/\/interpim.erresse-shop.it\/Import\/Prodotti\/jura-cappuccinatore4.jpg\" \/>\n<script type=\"application\/ld+json\" class=\"yoast-schema-graph\">{\"@context\":\"https:\/\/schema.org\",\"@graph\":[{\"@type\":\"WebPage\",\"@id\":\"https:\/\/dev6.erresse-shop.it\/de\/shop\/kleine-elektrogeraete\/milchaufschaumer\/jura-cappuccinator-heiss-kalt\/\",\"url\":\"https:\/\/dev6.erresse-shop.it\/de\/shop\/kleine-elektrogeraete\/milchaufschaumer\/jura-cappuccinator-heiss-kalt\/\",\"name\":\"JURA Cappuccinator Heiss &#038; Kalt - dev6 Erresse\",\"isPartOf\":{\"@id\":\"https:\/\/dev6.erresse-shop.it\/#website\"},\"primaryImageOfPage\":{\"@id\":\"https:\/\/dev6.erresse-shop.it\/de\/shop\/kleine-elektrogeraete\/milchaufschaumer\/jura-cappuccinator-heiss-kalt\/#primaryimage\"},\"image\":{\"@id\":\"https:\/\/dev6.erresse-shop.it\/de\/shop\/kleine-elektrogeraete\/milchaufschaumer\/jura-cappuccinator-heiss-kalt\/#primaryimage\"},\"thumbnailUrl\":\"https:\/\/i1.wp.com\/interpim.erresse-shop.it\/Import\/Prodotti\/jura-cappuccinatore4.jpg?ssl=1\",\"datePublished\":\"2026-04-04T07:08:11+00:00\",\"description\":\"MAGISCHER MILCHSCHAUM Weich und vielseitig. Mit dem frischen, cremigen Milchschaum aus dem JURA Cappuccino-Zubereiter ist es nun endlich m\u00f6glich,\",\"breadcrumb\":{\"@id\":\"https:\/\/dev6.erresse-shop.it\/de\/shop\/kleine-elektrogeraete\/milchaufschaumer\/jura-cappuccinator-heiss-kalt\/#breadcrumb\"},\"inLanguage\":\"de\",\"potentialAction\":[{\"@type\":\"ReadAction\",\"target\":[\"https:\/\/dev6.erresse-shop.it\/de\/shop\/kleine-elektrogeraete\/milchaufschaumer\/jura-cappuccinator-heiss-kalt\/\"]}]},{\"@type\":\"ImageObject\",\"inLanguage\":\"de\",\"@id\":\"https:\/\/dev6.erresse-shop.it\/de\/shop\/kleine-elektrogeraete\/milchaufschaumer\/jura-cappuccinator-heiss-kalt\/#primaryimage\",\"url\":\"https:\/\/i1.wp.com\/interpim.erresse-shop.it\/Import\/Prodotti\/jura-cappuccinatore4.jpg?ssl=1\",\"contentUrl\":\"https:\/\/i1.wp.com\/interpim.erresse-shop.it\/Import\/Prodotti\/jura-cappuccinatore4.jpg?ssl=1\"},{\"@type\":\"BreadcrumbList\",\"@id\":\"https:\/\/dev6.erresse-shop.it\/de\/shop\/kleine-elektrogeraete\/milchaufschaumer\/jura-cappuccinator-heiss-kalt\/#breadcrumb\",\"itemListElement\":[{\"@type\":\"ListItem\",\"position\":1,\"name\":\"Home\",\"item\":\"https:\/\/dev6.erresse-shop.it\/\"},{\"@type\":\"ListItem\",\"position\":2,\"name\":\"Shop\",\"item\":\"https:\/\/dev6.erresse-shop.it\/shop\/\"},{\"@type\":\"ListItem\",\"position\":3,\"name\":\"JURA Cappuccinator Heiss &#038; Kalt\"}]},{\"@type\":\"WebSite\",\"@id\":\"https:\/\/dev6.erresse-shop.it\/#website\",\"url\":\"https:\/\/dev6.erresse-shop.it\/\",\"name\":\"Erresse Shop\",\"description\":\"\",\"publisher\":{\"@id\":\"https:\/\/dev6.erresse-shop.it\/#organization\"},\"potentialAction\":[{\"@type\":\"SearchAction\",\"target\":{\"@type\":\"EntryPoint\",\"urlTemplate\":\"https:\/\/dev6.erresse-shop.it\/?s={search_term_string}\"},\"query-input\":{\"@type\":\"PropertyValueSpecification\",\"valueRequired\":true,\"valueName\":\"search_term_string\"}}],\"inLanguage\":\"de\"},{\"@type\":\"Organization\",\"@id\":\"https:\/\/dev6.erresse-shop.it\/#organization\",\"name\":\"Erresse Shop\",\"url\":\"https:\/\/dev6.erresse-shop.it\/\",\"logo\":{\"@type\":\"ImageObject\",\"inLanguage\":\"de\",\"@id\":\"https:\/\/dev6.erresse-shop.it\/#\/schema\/logo\/image\/\",\"url\":\"https:\/\/dev6.erresse-shop.it\/wp-content\/uploads\/2025\/01\/LOGO-ERRESSE-CLASSICO.svg\",\"contentUrl\":\"https:\/\/dev6.erresse-shop.it\/wp-content\/uploads\/2025\/01\/LOGO-ERRESSE-CLASSICO.svg\",\"caption\":\"Erresse Shop\"},\"image\":{\"@id\":\"https:\/\/dev6.erresse-shop.it\/#\/schema\/logo\/image\/\"}}]}<\/script>\n<!-- \/ Yoast SEO plugin. -->","yoast_head_json":{"title":"JURA Cappuccinator Heiss &#038; Kalt - dev6 Erresse","description":"MAGISCHER MILCHSCHAUM Weich und vielseitig. Mit dem frischen, cremigen Milchschaum aus dem JURA Cappuccino-Zubereiter ist es nun endlich m\u00f6glich,","robots":{"index":"noindex","follow":"follow","max-snippet":"max-snippet:-1","max-image-preview":"max-image-preview:large","max-video-preview":"max-video-preview:-1"},"og_locale":"de_DE","og_type":"article","og_title":"JURA Cappuccinator Heiss &#038; Kalt - dev6 Erresse","og_description":"MAGISCHER MILCHSCHAUM Weich und vielseitig. Mit dem frischen, cremigen Milchschaum aus dem JURA Cappuccino-Zubereiter ist es nun endlich m\u00f6glich,","og_url":"https:\/\/dev6.erresse-shop.it\/de\/shop\/kleine-elektrogeraete\/milchaufschaumer\/jura-cappuccinator-heiss-kalt\/","og_site_name":"dev6 Erresse","og_image":[{"url":"https:\/\/interpim.erresse-shop.it\/Import\/Prodotti\/jura-cappuccinatore4.jpg","type":"","width":"","height":""},{"url":"https:\/\/interpim.erresse-shop.it\/Import\/Prodotti\/jura-cappuccinatore4.jpg","width":1024,"height":1024,"type":"image\/jpeg"}],"twitter_card":"summary_large_image","twitter_image":"https:\/\/interpim.erresse-shop.it\/Import\/Prodotti\/jura-cappuccinatore4.jpg","schema":{"@context":"https:\/\/schema.org","@graph":[{"@type":"WebPage","@id":"https:\/\/dev6.erresse-shop.it\/de\/shop\/kleine-elektrogeraete\/milchaufschaumer\/jura-cappuccinator-heiss-kalt\/","url":"https:\/\/dev6.erresse-shop.it\/de\/shop\/kleine-elektrogeraete\/milchaufschaumer\/jura-cappuccinator-heiss-kalt\/","name":"JURA Cappuccinator Heiss &#038; Kalt - dev6 Erresse","isPartOf":{"@id":"https:\/\/dev6.erresse-shop.it\/#website"},"primaryImageOfPage":{"@id":"https:\/\/dev6.erresse-shop.it\/de\/shop\/kleine-elektrogeraete\/milchaufschaumer\/jura-cappuccinator-heiss-kalt\/#primaryimage"},"image":{"@id":"https:\/\/dev6.erresse-shop.it\/de\/shop\/kleine-elektrogeraete\/milchaufschaumer\/jura-cappuccinator-heiss-kalt\/#primaryimage"},"thumbnailUrl":"https:\/\/i1.wp.com\/interpim.erresse-shop.it\/Import\/Prodotti\/jura-cappuccinatore4.jpg?ssl=1","datePublished":"2026-04-04T07:08:11+00:00","description":"MAGISCHER MILCHSCHAUM Weich und vielseitig. Mit dem frischen, cremigen Milchschaum aus dem JURA Cappuccino-Zubereiter ist es nun endlich m\u00f6glich,","breadcrumb":{"@id":"https:\/\/dev6.erresse-shop.it\/de\/shop\/kleine-elektrogeraete\/milchaufschaumer\/jura-cappuccinator-heiss-kalt\/#breadcrumb"},"inLanguage":"de","potentialAction":[{"@type":"ReadAction","target":["https:\/\/dev6.erresse-shop.it\/de\/shop\/kleine-elektrogeraete\/milchaufschaumer\/jura-cappuccinator-heiss-kalt\/"]}]},{"@type":"ImageObject","inLanguage":"de","@id":"https:\/\/dev6.erresse-shop.it\/de\/shop\/kleine-elektrogeraete\/milchaufschaumer\/jura-cappuccinator-heiss-kalt\/#primaryimage","url":"https:\/\/i1.wp.com\/interpim.erresse-shop.it\/Import\/Prodotti\/jura-cappuccinatore4.jpg?ssl=1","contentUrl":"https:\/\/i1.wp.com\/interpim.erresse-shop.it\/Import\/Prodotti\/jura-cappuccinatore4.jpg?ssl=1"},{"@type":"BreadcrumbList","@id":"https:\/\/dev6.erresse-shop.it\/de\/shop\/kleine-elektrogeraete\/milchaufschaumer\/jura-cappuccinator-heiss-kalt\/#breadcrumb","itemListElement":[{"@type":"ListItem","position":1,"name":"Home","item":"https:\/\/dev6.erresse-shop.it\/"},{"@type":"ListItem","position":2,"name":"Shop","item":"https:\/\/dev6.erresse-shop.it\/shop\/"},{"@type":"ListItem","position":3,"name":"JURA Cappuccinator Heiss &#038; Kalt"}]},{"@type":"WebSite","@id":"https:\/\/dev6.erresse-shop.it\/#website","url":"https:\/\/dev6.erresse-shop.it\/","name":"Erresse Shop","description":"","publisher":{"@id":"https:\/\/dev6.erresse-shop.it\/#organization"},"potentialAction":[{"@type":"SearchAction","target":{"@type":"EntryPoint","urlTemplate":"https:\/\/dev6.erresse-shop.it\/?s={search_term_string}"},"query-input":{"@type":"PropertyValueSpecification","valueRequired":true,"valueName":"search_term_string"}}],"inLanguage":"de"},{"@type":"Organization","@id":"https:\/\/dev6.erresse-shop.it\/#organization","name":"Erresse Shop","url":"https:\/\/dev6.erresse-shop.it\/","logo":{"@type":"ImageObject","inLanguage":"de","@id":"https:\/\/dev6.erresse-shop.it\/#\/schema\/logo\/image\/","url":"https:\/\/dev6.erresse-shop.it\/wp-content\/uploads\/2025\/01\/LOGO-ERRESSE-CLASSICO.svg","contentUrl":"https:\/\/dev6.erresse-shop.it\/wp-content\/uploads\/2025\/01\/LOGO-ERRESSE-CLASSICO.svg","caption":"Erresse Shop"},"image":{"@id":"https:\/\/dev6.erresse-shop.it\/#\/schema\/logo\/image\/"}}]}},"df_price":119,"df_sale_price":119,"df_regular_price":119.9,"df_image_link":"https:\/\/i1.wp.com\/interpim.erresse-shop.it\/Import\/Prodotti\/jura-cappuccinatore4.jpg?resize=300,300&ssl=1","fifu_image_url":"https:\/\/interpim.erresse-shop.it\/Import\/Prodotti\/jura-cappuccinatore4.jpg","_links":{"self":[{"href":"https:\/\/dev6.erresse-shop.it\/de\/wp-json\/wp\/v2\/product\/51466","targetHints":{"allow":["GET"]}}],"collection":[{"href":"https:\/\/dev6.erresse-shop.it\/de\/wp-json\/wp\/v2\/product"}],"about":[{"href":"https:\/\/dev6.erresse-shop.it\/de\/wp-json\/wp\/v2\/types\/product"}],"wp:featuredmedia":[{"embeddable":true,"href":"https:\/\/dev6.erresse-shop.it\/de\/wp-json\/wp\/v2\/media\/6273940"}],"wp:attachment":[{"href":"https:\/\/dev6.erresse-shop.it\/de\/wp-json\/wp\/v2\/media?parent=51466"}],"wp:term":[{"taxonomy":"product_cat","embeddable":true,"href":"https:\/\/dev6.erresse-shop.it\/de\/wp-json\/wp\/v2\/product_cat?post=51466"},{"taxonomy":"product_tag","embeddable":true,"href":"https:\/\/dev6.erresse-shop.it\/de\/wp-json\/wp\/v2\/product_tag?post=51466"}],"curies":[{"name":"wp","href":"https:\/\/api.w.org\/{rel}","templated":true}]}}