{"id":51412,"date":"2026-04-12T09:08:39","date_gmt":"2026-04-12T07:08:39","guid":{"rendered":"https:\/\/dev6.erresse-shop.it\/shop\/unkategorisiert\/bordallo-pinheiro-tablett-papaya-35-cm\/"},"modified":"2026-01-09T01:58:57","modified_gmt":"2026-01-09T00:58:57","slug":"bordallo-pinheiro-tablett-papaya-35-cm","status":"publish","type":"product","link":"https:\/\/dev6.erresse-shop.it\/de\/shop\/tisch\/serviertablette\/bordallo-pinheiro-tablett-papaya-35-cm\/","title":{"rendered":"BORDALLO PINHEIRO Tablett  Papaya 35 cm"},"content":{"rendered":"<p>Die Kollektion Tropical Fruit ist eine Hymne an die \u00dcppigkeit und die Details der Natur in ihrem reinsten Zustand. Kiwi, Drachenfrucht, Passionsfrucht, Papaya, Annona, Kokosnuss und Avocado wurden mit verschiedenen Handtechniken nachgebildet, die Farben, Texturen und Reliefs so realistisch erscheinen lassen, dass man das Gef\u00fchl hat, man befinde sich mitten im Regenwald.<\/p>\n<p>\u201cUm Merkmale wie Kerne und Textur zu reproduzieren, wurde die Frucht in verschiedenen Stadien des Prozesses verwendet. So wurden beispielsweise Texturen aus den getrockneten Fr\u00fcchten nachgebildet, die zum Formen des Tons verwendet wurden. Dabei wurden verschiedene traditionelle Werkzeuge und \u00fcberlieferte Techniken eingesetzt. Der gesamte Prozess war sehr anspruchsvoll und zeitaufw\u00e4ndig und gipfelte in einer sehr reichhaltigen und eklektischen \u00e4sthetischen und technischen Linie, bei der die manuellen Arbeitsschritte deutlich hervortreten\u201d, sagt der koordinierende Designer von Bordallo Pinheiro, Francisco Vieira Martins, \u00fcber den kreativen Prozess und die komplexen Produktionsschritte.<\/p>\n<p>Der Papayateller eignet sich zum Servieren von Obst und s\u00fc\u00dfen oder herzhaften Vorspeisen. Handbemalt, \u00fcberrascht sie mit ihren Details und dem Keramikrelief, das ihr ein realistisches Aussehen verleiht. Ob f\u00fcr eine festliche Veranstaltung oder ein Familienessen, die Servierplatte Tropical Fruit Papaya ist die perfekte Erg\u00e4nzung f\u00fcr einen eindrucksvoll gedeckten Tisch.<\/p>\n<p>Material: Terrakotta<\/p>\n","protected":false},"excerpt":{"rendered":"<p>Die Kollektion Tropical Fruit ist eine Hymne an die \u00dcppigkeit und die Details der Natur in ihrem reinsten Zustand. Kiwi, Drachenfrucht, Passionsfrucht, Papaya, Annona, Kokosnuss und Avocado wurden mit verschiedenen Handtechniken nachgebildet, die Farben, Texturen und Reliefs so realistisch erscheinen lassen, dass man das Gef\u00fchl hat, man befinde sich mitten im Regenwald. \u201cUm Merkmale wie [&hellip;]<\/p>\n","protected":false},"featured_media":6357092,"template":"","meta":{"_acf_changed":false},"product_cat":[12112,11671,12103],"product_tag":[],"class_list":{"0":"post-51412","1":"product","2":"type-product","3":"status-publish","4":"has-post-thumbnail","6":"product_cat-serviertablette","7":"product_cat-tavola","8":"product_cat-tisch","10":"first","11":"outofstock","12":"sale","13":"taxable","14":"shipping-taxable","15":"purchasable","16":"product-type-simple","swatches":"rey-swatches","show_selected":"","stretch_labels":"rey-swatches--stretch-labels"},"acf":[],"yoast_head":"<!-- This site is optimized with the Yoast SEO plugin v25.4 - https:\/\/yoast.com\/wordpress\/plugins\/seo\/ -->\n<title>BORDALLO PINHEIRO Tablett Papaya 35 cm - dev6 Erresse<\/title>\n<meta name=\"description\" content=\"Die Kollektion Tropical Fruit ist eine Hymne an die \u00dcppigkeit und die Details der Natur in ihrem reinsten Zustand. Kiwi, Drachenfrucht, Passionsfrucht,\" \/>\n<meta name=\"robots\" content=\"noindex, follow, max-snippet:-1, max-image-preview:large, max-video-preview:-1\" \/>\n<meta property=\"og:locale\" content=\"de_DE\" \/>\n<meta property=\"og:type\" content=\"article\" \/>\n<meta property=\"og:title\" content=\"BORDALLO PINHEIRO Tablett Papaya 35 cm - dev6 Erresse\" \/>\n<meta property=\"og:description\" content=\"Die Kollektion Tropical Fruit ist eine Hymne an die \u00dcppigkeit und die Details der Natur in ihrem reinsten Zustand. Kiwi, Drachenfrucht, Passionsfrucht,\" \/>\n<meta property=\"og:url\" content=\"https:\/\/dev6.erresse-shop.it\/de\/shop\/tisch\/serviertablette\/bordallo-pinheiro-tablett-papaya-35-cm\/\" \/>\n<meta property=\"og:site_name\" content=\"dev6 Erresse\" \/>\n<meta property=\"og:image\" content=\"https:\/\/interpim.erresse-shop.it\/Import\/Prodotti\/bordallo-pinheiro-vassoio-papaya.jpg\" \/><meta property=\"og:image\" content=\"https:\/\/interpim.erresse-shop.it\/Import\/Prodotti\/bordallo-pinheiro-vassoio-papaya.jpg\" \/>\n\t<meta property=\"og:image:width\" content=\"1024\" \/>\n\t<meta property=\"og:image:height\" content=\"1024\" \/>\n\t<meta property=\"og:image:type\" content=\"image\/jpeg\" \/>\n<meta name=\"twitter:card\" content=\"summary_large_image\" \/>\n<meta name=\"twitter:image\" content=\"https:\/\/interpim.erresse-shop.it\/Import\/Prodotti\/bordallo-pinheiro-vassoio-papaya.jpg\" \/>\n<script type=\"application\/ld+json\" class=\"yoast-schema-graph\">{\"@context\":\"https:\/\/schema.org\",\"@graph\":[{\"@type\":\"WebPage\",\"@id\":\"https:\/\/dev6.erresse-shop.it\/de\/shop\/tisch\/serviertablette\/bordallo-pinheiro-tablett-papaya-35-cm\/\",\"url\":\"https:\/\/dev6.erresse-shop.it\/de\/shop\/tisch\/serviertablette\/bordallo-pinheiro-tablett-papaya-35-cm\/\",\"name\":\"BORDALLO PINHEIRO Tablett Papaya 35 cm - dev6 Erresse\",\"isPartOf\":{\"@id\":\"https:\/\/dev6.erresse-shop.it\/#website\"},\"primaryImageOfPage\":{\"@id\":\"https:\/\/dev6.erresse-shop.it\/de\/shop\/tisch\/serviertablette\/bordallo-pinheiro-tablett-papaya-35-cm\/#primaryimage\"},\"image\":{\"@id\":\"https:\/\/dev6.erresse-shop.it\/de\/shop\/tisch\/serviertablette\/bordallo-pinheiro-tablett-papaya-35-cm\/#primaryimage\"},\"thumbnailUrl\":\"https:\/\/i2.wp.com\/interpim.erresse-shop.it\/Import\/Prodotti\/bordallo-pinheiro-vassoio-papaya.jpg?ssl=1\",\"datePublished\":\"2026-04-12T07:08:39+00:00\",\"description\":\"Die Kollektion Tropical Fruit ist eine Hymne an die \u00dcppigkeit und die Details der Natur in ihrem reinsten Zustand. Kiwi, Drachenfrucht, Passionsfrucht,\",\"breadcrumb\":{\"@id\":\"https:\/\/dev6.erresse-shop.it\/de\/shop\/tisch\/serviertablette\/bordallo-pinheiro-tablett-papaya-35-cm\/#breadcrumb\"},\"inLanguage\":\"de\",\"potentialAction\":[{\"@type\":\"ReadAction\",\"target\":[\"https:\/\/dev6.erresse-shop.it\/de\/shop\/tisch\/serviertablette\/bordallo-pinheiro-tablett-papaya-35-cm\/\"]}]},{\"@type\":\"ImageObject\",\"inLanguage\":\"de\",\"@id\":\"https:\/\/dev6.erresse-shop.it\/de\/shop\/tisch\/serviertablette\/bordallo-pinheiro-tablett-papaya-35-cm\/#primaryimage\",\"url\":\"https:\/\/i2.wp.com\/interpim.erresse-shop.it\/Import\/Prodotti\/bordallo-pinheiro-vassoio-papaya.jpg?ssl=1\",\"contentUrl\":\"https:\/\/i2.wp.com\/interpim.erresse-shop.it\/Import\/Prodotti\/bordallo-pinheiro-vassoio-papaya.jpg?ssl=1\"},{\"@type\":\"BreadcrumbList\",\"@id\":\"https:\/\/dev6.erresse-shop.it\/de\/shop\/tisch\/serviertablette\/bordallo-pinheiro-tablett-papaya-35-cm\/#breadcrumb\",\"itemListElement\":[{\"@type\":\"ListItem\",\"position\":1,\"name\":\"Home\",\"item\":\"https:\/\/dev6.erresse-shop.it\/\"},{\"@type\":\"ListItem\",\"position\":2,\"name\":\"Shop\",\"item\":\"https:\/\/dev6.erresse-shop.it\/shop\/\"},{\"@type\":\"ListItem\",\"position\":3,\"name\":\"BORDALLO PINHEIRO Tablett Papaya 35 cm\"}]},{\"@type\":\"WebSite\",\"@id\":\"https:\/\/dev6.erresse-shop.it\/#website\",\"url\":\"https:\/\/dev6.erresse-shop.it\/\",\"name\":\"Erresse Shop\",\"description\":\"\",\"publisher\":{\"@id\":\"https:\/\/dev6.erresse-shop.it\/#organization\"},\"potentialAction\":[{\"@type\":\"SearchAction\",\"target\":{\"@type\":\"EntryPoint\",\"urlTemplate\":\"https:\/\/dev6.erresse-shop.it\/?s={search_term_string}\"},\"query-input\":{\"@type\":\"PropertyValueSpecification\",\"valueRequired\":true,\"valueName\":\"search_term_string\"}}],\"inLanguage\":\"de\"},{\"@type\":\"Organization\",\"@id\":\"https:\/\/dev6.erresse-shop.it\/#organization\",\"name\":\"Erresse Shop\",\"url\":\"https:\/\/dev6.erresse-shop.it\/\",\"logo\":{\"@type\":\"ImageObject\",\"inLanguage\":\"de\",\"@id\":\"https:\/\/dev6.erresse-shop.it\/#\/schema\/logo\/image\/\",\"url\":\"https:\/\/dev6.erresse-shop.it\/wp-content\/uploads\/2025\/01\/LOGO-ERRESSE-CLASSICO.svg\",\"contentUrl\":\"https:\/\/dev6.erresse-shop.it\/wp-content\/uploads\/2025\/01\/LOGO-ERRESSE-CLASSICO.svg\",\"caption\":\"Erresse Shop\"},\"image\":{\"@id\":\"https:\/\/dev6.erresse-shop.it\/#\/schema\/logo\/image\/\"}}]}<\/script>\n<!-- \/ Yoast SEO plugin. -->","yoast_head_json":{"title":"BORDALLO PINHEIRO Tablett Papaya 35 cm - dev6 Erresse","description":"Die Kollektion Tropical Fruit ist eine Hymne an die \u00dcppigkeit und die Details der Natur in ihrem reinsten Zustand. Kiwi, Drachenfrucht, Passionsfrucht,","robots":{"index":"noindex","follow":"follow","max-snippet":"max-snippet:-1","max-image-preview":"max-image-preview:large","max-video-preview":"max-video-preview:-1"},"og_locale":"de_DE","og_type":"article","og_title":"BORDALLO PINHEIRO Tablett Papaya 35 cm - dev6 Erresse","og_description":"Die Kollektion Tropical Fruit ist eine Hymne an die \u00dcppigkeit und die Details der Natur in ihrem reinsten Zustand. Kiwi, Drachenfrucht, Passionsfrucht,","og_url":"https:\/\/dev6.erresse-shop.it\/de\/shop\/tisch\/serviertablette\/bordallo-pinheiro-tablett-papaya-35-cm\/","og_site_name":"dev6 Erresse","og_image":[{"url":"https:\/\/interpim.erresse-shop.it\/Import\/Prodotti\/bordallo-pinheiro-vassoio-papaya.jpg","type":"","width":"","height":""},{"url":"https:\/\/interpim.erresse-shop.it\/Import\/Prodotti\/bordallo-pinheiro-vassoio-papaya.jpg","width":1024,"height":1024,"type":"image\/jpeg"}],"twitter_card":"summary_large_image","twitter_image":"https:\/\/interpim.erresse-shop.it\/Import\/Prodotti\/bordallo-pinheiro-vassoio-papaya.jpg","schema":{"@context":"https:\/\/schema.org","@graph":[{"@type":"WebPage","@id":"https:\/\/dev6.erresse-shop.it\/de\/shop\/tisch\/serviertablette\/bordallo-pinheiro-tablett-papaya-35-cm\/","url":"https:\/\/dev6.erresse-shop.it\/de\/shop\/tisch\/serviertablette\/bordallo-pinheiro-tablett-papaya-35-cm\/","name":"BORDALLO PINHEIRO Tablett Papaya 35 cm - dev6 Erresse","isPartOf":{"@id":"https:\/\/dev6.erresse-shop.it\/#website"},"primaryImageOfPage":{"@id":"https:\/\/dev6.erresse-shop.it\/de\/shop\/tisch\/serviertablette\/bordallo-pinheiro-tablett-papaya-35-cm\/#primaryimage"},"image":{"@id":"https:\/\/dev6.erresse-shop.it\/de\/shop\/tisch\/serviertablette\/bordallo-pinheiro-tablett-papaya-35-cm\/#primaryimage"},"thumbnailUrl":"https:\/\/i2.wp.com\/interpim.erresse-shop.it\/Import\/Prodotti\/bordallo-pinheiro-vassoio-papaya.jpg?ssl=1","datePublished":"2026-04-12T07:08:39+00:00","description":"Die Kollektion Tropical Fruit ist eine Hymne an die \u00dcppigkeit und die Details der Natur in ihrem reinsten Zustand. Kiwi, Drachenfrucht, Passionsfrucht,","breadcrumb":{"@id":"https:\/\/dev6.erresse-shop.it\/de\/shop\/tisch\/serviertablette\/bordallo-pinheiro-tablett-papaya-35-cm\/#breadcrumb"},"inLanguage":"de","potentialAction":[{"@type":"ReadAction","target":["https:\/\/dev6.erresse-shop.it\/de\/shop\/tisch\/serviertablette\/bordallo-pinheiro-tablett-papaya-35-cm\/"]}]},{"@type":"ImageObject","inLanguage":"de","@id":"https:\/\/dev6.erresse-shop.it\/de\/shop\/tisch\/serviertablette\/bordallo-pinheiro-tablett-papaya-35-cm\/#primaryimage","url":"https:\/\/i2.wp.com\/interpim.erresse-shop.it\/Import\/Prodotti\/bordallo-pinheiro-vassoio-papaya.jpg?ssl=1","contentUrl":"https:\/\/i2.wp.com\/interpim.erresse-shop.it\/Import\/Prodotti\/bordallo-pinheiro-vassoio-papaya.jpg?ssl=1"},{"@type":"BreadcrumbList","@id":"https:\/\/dev6.erresse-shop.it\/de\/shop\/tisch\/serviertablette\/bordallo-pinheiro-tablett-papaya-35-cm\/#breadcrumb","itemListElement":[{"@type":"ListItem","position":1,"name":"Home","item":"https:\/\/dev6.erresse-shop.it\/"},{"@type":"ListItem","position":2,"name":"Shop","item":"https:\/\/dev6.erresse-shop.it\/shop\/"},{"@type":"ListItem","position":3,"name":"BORDALLO PINHEIRO Tablett Papaya 35 cm"}]},{"@type":"WebSite","@id":"https:\/\/dev6.erresse-shop.it\/#website","url":"https:\/\/dev6.erresse-shop.it\/","name":"Erresse Shop","description":"","publisher":{"@id":"https:\/\/dev6.erresse-shop.it\/#organization"},"potentialAction":[{"@type":"SearchAction","target":{"@type":"EntryPoint","urlTemplate":"https:\/\/dev6.erresse-shop.it\/?s={search_term_string}"},"query-input":{"@type":"PropertyValueSpecification","valueRequired":true,"valueName":"search_term_string"}}],"inLanguage":"de"},{"@type":"Organization","@id":"https:\/\/dev6.erresse-shop.it\/#organization","name":"Erresse Shop","url":"https:\/\/dev6.erresse-shop.it\/","logo":{"@type":"ImageObject","inLanguage":"de","@id":"https:\/\/dev6.erresse-shop.it\/#\/schema\/logo\/image\/","url":"https:\/\/dev6.erresse-shop.it\/wp-content\/uploads\/2025\/01\/LOGO-ERRESSE-CLASSICO.svg","contentUrl":"https:\/\/dev6.erresse-shop.it\/wp-content\/uploads\/2025\/01\/LOGO-ERRESSE-CLASSICO.svg","caption":"Erresse Shop"},"image":{"@id":"https:\/\/dev6.erresse-shop.it\/#\/schema\/logo\/image\/"}}]}},"df_price":67,"df_sale_price":67,"df_regular_price":82,"df_image_link":"https:\/\/i2.wp.com\/interpim.erresse-shop.it\/Import\/Prodotti\/bordallo-pinheiro-vassoio-papaya.jpg?resize=300,300&ssl=1","fifu_image_url":"https:\/\/interpim.erresse-shop.it\/Import\/Prodotti\/bordallo-pinheiro-vassoio-papaya.jpg","_links":{"self":[{"href":"https:\/\/dev6.erresse-shop.it\/de\/wp-json\/wp\/v2\/product\/51412","targetHints":{"allow":["GET"]}}],"collection":[{"href":"https:\/\/dev6.erresse-shop.it\/de\/wp-json\/wp\/v2\/product"}],"about":[{"href":"https:\/\/dev6.erresse-shop.it\/de\/wp-json\/wp\/v2\/types\/product"}],"wp:featuredmedia":[{"embeddable":true,"href":"https:\/\/dev6.erresse-shop.it\/de\/wp-json\/wp\/v2\/media\/6357092"}],"wp:attachment":[{"href":"https:\/\/dev6.erresse-shop.it\/de\/wp-json\/wp\/v2\/media?parent=51412"}],"wp:term":[{"taxonomy":"product_cat","embeddable":true,"href":"https:\/\/dev6.erresse-shop.it\/de\/wp-json\/wp\/v2\/product_cat?post=51412"},{"taxonomy":"product_tag","embeddable":true,"href":"https:\/\/dev6.erresse-shop.it\/de\/wp-json\/wp\/v2\/product_tag?post=51412"}],"curies":[{"name":"wp","href":"https:\/\/api.w.org\/{rel}","templated":true}]}}