{"id":51264,"date":"2026-04-12T09:03:43","date_gmt":"2026-04-12T07:03:43","guid":{"rendered":"https:\/\/dev6.erresse-shop.it\/shop\/unkategorisiert\/ruffoni-opus-prima-set-4-pz\/"},"modified":"2025-09-14T00:55:04","modified_gmt":"2025-09-13T22:55:04","slug":"ruffoni-opus-prima-set-4-pz","status":"publish","type":"product","link":"https:\/\/dev6.erresse-shop.it\/de\/shop\/toepfe-pfannen\/topfsets\/ruffoni-opus-prima-set-4-pz\/","title":{"rendered":"RUFFONI Opus Prima Set 4 Pz"},"content":{"rendered":"<p>OPUS PRIMA.<\/p>\n<p>Eine Reihe von au\u00dfergew\u00f6hnlichen Koch Objekte Frucht der Kombination einer fortschrittlichen Technologie und einer Verarbeitungs tausendj\u00e4hrig Herkunft noch durch unsere Meister gesichert.<br \/>\nHervorragende W\u00e4rmeverteilung und Temperaturkontrolle dank der massiven Aluminiumlegierungsschicht innerhalb 2 Schichten aus praktischen und hygienischem Edelstahl.<br \/>\nFertig manuell, bequeme Griffe aus Stahl und versilbertem Messing Kn\u00f6pfe erstaunliche Arbeit von Mail\u00e4nder Meister Silberschmiede machen wunderbare Kreationen geh\u00e4mmert, die einen Ehrenplatz auf dem Tisch haben.<br \/>\nGeeignet auf allen Brennern (einschlie\u00dflich Induktion) und sp\u00fclmaschinenfest .<\/p>\n<p>Jedes St\u00fcck wird mit Edelstahlgriffen und Hand geformten Silber fertig plattiert Kn\u00f6pfe von Silberschmiede in Mailand produziert, die jeweils in der Form eines anderen Gem\u00fcse.<br \/>\nDer Boden und der Au\u00dfenseite eines jeden Topf gestanzt mit unserer Marke, die Originalit\u00e4t und Authentizit\u00e4t von jedem St\u00fcck zu gew\u00e4hrleisten. Obwohl er ein Kunstwerk zu sein, sind diese beeindruckenden St\u00fccke auch extrem praktisch.<br \/>\nSie werden einen Ehrenplatz auf dem Tisch verdienen und wird immer erhalten Ihre ewige Anerkennung.<\/p>\n<p>Das Set setzt sich wie folgt zusammen:<\/p>\n<p>Kochtopf 24 cm<br \/>\nAbgerundeter Kochtopf 24 cm<br \/>\nSiebe<br \/>\nInox-Knopf<\/p>\n","protected":false},"excerpt":{"rendered":"<p>OPUS PRIMA. Eine Reihe von au\u00dfergew\u00f6hnlichen Koch Objekte Frucht der Kombination einer fortschrittlichen Technologie und einer Verarbeitungs tausendj\u00e4hrig Herkunft noch durch unsere Meister gesichert. Hervorragende W\u00e4rmeverteilung und Temperaturkontrolle dank der massiven Aluminiumlegierungsschicht innerhalb 2 Schichten aus praktischen und hygienischem Edelstahl. Fertig manuell, bequeme Griffe aus Stahl und versilbertem Messing Kn\u00f6pfe erstaunliche Arbeit von Mail\u00e4nder Meister [&hellip;]<\/p>\n","protected":false},"featured_media":6356532,"template":"","meta":{"_acf_changed":false},"product_cat":[11667,12099,12132],"product_tag":[],"class_list":{"0":"post-51264","1":"product","2":"type-product","3":"status-publish","4":"has-post-thumbnail","6":"product_cat-padelle-pentole","7":"product_cat-toepfe-pfannen","8":"product_cat-topfsets","10":"first","11":"outofstock","12":"sale","13":"taxable","14":"shipping-taxable","15":"purchasable","16":"product-type-simple","swatches":"rey-swatches","show_selected":"","stretch_labels":"rey-swatches--stretch-labels"},"acf":[],"yoast_head":"<!-- This site is optimized with the Yoast SEO plugin v25.4 - https:\/\/yoast.com\/wordpress\/plugins\/seo\/ -->\n<title>RUFFONI Opus Prima Set 4 Pz - dev6 Erresse<\/title>\n<meta name=\"description\" content=\"OPUS PRIMA. Eine Reihe von au\u00dfergew\u00f6hnlichen Koch Objekte Frucht der Kombination einer fortschrittlichen Technologie und einer Verarbeitungs tausendj\u00e4hrig\" \/>\n<meta name=\"robots\" content=\"noindex, follow, max-snippet:-1, max-image-preview:large, max-video-preview:-1\" \/>\n<meta property=\"og:locale\" content=\"de_DE\" \/>\n<meta property=\"og:type\" content=\"article\" \/>\n<meta property=\"og:title\" content=\"RUFFONI Opus Prima Set 4 Pz - dev6 Erresse\" \/>\n<meta property=\"og:description\" content=\"OPUS PRIMA. Eine Reihe von au\u00dfergew\u00f6hnlichen Koch Objekte Frucht der Kombination einer fortschrittlichen Technologie und einer Verarbeitungs tausendj\u00e4hrig\" \/>\n<meta property=\"og:url\" content=\"https:\/\/dev6.erresse-shop.it\/de\/shop\/toepfe-pfannen\/topfsets\/ruffoni-opus-prima-set-4-pz\/\" \/>\n<meta property=\"og:site_name\" content=\"dev6 Erresse\" \/>\n<meta property=\"og:image\" content=\"https:\/\/interpim.erresse-shop.it\/img-catalogo\/ruffoni\/ruffoni-set-pentola-3-pz-24-cm.jpg\" \/><meta property=\"og:image\" content=\"https:\/\/interpim.erresse-shop.it\/img-catalogo\/ruffoni\/ruffoni-set-pentola-3-pz-24-cm.jpg\" \/>\n\t<meta property=\"og:image:width\" content=\"1024\" \/>\n\t<meta property=\"og:image:height\" content=\"1024\" \/>\n\t<meta property=\"og:image:type\" content=\"image\/jpeg\" \/>\n<meta name=\"twitter:card\" content=\"summary_large_image\" \/>\n<meta name=\"twitter:image\" content=\"https:\/\/interpim.erresse-shop.it\/img-catalogo\/ruffoni\/ruffoni-set-pentola-3-pz-24-cm.jpg\" \/>\n<script type=\"application\/ld+json\" class=\"yoast-schema-graph\">{\"@context\":\"https:\/\/schema.org\",\"@graph\":[{\"@type\":\"WebPage\",\"@id\":\"https:\/\/dev6.erresse-shop.it\/de\/shop\/toepfe-pfannen\/topfsets\/ruffoni-opus-prima-set-4-pz\/\",\"url\":\"https:\/\/dev6.erresse-shop.it\/de\/shop\/toepfe-pfannen\/topfsets\/ruffoni-opus-prima-set-4-pz\/\",\"name\":\"RUFFONI Opus Prima Set 4 Pz - dev6 Erresse\",\"isPartOf\":{\"@id\":\"https:\/\/dev6.erresse-shop.it\/#website\"},\"primaryImageOfPage\":{\"@id\":\"https:\/\/dev6.erresse-shop.it\/de\/shop\/toepfe-pfannen\/topfsets\/ruffoni-opus-prima-set-4-pz\/#primaryimage\"},\"image\":{\"@id\":\"https:\/\/dev6.erresse-shop.it\/de\/shop\/toepfe-pfannen\/topfsets\/ruffoni-opus-prima-set-4-pz\/#primaryimage\"},\"thumbnailUrl\":\"https:\/\/i1.wp.com\/interpim.erresse-shop.it\/img-catalogo\/ruffoni\/ruffoni-set-pentola-3-pz-24-cm.jpg?ssl=1\",\"datePublished\":\"2026-04-12T07:03:43+00:00\",\"description\":\"OPUS PRIMA. Eine Reihe von au\u00dfergew\u00f6hnlichen Koch Objekte Frucht der Kombination einer fortschrittlichen Technologie und einer Verarbeitungs tausendj\u00e4hrig\",\"breadcrumb\":{\"@id\":\"https:\/\/dev6.erresse-shop.it\/de\/shop\/toepfe-pfannen\/topfsets\/ruffoni-opus-prima-set-4-pz\/#breadcrumb\"},\"inLanguage\":\"de\",\"potentialAction\":[{\"@type\":\"ReadAction\",\"target\":[\"https:\/\/dev6.erresse-shop.it\/de\/shop\/toepfe-pfannen\/topfsets\/ruffoni-opus-prima-set-4-pz\/\"]}]},{\"@type\":\"ImageObject\",\"inLanguage\":\"de\",\"@id\":\"https:\/\/dev6.erresse-shop.it\/de\/shop\/toepfe-pfannen\/topfsets\/ruffoni-opus-prima-set-4-pz\/#primaryimage\",\"url\":\"https:\/\/i1.wp.com\/interpim.erresse-shop.it\/img-catalogo\/ruffoni\/ruffoni-set-pentola-3-pz-24-cm.jpg?ssl=1\",\"contentUrl\":\"https:\/\/i1.wp.com\/interpim.erresse-shop.it\/img-catalogo\/ruffoni\/ruffoni-set-pentola-3-pz-24-cm.jpg?ssl=1\"},{\"@type\":\"BreadcrumbList\",\"@id\":\"https:\/\/dev6.erresse-shop.it\/de\/shop\/toepfe-pfannen\/topfsets\/ruffoni-opus-prima-set-4-pz\/#breadcrumb\",\"itemListElement\":[{\"@type\":\"ListItem\",\"position\":1,\"name\":\"Home\",\"item\":\"https:\/\/dev6.erresse-shop.it\/\"},{\"@type\":\"ListItem\",\"position\":2,\"name\":\"Shop\",\"item\":\"https:\/\/dev6.erresse-shop.it\/shop\/\"},{\"@type\":\"ListItem\",\"position\":3,\"name\":\"RUFFONI Opus Prima Set 4 Pz\"}]},{\"@type\":\"WebSite\",\"@id\":\"https:\/\/dev6.erresse-shop.it\/#website\",\"url\":\"https:\/\/dev6.erresse-shop.it\/\",\"name\":\"Erresse Shop\",\"description\":\"\",\"publisher\":{\"@id\":\"https:\/\/dev6.erresse-shop.it\/#organization\"},\"potentialAction\":[{\"@type\":\"SearchAction\",\"target\":{\"@type\":\"EntryPoint\",\"urlTemplate\":\"https:\/\/dev6.erresse-shop.it\/?s={search_term_string}\"},\"query-input\":{\"@type\":\"PropertyValueSpecification\",\"valueRequired\":true,\"valueName\":\"search_term_string\"}}],\"inLanguage\":\"de\"},{\"@type\":\"Organization\",\"@id\":\"https:\/\/dev6.erresse-shop.it\/#organization\",\"name\":\"Erresse Shop\",\"url\":\"https:\/\/dev6.erresse-shop.it\/\",\"logo\":{\"@type\":\"ImageObject\",\"inLanguage\":\"de\",\"@id\":\"https:\/\/dev6.erresse-shop.it\/#\/schema\/logo\/image\/\",\"url\":\"https:\/\/dev6.erresse-shop.it\/wp-content\/uploads\/2025\/01\/LOGO-ERRESSE-CLASSICO.svg\",\"contentUrl\":\"https:\/\/dev6.erresse-shop.it\/wp-content\/uploads\/2025\/01\/LOGO-ERRESSE-CLASSICO.svg\",\"caption\":\"Erresse Shop\"},\"image\":{\"@id\":\"https:\/\/dev6.erresse-shop.it\/#\/schema\/logo\/image\/\"}}]}<\/script>\n<!-- \/ Yoast SEO plugin. -->","yoast_head_json":{"title":"RUFFONI Opus Prima Set 4 Pz - dev6 Erresse","description":"OPUS PRIMA. Eine Reihe von au\u00dfergew\u00f6hnlichen Koch Objekte Frucht der Kombination einer fortschrittlichen Technologie und einer Verarbeitungs tausendj\u00e4hrig","robots":{"index":"noindex","follow":"follow","max-snippet":"max-snippet:-1","max-image-preview":"max-image-preview:large","max-video-preview":"max-video-preview:-1"},"og_locale":"de_DE","og_type":"article","og_title":"RUFFONI Opus Prima Set 4 Pz - dev6 Erresse","og_description":"OPUS PRIMA. Eine Reihe von au\u00dfergew\u00f6hnlichen Koch Objekte Frucht der Kombination einer fortschrittlichen Technologie und einer Verarbeitungs tausendj\u00e4hrig","og_url":"https:\/\/dev6.erresse-shop.it\/de\/shop\/toepfe-pfannen\/topfsets\/ruffoni-opus-prima-set-4-pz\/","og_site_name":"dev6 Erresse","og_image":[{"url":"https:\/\/interpim.erresse-shop.it\/img-catalogo\/ruffoni\/ruffoni-set-pentola-3-pz-24-cm.jpg","type":"","width":"","height":""},{"url":"https:\/\/interpim.erresse-shop.it\/img-catalogo\/ruffoni\/ruffoni-set-pentola-3-pz-24-cm.jpg","width":1024,"height":1024,"type":"image\/jpeg"}],"twitter_card":"summary_large_image","twitter_image":"https:\/\/interpim.erresse-shop.it\/img-catalogo\/ruffoni\/ruffoni-set-pentola-3-pz-24-cm.jpg","schema":{"@context":"https:\/\/schema.org","@graph":[{"@type":"WebPage","@id":"https:\/\/dev6.erresse-shop.it\/de\/shop\/toepfe-pfannen\/topfsets\/ruffoni-opus-prima-set-4-pz\/","url":"https:\/\/dev6.erresse-shop.it\/de\/shop\/toepfe-pfannen\/topfsets\/ruffoni-opus-prima-set-4-pz\/","name":"RUFFONI Opus Prima Set 4 Pz - dev6 Erresse","isPartOf":{"@id":"https:\/\/dev6.erresse-shop.it\/#website"},"primaryImageOfPage":{"@id":"https:\/\/dev6.erresse-shop.it\/de\/shop\/toepfe-pfannen\/topfsets\/ruffoni-opus-prima-set-4-pz\/#primaryimage"},"image":{"@id":"https:\/\/dev6.erresse-shop.it\/de\/shop\/toepfe-pfannen\/topfsets\/ruffoni-opus-prima-set-4-pz\/#primaryimage"},"thumbnailUrl":"https:\/\/i1.wp.com\/interpim.erresse-shop.it\/img-catalogo\/ruffoni\/ruffoni-set-pentola-3-pz-24-cm.jpg?ssl=1","datePublished":"2026-04-12T07:03:43+00:00","description":"OPUS PRIMA. Eine Reihe von au\u00dfergew\u00f6hnlichen Koch Objekte Frucht der Kombination einer fortschrittlichen Technologie und einer Verarbeitungs tausendj\u00e4hrig","breadcrumb":{"@id":"https:\/\/dev6.erresse-shop.it\/de\/shop\/toepfe-pfannen\/topfsets\/ruffoni-opus-prima-set-4-pz\/#breadcrumb"},"inLanguage":"de","potentialAction":[{"@type":"ReadAction","target":["https:\/\/dev6.erresse-shop.it\/de\/shop\/toepfe-pfannen\/topfsets\/ruffoni-opus-prima-set-4-pz\/"]}]},{"@type":"ImageObject","inLanguage":"de","@id":"https:\/\/dev6.erresse-shop.it\/de\/shop\/toepfe-pfannen\/topfsets\/ruffoni-opus-prima-set-4-pz\/#primaryimage","url":"https:\/\/i1.wp.com\/interpim.erresse-shop.it\/img-catalogo\/ruffoni\/ruffoni-set-pentola-3-pz-24-cm.jpg?ssl=1","contentUrl":"https:\/\/i1.wp.com\/interpim.erresse-shop.it\/img-catalogo\/ruffoni\/ruffoni-set-pentola-3-pz-24-cm.jpg?ssl=1"},{"@type":"BreadcrumbList","@id":"https:\/\/dev6.erresse-shop.it\/de\/shop\/toepfe-pfannen\/topfsets\/ruffoni-opus-prima-set-4-pz\/#breadcrumb","itemListElement":[{"@type":"ListItem","position":1,"name":"Home","item":"https:\/\/dev6.erresse-shop.it\/"},{"@type":"ListItem","position":2,"name":"Shop","item":"https:\/\/dev6.erresse-shop.it\/shop\/"},{"@type":"ListItem","position":3,"name":"RUFFONI Opus Prima Set 4 Pz"}]},{"@type":"WebSite","@id":"https:\/\/dev6.erresse-shop.it\/#website","url":"https:\/\/dev6.erresse-shop.it\/","name":"Erresse Shop","description":"","publisher":{"@id":"https:\/\/dev6.erresse-shop.it\/#organization"},"potentialAction":[{"@type":"SearchAction","target":{"@type":"EntryPoint","urlTemplate":"https:\/\/dev6.erresse-shop.it\/?s={search_term_string}"},"query-input":{"@type":"PropertyValueSpecification","valueRequired":true,"valueName":"search_term_string"}}],"inLanguage":"de"},{"@type":"Organization","@id":"https:\/\/dev6.erresse-shop.it\/#organization","name":"Erresse Shop","url":"https:\/\/dev6.erresse-shop.it\/","logo":{"@type":"ImageObject","inLanguage":"de","@id":"https:\/\/dev6.erresse-shop.it\/#\/schema\/logo\/image\/","url":"https:\/\/dev6.erresse-shop.it\/wp-content\/uploads\/2025\/01\/LOGO-ERRESSE-CLASSICO.svg","contentUrl":"https:\/\/dev6.erresse-shop.it\/wp-content\/uploads\/2025\/01\/LOGO-ERRESSE-CLASSICO.svg","caption":"Erresse Shop"},"image":{"@id":"https:\/\/dev6.erresse-shop.it\/#\/schema\/logo\/image\/"}}]}},"df_price":549.95,"df_sale_price":549.95,"df_regular_price":782,"df_image_link":"https:\/\/i1.wp.com\/interpim.erresse-shop.it\/img-catalogo\/ruffoni\/ruffoni-set-pentola-3-pz-24-cm.jpg?resize=300,300&ssl=1","fifu_image_url":"https:\/\/interpim.erresse-shop.it\/img-catalogo\/ruffoni\/ruffoni-set-pentola-3-pz-24-cm.jpg","_links":{"self":[{"href":"https:\/\/dev6.erresse-shop.it\/de\/wp-json\/wp\/v2\/product\/51264","targetHints":{"allow":["GET"]}}],"collection":[{"href":"https:\/\/dev6.erresse-shop.it\/de\/wp-json\/wp\/v2\/product"}],"about":[{"href":"https:\/\/dev6.erresse-shop.it\/de\/wp-json\/wp\/v2\/types\/product"}],"wp:featuredmedia":[{"embeddable":true,"href":"https:\/\/dev6.erresse-shop.it\/de\/wp-json\/wp\/v2\/media\/6356532"}],"wp:attachment":[{"href":"https:\/\/dev6.erresse-shop.it\/de\/wp-json\/wp\/v2\/media?parent=51264"}],"wp:term":[{"taxonomy":"product_cat","embeddable":true,"href":"https:\/\/dev6.erresse-shop.it\/de\/wp-json\/wp\/v2\/product_cat?post=51264"},{"taxonomy":"product_tag","embeddable":true,"href":"https:\/\/dev6.erresse-shop.it\/de\/wp-json\/wp\/v2\/product_tag?post=51264"}],"curies":[{"name":"wp","href":"https:\/\/api.w.org\/{rel}","templated":true}]}}