{"id":51222,"date":"2026-04-04T09:02:10","date_gmt":"2026-04-04T07:02:10","guid":{"rendered":"https:\/\/dev6.erresse-shop.it\/shop\/unkategorisiert\/zwilling-sous-vide-stick-vakuum-beutel\/"},"modified":"2025-09-14T00:54:44","modified_gmt":"2025-09-13T22:54:44","slug":"zwilling-sous-vide-stick-vakuum-beutel","status":"publish","type":"product","link":"https:\/\/dev6.erresse-shop.it\/de\/shop\/kuche\/messer\/messerblocke-messer\/zwilling-sous-vide-stick-vakuum-beutel\/","title":{"rendered":"ZWILLING Sous-Vide Stick + Vakuum-Beutel"},"content":{"rendered":"<p>ACHTUNG: kostenlos 9 Vakuumbeutel Gr\u00f6\u00dfe L (in der Anhang)<\/p>\n<p>Dein Gargut geht baden und das kann dich freuen: Mit dem ZWILLING ENFINIGY Sous-vide-Stick in Wei\u00df ist Sous-vide-Garen wirklich leicht. Als Sous-vide-Kochen oder auch Vakuum-Garen bezeichnet man das Garen im Wasserbad von klassischerweise Fleisch oder Fisch, aber auch Gem\u00fcse oder Obst. Dabei wird alles sicher verpackt im Vakuumbeutel. \u00dcber den gesamten Garzeitraum wird dabei die optimale Gartemperatur f\u00fcr das jeweilige Lebensmittel gehalten, was besonders schonendes und gleichm\u00e4\u00dfiges Garen erm\u00f6glicht. Der kompakte und handliche ZWILLING ENFINIGY Sous-vide-Stick \u00fcbernimmt nicht nur die Kontrolle \u00fcber die Wassertemperatur und Garzeit, sondern ist dar\u00fcber hinaus auch leicht zu bedienen: Die gew\u00fcnschte Temperatur und Garzeit werden einfach auf dem LED-Touch-Display eingestellt. Dank den kleinen Temperaturschritten von 0,5 \u00b0C und einer Genauigkeit von &#43;\/- 0,1\u00b0C \u2013 0,2 \u00b0C zwischen 40 \u2013 70 \u00b0C kannst du den Sous-vide-Garer besonders pr\u00e4zise einstellen. W\u00e4hrend du dich unbesorgt anderen Arbeiten in der K\u00fcche widmen kannst, h\u00e4lt die Timerfunktion die Garzeit im Blick. Nach Ablauf dieser Zeit gibt der Stick ein akustisches Signal und stoppt automatisch. Und wenn du doch etwas sp\u00e4ter essen m\u00f6chtest oder deine G\u00e4ste sich versp\u00e4ten, kein Problem! Lass das Gargut einfach bei der eingestellten Temperatur im Wasserbad. Der Garpunkt ver\u00e4ndert sich nicht weiter und bleibt perfekt. Voil\u00e0, so einfach ist Sous-vide!<\/p>\n<p>Intuitives LED-Touch-Display mit integrierter Anzeige f\u00fcr Temperatur und Timer<br \/>\nPr\u00e4zise Temperatureinstellung von 0 \u00b0C bis 90 C\u00b0 in 0,5 \u00b0C Schritten<br \/>\nHohe Temperaturstabilit\u00e4t von &#43;\/- 0,1 \u00b0C \u2013 0,2 \u00b0C im Bereich von 40 \u00b0C \u2013 70 \u00b0C<br \/>\nTimerfunktion von 0 bis 99:59 Stunden jeweils in 1-Minuten-Schritten \/ Akustisches Signal nach Ablaufen der Zeit und Stick stoppt automatisch<br \/>\n1200 Watt f\u00fcr besonders schnelles Aufheizen des Wassers<br \/>\nIntegrierte Halteklammer zur Fixierung Topf oder Beh\u00e4lter<br \/>\nH\u00f6chste Sicherheit dank IPX7 Zertifizierung<br \/>\nHeizk\u00f6rper aus Edelstahl mit hitzebest\u00e4ndiger Kunststoffkomponente an der Unterseite, um ein Verkratzen des Topfes zu vermeiden<br \/>\nKabell\u00e4nge 1,25 m<br \/>\nEbenfalls im Lieferumfang enthalten: Textil-Aufbewahrungstasche zum kratzsicheren Verstauen, Gartabellen und Rezeptideen<\/p>\n<p>Farbe: Wei\u00df<br \/>\nMaterial: Edelstahl<br \/>\nVoltzahl: 220-240 V<br \/>\nNetzfrequenz: 50\/60 Hz<br \/>\nProgramme: 3<br \/>\nLCD Display: Ja<br \/>\nLeistung: 1.200 W<\/p>\n","protected":false},"excerpt":{"rendered":"<p>ACHTUNG: kostenlos 9 Vakuumbeutel Gr\u00f6\u00dfe L (in der Anhang) Dein Gargut geht baden und das kann dich freuen: Mit dem ZWILLING ENFINIGY Sous-vide-Stick in Wei\u00df ist Sous-vide-Garen wirklich leicht. Als Sous-vide-Kochen oder auch Vakuum-Garen bezeichnet man das Garen im Wasserbad von klassischerweise Fleisch oder Fisch, aber auch Gem\u00fcse oder Obst. Dabei wird alles sicher verpackt [&hellip;]<\/p>\n","protected":false},"featured_media":6273144,"template":"","meta":{"_acf_changed":false},"product_cat":[11668,12100,12203,12107],"product_tag":[],"class_list":{"0":"post-51222","1":"product","2":"type-product","3":"status-publish","4":"has-post-thumbnail","6":"product_cat-cucina","7":"product_cat-kuche","8":"product_cat-vakuum","9":"product_cat-messerblocke-messer","11":"first","12":"outofstock","13":"sale","14":"taxable","15":"shipping-taxable","16":"purchasable","17":"product-type-simple","swatches":"rey-swatches","show_selected":"","stretch_labels":"rey-swatches--stretch-labels"},"acf":[],"yoast_head":"<!-- This site is optimized with the Yoast SEO plugin v25.4 - https:\/\/yoast.com\/wordpress\/plugins\/seo\/ -->\n<title>ZWILLING Sous-Vide Stick + Vakuum-Beutel - dev6 Erresse<\/title>\n<meta name=\"description\" content=\"ACHTUNG: kostenlos 9 Vakuumbeutel Gr\u00f6\u00dfe L (in der Anhang) Dein Gargut geht baden und das kann dich freuen: Mit dem ZWILLING ENFINIGY Sous-vide-Stick in\" \/>\n<meta name=\"robots\" content=\"noindex, follow, max-snippet:-1, max-image-preview:large, max-video-preview:-1\" \/>\n<meta property=\"og:locale\" content=\"de_DE\" \/>\n<meta property=\"og:type\" content=\"article\" \/>\n<meta property=\"og:title\" content=\"ZWILLING Sous-Vide Stick + Vakuum-Beutel - dev6 Erresse\" \/>\n<meta property=\"og:description\" content=\"ACHTUNG: kostenlos 9 Vakuumbeutel Gr\u00f6\u00dfe L (in der Anhang) Dein Gargut geht baden und das kann dich freuen: Mit dem ZWILLING ENFINIGY Sous-vide-Stick in\" \/>\n<meta property=\"og:url\" content=\"https:\/\/dev6.erresse-shop.it\/de\/shop\/kuche\/messer\/messerblocke-messer\/zwilling-sous-vide-stick-vakuum-beutel\/\" \/>\n<meta property=\"og:site_name\" content=\"dev6 Erresse\" \/>\n<meta property=\"og:image\" content=\"https:\/\/interpim.erresse-shop.it\/img-catalogo\/zwilling\/zwilling-set-sacchetti-sottovuoto-1.jpg\" \/><meta property=\"og:image\" content=\"https:\/\/interpim.erresse-shop.it\/img-catalogo\/zwilling\/zwilling-set-sacchetti-sottovuoto-1.jpg\" \/>\n\t<meta property=\"og:image:width\" content=\"1024\" \/>\n\t<meta property=\"og:image:height\" content=\"1024\" \/>\n\t<meta property=\"og:image:type\" content=\"image\/jpeg\" \/>\n<meta name=\"twitter:card\" content=\"summary_large_image\" \/>\n<meta name=\"twitter:image\" content=\"https:\/\/interpim.erresse-shop.it\/img-catalogo\/zwilling\/zwilling-set-sacchetti-sottovuoto-1.jpg\" \/>\n<script type=\"application\/ld+json\" class=\"yoast-schema-graph\">{\"@context\":\"https:\/\/schema.org\",\"@graph\":[{\"@type\":\"WebPage\",\"@id\":\"https:\/\/dev6.erresse-shop.it\/de\/shop\/kuche\/messer\/messerblocke-messer\/zwilling-sous-vide-stick-vakuum-beutel\/\",\"url\":\"https:\/\/dev6.erresse-shop.it\/de\/shop\/kuche\/messer\/messerblocke-messer\/zwilling-sous-vide-stick-vakuum-beutel\/\",\"name\":\"ZWILLING Sous-Vide Stick + Vakuum-Beutel - dev6 Erresse\",\"isPartOf\":{\"@id\":\"https:\/\/dev6.erresse-shop.it\/#website\"},\"primaryImageOfPage\":{\"@id\":\"https:\/\/dev6.erresse-shop.it\/de\/shop\/kuche\/messer\/messerblocke-messer\/zwilling-sous-vide-stick-vakuum-beutel\/#primaryimage\"},\"image\":{\"@id\":\"https:\/\/dev6.erresse-shop.it\/de\/shop\/kuche\/messer\/messerblocke-messer\/zwilling-sous-vide-stick-vakuum-beutel\/#primaryimage\"},\"thumbnailUrl\":\"https:\/\/i1.wp.com\/interpim.erresse-shop.it\/img-catalogo\/zwilling\/zwilling-set-sacchetti-sottovuoto-1.jpg?ssl=1\",\"datePublished\":\"2026-04-04T07:02:10+00:00\",\"description\":\"ACHTUNG: kostenlos 9 Vakuumbeutel Gr\u00f6\u00dfe L (in der Anhang) Dein Gargut geht baden und das kann dich freuen: Mit dem ZWILLING ENFINIGY Sous-vide-Stick in\",\"breadcrumb\":{\"@id\":\"https:\/\/dev6.erresse-shop.it\/de\/shop\/kuche\/messer\/messerblocke-messer\/zwilling-sous-vide-stick-vakuum-beutel\/#breadcrumb\"},\"inLanguage\":\"de\",\"potentialAction\":[{\"@type\":\"ReadAction\",\"target\":[\"https:\/\/dev6.erresse-shop.it\/de\/shop\/kuche\/messer\/messerblocke-messer\/zwilling-sous-vide-stick-vakuum-beutel\/\"]}]},{\"@type\":\"ImageObject\",\"inLanguage\":\"de\",\"@id\":\"https:\/\/dev6.erresse-shop.it\/de\/shop\/kuche\/messer\/messerblocke-messer\/zwilling-sous-vide-stick-vakuum-beutel\/#primaryimage\",\"url\":\"https:\/\/i1.wp.com\/interpim.erresse-shop.it\/img-catalogo\/zwilling\/zwilling-set-sacchetti-sottovuoto-1.jpg?ssl=1\",\"contentUrl\":\"https:\/\/i1.wp.com\/interpim.erresse-shop.it\/img-catalogo\/zwilling\/zwilling-set-sacchetti-sottovuoto-1.jpg?ssl=1\"},{\"@type\":\"BreadcrumbList\",\"@id\":\"https:\/\/dev6.erresse-shop.it\/de\/shop\/kuche\/messer\/messerblocke-messer\/zwilling-sous-vide-stick-vakuum-beutel\/#breadcrumb\",\"itemListElement\":[{\"@type\":\"ListItem\",\"position\":1,\"name\":\"Home\",\"item\":\"https:\/\/dev6.erresse-shop.it\/\"},{\"@type\":\"ListItem\",\"position\":2,\"name\":\"Shop\",\"item\":\"https:\/\/dev6.erresse-shop.it\/shop\/\"},{\"@type\":\"ListItem\",\"position\":3,\"name\":\"ZWILLING Sous-Vide Stick + Vakuum-Beutel\"}]},{\"@type\":\"WebSite\",\"@id\":\"https:\/\/dev6.erresse-shop.it\/#website\",\"url\":\"https:\/\/dev6.erresse-shop.it\/\",\"name\":\"Erresse Shop\",\"description\":\"\",\"publisher\":{\"@id\":\"https:\/\/dev6.erresse-shop.it\/#organization\"},\"potentialAction\":[{\"@type\":\"SearchAction\",\"target\":{\"@type\":\"EntryPoint\",\"urlTemplate\":\"https:\/\/dev6.erresse-shop.it\/?s={search_term_string}\"},\"query-input\":{\"@type\":\"PropertyValueSpecification\",\"valueRequired\":true,\"valueName\":\"search_term_string\"}}],\"inLanguage\":\"de\"},{\"@type\":\"Organization\",\"@id\":\"https:\/\/dev6.erresse-shop.it\/#organization\",\"name\":\"Erresse Shop\",\"url\":\"https:\/\/dev6.erresse-shop.it\/\",\"logo\":{\"@type\":\"ImageObject\",\"inLanguage\":\"de\",\"@id\":\"https:\/\/dev6.erresse-shop.it\/#\/schema\/logo\/image\/\",\"url\":\"https:\/\/dev6.erresse-shop.it\/wp-content\/uploads\/2025\/01\/LOGO-ERRESSE-CLASSICO.svg\",\"contentUrl\":\"https:\/\/dev6.erresse-shop.it\/wp-content\/uploads\/2025\/01\/LOGO-ERRESSE-CLASSICO.svg\",\"caption\":\"Erresse Shop\"},\"image\":{\"@id\":\"https:\/\/dev6.erresse-shop.it\/#\/schema\/logo\/image\/\"}}]}<\/script>\n<!-- \/ Yoast SEO plugin. -->","yoast_head_json":{"title":"ZWILLING Sous-Vide Stick + Vakuum-Beutel - dev6 Erresse","description":"ACHTUNG: kostenlos 9 Vakuumbeutel Gr\u00f6\u00dfe L (in der Anhang) Dein Gargut geht baden und das kann dich freuen: Mit dem ZWILLING ENFINIGY Sous-vide-Stick in","robots":{"index":"noindex","follow":"follow","max-snippet":"max-snippet:-1","max-image-preview":"max-image-preview:large","max-video-preview":"max-video-preview:-1"},"og_locale":"de_DE","og_type":"article","og_title":"ZWILLING Sous-Vide Stick + Vakuum-Beutel - dev6 Erresse","og_description":"ACHTUNG: kostenlos 9 Vakuumbeutel Gr\u00f6\u00dfe L (in der Anhang) Dein Gargut geht baden und das kann dich freuen: Mit dem ZWILLING ENFINIGY Sous-vide-Stick in","og_url":"https:\/\/dev6.erresse-shop.it\/de\/shop\/kuche\/messer\/messerblocke-messer\/zwilling-sous-vide-stick-vakuum-beutel\/","og_site_name":"dev6 Erresse","og_image":[{"url":"https:\/\/interpim.erresse-shop.it\/img-catalogo\/zwilling\/zwilling-set-sacchetti-sottovuoto-1.jpg","type":"","width":"","height":""},{"url":"https:\/\/interpim.erresse-shop.it\/img-catalogo\/zwilling\/zwilling-set-sacchetti-sottovuoto-1.jpg","width":1024,"height":1024,"type":"image\/jpeg"}],"twitter_card":"summary_large_image","twitter_image":"https:\/\/interpim.erresse-shop.it\/img-catalogo\/zwilling\/zwilling-set-sacchetti-sottovuoto-1.jpg","schema":{"@context":"https:\/\/schema.org","@graph":[{"@type":"WebPage","@id":"https:\/\/dev6.erresse-shop.it\/de\/shop\/kuche\/messer\/messerblocke-messer\/zwilling-sous-vide-stick-vakuum-beutel\/","url":"https:\/\/dev6.erresse-shop.it\/de\/shop\/kuche\/messer\/messerblocke-messer\/zwilling-sous-vide-stick-vakuum-beutel\/","name":"ZWILLING Sous-Vide Stick + Vakuum-Beutel - dev6 Erresse","isPartOf":{"@id":"https:\/\/dev6.erresse-shop.it\/#website"},"primaryImageOfPage":{"@id":"https:\/\/dev6.erresse-shop.it\/de\/shop\/kuche\/messer\/messerblocke-messer\/zwilling-sous-vide-stick-vakuum-beutel\/#primaryimage"},"image":{"@id":"https:\/\/dev6.erresse-shop.it\/de\/shop\/kuche\/messer\/messerblocke-messer\/zwilling-sous-vide-stick-vakuum-beutel\/#primaryimage"},"thumbnailUrl":"https:\/\/i1.wp.com\/interpim.erresse-shop.it\/img-catalogo\/zwilling\/zwilling-set-sacchetti-sottovuoto-1.jpg?ssl=1","datePublished":"2026-04-04T07:02:10+00:00","description":"ACHTUNG: kostenlos 9 Vakuumbeutel Gr\u00f6\u00dfe L (in der Anhang) Dein Gargut geht baden und das kann dich freuen: Mit dem ZWILLING ENFINIGY Sous-vide-Stick in","breadcrumb":{"@id":"https:\/\/dev6.erresse-shop.it\/de\/shop\/kuche\/messer\/messerblocke-messer\/zwilling-sous-vide-stick-vakuum-beutel\/#breadcrumb"},"inLanguage":"de","potentialAction":[{"@type":"ReadAction","target":["https:\/\/dev6.erresse-shop.it\/de\/shop\/kuche\/messer\/messerblocke-messer\/zwilling-sous-vide-stick-vakuum-beutel\/"]}]},{"@type":"ImageObject","inLanguage":"de","@id":"https:\/\/dev6.erresse-shop.it\/de\/shop\/kuche\/messer\/messerblocke-messer\/zwilling-sous-vide-stick-vakuum-beutel\/#primaryimage","url":"https:\/\/i1.wp.com\/interpim.erresse-shop.it\/img-catalogo\/zwilling\/zwilling-set-sacchetti-sottovuoto-1.jpg?ssl=1","contentUrl":"https:\/\/i1.wp.com\/interpim.erresse-shop.it\/img-catalogo\/zwilling\/zwilling-set-sacchetti-sottovuoto-1.jpg?ssl=1"},{"@type":"BreadcrumbList","@id":"https:\/\/dev6.erresse-shop.it\/de\/shop\/kuche\/messer\/messerblocke-messer\/zwilling-sous-vide-stick-vakuum-beutel\/#breadcrumb","itemListElement":[{"@type":"ListItem","position":1,"name":"Home","item":"https:\/\/dev6.erresse-shop.it\/"},{"@type":"ListItem","position":2,"name":"Shop","item":"https:\/\/dev6.erresse-shop.it\/shop\/"},{"@type":"ListItem","position":3,"name":"ZWILLING Sous-Vide Stick + Vakuum-Beutel"}]},{"@type":"WebSite","@id":"https:\/\/dev6.erresse-shop.it\/#website","url":"https:\/\/dev6.erresse-shop.it\/","name":"Erresse Shop","description":"","publisher":{"@id":"https:\/\/dev6.erresse-shop.it\/#organization"},"potentialAction":[{"@type":"SearchAction","target":{"@type":"EntryPoint","urlTemplate":"https:\/\/dev6.erresse-shop.it\/?s={search_term_string}"},"query-input":{"@type":"PropertyValueSpecification","valueRequired":true,"valueName":"search_term_string"}}],"inLanguage":"de"},{"@type":"Organization","@id":"https:\/\/dev6.erresse-shop.it\/#organization","name":"Erresse Shop","url":"https:\/\/dev6.erresse-shop.it\/","logo":{"@type":"ImageObject","inLanguage":"de","@id":"https:\/\/dev6.erresse-shop.it\/#\/schema\/logo\/image\/","url":"https:\/\/dev6.erresse-shop.it\/wp-content\/uploads\/2025\/01\/LOGO-ERRESSE-CLASSICO.svg","contentUrl":"https:\/\/dev6.erresse-shop.it\/wp-content\/uploads\/2025\/01\/LOGO-ERRESSE-CLASSICO.svg","caption":"Erresse Shop"},"image":{"@id":"https:\/\/dev6.erresse-shop.it\/#\/schema\/logo\/image\/"}}]}},"df_price":89.95,"df_sale_price":89.95,"df_regular_price":129,"df_image_link":"https:\/\/i1.wp.com\/interpim.erresse-shop.it\/img-catalogo\/zwilling\/zwilling-set-sacchetti-sottovuoto-1.jpg?resize=300,300&ssl=1","fifu_image_url":"https:\/\/interpim.erresse-shop.it\/img-catalogo\/zwilling\/zwilling-set-sacchetti-sottovuoto-1.jpg","_links":{"self":[{"href":"https:\/\/dev6.erresse-shop.it\/de\/wp-json\/wp\/v2\/product\/51222","targetHints":{"allow":["GET"]}}],"collection":[{"href":"https:\/\/dev6.erresse-shop.it\/de\/wp-json\/wp\/v2\/product"}],"about":[{"href":"https:\/\/dev6.erresse-shop.it\/de\/wp-json\/wp\/v2\/types\/product"}],"wp:featuredmedia":[{"embeddable":true,"href":"https:\/\/dev6.erresse-shop.it\/de\/wp-json\/wp\/v2\/media\/6273144"}],"wp:attachment":[{"href":"https:\/\/dev6.erresse-shop.it\/de\/wp-json\/wp\/v2\/media?parent=51222"}],"wp:term":[{"taxonomy":"product_cat","embeddable":true,"href":"https:\/\/dev6.erresse-shop.it\/de\/wp-json\/wp\/v2\/product_cat?post=51222"},{"taxonomy":"product_tag","embeddable":true,"href":"https:\/\/dev6.erresse-shop.it\/de\/wp-json\/wp\/v2\/product_tag?post=51222"}],"curies":[{"name":"wp","href":"https:\/\/api.w.org\/{rel}","templated":true}]}}