{"id":51220,"date":"2026-04-04T09:02:10","date_gmt":"2026-04-04T07:02:10","guid":{"rendered":"https:\/\/dev6.erresse-shop.it\/shop\/unkategorisiert\/zafferano-poldina-pro-micro-tischlampe-gruen\/"},"modified":"2025-09-14T00:54:42","modified_gmt":"2025-09-13T22:54:42","slug":"zafferano-poldina-pro-micro-tischlampe-gruen","status":"publish","type":"product","link":"https:\/\/dev6.erresse-shop.it\/de\/shop\/einrichtung-haus\/lampen\/zafferano-poldina-pro-micro-tischlampe-gruen\/","title":{"rendered":"ZAFFERANO Poldina PRO Micro Tischlampe Gr\u00fcn"},"content":{"rendered":"<p>Wiederaufladbare Tischleuchte, einschlie\u00dflich Kontaktladestation, mit lackiertem Aluminiumgeh\u00e4use, Polycarbonat-Diffusor und LED-Lichtquelle.<\/p>\n<p>Das Ein- und Ausschalten der Lampe erfolgt \u00fcber eine Ber\u00fchrungstaste auf der Oberseite des Diffusors; mit derselben Taste lassen sich auch die Farbtemperatur des Lichts (2200, 2700 oder 3000K) und die Lichtstromst\u00e4rke einstellen. Die Leuchte verf\u00fcgt \u00fcber die Schutzart IP65 und ist damit sowohl f\u00fcr den Innen- als auch f\u00fcr den Au\u00dfenbereich geeignet. Die Batterielebensdauer betr\u00e4gt garantiert 7\/8 Stunden<\/p>\n<p>FUNKTION ZUR AUSWAHL DER FARBTEMPERATUR<br \/>\nSie k\u00f6nnen ein mehr oder weniger warmes Licht w\u00e4hlen, zwischen den Optionen 2700 und 3000K. Der unterschiedliche Farbton des Lichts wird als \u201cFarbtemperatur\u201d bezeichnet und in Kelvin-Graden (K) gemessen: 2700K bedeutet warmes Licht, 4000K entspricht komplett wei\u00dfem Licht und 6500K bedeutet kaltes, blau-wei\u00dfes Licht.<\/p>\n<p>Dr\u00fccken Sie bei ausgeschalteter Lampe 4 Sekunden lang leicht auf die Taste, bis eine blaue LED konstant leuchtet.<br \/>\nDurch eine kurze Ber\u00fchrung des Touchpanels wird die Farbtemperatur der Lampe ge\u00e4ndert.<br \/>\nLichtdruck f\u00fcr 4 Sekunden, um die neue Farbtemperatur zu speichern und die Lampe auszuschalten.<\/p>\n<p>Schutzart IP65<br \/>\nDer IP-Schutzindex ist ein internationaler Parameter, der den Grad des Schutzes einer Leuchte gegen das Eindringen von festen und fl\u00fcssigen Partikeln klassifiziert. Die neue Poldina hat die neuen Labortests bestanden und ist daher jetzt in einer h\u00f6heren Schutzklasse: IP65.<\/p>\n<p>Dimm-Speicherfunktion<br \/>\nDiese Funktion speichert die Dimmstufen: Bei jedem Einschalten der Leuchte wird die Lichtintensit\u00e4t nicht maximal sein, sondern der zuvor eingestellten entsprechen.<\/p>\n<p>ABMESSUNGEN<br \/>\nH\u00f6he: 380 mm<br \/>\nDurchmesser: 110 mm<\/p>\n","protected":false},"excerpt":{"rendered":"<p>Wiederaufladbare Tischleuchte, einschlie\u00dflich Kontaktladestation, mit lackiertem Aluminiumgeh\u00e4use, Polycarbonat-Diffusor und LED-Lichtquelle. Das Ein- und Ausschalten der Lampe erfolgt \u00fcber eine Ber\u00fchrungstaste auf der Oberseite des Diffusors; mit derselben Taste lassen sich auch die Farbtemperatur des Lichts (2200, 2700 oder 3000K) und die Lichtstromst\u00e4rke einstellen. Die Leuchte verf\u00fcgt \u00fcber die Schutzart IP65 und ist damit sowohl f\u00fcr [&hellip;]<\/p>\n","protected":false},"featured_media":6273131,"template":"","meta":{"_acf_changed":false},"product_cat":[11666,12098,12127],"product_tag":[],"class_list":{"0":"post-51220","1":"product","2":"type-product","3":"status-publish","4":"has-post-thumbnail","6":"product_cat-arredamento-casa","7":"product_cat-einrichtung-haus","8":"product_cat-lampen","10":"first","11":"outofstock","12":"sale","13":"taxable","14":"shipping-taxable","15":"purchasable","16":"product-type-simple","swatches":"rey-swatches","show_selected":"","stretch_labels":"rey-swatches--stretch-labels"},"acf":[],"yoast_head":"<!-- This site is optimized with the Yoast SEO plugin v25.4 - https:\/\/yoast.com\/wordpress\/plugins\/seo\/ -->\n<title>ZAFFERANO Poldina PRO Micro Tischlampe Gr\u00fcn - dev6 Erresse<\/title>\n<meta name=\"description\" content=\"Wiederaufladbare Tischleuchte, einschlie\u00dflich Kontaktladestation, mit lackiertem Aluminiumgeh\u00e4use, Polycarbonat-Diffusor und LED-Lichtquelle. Das Ein- und\" \/>\n<meta name=\"robots\" content=\"noindex, follow, max-snippet:-1, max-image-preview:large, max-video-preview:-1\" \/>\n<meta property=\"og:locale\" content=\"de_DE\" \/>\n<meta property=\"og:type\" content=\"article\" \/>\n<meta property=\"og:title\" content=\"ZAFFERANO Poldina PRO Micro Tischlampe Gr\u00fcn - dev6 Erresse\" \/>\n<meta property=\"og:description\" content=\"Wiederaufladbare Tischleuchte, einschlie\u00dflich Kontaktladestation, mit lackiertem Aluminiumgeh\u00e4use, Polycarbonat-Diffusor und LED-Lichtquelle. Das Ein- und\" \/>\n<meta property=\"og:url\" content=\"https:\/\/dev6.erresse-shop.it\/de\/shop\/einrichtung-haus\/lampen\/zafferano-poldina-pro-micro-tischlampe-gruen\/\" \/>\n<meta property=\"og:site_name\" content=\"dev6 Erresse\" \/>\n<meta property=\"og:image\" content=\"https:\/\/interpim.erresse-shop.it\/img-catalogo\/zafferano\/zafferano-poldina-pro-micro-verde.jpg\" \/><meta property=\"og:image\" content=\"https:\/\/interpim.erresse-shop.it\/img-catalogo\/zafferano\/zafferano-poldina-pro-micro-verde.jpg\" \/>\n\t<meta property=\"og:image:width\" content=\"1024\" \/>\n\t<meta property=\"og:image:height\" content=\"1024\" \/>\n\t<meta property=\"og:image:type\" content=\"image\/jpeg\" \/>\n<meta name=\"twitter:card\" content=\"summary_large_image\" \/>\n<meta name=\"twitter:image\" content=\"https:\/\/interpim.erresse-shop.it\/img-catalogo\/zafferano\/zafferano-poldina-pro-micro-verde.jpg\" \/>\n<script type=\"application\/ld+json\" class=\"yoast-schema-graph\">{\"@context\":\"https:\/\/schema.org\",\"@graph\":[{\"@type\":\"WebPage\",\"@id\":\"https:\/\/dev6.erresse-shop.it\/de\/shop\/einrichtung-haus\/lampen\/zafferano-poldina-pro-micro-tischlampe-gruen\/\",\"url\":\"https:\/\/dev6.erresse-shop.it\/de\/shop\/einrichtung-haus\/lampen\/zafferano-poldina-pro-micro-tischlampe-gruen\/\",\"name\":\"ZAFFERANO Poldina PRO Micro Tischlampe Gr\u00fcn - dev6 Erresse\",\"isPartOf\":{\"@id\":\"https:\/\/dev6.erresse-shop.it\/#website\"},\"primaryImageOfPage\":{\"@id\":\"https:\/\/dev6.erresse-shop.it\/de\/shop\/einrichtung-haus\/lampen\/zafferano-poldina-pro-micro-tischlampe-gruen\/#primaryimage\"},\"image\":{\"@id\":\"https:\/\/dev6.erresse-shop.it\/de\/shop\/einrichtung-haus\/lampen\/zafferano-poldina-pro-micro-tischlampe-gruen\/#primaryimage\"},\"thumbnailUrl\":\"https:\/\/i3.wp.com\/interpim.erresse-shop.it\/img-catalogo\/zafferano\/zafferano-poldina-pro-micro-verde.jpg?ssl=1\",\"datePublished\":\"2026-04-04T07:02:10+00:00\",\"description\":\"Wiederaufladbare Tischleuchte, einschlie\u00dflich Kontaktladestation, mit lackiertem Aluminiumgeh\u00e4use, Polycarbonat-Diffusor und LED-Lichtquelle. Das Ein- und\",\"breadcrumb\":{\"@id\":\"https:\/\/dev6.erresse-shop.it\/de\/shop\/einrichtung-haus\/lampen\/zafferano-poldina-pro-micro-tischlampe-gruen\/#breadcrumb\"},\"inLanguage\":\"de\",\"potentialAction\":[{\"@type\":\"ReadAction\",\"target\":[\"https:\/\/dev6.erresse-shop.it\/de\/shop\/einrichtung-haus\/lampen\/zafferano-poldina-pro-micro-tischlampe-gruen\/\"]}]},{\"@type\":\"ImageObject\",\"inLanguage\":\"de\",\"@id\":\"https:\/\/dev6.erresse-shop.it\/de\/shop\/einrichtung-haus\/lampen\/zafferano-poldina-pro-micro-tischlampe-gruen\/#primaryimage\",\"url\":\"https:\/\/i3.wp.com\/interpim.erresse-shop.it\/img-catalogo\/zafferano\/zafferano-poldina-pro-micro-verde.jpg?ssl=1\",\"contentUrl\":\"https:\/\/i3.wp.com\/interpim.erresse-shop.it\/img-catalogo\/zafferano\/zafferano-poldina-pro-micro-verde.jpg?ssl=1\"},{\"@type\":\"BreadcrumbList\",\"@id\":\"https:\/\/dev6.erresse-shop.it\/de\/shop\/einrichtung-haus\/lampen\/zafferano-poldina-pro-micro-tischlampe-gruen\/#breadcrumb\",\"itemListElement\":[{\"@type\":\"ListItem\",\"position\":1,\"name\":\"Home\",\"item\":\"https:\/\/dev6.erresse-shop.it\/\"},{\"@type\":\"ListItem\",\"position\":2,\"name\":\"Shop\",\"item\":\"https:\/\/dev6.erresse-shop.it\/shop\/\"},{\"@type\":\"ListItem\",\"position\":3,\"name\":\"ZAFFERANO Poldina PRO Micro Tischlampe Gr\u00fcn\"}]},{\"@type\":\"WebSite\",\"@id\":\"https:\/\/dev6.erresse-shop.it\/#website\",\"url\":\"https:\/\/dev6.erresse-shop.it\/\",\"name\":\"Erresse Shop\",\"description\":\"\",\"publisher\":{\"@id\":\"https:\/\/dev6.erresse-shop.it\/#organization\"},\"potentialAction\":[{\"@type\":\"SearchAction\",\"target\":{\"@type\":\"EntryPoint\",\"urlTemplate\":\"https:\/\/dev6.erresse-shop.it\/?s={search_term_string}\"},\"query-input\":{\"@type\":\"PropertyValueSpecification\",\"valueRequired\":true,\"valueName\":\"search_term_string\"}}],\"inLanguage\":\"de\"},{\"@type\":\"Organization\",\"@id\":\"https:\/\/dev6.erresse-shop.it\/#organization\",\"name\":\"Erresse Shop\",\"url\":\"https:\/\/dev6.erresse-shop.it\/\",\"logo\":{\"@type\":\"ImageObject\",\"inLanguage\":\"de\",\"@id\":\"https:\/\/dev6.erresse-shop.it\/#\/schema\/logo\/image\/\",\"url\":\"https:\/\/dev6.erresse-shop.it\/wp-content\/uploads\/2025\/01\/LOGO-ERRESSE-CLASSICO.svg\",\"contentUrl\":\"https:\/\/dev6.erresse-shop.it\/wp-content\/uploads\/2025\/01\/LOGO-ERRESSE-CLASSICO.svg\",\"caption\":\"Erresse Shop\"},\"image\":{\"@id\":\"https:\/\/dev6.erresse-shop.it\/#\/schema\/logo\/image\/\"}}]}<\/script>\n<!-- \/ Yoast SEO plugin. -->","yoast_head_json":{"title":"ZAFFERANO Poldina PRO Micro Tischlampe Gr\u00fcn - dev6 Erresse","description":"Wiederaufladbare Tischleuchte, einschlie\u00dflich Kontaktladestation, mit lackiertem Aluminiumgeh\u00e4use, Polycarbonat-Diffusor und LED-Lichtquelle. Das Ein- und","robots":{"index":"noindex","follow":"follow","max-snippet":"max-snippet:-1","max-image-preview":"max-image-preview:large","max-video-preview":"max-video-preview:-1"},"og_locale":"de_DE","og_type":"article","og_title":"ZAFFERANO Poldina PRO Micro Tischlampe Gr\u00fcn - dev6 Erresse","og_description":"Wiederaufladbare Tischleuchte, einschlie\u00dflich Kontaktladestation, mit lackiertem Aluminiumgeh\u00e4use, Polycarbonat-Diffusor und LED-Lichtquelle. Das Ein- und","og_url":"https:\/\/dev6.erresse-shop.it\/de\/shop\/einrichtung-haus\/lampen\/zafferano-poldina-pro-micro-tischlampe-gruen\/","og_site_name":"dev6 Erresse","og_image":[{"url":"https:\/\/interpim.erresse-shop.it\/img-catalogo\/zafferano\/zafferano-poldina-pro-micro-verde.jpg","type":"","width":"","height":""},{"url":"https:\/\/interpim.erresse-shop.it\/img-catalogo\/zafferano\/zafferano-poldina-pro-micro-verde.jpg","width":1024,"height":1024,"type":"image\/jpeg"}],"twitter_card":"summary_large_image","twitter_image":"https:\/\/interpim.erresse-shop.it\/img-catalogo\/zafferano\/zafferano-poldina-pro-micro-verde.jpg","schema":{"@context":"https:\/\/schema.org","@graph":[{"@type":"WebPage","@id":"https:\/\/dev6.erresse-shop.it\/de\/shop\/einrichtung-haus\/lampen\/zafferano-poldina-pro-micro-tischlampe-gruen\/","url":"https:\/\/dev6.erresse-shop.it\/de\/shop\/einrichtung-haus\/lampen\/zafferano-poldina-pro-micro-tischlampe-gruen\/","name":"ZAFFERANO Poldina PRO Micro Tischlampe Gr\u00fcn - dev6 Erresse","isPartOf":{"@id":"https:\/\/dev6.erresse-shop.it\/#website"},"primaryImageOfPage":{"@id":"https:\/\/dev6.erresse-shop.it\/de\/shop\/einrichtung-haus\/lampen\/zafferano-poldina-pro-micro-tischlampe-gruen\/#primaryimage"},"image":{"@id":"https:\/\/dev6.erresse-shop.it\/de\/shop\/einrichtung-haus\/lampen\/zafferano-poldina-pro-micro-tischlampe-gruen\/#primaryimage"},"thumbnailUrl":"https:\/\/i3.wp.com\/interpim.erresse-shop.it\/img-catalogo\/zafferano\/zafferano-poldina-pro-micro-verde.jpg?ssl=1","datePublished":"2026-04-04T07:02:10+00:00","description":"Wiederaufladbare Tischleuchte, einschlie\u00dflich Kontaktladestation, mit lackiertem Aluminiumgeh\u00e4use, Polycarbonat-Diffusor und LED-Lichtquelle. Das Ein- und","breadcrumb":{"@id":"https:\/\/dev6.erresse-shop.it\/de\/shop\/einrichtung-haus\/lampen\/zafferano-poldina-pro-micro-tischlampe-gruen\/#breadcrumb"},"inLanguage":"de","potentialAction":[{"@type":"ReadAction","target":["https:\/\/dev6.erresse-shop.it\/de\/shop\/einrichtung-haus\/lampen\/zafferano-poldina-pro-micro-tischlampe-gruen\/"]}]},{"@type":"ImageObject","inLanguage":"de","@id":"https:\/\/dev6.erresse-shop.it\/de\/shop\/einrichtung-haus\/lampen\/zafferano-poldina-pro-micro-tischlampe-gruen\/#primaryimage","url":"https:\/\/i3.wp.com\/interpim.erresse-shop.it\/img-catalogo\/zafferano\/zafferano-poldina-pro-micro-verde.jpg?ssl=1","contentUrl":"https:\/\/i3.wp.com\/interpim.erresse-shop.it\/img-catalogo\/zafferano\/zafferano-poldina-pro-micro-verde.jpg?ssl=1"},{"@type":"BreadcrumbList","@id":"https:\/\/dev6.erresse-shop.it\/de\/shop\/einrichtung-haus\/lampen\/zafferano-poldina-pro-micro-tischlampe-gruen\/#breadcrumb","itemListElement":[{"@type":"ListItem","position":1,"name":"Home","item":"https:\/\/dev6.erresse-shop.it\/"},{"@type":"ListItem","position":2,"name":"Shop","item":"https:\/\/dev6.erresse-shop.it\/shop\/"},{"@type":"ListItem","position":3,"name":"ZAFFERANO Poldina PRO Micro Tischlampe Gr\u00fcn"}]},{"@type":"WebSite","@id":"https:\/\/dev6.erresse-shop.it\/#website","url":"https:\/\/dev6.erresse-shop.it\/","name":"Erresse Shop","description":"","publisher":{"@id":"https:\/\/dev6.erresse-shop.it\/#organization"},"potentialAction":[{"@type":"SearchAction","target":{"@type":"EntryPoint","urlTemplate":"https:\/\/dev6.erresse-shop.it\/?s={search_term_string}"},"query-input":{"@type":"PropertyValueSpecification","valueRequired":true,"valueName":"search_term_string"}}],"inLanguage":"de"},{"@type":"Organization","@id":"https:\/\/dev6.erresse-shop.it\/#organization","name":"Erresse Shop","url":"https:\/\/dev6.erresse-shop.it\/","logo":{"@type":"ImageObject","inLanguage":"de","@id":"https:\/\/dev6.erresse-shop.it\/#\/schema\/logo\/image\/","url":"https:\/\/dev6.erresse-shop.it\/wp-content\/uploads\/2025\/01\/LOGO-ERRESSE-CLASSICO.svg","contentUrl":"https:\/\/dev6.erresse-shop.it\/wp-content\/uploads\/2025\/01\/LOGO-ERRESSE-CLASSICO.svg","caption":"Erresse Shop"},"image":{"@id":"https:\/\/dev6.erresse-shop.it\/#\/schema\/logo\/image\/"}}]}},"df_price":79.95,"df_sale_price":79.95,"df_regular_price":98,"df_image_link":"https:\/\/i3.wp.com\/interpim.erresse-shop.it\/img-catalogo\/zafferano\/zafferano-poldina-pro-micro-verde.jpg?resize=300,300&ssl=1","fifu_image_url":"https:\/\/interpim.erresse-shop.it\/img-catalogo\/zafferano\/zafferano-poldina-pro-micro-verde.jpg","_links":{"self":[{"href":"https:\/\/dev6.erresse-shop.it\/de\/wp-json\/wp\/v2\/product\/51220","targetHints":{"allow":["GET"]}}],"collection":[{"href":"https:\/\/dev6.erresse-shop.it\/de\/wp-json\/wp\/v2\/product"}],"about":[{"href":"https:\/\/dev6.erresse-shop.it\/de\/wp-json\/wp\/v2\/types\/product"}],"wp:featuredmedia":[{"embeddable":true,"href":"https:\/\/dev6.erresse-shop.it\/de\/wp-json\/wp\/v2\/media\/6273131"}],"wp:attachment":[{"href":"https:\/\/dev6.erresse-shop.it\/de\/wp-json\/wp\/v2\/media?parent=51220"}],"wp:term":[{"taxonomy":"product_cat","embeddable":true,"href":"https:\/\/dev6.erresse-shop.it\/de\/wp-json\/wp\/v2\/product_cat?post=51220"},{"taxonomy":"product_tag","embeddable":true,"href":"https:\/\/dev6.erresse-shop.it\/de\/wp-json\/wp\/v2\/product_tag?post=51220"}],"curies":[{"name":"wp","href":"https:\/\/api.w.org\/{rel}","templated":true}]}}