{"id":51210,"date":"2026-04-12T09:03:43","date_gmt":"2026-04-12T07:03:43","guid":{"rendered":"https:\/\/dev6.erresse-shop.it\/shop\/unkategorisiert\/zafferano-poldina-pro-micro-tischleuchte-salbei\/"},"modified":"2025-09-14T00:54:28","modified_gmt":"2025-09-13T22:54:28","slug":"zafferano-poldina-pro-micro-tischleuchte-salbei","status":"publish","type":"product","link":"https:\/\/dev6.erresse-shop.it\/de\/shop\/einrichtung-haus\/lampen\/zafferano-poldina-pro-micro-tischleuchte-salbei\/","title":{"rendered":"ZAFFERANO Poldina PRO Micro Tischleuchte Salbei"},"content":{"rendered":"<p>Wiederaufladbare Tischleuchte, inklusive Kontaktladestation, mit lackiertem Aluminiumgeh\u00e4use, Polycarbonat-Diffusor und LED-Lichtquelle.<\/p>\n<p>Die Lampe wird \u00fcber einen Touch-Knopf oben am Diffusor ein- und ausgeschaltet; Mit derselben Taste ist es m\u00f6glich, die Farbtemperatur des Lichts (2200, 2700 oder 3000 K) und die Intensit\u00e4t des Lichtstroms einzustellen. Dar\u00fcber hinaus verf\u00fcgt die Lampe \u00fcber die Schutzart IP65, wodurch sie sowohl f\u00fcr den Innen- als auch f\u00fcr den Au\u00dfenbereich geeignet ist. Die Akkulaufzeit betr\u00e4gt garantiert 7\/8 Stunden.<\/p>\n<p>FARBTEMPERATUR-AUSWAHLFUNKTION<br \/>\nEs besteht die M\u00f6glichkeit, ein mehr oder weniger warmes Licht zwischen 2700 und 3000 K zu w\u00e4hlen. Der unterschiedliche Lichtton wird \u201eFarbtemperatur\u201c genannt und in Grad Kelvin (K) gemessen: 2700 K weist auf ein warmes Licht hin, w\u00e4hrend 4000 K einem v\u00f6llig wei\u00dfen Licht entspricht und schlie\u00dflich 6500 K einem kalten Licht mit wei\u00df-blauem Ton entspricht.<\/p>\n<p>Dr\u00fccken Sie bei ausgeschalteter Lampe 4 Sekunden lang leicht, bis eine dauerhaft blaue LED leuchtet.<br \/>\nSchnelle Ber\u00fchrung, um die Farbtemperatur der Lampe zu \u00e4ndern.<br \/>\n4 Sekunden lang leicht dr\u00fccken, um die neue Farbtemperatur zu speichern und die Lampe auszuschalten.<\/p>\n<p>Schutzart IP65<br \/>\nDer IP-Schutzindex ist ein internationaler Parameter, der den Schutzgrad eines Ger\u00e4ts gegen das Eindringen fester und fl\u00fcssiger Partikel klassifiziert. Die neue Poldina hat die neuen Labortests bestanden und verf\u00fcgt daher heute \u00fcber eine h\u00f6here Schutzart: IP65.<\/p>\n<p>Dimm-Memory-Funktion<br \/>\nDiese Funktion speichert die Dimmschritte: Bei jedem Einschalten ist die Lichtintensit\u00e4t nicht maximal, sondern entspricht der zuvor eingestellten.<\/p>\n<p>ABMESSUNGEN<br \/>\nH\u00f6he: 275 mm<br \/>\nDurchmesser: 70 mm<\/p>\n","protected":false},"excerpt":{"rendered":"<p>Wiederaufladbare Tischleuchte, inklusive Kontaktladestation, mit lackiertem Aluminiumgeh\u00e4use, Polycarbonat-Diffusor und LED-Lichtquelle. Die Lampe wird \u00fcber einen Touch-Knopf oben am Diffusor ein- und ausgeschaltet; Mit derselben Taste ist es m\u00f6glich, die Farbtemperatur des Lichts (2200, 2700 oder 3000 K) und die Intensit\u00e4t des Lichtstroms einzustellen. Dar\u00fcber hinaus verf\u00fcgt die Lampe \u00fcber die Schutzart IP65, wodurch sie sowohl [&hellip;]<\/p>\n","protected":false},"featured_media":6356398,"template":"","meta":{"_acf_changed":false},"product_cat":[11666,12098,12127],"product_tag":[],"class_list":{"0":"post-51210","1":"product","2":"type-product","3":"status-publish","4":"has-post-thumbnail","6":"product_cat-arredamento-casa","7":"product_cat-einrichtung-haus","8":"product_cat-lampen","10":"first","11":"outofstock","12":"sale","13":"taxable","14":"shipping-taxable","15":"purchasable","16":"product-type-simple","swatches":"rey-swatches","show_selected":"","stretch_labels":"rey-swatches--stretch-labels"},"acf":[],"yoast_head":"<!-- This site is optimized with the Yoast SEO plugin v25.4 - https:\/\/yoast.com\/wordpress\/plugins\/seo\/ -->\n<title>ZAFFERANO Poldina PRO Micro Tischleuchte Salbei - dev6 Erresse<\/title>\n<meta name=\"description\" content=\"Wiederaufladbare Tischleuchte, inklusive Kontaktladestation, mit lackiertem Aluminiumgeh\u00e4use, Polycarbonat-Diffusor und LED-Lichtquelle. Die Lampe wird\" \/>\n<meta name=\"robots\" content=\"noindex, follow, max-snippet:-1, max-image-preview:large, max-video-preview:-1\" \/>\n<meta property=\"og:locale\" content=\"de_DE\" \/>\n<meta property=\"og:type\" content=\"article\" \/>\n<meta property=\"og:title\" content=\"ZAFFERANO Poldina PRO Micro Tischleuchte Salbei - dev6 Erresse\" \/>\n<meta property=\"og:description\" content=\"Wiederaufladbare Tischleuchte, inklusive Kontaktladestation, mit lackiertem Aluminiumgeh\u00e4use, Polycarbonat-Diffusor und LED-Lichtquelle. Die Lampe wird\" \/>\n<meta property=\"og:url\" content=\"https:\/\/dev6.erresse-shop.it\/de\/shop\/einrichtung-haus\/lampen\/zafferano-poldina-pro-micro-tischleuchte-salbei\/\" \/>\n<meta property=\"og:site_name\" content=\"dev6 Erresse\" \/>\n<meta property=\"og:image\" content=\"https:\/\/interpim.erresse-shop.it\/img-catalogo\/zafferano\/zafferano-poldina-pro-micro-salvia.jpg\" \/><meta property=\"og:image\" content=\"https:\/\/interpim.erresse-shop.it\/img-catalogo\/zafferano\/zafferano-poldina-pro-micro-salvia.jpg\" \/>\n\t<meta property=\"og:image:width\" content=\"1024\" \/>\n\t<meta property=\"og:image:height\" content=\"1024\" \/>\n\t<meta property=\"og:image:type\" content=\"image\/jpeg\" \/>\n<meta name=\"twitter:card\" content=\"summary_large_image\" \/>\n<meta name=\"twitter:image\" content=\"https:\/\/interpim.erresse-shop.it\/img-catalogo\/zafferano\/zafferano-poldina-pro-micro-salvia.jpg\" \/>\n<script type=\"application\/ld+json\" class=\"yoast-schema-graph\">{\"@context\":\"https:\/\/schema.org\",\"@graph\":[{\"@type\":\"WebPage\",\"@id\":\"https:\/\/dev6.erresse-shop.it\/de\/shop\/einrichtung-haus\/lampen\/zafferano-poldina-pro-micro-tischleuchte-salbei\/\",\"url\":\"https:\/\/dev6.erresse-shop.it\/de\/shop\/einrichtung-haus\/lampen\/zafferano-poldina-pro-micro-tischleuchte-salbei\/\",\"name\":\"ZAFFERANO Poldina PRO Micro Tischleuchte Salbei - dev6 Erresse\",\"isPartOf\":{\"@id\":\"https:\/\/dev6.erresse-shop.it\/#website\"},\"primaryImageOfPage\":{\"@id\":\"https:\/\/dev6.erresse-shop.it\/de\/shop\/einrichtung-haus\/lampen\/zafferano-poldina-pro-micro-tischleuchte-salbei\/#primaryimage\"},\"image\":{\"@id\":\"https:\/\/dev6.erresse-shop.it\/de\/shop\/einrichtung-haus\/lampen\/zafferano-poldina-pro-micro-tischleuchte-salbei\/#primaryimage\"},\"thumbnailUrl\":\"https:\/\/i1.wp.com\/interpim.erresse-shop.it\/img-catalogo\/zafferano\/zafferano-poldina-pro-micro-salvia.jpg?ssl=1\",\"datePublished\":\"2026-04-12T07:03:43+00:00\",\"description\":\"Wiederaufladbare Tischleuchte, inklusive Kontaktladestation, mit lackiertem Aluminiumgeh\u00e4use, Polycarbonat-Diffusor und LED-Lichtquelle. Die Lampe wird\",\"breadcrumb\":{\"@id\":\"https:\/\/dev6.erresse-shop.it\/de\/shop\/einrichtung-haus\/lampen\/zafferano-poldina-pro-micro-tischleuchte-salbei\/#breadcrumb\"},\"inLanguage\":\"de\",\"potentialAction\":[{\"@type\":\"ReadAction\",\"target\":[\"https:\/\/dev6.erresse-shop.it\/de\/shop\/einrichtung-haus\/lampen\/zafferano-poldina-pro-micro-tischleuchte-salbei\/\"]}]},{\"@type\":\"ImageObject\",\"inLanguage\":\"de\",\"@id\":\"https:\/\/dev6.erresse-shop.it\/de\/shop\/einrichtung-haus\/lampen\/zafferano-poldina-pro-micro-tischleuchte-salbei\/#primaryimage\",\"url\":\"https:\/\/i1.wp.com\/interpim.erresse-shop.it\/img-catalogo\/zafferano\/zafferano-poldina-pro-micro-salvia.jpg?ssl=1\",\"contentUrl\":\"https:\/\/i1.wp.com\/interpim.erresse-shop.it\/img-catalogo\/zafferano\/zafferano-poldina-pro-micro-salvia.jpg?ssl=1\"},{\"@type\":\"BreadcrumbList\",\"@id\":\"https:\/\/dev6.erresse-shop.it\/de\/shop\/einrichtung-haus\/lampen\/zafferano-poldina-pro-micro-tischleuchte-salbei\/#breadcrumb\",\"itemListElement\":[{\"@type\":\"ListItem\",\"position\":1,\"name\":\"Home\",\"item\":\"https:\/\/dev6.erresse-shop.it\/\"},{\"@type\":\"ListItem\",\"position\":2,\"name\":\"Shop\",\"item\":\"https:\/\/dev6.erresse-shop.it\/shop\/\"},{\"@type\":\"ListItem\",\"position\":3,\"name\":\"ZAFFERANO Poldina PRO Micro Tischleuchte Salbei\"}]},{\"@type\":\"WebSite\",\"@id\":\"https:\/\/dev6.erresse-shop.it\/#website\",\"url\":\"https:\/\/dev6.erresse-shop.it\/\",\"name\":\"Erresse Shop\",\"description\":\"\",\"publisher\":{\"@id\":\"https:\/\/dev6.erresse-shop.it\/#organization\"},\"potentialAction\":[{\"@type\":\"SearchAction\",\"target\":{\"@type\":\"EntryPoint\",\"urlTemplate\":\"https:\/\/dev6.erresse-shop.it\/?s={search_term_string}\"},\"query-input\":{\"@type\":\"PropertyValueSpecification\",\"valueRequired\":true,\"valueName\":\"search_term_string\"}}],\"inLanguage\":\"de\"},{\"@type\":\"Organization\",\"@id\":\"https:\/\/dev6.erresse-shop.it\/#organization\",\"name\":\"Erresse Shop\",\"url\":\"https:\/\/dev6.erresse-shop.it\/\",\"logo\":{\"@type\":\"ImageObject\",\"inLanguage\":\"de\",\"@id\":\"https:\/\/dev6.erresse-shop.it\/#\/schema\/logo\/image\/\",\"url\":\"https:\/\/dev6.erresse-shop.it\/wp-content\/uploads\/2025\/01\/LOGO-ERRESSE-CLASSICO.svg\",\"contentUrl\":\"https:\/\/dev6.erresse-shop.it\/wp-content\/uploads\/2025\/01\/LOGO-ERRESSE-CLASSICO.svg\",\"caption\":\"Erresse Shop\"},\"image\":{\"@id\":\"https:\/\/dev6.erresse-shop.it\/#\/schema\/logo\/image\/\"}}]}<\/script>\n<!-- \/ Yoast SEO plugin. -->","yoast_head_json":{"title":"ZAFFERANO Poldina PRO Micro Tischleuchte Salbei - dev6 Erresse","description":"Wiederaufladbare Tischleuchte, inklusive Kontaktladestation, mit lackiertem Aluminiumgeh\u00e4use, Polycarbonat-Diffusor und LED-Lichtquelle. Die Lampe wird","robots":{"index":"noindex","follow":"follow","max-snippet":"max-snippet:-1","max-image-preview":"max-image-preview:large","max-video-preview":"max-video-preview:-1"},"og_locale":"de_DE","og_type":"article","og_title":"ZAFFERANO Poldina PRO Micro Tischleuchte Salbei - dev6 Erresse","og_description":"Wiederaufladbare Tischleuchte, inklusive Kontaktladestation, mit lackiertem Aluminiumgeh\u00e4use, Polycarbonat-Diffusor und LED-Lichtquelle. Die Lampe wird","og_url":"https:\/\/dev6.erresse-shop.it\/de\/shop\/einrichtung-haus\/lampen\/zafferano-poldina-pro-micro-tischleuchte-salbei\/","og_site_name":"dev6 Erresse","og_image":[{"url":"https:\/\/interpim.erresse-shop.it\/img-catalogo\/zafferano\/zafferano-poldina-pro-micro-salvia.jpg","type":"","width":"","height":""},{"url":"https:\/\/interpim.erresse-shop.it\/img-catalogo\/zafferano\/zafferano-poldina-pro-micro-salvia.jpg","width":1024,"height":1024,"type":"image\/jpeg"}],"twitter_card":"summary_large_image","twitter_image":"https:\/\/interpim.erresse-shop.it\/img-catalogo\/zafferano\/zafferano-poldina-pro-micro-salvia.jpg","schema":{"@context":"https:\/\/schema.org","@graph":[{"@type":"WebPage","@id":"https:\/\/dev6.erresse-shop.it\/de\/shop\/einrichtung-haus\/lampen\/zafferano-poldina-pro-micro-tischleuchte-salbei\/","url":"https:\/\/dev6.erresse-shop.it\/de\/shop\/einrichtung-haus\/lampen\/zafferano-poldina-pro-micro-tischleuchte-salbei\/","name":"ZAFFERANO Poldina PRO Micro Tischleuchte Salbei - dev6 Erresse","isPartOf":{"@id":"https:\/\/dev6.erresse-shop.it\/#website"},"primaryImageOfPage":{"@id":"https:\/\/dev6.erresse-shop.it\/de\/shop\/einrichtung-haus\/lampen\/zafferano-poldina-pro-micro-tischleuchte-salbei\/#primaryimage"},"image":{"@id":"https:\/\/dev6.erresse-shop.it\/de\/shop\/einrichtung-haus\/lampen\/zafferano-poldina-pro-micro-tischleuchte-salbei\/#primaryimage"},"thumbnailUrl":"https:\/\/i1.wp.com\/interpim.erresse-shop.it\/img-catalogo\/zafferano\/zafferano-poldina-pro-micro-salvia.jpg?ssl=1","datePublished":"2026-04-12T07:03:43+00:00","description":"Wiederaufladbare Tischleuchte, inklusive Kontaktladestation, mit lackiertem Aluminiumgeh\u00e4use, Polycarbonat-Diffusor und LED-Lichtquelle. Die Lampe wird","breadcrumb":{"@id":"https:\/\/dev6.erresse-shop.it\/de\/shop\/einrichtung-haus\/lampen\/zafferano-poldina-pro-micro-tischleuchte-salbei\/#breadcrumb"},"inLanguage":"de","potentialAction":[{"@type":"ReadAction","target":["https:\/\/dev6.erresse-shop.it\/de\/shop\/einrichtung-haus\/lampen\/zafferano-poldina-pro-micro-tischleuchte-salbei\/"]}]},{"@type":"ImageObject","inLanguage":"de","@id":"https:\/\/dev6.erresse-shop.it\/de\/shop\/einrichtung-haus\/lampen\/zafferano-poldina-pro-micro-tischleuchte-salbei\/#primaryimage","url":"https:\/\/i1.wp.com\/interpim.erresse-shop.it\/img-catalogo\/zafferano\/zafferano-poldina-pro-micro-salvia.jpg?ssl=1","contentUrl":"https:\/\/i1.wp.com\/interpim.erresse-shop.it\/img-catalogo\/zafferano\/zafferano-poldina-pro-micro-salvia.jpg?ssl=1"},{"@type":"BreadcrumbList","@id":"https:\/\/dev6.erresse-shop.it\/de\/shop\/einrichtung-haus\/lampen\/zafferano-poldina-pro-micro-tischleuchte-salbei\/#breadcrumb","itemListElement":[{"@type":"ListItem","position":1,"name":"Home","item":"https:\/\/dev6.erresse-shop.it\/"},{"@type":"ListItem","position":2,"name":"Shop","item":"https:\/\/dev6.erresse-shop.it\/shop\/"},{"@type":"ListItem","position":3,"name":"ZAFFERANO Poldina PRO Micro Tischleuchte Salbei"}]},{"@type":"WebSite","@id":"https:\/\/dev6.erresse-shop.it\/#website","url":"https:\/\/dev6.erresse-shop.it\/","name":"Erresse Shop","description":"","publisher":{"@id":"https:\/\/dev6.erresse-shop.it\/#organization"},"potentialAction":[{"@type":"SearchAction","target":{"@type":"EntryPoint","urlTemplate":"https:\/\/dev6.erresse-shop.it\/?s={search_term_string}"},"query-input":{"@type":"PropertyValueSpecification","valueRequired":true,"valueName":"search_term_string"}}],"inLanguage":"de"},{"@type":"Organization","@id":"https:\/\/dev6.erresse-shop.it\/#organization","name":"Erresse Shop","url":"https:\/\/dev6.erresse-shop.it\/","logo":{"@type":"ImageObject","inLanguage":"de","@id":"https:\/\/dev6.erresse-shop.it\/#\/schema\/logo\/image\/","url":"https:\/\/dev6.erresse-shop.it\/wp-content\/uploads\/2025\/01\/LOGO-ERRESSE-CLASSICO.svg","contentUrl":"https:\/\/dev6.erresse-shop.it\/wp-content\/uploads\/2025\/01\/LOGO-ERRESSE-CLASSICO.svg","caption":"Erresse Shop"},"image":{"@id":"https:\/\/dev6.erresse-shop.it\/#\/schema\/logo\/image\/"}}]}},"df_price":79.95,"df_sale_price":79.95,"df_regular_price":98,"df_image_link":"https:\/\/i1.wp.com\/interpim.erresse-shop.it\/img-catalogo\/zafferano\/zafferano-poldina-pro-micro-salvia.jpg?resize=300,300&ssl=1","fifu_image_url":"https:\/\/interpim.erresse-shop.it\/img-catalogo\/zafferano\/zafferano-poldina-pro-micro-salvia.jpg","_links":{"self":[{"href":"https:\/\/dev6.erresse-shop.it\/de\/wp-json\/wp\/v2\/product\/51210","targetHints":{"allow":["GET"]}}],"collection":[{"href":"https:\/\/dev6.erresse-shop.it\/de\/wp-json\/wp\/v2\/product"}],"about":[{"href":"https:\/\/dev6.erresse-shop.it\/de\/wp-json\/wp\/v2\/types\/product"}],"wp:featuredmedia":[{"embeddable":true,"href":"https:\/\/dev6.erresse-shop.it\/de\/wp-json\/wp\/v2\/media\/6356398"}],"wp:attachment":[{"href":"https:\/\/dev6.erresse-shop.it\/de\/wp-json\/wp\/v2\/media?parent=51210"}],"wp:term":[{"taxonomy":"product_cat","embeddable":true,"href":"https:\/\/dev6.erresse-shop.it\/de\/wp-json\/wp\/v2\/product_cat?post=51210"},{"taxonomy":"product_tag","embeddable":true,"href":"https:\/\/dev6.erresse-shop.it\/de\/wp-json\/wp\/v2\/product_tag?post=51210"}],"curies":[{"name":"wp","href":"https:\/\/api.w.org\/{rel}","templated":true}]}}