{"id":51190,"date":"2026-04-04T09:00:59","date_gmt":"2026-04-04T07:00:59","guid":{"rendered":"https:\/\/dev6.erresse-shop.it\/shop\/unkategorisiert\/smeg-50s-style-mini-wasserkocher-blau\/"},"modified":"2025-11-22T17:48:18","modified_gmt":"2025-11-22T16:48:18","slug":"smeg-50s-style-mini-wasserkocher-blau","status":"publish","type":"product","link":"https:\/\/dev6.erresse-shop.it\/de\/shop\/kleine-elektrogeraete\/elektrische-wasserkocher\/smeg-50s-style-mini-wasserkocher-blau\/","title":{"rendered":"SMEG 50&#8217;s Style Mini Wasserkocher Blau"},"content":{"rendered":"<p>MEHR FARBE, BITTE!<br \/>\nDer Mini-Wasserkocher KLF05 aus der Designlinie im 50\u2019s Style von Smeg ist ein echter Gute-Laune-Garant. Das unverwechselbare Design verdankt er Raffaella Mangiarotti und Matteo Bazzicalupo (Deepdesign). Dank seiner kompakten Gr\u00f6\u00dfe setzt er auch bei begrenztem Platz ein stylisches Highlight.<\/p>\n<p>RUND UND BUNT<br \/>\nSeine anmutige Gr\u00f6\u00dfe, die handschmeichlerische runde Form und die f\u00fcr Smeg typische Farbenvielfalt machen diesen Wasserkocher im XS-Format schnell zu einem K\u00fcchenliebling. W\u00e4hlen Sie aus zarten Pastellt\u00f6nen wie Creme, Gr\u00fcn, Pink und Blau oder kr\u00e4ftigem Rot, Schwarz und Wei\u00df. Veredelt wird der Mini-Wasserkocher durch seinen verchromten Sockel und die Edelstahldetails.<\/p>\n<p>STILVOLLE KLEINE PAUSEN<br \/>\nDer geringe Platzbedarf mit 15 cm Durchmesser und 20,5 cm H\u00f6he ist nur einer von vielen Vorteilen des Mini-Wasserkocher. Perfekt integriert er sich in kleine K\u00fcchen mit wenig Arbeitsfl\u00e4che, im Singlehaushalt, in Hotelzimmern, im B\u00fcro oder auf Reisen und beim Camping. Dank des doppelwandigen Designs erhitzt er Wasser f\u00fcr bis zu 3 Tassen mit 1.400 Watt im Handumdrehen, w\u00e4hrend sich die Au\u00dfenwand aus Kunststoff k\u00fchler anf\u00fchlt. Das Wasser h\u00e4lt nicht nur l\u00e4nger hei\u00df, es spart zudem auch Energie.<\/p>\n<p>EINFACH UND SICHER<br \/>\nAuf Komfort verzichtet Smeg nicht: Der praktische Sockel mit 360-Grad-Verbindung erleichtert die Bedienung und die rutschfesten F\u00fc\u00dfe garantieren einen stabilen Stand. Dar\u00fcber hinaus ist die manuelle \u00d6ffnung mit einem Winkel von 80 Grad darauf ausgelegt, den Wasserkocher leicht bef\u00fcllen zu k\u00f6nnen.<br \/>\nDer schnelle und zuverl\u00e4ssige Mini-Wasserkocher KLF05 von Smeg garantiert selbstverst\u00e4ndlich h\u00f6chste Sicherheitsstandards: Er schaltet sich automatisch ab, wenn er den Siedepunkt erreicht, ebenso wenn er mit zu wenig Wasser bef\u00fcllt ist oder der Wasserkocher vom Sockel entfernt wird.<\/p>\n<p>EINE ECHTE DESIGN-IKONE<br \/>\nDer Newcomer im Smeg-Haus gibt seiner Umgebung einen unverwechselbaren Charakter, allein oder in Kombination mit anderen Ger\u00e4ten im kultigen 50er-Jahre Design.<\/p>\n<p>DESIGN<br \/>\nFarbe: Blau<br \/>\nOberfl\u00e4che: Hochglanz<br \/>\nDesign: 50\u2019s Style<br \/>\nFarbe des Kannenverschlusses: Blau<br \/>\nFarbe des Ger\u00e4tesockels: Chrom-Hochglanz<br \/>\nFarbe des Kannengriffs: Grau\/Chrom-Hochglanz<br \/>\nFarbe des Ausgie\u00dfers: Edelstahl-Hochglanz<br \/>\nFarbe des Netzkabels: Grau<br \/>\nMaterial des Wasserbeh\u00e4lters: Edelstahl<br \/>\nMaterial des Geh\u00e4uses: Kunststoff<br \/>\nMaterial des Ger\u00e4tesockels: Kunststoff<br \/>\nMaterial des Kannenverschlusses: Kunststoff<br \/>\nMaterial des Handgriffs: Kunststoff<br \/>\nMaterial des Ausgie\u00dfers: Edelstahl<br \/>\nLogo: 3D<\/p>\n<p>BEDIENELEMENTE<br \/>\nArt der Bedienelemente: Aktivierungshebel mit Kugelgriff, beleuchtet<br \/>\nMaterial des Aktivierungshebels mit Kugelgriff: Edelstahl<\/p>\n<p>TECHNISCHE EIGENSCHAFTEN<br \/>\nWasserstandsanzeige: Ja<br \/>\nFilter: Ja<br \/>\nAusf\u00fchrung des Anti-Kalkfilters: Edelstahl<br \/>\nAbschaltautomatik: Bei 100\u00b0C<br \/>\nAutomatische Sicherheitsabschaltung bei Wassermangel: Ja<br \/>\nVerdecktes Heizelement: Ja<br \/>\nNetzkabel-Aufwicklung im Ger\u00e4tesockel: Ja<br \/>\nRutschfeste Stellf\u00fc\u00dfe: Ja<br \/>\nKabellose 360\u00b0-Bedienung: Ja<\/p>\n<p>ELEKTRISCHER ANSCHLUSS<br \/>\nSpannung: 220-240 V<br \/>\nFrequenz: 50\/60 Hz<br \/>\nL\u00e4nge des Netzkabels: 1 m<\/p>\n<p>Au\u00dferhalb Europas nicht verk\u00e4uflich<\/p>\n","protected":false},"excerpt":{"rendered":"<p>MEHR FARBE, BITTE! Der Mini-Wasserkocher KLF05 aus der Designlinie im 50\u2019s Style von Smeg ist ein echter Gute-Laune-Garant. Das unverwechselbare Design verdankt er Raffaella Mangiarotti und Matteo Bazzicalupo (Deepdesign). Dank seiner kompakten Gr\u00f6\u00dfe setzt er auch bei begrenztem Platz ein stylisches Highlight. RUND UND BUNT Seine anmutige Gr\u00f6\u00dfe, die handschmeichlerische runde Form und die f\u00fcr [&hellip;]<\/p>\n","protected":false},"featured_media":6273008,"template":"","meta":{"_acf_changed":false},"product_cat":[12166,12163],"product_tag":[],"class_list":{"0":"post-51190","1":"product","2":"type-product","3":"status-publish","4":"has-post-thumbnail","6":"product_cat-elektrische-wasserkocher","7":"product_cat-kleine-elektrogeraete","9":"first","10":"outofstock","11":"taxable","12":"shipping-taxable","13":"purchasable","14":"product-type-simple","swatches":"rey-swatches","show_selected":"","stretch_labels":"rey-swatches--stretch-labels"},"acf":[],"yoast_head":"<!-- This site is optimized with the Yoast SEO plugin v25.4 - https:\/\/yoast.com\/wordpress\/plugins\/seo\/ -->\n<title>SMEG 50&#8217;s Style Mini Wasserkocher Blau - dev6 Erresse<\/title>\n<meta name=\"description\" content=\"MEHR FARBE, BITTE! Der Mini-Wasserkocher KLF05 aus der Designlinie im 50\u2019s Style von Smeg ist ein echter Gute-Laune-Garant. Das unverwechselbare Design\" \/>\n<meta name=\"robots\" content=\"noindex, follow, max-snippet:-1, max-image-preview:large, max-video-preview:-1\" \/>\n<meta property=\"og:locale\" content=\"de_DE\" \/>\n<meta property=\"og:type\" content=\"article\" \/>\n<meta property=\"og:title\" content=\"SMEG 50&#8217;s Style Mini Wasserkocher Blau - dev6 Erresse\" \/>\n<meta property=\"og:description\" content=\"MEHR FARBE, BITTE! Der Mini-Wasserkocher KLF05 aus der Designlinie im 50\u2019s Style von Smeg ist ein echter Gute-Laune-Garant. Das unverwechselbare Design\" \/>\n<meta property=\"og:url\" content=\"https:\/\/dev6.erresse-shop.it\/de\/shop\/kleine-elektrogeraete\/elektrische-wasserkocher\/smeg-50s-style-mini-wasserkocher-blau\/\" \/>\n<meta property=\"og:site_name\" content=\"dev6 Erresse\" \/>\n<meta property=\"og:image\" content=\"https:\/\/interpim.erresse-shop.it\/Import\/Prodotti\/smeg-anni-50-mini-bollitore-azzurro.jpg\" \/><meta property=\"og:image\" content=\"https:\/\/interpim.erresse-shop.it\/Import\/Prodotti\/smeg-anni-50-mini-bollitore-azzurro.jpg\" \/>\n\t<meta property=\"og:image:width\" content=\"1024\" \/>\n\t<meta property=\"og:image:height\" content=\"1024\" \/>\n\t<meta property=\"og:image:type\" content=\"image\/jpeg\" \/>\n<meta name=\"twitter:card\" content=\"summary_large_image\" \/>\n<meta name=\"twitter:image\" content=\"https:\/\/interpim.erresse-shop.it\/Import\/Prodotti\/smeg-anni-50-mini-bollitore-azzurro.jpg\" \/>\n<script type=\"application\/ld+json\" class=\"yoast-schema-graph\">{\"@context\":\"https:\/\/schema.org\",\"@graph\":[{\"@type\":\"WebPage\",\"@id\":\"https:\/\/dev6.erresse-shop.it\/de\/shop\/kleine-elektrogeraete\/elektrische-wasserkocher\/smeg-50s-style-mini-wasserkocher-blau\/\",\"url\":\"https:\/\/dev6.erresse-shop.it\/de\/shop\/kleine-elektrogeraete\/elektrische-wasserkocher\/smeg-50s-style-mini-wasserkocher-blau\/\",\"name\":\"SMEG 50&#8217;s Style Mini Wasserkocher Blau - dev6 Erresse\",\"isPartOf\":{\"@id\":\"https:\/\/dev6.erresse-shop.it\/#website\"},\"primaryImageOfPage\":{\"@id\":\"https:\/\/dev6.erresse-shop.it\/de\/shop\/kleine-elektrogeraete\/elektrische-wasserkocher\/smeg-50s-style-mini-wasserkocher-blau\/#primaryimage\"},\"image\":{\"@id\":\"https:\/\/dev6.erresse-shop.it\/de\/shop\/kleine-elektrogeraete\/elektrische-wasserkocher\/smeg-50s-style-mini-wasserkocher-blau\/#primaryimage\"},\"thumbnailUrl\":\"https:\/\/i2.wp.com\/interpim.erresse-shop.it\/Import\/Prodotti\/smeg-anni-50-mini-bollitore-azzurro.jpg?ssl=1\",\"datePublished\":\"2026-04-04T07:00:59+00:00\",\"description\":\"MEHR FARBE, BITTE! Der Mini-Wasserkocher KLF05 aus der Designlinie im 50\u2019s Style von Smeg ist ein echter Gute-Laune-Garant. Das unverwechselbare Design\",\"breadcrumb\":{\"@id\":\"https:\/\/dev6.erresse-shop.it\/de\/shop\/kleine-elektrogeraete\/elektrische-wasserkocher\/smeg-50s-style-mini-wasserkocher-blau\/#breadcrumb\"},\"inLanguage\":\"de\",\"potentialAction\":[{\"@type\":\"ReadAction\",\"target\":[\"https:\/\/dev6.erresse-shop.it\/de\/shop\/kleine-elektrogeraete\/elektrische-wasserkocher\/smeg-50s-style-mini-wasserkocher-blau\/\"]}]},{\"@type\":\"ImageObject\",\"inLanguage\":\"de\",\"@id\":\"https:\/\/dev6.erresse-shop.it\/de\/shop\/kleine-elektrogeraete\/elektrische-wasserkocher\/smeg-50s-style-mini-wasserkocher-blau\/#primaryimage\",\"url\":\"https:\/\/i2.wp.com\/interpim.erresse-shop.it\/Import\/Prodotti\/smeg-anni-50-mini-bollitore-azzurro.jpg?ssl=1\",\"contentUrl\":\"https:\/\/i2.wp.com\/interpim.erresse-shop.it\/Import\/Prodotti\/smeg-anni-50-mini-bollitore-azzurro.jpg?ssl=1\"},{\"@type\":\"BreadcrumbList\",\"@id\":\"https:\/\/dev6.erresse-shop.it\/de\/shop\/kleine-elektrogeraete\/elektrische-wasserkocher\/smeg-50s-style-mini-wasserkocher-blau\/#breadcrumb\",\"itemListElement\":[{\"@type\":\"ListItem\",\"position\":1,\"name\":\"Home\",\"item\":\"https:\/\/dev6.erresse-shop.it\/\"},{\"@type\":\"ListItem\",\"position\":2,\"name\":\"Shop\",\"item\":\"https:\/\/dev6.erresse-shop.it\/shop\/\"},{\"@type\":\"ListItem\",\"position\":3,\"name\":\"SMEG 50&#8217;s Style Mini Wasserkocher Blau\"}]},{\"@type\":\"WebSite\",\"@id\":\"https:\/\/dev6.erresse-shop.it\/#website\",\"url\":\"https:\/\/dev6.erresse-shop.it\/\",\"name\":\"Erresse Shop\",\"description\":\"\",\"publisher\":{\"@id\":\"https:\/\/dev6.erresse-shop.it\/#organization\"},\"potentialAction\":[{\"@type\":\"SearchAction\",\"target\":{\"@type\":\"EntryPoint\",\"urlTemplate\":\"https:\/\/dev6.erresse-shop.it\/?s={search_term_string}\"},\"query-input\":{\"@type\":\"PropertyValueSpecification\",\"valueRequired\":true,\"valueName\":\"search_term_string\"}}],\"inLanguage\":\"de\"},{\"@type\":\"Organization\",\"@id\":\"https:\/\/dev6.erresse-shop.it\/#organization\",\"name\":\"Erresse Shop\",\"url\":\"https:\/\/dev6.erresse-shop.it\/\",\"logo\":{\"@type\":\"ImageObject\",\"inLanguage\":\"de\",\"@id\":\"https:\/\/dev6.erresse-shop.it\/#\/schema\/logo\/image\/\",\"url\":\"https:\/\/dev6.erresse-shop.it\/wp-content\/uploads\/2025\/01\/LOGO-ERRESSE-CLASSICO.svg\",\"contentUrl\":\"https:\/\/dev6.erresse-shop.it\/wp-content\/uploads\/2025\/01\/LOGO-ERRESSE-CLASSICO.svg\",\"caption\":\"Erresse Shop\"},\"image\":{\"@id\":\"https:\/\/dev6.erresse-shop.it\/#\/schema\/logo\/image\/\"}}]}<\/script>\n<!-- \/ Yoast SEO plugin. -->","yoast_head_json":{"title":"SMEG 50&#8217;s Style Mini Wasserkocher Blau - dev6 Erresse","description":"MEHR FARBE, BITTE! Der Mini-Wasserkocher KLF05 aus der Designlinie im 50\u2019s Style von Smeg ist ein echter Gute-Laune-Garant. Das unverwechselbare Design","robots":{"index":"noindex","follow":"follow","max-snippet":"max-snippet:-1","max-image-preview":"max-image-preview:large","max-video-preview":"max-video-preview:-1"},"og_locale":"de_DE","og_type":"article","og_title":"SMEG 50&#8217;s Style Mini Wasserkocher Blau - dev6 Erresse","og_description":"MEHR FARBE, BITTE! Der Mini-Wasserkocher KLF05 aus der Designlinie im 50\u2019s Style von Smeg ist ein echter Gute-Laune-Garant. Das unverwechselbare Design","og_url":"https:\/\/dev6.erresse-shop.it\/de\/shop\/kleine-elektrogeraete\/elektrische-wasserkocher\/smeg-50s-style-mini-wasserkocher-blau\/","og_site_name":"dev6 Erresse","og_image":[{"url":"https:\/\/interpim.erresse-shop.it\/Import\/Prodotti\/smeg-anni-50-mini-bollitore-azzurro.jpg","type":"","width":"","height":""},{"url":"https:\/\/interpim.erresse-shop.it\/Import\/Prodotti\/smeg-anni-50-mini-bollitore-azzurro.jpg","width":1024,"height":1024,"type":"image\/jpeg"}],"twitter_card":"summary_large_image","twitter_image":"https:\/\/interpim.erresse-shop.it\/Import\/Prodotti\/smeg-anni-50-mini-bollitore-azzurro.jpg","schema":{"@context":"https:\/\/schema.org","@graph":[{"@type":"WebPage","@id":"https:\/\/dev6.erresse-shop.it\/de\/shop\/kleine-elektrogeraete\/elektrische-wasserkocher\/smeg-50s-style-mini-wasserkocher-blau\/","url":"https:\/\/dev6.erresse-shop.it\/de\/shop\/kleine-elektrogeraete\/elektrische-wasserkocher\/smeg-50s-style-mini-wasserkocher-blau\/","name":"SMEG 50&#8217;s Style Mini Wasserkocher Blau - dev6 Erresse","isPartOf":{"@id":"https:\/\/dev6.erresse-shop.it\/#website"},"primaryImageOfPage":{"@id":"https:\/\/dev6.erresse-shop.it\/de\/shop\/kleine-elektrogeraete\/elektrische-wasserkocher\/smeg-50s-style-mini-wasserkocher-blau\/#primaryimage"},"image":{"@id":"https:\/\/dev6.erresse-shop.it\/de\/shop\/kleine-elektrogeraete\/elektrische-wasserkocher\/smeg-50s-style-mini-wasserkocher-blau\/#primaryimage"},"thumbnailUrl":"https:\/\/i2.wp.com\/interpim.erresse-shop.it\/Import\/Prodotti\/smeg-anni-50-mini-bollitore-azzurro.jpg?ssl=1","datePublished":"2026-04-04T07:00:59+00:00","description":"MEHR FARBE, BITTE! Der Mini-Wasserkocher KLF05 aus der Designlinie im 50\u2019s Style von Smeg ist ein echter Gute-Laune-Garant. Das unverwechselbare Design","breadcrumb":{"@id":"https:\/\/dev6.erresse-shop.it\/de\/shop\/kleine-elektrogeraete\/elektrische-wasserkocher\/smeg-50s-style-mini-wasserkocher-blau\/#breadcrumb"},"inLanguage":"de","potentialAction":[{"@type":"ReadAction","target":["https:\/\/dev6.erresse-shop.it\/de\/shop\/kleine-elektrogeraete\/elektrische-wasserkocher\/smeg-50s-style-mini-wasserkocher-blau\/"]}]},{"@type":"ImageObject","inLanguage":"de","@id":"https:\/\/dev6.erresse-shop.it\/de\/shop\/kleine-elektrogeraete\/elektrische-wasserkocher\/smeg-50s-style-mini-wasserkocher-blau\/#primaryimage","url":"https:\/\/i2.wp.com\/interpim.erresse-shop.it\/Import\/Prodotti\/smeg-anni-50-mini-bollitore-azzurro.jpg?ssl=1","contentUrl":"https:\/\/i2.wp.com\/interpim.erresse-shop.it\/Import\/Prodotti\/smeg-anni-50-mini-bollitore-azzurro.jpg?ssl=1"},{"@type":"BreadcrumbList","@id":"https:\/\/dev6.erresse-shop.it\/de\/shop\/kleine-elektrogeraete\/elektrische-wasserkocher\/smeg-50s-style-mini-wasserkocher-blau\/#breadcrumb","itemListElement":[{"@type":"ListItem","position":1,"name":"Home","item":"https:\/\/dev6.erresse-shop.it\/"},{"@type":"ListItem","position":2,"name":"Shop","item":"https:\/\/dev6.erresse-shop.it\/shop\/"},{"@type":"ListItem","position":3,"name":"SMEG 50&#8217;s Style Mini Wasserkocher Blau"}]},{"@type":"WebSite","@id":"https:\/\/dev6.erresse-shop.it\/#website","url":"https:\/\/dev6.erresse-shop.it\/","name":"Erresse Shop","description":"","publisher":{"@id":"https:\/\/dev6.erresse-shop.it\/#organization"},"potentialAction":[{"@type":"SearchAction","target":{"@type":"EntryPoint","urlTemplate":"https:\/\/dev6.erresse-shop.it\/?s={search_term_string}"},"query-input":{"@type":"PropertyValueSpecification","valueRequired":true,"valueName":"search_term_string"}}],"inLanguage":"de"},{"@type":"Organization","@id":"https:\/\/dev6.erresse-shop.it\/#organization","name":"Erresse Shop","url":"https:\/\/dev6.erresse-shop.it\/","logo":{"@type":"ImageObject","inLanguage":"de","@id":"https:\/\/dev6.erresse-shop.it\/#\/schema\/logo\/image\/","url":"https:\/\/dev6.erresse-shop.it\/wp-content\/uploads\/2025\/01\/LOGO-ERRESSE-CLASSICO.svg","contentUrl":"https:\/\/dev6.erresse-shop.it\/wp-content\/uploads\/2025\/01\/LOGO-ERRESSE-CLASSICO.svg","caption":"Erresse Shop"},"image":{"@id":"https:\/\/dev6.erresse-shop.it\/#\/schema\/logo\/image\/"}}]}},"df_price":129,"df_sale_price":"","df_regular_price":129,"df_image_link":"https:\/\/i2.wp.com\/interpim.erresse-shop.it\/Import\/Prodotti\/smeg-anni-50-mini-bollitore-azzurro.jpg?resize=300,300&ssl=1","fifu_image_url":"https:\/\/interpim.erresse-shop.it\/Import\/Prodotti\/smeg-anni-50-mini-bollitore-azzurro.jpg","_links":{"self":[{"href":"https:\/\/dev6.erresse-shop.it\/de\/wp-json\/wp\/v2\/product\/51190","targetHints":{"allow":["GET"]}}],"collection":[{"href":"https:\/\/dev6.erresse-shop.it\/de\/wp-json\/wp\/v2\/product"}],"about":[{"href":"https:\/\/dev6.erresse-shop.it\/de\/wp-json\/wp\/v2\/types\/product"}],"wp:featuredmedia":[{"embeddable":true,"href":"https:\/\/dev6.erresse-shop.it\/de\/wp-json\/wp\/v2\/media\/6273008"}],"wp:attachment":[{"href":"https:\/\/dev6.erresse-shop.it\/de\/wp-json\/wp\/v2\/media?parent=51190"}],"wp:term":[{"taxonomy":"product_cat","embeddable":true,"href":"https:\/\/dev6.erresse-shop.it\/de\/wp-json\/wp\/v2\/product_cat?post=51190"},{"taxonomy":"product_tag","embeddable":true,"href":"https:\/\/dev6.erresse-shop.it\/de\/wp-json\/wp\/v2\/product_tag?post=51190"}],"curies":[{"name":"wp","href":"https:\/\/api.w.org\/{rel}","templated":true}]}}