{"id":51182,"date":"2026-04-12T09:02:32","date_gmt":"2026-04-12T07:02:32","guid":{"rendered":"https:\/\/dev6.erresse-shop.it\/shop\/unkategorisiert\/smeg-dolce-e-gabbana-toaster-4-scheiben\/"},"modified":"2025-09-14T00:54:07","modified_gmt":"2025-09-13T22:54:07","slug":"smeg-dolce-e-gabbana-toaster-4-scheiben","status":"publish","type":"product","link":"https:\/\/dev6.erresse-shop.it\/de\/shop\/kleine-elektrogeraete\/toaster\/smeg-dolce-e-gabbana-toaster-4-scheiben\/","title":{"rendered":"SMEG Dolce e Gabbana Toaster 4 Scheiben"},"content":{"rendered":"<p>VOREINGESTELLTE PROGRAMME<br \/>\nDieser Toaster macht es Ihnen leicht, entspannt zu fr\u00fchst\u00fccken. Dank der voreingestellten Programme bereiten Sie Ihren Toast exakt so zu, wie Sie und Ihre Lieben ihn m\u00f6gen:<\/p>\n<p>Mit der Heizfunktion zum Aufw\u00e4rmen von Toast oder Brotscheiben oder zum Fortsetzen des Toastens, wenn das Ergebnis nicht so ist, wie Sie es sich w\u00fcnschen.<br \/>\nMit einer Funktion zum Auftauen von Brot.<br \/>\nMit einer Bagel-Taste, um nur eine Seite Ihres Bagels zu br\u00e4unen, ohne die andere Seite zu toasten.<\/p>\n<p>DESIGN<br \/>\nFarbe: Sonderedition<br \/>\nDekor\/Sonderfarbe: Dolce &amp; Gabbana \u2013 Sicily is my love<br \/>\nOberfl\u00e4che: Hochglanz<br \/>\nDesign: 50\u2019s Style<br \/>\nSerie: Dolce &amp; Gabbana \u2013 Sicily is my love<br \/>\nKooperationen: Smeg und Dolce &amp; Gabbana<br \/>\nFarbe des Ger\u00e4tesockels: Chrom-Hochglanz<br \/>\nFarbe der Toastschlitzeinfassung: Chrom-Hochglanz<br \/>\nMaterial des Geh\u00e4uses: Edelstahl<br \/>\nMaterial des Ger\u00e4tesockels: Kunststoff<br \/>\nMaterial der Toastschlitzeinfassung: Edelstahl<\/p>\n<p>PROGRAMME \/ FUNKTIONEN<br \/>\nAnzahl der R\u00f6stgradstufen: 6<br \/>\nAufw\u00e4rmfunktion: Ja<br \/>\nAuftaufunktion: Ja<br \/>\nBagel-Funktion: Ja<\/p>\n<p>BEDIENELEMENTE<br \/>\nArt der Bedienelemente: Aktivierungshebel mit Kugelgriff, Bedientasten, Bedienknebel<br \/>\nMaterial des Aktivierungshebels mit Kugelgriff: Edelstahl<br \/>\nMaterial des beleuchteten Bedienknebels: Kunststoff<br \/>\nMaterial der beleuchteten Bedientasten: Kunststoff<\/p>\n<p>TECHNISCHE EIGENSCHAFTEN<br \/>\nStart Toastvorgang: Aktivierungshebel mit Kugelgriff<br \/>\nStart Automatikprogramme: Beleuchtete Bedientasten<br \/>\nWahl der R\u00f6stgradstufen: Beleuchteter Bedienknebel<br \/>\nExtra breite Toastschlitze: 36 mm<br \/>\nAutomatischer Auswurf der Toastscheiben nach R\u00f6stende: Ja<br \/>\nAkustisches Signal bei R\u00f6stende: No<br \/>\nHerausnehmbare Kr\u00fcmelschublade: Ja<br \/>\nMaterial der Kr\u00fcmelschublade: Edelstahl<br \/>\nRutschfeste Stellf\u00fc\u00dfe: Ja<br \/>\nNetzkabel-Aufwicklung im Ger\u00e4tesockel: Ja<\/p>\n<p>ELEKTRISCHER ANSCHLUSS<br \/>\nLeistung: 1500 W<br \/>\nSpannung: 220-240 V<br \/>\nFrequenz: 50\/60 Hz<br \/>\nL\u00e4nge des Netzkabels: 1 m<\/p>\n<p>Au\u00dferhalb Europas nicht verk\u00e4uflich<\/p>\n","protected":false},"excerpt":{"rendered":"<p>VOREINGESTELLTE PROGRAMME Dieser Toaster macht es Ihnen leicht, entspannt zu fr\u00fchst\u00fccken. Dank der voreingestellten Programme bereiten Sie Ihren Toast exakt so zu, wie Sie und Ihre Lieben ihn m\u00f6gen: Mit der Heizfunktion zum Aufw\u00e4rmen von Toast oder Brotscheiben oder zum Fortsetzen des Toastens, wenn das Ergebnis nicht so ist, wie Sie es sich w\u00fcnschen. Mit [&hellip;]<\/p>\n","protected":false},"featured_media":6356243,"template":"","meta":{"_acf_changed":false},"product_cat":[12163,12176],"product_tag":[],"class_list":{"0":"post-51182","1":"product","2":"type-product","3":"status-publish","4":"has-post-thumbnail","6":"product_cat-kleine-elektrogeraete","7":"product_cat-toaster","9":"first","10":"outofstock","11":"sale","12":"taxable","13":"shipping-taxable","14":"purchasable","15":"product-type-simple","swatches":"rey-swatches","show_selected":"","stretch_labels":"rey-swatches--stretch-labels"},"acf":[],"yoast_head":"<!-- This site is optimized with the Yoast SEO plugin v25.4 - https:\/\/yoast.com\/wordpress\/plugins\/seo\/ -->\n<title>SMEG Dolce e Gabbana Toaster 4 Scheiben - dev6 Erresse<\/title>\n<meta name=\"description\" content=\"VOREINGESTELLTE PROGRAMME Dieser Toaster macht es Ihnen leicht, entspannt zu fr\u00fchst\u00fccken. Dank der voreingestellten Programme bereiten Sie Ihren Toast\" \/>\n<meta name=\"robots\" content=\"noindex, follow, max-snippet:-1, max-image-preview:large, max-video-preview:-1\" \/>\n<meta property=\"og:locale\" content=\"de_DE\" \/>\n<meta property=\"og:type\" content=\"article\" \/>\n<meta property=\"og:title\" content=\"SMEG Dolce e Gabbana Toaster 4 Scheiben - dev6 Erresse\" \/>\n<meta property=\"og:description\" content=\"VOREINGESTELLTE PROGRAMME Dieser Toaster macht es Ihnen leicht, entspannt zu fr\u00fchst\u00fccken. Dank der voreingestellten Programme bereiten Sie Ihren Toast\" \/>\n<meta property=\"og:url\" content=\"https:\/\/dev6.erresse-shop.it\/de\/shop\/kleine-elektrogeraete\/toaster\/smeg-dolce-e-gabbana-toaster-4-scheiben\/\" \/>\n<meta property=\"og:site_name\" content=\"dev6 Erresse\" \/>\n<meta property=\"og:image\" content=\"https:\/\/interpim.erresse-shop.it\/wp-content\/uploads\/2022\/07\/SMEG-Dolce-e-Gabbana-Tostapane-4-Fette.jpg\/smeg-dolce-e-gabbana-tostapane-4-fette.jpg\" \/><meta property=\"og:image\" content=\"https:\/\/interpim.erresse-shop.it\/wp-content\/uploads\/2022\/07\/SMEG-Dolce-e-Gabbana-Tostapane-4-Fette.jpg\/smeg-dolce-e-gabbana-tostapane-4-fette.jpg\" \/>\n\t<meta property=\"og:image:width\" content=\"1024\" \/>\n\t<meta property=\"og:image:height\" content=\"1024\" \/>\n\t<meta property=\"og:image:type\" content=\"image\/jpeg\" \/>\n<meta name=\"twitter:card\" content=\"summary_large_image\" \/>\n<meta name=\"twitter:image\" content=\"https:\/\/interpim.erresse-shop.it\/wp-content\/uploads\/2022\/07\/SMEG-Dolce-e-Gabbana-Tostapane-4-Fette.jpg\/smeg-dolce-e-gabbana-tostapane-4-fette.jpg\" \/>\n<script type=\"application\/ld+json\" class=\"yoast-schema-graph\">{\"@context\":\"https:\/\/schema.org\",\"@graph\":[{\"@type\":\"WebPage\",\"@id\":\"https:\/\/dev6.erresse-shop.it\/de\/shop\/kleine-elektrogeraete\/toaster\/smeg-dolce-e-gabbana-toaster-4-scheiben\/\",\"url\":\"https:\/\/dev6.erresse-shop.it\/de\/shop\/kleine-elektrogeraete\/toaster\/smeg-dolce-e-gabbana-toaster-4-scheiben\/\",\"name\":\"SMEG Dolce e Gabbana Toaster 4 Scheiben - dev6 Erresse\",\"isPartOf\":{\"@id\":\"https:\/\/dev6.erresse-shop.it\/#website\"},\"primaryImageOfPage\":{\"@id\":\"https:\/\/dev6.erresse-shop.it\/de\/shop\/kleine-elektrogeraete\/toaster\/smeg-dolce-e-gabbana-toaster-4-scheiben\/#primaryimage\"},\"image\":{\"@id\":\"https:\/\/dev6.erresse-shop.it\/de\/shop\/kleine-elektrogeraete\/toaster\/smeg-dolce-e-gabbana-toaster-4-scheiben\/#primaryimage\"},\"thumbnailUrl\":\"https:\/\/i3.wp.com\/interpim.erresse-shop.it\/wp-content\/uploads\/2022\/07\/SMEG-Dolce-e-Gabbana-Tostapane-4-Fette.jpg\/smeg-dolce-e-gabbana-tostapane-4-fette.jpg?ssl=1\",\"datePublished\":\"2026-04-12T07:02:32+00:00\",\"description\":\"VOREINGESTELLTE PROGRAMME Dieser Toaster macht es Ihnen leicht, entspannt zu fr\u00fchst\u00fccken. Dank der voreingestellten Programme bereiten Sie Ihren Toast\",\"breadcrumb\":{\"@id\":\"https:\/\/dev6.erresse-shop.it\/de\/shop\/kleine-elektrogeraete\/toaster\/smeg-dolce-e-gabbana-toaster-4-scheiben\/#breadcrumb\"},\"inLanguage\":\"de\",\"potentialAction\":[{\"@type\":\"ReadAction\",\"target\":[\"https:\/\/dev6.erresse-shop.it\/de\/shop\/kleine-elektrogeraete\/toaster\/smeg-dolce-e-gabbana-toaster-4-scheiben\/\"]}]},{\"@type\":\"ImageObject\",\"inLanguage\":\"de\",\"@id\":\"https:\/\/dev6.erresse-shop.it\/de\/shop\/kleine-elektrogeraete\/toaster\/smeg-dolce-e-gabbana-toaster-4-scheiben\/#primaryimage\",\"url\":\"https:\/\/i3.wp.com\/interpim.erresse-shop.it\/wp-content\/uploads\/2022\/07\/SMEG-Dolce-e-Gabbana-Tostapane-4-Fette.jpg\/smeg-dolce-e-gabbana-tostapane-4-fette.jpg?ssl=1\",\"contentUrl\":\"https:\/\/i3.wp.com\/interpim.erresse-shop.it\/wp-content\/uploads\/2022\/07\/SMEG-Dolce-e-Gabbana-Tostapane-4-Fette.jpg\/smeg-dolce-e-gabbana-tostapane-4-fette.jpg?ssl=1\"},{\"@type\":\"BreadcrumbList\",\"@id\":\"https:\/\/dev6.erresse-shop.it\/de\/shop\/kleine-elektrogeraete\/toaster\/smeg-dolce-e-gabbana-toaster-4-scheiben\/#breadcrumb\",\"itemListElement\":[{\"@type\":\"ListItem\",\"position\":1,\"name\":\"Home\",\"item\":\"https:\/\/dev6.erresse-shop.it\/\"},{\"@type\":\"ListItem\",\"position\":2,\"name\":\"Shop\",\"item\":\"https:\/\/dev6.erresse-shop.it\/shop\/\"},{\"@type\":\"ListItem\",\"position\":3,\"name\":\"SMEG Dolce e Gabbana Toaster 4 Scheiben\"}]},{\"@type\":\"WebSite\",\"@id\":\"https:\/\/dev6.erresse-shop.it\/#website\",\"url\":\"https:\/\/dev6.erresse-shop.it\/\",\"name\":\"Erresse Shop\",\"description\":\"\",\"publisher\":{\"@id\":\"https:\/\/dev6.erresse-shop.it\/#organization\"},\"potentialAction\":[{\"@type\":\"SearchAction\",\"target\":{\"@type\":\"EntryPoint\",\"urlTemplate\":\"https:\/\/dev6.erresse-shop.it\/?s={search_term_string}\"},\"query-input\":{\"@type\":\"PropertyValueSpecification\",\"valueRequired\":true,\"valueName\":\"search_term_string\"}}],\"inLanguage\":\"de\"},{\"@type\":\"Organization\",\"@id\":\"https:\/\/dev6.erresse-shop.it\/#organization\",\"name\":\"Erresse Shop\",\"url\":\"https:\/\/dev6.erresse-shop.it\/\",\"logo\":{\"@type\":\"ImageObject\",\"inLanguage\":\"de\",\"@id\":\"https:\/\/dev6.erresse-shop.it\/#\/schema\/logo\/image\/\",\"url\":\"https:\/\/dev6.erresse-shop.it\/wp-content\/uploads\/2025\/01\/LOGO-ERRESSE-CLASSICO.svg\",\"contentUrl\":\"https:\/\/dev6.erresse-shop.it\/wp-content\/uploads\/2025\/01\/LOGO-ERRESSE-CLASSICO.svg\",\"caption\":\"Erresse Shop\"},\"image\":{\"@id\":\"https:\/\/dev6.erresse-shop.it\/#\/schema\/logo\/image\/\"}}]}<\/script>\n<!-- \/ Yoast SEO plugin. -->","yoast_head_json":{"title":"SMEG Dolce e Gabbana Toaster 4 Scheiben - dev6 Erresse","description":"VOREINGESTELLTE PROGRAMME Dieser Toaster macht es Ihnen leicht, entspannt zu fr\u00fchst\u00fccken. Dank der voreingestellten Programme bereiten Sie Ihren Toast","robots":{"index":"noindex","follow":"follow","max-snippet":"max-snippet:-1","max-image-preview":"max-image-preview:large","max-video-preview":"max-video-preview:-1"},"og_locale":"de_DE","og_type":"article","og_title":"SMEG Dolce e Gabbana Toaster 4 Scheiben - dev6 Erresse","og_description":"VOREINGESTELLTE PROGRAMME Dieser Toaster macht es Ihnen leicht, entspannt zu fr\u00fchst\u00fccken. Dank der voreingestellten Programme bereiten Sie Ihren Toast","og_url":"https:\/\/dev6.erresse-shop.it\/de\/shop\/kleine-elektrogeraete\/toaster\/smeg-dolce-e-gabbana-toaster-4-scheiben\/","og_site_name":"dev6 Erresse","og_image":[{"url":"https:\/\/interpim.erresse-shop.it\/wp-content\/uploads\/2022\/07\/SMEG-Dolce-e-Gabbana-Tostapane-4-Fette.jpg\/smeg-dolce-e-gabbana-tostapane-4-fette.jpg","type":"","width":"","height":""},{"url":"https:\/\/interpim.erresse-shop.it\/wp-content\/uploads\/2022\/07\/SMEG-Dolce-e-Gabbana-Tostapane-4-Fette.jpg\/smeg-dolce-e-gabbana-tostapane-4-fette.jpg","width":1024,"height":1024,"type":"image\/jpeg"}],"twitter_card":"summary_large_image","twitter_image":"https:\/\/interpim.erresse-shop.it\/wp-content\/uploads\/2022\/07\/SMEG-Dolce-e-Gabbana-Tostapane-4-Fette.jpg\/smeg-dolce-e-gabbana-tostapane-4-fette.jpg","schema":{"@context":"https:\/\/schema.org","@graph":[{"@type":"WebPage","@id":"https:\/\/dev6.erresse-shop.it\/de\/shop\/kleine-elektrogeraete\/toaster\/smeg-dolce-e-gabbana-toaster-4-scheiben\/","url":"https:\/\/dev6.erresse-shop.it\/de\/shop\/kleine-elektrogeraete\/toaster\/smeg-dolce-e-gabbana-toaster-4-scheiben\/","name":"SMEG Dolce e Gabbana Toaster 4 Scheiben - dev6 Erresse","isPartOf":{"@id":"https:\/\/dev6.erresse-shop.it\/#website"},"primaryImageOfPage":{"@id":"https:\/\/dev6.erresse-shop.it\/de\/shop\/kleine-elektrogeraete\/toaster\/smeg-dolce-e-gabbana-toaster-4-scheiben\/#primaryimage"},"image":{"@id":"https:\/\/dev6.erresse-shop.it\/de\/shop\/kleine-elektrogeraete\/toaster\/smeg-dolce-e-gabbana-toaster-4-scheiben\/#primaryimage"},"thumbnailUrl":"https:\/\/i3.wp.com\/interpim.erresse-shop.it\/wp-content\/uploads\/2022\/07\/SMEG-Dolce-e-Gabbana-Tostapane-4-Fette.jpg\/smeg-dolce-e-gabbana-tostapane-4-fette.jpg?ssl=1","datePublished":"2026-04-12T07:02:32+00:00","description":"VOREINGESTELLTE PROGRAMME Dieser Toaster macht es Ihnen leicht, entspannt zu fr\u00fchst\u00fccken. Dank der voreingestellten Programme bereiten Sie Ihren Toast","breadcrumb":{"@id":"https:\/\/dev6.erresse-shop.it\/de\/shop\/kleine-elektrogeraete\/toaster\/smeg-dolce-e-gabbana-toaster-4-scheiben\/#breadcrumb"},"inLanguage":"de","potentialAction":[{"@type":"ReadAction","target":["https:\/\/dev6.erresse-shop.it\/de\/shop\/kleine-elektrogeraete\/toaster\/smeg-dolce-e-gabbana-toaster-4-scheiben\/"]}]},{"@type":"ImageObject","inLanguage":"de","@id":"https:\/\/dev6.erresse-shop.it\/de\/shop\/kleine-elektrogeraete\/toaster\/smeg-dolce-e-gabbana-toaster-4-scheiben\/#primaryimage","url":"https:\/\/i3.wp.com\/interpim.erresse-shop.it\/wp-content\/uploads\/2022\/07\/SMEG-Dolce-e-Gabbana-Tostapane-4-Fette.jpg\/smeg-dolce-e-gabbana-tostapane-4-fette.jpg?ssl=1","contentUrl":"https:\/\/i3.wp.com\/interpim.erresse-shop.it\/wp-content\/uploads\/2022\/07\/SMEG-Dolce-e-Gabbana-Tostapane-4-Fette.jpg\/smeg-dolce-e-gabbana-tostapane-4-fette.jpg?ssl=1"},{"@type":"BreadcrumbList","@id":"https:\/\/dev6.erresse-shop.it\/de\/shop\/kleine-elektrogeraete\/toaster\/smeg-dolce-e-gabbana-toaster-4-scheiben\/#breadcrumb","itemListElement":[{"@type":"ListItem","position":1,"name":"Home","item":"https:\/\/dev6.erresse-shop.it\/"},{"@type":"ListItem","position":2,"name":"Shop","item":"https:\/\/dev6.erresse-shop.it\/shop\/"},{"@type":"ListItem","position":3,"name":"SMEG Dolce e Gabbana Toaster 4 Scheiben"}]},{"@type":"WebSite","@id":"https:\/\/dev6.erresse-shop.it\/#website","url":"https:\/\/dev6.erresse-shop.it\/","name":"Erresse Shop","description":"","publisher":{"@id":"https:\/\/dev6.erresse-shop.it\/#organization"},"potentialAction":[{"@type":"SearchAction","target":{"@type":"EntryPoint","urlTemplate":"https:\/\/dev6.erresse-shop.it\/?s={search_term_string}"},"query-input":{"@type":"PropertyValueSpecification","valueRequired":true,"valueName":"search_term_string"}}],"inLanguage":"de"},{"@type":"Organization","@id":"https:\/\/dev6.erresse-shop.it\/#organization","name":"Erresse Shop","url":"https:\/\/dev6.erresse-shop.it\/","logo":{"@type":"ImageObject","inLanguage":"de","@id":"https:\/\/dev6.erresse-shop.it\/#\/schema\/logo\/image\/","url":"https:\/\/dev6.erresse-shop.it\/wp-content\/uploads\/2025\/01\/LOGO-ERRESSE-CLASSICO.svg","contentUrl":"https:\/\/dev6.erresse-shop.it\/wp-content\/uploads\/2025\/01\/LOGO-ERRESSE-CLASSICO.svg","caption":"Erresse Shop"},"image":{"@id":"https:\/\/dev6.erresse-shop.it\/#\/schema\/logo\/image\/"}}]}},"df_price":549.95,"df_sale_price":549.95,"df_regular_price":599.9,"df_image_link":"https:\/\/i3.wp.com\/interpim.erresse-shop.it\/wp-content\/uploads\/2022\/07\/SMEG-Dolce-e-Gabbana-Tostapane-4-Fette.jpg\/smeg-dolce-e-gabbana-tostapane-4-fette.jpg?resize=300,300&ssl=1","fifu_image_url":"https:\/\/interpim.erresse-shop.it\/wp-content\/uploads\/2022\/07\/SMEG-Dolce-e-Gabbana-Tostapane-4-Fette.jpg\/smeg-dolce-e-gabbana-tostapane-4-fette.jpg","_links":{"self":[{"href":"https:\/\/dev6.erresse-shop.it\/de\/wp-json\/wp\/v2\/product\/51182","targetHints":{"allow":["GET"]}}],"collection":[{"href":"https:\/\/dev6.erresse-shop.it\/de\/wp-json\/wp\/v2\/product"}],"about":[{"href":"https:\/\/dev6.erresse-shop.it\/de\/wp-json\/wp\/v2\/types\/product"}],"wp:featuredmedia":[{"embeddable":true,"href":"https:\/\/dev6.erresse-shop.it\/de\/wp-json\/wp\/v2\/media\/6356243"}],"wp:attachment":[{"href":"https:\/\/dev6.erresse-shop.it\/de\/wp-json\/wp\/v2\/media?parent=51182"}],"wp:term":[{"taxonomy":"product_cat","embeddable":true,"href":"https:\/\/dev6.erresse-shop.it\/de\/wp-json\/wp\/v2\/product_cat?post=51182"},{"taxonomy":"product_tag","embeddable":true,"href":"https:\/\/dev6.erresse-shop.it\/de\/wp-json\/wp\/v2\/product_tag?post=51182"}],"curies":[{"name":"wp","href":"https:\/\/api.w.org\/{rel}","templated":true}]}}