{"id":51178,"date":"2026-04-12T09:02:32","date_gmt":"2026-04-12T07:02:32","guid":{"rendered":"https:\/\/dev6.erresse-shop.it\/shop\/unkategorisiert\/smeg-dolce-e-gabbana-kuechenmaschine-smf03\/"},"modified":"2025-07-03T20:17:32","modified_gmt":"2025-07-03T18:17:32","slug":"smeg-dolce-e-gabbana-kuechenmaschine-smf03","status":"publish","type":"product","link":"https:\/\/dev6.erresse-shop.it\/de\/shop\/kleine-elektrogeraete\/knetmaschinen\/smeg-dolce-e-gabbana-kuechenmaschine-smf03\/","title":{"rendered":"SMEG Dolce e Gabbana K\u00fcchenmaschine SMF03"},"content":{"rendered":"<p>K\u00dcCHENMASCHINE \u201cSICILY IS MY LOVE\u201d<br \/>\nEin Fest aus Farben und Lebendigkeit: das Goldgelb von Zitronen, das feurige Rot der Kirschen, das intensive Blau des sizilianischen Himmels und das intensive Gr\u00fcn der Feigenkakteen. Kunstvoll inszeniert sind die leuchtenden Farben in den Dekoren der traditionellen Karrenmalerei, die diese au\u00dfergew\u00f6hnliche K\u00fcchenmaschine zieren.<\/p>\n<p>DIE \u201cSICILY IS MY LOVE\u201d KOLLEKTION<br \/>\nDie Kleinger\u00e4te von Smeg im Dolce &amp; Gabbana Design bezaubern unter dem Motto \u201eSicily is my Love\u201c mit dem Charme traditioneller italienischer Handwerkskunst.<\/p>\n<p>DESIGN<br \/>\nFarbe: Sonderedition<br \/>\nDekor\/Sonderfarbe: Dolce &amp; Gabbana \u2013 Sicily is my love<br \/>\nOberfl\u00e4che: Hochglanz<br \/>\nDesign: 50\u2019s Style<br \/>\nSerie: Dolce &amp; Gabbana \u2013 Sicily is my love<br \/>\nKooperationen: Smeg und Dolce &amp; Gabbana<br \/>\nFarbe der Frontabdeckung (Narbe): Chrom<br \/>\nMaterial der Frontabdeckung (Narbe): Kunststoff<br \/>\nMaterial des Motorgeh\u00e4uses: Aluminium-Druckguss<br \/>\nFarbe des Standfu\u00dfes: Dekor\/Sonderfarbe<br \/>\nMaterial des Standfu\u00dfes: Aluminium-Druckguss<br \/>\nMaterial der R\u00fchrsch\u00fcssel: Edelstahl<\/p>\n<p>PROGRAMME \/ FUNKTIONEN<br \/>\nGeschwindigkeitsstufen: 10<br \/>\nSmooth-Start-Funktion: Ja<\/p>\n<p>BEDIENELEMENTE<br \/>\nArt der Bedienelemente: Aktivierungshebel mit Kugelgriff f\u00fcr Geschwindigkeitsstufen<br \/>\nMaterial des Aktivierungshebels mit Kugelgriff: Edelstahl<\/p>\n<p>TECHNISCHE EIGENSCHAFTEN<br \/>\nGetriebe: Planetenr\u00fchrwerk<br \/>\n10 variable Geschwindigkeitsstufen mit Smooth-Start-Funktion: Elektronisch<br \/>\nDirekt-Drive-Motor: rechtl\u00e4ufige Bewegung<br \/>\nMotorleistung: 800 W<br \/>\nSicherheitsabschaltung bei gekipptem Motorkopf: Ja<br \/>\n\u00dcberlastungsschutz des Motors: Ja<br \/>\nMotorkopf kippbar: \u00fcber Drucktaste<br \/>\nAufnahme f\u00fcr optionales Zubeh\u00f6r: im Frontbereich<br \/>\nMax. F\u00fcllmenge der R\u00fchrsch\u00fcssel: 4,8 L<br \/>\nR\u00fchrsch\u00fcssel mit Griff: Ja<br \/>\nRutschfeste Stellf\u00fc\u00dfe: Ja<br \/>\nFarbe des Netzkabels: Grau<\/p>\n<p>NUTZINHALT<br \/>\nMax. F\u00fcllmenge Eiwei\u00df\/mittelgro\u00dfe Eier: 12<br \/>\nMin. F\u00fcllmenge Eiwei\u00df\/mittelgro\u00dfe Eier: 3<br \/>\nMax. F\u00fcllmenge Feingeb\u00e4ck-Teig: 2,6 kg<br \/>\nMax. F\u00fcllmenge Kuchenteig: 2,8 kg<br \/>\nMax. F\u00fcllmenge Eier-Pastateig: 500 g Teig mit 5 mittelgro\u00dfen Eiern<br \/>\nMax. F\u00fcllmenge Brot-, Pizza- oder Pastateig: 1,3 kg<br \/>\nMax. F\u00fcllmenge Schlagsahne: 1 l<br \/>\nMin. F\u00fcllmenge Schlagsahne: 100 mI<\/p>\n<p>ELEKTRISCHER ANSCHLUSS<br \/>\nSpannung: 220-240 V<br \/>\nFrequenz: 50 Hz<br \/>\nL\u00e4nge des Netzkabels: 1 m<\/p>\n<p>Au\u00dferhalb Europas nicht verk\u00e4uflich<\/p>\n","protected":false},"excerpt":{"rendered":"<p>K\u00dcCHENMASCHINE \u201cSICILY IS MY LOVE\u201d Ein Fest aus Farben und Lebendigkeit: das Goldgelb von Zitronen, das feurige Rot der Kirschen, das intensive Blau des sizilianischen Himmels und das intensive Gr\u00fcn der Feigenkakteen. Kunstvoll inszeniert sind die leuchtenden Farben in den Dekoren der traditionellen Karrenmalerei, die diese au\u00dfergew\u00f6hnliche K\u00fcchenmaschine zieren. DIE \u201cSICILY IS MY LOVE\u201d KOLLEKTION [&hellip;]<\/p>\n","protected":false},"featured_media":6356237,"template":"","meta":{"_acf_changed":false},"product_cat":[12163,12196],"product_tag":[],"class_list":{"0":"post-51178","1":"product","2":"type-product","3":"status-publish","4":"has-post-thumbnail","6":"product_cat-kleine-elektrogeraete","7":"product_cat-knetmaschinen","9":"first","10":"outofstock","11":"sale","12":"taxable","13":"shipping-taxable","14":"purchasable","15":"product-type-simple","swatches":"rey-swatches","show_selected":"","stretch_labels":"rey-swatches--stretch-labels"},"acf":[],"yoast_head":"<!-- This site is optimized with the Yoast SEO plugin v25.4 - https:\/\/yoast.com\/wordpress\/plugins\/seo\/ -->\n<title>SMEG Dolce e Gabbana K\u00fcchenmaschine SMF03 - dev6 Erresse<\/title>\n<meta name=\"description\" content=\"K\u00dcCHENMASCHINE \u201cSICILY IS MY LOVE\u201d Ein Fest aus Farben und Lebendigkeit: das Goldgelb von Zitronen, das feurige Rot der Kirschen, das intensive Blau des\" \/>\n<meta name=\"robots\" content=\"noindex, follow, max-snippet:-1, max-image-preview:large, max-video-preview:-1\" \/>\n<meta property=\"og:locale\" content=\"de_DE\" \/>\n<meta property=\"og:type\" content=\"article\" \/>\n<meta property=\"og:title\" content=\"SMEG Dolce e Gabbana K\u00fcchenmaschine SMF03 - dev6 Erresse\" \/>\n<meta property=\"og:description\" content=\"K\u00dcCHENMASCHINE \u201cSICILY IS MY LOVE\u201d Ein Fest aus Farben und Lebendigkeit: das Goldgelb von Zitronen, das feurige Rot der Kirschen, das intensive Blau des\" \/>\n<meta property=\"og:url\" content=\"https:\/\/dev6.erresse-shop.it\/de\/shop\/kleine-elektrogeraete\/knetmaschinen\/smeg-dolce-e-gabbana-kuechenmaschine-smf03\/\" \/>\n<meta property=\"og:site_name\" content=\"dev6 Erresse\" \/>\n<meta property=\"og:image\" content=\"https:\/\/interpim.erresse-shop.it\/img-catalogo\/smeg\/smeg-dolce-e-gabbana-impastatrice-smf03.jpg\" \/><meta property=\"og:image\" content=\"https:\/\/interpim.erresse-shop.it\/img-catalogo\/smeg\/smeg-dolce-e-gabbana-impastatrice-smf03.jpg\" \/>\n\t<meta property=\"og:image:width\" content=\"1024\" \/>\n\t<meta property=\"og:image:height\" content=\"1024\" \/>\n\t<meta property=\"og:image:type\" content=\"image\/jpeg\" \/>\n<meta name=\"twitter:card\" content=\"summary_large_image\" \/>\n<meta name=\"twitter:image\" content=\"https:\/\/interpim.erresse-shop.it\/img-catalogo\/smeg\/smeg-dolce-e-gabbana-impastatrice-smf03.jpg\" \/>\n<script type=\"application\/ld+json\" class=\"yoast-schema-graph\">{\"@context\":\"https:\/\/schema.org\",\"@graph\":[{\"@type\":\"WebPage\",\"@id\":\"https:\/\/dev6.erresse-shop.it\/de\/shop\/kleine-elektrogeraete\/knetmaschinen\/smeg-dolce-e-gabbana-kuechenmaschine-smf03\/\",\"url\":\"https:\/\/dev6.erresse-shop.it\/de\/shop\/kleine-elektrogeraete\/knetmaschinen\/smeg-dolce-e-gabbana-kuechenmaschine-smf03\/\",\"name\":\"SMEG Dolce e Gabbana K\u00fcchenmaschine SMF03 - dev6 Erresse\",\"isPartOf\":{\"@id\":\"https:\/\/dev6.erresse-shop.it\/#website\"},\"primaryImageOfPage\":{\"@id\":\"https:\/\/dev6.erresse-shop.it\/de\/shop\/kleine-elektrogeraete\/knetmaschinen\/smeg-dolce-e-gabbana-kuechenmaschine-smf03\/#primaryimage\"},\"image\":{\"@id\":\"https:\/\/dev6.erresse-shop.it\/de\/shop\/kleine-elektrogeraete\/knetmaschinen\/smeg-dolce-e-gabbana-kuechenmaschine-smf03\/#primaryimage\"},\"thumbnailUrl\":\"https:\/\/i0.wp.com\/interpim.erresse-shop.it\/img-catalogo\/smeg\/smeg-dolce-e-gabbana-impastatrice-smf03.jpg?ssl=1\",\"datePublished\":\"2026-04-12T07:02:32+00:00\",\"description\":\"K\u00dcCHENMASCHINE \u201cSICILY IS MY LOVE\u201d Ein Fest aus Farben und Lebendigkeit: das Goldgelb von Zitronen, das feurige Rot der Kirschen, das intensive Blau des\",\"breadcrumb\":{\"@id\":\"https:\/\/dev6.erresse-shop.it\/de\/shop\/kleine-elektrogeraete\/knetmaschinen\/smeg-dolce-e-gabbana-kuechenmaschine-smf03\/#breadcrumb\"},\"inLanguage\":\"de\",\"potentialAction\":[{\"@type\":\"ReadAction\",\"target\":[\"https:\/\/dev6.erresse-shop.it\/de\/shop\/kleine-elektrogeraete\/knetmaschinen\/smeg-dolce-e-gabbana-kuechenmaschine-smf03\/\"]}]},{\"@type\":\"ImageObject\",\"inLanguage\":\"de\",\"@id\":\"https:\/\/dev6.erresse-shop.it\/de\/shop\/kleine-elektrogeraete\/knetmaschinen\/smeg-dolce-e-gabbana-kuechenmaschine-smf03\/#primaryimage\",\"url\":\"https:\/\/i0.wp.com\/interpim.erresse-shop.it\/img-catalogo\/smeg\/smeg-dolce-e-gabbana-impastatrice-smf03.jpg?ssl=1\",\"contentUrl\":\"https:\/\/i0.wp.com\/interpim.erresse-shop.it\/img-catalogo\/smeg\/smeg-dolce-e-gabbana-impastatrice-smf03.jpg?ssl=1\"},{\"@type\":\"BreadcrumbList\",\"@id\":\"https:\/\/dev6.erresse-shop.it\/de\/shop\/kleine-elektrogeraete\/knetmaschinen\/smeg-dolce-e-gabbana-kuechenmaschine-smf03\/#breadcrumb\",\"itemListElement\":[{\"@type\":\"ListItem\",\"position\":1,\"name\":\"Home\",\"item\":\"https:\/\/dev6.erresse-shop.it\/\"},{\"@type\":\"ListItem\",\"position\":2,\"name\":\"Shop\",\"item\":\"https:\/\/dev6.erresse-shop.it\/shop\/\"},{\"@type\":\"ListItem\",\"position\":3,\"name\":\"SMEG Dolce e Gabbana K\u00fcchenmaschine SMF03\"}]},{\"@type\":\"WebSite\",\"@id\":\"https:\/\/dev6.erresse-shop.it\/#website\",\"url\":\"https:\/\/dev6.erresse-shop.it\/\",\"name\":\"Erresse Shop\",\"description\":\"\",\"publisher\":{\"@id\":\"https:\/\/dev6.erresse-shop.it\/#organization\"},\"potentialAction\":[{\"@type\":\"SearchAction\",\"target\":{\"@type\":\"EntryPoint\",\"urlTemplate\":\"https:\/\/dev6.erresse-shop.it\/?s={search_term_string}\"},\"query-input\":{\"@type\":\"PropertyValueSpecification\",\"valueRequired\":true,\"valueName\":\"search_term_string\"}}],\"inLanguage\":\"de\"},{\"@type\":\"Organization\",\"@id\":\"https:\/\/dev6.erresse-shop.it\/#organization\",\"name\":\"Erresse Shop\",\"url\":\"https:\/\/dev6.erresse-shop.it\/\",\"logo\":{\"@type\":\"ImageObject\",\"inLanguage\":\"de\",\"@id\":\"https:\/\/dev6.erresse-shop.it\/#\/schema\/logo\/image\/\",\"url\":\"https:\/\/dev6.erresse-shop.it\/wp-content\/uploads\/2025\/01\/LOGO-ERRESSE-CLASSICO.svg\",\"contentUrl\":\"https:\/\/dev6.erresse-shop.it\/wp-content\/uploads\/2025\/01\/LOGO-ERRESSE-CLASSICO.svg\",\"caption\":\"Erresse Shop\"},\"image\":{\"@id\":\"https:\/\/dev6.erresse-shop.it\/#\/schema\/logo\/image\/\"}}]}<\/script>\n<!-- \/ Yoast SEO plugin. -->","yoast_head_json":{"title":"SMEG Dolce e Gabbana K\u00fcchenmaschine SMF03 - dev6 Erresse","description":"K\u00dcCHENMASCHINE \u201cSICILY IS MY LOVE\u201d Ein Fest aus Farben und Lebendigkeit: das Goldgelb von Zitronen, das feurige Rot der Kirschen, das intensive Blau des","robots":{"index":"noindex","follow":"follow","max-snippet":"max-snippet:-1","max-image-preview":"max-image-preview:large","max-video-preview":"max-video-preview:-1"},"og_locale":"de_DE","og_type":"article","og_title":"SMEG Dolce e Gabbana K\u00fcchenmaschine SMF03 - dev6 Erresse","og_description":"K\u00dcCHENMASCHINE \u201cSICILY IS MY LOVE\u201d Ein Fest aus Farben und Lebendigkeit: das Goldgelb von Zitronen, das feurige Rot der Kirschen, das intensive Blau des","og_url":"https:\/\/dev6.erresse-shop.it\/de\/shop\/kleine-elektrogeraete\/knetmaschinen\/smeg-dolce-e-gabbana-kuechenmaschine-smf03\/","og_site_name":"dev6 Erresse","og_image":[{"url":"https:\/\/interpim.erresse-shop.it\/img-catalogo\/smeg\/smeg-dolce-e-gabbana-impastatrice-smf03.jpg","type":"","width":"","height":""},{"url":"https:\/\/interpim.erresse-shop.it\/img-catalogo\/smeg\/smeg-dolce-e-gabbana-impastatrice-smf03.jpg","width":1024,"height":1024,"type":"image\/jpeg"}],"twitter_card":"summary_large_image","twitter_image":"https:\/\/interpim.erresse-shop.it\/img-catalogo\/smeg\/smeg-dolce-e-gabbana-impastatrice-smf03.jpg","schema":{"@context":"https:\/\/schema.org","@graph":[{"@type":"WebPage","@id":"https:\/\/dev6.erresse-shop.it\/de\/shop\/kleine-elektrogeraete\/knetmaschinen\/smeg-dolce-e-gabbana-kuechenmaschine-smf03\/","url":"https:\/\/dev6.erresse-shop.it\/de\/shop\/kleine-elektrogeraete\/knetmaschinen\/smeg-dolce-e-gabbana-kuechenmaschine-smf03\/","name":"SMEG Dolce e Gabbana K\u00fcchenmaschine SMF03 - dev6 Erresse","isPartOf":{"@id":"https:\/\/dev6.erresse-shop.it\/#website"},"primaryImageOfPage":{"@id":"https:\/\/dev6.erresse-shop.it\/de\/shop\/kleine-elektrogeraete\/knetmaschinen\/smeg-dolce-e-gabbana-kuechenmaschine-smf03\/#primaryimage"},"image":{"@id":"https:\/\/dev6.erresse-shop.it\/de\/shop\/kleine-elektrogeraete\/knetmaschinen\/smeg-dolce-e-gabbana-kuechenmaschine-smf03\/#primaryimage"},"thumbnailUrl":"https:\/\/i0.wp.com\/interpim.erresse-shop.it\/img-catalogo\/smeg\/smeg-dolce-e-gabbana-impastatrice-smf03.jpg?ssl=1","datePublished":"2026-04-12T07:02:32+00:00","description":"K\u00dcCHENMASCHINE \u201cSICILY IS MY LOVE\u201d Ein Fest aus Farben und Lebendigkeit: das Goldgelb von Zitronen, das feurige Rot der Kirschen, das intensive Blau des","breadcrumb":{"@id":"https:\/\/dev6.erresse-shop.it\/de\/shop\/kleine-elektrogeraete\/knetmaschinen\/smeg-dolce-e-gabbana-kuechenmaschine-smf03\/#breadcrumb"},"inLanguage":"de","potentialAction":[{"@type":"ReadAction","target":["https:\/\/dev6.erresse-shop.it\/de\/shop\/kleine-elektrogeraete\/knetmaschinen\/smeg-dolce-e-gabbana-kuechenmaschine-smf03\/"]}]},{"@type":"ImageObject","inLanguage":"de","@id":"https:\/\/dev6.erresse-shop.it\/de\/shop\/kleine-elektrogeraete\/knetmaschinen\/smeg-dolce-e-gabbana-kuechenmaschine-smf03\/#primaryimage","url":"https:\/\/i0.wp.com\/interpim.erresse-shop.it\/img-catalogo\/smeg\/smeg-dolce-e-gabbana-impastatrice-smf03.jpg?ssl=1","contentUrl":"https:\/\/i0.wp.com\/interpim.erresse-shop.it\/img-catalogo\/smeg\/smeg-dolce-e-gabbana-impastatrice-smf03.jpg?ssl=1"},{"@type":"BreadcrumbList","@id":"https:\/\/dev6.erresse-shop.it\/de\/shop\/kleine-elektrogeraete\/knetmaschinen\/smeg-dolce-e-gabbana-kuechenmaschine-smf03\/#breadcrumb","itemListElement":[{"@type":"ListItem","position":1,"name":"Home","item":"https:\/\/dev6.erresse-shop.it\/"},{"@type":"ListItem","position":2,"name":"Shop","item":"https:\/\/dev6.erresse-shop.it\/shop\/"},{"@type":"ListItem","position":3,"name":"SMEG Dolce e Gabbana K\u00fcchenmaschine SMF03"}]},{"@type":"WebSite","@id":"https:\/\/dev6.erresse-shop.it\/#website","url":"https:\/\/dev6.erresse-shop.it\/","name":"Erresse Shop","description":"","publisher":{"@id":"https:\/\/dev6.erresse-shop.it\/#organization"},"potentialAction":[{"@type":"SearchAction","target":{"@type":"EntryPoint","urlTemplate":"https:\/\/dev6.erresse-shop.it\/?s={search_term_string}"},"query-input":{"@type":"PropertyValueSpecification","valueRequired":true,"valueName":"search_term_string"}}],"inLanguage":"de"},{"@type":"Organization","@id":"https:\/\/dev6.erresse-shop.it\/#organization","name":"Erresse Shop","url":"https:\/\/dev6.erresse-shop.it\/","logo":{"@type":"ImageObject","inLanguage":"de","@id":"https:\/\/dev6.erresse-shop.it\/#\/schema\/logo\/image\/","url":"https:\/\/dev6.erresse-shop.it\/wp-content\/uploads\/2025\/01\/LOGO-ERRESSE-CLASSICO.svg","contentUrl":"https:\/\/dev6.erresse-shop.it\/wp-content\/uploads\/2025\/01\/LOGO-ERRESSE-CLASSICO.svg","caption":"Erresse Shop"},"image":{"@id":"https:\/\/dev6.erresse-shop.it\/#\/schema\/logo\/image\/"}}]}},"df_price":1199,"df_sale_price":1199,"df_regular_price":1299.9,"df_image_link":"https:\/\/i0.wp.com\/interpim.erresse-shop.it\/img-catalogo\/smeg\/smeg-dolce-e-gabbana-impastatrice-smf03.jpg?resize=300,300&ssl=1","fifu_image_url":"https:\/\/interpim.erresse-shop.it\/img-catalogo\/smeg\/smeg-dolce-e-gabbana-impastatrice-smf03.jpg","_links":{"self":[{"href":"https:\/\/dev6.erresse-shop.it\/de\/wp-json\/wp\/v2\/product\/51178","targetHints":{"allow":["GET"]}}],"collection":[{"href":"https:\/\/dev6.erresse-shop.it\/de\/wp-json\/wp\/v2\/product"}],"about":[{"href":"https:\/\/dev6.erresse-shop.it\/de\/wp-json\/wp\/v2\/types\/product"}],"wp:featuredmedia":[{"embeddable":true,"href":"https:\/\/dev6.erresse-shop.it\/de\/wp-json\/wp\/v2\/media\/6356237"}],"wp:attachment":[{"href":"https:\/\/dev6.erresse-shop.it\/de\/wp-json\/wp\/v2\/media?parent=51178"}],"wp:term":[{"taxonomy":"product_cat","embeddable":true,"href":"https:\/\/dev6.erresse-shop.it\/de\/wp-json\/wp\/v2\/product_cat?post=51178"},{"taxonomy":"product_tag","embeddable":true,"href":"https:\/\/dev6.erresse-shop.it\/de\/wp-json\/wp\/v2\/product_tag?post=51178"}],"curies":[{"name":"wp","href":"https:\/\/api.w.org\/{rel}","templated":true}]}}