{"id":51170,"date":"2026-04-12T09:02:32","date_gmt":"2026-04-12T07:02:32","guid":{"rendered":"https:\/\/dev6.erresse-shop.it\/shop\/unkategorisiert\/smeg-50s-style-kaffeevollautomat-weiss\/"},"modified":"2025-07-03T20:17:20","modified_gmt":"2025-07-03T18:17:20","slug":"smeg-50s-style-kaffeevollautomat-weiss","status":"publish","type":"product","link":"https:\/\/dev6.erresse-shop.it\/de\/shop\/kleine-elektrogeraete\/kaffeemaschinen-espresso\/automatisch\/smeg-50s-style-kaffeevollautomat-weiss\/","title":{"rendered":"SMEG 50&#8217;s Style Kaffeevollautomat Wei\u00df"},"content":{"rendered":"<p>EINFACH ZU BEDIENEN<br \/>\nF\u00fcllen Sie den Beh\u00e4lter einfach mit Ihren Lieblingskaffeebohnen und w\u00e4hlen Sie Ihr Getr\u00e4nk. Dank des intuitiven Bedienfelds und der One-Touch-Funktionen ist Ihr Kaffee in wenigen Sekunden fertig.<\/p>\n<p>GRO\u00dfE GETR\u00c4NKEAUSWAH<br \/>\nAus frisch gemahlenen Bohnen k\u00f6nnen Sie ganz nach Ihren W\u00fcnschen verschiedene Kaffeespezialit\u00e4ten herstellen: Schwarzer Kaffee, Espresso, Americano oder Ristretto und dank der Milchaufsch\u00e4umfunktion auch Cappuccino und Latte Macchiato.<\/p>\n<p>LEICHT ZU PFLEGEN<br \/>\nDank der herausnehmbaren Br\u00fcheinheit und des abnehmbaren Wassertanks l\u00e4sst sich die Maschine besonders leicht reinigen. Durch das stets frische Mahlen des Kaffees k\u00f6nnen Sie auf die Verwendung von Kapseln verzichten und vermeiden so jede Menge unn\u00f6tige Abf\u00e4lle.<\/p>\n<p>DESIGN<br \/>\nFarbe: Wei\u00df<br \/>\nOberfl\u00e4che: Matt<br \/>\nDesign: 50\u2019s Style<br \/>\nMaterial des Geh\u00e4uses: Kunststoff<br \/>\nMaterial des Ger\u00e4tefrontes: Aluminium<br \/>\nOberfl\u00e4che Ger\u00e4tefront: Geb\u00fcrstet mit glatt polierten Abschlu\u00dfkanten<br \/>\nMaterial des Tassentr\u00e4gers: Aluminum<br \/>\nOberfl\u00e4che des Tassentr\u00e4gers: Geb\u00fcrstet mit glatt polierten Abschlu\u00dfkanten<br \/>\nMaterial des Wassertanks: SAN<br \/>\nFarbe des Wassertanks: Transparent, get\u00f6nt<br \/>\nMaterial des Wassertankgriffs: Kunststoff<br \/>\nFarbe des Wassertankgriffs: Grau<br \/>\nMaterial des Kaffeeauslaufs: Kunststoff<br \/>\nMaterial des Milchaufsch\u00e4umers: Metall<\/p>\n<p>PROGRAMME \/ FUNKTIONEN<br \/>\nProgramme\/Funktionen des prim\u00e4ren Men\u00fcs: Wei\u00dfe Hinterleuchtung der Bedientaste<br \/>\nProgramme\/Funktionen des sekund\u00e4ren Men\u00fcs: Orange Hinterleuchtung der Bedientaste<br \/>\nRistretto (kleiner Espresso): Ja<br \/>\nEspresso: Ja<br \/>\nKaffee: Ja<br \/>\nHei\u00dfwasserfunktion f\u00fcr Tee und Hei\u00dfgetr\u00e4nke: Ja<br \/>\nLeichter Ristretto (kleiner Espresso): Ja<br \/>\nLeichter Espresso: Ja<br \/>\nGro\u00dfer Kaffee: Ja<br \/>\nDampf: Ja<br \/>\nEinstellbarer Mahlgrad: Ja<br \/>\nIndividuell anpassbare Wassermenge pro Getr\u00e4nk: Ja<br \/>\nH\u00f6henverstellbarer Kaffeeauslauf: Ja<br \/>\nH\u00f6he Kaffeeauslauf: 90-135 mm (185 mm ohne Restwasserschale)<br \/>\nWasserh\u00e4rtegrad einstellbar: 3 Stufen<br \/>\nAutomatische Sp\u00fclfunktion: Ja<br \/>\nManuelle Reinigung des Kaffeeauslaufs: Ja<br \/>\nManuelle Reinigung des Milchaufsch\u00e4umers: Ja<br \/>\nAnzeige Entkalkung: Ja<br \/>\nAnzeige Entleerung des Kaffeesatzbeh\u00e4lters: Ja<br \/>\nAnzeige Bef\u00fcllung des Kaffeebohnenfaches: Ja<br \/>\nAnzeige Bef\u00fcllung des Wassertanks: Ja<br \/>\nAnzeige fehlende oder nicht korrekt eingesetzte Br\u00fchgruppe: Ja<br \/>\nSignalt\u00f6ne: Abschaltbar<br \/>\nBeleuchteter Kaffeeauslauf: Ja<br \/>\nAutomatische Abschaltung: Ja<\/p>\n<p>BEDIENELEMENTE<br \/>\nArt der Bedienelemente: Bedientasten<br \/>\nMaterial der Bedientasten: Kunststoff<br \/>\nFarbe der Bedientasten: Wei\u00df<br \/>\nAnzahl der Bedientasten: 4<br \/>\nPrim\u00e4r-\/Sekund\u00e4rmen\u00fc Taste: 1<br \/>\nEIN\/AUS Taste: Ja<\/p>\n<p>TECHNISCHE EIGENSCHAFTEN<br \/>\nHeizsystem: Thermoblock<br \/>\nPumpendruck: 19 bar<br \/>\nHerausnehmbare Br\u00fcheinheit: Ja<br \/>\nFassungsverm\u00f6gen Kaffeebohnenfach: 150 g<br \/>\nFassungsverm\u00f6gen Kaffeesatzbeh\u00e4lter (Anzahl der Kaffes\u00e4tze): 8<br \/>\nHerausnehmbarer Wassertank: Ja<br \/>\nFassungsverm\u00f6gen Wassertank: 1.4 l<br \/>\nRestwasserschale mit F\u00fcllstandsanzeige, herausnehmbar: Ja<br \/>\nHei\u00dfwasser-\/Dampfd\u00fcse schwenkbar: Ja<\/p>\n<p>ELEKTRISCHER ANSCHLUSS<br \/>\nSpannung: 220-240 V<br \/>\nFrequenz: 50\/60 Hz<br \/>\nL\u00e4nge des Netzkabels: 1 m<\/p>\n<p>Nicht zum Verkauf au\u00dferhalb Europas<\/p>\n","protected":false},"excerpt":{"rendered":"<p>EINFACH ZU BEDIENEN F\u00fcllen Sie den Beh\u00e4lter einfach mit Ihren Lieblingskaffeebohnen und w\u00e4hlen Sie Ihr Getr\u00e4nk. Dank des intuitiven Bedienfelds und der One-Touch-Funktionen ist Ihr Kaffee in wenigen Sekunden fertig. GRO\u00dfE GETR\u00c4NKEAUSWAH Aus frisch gemahlenen Bohnen k\u00f6nnen Sie ganz nach Ihren W\u00fcnschen verschiedene Kaffeespezialit\u00e4ten herstellen: Schwarzer Kaffee, Espresso, Americano oder Ristretto und dank der Milchaufsch\u00e4umfunktion [&hellip;]<\/p>\n","protected":false},"featured_media":6356180,"template":"","meta":{"_acf_changed":false},"product_cat":[12184,12171,12163],"product_tag":[],"class_list":{"0":"post-51170","1":"product","2":"type-product","3":"status-publish","4":"has-post-thumbnail","6":"product_cat-automatisch","7":"product_cat-kaffeemaschinen-espresso","8":"product_cat-kleine-elektrogeraete","10":"first","11":"outofstock","12":"sale","13":"taxable","14":"shipping-taxable","15":"purchasable","16":"product-type-simple","swatches":"rey-swatches","show_selected":"","stretch_labels":"rey-swatches--stretch-labels"},"acf":[],"yoast_head":"<!-- This site is optimized with the Yoast SEO plugin v25.4 - https:\/\/yoast.com\/wordpress\/plugins\/seo\/ -->\n<title>SMEG 50&#8217;s Style Kaffeevollautomat Wei\u00df - dev6 Erresse<\/title>\n<meta name=\"description\" content=\"EINFACH ZU BEDIENEN F\u00fcllen Sie den Beh\u00e4lter einfach mit Ihren Lieblingskaffeebohnen und w\u00e4hlen Sie Ihr Getr\u00e4nk. Dank des intuitiven Bedienfelds und der\" \/>\n<meta name=\"robots\" content=\"noindex, follow, max-snippet:-1, max-image-preview:large, max-video-preview:-1\" \/>\n<meta property=\"og:locale\" content=\"de_DE\" \/>\n<meta property=\"og:type\" content=\"article\" \/>\n<meta property=\"og:title\" content=\"SMEG 50&#8217;s Style Kaffeevollautomat Wei\u00df - dev6 Erresse\" \/>\n<meta property=\"og:description\" content=\"EINFACH ZU BEDIENEN F\u00fcllen Sie den Beh\u00e4lter einfach mit Ihren Lieblingskaffeebohnen und w\u00e4hlen Sie Ihr Getr\u00e4nk. Dank des intuitiven Bedienfelds und der\" \/>\n<meta property=\"og:url\" content=\"https:\/\/dev6.erresse-shop.it\/de\/shop\/kleine-elektrogeraete\/kaffeemaschinen-espresso\/automatisch\/smeg-50s-style-kaffeevollautomat-weiss\/\" \/>\n<meta property=\"og:site_name\" content=\"dev6 Erresse\" \/>\n<meta property=\"og:image\" content=\"https:\/\/interpim.erresse-shop.it\/wp-content\/uploads\/2022\/07\/SMEG-Estetica-Anni-50-Macchina-da-Caffe-Automatica-Bianco.jpg\/smeg-estetica-anni-50-macchina-da-caffe-automatica-bianco.jpg\" \/><meta property=\"og:image\" content=\"https:\/\/interpim.erresse-shop.it\/wp-content\/uploads\/2022\/07\/SMEG-Estetica-Anni-50-Macchina-da-Caffe-Automatica-Bianco.jpg\/smeg-estetica-anni-50-macchina-da-caffe-automatica-bianco.jpg\" \/>\n\t<meta property=\"og:image:width\" content=\"1024\" \/>\n\t<meta property=\"og:image:height\" content=\"1024\" \/>\n\t<meta property=\"og:image:type\" content=\"image\/jpeg\" \/>\n<meta name=\"twitter:card\" content=\"summary_large_image\" \/>\n<meta name=\"twitter:image\" content=\"https:\/\/interpim.erresse-shop.it\/wp-content\/uploads\/2022\/07\/SMEG-Estetica-Anni-50-Macchina-da-Caffe-Automatica-Bianco.jpg\/smeg-estetica-anni-50-macchina-da-caffe-automatica-bianco.jpg\" \/>\n<script type=\"application\/ld+json\" class=\"yoast-schema-graph\">{\"@context\":\"https:\/\/schema.org\",\"@graph\":[{\"@type\":\"WebPage\",\"@id\":\"https:\/\/dev6.erresse-shop.it\/de\/shop\/kleine-elektrogeraete\/kaffeemaschinen-espresso\/automatisch\/smeg-50s-style-kaffeevollautomat-weiss\/\",\"url\":\"https:\/\/dev6.erresse-shop.it\/de\/shop\/kleine-elektrogeraete\/kaffeemaschinen-espresso\/automatisch\/smeg-50s-style-kaffeevollautomat-weiss\/\",\"name\":\"SMEG 50&#8217;s Style Kaffeevollautomat Wei\u00df - dev6 Erresse\",\"isPartOf\":{\"@id\":\"https:\/\/dev6.erresse-shop.it\/#website\"},\"primaryImageOfPage\":{\"@id\":\"https:\/\/dev6.erresse-shop.it\/de\/shop\/kleine-elektrogeraete\/kaffeemaschinen-espresso\/automatisch\/smeg-50s-style-kaffeevollautomat-weiss\/#primaryimage\"},\"image\":{\"@id\":\"https:\/\/dev6.erresse-shop.it\/de\/shop\/kleine-elektrogeraete\/kaffeemaschinen-espresso\/automatisch\/smeg-50s-style-kaffeevollautomat-weiss\/#primaryimage\"},\"thumbnailUrl\":\"https:\/\/i3.wp.com\/interpim.erresse-shop.it\/wp-content\/uploads\/2022\/07\/SMEG-Estetica-Anni-50-Macchina-da-Caffe-Automatica-Bianco.jpg\/smeg-estetica-anni-50-macchina-da-caffe-automatica-bianco.jpg?ssl=1\",\"datePublished\":\"2026-04-12T07:02:32+00:00\",\"description\":\"EINFACH ZU BEDIENEN F\u00fcllen Sie den Beh\u00e4lter einfach mit Ihren Lieblingskaffeebohnen und w\u00e4hlen Sie Ihr Getr\u00e4nk. Dank des intuitiven Bedienfelds und der\",\"breadcrumb\":{\"@id\":\"https:\/\/dev6.erresse-shop.it\/de\/shop\/kleine-elektrogeraete\/kaffeemaschinen-espresso\/automatisch\/smeg-50s-style-kaffeevollautomat-weiss\/#breadcrumb\"},\"inLanguage\":\"de\",\"potentialAction\":[{\"@type\":\"ReadAction\",\"target\":[\"https:\/\/dev6.erresse-shop.it\/de\/shop\/kleine-elektrogeraete\/kaffeemaschinen-espresso\/automatisch\/smeg-50s-style-kaffeevollautomat-weiss\/\"]}]},{\"@type\":\"ImageObject\",\"inLanguage\":\"de\",\"@id\":\"https:\/\/dev6.erresse-shop.it\/de\/shop\/kleine-elektrogeraete\/kaffeemaschinen-espresso\/automatisch\/smeg-50s-style-kaffeevollautomat-weiss\/#primaryimage\",\"url\":\"https:\/\/i3.wp.com\/interpim.erresse-shop.it\/wp-content\/uploads\/2022\/07\/SMEG-Estetica-Anni-50-Macchina-da-Caffe-Automatica-Bianco.jpg\/smeg-estetica-anni-50-macchina-da-caffe-automatica-bianco.jpg?ssl=1\",\"contentUrl\":\"https:\/\/i3.wp.com\/interpim.erresse-shop.it\/wp-content\/uploads\/2022\/07\/SMEG-Estetica-Anni-50-Macchina-da-Caffe-Automatica-Bianco.jpg\/smeg-estetica-anni-50-macchina-da-caffe-automatica-bianco.jpg?ssl=1\"},{\"@type\":\"BreadcrumbList\",\"@id\":\"https:\/\/dev6.erresse-shop.it\/de\/shop\/kleine-elektrogeraete\/kaffeemaschinen-espresso\/automatisch\/smeg-50s-style-kaffeevollautomat-weiss\/#breadcrumb\",\"itemListElement\":[{\"@type\":\"ListItem\",\"position\":1,\"name\":\"Home\",\"item\":\"https:\/\/dev6.erresse-shop.it\/\"},{\"@type\":\"ListItem\",\"position\":2,\"name\":\"Shop\",\"item\":\"https:\/\/dev6.erresse-shop.it\/shop\/\"},{\"@type\":\"ListItem\",\"position\":3,\"name\":\"SMEG 50&#8217;s Style Kaffeevollautomat Wei\u00df\"}]},{\"@type\":\"WebSite\",\"@id\":\"https:\/\/dev6.erresse-shop.it\/#website\",\"url\":\"https:\/\/dev6.erresse-shop.it\/\",\"name\":\"Erresse Shop\",\"description\":\"\",\"publisher\":{\"@id\":\"https:\/\/dev6.erresse-shop.it\/#organization\"},\"potentialAction\":[{\"@type\":\"SearchAction\",\"target\":{\"@type\":\"EntryPoint\",\"urlTemplate\":\"https:\/\/dev6.erresse-shop.it\/?s={search_term_string}\"},\"query-input\":{\"@type\":\"PropertyValueSpecification\",\"valueRequired\":true,\"valueName\":\"search_term_string\"}}],\"inLanguage\":\"de\"},{\"@type\":\"Organization\",\"@id\":\"https:\/\/dev6.erresse-shop.it\/#organization\",\"name\":\"Erresse Shop\",\"url\":\"https:\/\/dev6.erresse-shop.it\/\",\"logo\":{\"@type\":\"ImageObject\",\"inLanguage\":\"de\",\"@id\":\"https:\/\/dev6.erresse-shop.it\/#\/schema\/logo\/image\/\",\"url\":\"https:\/\/dev6.erresse-shop.it\/wp-content\/uploads\/2025\/01\/LOGO-ERRESSE-CLASSICO.svg\",\"contentUrl\":\"https:\/\/dev6.erresse-shop.it\/wp-content\/uploads\/2025\/01\/LOGO-ERRESSE-CLASSICO.svg\",\"caption\":\"Erresse Shop\"},\"image\":{\"@id\":\"https:\/\/dev6.erresse-shop.it\/#\/schema\/logo\/image\/\"}}]}<\/script>\n<!-- \/ Yoast SEO plugin. -->","yoast_head_json":{"title":"SMEG 50&#8217;s Style Kaffeevollautomat Wei\u00df - dev6 Erresse","description":"EINFACH ZU BEDIENEN F\u00fcllen Sie den Beh\u00e4lter einfach mit Ihren Lieblingskaffeebohnen und w\u00e4hlen Sie Ihr Getr\u00e4nk. Dank des intuitiven Bedienfelds und der","robots":{"index":"noindex","follow":"follow","max-snippet":"max-snippet:-1","max-image-preview":"max-image-preview:large","max-video-preview":"max-video-preview:-1"},"og_locale":"de_DE","og_type":"article","og_title":"SMEG 50&#8217;s Style Kaffeevollautomat Wei\u00df - dev6 Erresse","og_description":"EINFACH ZU BEDIENEN F\u00fcllen Sie den Beh\u00e4lter einfach mit Ihren Lieblingskaffeebohnen und w\u00e4hlen Sie Ihr Getr\u00e4nk. Dank des intuitiven Bedienfelds und der","og_url":"https:\/\/dev6.erresse-shop.it\/de\/shop\/kleine-elektrogeraete\/kaffeemaschinen-espresso\/automatisch\/smeg-50s-style-kaffeevollautomat-weiss\/","og_site_name":"dev6 Erresse","og_image":[{"url":"https:\/\/interpim.erresse-shop.it\/wp-content\/uploads\/2022\/07\/SMEG-Estetica-Anni-50-Macchina-da-Caffe-Automatica-Bianco.jpg\/smeg-estetica-anni-50-macchina-da-caffe-automatica-bianco.jpg","type":"","width":"","height":""},{"url":"https:\/\/interpim.erresse-shop.it\/wp-content\/uploads\/2022\/07\/SMEG-Estetica-Anni-50-Macchina-da-Caffe-Automatica-Bianco.jpg\/smeg-estetica-anni-50-macchina-da-caffe-automatica-bianco.jpg","width":1024,"height":1024,"type":"image\/jpeg"}],"twitter_card":"summary_large_image","twitter_image":"https:\/\/interpim.erresse-shop.it\/wp-content\/uploads\/2022\/07\/SMEG-Estetica-Anni-50-Macchina-da-Caffe-Automatica-Bianco.jpg\/smeg-estetica-anni-50-macchina-da-caffe-automatica-bianco.jpg","schema":{"@context":"https:\/\/schema.org","@graph":[{"@type":"WebPage","@id":"https:\/\/dev6.erresse-shop.it\/de\/shop\/kleine-elektrogeraete\/kaffeemaschinen-espresso\/automatisch\/smeg-50s-style-kaffeevollautomat-weiss\/","url":"https:\/\/dev6.erresse-shop.it\/de\/shop\/kleine-elektrogeraete\/kaffeemaschinen-espresso\/automatisch\/smeg-50s-style-kaffeevollautomat-weiss\/","name":"SMEG 50&#8217;s Style Kaffeevollautomat Wei\u00df - dev6 Erresse","isPartOf":{"@id":"https:\/\/dev6.erresse-shop.it\/#website"},"primaryImageOfPage":{"@id":"https:\/\/dev6.erresse-shop.it\/de\/shop\/kleine-elektrogeraete\/kaffeemaschinen-espresso\/automatisch\/smeg-50s-style-kaffeevollautomat-weiss\/#primaryimage"},"image":{"@id":"https:\/\/dev6.erresse-shop.it\/de\/shop\/kleine-elektrogeraete\/kaffeemaschinen-espresso\/automatisch\/smeg-50s-style-kaffeevollautomat-weiss\/#primaryimage"},"thumbnailUrl":"https:\/\/i3.wp.com\/interpim.erresse-shop.it\/wp-content\/uploads\/2022\/07\/SMEG-Estetica-Anni-50-Macchina-da-Caffe-Automatica-Bianco.jpg\/smeg-estetica-anni-50-macchina-da-caffe-automatica-bianco.jpg?ssl=1","datePublished":"2026-04-12T07:02:32+00:00","description":"EINFACH ZU BEDIENEN F\u00fcllen Sie den Beh\u00e4lter einfach mit Ihren Lieblingskaffeebohnen und w\u00e4hlen Sie Ihr Getr\u00e4nk. Dank des intuitiven Bedienfelds und der","breadcrumb":{"@id":"https:\/\/dev6.erresse-shop.it\/de\/shop\/kleine-elektrogeraete\/kaffeemaschinen-espresso\/automatisch\/smeg-50s-style-kaffeevollautomat-weiss\/#breadcrumb"},"inLanguage":"de","potentialAction":[{"@type":"ReadAction","target":["https:\/\/dev6.erresse-shop.it\/de\/shop\/kleine-elektrogeraete\/kaffeemaschinen-espresso\/automatisch\/smeg-50s-style-kaffeevollautomat-weiss\/"]}]},{"@type":"ImageObject","inLanguage":"de","@id":"https:\/\/dev6.erresse-shop.it\/de\/shop\/kleine-elektrogeraete\/kaffeemaschinen-espresso\/automatisch\/smeg-50s-style-kaffeevollautomat-weiss\/#primaryimage","url":"https:\/\/i3.wp.com\/interpim.erresse-shop.it\/wp-content\/uploads\/2022\/07\/SMEG-Estetica-Anni-50-Macchina-da-Caffe-Automatica-Bianco.jpg\/smeg-estetica-anni-50-macchina-da-caffe-automatica-bianco.jpg?ssl=1","contentUrl":"https:\/\/i3.wp.com\/interpim.erresse-shop.it\/wp-content\/uploads\/2022\/07\/SMEG-Estetica-Anni-50-Macchina-da-Caffe-Automatica-Bianco.jpg\/smeg-estetica-anni-50-macchina-da-caffe-automatica-bianco.jpg?ssl=1"},{"@type":"BreadcrumbList","@id":"https:\/\/dev6.erresse-shop.it\/de\/shop\/kleine-elektrogeraete\/kaffeemaschinen-espresso\/automatisch\/smeg-50s-style-kaffeevollautomat-weiss\/#breadcrumb","itemListElement":[{"@type":"ListItem","position":1,"name":"Home","item":"https:\/\/dev6.erresse-shop.it\/"},{"@type":"ListItem","position":2,"name":"Shop","item":"https:\/\/dev6.erresse-shop.it\/shop\/"},{"@type":"ListItem","position":3,"name":"SMEG 50&#8217;s Style Kaffeevollautomat Wei\u00df"}]},{"@type":"WebSite","@id":"https:\/\/dev6.erresse-shop.it\/#website","url":"https:\/\/dev6.erresse-shop.it\/","name":"Erresse Shop","description":"","publisher":{"@id":"https:\/\/dev6.erresse-shop.it\/#organization"},"potentialAction":[{"@type":"SearchAction","target":{"@type":"EntryPoint","urlTemplate":"https:\/\/dev6.erresse-shop.it\/?s={search_term_string}"},"query-input":{"@type":"PropertyValueSpecification","valueRequired":true,"valueName":"search_term_string"}}],"inLanguage":"de"},{"@type":"Organization","@id":"https:\/\/dev6.erresse-shop.it\/#organization","name":"Erresse Shop","url":"https:\/\/dev6.erresse-shop.it\/","logo":{"@type":"ImageObject","inLanguage":"de","@id":"https:\/\/dev6.erresse-shop.it\/#\/schema\/logo\/image\/","url":"https:\/\/dev6.erresse-shop.it\/wp-content\/uploads\/2025\/01\/LOGO-ERRESSE-CLASSICO.svg","contentUrl":"https:\/\/dev6.erresse-shop.it\/wp-content\/uploads\/2025\/01\/LOGO-ERRESSE-CLASSICO.svg","caption":"Erresse Shop"},"image":{"@id":"https:\/\/dev6.erresse-shop.it\/#\/schema\/logo\/image\/"}}]}},"df_price":649,"df_sale_price":649,"df_regular_price":719,"df_image_link":"https:\/\/i3.wp.com\/interpim.erresse-shop.it\/wp-content\/uploads\/2022\/07\/SMEG-Estetica-Anni-50-Macchina-da-Caffe-Automatica-Bianco.jpg\/smeg-estetica-anni-50-macchina-da-caffe-automatica-bianco.jpg?resize=300,300&ssl=1","fifu_image_url":"https:\/\/interpim.erresse-shop.it\/wp-content\/uploads\/2022\/07\/SMEG-Estetica-Anni-50-Macchina-da-Caffe-Automatica-Bianco.jpg\/smeg-estetica-anni-50-macchina-da-caffe-automatica-bianco.jpg","_links":{"self":[{"href":"https:\/\/dev6.erresse-shop.it\/de\/wp-json\/wp\/v2\/product\/51170","targetHints":{"allow":["GET"]}}],"collection":[{"href":"https:\/\/dev6.erresse-shop.it\/de\/wp-json\/wp\/v2\/product"}],"about":[{"href":"https:\/\/dev6.erresse-shop.it\/de\/wp-json\/wp\/v2\/types\/product"}],"wp:featuredmedia":[{"embeddable":true,"href":"https:\/\/dev6.erresse-shop.it\/de\/wp-json\/wp\/v2\/media\/6356180"}],"wp:attachment":[{"href":"https:\/\/dev6.erresse-shop.it\/de\/wp-json\/wp\/v2\/media?parent=51170"}],"wp:term":[{"taxonomy":"product_cat","embeddable":true,"href":"https:\/\/dev6.erresse-shop.it\/de\/wp-json\/wp\/v2\/product_cat?post=51170"},{"taxonomy":"product_tag","embeddable":true,"href":"https:\/\/dev6.erresse-shop.it\/de\/wp-json\/wp\/v2\/product_tag?post=51170"}],"curies":[{"name":"wp","href":"https:\/\/api.w.org\/{rel}","templated":true}]}}