{"id":51158,"date":"2026-04-03T09:48:03","date_gmt":"2026-04-03T07:48:03","guid":{"rendered":"https:\/\/dev6.erresse-shop.it\/shop\/unkategorisiert\/smeg-50s-style-wasserkocher-mattweiss\/"},"modified":"2025-07-03T20:17:01","modified_gmt":"2025-07-03T18:17:01","slug":"smeg-50s-style-wasserkocher-mattweiss","status":"publish","type":"product","link":"https:\/\/dev6.erresse-shop.it\/de\/shop\/kleine-elektrogeraete\/elektrische-wasserkocher\/smeg-50s-style-wasserkocher-mattweiss\/","title":{"rendered":"SMEG 50&#8217;s Style Wasserkocher Mattwei\u00df"},"content":{"rendered":"<p>SMEG Serie 50 Jahre<\/p>\n<p>Ein symbolisches Treffen, Symbole, die den Raum, den sie einnehmen, die neue kleine Linie von 50 Jahren drehen, die in Zusammenarbeit mit Matthew Bazzicalupo und Raffaella Mangiarotti von deepdesign, die Vergangenheit evozieren und die Orte, an jedem Tag zu gestalten, auf eine neue Weise zu investieren, was bereits existiert oder existiert hat, wie es in der Kunst und Ged\u00e4chtnis geschieht.<br \/>\nProduziert von abgerundeten und kompakten Formen, sind die Protagonisten der K\u00fcche, f\u00fcr diejenigen, die eine Erfahrung Koch leben wollen aber nicht nur. F\u00fcr diejenigen, die sich mit Objekten mit einer starken \u00e4sthetischen Charakter zu umgeben, wie ohne den Blick f\u00fcr die qualitativ hochwertige Leistung zu verlieren.<\/p>\n<p>\u00c4sthetik<br \/>\nK\u00f6rper aus lackiertem Edelstahl<br \/>\n3D logo<br \/>\npolierte Chromunter\u00a0<br \/>\nBet\u00e4tigungshebel Knopf Edelstahl-Schleife<br \/>\nAusgie\u00dfer Edelstahl<br \/>\nGriff chrom<\/p>\n<p>Technische Eigenschaften<br \/>\nKrug Kapazit\u00e4t 1,7 Lt \/ 7 Tassen<br \/>\nAbdeckung offen mit \u201cSoft-Opening\u201d System<br \/>\nZweisprachige Anzeige Wasserstand Lt \/ Cups<br \/>\nKalkfilter aus Edelstahl, abnehmbar<br \/>\nAutomatische Abschaltung bei 100 \u00b0 C<br \/>\nautomatische Abschaltung in Abwesenheit von Wasser<br \/>\nBasis mit 360 \u00b0 Anschluss<br \/>\nverborgene Kraft<br \/>\nIntegrierte Kabelaufbewahrung\u00a0<br \/>\nAnti-Rutsch-F\u00fc\u00dfe<br \/>\nLeistung 2400 W<\/p>\n<p>Allgemeine Spezifikation<br \/>\nAbmessungen HxBxT 248x226x171 mm<br \/>\nNettogewicht 1,6 kg<br \/>\nKabell\u00e4nge 1 m<\/p>\n<p>Elektronische Spezifikationen<br \/>\nSpannung 220-240 V<br \/>\nFrequenz 50\/60 Hz<br \/>\nSchuko-Stecker<\/p>\n<p>Not for sale outside from Europe<\/p>\n","protected":false},"excerpt":{"rendered":"<p>SMEG Serie 50 Jahre Ein symbolisches Treffen, Symbole, die den Raum, den sie einnehmen, die neue kleine Linie von 50 Jahren drehen, die in Zusammenarbeit mit Matthew Bazzicalupo und Raffaella Mangiarotti von deepdesign, die Vergangenheit evozieren und die Orte, an jedem Tag zu gestalten, auf eine neue Weise zu investieren, was bereits existiert oder existiert [&hellip;]<\/p>\n","protected":false},"featured_media":6231163,"template":"","meta":{"_acf_changed":false},"product_cat":[12166,12163],"product_tag":[],"class_list":{"0":"post-51158","1":"product","2":"type-product","3":"status-publish","4":"has-post-thumbnail","6":"product_cat-elektrische-wasserkocher","7":"product_cat-kleine-elektrogeraete","9":"first","10":"outofstock","11":"sale","12":"taxable","13":"shipping-taxable","14":"purchasable","15":"product-type-simple","swatches":"rey-swatches","show_selected":"","stretch_labels":"rey-swatches--stretch-labels"},"acf":[],"yoast_head":"<!-- This site is optimized with the Yoast SEO plugin v25.4 - https:\/\/yoast.com\/wordpress\/plugins\/seo\/ -->\n<title>SMEG 50&#8217;s Style Wasserkocher Mattwei\u00df - dev6 Erresse<\/title>\n<meta name=\"description\" content=\"SMEG Serie 50 Jahre Ein symbolisches Treffen, Symbole, die den Raum, den sie einnehmen, die neue kleine Linie von 50 Jahren drehen, die in Zusammenarbeit\" \/>\n<meta name=\"robots\" content=\"noindex, follow, max-snippet:-1, max-image-preview:large, max-video-preview:-1\" \/>\n<meta property=\"og:locale\" content=\"de_DE\" \/>\n<meta property=\"og:type\" content=\"article\" \/>\n<meta property=\"og:title\" content=\"SMEG 50&#8217;s Style Wasserkocher Mattwei\u00df - dev6 Erresse\" \/>\n<meta property=\"og:description\" content=\"SMEG Serie 50 Jahre Ein symbolisches Treffen, Symbole, die den Raum, den sie einnehmen, die neue kleine Linie von 50 Jahren drehen, die in Zusammenarbeit\" \/>\n<meta property=\"og:url\" content=\"https:\/\/dev6.erresse-shop.it\/de\/shop\/kleine-elektrogeraete\/elektrische-wasserkocher\/smeg-50s-style-wasserkocher-mattweiss\/\" \/>\n<meta property=\"og:site_name\" content=\"dev6 Erresse\" \/>\n<meta property=\"og:image\" content=\"https:\/\/interpim.erresse-shop.it\/wp-content\/uploads\/2022\/07\/SMEG-Estetica-Anni-50-Bollitore-Bianco-Opaco.jpg\/smeg-estetica-anni-50-bollitore-bianco-opaco.jpg\" \/><meta property=\"og:image\" content=\"https:\/\/interpim.erresse-shop.it\/wp-content\/uploads\/2022\/07\/SMEG-Estetica-Anni-50-Bollitore-Bianco-Opaco.jpg\/smeg-estetica-anni-50-bollitore-bianco-opaco.jpg\" \/>\n\t<meta property=\"og:image:width\" content=\"1024\" \/>\n\t<meta property=\"og:image:height\" content=\"1024\" \/>\n\t<meta property=\"og:image:type\" content=\"image\/jpeg\" \/>\n<meta name=\"twitter:card\" content=\"summary_large_image\" \/>\n<meta name=\"twitter:image\" content=\"https:\/\/interpim.erresse-shop.it\/wp-content\/uploads\/2022\/07\/SMEG-Estetica-Anni-50-Bollitore-Bianco-Opaco.jpg\/smeg-estetica-anni-50-bollitore-bianco-opaco.jpg\" \/>\n<script type=\"application\/ld+json\" class=\"yoast-schema-graph\">{\"@context\":\"https:\/\/schema.org\",\"@graph\":[{\"@type\":\"WebPage\",\"@id\":\"https:\/\/dev6.erresse-shop.it\/de\/shop\/kleine-elektrogeraete\/elektrische-wasserkocher\/smeg-50s-style-wasserkocher-mattweiss\/\",\"url\":\"https:\/\/dev6.erresse-shop.it\/de\/shop\/kleine-elektrogeraete\/elektrische-wasserkocher\/smeg-50s-style-wasserkocher-mattweiss\/\",\"name\":\"SMEG 50&#8217;s Style Wasserkocher Mattwei\u00df - dev6 Erresse\",\"isPartOf\":{\"@id\":\"https:\/\/dev6.erresse-shop.it\/#website\"},\"primaryImageOfPage\":{\"@id\":\"https:\/\/dev6.erresse-shop.it\/de\/shop\/kleine-elektrogeraete\/elektrische-wasserkocher\/smeg-50s-style-wasserkocher-mattweiss\/#primaryimage\"},\"image\":{\"@id\":\"https:\/\/dev6.erresse-shop.it\/de\/shop\/kleine-elektrogeraete\/elektrische-wasserkocher\/smeg-50s-style-wasserkocher-mattweiss\/#primaryimage\"},\"thumbnailUrl\":\"https:\/\/i1.wp.com\/interpim.erresse-shop.it\/wp-content\/uploads\/2022\/07\/SMEG-Estetica-Anni-50-Bollitore-Bianco-Opaco.jpg\/smeg-estetica-anni-50-bollitore-bianco-opaco.jpg?ssl=1\",\"datePublished\":\"2026-04-03T07:48:03+00:00\",\"description\":\"SMEG Serie 50 Jahre Ein symbolisches Treffen, Symbole, die den Raum, den sie einnehmen, die neue kleine Linie von 50 Jahren drehen, die in Zusammenarbeit\",\"breadcrumb\":{\"@id\":\"https:\/\/dev6.erresse-shop.it\/de\/shop\/kleine-elektrogeraete\/elektrische-wasserkocher\/smeg-50s-style-wasserkocher-mattweiss\/#breadcrumb\"},\"inLanguage\":\"de\",\"potentialAction\":[{\"@type\":\"ReadAction\",\"target\":[\"https:\/\/dev6.erresse-shop.it\/de\/shop\/kleine-elektrogeraete\/elektrische-wasserkocher\/smeg-50s-style-wasserkocher-mattweiss\/\"]}]},{\"@type\":\"ImageObject\",\"inLanguage\":\"de\",\"@id\":\"https:\/\/dev6.erresse-shop.it\/de\/shop\/kleine-elektrogeraete\/elektrische-wasserkocher\/smeg-50s-style-wasserkocher-mattweiss\/#primaryimage\",\"url\":\"https:\/\/i1.wp.com\/interpim.erresse-shop.it\/wp-content\/uploads\/2022\/07\/SMEG-Estetica-Anni-50-Bollitore-Bianco-Opaco.jpg\/smeg-estetica-anni-50-bollitore-bianco-opaco.jpg?ssl=1\",\"contentUrl\":\"https:\/\/i1.wp.com\/interpim.erresse-shop.it\/wp-content\/uploads\/2022\/07\/SMEG-Estetica-Anni-50-Bollitore-Bianco-Opaco.jpg\/smeg-estetica-anni-50-bollitore-bianco-opaco.jpg?ssl=1\"},{\"@type\":\"BreadcrumbList\",\"@id\":\"https:\/\/dev6.erresse-shop.it\/de\/shop\/kleine-elektrogeraete\/elektrische-wasserkocher\/smeg-50s-style-wasserkocher-mattweiss\/#breadcrumb\",\"itemListElement\":[{\"@type\":\"ListItem\",\"position\":1,\"name\":\"Home\",\"item\":\"https:\/\/dev6.erresse-shop.it\/\"},{\"@type\":\"ListItem\",\"position\":2,\"name\":\"Shop\",\"item\":\"https:\/\/dev6.erresse-shop.it\/shop\/\"},{\"@type\":\"ListItem\",\"position\":3,\"name\":\"SMEG 50&#8217;s Style Wasserkocher Mattwei\u00df\"}]},{\"@type\":\"WebSite\",\"@id\":\"https:\/\/dev6.erresse-shop.it\/#website\",\"url\":\"https:\/\/dev6.erresse-shop.it\/\",\"name\":\"Erresse Shop\",\"description\":\"\",\"publisher\":{\"@id\":\"https:\/\/dev6.erresse-shop.it\/#organization\"},\"potentialAction\":[{\"@type\":\"SearchAction\",\"target\":{\"@type\":\"EntryPoint\",\"urlTemplate\":\"https:\/\/dev6.erresse-shop.it\/?s={search_term_string}\"},\"query-input\":{\"@type\":\"PropertyValueSpecification\",\"valueRequired\":true,\"valueName\":\"search_term_string\"}}],\"inLanguage\":\"de\"},{\"@type\":\"Organization\",\"@id\":\"https:\/\/dev6.erresse-shop.it\/#organization\",\"name\":\"Erresse Shop\",\"url\":\"https:\/\/dev6.erresse-shop.it\/\",\"logo\":{\"@type\":\"ImageObject\",\"inLanguage\":\"de\",\"@id\":\"https:\/\/dev6.erresse-shop.it\/#\/schema\/logo\/image\/\",\"url\":\"https:\/\/dev6.erresse-shop.it\/wp-content\/uploads\/2025\/01\/LOGO-ERRESSE-CLASSICO.svg\",\"contentUrl\":\"https:\/\/dev6.erresse-shop.it\/wp-content\/uploads\/2025\/01\/LOGO-ERRESSE-CLASSICO.svg\",\"caption\":\"Erresse Shop\"},\"image\":{\"@id\":\"https:\/\/dev6.erresse-shop.it\/#\/schema\/logo\/image\/\"}}]}<\/script>\n<!-- \/ Yoast SEO plugin. -->","yoast_head_json":{"title":"SMEG 50&#8217;s Style Wasserkocher Mattwei\u00df - dev6 Erresse","description":"SMEG Serie 50 Jahre Ein symbolisches Treffen, Symbole, die den Raum, den sie einnehmen, die neue kleine Linie von 50 Jahren drehen, die in Zusammenarbeit","robots":{"index":"noindex","follow":"follow","max-snippet":"max-snippet:-1","max-image-preview":"max-image-preview:large","max-video-preview":"max-video-preview:-1"},"og_locale":"de_DE","og_type":"article","og_title":"SMEG 50&#8217;s Style Wasserkocher Mattwei\u00df - dev6 Erresse","og_description":"SMEG Serie 50 Jahre Ein symbolisches Treffen, Symbole, die den Raum, den sie einnehmen, die neue kleine Linie von 50 Jahren drehen, die in Zusammenarbeit","og_url":"https:\/\/dev6.erresse-shop.it\/de\/shop\/kleine-elektrogeraete\/elektrische-wasserkocher\/smeg-50s-style-wasserkocher-mattweiss\/","og_site_name":"dev6 Erresse","og_image":[{"url":"https:\/\/interpim.erresse-shop.it\/wp-content\/uploads\/2022\/07\/SMEG-Estetica-Anni-50-Bollitore-Bianco-Opaco.jpg\/smeg-estetica-anni-50-bollitore-bianco-opaco.jpg","type":"","width":"","height":""},{"url":"https:\/\/interpim.erresse-shop.it\/wp-content\/uploads\/2022\/07\/SMEG-Estetica-Anni-50-Bollitore-Bianco-Opaco.jpg\/smeg-estetica-anni-50-bollitore-bianco-opaco.jpg","width":1024,"height":1024,"type":"image\/jpeg"}],"twitter_card":"summary_large_image","twitter_image":"https:\/\/interpim.erresse-shop.it\/wp-content\/uploads\/2022\/07\/SMEG-Estetica-Anni-50-Bollitore-Bianco-Opaco.jpg\/smeg-estetica-anni-50-bollitore-bianco-opaco.jpg","schema":{"@context":"https:\/\/schema.org","@graph":[{"@type":"WebPage","@id":"https:\/\/dev6.erresse-shop.it\/de\/shop\/kleine-elektrogeraete\/elektrische-wasserkocher\/smeg-50s-style-wasserkocher-mattweiss\/","url":"https:\/\/dev6.erresse-shop.it\/de\/shop\/kleine-elektrogeraete\/elektrische-wasserkocher\/smeg-50s-style-wasserkocher-mattweiss\/","name":"SMEG 50&#8217;s Style Wasserkocher Mattwei\u00df - dev6 Erresse","isPartOf":{"@id":"https:\/\/dev6.erresse-shop.it\/#website"},"primaryImageOfPage":{"@id":"https:\/\/dev6.erresse-shop.it\/de\/shop\/kleine-elektrogeraete\/elektrische-wasserkocher\/smeg-50s-style-wasserkocher-mattweiss\/#primaryimage"},"image":{"@id":"https:\/\/dev6.erresse-shop.it\/de\/shop\/kleine-elektrogeraete\/elektrische-wasserkocher\/smeg-50s-style-wasserkocher-mattweiss\/#primaryimage"},"thumbnailUrl":"https:\/\/i1.wp.com\/interpim.erresse-shop.it\/wp-content\/uploads\/2022\/07\/SMEG-Estetica-Anni-50-Bollitore-Bianco-Opaco.jpg\/smeg-estetica-anni-50-bollitore-bianco-opaco.jpg?ssl=1","datePublished":"2026-04-03T07:48:03+00:00","description":"SMEG Serie 50 Jahre Ein symbolisches Treffen, Symbole, die den Raum, den sie einnehmen, die neue kleine Linie von 50 Jahren drehen, die in Zusammenarbeit","breadcrumb":{"@id":"https:\/\/dev6.erresse-shop.it\/de\/shop\/kleine-elektrogeraete\/elektrische-wasserkocher\/smeg-50s-style-wasserkocher-mattweiss\/#breadcrumb"},"inLanguage":"de","potentialAction":[{"@type":"ReadAction","target":["https:\/\/dev6.erresse-shop.it\/de\/shop\/kleine-elektrogeraete\/elektrische-wasserkocher\/smeg-50s-style-wasserkocher-mattweiss\/"]}]},{"@type":"ImageObject","inLanguage":"de","@id":"https:\/\/dev6.erresse-shop.it\/de\/shop\/kleine-elektrogeraete\/elektrische-wasserkocher\/smeg-50s-style-wasserkocher-mattweiss\/#primaryimage","url":"https:\/\/i1.wp.com\/interpim.erresse-shop.it\/wp-content\/uploads\/2022\/07\/SMEG-Estetica-Anni-50-Bollitore-Bianco-Opaco.jpg\/smeg-estetica-anni-50-bollitore-bianco-opaco.jpg?ssl=1","contentUrl":"https:\/\/i1.wp.com\/interpim.erresse-shop.it\/wp-content\/uploads\/2022\/07\/SMEG-Estetica-Anni-50-Bollitore-Bianco-Opaco.jpg\/smeg-estetica-anni-50-bollitore-bianco-opaco.jpg?ssl=1"},{"@type":"BreadcrumbList","@id":"https:\/\/dev6.erresse-shop.it\/de\/shop\/kleine-elektrogeraete\/elektrische-wasserkocher\/smeg-50s-style-wasserkocher-mattweiss\/#breadcrumb","itemListElement":[{"@type":"ListItem","position":1,"name":"Home","item":"https:\/\/dev6.erresse-shop.it\/"},{"@type":"ListItem","position":2,"name":"Shop","item":"https:\/\/dev6.erresse-shop.it\/shop\/"},{"@type":"ListItem","position":3,"name":"SMEG 50&#8217;s Style Wasserkocher Mattwei\u00df"}]},{"@type":"WebSite","@id":"https:\/\/dev6.erresse-shop.it\/#website","url":"https:\/\/dev6.erresse-shop.it\/","name":"Erresse Shop","description":"","publisher":{"@id":"https:\/\/dev6.erresse-shop.it\/#organization"},"potentialAction":[{"@type":"SearchAction","target":{"@type":"EntryPoint","urlTemplate":"https:\/\/dev6.erresse-shop.it\/?s={search_term_string}"},"query-input":{"@type":"PropertyValueSpecification","valueRequired":true,"valueName":"search_term_string"}}],"inLanguage":"de"},{"@type":"Organization","@id":"https:\/\/dev6.erresse-shop.it\/#organization","name":"Erresse Shop","url":"https:\/\/dev6.erresse-shop.it\/","logo":{"@type":"ImageObject","inLanguage":"de","@id":"https:\/\/dev6.erresse-shop.it\/#\/schema\/logo\/image\/","url":"https:\/\/dev6.erresse-shop.it\/wp-content\/uploads\/2025\/01\/LOGO-ERRESSE-CLASSICO.svg","contentUrl":"https:\/\/dev6.erresse-shop.it\/wp-content\/uploads\/2025\/01\/LOGO-ERRESSE-CLASSICO.svg","caption":"Erresse Shop"},"image":{"@id":"https:\/\/dev6.erresse-shop.it\/#\/schema\/logo\/image\/"}}]}},"df_price":189,"df_sale_price":189,"df_regular_price":199,"df_image_link":"https:\/\/i1.wp.com\/interpim.erresse-shop.it\/wp-content\/uploads\/2022\/07\/SMEG-Estetica-Anni-50-Bollitore-Bianco-Opaco.jpg\/smeg-estetica-anni-50-bollitore-bianco-opaco.jpg?resize=300,300&ssl=1","fifu_image_url":"https:\/\/interpim.erresse-shop.it\/wp-content\/uploads\/2022\/07\/SMEG-Estetica-Anni-50-Bollitore-Bianco-Opaco.jpg\/smeg-estetica-anni-50-bollitore-bianco-opaco.jpg","_links":{"self":[{"href":"https:\/\/dev6.erresse-shop.it\/de\/wp-json\/wp\/v2\/product\/51158","targetHints":{"allow":["GET"]}}],"collection":[{"href":"https:\/\/dev6.erresse-shop.it\/de\/wp-json\/wp\/v2\/product"}],"about":[{"href":"https:\/\/dev6.erresse-shop.it\/de\/wp-json\/wp\/v2\/types\/product"}],"wp:featuredmedia":[{"embeddable":true,"href":"https:\/\/dev6.erresse-shop.it\/de\/wp-json\/wp\/v2\/media\/6231163"}],"wp:attachment":[{"href":"https:\/\/dev6.erresse-shop.it\/de\/wp-json\/wp\/v2\/media?parent=51158"}],"wp:term":[{"taxonomy":"product_cat","embeddable":true,"href":"https:\/\/dev6.erresse-shop.it\/de\/wp-json\/wp\/v2\/product_cat?post=51158"},{"taxonomy":"product_tag","embeddable":true,"href":"https:\/\/dev6.erresse-shop.it\/de\/wp-json\/wp\/v2\/product_tag?post=51158"}],"curies":[{"name":"wp","href":"https:\/\/api.w.org\/{rel}","templated":true}]}}