{"id":51112,"date":"2026-04-12T09:00:11","date_gmt":"2026-04-12T07:00:11","guid":{"rendered":"https:\/\/dev6.erresse-shop.it\/shop\/unkategorisiert\/le-creuset-la-marmite-schwarz-24cm\/"},"modified":"2025-09-14T00:52:55","modified_gmt":"2025-09-13T22:52:55","slug":"le-creuset-la-marmite-schwarz-24cm","status":"publish","type":"product","link":"https:\/\/dev6.erresse-shop.it\/de\/shop\/toepfe-pfannen\/schalldaempfer-und-kokotten\/le-creuset-la-marmite-schwarz-24cm\/","title":{"rendered":"LE CREUSET La Marmite Schwarz 24cm"},"content":{"rendered":"<p>EIN FAMILIENSCHATZ F\u00dcR DIE ZUKUNFT<\/p>\n<p>Unser verglastes Gusseisen-Kochgeschirr wird von einer Generation an die n\u00e4chste weitergegeben, genau wie Omas Rezepte. Dieses praktische, elegante und extrem widerstandsf\u00e4hige Kochgeschirr wird jahrelang von Hand zu Hand weitergereicht. Dank der abgerundeten W\u00e4nde wird das Umr\u00fchren zum Vergn\u00fcgen und Sie k\u00f6nnen alles kochen, ohne verschiedene T\u00f6pfe zu verwenden. Fondue bourguignonne? Fischsuppe? Darauf k\u00f6nnen Sie sich verlassen.<\/p>\n<p>Unser hitzebest\u00e4ndiger Knopf (bis zu 260 \u00b0C) ist so konzipiert, dass er auch dann noch gut in der Hand liegt, wenn der Deckel mit einem Topflappen angehoben wird.<br \/>\nSchnelle Reinigung: Eine d\u00fcnne, keramische Innenschicht erleichtert die Reinigung.<br \/>\nTolle Griffe: Dank unserer gro\u00dfen Griffe k\u00f6nnen Sie sich auch mit<br \/>\nOfenhandschuhen leicht von der Herdplatte zum Tisch bewegen.<br \/>\nVielseitigkeit: Dieses Produkt ist f\u00fcr Backofen, Herd und Grill geeignet.<br \/>\nHervorragender Geschmack: Das verglaste Gusseisen speichert die Hitze f\u00fcr gleichm\u00e4\u00dfiges Garen und Br\u00e4unen. So bleiben Ihre k\u00f6stlichen Kreationen am Tisch l\u00e4nger hei\u00df.<br \/>\nBewahrt die Saftigkeit: Unser Deckel h\u00e4lt den Dampf, der beim Garen der Speisen entsteht, zur\u00fcck und verst\u00e4rkt die Aromen f\u00fcr au\u00dfergew\u00f6hnliche Garergebnisse.<br \/>\nEinfach zu halten: Die eleganten und bequemen Griffe erm\u00f6glichen es Ihnen, das Produkt sicher anzuheben.<br \/>\nLeichtg\u00e4ngige Bewegungen: Die einzigartigen gew\u00f6lbten Seiten erm\u00f6glichen ein einfaches und effizientes Wenden der Speisen.<br \/>\nNicht zu hei\u00df: Kochen Sie bei gleichbleibend niedriger bis mittlerer Hitze, um Ihr Produkt aus verglastem Gusseisen zu schonen und k\u00f6stliche<br \/>\nErgebnisse zu erzielen.<br \/>\nVerbessert sich mit der Zeit: Die verglaste Innenseite entwickelt eine nat\u00fcrliche Patina, die fast wie eine Antihaftbeschichtung wirkt. Seine Oberfl\u00e4che hat Eigenschaften, die das Anhaften von Lebensmitteln auch bei geringen Mengen \u00d6l verhindern. Waschen Sie das Produkt nur mit Wasser, damit sich die Patina entwickeln kann.<br \/>\nUnsere Produkte werden aus den besten Materialien in Fabriken auf der ganzen Welt hergestellt, um die Qualit\u00e4t zu garantieren, die Sie von Le Creuset erwarten.<br \/>\nMaterial: verglastes Gusseisen<br \/>\nHergestellt in: Frankreich<br \/>\nGarantie: lebenslang<\/p>\n<p>W\u00e4rmequelle:<\/p>\n<p>Backofen<br \/>\nGrillmodus im Backofen<br \/>\nKochfeld elektrisch<br \/>\nKeramisches Glas<br \/>\nGas-Kochfeld<br \/>\nInduktionskochfeld<\/p>\n<p>Reinigung und Pflege:<\/p>\n<p>Warten Sie, bis das Produkt abgek\u00fchlt ist, bevor Sie es reinigen.<br \/>\nReinigen Sie den Boden und die Seiten des Produkts von eventuellen<br \/>\nR\u00fcckst\u00e4nden. Wenn Lebensmittel daran haften, f\u00fcllen Sie das Produkt mit warmer Seifenlauge und lassen Sie es 15-20 Minuten einweichen, bevor Sie es wie gewohnt waschen.<br \/>\nVerwenden Sie keine scheuernden Reinigungsmittel oder scheuernde oder sehr steife Metallschw\u00e4mme oder B\u00fcrsten f\u00fcr die Oberfl\u00e4chen.<br \/>\nNach dem Waschen gut abtrocknen und an einem trockenen Ort aufbewahren.<\/p>\n","protected":false},"excerpt":{"rendered":"<p>EIN FAMILIENSCHATZ F\u00dcR DIE ZUKUNFT Unser verglastes Gusseisen-Kochgeschirr wird von einer Generation an die n\u00e4chste weitergegeben, genau wie Omas Rezepte. Dieses praktische, elegante und extrem widerstandsf\u00e4hige Kochgeschirr wird jahrelang von Hand zu Hand weitergereicht. Dank der abgerundeten W\u00e4nde wird das Umr\u00fchren zum Vergn\u00fcgen und Sie k\u00f6nnen alles kochen, ohne verschiedene T\u00f6pfe zu verwenden. Fondue bourguignonne? [&hellip;]<\/p>\n","protected":false},"featured_media":6355908,"template":"","meta":{"_acf_changed":false},"product_cat":[11667,12108,12099],"product_tag":[],"class_list":{"0":"post-51112","1":"product","2":"type-product","3":"status-publish","4":"has-post-thumbnail","6":"product_cat-padelle-pentole","7":"product_cat-schalldaempfer-und-kokotten","8":"product_cat-toepfe-pfannen","10":"first","11":"outofstock","12":"sale","13":"taxable","14":"shipping-taxable","15":"purchasable","16":"product-type-simple","swatches":"rey-swatches","show_selected":"","stretch_labels":"rey-swatches--stretch-labels"},"acf":[],"yoast_head":"<!-- This site is optimized with the Yoast SEO plugin v25.4 - https:\/\/yoast.com\/wordpress\/plugins\/seo\/ -->\n<title>LE CREUSET La Marmite Schwarz 24cm - dev6 Erresse<\/title>\n<meta name=\"description\" content=\"EIN FAMILIENSCHATZ F\u00dcR DIE ZUKUNFT Unser verglastes Gusseisen-Kochgeschirr wird von einer Generation an die n\u00e4chste weitergegeben, genau wie Omas Rezepte.\" \/>\n<meta name=\"robots\" content=\"noindex, follow, max-snippet:-1, max-image-preview:large, max-video-preview:-1\" \/>\n<meta property=\"og:locale\" content=\"de_DE\" \/>\n<meta property=\"og:type\" content=\"article\" \/>\n<meta property=\"og:title\" content=\"LE CREUSET La Marmite Schwarz 24cm - dev6 Erresse\" \/>\n<meta property=\"og:description\" content=\"EIN FAMILIENSCHATZ F\u00dcR DIE ZUKUNFT Unser verglastes Gusseisen-Kochgeschirr wird von einer Generation an die n\u00e4chste weitergegeben, genau wie Omas Rezepte.\" \/>\n<meta property=\"og:url\" content=\"https:\/\/dev6.erresse-shop.it\/de\/shop\/toepfe-pfannen\/schalldaempfer-und-kokotten\/le-creuset-la-marmite-schwarz-24cm\/\" \/>\n<meta property=\"og:site_name\" content=\"dev6 Erresse\" \/>\n<meta property=\"og:image\" content=\"https:\/\/interpim.erresse-shop.it\/Import\/Prodotti\/le-creuset-marmitta-24-cm-nero.png\" \/><meta property=\"og:image\" content=\"https:\/\/interpim.erresse-shop.it\/Import\/Prodotti\/le-creuset-marmitta-24-cm-nero.png\" \/>\n\t<meta property=\"og:image:width\" content=\"1024\" \/>\n\t<meta property=\"og:image:height\" content=\"1024\" \/>\n\t<meta property=\"og:image:type\" content=\"image\/jpeg\" \/>\n<meta name=\"twitter:card\" content=\"summary_large_image\" \/>\n<meta name=\"twitter:image\" content=\"https:\/\/interpim.erresse-shop.it\/Import\/Prodotti\/le-creuset-marmitta-24-cm-nero.png\" \/>\n<script type=\"application\/ld+json\" class=\"yoast-schema-graph\">{\"@context\":\"https:\/\/schema.org\",\"@graph\":[{\"@type\":\"WebPage\",\"@id\":\"https:\/\/dev6.erresse-shop.it\/de\/shop\/toepfe-pfannen\/schalldaempfer-und-kokotten\/le-creuset-la-marmite-schwarz-24cm\/\",\"url\":\"https:\/\/dev6.erresse-shop.it\/de\/shop\/toepfe-pfannen\/schalldaempfer-und-kokotten\/le-creuset-la-marmite-schwarz-24cm\/\",\"name\":\"LE CREUSET La Marmite Schwarz 24cm - dev6 Erresse\",\"isPartOf\":{\"@id\":\"https:\/\/dev6.erresse-shop.it\/#website\"},\"primaryImageOfPage\":{\"@id\":\"https:\/\/dev6.erresse-shop.it\/de\/shop\/toepfe-pfannen\/schalldaempfer-und-kokotten\/le-creuset-la-marmite-schwarz-24cm\/#primaryimage\"},\"image\":{\"@id\":\"https:\/\/dev6.erresse-shop.it\/de\/shop\/toepfe-pfannen\/schalldaempfer-und-kokotten\/le-creuset-la-marmite-schwarz-24cm\/#primaryimage\"},\"thumbnailUrl\":\"https:\/\/i2.wp.com\/interpim.erresse-shop.it\/Import\/Prodotti\/le-creuset-marmitta-24-cm-nero.png?ssl=1\",\"datePublished\":\"2026-04-12T07:00:11+00:00\",\"description\":\"EIN FAMILIENSCHATZ F\u00dcR DIE ZUKUNFT Unser verglastes Gusseisen-Kochgeschirr wird von einer Generation an die n\u00e4chste weitergegeben, genau wie Omas Rezepte.\",\"breadcrumb\":{\"@id\":\"https:\/\/dev6.erresse-shop.it\/de\/shop\/toepfe-pfannen\/schalldaempfer-und-kokotten\/le-creuset-la-marmite-schwarz-24cm\/#breadcrumb\"},\"inLanguage\":\"de\",\"potentialAction\":[{\"@type\":\"ReadAction\",\"target\":[\"https:\/\/dev6.erresse-shop.it\/de\/shop\/toepfe-pfannen\/schalldaempfer-und-kokotten\/le-creuset-la-marmite-schwarz-24cm\/\"]}]},{\"@type\":\"ImageObject\",\"inLanguage\":\"de\",\"@id\":\"https:\/\/dev6.erresse-shop.it\/de\/shop\/toepfe-pfannen\/schalldaempfer-und-kokotten\/le-creuset-la-marmite-schwarz-24cm\/#primaryimage\",\"url\":\"https:\/\/i2.wp.com\/interpim.erresse-shop.it\/Import\/Prodotti\/le-creuset-marmitta-24-cm-nero.png?ssl=1\",\"contentUrl\":\"https:\/\/i2.wp.com\/interpim.erresse-shop.it\/Import\/Prodotti\/le-creuset-marmitta-24-cm-nero.png?ssl=1\"},{\"@type\":\"BreadcrumbList\",\"@id\":\"https:\/\/dev6.erresse-shop.it\/de\/shop\/toepfe-pfannen\/schalldaempfer-und-kokotten\/le-creuset-la-marmite-schwarz-24cm\/#breadcrumb\",\"itemListElement\":[{\"@type\":\"ListItem\",\"position\":1,\"name\":\"Home\",\"item\":\"https:\/\/dev6.erresse-shop.it\/\"},{\"@type\":\"ListItem\",\"position\":2,\"name\":\"Shop\",\"item\":\"https:\/\/dev6.erresse-shop.it\/shop\/\"},{\"@type\":\"ListItem\",\"position\":3,\"name\":\"LE CREUSET La Marmite Schwarz 24cm\"}]},{\"@type\":\"WebSite\",\"@id\":\"https:\/\/dev6.erresse-shop.it\/#website\",\"url\":\"https:\/\/dev6.erresse-shop.it\/\",\"name\":\"Erresse Shop\",\"description\":\"\",\"publisher\":{\"@id\":\"https:\/\/dev6.erresse-shop.it\/#organization\"},\"potentialAction\":[{\"@type\":\"SearchAction\",\"target\":{\"@type\":\"EntryPoint\",\"urlTemplate\":\"https:\/\/dev6.erresse-shop.it\/?s={search_term_string}\"},\"query-input\":{\"@type\":\"PropertyValueSpecification\",\"valueRequired\":true,\"valueName\":\"search_term_string\"}}],\"inLanguage\":\"de\"},{\"@type\":\"Organization\",\"@id\":\"https:\/\/dev6.erresse-shop.it\/#organization\",\"name\":\"Erresse Shop\",\"url\":\"https:\/\/dev6.erresse-shop.it\/\",\"logo\":{\"@type\":\"ImageObject\",\"inLanguage\":\"de\",\"@id\":\"https:\/\/dev6.erresse-shop.it\/#\/schema\/logo\/image\/\",\"url\":\"https:\/\/dev6.erresse-shop.it\/wp-content\/uploads\/2025\/01\/LOGO-ERRESSE-CLASSICO.svg\",\"contentUrl\":\"https:\/\/dev6.erresse-shop.it\/wp-content\/uploads\/2025\/01\/LOGO-ERRESSE-CLASSICO.svg\",\"caption\":\"Erresse Shop\"},\"image\":{\"@id\":\"https:\/\/dev6.erresse-shop.it\/#\/schema\/logo\/image\/\"}}]}<\/script>\n<!-- \/ Yoast SEO plugin. -->","yoast_head_json":{"title":"LE CREUSET La Marmite Schwarz 24cm - dev6 Erresse","description":"EIN FAMILIENSCHATZ F\u00dcR DIE ZUKUNFT Unser verglastes Gusseisen-Kochgeschirr wird von einer Generation an die n\u00e4chste weitergegeben, genau wie Omas Rezepte.","robots":{"index":"noindex","follow":"follow","max-snippet":"max-snippet:-1","max-image-preview":"max-image-preview:large","max-video-preview":"max-video-preview:-1"},"og_locale":"de_DE","og_type":"article","og_title":"LE CREUSET La Marmite Schwarz 24cm - dev6 Erresse","og_description":"EIN FAMILIENSCHATZ F\u00dcR DIE ZUKUNFT Unser verglastes Gusseisen-Kochgeschirr wird von einer Generation an die n\u00e4chste weitergegeben, genau wie Omas Rezepte.","og_url":"https:\/\/dev6.erresse-shop.it\/de\/shop\/toepfe-pfannen\/schalldaempfer-und-kokotten\/le-creuset-la-marmite-schwarz-24cm\/","og_site_name":"dev6 Erresse","og_image":[{"url":"https:\/\/interpim.erresse-shop.it\/Import\/Prodotti\/le-creuset-marmitta-24-cm-nero.png","type":"","width":"","height":""},{"url":"https:\/\/interpim.erresse-shop.it\/Import\/Prodotti\/le-creuset-marmitta-24-cm-nero.png","width":1024,"height":1024,"type":"image\/jpeg"}],"twitter_card":"summary_large_image","twitter_image":"https:\/\/interpim.erresse-shop.it\/Import\/Prodotti\/le-creuset-marmitta-24-cm-nero.png","schema":{"@context":"https:\/\/schema.org","@graph":[{"@type":"WebPage","@id":"https:\/\/dev6.erresse-shop.it\/de\/shop\/toepfe-pfannen\/schalldaempfer-und-kokotten\/le-creuset-la-marmite-schwarz-24cm\/","url":"https:\/\/dev6.erresse-shop.it\/de\/shop\/toepfe-pfannen\/schalldaempfer-und-kokotten\/le-creuset-la-marmite-schwarz-24cm\/","name":"LE CREUSET La Marmite Schwarz 24cm - dev6 Erresse","isPartOf":{"@id":"https:\/\/dev6.erresse-shop.it\/#website"},"primaryImageOfPage":{"@id":"https:\/\/dev6.erresse-shop.it\/de\/shop\/toepfe-pfannen\/schalldaempfer-und-kokotten\/le-creuset-la-marmite-schwarz-24cm\/#primaryimage"},"image":{"@id":"https:\/\/dev6.erresse-shop.it\/de\/shop\/toepfe-pfannen\/schalldaempfer-und-kokotten\/le-creuset-la-marmite-schwarz-24cm\/#primaryimage"},"thumbnailUrl":"https:\/\/i2.wp.com\/interpim.erresse-shop.it\/Import\/Prodotti\/le-creuset-marmitta-24-cm-nero.png?ssl=1","datePublished":"2026-04-12T07:00:11+00:00","description":"EIN FAMILIENSCHATZ F\u00dcR DIE ZUKUNFT Unser verglastes Gusseisen-Kochgeschirr wird von einer Generation an die n\u00e4chste weitergegeben, genau wie Omas Rezepte.","breadcrumb":{"@id":"https:\/\/dev6.erresse-shop.it\/de\/shop\/toepfe-pfannen\/schalldaempfer-und-kokotten\/le-creuset-la-marmite-schwarz-24cm\/#breadcrumb"},"inLanguage":"de","potentialAction":[{"@type":"ReadAction","target":["https:\/\/dev6.erresse-shop.it\/de\/shop\/toepfe-pfannen\/schalldaempfer-und-kokotten\/le-creuset-la-marmite-schwarz-24cm\/"]}]},{"@type":"ImageObject","inLanguage":"de","@id":"https:\/\/dev6.erresse-shop.it\/de\/shop\/toepfe-pfannen\/schalldaempfer-und-kokotten\/le-creuset-la-marmite-schwarz-24cm\/#primaryimage","url":"https:\/\/i2.wp.com\/interpim.erresse-shop.it\/Import\/Prodotti\/le-creuset-marmitta-24-cm-nero.png?ssl=1","contentUrl":"https:\/\/i2.wp.com\/interpim.erresse-shop.it\/Import\/Prodotti\/le-creuset-marmitta-24-cm-nero.png?ssl=1"},{"@type":"BreadcrumbList","@id":"https:\/\/dev6.erresse-shop.it\/de\/shop\/toepfe-pfannen\/schalldaempfer-und-kokotten\/le-creuset-la-marmite-schwarz-24cm\/#breadcrumb","itemListElement":[{"@type":"ListItem","position":1,"name":"Home","item":"https:\/\/dev6.erresse-shop.it\/"},{"@type":"ListItem","position":2,"name":"Shop","item":"https:\/\/dev6.erresse-shop.it\/shop\/"},{"@type":"ListItem","position":3,"name":"LE CREUSET La Marmite Schwarz 24cm"}]},{"@type":"WebSite","@id":"https:\/\/dev6.erresse-shop.it\/#website","url":"https:\/\/dev6.erresse-shop.it\/","name":"Erresse Shop","description":"","publisher":{"@id":"https:\/\/dev6.erresse-shop.it\/#organization"},"potentialAction":[{"@type":"SearchAction","target":{"@type":"EntryPoint","urlTemplate":"https:\/\/dev6.erresse-shop.it\/?s={search_term_string}"},"query-input":{"@type":"PropertyValueSpecification","valueRequired":true,"valueName":"search_term_string"}}],"inLanguage":"de"},{"@type":"Organization","@id":"https:\/\/dev6.erresse-shop.it\/#organization","name":"Erresse Shop","url":"https:\/\/dev6.erresse-shop.it\/","logo":{"@type":"ImageObject","inLanguage":"de","@id":"https:\/\/dev6.erresse-shop.it\/#\/schema\/logo\/image\/","url":"https:\/\/dev6.erresse-shop.it\/wp-content\/uploads\/2025\/01\/LOGO-ERRESSE-CLASSICO.svg","contentUrl":"https:\/\/dev6.erresse-shop.it\/wp-content\/uploads\/2025\/01\/LOGO-ERRESSE-CLASSICO.svg","caption":"Erresse Shop"},"image":{"@id":"https:\/\/dev6.erresse-shop.it\/#\/schema\/logo\/image\/"}}]}},"df_price":189.95,"df_sale_price":189.95,"df_regular_price":265,"df_image_link":"https:\/\/i2.wp.com\/interpim.erresse-shop.it\/Import\/Prodotti\/le-creuset-marmitta-24-cm-nero.png?resize=300,300&ssl=1","fifu_image_url":"https:\/\/interpim.erresse-shop.it\/Import\/Prodotti\/le-creuset-marmitta-24-cm-nero.png","_links":{"self":[{"href":"https:\/\/dev6.erresse-shop.it\/de\/wp-json\/wp\/v2\/product\/51112","targetHints":{"allow":["GET"]}}],"collection":[{"href":"https:\/\/dev6.erresse-shop.it\/de\/wp-json\/wp\/v2\/product"}],"about":[{"href":"https:\/\/dev6.erresse-shop.it\/de\/wp-json\/wp\/v2\/types\/product"}],"wp:featuredmedia":[{"embeddable":true,"href":"https:\/\/dev6.erresse-shop.it\/de\/wp-json\/wp\/v2\/media\/6355908"}],"wp:attachment":[{"href":"https:\/\/dev6.erresse-shop.it\/de\/wp-json\/wp\/v2\/media?parent=51112"}],"wp:term":[{"taxonomy":"product_cat","embeddable":true,"href":"https:\/\/dev6.erresse-shop.it\/de\/wp-json\/wp\/v2\/product_cat?post=51112"},{"taxonomy":"product_tag","embeddable":true,"href":"https:\/\/dev6.erresse-shop.it\/de\/wp-json\/wp\/v2\/product_tag?post=51112"}],"curies":[{"name":"wp","href":"https:\/\/api.w.org\/{rel}","templated":true}]}}