{"id":51104,"date":"2026-04-12T09:00:11","date_gmt":"2026-04-12T07:00:11","guid":{"rendered":"https:\/\/dev6.erresse-shop.it\/shop\/unkategorisiert\/zafferano-mul7700-set-6-glas-rotweinkelche\/"},"modified":"2025-11-22T17:48:10","modified_gmt":"2025-11-22T16:48:10","slug":"zafferano-mul7700-set-6-glas-rotweinkelche","status":"publish","type":"product","link":"https:\/\/dev6.erresse-shop.it\/de\/shop\/tisch\/weinbar-korkenzieher-dekanter-eiskubel\/weinglaeser\/zafferano-mul7700-set-6-glas-rotweinkelche\/","title":{"rendered":"ZAFFERANO MUL7700 Set 6 Glas Rotweinkelche"},"content":{"rendered":"<p>Ultralight ist eine Linie von Verkostungsgl\u00e4sern, die durch mechanische Bearbeitung hergestellt werden. Sie werden aus hochwertigem bleifreiem sonorem Glas hergestellt, das ihre Widerstandsf\u00e4higkeit, Transparenz und Qualit\u00e4t garantiert.<br \/>\nBesondere Aufmerksamkeit wird den Formen gewidmet, die speziell f\u00fcr jeden Wein entworfen wurden. Diese leichtgewichtige Kollektion besteht aus zwei Typen: einige Becher mit eleganten und strengen Formen, andere mit einem speziellen Lippenfinish, um den Zugang zur Fl\u00fcssigkeit angenehmer zu gestalten.<\/p>\n<p>Safran. Der Kelch ist nicht nur ein Ort der Bejahung, Entwicklung und Vollendung des Weins, sondern auch ein Kunstwerk.<br \/>\nDesign und Funktionalit\u00e4t inspirieren die Arbeit von Federico de Majo. Seine Kreationen reichen von eher traditionellen Linien bis hin zu solchen mit hohem technischem Gehalt, in denen Innovationsfreude und Produktforschung zum Ausdruck kommen.<\/p>\n<p>Welche Art von Glas soll ich w\u00e4hlen? http:\/\/blog.erresse-shop.it\/vino-scelta-del-bicchiere-adatto\/<\/p>\n","protected":false},"excerpt":{"rendered":"<p>Ultralight ist eine Linie von Verkostungsgl\u00e4sern, die durch mechanische Bearbeitung hergestellt werden. Sie werden aus hochwertigem bleifreiem sonorem Glas hergestellt, das ihre Widerstandsf\u00e4higkeit, Transparenz und Qualit\u00e4t garantiert. Besondere Aufmerksamkeit wird den Formen gewidmet, die speziell f\u00fcr jeden Wein entworfen wurden. Diese leichtgewichtige Kollektion besteht aus zwei Typen: einige Becher mit eleganten und strengen Formen, andere [&hellip;]<\/p>\n","protected":false},"featured_media":6355881,"template":"","meta":{"_acf_changed":false},"product_cat":[12103,12177,12186],"product_tag":[],"class_list":{"0":"post-51104","1":"product","2":"type-product","3":"status-publish","4":"has-post-thumbnail","6":"product_cat-tisch","7":"product_cat-weinbar-korkenzieher-dekanter-eiskubel","8":"product_cat-weinglaeser","10":"first","11":"outofstock","12":"sale","13":"taxable","14":"shipping-taxable","15":"purchasable","16":"product-type-simple","swatches":"rey-swatches","show_selected":"","stretch_labels":"rey-swatches--stretch-labels"},"acf":[],"yoast_head":"<!-- This site is optimized with the Yoast SEO plugin v25.4 - https:\/\/yoast.com\/wordpress\/plugins\/seo\/ -->\n<title>ZAFFERANO MUL7700 Set 6 Glas Rotweinkelche - dev6 Erresse<\/title>\n<meta name=\"description\" content=\"Ultralight ist eine Linie von Verkostungsgl\u00e4sern, die durch mechanische Bearbeitung hergestellt werden. Sie werden aus hochwertigem bleifreiem sonorem\" \/>\n<meta name=\"robots\" content=\"noindex, follow, max-snippet:-1, max-image-preview:large, max-video-preview:-1\" \/>\n<meta property=\"og:locale\" content=\"de_DE\" \/>\n<meta property=\"og:type\" content=\"article\" \/>\n<meta property=\"og:title\" content=\"ZAFFERANO MUL7700 Set 6 Glas Rotweinkelche - dev6 Erresse\" \/>\n<meta property=\"og:description\" content=\"Ultralight ist eine Linie von Verkostungsgl\u00e4sern, die durch mechanische Bearbeitung hergestellt werden. Sie werden aus hochwertigem bleifreiem sonorem\" \/>\n<meta property=\"og:url\" content=\"https:\/\/dev6.erresse-shop.it\/de\/shop\/tisch\/weinbar-korkenzieher-dekanter-eiskubel\/weinglaeser\/zafferano-mul7700-set-6-glas-rotweinkelche\/\" \/>\n<meta property=\"og:site_name\" content=\"dev6 Erresse\" \/>\n<meta property=\"og:image\" content=\"https:\/\/interpim.erresse-shop.it\/img-catalogo\/zafferano\/zafferao-calice-vini-rossi-vetro-ultralight-set-6-pezzi-mul7700.jpg\" \/><meta property=\"og:image\" content=\"https:\/\/interpim.erresse-shop.it\/img-catalogo\/zafferano\/zafferao-calice-vini-rossi-vetro-ultralight-set-6-pezzi-mul7700.jpg\" \/>\n\t<meta property=\"og:image:width\" content=\"1024\" \/>\n\t<meta property=\"og:image:height\" content=\"1024\" \/>\n\t<meta property=\"og:image:type\" content=\"image\/jpeg\" \/>\n<meta name=\"twitter:card\" content=\"summary_large_image\" \/>\n<meta name=\"twitter:image\" content=\"https:\/\/interpim.erresse-shop.it\/img-catalogo\/zafferano\/zafferao-calice-vini-rossi-vetro-ultralight-set-6-pezzi-mul7700.jpg\" \/>\n<script type=\"application\/ld+json\" class=\"yoast-schema-graph\">{\"@context\":\"https:\/\/schema.org\",\"@graph\":[{\"@type\":\"WebPage\",\"@id\":\"https:\/\/dev6.erresse-shop.it\/de\/shop\/tisch\/weinbar-korkenzieher-dekanter-eiskubel\/weinglaeser\/zafferano-mul7700-set-6-glas-rotweinkelche\/\",\"url\":\"https:\/\/dev6.erresse-shop.it\/de\/shop\/tisch\/weinbar-korkenzieher-dekanter-eiskubel\/weinglaeser\/zafferano-mul7700-set-6-glas-rotweinkelche\/\",\"name\":\"ZAFFERANO MUL7700 Set 6 Glas Rotweinkelche - dev6 Erresse\",\"isPartOf\":{\"@id\":\"https:\/\/dev6.erresse-shop.it\/#website\"},\"primaryImageOfPage\":{\"@id\":\"https:\/\/dev6.erresse-shop.it\/de\/shop\/tisch\/weinbar-korkenzieher-dekanter-eiskubel\/weinglaeser\/zafferano-mul7700-set-6-glas-rotweinkelche\/#primaryimage\"},\"image\":{\"@id\":\"https:\/\/dev6.erresse-shop.it\/de\/shop\/tisch\/weinbar-korkenzieher-dekanter-eiskubel\/weinglaeser\/zafferano-mul7700-set-6-glas-rotweinkelche\/#primaryimage\"},\"thumbnailUrl\":\"https:\/\/i1.wp.com\/interpim.erresse-shop.it\/img-catalogo\/zafferano\/zafferao-calice-vini-rossi-vetro-ultralight-set-6-pezzi-mul7700.jpg?ssl=1\",\"datePublished\":\"2026-04-12T07:00:11+00:00\",\"description\":\"Ultralight ist eine Linie von Verkostungsgl\u00e4sern, die durch mechanische Bearbeitung hergestellt werden. Sie werden aus hochwertigem bleifreiem sonorem\",\"breadcrumb\":{\"@id\":\"https:\/\/dev6.erresse-shop.it\/de\/shop\/tisch\/weinbar-korkenzieher-dekanter-eiskubel\/weinglaeser\/zafferano-mul7700-set-6-glas-rotweinkelche\/#breadcrumb\"},\"inLanguage\":\"de\",\"potentialAction\":[{\"@type\":\"ReadAction\",\"target\":[\"https:\/\/dev6.erresse-shop.it\/de\/shop\/tisch\/weinbar-korkenzieher-dekanter-eiskubel\/weinglaeser\/zafferano-mul7700-set-6-glas-rotweinkelche\/\"]}]},{\"@type\":\"ImageObject\",\"inLanguage\":\"de\",\"@id\":\"https:\/\/dev6.erresse-shop.it\/de\/shop\/tisch\/weinbar-korkenzieher-dekanter-eiskubel\/weinglaeser\/zafferano-mul7700-set-6-glas-rotweinkelche\/#primaryimage\",\"url\":\"https:\/\/i1.wp.com\/interpim.erresse-shop.it\/img-catalogo\/zafferano\/zafferao-calice-vini-rossi-vetro-ultralight-set-6-pezzi-mul7700.jpg?ssl=1\",\"contentUrl\":\"https:\/\/i1.wp.com\/interpim.erresse-shop.it\/img-catalogo\/zafferano\/zafferao-calice-vini-rossi-vetro-ultralight-set-6-pezzi-mul7700.jpg?ssl=1\"},{\"@type\":\"BreadcrumbList\",\"@id\":\"https:\/\/dev6.erresse-shop.it\/de\/shop\/tisch\/weinbar-korkenzieher-dekanter-eiskubel\/weinglaeser\/zafferano-mul7700-set-6-glas-rotweinkelche\/#breadcrumb\",\"itemListElement\":[{\"@type\":\"ListItem\",\"position\":1,\"name\":\"Home\",\"item\":\"https:\/\/dev6.erresse-shop.it\/\"},{\"@type\":\"ListItem\",\"position\":2,\"name\":\"Shop\",\"item\":\"https:\/\/dev6.erresse-shop.it\/shop\/\"},{\"@type\":\"ListItem\",\"position\":3,\"name\":\"ZAFFERANO MUL7700 Set 6 Glas Rotweinkelche\"}]},{\"@type\":\"WebSite\",\"@id\":\"https:\/\/dev6.erresse-shop.it\/#website\",\"url\":\"https:\/\/dev6.erresse-shop.it\/\",\"name\":\"Erresse Shop\",\"description\":\"\",\"publisher\":{\"@id\":\"https:\/\/dev6.erresse-shop.it\/#organization\"},\"potentialAction\":[{\"@type\":\"SearchAction\",\"target\":{\"@type\":\"EntryPoint\",\"urlTemplate\":\"https:\/\/dev6.erresse-shop.it\/?s={search_term_string}\"},\"query-input\":{\"@type\":\"PropertyValueSpecification\",\"valueRequired\":true,\"valueName\":\"search_term_string\"}}],\"inLanguage\":\"de\"},{\"@type\":\"Organization\",\"@id\":\"https:\/\/dev6.erresse-shop.it\/#organization\",\"name\":\"Erresse Shop\",\"url\":\"https:\/\/dev6.erresse-shop.it\/\",\"logo\":{\"@type\":\"ImageObject\",\"inLanguage\":\"de\",\"@id\":\"https:\/\/dev6.erresse-shop.it\/#\/schema\/logo\/image\/\",\"url\":\"https:\/\/dev6.erresse-shop.it\/wp-content\/uploads\/2025\/01\/LOGO-ERRESSE-CLASSICO.svg\",\"contentUrl\":\"https:\/\/dev6.erresse-shop.it\/wp-content\/uploads\/2025\/01\/LOGO-ERRESSE-CLASSICO.svg\",\"caption\":\"Erresse Shop\"},\"image\":{\"@id\":\"https:\/\/dev6.erresse-shop.it\/#\/schema\/logo\/image\/\"}}]}<\/script>\n<!-- \/ Yoast SEO plugin. -->","yoast_head_json":{"title":"ZAFFERANO MUL7700 Set 6 Glas Rotweinkelche - dev6 Erresse","description":"Ultralight ist eine Linie von Verkostungsgl\u00e4sern, die durch mechanische Bearbeitung hergestellt werden. Sie werden aus hochwertigem bleifreiem sonorem","robots":{"index":"noindex","follow":"follow","max-snippet":"max-snippet:-1","max-image-preview":"max-image-preview:large","max-video-preview":"max-video-preview:-1"},"og_locale":"de_DE","og_type":"article","og_title":"ZAFFERANO MUL7700 Set 6 Glas Rotweinkelche - dev6 Erresse","og_description":"Ultralight ist eine Linie von Verkostungsgl\u00e4sern, die durch mechanische Bearbeitung hergestellt werden. Sie werden aus hochwertigem bleifreiem sonorem","og_url":"https:\/\/dev6.erresse-shop.it\/de\/shop\/tisch\/weinbar-korkenzieher-dekanter-eiskubel\/weinglaeser\/zafferano-mul7700-set-6-glas-rotweinkelche\/","og_site_name":"dev6 Erresse","og_image":[{"url":"https:\/\/interpim.erresse-shop.it\/img-catalogo\/zafferano\/zafferao-calice-vini-rossi-vetro-ultralight-set-6-pezzi-mul7700.jpg","type":"","width":"","height":""},{"url":"https:\/\/interpim.erresse-shop.it\/img-catalogo\/zafferano\/zafferao-calice-vini-rossi-vetro-ultralight-set-6-pezzi-mul7700.jpg","width":1024,"height":1024,"type":"image\/jpeg"}],"twitter_card":"summary_large_image","twitter_image":"https:\/\/interpim.erresse-shop.it\/img-catalogo\/zafferano\/zafferao-calice-vini-rossi-vetro-ultralight-set-6-pezzi-mul7700.jpg","schema":{"@context":"https:\/\/schema.org","@graph":[{"@type":"WebPage","@id":"https:\/\/dev6.erresse-shop.it\/de\/shop\/tisch\/weinbar-korkenzieher-dekanter-eiskubel\/weinglaeser\/zafferano-mul7700-set-6-glas-rotweinkelche\/","url":"https:\/\/dev6.erresse-shop.it\/de\/shop\/tisch\/weinbar-korkenzieher-dekanter-eiskubel\/weinglaeser\/zafferano-mul7700-set-6-glas-rotweinkelche\/","name":"ZAFFERANO MUL7700 Set 6 Glas Rotweinkelche - dev6 Erresse","isPartOf":{"@id":"https:\/\/dev6.erresse-shop.it\/#website"},"primaryImageOfPage":{"@id":"https:\/\/dev6.erresse-shop.it\/de\/shop\/tisch\/weinbar-korkenzieher-dekanter-eiskubel\/weinglaeser\/zafferano-mul7700-set-6-glas-rotweinkelche\/#primaryimage"},"image":{"@id":"https:\/\/dev6.erresse-shop.it\/de\/shop\/tisch\/weinbar-korkenzieher-dekanter-eiskubel\/weinglaeser\/zafferano-mul7700-set-6-glas-rotweinkelche\/#primaryimage"},"thumbnailUrl":"https:\/\/i1.wp.com\/interpim.erresse-shop.it\/img-catalogo\/zafferano\/zafferao-calice-vini-rossi-vetro-ultralight-set-6-pezzi-mul7700.jpg?ssl=1","datePublished":"2026-04-12T07:00:11+00:00","description":"Ultralight ist eine Linie von Verkostungsgl\u00e4sern, die durch mechanische Bearbeitung hergestellt werden. Sie werden aus hochwertigem bleifreiem sonorem","breadcrumb":{"@id":"https:\/\/dev6.erresse-shop.it\/de\/shop\/tisch\/weinbar-korkenzieher-dekanter-eiskubel\/weinglaeser\/zafferano-mul7700-set-6-glas-rotweinkelche\/#breadcrumb"},"inLanguage":"de","potentialAction":[{"@type":"ReadAction","target":["https:\/\/dev6.erresse-shop.it\/de\/shop\/tisch\/weinbar-korkenzieher-dekanter-eiskubel\/weinglaeser\/zafferano-mul7700-set-6-glas-rotweinkelche\/"]}]},{"@type":"ImageObject","inLanguage":"de","@id":"https:\/\/dev6.erresse-shop.it\/de\/shop\/tisch\/weinbar-korkenzieher-dekanter-eiskubel\/weinglaeser\/zafferano-mul7700-set-6-glas-rotweinkelche\/#primaryimage","url":"https:\/\/i1.wp.com\/interpim.erresse-shop.it\/img-catalogo\/zafferano\/zafferao-calice-vini-rossi-vetro-ultralight-set-6-pezzi-mul7700.jpg?ssl=1","contentUrl":"https:\/\/i1.wp.com\/interpim.erresse-shop.it\/img-catalogo\/zafferano\/zafferao-calice-vini-rossi-vetro-ultralight-set-6-pezzi-mul7700.jpg?ssl=1"},{"@type":"BreadcrumbList","@id":"https:\/\/dev6.erresse-shop.it\/de\/shop\/tisch\/weinbar-korkenzieher-dekanter-eiskubel\/weinglaeser\/zafferano-mul7700-set-6-glas-rotweinkelche\/#breadcrumb","itemListElement":[{"@type":"ListItem","position":1,"name":"Home","item":"https:\/\/dev6.erresse-shop.it\/"},{"@type":"ListItem","position":2,"name":"Shop","item":"https:\/\/dev6.erresse-shop.it\/shop\/"},{"@type":"ListItem","position":3,"name":"ZAFFERANO MUL7700 Set 6 Glas Rotweinkelche"}]},{"@type":"WebSite","@id":"https:\/\/dev6.erresse-shop.it\/#website","url":"https:\/\/dev6.erresse-shop.it\/","name":"Erresse Shop","description":"","publisher":{"@id":"https:\/\/dev6.erresse-shop.it\/#organization"},"potentialAction":[{"@type":"SearchAction","target":{"@type":"EntryPoint","urlTemplate":"https:\/\/dev6.erresse-shop.it\/?s={search_term_string}"},"query-input":{"@type":"PropertyValueSpecification","valueRequired":true,"valueName":"search_term_string"}}],"inLanguage":"de"},{"@type":"Organization","@id":"https:\/\/dev6.erresse-shop.it\/#organization","name":"Erresse Shop","url":"https:\/\/dev6.erresse-shop.it\/","logo":{"@type":"ImageObject","inLanguage":"de","@id":"https:\/\/dev6.erresse-shop.it\/#\/schema\/logo\/image\/","url":"https:\/\/dev6.erresse-shop.it\/wp-content\/uploads\/2025\/01\/LOGO-ERRESSE-CLASSICO.svg","contentUrl":"https:\/\/dev6.erresse-shop.it\/wp-content\/uploads\/2025\/01\/LOGO-ERRESSE-CLASSICO.svg","caption":"Erresse Shop"},"image":{"@id":"https:\/\/dev6.erresse-shop.it\/#\/schema\/logo\/image\/"}}]}},"df_price":99.95,"df_sale_price":99.95,"df_regular_price":117,"df_image_link":"https:\/\/i1.wp.com\/interpim.erresse-shop.it\/img-catalogo\/zafferano\/zafferao-calice-vini-rossi-vetro-ultralight-set-6-pezzi-mul7700.jpg?resize=300,300&ssl=1","fifu_image_url":"https:\/\/interpim.erresse-shop.it\/img-catalogo\/zafferano\/zafferao-calice-vini-rossi-vetro-ultralight-set-6-pezzi-mul7700.jpg","_links":{"self":[{"href":"https:\/\/dev6.erresse-shop.it\/de\/wp-json\/wp\/v2\/product\/51104","targetHints":{"allow":["GET"]}}],"collection":[{"href":"https:\/\/dev6.erresse-shop.it\/de\/wp-json\/wp\/v2\/product"}],"about":[{"href":"https:\/\/dev6.erresse-shop.it\/de\/wp-json\/wp\/v2\/types\/product"}],"wp:featuredmedia":[{"embeddable":true,"href":"https:\/\/dev6.erresse-shop.it\/de\/wp-json\/wp\/v2\/media\/6355881"}],"wp:attachment":[{"href":"https:\/\/dev6.erresse-shop.it\/de\/wp-json\/wp\/v2\/media?parent=51104"}],"wp:term":[{"taxonomy":"product_cat","embeddable":true,"href":"https:\/\/dev6.erresse-shop.it\/de\/wp-json\/wp\/v2\/product_cat?post=51104"},{"taxonomy":"product_tag","embeddable":true,"href":"https:\/\/dev6.erresse-shop.it\/de\/wp-json\/wp\/v2\/product_tag?post=51104"}],"curies":[{"name":"wp","href":"https:\/\/api.w.org\/{rel}","templated":true}]}}