{"id":51040,"date":"2026-04-04T08:56:16","date_gmt":"2026-04-04T06:56:16","guid":{"rendered":"https:\/\/dev6.erresse-shop.it\/shop\/unkategorisiert\/emile-henry-focaccia-backform-schwarz\/"},"modified":"2026-02-05T18:31:44","modified_gmt":"2026-02-05T17:31:44","slug":"emile-henry-focaccia-backform-schwarz","status":"publish","type":"product","link":"https:\/\/dev6.erresse-shop.it\/de\/shop\/toepfe-pfannen\/toepfe-und-backformen\/emile-henry-focaccia-backform-schwarz\/","title":{"rendered":"EMILE HENRY Focaccia Backform Schwarz"},"content":{"rendered":"<p>Gro\u00dfz\u00fcgig dimensioniert, mit hohem Rand und praktischen Griffen, ist sie ideal, um direkt vom Ofen auf den Tisch zu kommen! Unsere Focaccia-Pfanne aus Keramik verteilt die Hitze langsam und gleichm\u00e4\u00dfig, so dass selbst die dickste Focaccia bis zur Mitte perfekt durchgebacken wird. Das Ergebnis ist eine goldene Kruste mit einem weichen, luftigen Inneren.<\/p>\n<p>Aber was genau ist eine Focaccia? F\u00fcr die einen ist es ein Fladenbrot, f\u00fcr die anderen eine dicke Pizza\u2026 Diese italienische Spezialit\u00e4t gibt es auch in der franz\u00f6sischen Provence, aber sie ist unter dem Namen \u201cFougasse\u201d bekannt und schmeckt zu jeder Tageszeit! Unaromatisiert zum Fr\u00fchst\u00fcck, aber auch mit Rosmarin aromatisiert und in Oliven\u00f6l getunkt als Aperitif. Mit der Zugabe von Speck und K\u00e4se kann es mit einem Salat zum Mittag- oder Abendessen serviert werden.<\/p>\n<p>Welches Rezept auch immer, es ist immer eine Augenweide, wenn es in unserer eleganten, aber praktischen Auflaufform pr\u00e4sentiert wird. Eine gro\u00dfz\u00fcgige Dosis Oliven\u00f6l auf der gesamten Oberfl\u00e4che erleichtert das Backen, w\u00e4hrend unsere hochresistente Beschichtung auf Glasbasis die Verwendung von Metallutensilien zum Schneiden und Servieren erm\u00f6glicht. Die Pfanne ist sowohl in der Sp\u00fclmaschine als auch von Hand leicht zu reinigen.<\/p>\n<p>L\u00e4nge\/Durchmesser: 40,5 cm<br \/>\nBreite: 31,5 cm<br \/>\nH\u00f6he: 6,9 cm<br \/>\nH\u00f6chsttemperatur: 290 \u00b0C<br \/>\nMindesttemperatur: -20 \u00b0C<\/p>\n","protected":false},"excerpt":{"rendered":"<p>Gro\u00dfz\u00fcgig dimensioniert, mit hohem Rand und praktischen Griffen, ist sie ideal, um direkt vom Ofen auf den Tisch zu kommen! Unsere Focaccia-Pfanne aus Keramik verteilt die Hitze langsam und gleichm\u00e4\u00dfig, so dass selbst die dickste Focaccia bis zur Mitte perfekt durchgebacken wird. Das Ergebnis ist eine goldene Kruste mit einem weichen, luftigen Inneren. Aber was [&hellip;]<\/p>\n","protected":false},"featured_media":6272293,"template":"","meta":{"_acf_changed":false},"product_cat":[12158,11667,12099],"product_tag":[],"class_list":{"0":"post-51040","1":"product","2":"type-product","3":"status-publish","4":"has-post-thumbnail","6":"product_cat-toepfe-und-backformen","7":"product_cat-padelle-pentole","8":"product_cat-toepfe-pfannen","10":"first","11":"instock","12":"sale","13":"taxable","14":"shipping-taxable","15":"purchasable","16":"product-type-simple","swatches":"rey-swatches","show_selected":"","stretch_labels":"rey-swatches--stretch-labels"},"acf":[],"yoast_head":"<!-- This site is optimized with the Yoast SEO plugin v25.4 - https:\/\/yoast.com\/wordpress\/plugins\/seo\/ -->\n<title>EMILE HENRY Focaccia Backform Schwarz - dev6 Erresse<\/title>\n<meta name=\"description\" content=\"Gro\u00dfz\u00fcgig dimensioniert, mit hohem Rand und praktischen Griffen, ist sie ideal, um direkt vom Ofen auf den Tisch zu kommen! Unsere Focaccia-Pfanne aus\" \/>\n<meta name=\"robots\" content=\"noindex, follow, max-snippet:-1, max-image-preview:large, max-video-preview:-1\" \/>\n<meta property=\"og:locale\" content=\"de_DE\" \/>\n<meta property=\"og:type\" content=\"article\" \/>\n<meta property=\"og:title\" content=\"EMILE HENRY Focaccia Backform Schwarz - dev6 Erresse\" \/>\n<meta property=\"og:description\" content=\"Gro\u00dfz\u00fcgig dimensioniert, mit hohem Rand und praktischen Griffen, ist sie ideal, um direkt vom Ofen auf den Tisch zu kommen! Unsere Focaccia-Pfanne aus\" \/>\n<meta property=\"og:url\" content=\"https:\/\/dev6.erresse-shop.it\/de\/shop\/toepfe-pfannen\/toepfe-und-backformen\/emile-henry-focaccia-backform-schwarz\/\" \/>\n<meta property=\"og:site_name\" content=\"dev6 Erresse\" \/>\n<meta property=\"og:image\" content=\"https:\/\/interpim.erresse-shop.it\/Import\/Prodotti\/emile-henry-focaccia-nero-3.jpg\" \/><meta property=\"og:image\" content=\"https:\/\/interpim.erresse-shop.it\/Import\/Prodotti\/emile-henry-focaccia-nero-3.jpg\" \/>\n\t<meta property=\"og:image:width\" content=\"1024\" \/>\n\t<meta property=\"og:image:height\" content=\"1024\" \/>\n\t<meta property=\"og:image:type\" content=\"image\/jpeg\" \/>\n<meta name=\"twitter:card\" content=\"summary_large_image\" \/>\n<meta name=\"twitter:image\" content=\"https:\/\/interpim.erresse-shop.it\/Import\/Prodotti\/emile-henry-focaccia-nero-3.jpg\" \/>\n<script type=\"application\/ld+json\" class=\"yoast-schema-graph\">{\"@context\":\"https:\/\/schema.org\",\"@graph\":[{\"@type\":\"WebPage\",\"@id\":\"https:\/\/dev6.erresse-shop.it\/de\/shop\/toepfe-pfannen\/toepfe-und-backformen\/emile-henry-focaccia-backform-schwarz\/\",\"url\":\"https:\/\/dev6.erresse-shop.it\/de\/shop\/toepfe-pfannen\/toepfe-und-backformen\/emile-henry-focaccia-backform-schwarz\/\",\"name\":\"EMILE HENRY Focaccia Backform Schwarz - dev6 Erresse\",\"isPartOf\":{\"@id\":\"https:\/\/dev6.erresse-shop.it\/#website\"},\"primaryImageOfPage\":{\"@id\":\"https:\/\/dev6.erresse-shop.it\/de\/shop\/toepfe-pfannen\/toepfe-und-backformen\/emile-henry-focaccia-backform-schwarz\/#primaryimage\"},\"image\":{\"@id\":\"https:\/\/dev6.erresse-shop.it\/de\/shop\/toepfe-pfannen\/toepfe-und-backformen\/emile-henry-focaccia-backform-schwarz\/#primaryimage\"},\"thumbnailUrl\":\"https:\/\/i1.wp.com\/interpim.erresse-shop.it\/Import\/Prodotti\/emile-henry-focaccia-nero-3.jpg?ssl=1\",\"datePublished\":\"2026-04-04T06:56:16+00:00\",\"description\":\"Gro\u00dfz\u00fcgig dimensioniert, mit hohem Rand und praktischen Griffen, ist sie ideal, um direkt vom Ofen auf den Tisch zu kommen! Unsere Focaccia-Pfanne aus\",\"breadcrumb\":{\"@id\":\"https:\/\/dev6.erresse-shop.it\/de\/shop\/toepfe-pfannen\/toepfe-und-backformen\/emile-henry-focaccia-backform-schwarz\/#breadcrumb\"},\"inLanguage\":\"de\",\"potentialAction\":[{\"@type\":\"ReadAction\",\"target\":[\"https:\/\/dev6.erresse-shop.it\/de\/shop\/toepfe-pfannen\/toepfe-und-backformen\/emile-henry-focaccia-backform-schwarz\/\"]}]},{\"@type\":\"ImageObject\",\"inLanguage\":\"de\",\"@id\":\"https:\/\/dev6.erresse-shop.it\/de\/shop\/toepfe-pfannen\/toepfe-und-backformen\/emile-henry-focaccia-backform-schwarz\/#primaryimage\",\"url\":\"https:\/\/i1.wp.com\/interpim.erresse-shop.it\/Import\/Prodotti\/emile-henry-focaccia-nero-3.jpg?ssl=1\",\"contentUrl\":\"https:\/\/i1.wp.com\/interpim.erresse-shop.it\/Import\/Prodotti\/emile-henry-focaccia-nero-3.jpg?ssl=1\"},{\"@type\":\"BreadcrumbList\",\"@id\":\"https:\/\/dev6.erresse-shop.it\/de\/shop\/toepfe-pfannen\/toepfe-und-backformen\/emile-henry-focaccia-backform-schwarz\/#breadcrumb\",\"itemListElement\":[{\"@type\":\"ListItem\",\"position\":1,\"name\":\"Home\",\"item\":\"https:\/\/dev6.erresse-shop.it\/\"},{\"@type\":\"ListItem\",\"position\":2,\"name\":\"Shop\",\"item\":\"https:\/\/dev6.erresse-shop.it\/shop\/\"},{\"@type\":\"ListItem\",\"position\":3,\"name\":\"EMILE HENRY Focaccia Backform Schwarz\"}]},{\"@type\":\"WebSite\",\"@id\":\"https:\/\/dev6.erresse-shop.it\/#website\",\"url\":\"https:\/\/dev6.erresse-shop.it\/\",\"name\":\"Erresse Shop\",\"description\":\"\",\"publisher\":{\"@id\":\"https:\/\/dev6.erresse-shop.it\/#organization\"},\"potentialAction\":[{\"@type\":\"SearchAction\",\"target\":{\"@type\":\"EntryPoint\",\"urlTemplate\":\"https:\/\/dev6.erresse-shop.it\/?s={search_term_string}\"},\"query-input\":{\"@type\":\"PropertyValueSpecification\",\"valueRequired\":true,\"valueName\":\"search_term_string\"}}],\"inLanguage\":\"de\"},{\"@type\":\"Organization\",\"@id\":\"https:\/\/dev6.erresse-shop.it\/#organization\",\"name\":\"Erresse Shop\",\"url\":\"https:\/\/dev6.erresse-shop.it\/\",\"logo\":{\"@type\":\"ImageObject\",\"inLanguage\":\"de\",\"@id\":\"https:\/\/dev6.erresse-shop.it\/#\/schema\/logo\/image\/\",\"url\":\"https:\/\/dev6.erresse-shop.it\/wp-content\/uploads\/2025\/01\/LOGO-ERRESSE-CLASSICO.svg\",\"contentUrl\":\"https:\/\/dev6.erresse-shop.it\/wp-content\/uploads\/2025\/01\/LOGO-ERRESSE-CLASSICO.svg\",\"caption\":\"Erresse Shop\"},\"image\":{\"@id\":\"https:\/\/dev6.erresse-shop.it\/#\/schema\/logo\/image\/\"}}]}<\/script>\n<!-- \/ Yoast SEO plugin. -->","yoast_head_json":{"title":"EMILE HENRY Focaccia Backform Schwarz - dev6 Erresse","description":"Gro\u00dfz\u00fcgig dimensioniert, mit hohem Rand und praktischen Griffen, ist sie ideal, um direkt vom Ofen auf den Tisch zu kommen! Unsere Focaccia-Pfanne aus","robots":{"index":"noindex","follow":"follow","max-snippet":"max-snippet:-1","max-image-preview":"max-image-preview:large","max-video-preview":"max-video-preview:-1"},"og_locale":"de_DE","og_type":"article","og_title":"EMILE HENRY Focaccia Backform Schwarz - dev6 Erresse","og_description":"Gro\u00dfz\u00fcgig dimensioniert, mit hohem Rand und praktischen Griffen, ist sie ideal, um direkt vom Ofen auf den Tisch zu kommen! Unsere Focaccia-Pfanne aus","og_url":"https:\/\/dev6.erresse-shop.it\/de\/shop\/toepfe-pfannen\/toepfe-und-backformen\/emile-henry-focaccia-backform-schwarz\/","og_site_name":"dev6 Erresse","og_image":[{"url":"https:\/\/interpim.erresse-shop.it\/Import\/Prodotti\/emile-henry-focaccia-nero-3.jpg","type":"","width":"","height":""},{"url":"https:\/\/interpim.erresse-shop.it\/Import\/Prodotti\/emile-henry-focaccia-nero-3.jpg","width":1024,"height":1024,"type":"image\/jpeg"}],"twitter_card":"summary_large_image","twitter_image":"https:\/\/interpim.erresse-shop.it\/Import\/Prodotti\/emile-henry-focaccia-nero-3.jpg","schema":{"@context":"https:\/\/schema.org","@graph":[{"@type":"WebPage","@id":"https:\/\/dev6.erresse-shop.it\/de\/shop\/toepfe-pfannen\/toepfe-und-backformen\/emile-henry-focaccia-backform-schwarz\/","url":"https:\/\/dev6.erresse-shop.it\/de\/shop\/toepfe-pfannen\/toepfe-und-backformen\/emile-henry-focaccia-backform-schwarz\/","name":"EMILE HENRY Focaccia Backform Schwarz - dev6 Erresse","isPartOf":{"@id":"https:\/\/dev6.erresse-shop.it\/#website"},"primaryImageOfPage":{"@id":"https:\/\/dev6.erresse-shop.it\/de\/shop\/toepfe-pfannen\/toepfe-und-backformen\/emile-henry-focaccia-backform-schwarz\/#primaryimage"},"image":{"@id":"https:\/\/dev6.erresse-shop.it\/de\/shop\/toepfe-pfannen\/toepfe-und-backformen\/emile-henry-focaccia-backform-schwarz\/#primaryimage"},"thumbnailUrl":"https:\/\/i1.wp.com\/interpim.erresse-shop.it\/Import\/Prodotti\/emile-henry-focaccia-nero-3.jpg?ssl=1","datePublished":"2026-04-04T06:56:16+00:00","description":"Gro\u00dfz\u00fcgig dimensioniert, mit hohem Rand und praktischen Griffen, ist sie ideal, um direkt vom Ofen auf den Tisch zu kommen! Unsere Focaccia-Pfanne aus","breadcrumb":{"@id":"https:\/\/dev6.erresse-shop.it\/de\/shop\/toepfe-pfannen\/toepfe-und-backformen\/emile-henry-focaccia-backform-schwarz\/#breadcrumb"},"inLanguage":"de","potentialAction":[{"@type":"ReadAction","target":["https:\/\/dev6.erresse-shop.it\/de\/shop\/toepfe-pfannen\/toepfe-und-backformen\/emile-henry-focaccia-backform-schwarz\/"]}]},{"@type":"ImageObject","inLanguage":"de","@id":"https:\/\/dev6.erresse-shop.it\/de\/shop\/toepfe-pfannen\/toepfe-und-backformen\/emile-henry-focaccia-backform-schwarz\/#primaryimage","url":"https:\/\/i1.wp.com\/interpim.erresse-shop.it\/Import\/Prodotti\/emile-henry-focaccia-nero-3.jpg?ssl=1","contentUrl":"https:\/\/i1.wp.com\/interpim.erresse-shop.it\/Import\/Prodotti\/emile-henry-focaccia-nero-3.jpg?ssl=1"},{"@type":"BreadcrumbList","@id":"https:\/\/dev6.erresse-shop.it\/de\/shop\/toepfe-pfannen\/toepfe-und-backformen\/emile-henry-focaccia-backform-schwarz\/#breadcrumb","itemListElement":[{"@type":"ListItem","position":1,"name":"Home","item":"https:\/\/dev6.erresse-shop.it\/"},{"@type":"ListItem","position":2,"name":"Shop","item":"https:\/\/dev6.erresse-shop.it\/shop\/"},{"@type":"ListItem","position":3,"name":"EMILE HENRY Focaccia Backform Schwarz"}]},{"@type":"WebSite","@id":"https:\/\/dev6.erresse-shop.it\/#website","url":"https:\/\/dev6.erresse-shop.it\/","name":"Erresse Shop","description":"","publisher":{"@id":"https:\/\/dev6.erresse-shop.it\/#organization"},"potentialAction":[{"@type":"SearchAction","target":{"@type":"EntryPoint","urlTemplate":"https:\/\/dev6.erresse-shop.it\/?s={search_term_string}"},"query-input":{"@type":"PropertyValueSpecification","valueRequired":true,"valueName":"search_term_string"}}],"inLanguage":"de"},{"@type":"Organization","@id":"https:\/\/dev6.erresse-shop.it\/#organization","name":"Erresse Shop","url":"https:\/\/dev6.erresse-shop.it\/","logo":{"@type":"ImageObject","inLanguage":"de","@id":"https:\/\/dev6.erresse-shop.it\/#\/schema\/logo\/image\/","url":"https:\/\/dev6.erresse-shop.it\/wp-content\/uploads\/2025\/01\/LOGO-ERRESSE-CLASSICO.svg","contentUrl":"https:\/\/dev6.erresse-shop.it\/wp-content\/uploads\/2025\/01\/LOGO-ERRESSE-CLASSICO.svg","caption":"Erresse Shop"},"image":{"@id":"https:\/\/dev6.erresse-shop.it\/#\/schema\/logo\/image\/"}}]}},"df_price":69.95,"df_sale_price":69.95,"df_regular_price":102.5,"df_image_link":"https:\/\/i1.wp.com\/interpim.erresse-shop.it\/Import\/Prodotti\/emile-henry-focaccia-nero-3.jpg?resize=300,300&ssl=1","fifu_image_url":"https:\/\/interpim.erresse-shop.it\/Import\/Prodotti\/emile-henry-focaccia-nero-3.jpg","_links":{"self":[{"href":"https:\/\/dev6.erresse-shop.it\/de\/wp-json\/wp\/v2\/product\/51040","targetHints":{"allow":["GET"]}}],"collection":[{"href":"https:\/\/dev6.erresse-shop.it\/de\/wp-json\/wp\/v2\/product"}],"about":[{"href":"https:\/\/dev6.erresse-shop.it\/de\/wp-json\/wp\/v2\/types\/product"}],"wp:featuredmedia":[{"embeddable":true,"href":"https:\/\/dev6.erresse-shop.it\/de\/wp-json\/wp\/v2\/media\/6272293"}],"wp:attachment":[{"href":"https:\/\/dev6.erresse-shop.it\/de\/wp-json\/wp\/v2\/media?parent=51040"}],"wp:term":[{"taxonomy":"product_cat","embeddable":true,"href":"https:\/\/dev6.erresse-shop.it\/de\/wp-json\/wp\/v2\/product_cat?post=51040"},{"taxonomy":"product_tag","embeddable":true,"href":"https:\/\/dev6.erresse-shop.it\/de\/wp-json\/wp\/v2\/product_tag?post=51040"}],"curies":[{"name":"wp","href":"https:\/\/api.w.org\/{rel}","templated":true}]}}