{"id":51036,"date":"2026-04-12T08:57:46","date_gmt":"2026-04-12T06:57:46","guid":{"rendered":"https:\/\/dev6.erresse-shop.it\/shop\/unkategorisiert\/emile-henry-cheese-baker-kaeseform-rot\/"},"modified":"2025-09-14T00:51:36","modified_gmt":"2025-09-13T22:51:36","slug":"emile-henry-cheese-baker-kaeseform-rot","status":"publish","type":"product","link":"https:\/\/dev6.erresse-shop.it\/de\/shop\/toepfe-pfannen\/toepfe-und-backformen\/emile-henry-cheese-baker-kaeseform-rot\/","title":{"rendered":"EMILE HENRY Cheese Baker K\u00e4seform Rot"},"content":{"rendered":"<p>Mit dem Cheese Baker k\u00f6nnen Sie jede Art von K\u00e4se im Ofen backen: Brie, Camembert, Gorgonzola\u2026 Wagen Sie es, die Gen\u00fcsse zu variieren: F\u00fcgen Sie Obst (\u00c4pfel, Birnen), aromatische Kr\u00e4uter hinzu oder w\u00fcrzen Sie sogar mit Wei\u00dfwein!<\/p>\n<p>Wenn er aus dem Ofen kommt, k\u00f6nnen Sie Ihren K\u00e4se als Aperitif mit kleinen Crackern genie\u00dfen, als Raclette mit Kartoffeln oder einfach \u00fcber Wurst und Gem\u00fcse geben. Es gibt so viele M\u00f6glichkeiten, K\u00e4se im Cheese Baker zuzubereiten, wie es M\u00f6glichkeiten gibt, ihn zu probieren! Sie k\u00f6nnen Ihrer Fantasie freien Lauf lassen und sich selbst verw\u00f6hnen!<\/p>\n<p>Sp\u00fclmaschinenfest<br \/>\n10 Jahre Garantie<\/p>\n<p>L\u00e4nge\/Durchmesser: 19,5 cm<br \/>\nBreite: 17,5 cm<br \/>\nH\u00f6he: 4,5 cm<br \/>\nGewicht \u2013 KG: 1.1 KG<\/p>\n","protected":false},"excerpt":{"rendered":"<p>Mit dem Cheese Baker k\u00f6nnen Sie jede Art von K\u00e4se im Ofen backen: Brie, Camembert, Gorgonzola\u2026 Wagen Sie es, die Gen\u00fcsse zu variieren: F\u00fcgen Sie Obst (\u00c4pfel, Birnen), aromatische Kr\u00e4uter hinzu oder w\u00fcrzen Sie sogar mit Wei\u00dfwein! Wenn er aus dem Ofen kommt, k\u00f6nnen Sie Ihren K\u00e4se als Aperitif mit kleinen Crackern genie\u00dfen, als Raclette [&hellip;]<\/p>\n","protected":false},"featured_media":6355538,"template":"","meta":{"_acf_changed":false},"product_cat":[12158,11667,12099],"product_tag":[],"class_list":{"0":"post-51036","1":"product","2":"type-product","3":"status-publish","4":"has-post-thumbnail","6":"product_cat-toepfe-und-backformen","7":"product_cat-padelle-pentole","8":"product_cat-toepfe-pfannen","10":"first","11":"instock","12":"sale","13":"taxable","14":"shipping-taxable","15":"purchasable","16":"product-type-simple","swatches":"rey-swatches","show_selected":"","stretch_labels":"rey-swatches--stretch-labels"},"acf":[],"yoast_head":"<!-- This site is optimized with the Yoast SEO plugin v25.4 - https:\/\/yoast.com\/wordpress\/plugins\/seo\/ -->\n<title>EMILE HENRY Cheese Baker K\u00e4seform Rot - dev6 Erresse<\/title>\n<meta name=\"description\" content=\"Mit dem Cheese Baker k\u00f6nnen Sie jede Art von K\u00e4se im Ofen backen: Brie, Camembert, Gorgonzola\u2026 Wagen Sie es, die Gen\u00fcsse zu variieren: F\u00fcgen Sie Obst\" \/>\n<meta name=\"robots\" content=\"noindex, follow, max-snippet:-1, max-image-preview:large, max-video-preview:-1\" \/>\n<meta property=\"og:locale\" content=\"de_DE\" \/>\n<meta property=\"og:type\" content=\"article\" \/>\n<meta property=\"og:title\" content=\"EMILE HENRY Cheese Baker K\u00e4seform Rot - dev6 Erresse\" \/>\n<meta property=\"og:description\" content=\"Mit dem Cheese Baker k\u00f6nnen Sie jede Art von K\u00e4se im Ofen backen: Brie, Camembert, Gorgonzola\u2026 Wagen Sie es, die Gen\u00fcsse zu variieren: F\u00fcgen Sie Obst\" \/>\n<meta property=\"og:url\" content=\"https:\/\/dev6.erresse-shop.it\/de\/shop\/toepfe-pfannen\/toepfe-und-backformen\/emile-henry-cheese-baker-kaeseform-rot\/\" \/>\n<meta property=\"og:site_name\" content=\"dev6 Erresse\" \/>\n<meta property=\"og:image\" content=\"https:\/\/interpim.erresse-shop.it\/Import\/Prodotti\/emile-henry-cheese-baker-rosso.jpg\" \/><meta property=\"og:image\" content=\"https:\/\/interpim.erresse-shop.it\/Import\/Prodotti\/emile-henry-cheese-baker-rosso.jpg\" \/>\n\t<meta property=\"og:image:width\" content=\"1024\" \/>\n\t<meta property=\"og:image:height\" content=\"1024\" \/>\n\t<meta property=\"og:image:type\" content=\"image\/jpeg\" \/>\n<meta name=\"twitter:card\" content=\"summary_large_image\" \/>\n<meta name=\"twitter:image\" content=\"https:\/\/interpim.erresse-shop.it\/Import\/Prodotti\/emile-henry-cheese-baker-rosso.jpg\" \/>\n<script type=\"application\/ld+json\" class=\"yoast-schema-graph\">{\"@context\":\"https:\/\/schema.org\",\"@graph\":[{\"@type\":\"WebPage\",\"@id\":\"https:\/\/dev6.erresse-shop.it\/de\/shop\/toepfe-pfannen\/toepfe-und-backformen\/emile-henry-cheese-baker-kaeseform-rot\/\",\"url\":\"https:\/\/dev6.erresse-shop.it\/de\/shop\/toepfe-pfannen\/toepfe-und-backformen\/emile-henry-cheese-baker-kaeseform-rot\/\",\"name\":\"EMILE HENRY Cheese Baker K\u00e4seform Rot - dev6 Erresse\",\"isPartOf\":{\"@id\":\"https:\/\/dev6.erresse-shop.it\/#website\"},\"primaryImageOfPage\":{\"@id\":\"https:\/\/dev6.erresse-shop.it\/de\/shop\/toepfe-pfannen\/toepfe-und-backformen\/emile-henry-cheese-baker-kaeseform-rot\/#primaryimage\"},\"image\":{\"@id\":\"https:\/\/dev6.erresse-shop.it\/de\/shop\/toepfe-pfannen\/toepfe-und-backformen\/emile-henry-cheese-baker-kaeseform-rot\/#primaryimage\"},\"thumbnailUrl\":\"https:\/\/i0.wp.com\/interpim.erresse-shop.it\/Import\/Prodotti\/emile-henry-cheese-baker-rosso.jpg?ssl=1\",\"datePublished\":\"2026-04-12T06:57:46+00:00\",\"description\":\"Mit dem Cheese Baker k\u00f6nnen Sie jede Art von K\u00e4se im Ofen backen: Brie, Camembert, Gorgonzola\u2026 Wagen Sie es, die Gen\u00fcsse zu variieren: F\u00fcgen Sie Obst\",\"breadcrumb\":{\"@id\":\"https:\/\/dev6.erresse-shop.it\/de\/shop\/toepfe-pfannen\/toepfe-und-backformen\/emile-henry-cheese-baker-kaeseform-rot\/#breadcrumb\"},\"inLanguage\":\"de\",\"potentialAction\":[{\"@type\":\"ReadAction\",\"target\":[\"https:\/\/dev6.erresse-shop.it\/de\/shop\/toepfe-pfannen\/toepfe-und-backformen\/emile-henry-cheese-baker-kaeseform-rot\/\"]}]},{\"@type\":\"ImageObject\",\"inLanguage\":\"de\",\"@id\":\"https:\/\/dev6.erresse-shop.it\/de\/shop\/toepfe-pfannen\/toepfe-und-backformen\/emile-henry-cheese-baker-kaeseform-rot\/#primaryimage\",\"url\":\"https:\/\/i0.wp.com\/interpim.erresse-shop.it\/Import\/Prodotti\/emile-henry-cheese-baker-rosso.jpg?ssl=1\",\"contentUrl\":\"https:\/\/i0.wp.com\/interpim.erresse-shop.it\/Import\/Prodotti\/emile-henry-cheese-baker-rosso.jpg?ssl=1\"},{\"@type\":\"BreadcrumbList\",\"@id\":\"https:\/\/dev6.erresse-shop.it\/de\/shop\/toepfe-pfannen\/toepfe-und-backformen\/emile-henry-cheese-baker-kaeseform-rot\/#breadcrumb\",\"itemListElement\":[{\"@type\":\"ListItem\",\"position\":1,\"name\":\"Home\",\"item\":\"https:\/\/dev6.erresse-shop.it\/\"},{\"@type\":\"ListItem\",\"position\":2,\"name\":\"Shop\",\"item\":\"https:\/\/dev6.erresse-shop.it\/shop\/\"},{\"@type\":\"ListItem\",\"position\":3,\"name\":\"EMILE HENRY Cheese Baker K\u00e4seform Rot\"}]},{\"@type\":\"WebSite\",\"@id\":\"https:\/\/dev6.erresse-shop.it\/#website\",\"url\":\"https:\/\/dev6.erresse-shop.it\/\",\"name\":\"Erresse Shop\",\"description\":\"\",\"publisher\":{\"@id\":\"https:\/\/dev6.erresse-shop.it\/#organization\"},\"potentialAction\":[{\"@type\":\"SearchAction\",\"target\":{\"@type\":\"EntryPoint\",\"urlTemplate\":\"https:\/\/dev6.erresse-shop.it\/?s={search_term_string}\"},\"query-input\":{\"@type\":\"PropertyValueSpecification\",\"valueRequired\":true,\"valueName\":\"search_term_string\"}}],\"inLanguage\":\"de\"},{\"@type\":\"Organization\",\"@id\":\"https:\/\/dev6.erresse-shop.it\/#organization\",\"name\":\"Erresse Shop\",\"url\":\"https:\/\/dev6.erresse-shop.it\/\",\"logo\":{\"@type\":\"ImageObject\",\"inLanguage\":\"de\",\"@id\":\"https:\/\/dev6.erresse-shop.it\/#\/schema\/logo\/image\/\",\"url\":\"https:\/\/dev6.erresse-shop.it\/wp-content\/uploads\/2025\/01\/LOGO-ERRESSE-CLASSICO.svg\",\"contentUrl\":\"https:\/\/dev6.erresse-shop.it\/wp-content\/uploads\/2025\/01\/LOGO-ERRESSE-CLASSICO.svg\",\"caption\":\"Erresse Shop\"},\"image\":{\"@id\":\"https:\/\/dev6.erresse-shop.it\/#\/schema\/logo\/image\/\"}}]}<\/script>\n<!-- \/ Yoast SEO plugin. -->","yoast_head_json":{"title":"EMILE HENRY Cheese Baker K\u00e4seform Rot - dev6 Erresse","description":"Mit dem Cheese Baker k\u00f6nnen Sie jede Art von K\u00e4se im Ofen backen: Brie, Camembert, Gorgonzola\u2026 Wagen Sie es, die Gen\u00fcsse zu variieren: F\u00fcgen Sie Obst","robots":{"index":"noindex","follow":"follow","max-snippet":"max-snippet:-1","max-image-preview":"max-image-preview:large","max-video-preview":"max-video-preview:-1"},"og_locale":"de_DE","og_type":"article","og_title":"EMILE HENRY Cheese Baker K\u00e4seform Rot - dev6 Erresse","og_description":"Mit dem Cheese Baker k\u00f6nnen Sie jede Art von K\u00e4se im Ofen backen: Brie, Camembert, Gorgonzola\u2026 Wagen Sie es, die Gen\u00fcsse zu variieren: F\u00fcgen Sie Obst","og_url":"https:\/\/dev6.erresse-shop.it\/de\/shop\/toepfe-pfannen\/toepfe-und-backformen\/emile-henry-cheese-baker-kaeseform-rot\/","og_site_name":"dev6 Erresse","og_image":[{"url":"https:\/\/interpim.erresse-shop.it\/Import\/Prodotti\/emile-henry-cheese-baker-rosso.jpg","type":"","width":"","height":""},{"url":"https:\/\/interpim.erresse-shop.it\/Import\/Prodotti\/emile-henry-cheese-baker-rosso.jpg","width":1024,"height":1024,"type":"image\/jpeg"}],"twitter_card":"summary_large_image","twitter_image":"https:\/\/interpim.erresse-shop.it\/Import\/Prodotti\/emile-henry-cheese-baker-rosso.jpg","schema":{"@context":"https:\/\/schema.org","@graph":[{"@type":"WebPage","@id":"https:\/\/dev6.erresse-shop.it\/de\/shop\/toepfe-pfannen\/toepfe-und-backformen\/emile-henry-cheese-baker-kaeseform-rot\/","url":"https:\/\/dev6.erresse-shop.it\/de\/shop\/toepfe-pfannen\/toepfe-und-backformen\/emile-henry-cheese-baker-kaeseform-rot\/","name":"EMILE HENRY Cheese Baker K\u00e4seform Rot - dev6 Erresse","isPartOf":{"@id":"https:\/\/dev6.erresse-shop.it\/#website"},"primaryImageOfPage":{"@id":"https:\/\/dev6.erresse-shop.it\/de\/shop\/toepfe-pfannen\/toepfe-und-backformen\/emile-henry-cheese-baker-kaeseform-rot\/#primaryimage"},"image":{"@id":"https:\/\/dev6.erresse-shop.it\/de\/shop\/toepfe-pfannen\/toepfe-und-backformen\/emile-henry-cheese-baker-kaeseform-rot\/#primaryimage"},"thumbnailUrl":"https:\/\/i0.wp.com\/interpim.erresse-shop.it\/Import\/Prodotti\/emile-henry-cheese-baker-rosso.jpg?ssl=1","datePublished":"2026-04-12T06:57:46+00:00","description":"Mit dem Cheese Baker k\u00f6nnen Sie jede Art von K\u00e4se im Ofen backen: Brie, Camembert, Gorgonzola\u2026 Wagen Sie es, die Gen\u00fcsse zu variieren: F\u00fcgen Sie Obst","breadcrumb":{"@id":"https:\/\/dev6.erresse-shop.it\/de\/shop\/toepfe-pfannen\/toepfe-und-backformen\/emile-henry-cheese-baker-kaeseform-rot\/#breadcrumb"},"inLanguage":"de","potentialAction":[{"@type":"ReadAction","target":["https:\/\/dev6.erresse-shop.it\/de\/shop\/toepfe-pfannen\/toepfe-und-backformen\/emile-henry-cheese-baker-kaeseform-rot\/"]}]},{"@type":"ImageObject","inLanguage":"de","@id":"https:\/\/dev6.erresse-shop.it\/de\/shop\/toepfe-pfannen\/toepfe-und-backformen\/emile-henry-cheese-baker-kaeseform-rot\/#primaryimage","url":"https:\/\/i0.wp.com\/interpim.erresse-shop.it\/Import\/Prodotti\/emile-henry-cheese-baker-rosso.jpg?ssl=1","contentUrl":"https:\/\/i0.wp.com\/interpim.erresse-shop.it\/Import\/Prodotti\/emile-henry-cheese-baker-rosso.jpg?ssl=1"},{"@type":"BreadcrumbList","@id":"https:\/\/dev6.erresse-shop.it\/de\/shop\/toepfe-pfannen\/toepfe-und-backformen\/emile-henry-cheese-baker-kaeseform-rot\/#breadcrumb","itemListElement":[{"@type":"ListItem","position":1,"name":"Home","item":"https:\/\/dev6.erresse-shop.it\/"},{"@type":"ListItem","position":2,"name":"Shop","item":"https:\/\/dev6.erresse-shop.it\/shop\/"},{"@type":"ListItem","position":3,"name":"EMILE HENRY Cheese Baker K\u00e4seform Rot"}]},{"@type":"WebSite","@id":"https:\/\/dev6.erresse-shop.it\/#website","url":"https:\/\/dev6.erresse-shop.it\/","name":"Erresse Shop","description":"","publisher":{"@id":"https:\/\/dev6.erresse-shop.it\/#organization"},"potentialAction":[{"@type":"SearchAction","target":{"@type":"EntryPoint","urlTemplate":"https:\/\/dev6.erresse-shop.it\/?s={search_term_string}"},"query-input":{"@type":"PropertyValueSpecification","valueRequired":true,"valueName":"search_term_string"}}],"inLanguage":"de"},{"@type":"Organization","@id":"https:\/\/dev6.erresse-shop.it\/#organization","name":"Erresse Shop","url":"https:\/\/dev6.erresse-shop.it\/","logo":{"@type":"ImageObject","inLanguage":"de","@id":"https:\/\/dev6.erresse-shop.it\/#\/schema\/logo\/image\/","url":"https:\/\/dev6.erresse-shop.it\/wp-content\/uploads\/2025\/01\/LOGO-ERRESSE-CLASSICO.svg","contentUrl":"https:\/\/dev6.erresse-shop.it\/wp-content\/uploads\/2025\/01\/LOGO-ERRESSE-CLASSICO.svg","caption":"Erresse Shop"},"image":{"@id":"https:\/\/dev6.erresse-shop.it\/#\/schema\/logo\/image\/"}}]}},"df_price":54.95,"df_sale_price":54.95,"df_regular_price":62.5,"df_image_link":"https:\/\/i0.wp.com\/interpim.erresse-shop.it\/Import\/Prodotti\/emile-henry-cheese-baker-rosso.jpg?resize=300,300&ssl=1","fifu_image_url":"https:\/\/interpim.erresse-shop.it\/Import\/Prodotti\/emile-henry-cheese-baker-rosso.jpg","_links":{"self":[{"href":"https:\/\/dev6.erresse-shop.it\/de\/wp-json\/wp\/v2\/product\/51036","targetHints":{"allow":["GET"]}}],"collection":[{"href":"https:\/\/dev6.erresse-shop.it\/de\/wp-json\/wp\/v2\/product"}],"about":[{"href":"https:\/\/dev6.erresse-shop.it\/de\/wp-json\/wp\/v2\/types\/product"}],"wp:featuredmedia":[{"embeddable":true,"href":"https:\/\/dev6.erresse-shop.it\/de\/wp-json\/wp\/v2\/media\/6355538"}],"wp:attachment":[{"href":"https:\/\/dev6.erresse-shop.it\/de\/wp-json\/wp\/v2\/media?parent=51036"}],"wp:term":[{"taxonomy":"product_cat","embeddable":true,"href":"https:\/\/dev6.erresse-shop.it\/de\/wp-json\/wp\/v2\/product_cat?post=51036"},{"taxonomy":"product_tag","embeddable":true,"href":"https:\/\/dev6.erresse-shop.it\/de\/wp-json\/wp\/v2\/product_tag?post=51036"}],"curies":[{"name":"wp","href":"https:\/\/api.w.org\/{rel}","templated":true}]}}