{"id":51030,"date":"2026-04-12T08:57:46","date_gmt":"2026-04-12T06:57:46","guid":{"rendered":"https:\/\/dev6.erresse-shop.it\/shop\/unkategorisiert\/emile-henry-tajine-32-cm-grand-cru\/"},"modified":"2025-09-14T00:51:29","modified_gmt":"2025-09-13T22:51:29","slug":"emile-henry-tajine-32-cm-grand-cru","status":"publish","type":"product","link":"https:\/\/dev6.erresse-shop.it\/de\/shop\/toepfe-pfannen\/tajine-de\/emile-henry-tajine-32-cm-grand-cru\/","title":{"rendered":"EMILE HENRY Tajine 32 cm Grand Cru"},"content":{"rendered":"<p>Tajine bedeutet Begegnungen und Gro\u00dfz\u00fcgigkeit. Verschiedene Gegens\u00e4tze, gemeinsame W\u00fcnsche und Erinnerungen. Es ist auch eines der wenigen Rezepte, das sowohl ein Gericht\u2026 als auch das Gericht, in dem es zubereitet wird, benennt. Ein Beweis daf\u00fcr, wie wichtig es bei der Vorbereitung ist, gut umgeben zu sein.<\/p>\n<p>Unsere \u201cTajine\u201d soll dieses Reisegericht mit seiner W\u00e4rme, seiner Rundheit und seinem Geschmack sublimieren. Denn die beste Tajine ist nicht die komplizierteste! Es ist das, was Sie sich vorstellen, indem Sie die Zutaten ausw\u00e4hlen, die Sie inspirieren und wiederentdeckte Emotionen hervorrufen: Zitronen aus dem Garten, frische und schmelzende Datteln, saftige Zitrusfr\u00fcchte\u2026 alles k\u00f6stlich verpackt in duftenden Gew\u00fcrzen.<\/p>\n<p>Dann lassen Sie es einfach k\u00f6cheln, k\u00f6cheln, k\u00f6cheln, ohne sich Sorgen zu machen: Unsere Flame\u00ae-Keramik verbreitet eine sanfte, gleichm\u00e4\u00dfige Hitze, die perfekt passt.<\/p>\n<p>Dank des konischen, geschlossenen Deckels zirkuliert der Dampf, die Aromen entwickeln sich und die Geschmacksstoffe werden w\u00e4hrend des gesamten Garvorgangs freigesetzt. Die Gr\u00f6\u00dfe des Gerichts erlaubt es Ihnen, dem Geist dieses gro\u00dfz\u00fcgigen Gerichts treu zu bleiben und 8 bis 10 G\u00e4ste zu bewirten. Und vergessen Sie nicht: Er ist so gut, dass wir empfehlen, ihn bei Tisch zu servieren!<\/p>\n<p>Einige Tipps zur Verwendung Ihrer Emile Henry-Tagine:<\/p>\n<p>Beginnen Sie die ersten 5 Minuten immer auf niedriger Stufe, um die Temperatur allm\u00e4hlich zu erh\u00f6hen. Erhitzen Sie den Boden Ihrer leeren Tajine nicht: Geben Sie immer ein wenig Wasser oder \u00d6l hinzu. Achten Sie darauf, dass sich w\u00e4hrend des Kochens immer Saft in der Tajine befindet. Falls erforderlich, k\u00f6nnen Sie ein kleines Glas Wasser hinzuf\u00fcgen. Halten Sie die Tajine w\u00e4hrend des Kochens geschlossen, Sie k\u00f6nnen sie nat\u00fcrlich schnell \u00f6ffnen, um weitere Zutaten und Gew\u00fcrze hinzuzuf\u00fcgen.<\/p>\n<p>L\u00e4nge\/Durchmesser: 32cm<br \/>\nBreite: 32 cm<br \/>\nH\u00f6he: 23 cm<br \/>\nGewicht \u2013 KG: 3.5 KG<br \/>\nH\u00f6chsttemperatur: 290 \u00b0C<br \/>\nMindesttemperatur: -20 \u00b0C<\/p>\n","protected":false},"excerpt":{"rendered":"<p>Tajine bedeutet Begegnungen und Gro\u00dfz\u00fcgigkeit. Verschiedene Gegens\u00e4tze, gemeinsame W\u00fcnsche und Erinnerungen. Es ist auch eines der wenigen Rezepte, das sowohl ein Gericht\u2026 als auch das Gericht, in dem es zubereitet wird, benennt. Ein Beweis daf\u00fcr, wie wichtig es bei der Vorbereitung ist, gut umgeben zu sein. Unsere \u201cTajine\u201d soll dieses Reisegericht mit seiner W\u00e4rme, seiner [&hellip;]<\/p>\n","protected":false},"featured_media":6355482,"template":"","meta":{"_acf_changed":false},"product_cat":[11667,12133,12099],"product_tag":[],"class_list":{"0":"post-51030","1":"product","2":"type-product","3":"status-publish","4":"has-post-thumbnail","6":"product_cat-padelle-pentole","7":"product_cat-tajine-de","8":"product_cat-toepfe-pfannen","10":"first","11":"outofstock","12":"sale","13":"taxable","14":"shipping-taxable","15":"purchasable","16":"product-type-simple","swatches":"rey-swatches","show_selected":"","stretch_labels":"rey-swatches--stretch-labels"},"acf":[],"yoast_head":"<!-- This site is optimized with the Yoast SEO plugin v25.4 - https:\/\/yoast.com\/wordpress\/plugins\/seo\/ -->\n<title>EMILE HENRY Tajine 32 cm Grand Cru - dev6 Erresse<\/title>\n<meta name=\"description\" content=\"Tajine bedeutet Begegnungen und Gro\u00dfz\u00fcgigkeit. Verschiedene Gegens\u00e4tze, gemeinsame W\u00fcnsche und Erinnerungen. Es ist auch eines der wenigen Rezepte, das\" \/>\n<meta name=\"robots\" content=\"noindex, follow, max-snippet:-1, max-image-preview:large, max-video-preview:-1\" \/>\n<meta property=\"og:locale\" content=\"de_DE\" \/>\n<meta property=\"og:type\" content=\"article\" \/>\n<meta property=\"og:title\" content=\"EMILE HENRY Tajine 32 cm Grand Cru - dev6 Erresse\" \/>\n<meta property=\"og:description\" content=\"Tajine bedeutet Begegnungen und Gro\u00dfz\u00fcgigkeit. Verschiedene Gegens\u00e4tze, gemeinsame W\u00fcnsche und Erinnerungen. Es ist auch eines der wenigen Rezepte, das\" \/>\n<meta property=\"og:url\" content=\"https:\/\/dev6.erresse-shop.it\/de\/shop\/toepfe-pfannen\/tajine-de\/emile-henry-tajine-32-cm-grand-cru\/\" \/>\n<meta property=\"og:site_name\" content=\"dev6 Erresse\" \/>\n<meta property=\"og:image\" content=\"https:\/\/interpim.erresse-shop.it\/Import\/Prodotti\/emile-henry-tajine-rosso-32cm-3.jpg\" \/><meta property=\"og:image\" content=\"https:\/\/interpim.erresse-shop.it\/Import\/Prodotti\/emile-henry-tajine-rosso-32cm-3.jpg\" \/>\n\t<meta property=\"og:image:width\" content=\"1024\" \/>\n\t<meta property=\"og:image:height\" content=\"1024\" \/>\n\t<meta property=\"og:image:type\" content=\"image\/jpeg\" \/>\n<meta name=\"twitter:card\" content=\"summary_large_image\" \/>\n<meta name=\"twitter:image\" content=\"https:\/\/interpim.erresse-shop.it\/Import\/Prodotti\/emile-henry-tajine-rosso-32cm-3.jpg\" \/>\n<script type=\"application\/ld+json\" class=\"yoast-schema-graph\">{\"@context\":\"https:\/\/schema.org\",\"@graph\":[{\"@type\":\"WebPage\",\"@id\":\"https:\/\/dev6.erresse-shop.it\/de\/shop\/toepfe-pfannen\/tajine-de\/emile-henry-tajine-32-cm-grand-cru\/\",\"url\":\"https:\/\/dev6.erresse-shop.it\/de\/shop\/toepfe-pfannen\/tajine-de\/emile-henry-tajine-32-cm-grand-cru\/\",\"name\":\"EMILE HENRY Tajine 32 cm Grand Cru - dev6 Erresse\",\"isPartOf\":{\"@id\":\"https:\/\/dev6.erresse-shop.it\/#website\"},\"primaryImageOfPage\":{\"@id\":\"https:\/\/dev6.erresse-shop.it\/de\/shop\/toepfe-pfannen\/tajine-de\/emile-henry-tajine-32-cm-grand-cru\/#primaryimage\"},\"image\":{\"@id\":\"https:\/\/dev6.erresse-shop.it\/de\/shop\/toepfe-pfannen\/tajine-de\/emile-henry-tajine-32-cm-grand-cru\/#primaryimage\"},\"thumbnailUrl\":\"https:\/\/i2.wp.com\/interpim.erresse-shop.it\/Import\/Prodotti\/emile-henry-tajine-rosso-32cm-3.jpg?ssl=1\",\"datePublished\":\"2026-04-12T06:57:46+00:00\",\"description\":\"Tajine bedeutet Begegnungen und Gro\u00dfz\u00fcgigkeit. Verschiedene Gegens\u00e4tze, gemeinsame W\u00fcnsche und Erinnerungen. Es ist auch eines der wenigen Rezepte, das\",\"breadcrumb\":{\"@id\":\"https:\/\/dev6.erresse-shop.it\/de\/shop\/toepfe-pfannen\/tajine-de\/emile-henry-tajine-32-cm-grand-cru\/#breadcrumb\"},\"inLanguage\":\"de\",\"potentialAction\":[{\"@type\":\"ReadAction\",\"target\":[\"https:\/\/dev6.erresse-shop.it\/de\/shop\/toepfe-pfannen\/tajine-de\/emile-henry-tajine-32-cm-grand-cru\/\"]}]},{\"@type\":\"ImageObject\",\"inLanguage\":\"de\",\"@id\":\"https:\/\/dev6.erresse-shop.it\/de\/shop\/toepfe-pfannen\/tajine-de\/emile-henry-tajine-32-cm-grand-cru\/#primaryimage\",\"url\":\"https:\/\/i2.wp.com\/interpim.erresse-shop.it\/Import\/Prodotti\/emile-henry-tajine-rosso-32cm-3.jpg?ssl=1\",\"contentUrl\":\"https:\/\/i2.wp.com\/interpim.erresse-shop.it\/Import\/Prodotti\/emile-henry-tajine-rosso-32cm-3.jpg?ssl=1\"},{\"@type\":\"BreadcrumbList\",\"@id\":\"https:\/\/dev6.erresse-shop.it\/de\/shop\/toepfe-pfannen\/tajine-de\/emile-henry-tajine-32-cm-grand-cru\/#breadcrumb\",\"itemListElement\":[{\"@type\":\"ListItem\",\"position\":1,\"name\":\"Home\",\"item\":\"https:\/\/dev6.erresse-shop.it\/\"},{\"@type\":\"ListItem\",\"position\":2,\"name\":\"Shop\",\"item\":\"https:\/\/dev6.erresse-shop.it\/shop\/\"},{\"@type\":\"ListItem\",\"position\":3,\"name\":\"EMILE HENRY Tajine 32 cm Grand Cru\"}]},{\"@type\":\"WebSite\",\"@id\":\"https:\/\/dev6.erresse-shop.it\/#website\",\"url\":\"https:\/\/dev6.erresse-shop.it\/\",\"name\":\"Erresse Shop\",\"description\":\"\",\"publisher\":{\"@id\":\"https:\/\/dev6.erresse-shop.it\/#organization\"},\"potentialAction\":[{\"@type\":\"SearchAction\",\"target\":{\"@type\":\"EntryPoint\",\"urlTemplate\":\"https:\/\/dev6.erresse-shop.it\/?s={search_term_string}\"},\"query-input\":{\"@type\":\"PropertyValueSpecification\",\"valueRequired\":true,\"valueName\":\"search_term_string\"}}],\"inLanguage\":\"de\"},{\"@type\":\"Organization\",\"@id\":\"https:\/\/dev6.erresse-shop.it\/#organization\",\"name\":\"Erresse Shop\",\"url\":\"https:\/\/dev6.erresse-shop.it\/\",\"logo\":{\"@type\":\"ImageObject\",\"inLanguage\":\"de\",\"@id\":\"https:\/\/dev6.erresse-shop.it\/#\/schema\/logo\/image\/\",\"url\":\"https:\/\/dev6.erresse-shop.it\/wp-content\/uploads\/2025\/01\/LOGO-ERRESSE-CLASSICO.svg\",\"contentUrl\":\"https:\/\/dev6.erresse-shop.it\/wp-content\/uploads\/2025\/01\/LOGO-ERRESSE-CLASSICO.svg\",\"caption\":\"Erresse Shop\"},\"image\":{\"@id\":\"https:\/\/dev6.erresse-shop.it\/#\/schema\/logo\/image\/\"}}]}<\/script>\n<!-- \/ Yoast SEO plugin. -->","yoast_head_json":{"title":"EMILE HENRY Tajine 32 cm Grand Cru - dev6 Erresse","description":"Tajine bedeutet Begegnungen und Gro\u00dfz\u00fcgigkeit. Verschiedene Gegens\u00e4tze, gemeinsame W\u00fcnsche und Erinnerungen. Es ist auch eines der wenigen Rezepte, das","robots":{"index":"noindex","follow":"follow","max-snippet":"max-snippet:-1","max-image-preview":"max-image-preview:large","max-video-preview":"max-video-preview:-1"},"og_locale":"de_DE","og_type":"article","og_title":"EMILE HENRY Tajine 32 cm Grand Cru - dev6 Erresse","og_description":"Tajine bedeutet Begegnungen und Gro\u00dfz\u00fcgigkeit. Verschiedene Gegens\u00e4tze, gemeinsame W\u00fcnsche und Erinnerungen. Es ist auch eines der wenigen Rezepte, das","og_url":"https:\/\/dev6.erresse-shop.it\/de\/shop\/toepfe-pfannen\/tajine-de\/emile-henry-tajine-32-cm-grand-cru\/","og_site_name":"dev6 Erresse","og_image":[{"url":"https:\/\/interpim.erresse-shop.it\/Import\/Prodotti\/emile-henry-tajine-rosso-32cm-3.jpg","type":"","width":"","height":""},{"url":"https:\/\/interpim.erresse-shop.it\/Import\/Prodotti\/emile-henry-tajine-rosso-32cm-3.jpg","width":1024,"height":1024,"type":"image\/jpeg"}],"twitter_card":"summary_large_image","twitter_image":"https:\/\/interpim.erresse-shop.it\/Import\/Prodotti\/emile-henry-tajine-rosso-32cm-3.jpg","schema":{"@context":"https:\/\/schema.org","@graph":[{"@type":"WebPage","@id":"https:\/\/dev6.erresse-shop.it\/de\/shop\/toepfe-pfannen\/tajine-de\/emile-henry-tajine-32-cm-grand-cru\/","url":"https:\/\/dev6.erresse-shop.it\/de\/shop\/toepfe-pfannen\/tajine-de\/emile-henry-tajine-32-cm-grand-cru\/","name":"EMILE HENRY Tajine 32 cm Grand Cru - dev6 Erresse","isPartOf":{"@id":"https:\/\/dev6.erresse-shop.it\/#website"},"primaryImageOfPage":{"@id":"https:\/\/dev6.erresse-shop.it\/de\/shop\/toepfe-pfannen\/tajine-de\/emile-henry-tajine-32-cm-grand-cru\/#primaryimage"},"image":{"@id":"https:\/\/dev6.erresse-shop.it\/de\/shop\/toepfe-pfannen\/tajine-de\/emile-henry-tajine-32-cm-grand-cru\/#primaryimage"},"thumbnailUrl":"https:\/\/i2.wp.com\/interpim.erresse-shop.it\/Import\/Prodotti\/emile-henry-tajine-rosso-32cm-3.jpg?ssl=1","datePublished":"2026-04-12T06:57:46+00:00","description":"Tajine bedeutet Begegnungen und Gro\u00dfz\u00fcgigkeit. Verschiedene Gegens\u00e4tze, gemeinsame W\u00fcnsche und Erinnerungen. Es ist auch eines der wenigen Rezepte, das","breadcrumb":{"@id":"https:\/\/dev6.erresse-shop.it\/de\/shop\/toepfe-pfannen\/tajine-de\/emile-henry-tajine-32-cm-grand-cru\/#breadcrumb"},"inLanguage":"de","potentialAction":[{"@type":"ReadAction","target":["https:\/\/dev6.erresse-shop.it\/de\/shop\/toepfe-pfannen\/tajine-de\/emile-henry-tajine-32-cm-grand-cru\/"]}]},{"@type":"ImageObject","inLanguage":"de","@id":"https:\/\/dev6.erresse-shop.it\/de\/shop\/toepfe-pfannen\/tajine-de\/emile-henry-tajine-32-cm-grand-cru\/#primaryimage","url":"https:\/\/i2.wp.com\/interpim.erresse-shop.it\/Import\/Prodotti\/emile-henry-tajine-rosso-32cm-3.jpg?ssl=1","contentUrl":"https:\/\/i2.wp.com\/interpim.erresse-shop.it\/Import\/Prodotti\/emile-henry-tajine-rosso-32cm-3.jpg?ssl=1"},{"@type":"BreadcrumbList","@id":"https:\/\/dev6.erresse-shop.it\/de\/shop\/toepfe-pfannen\/tajine-de\/emile-henry-tajine-32-cm-grand-cru\/#breadcrumb","itemListElement":[{"@type":"ListItem","position":1,"name":"Home","item":"https:\/\/dev6.erresse-shop.it\/"},{"@type":"ListItem","position":2,"name":"Shop","item":"https:\/\/dev6.erresse-shop.it\/shop\/"},{"@type":"ListItem","position":3,"name":"EMILE HENRY Tajine 32 cm Grand Cru"}]},{"@type":"WebSite","@id":"https:\/\/dev6.erresse-shop.it\/#website","url":"https:\/\/dev6.erresse-shop.it\/","name":"Erresse Shop","description":"","publisher":{"@id":"https:\/\/dev6.erresse-shop.it\/#organization"},"potentialAction":[{"@type":"SearchAction","target":{"@type":"EntryPoint","urlTemplate":"https:\/\/dev6.erresse-shop.it\/?s={search_term_string}"},"query-input":{"@type":"PropertyValueSpecification","valueRequired":true,"valueName":"search_term_string"}}],"inLanguage":"de"},{"@type":"Organization","@id":"https:\/\/dev6.erresse-shop.it\/#organization","name":"Erresse Shop","url":"https:\/\/dev6.erresse-shop.it\/","logo":{"@type":"ImageObject","inLanguage":"de","@id":"https:\/\/dev6.erresse-shop.it\/#\/schema\/logo\/image\/","url":"https:\/\/dev6.erresse-shop.it\/wp-content\/uploads\/2025\/01\/LOGO-ERRESSE-CLASSICO.svg","contentUrl":"https:\/\/dev6.erresse-shop.it\/wp-content\/uploads\/2025\/01\/LOGO-ERRESSE-CLASSICO.svg","caption":"Erresse Shop"},"image":{"@id":"https:\/\/dev6.erresse-shop.it\/#\/schema\/logo\/image\/"}}]}},"df_price":99.95,"df_sale_price":99.95,"df_regular_price":142.5,"df_image_link":"https:\/\/i2.wp.com\/interpim.erresse-shop.it\/Import\/Prodotti\/emile-henry-tajine-rosso-32cm-3.jpg?resize=300,300&ssl=1","fifu_image_url":"https:\/\/interpim.erresse-shop.it\/Import\/Prodotti\/emile-henry-tajine-rosso-32cm-3.jpg","_links":{"self":[{"href":"https:\/\/dev6.erresse-shop.it\/de\/wp-json\/wp\/v2\/product\/51030","targetHints":{"allow":["GET"]}}],"collection":[{"href":"https:\/\/dev6.erresse-shop.it\/de\/wp-json\/wp\/v2\/product"}],"about":[{"href":"https:\/\/dev6.erresse-shop.it\/de\/wp-json\/wp\/v2\/types\/product"}],"wp:featuredmedia":[{"embeddable":true,"href":"https:\/\/dev6.erresse-shop.it\/de\/wp-json\/wp\/v2\/media\/6355482"}],"wp:attachment":[{"href":"https:\/\/dev6.erresse-shop.it\/de\/wp-json\/wp\/v2\/media?parent=51030"}],"wp:term":[{"taxonomy":"product_cat","embeddable":true,"href":"https:\/\/dev6.erresse-shop.it\/de\/wp-json\/wp\/v2\/product_cat?post=51030"},{"taxonomy":"product_tag","embeddable":true,"href":"https:\/\/dev6.erresse-shop.it\/de\/wp-json\/wp\/v2\/product_tag?post=51030"}],"curies":[{"name":"wp","href":"https:\/\/api.w.org\/{rel}","templated":true}]}}