{"id":50994,"date":"2026-04-12T08:57:46","date_gmt":"2026-04-12T06:57:46","guid":{"rendered":"https:\/\/dev6.erresse-shop.it\/shop\/unkategorisiert\/brabantia-mindset-aufbewahrungsbox-weiss\/"},"modified":"2025-07-03T20:13:21","modified_gmt":"2025-07-03T18:13:21","slug":"brabantia-mindset-aufbewahrungsbox-weiss","status":"publish","type":"product","link":"https:\/\/dev6.erresse-shop.it\/de\/shop\/einrichtung-haus\/badezimmer\/brabantia-mindset-aufbewahrungsbox-weiss\/","title":{"rendered":"BRABANTIA MindSet Aufbewahrungsbox Wei\u00df"},"content":{"rendered":"<p>Es sind die kleinen Dinge, die uns gl\u00fccklich machen. Wie diese h\u00fcbsche MindSet Aufbewahrungsbox von Brabantia mit Deckel. Ein h\u00fcbsches Metallgef\u00e4\u00df f\u00fcr all die kleinen Dinge, die man zusammen aufbewahren m\u00f6chte. Ideal f\u00fcr Q-Tips oder Abschminkt\u00fccher: Der Deckel h\u00e4lt sie trocken und sch\u00fctzt sie vor Staub. Ein perfekter Beh\u00e4lter.<\/p>\n<p>Vorteile und Merkmale<\/p>\n<p>Organisation f\u00fcr kleine Gegenst\u00e4nde \u2013 ideal f\u00fcr Q-Tips, T\u00fccher, Schmuck oder Haarschmuck.<br \/>\nHygienisch \u2013 der Soft-Touch-Deckel h\u00e4lt Staub fern.<br \/>\nLeicht zu reinigen \u2013 Metallgeh\u00e4use mit abnehmbarem Silikondeckel.<br \/>\nStabiler, kratzfester \u2013 solider Sockel.<br \/>\nRaue Oberfl\u00e4che \u2013 moderne Mineralbeschichtung.<br \/>\nIdeal f\u00fcr Nassbereiche \u2013 aus korrosionsfreien Materialien.<br \/>\nSorgloser Einsatz \u2013 5 Jahre Garantie und Service.<br \/>\nEine nachhaltigere Wahl \u2013 hergestellt aus 32 % recyceltem Material, das nach Gebrauch zu 81 % wiederverwertet werden kann.<\/p>\n<p>Abmessungen<br \/>\nH\u00f6he: 9,5 cm<br \/>\nL\u00e4nge: 8 cm<br \/>\nBreite: 9,5 cm<\/p>\n<p>Garantie<br \/>\n5 Jahre<\/p>\n","protected":false},"excerpt":{"rendered":"<p>Es sind die kleinen Dinge, die uns gl\u00fccklich machen. Wie diese h\u00fcbsche MindSet Aufbewahrungsbox von Brabantia mit Deckel. Ein h\u00fcbsches Metallgef\u00e4\u00df f\u00fcr all die kleinen Dinge, die man zusammen aufbewahren m\u00f6chte. Ideal f\u00fcr Q-Tips oder Abschminkt\u00fccher: Der Deckel h\u00e4lt sie trocken und sch\u00fctzt sie vor Staub. Ein perfekter Beh\u00e4lter. Vorteile und Merkmale Organisation f\u00fcr kleine [&hellip;]<\/p>\n","protected":false},"featured_media":6355440,"template":"","meta":{"_acf_changed":false},"product_cat":[12182,12098],"product_tag":[],"class_list":{"0":"post-50994","1":"product","2":"type-product","3":"status-publish","4":"has-post-thumbnail","6":"product_cat-badezimmer","7":"product_cat-einrichtung-haus","9":"first","10":"outofstock","11":"taxable","12":"shipping-taxable","13":"product-type-simple","swatches":"rey-swatches","show_selected":"","stretch_labels":"rey-swatches--stretch-labels"},"acf":[],"yoast_head":"<!-- This site is optimized with the Yoast SEO plugin v25.4 - https:\/\/yoast.com\/wordpress\/plugins\/seo\/ -->\n<title>BRABANTIA MindSet Aufbewahrungsbox Wei\u00df - dev6 Erresse<\/title>\n<meta name=\"description\" content=\"Es sind die kleinen Dinge, die uns gl\u00fccklich machen. Wie diese h\u00fcbsche MindSet Aufbewahrungsbox von Brabantia mit Deckel. Ein h\u00fcbsches Metallgef\u00e4\u00df f\u00fcr all\" \/>\n<meta name=\"robots\" content=\"noindex, follow, max-snippet:-1, max-image-preview:large, max-video-preview:-1\" \/>\n<meta property=\"og:locale\" content=\"de_DE\" \/>\n<meta property=\"og:type\" content=\"article\" \/>\n<meta property=\"og:title\" content=\"BRABANTIA MindSet Aufbewahrungsbox Wei\u00df - dev6 Erresse\" \/>\n<meta property=\"og:description\" content=\"Es sind die kleinen Dinge, die uns gl\u00fccklich machen. Wie diese h\u00fcbsche MindSet Aufbewahrungsbox von Brabantia mit Deckel. Ein h\u00fcbsches Metallgef\u00e4\u00df f\u00fcr all\" \/>\n<meta property=\"og:url\" content=\"https:\/\/dev6.erresse-shop.it\/de\/shop\/einrichtung-haus\/badezimmer\/brabantia-mindset-aufbewahrungsbox-weiss\/\" \/>\n<meta property=\"og:site_name\" content=\"dev6 Erresse\" \/>\n<meta property=\"og:image\" content=\"https:\/\/interpim.erresse-shop.it\/Import\/Prodotti\/brabantia-mindset-contenitore-portaoggetti.jpg\" \/><meta property=\"og:image\" content=\"https:\/\/interpim.erresse-shop.it\/Import\/Prodotti\/brabantia-mindset-contenitore-portaoggetti.jpg\" \/>\n\t<meta property=\"og:image:width\" content=\"1024\" \/>\n\t<meta property=\"og:image:height\" content=\"1024\" \/>\n\t<meta property=\"og:image:type\" content=\"image\/jpeg\" \/>\n<meta name=\"twitter:card\" content=\"summary_large_image\" \/>\n<meta name=\"twitter:image\" content=\"https:\/\/interpim.erresse-shop.it\/Import\/Prodotti\/brabantia-mindset-contenitore-portaoggetti.jpg\" \/>\n<script type=\"application\/ld+json\" class=\"yoast-schema-graph\">{\"@context\":\"https:\/\/schema.org\",\"@graph\":[{\"@type\":\"WebPage\",\"@id\":\"https:\/\/dev6.erresse-shop.it\/de\/shop\/einrichtung-haus\/badezimmer\/brabantia-mindset-aufbewahrungsbox-weiss\/\",\"url\":\"https:\/\/dev6.erresse-shop.it\/de\/shop\/einrichtung-haus\/badezimmer\/brabantia-mindset-aufbewahrungsbox-weiss\/\",\"name\":\"BRABANTIA MindSet Aufbewahrungsbox Wei\u00df - dev6 Erresse\",\"isPartOf\":{\"@id\":\"https:\/\/dev6.erresse-shop.it\/#website\"},\"primaryImageOfPage\":{\"@id\":\"https:\/\/dev6.erresse-shop.it\/de\/shop\/einrichtung-haus\/badezimmer\/brabantia-mindset-aufbewahrungsbox-weiss\/#primaryimage\"},\"image\":{\"@id\":\"https:\/\/dev6.erresse-shop.it\/de\/shop\/einrichtung-haus\/badezimmer\/brabantia-mindset-aufbewahrungsbox-weiss\/#primaryimage\"},\"thumbnailUrl\":\"https:\/\/i3.wp.com\/interpim.erresse-shop.it\/Import\/Prodotti\/brabantia-mindset-contenitore-portaoggetti.jpg?ssl=1\",\"datePublished\":\"2026-04-12T06:57:46+00:00\",\"description\":\"Es sind die kleinen Dinge, die uns gl\u00fccklich machen. Wie diese h\u00fcbsche MindSet Aufbewahrungsbox von Brabantia mit Deckel. Ein h\u00fcbsches Metallgef\u00e4\u00df f\u00fcr all\",\"breadcrumb\":{\"@id\":\"https:\/\/dev6.erresse-shop.it\/de\/shop\/einrichtung-haus\/badezimmer\/brabantia-mindset-aufbewahrungsbox-weiss\/#breadcrumb\"},\"inLanguage\":\"de\",\"potentialAction\":[{\"@type\":\"ReadAction\",\"target\":[\"https:\/\/dev6.erresse-shop.it\/de\/shop\/einrichtung-haus\/badezimmer\/brabantia-mindset-aufbewahrungsbox-weiss\/\"]}]},{\"@type\":\"ImageObject\",\"inLanguage\":\"de\",\"@id\":\"https:\/\/dev6.erresse-shop.it\/de\/shop\/einrichtung-haus\/badezimmer\/brabantia-mindset-aufbewahrungsbox-weiss\/#primaryimage\",\"url\":\"https:\/\/i3.wp.com\/interpim.erresse-shop.it\/Import\/Prodotti\/brabantia-mindset-contenitore-portaoggetti.jpg?ssl=1\",\"contentUrl\":\"https:\/\/i3.wp.com\/interpim.erresse-shop.it\/Import\/Prodotti\/brabantia-mindset-contenitore-portaoggetti.jpg?ssl=1\"},{\"@type\":\"BreadcrumbList\",\"@id\":\"https:\/\/dev6.erresse-shop.it\/de\/shop\/einrichtung-haus\/badezimmer\/brabantia-mindset-aufbewahrungsbox-weiss\/#breadcrumb\",\"itemListElement\":[{\"@type\":\"ListItem\",\"position\":1,\"name\":\"Home\",\"item\":\"https:\/\/dev6.erresse-shop.it\/\"},{\"@type\":\"ListItem\",\"position\":2,\"name\":\"Shop\",\"item\":\"https:\/\/dev6.erresse-shop.it\/shop\/\"},{\"@type\":\"ListItem\",\"position\":3,\"name\":\"BRABANTIA MindSet Aufbewahrungsbox Wei\u00df\"}]},{\"@type\":\"WebSite\",\"@id\":\"https:\/\/dev6.erresse-shop.it\/#website\",\"url\":\"https:\/\/dev6.erresse-shop.it\/\",\"name\":\"Erresse Shop\",\"description\":\"\",\"publisher\":{\"@id\":\"https:\/\/dev6.erresse-shop.it\/#organization\"},\"potentialAction\":[{\"@type\":\"SearchAction\",\"target\":{\"@type\":\"EntryPoint\",\"urlTemplate\":\"https:\/\/dev6.erresse-shop.it\/?s={search_term_string}\"},\"query-input\":{\"@type\":\"PropertyValueSpecification\",\"valueRequired\":true,\"valueName\":\"search_term_string\"}}],\"inLanguage\":\"de\"},{\"@type\":\"Organization\",\"@id\":\"https:\/\/dev6.erresse-shop.it\/#organization\",\"name\":\"Erresse Shop\",\"url\":\"https:\/\/dev6.erresse-shop.it\/\",\"logo\":{\"@type\":\"ImageObject\",\"inLanguage\":\"de\",\"@id\":\"https:\/\/dev6.erresse-shop.it\/#\/schema\/logo\/image\/\",\"url\":\"https:\/\/dev6.erresse-shop.it\/wp-content\/uploads\/2025\/01\/LOGO-ERRESSE-CLASSICO.svg\",\"contentUrl\":\"https:\/\/dev6.erresse-shop.it\/wp-content\/uploads\/2025\/01\/LOGO-ERRESSE-CLASSICO.svg\",\"caption\":\"Erresse Shop\"},\"image\":{\"@id\":\"https:\/\/dev6.erresse-shop.it\/#\/schema\/logo\/image\/\"}}]}<\/script>\n<!-- \/ Yoast SEO plugin. -->","yoast_head_json":{"title":"BRABANTIA MindSet Aufbewahrungsbox Wei\u00df - dev6 Erresse","description":"Es sind die kleinen Dinge, die uns gl\u00fccklich machen. Wie diese h\u00fcbsche MindSet Aufbewahrungsbox von Brabantia mit Deckel. Ein h\u00fcbsches Metallgef\u00e4\u00df f\u00fcr all","robots":{"index":"noindex","follow":"follow","max-snippet":"max-snippet:-1","max-image-preview":"max-image-preview:large","max-video-preview":"max-video-preview:-1"},"og_locale":"de_DE","og_type":"article","og_title":"BRABANTIA MindSet Aufbewahrungsbox Wei\u00df - dev6 Erresse","og_description":"Es sind die kleinen Dinge, die uns gl\u00fccklich machen. Wie diese h\u00fcbsche MindSet Aufbewahrungsbox von Brabantia mit Deckel. Ein h\u00fcbsches Metallgef\u00e4\u00df f\u00fcr all","og_url":"https:\/\/dev6.erresse-shop.it\/de\/shop\/einrichtung-haus\/badezimmer\/brabantia-mindset-aufbewahrungsbox-weiss\/","og_site_name":"dev6 Erresse","og_image":[{"url":"https:\/\/interpim.erresse-shop.it\/Import\/Prodotti\/brabantia-mindset-contenitore-portaoggetti.jpg","type":"","width":"","height":""},{"url":"https:\/\/interpim.erresse-shop.it\/Import\/Prodotti\/brabantia-mindset-contenitore-portaoggetti.jpg","width":1024,"height":1024,"type":"image\/jpeg"}],"twitter_card":"summary_large_image","twitter_image":"https:\/\/interpim.erresse-shop.it\/Import\/Prodotti\/brabantia-mindset-contenitore-portaoggetti.jpg","schema":{"@context":"https:\/\/schema.org","@graph":[{"@type":"WebPage","@id":"https:\/\/dev6.erresse-shop.it\/de\/shop\/einrichtung-haus\/badezimmer\/brabantia-mindset-aufbewahrungsbox-weiss\/","url":"https:\/\/dev6.erresse-shop.it\/de\/shop\/einrichtung-haus\/badezimmer\/brabantia-mindset-aufbewahrungsbox-weiss\/","name":"BRABANTIA MindSet Aufbewahrungsbox Wei\u00df - dev6 Erresse","isPartOf":{"@id":"https:\/\/dev6.erresse-shop.it\/#website"},"primaryImageOfPage":{"@id":"https:\/\/dev6.erresse-shop.it\/de\/shop\/einrichtung-haus\/badezimmer\/brabantia-mindset-aufbewahrungsbox-weiss\/#primaryimage"},"image":{"@id":"https:\/\/dev6.erresse-shop.it\/de\/shop\/einrichtung-haus\/badezimmer\/brabantia-mindset-aufbewahrungsbox-weiss\/#primaryimage"},"thumbnailUrl":"https:\/\/i3.wp.com\/interpim.erresse-shop.it\/Import\/Prodotti\/brabantia-mindset-contenitore-portaoggetti.jpg?ssl=1","datePublished":"2026-04-12T06:57:46+00:00","description":"Es sind die kleinen Dinge, die uns gl\u00fccklich machen. Wie diese h\u00fcbsche MindSet Aufbewahrungsbox von Brabantia mit Deckel. Ein h\u00fcbsches Metallgef\u00e4\u00df f\u00fcr all","breadcrumb":{"@id":"https:\/\/dev6.erresse-shop.it\/de\/shop\/einrichtung-haus\/badezimmer\/brabantia-mindset-aufbewahrungsbox-weiss\/#breadcrumb"},"inLanguage":"de","potentialAction":[{"@type":"ReadAction","target":["https:\/\/dev6.erresse-shop.it\/de\/shop\/einrichtung-haus\/badezimmer\/brabantia-mindset-aufbewahrungsbox-weiss\/"]}]},{"@type":"ImageObject","inLanguage":"de","@id":"https:\/\/dev6.erresse-shop.it\/de\/shop\/einrichtung-haus\/badezimmer\/brabantia-mindset-aufbewahrungsbox-weiss\/#primaryimage","url":"https:\/\/i3.wp.com\/interpim.erresse-shop.it\/Import\/Prodotti\/brabantia-mindset-contenitore-portaoggetti.jpg?ssl=1","contentUrl":"https:\/\/i3.wp.com\/interpim.erresse-shop.it\/Import\/Prodotti\/brabantia-mindset-contenitore-portaoggetti.jpg?ssl=1"},{"@type":"BreadcrumbList","@id":"https:\/\/dev6.erresse-shop.it\/de\/shop\/einrichtung-haus\/badezimmer\/brabantia-mindset-aufbewahrungsbox-weiss\/#breadcrumb","itemListElement":[{"@type":"ListItem","position":1,"name":"Home","item":"https:\/\/dev6.erresse-shop.it\/"},{"@type":"ListItem","position":2,"name":"Shop","item":"https:\/\/dev6.erresse-shop.it\/shop\/"},{"@type":"ListItem","position":3,"name":"BRABANTIA MindSet Aufbewahrungsbox Wei\u00df"}]},{"@type":"WebSite","@id":"https:\/\/dev6.erresse-shop.it\/#website","url":"https:\/\/dev6.erresse-shop.it\/","name":"Erresse Shop","description":"","publisher":{"@id":"https:\/\/dev6.erresse-shop.it\/#organization"},"potentialAction":[{"@type":"SearchAction","target":{"@type":"EntryPoint","urlTemplate":"https:\/\/dev6.erresse-shop.it\/?s={search_term_string}"},"query-input":{"@type":"PropertyValueSpecification","valueRequired":true,"valueName":"search_term_string"}}],"inLanguage":"de"},{"@type":"Organization","@id":"https:\/\/dev6.erresse-shop.it\/#organization","name":"Erresse Shop","url":"https:\/\/dev6.erresse-shop.it\/","logo":{"@type":"ImageObject","inLanguage":"de","@id":"https:\/\/dev6.erresse-shop.it\/#\/schema\/logo\/image\/","url":"https:\/\/dev6.erresse-shop.it\/wp-content\/uploads\/2025\/01\/LOGO-ERRESSE-CLASSICO.svg","contentUrl":"https:\/\/dev6.erresse-shop.it\/wp-content\/uploads\/2025\/01\/LOGO-ERRESSE-CLASSICO.svg","caption":"Erresse Shop"},"image":{"@id":"https:\/\/dev6.erresse-shop.it\/#\/schema\/logo\/image\/"}}]}},"df_price":"","df_sale_price":"","df_regular_price":"","df_image_link":"https:\/\/i3.wp.com\/interpim.erresse-shop.it\/Import\/Prodotti\/brabantia-mindset-contenitore-portaoggetti.jpg?resize=300,300&ssl=1","fifu_image_url":"https:\/\/interpim.erresse-shop.it\/Import\/Prodotti\/brabantia-mindset-contenitore-portaoggetti.jpg","_links":{"self":[{"href":"https:\/\/dev6.erresse-shop.it\/de\/wp-json\/wp\/v2\/product\/50994","targetHints":{"allow":["GET"]}}],"collection":[{"href":"https:\/\/dev6.erresse-shop.it\/de\/wp-json\/wp\/v2\/product"}],"about":[{"href":"https:\/\/dev6.erresse-shop.it\/de\/wp-json\/wp\/v2\/types\/product"}],"wp:featuredmedia":[{"embeddable":true,"href":"https:\/\/dev6.erresse-shop.it\/de\/wp-json\/wp\/v2\/media\/6355440"}],"wp:attachment":[{"href":"https:\/\/dev6.erresse-shop.it\/de\/wp-json\/wp\/v2\/media?parent=50994"}],"wp:term":[{"taxonomy":"product_cat","embeddable":true,"href":"https:\/\/dev6.erresse-shop.it\/de\/wp-json\/wp\/v2\/product_cat?post=50994"},{"taxonomy":"product_tag","embeddable":true,"href":"https:\/\/dev6.erresse-shop.it\/de\/wp-json\/wp\/v2\/product_tag?post=50994"}],"curies":[{"name":"wp","href":"https:\/\/api.w.org\/{rel}","templated":true}]}}