{"id":50988,"date":"2026-04-04T08:56:16","date_gmt":"2026-04-04T06:56:16","guid":{"rendered":"https:\/\/dev6.erresse-shop.it\/shop\/unkategorisiert\/brabantia-mindset-duschwanne-mit-abstreifer-grau\/"},"modified":"2025-07-03T20:13:15","modified_gmt":"2025-07-03T18:13:15","slug":"brabantia-mindset-duschwanne-mit-abstreifer-grau","status":"publish","type":"product","link":"https:\/\/dev6.erresse-shop.it\/de\/shop\/einrichtung-haus\/badezimmer\/brabantia-mindset-duschwanne-mit-abstreifer-grau\/","title":{"rendered":"BRABANTIA MindSet Duschwanne mit Abstreifer grau"},"content":{"rendered":"<p>Organisieren Sie Ihre Dusche auf einen Schlag komplett \u2013 schenken Sie sich diese clevere MindSet-Duschwanne mit Abzieher von Brabantia. Der Halter kann fr\u00f6hlich Ihr Shampoo oder Haargel halten. Der kleine Abzieher hat ein minimalistisches Design und ist f\u00fcr die m\u00fchelose Reinigung der Duscht\u00fcr und der Fliesen gedacht. Alles aufger\u00e4umt? Legen Sie es zur\u00fcck in die Halterung.<\/p>\n<p>Vorteile und Merkmale<\/p>\n<p>Alles zur Hand \u2013 bewahren Sie Ihr Shampoo, Duschgel oder Duschgel in der Halterung auf.<br \/>\nHygienisch \u2013 Wasser l\u00e4uft durch die praktischen L\u00f6cher im Boden ab.<br \/>\nStreifenfrei \u2013 inklusive Silikonabstreifer.<br \/>\nEinfach aufzubewahren \u2013 stecken Sie den Abzieher einfach in die Halterung.<br \/>\nEinfach aufzuh\u00e4ngen \u2013 Wandhalterung, Anleitung und Montagematerial im Lieferumfang enthalten.<br \/>\nIdeal f\u00fcr Nassbereiche \u2013 hergestellt aus korrosionsfreien Materialien.<br \/>\nStabil \u2013 kann bis zu 2 kg halten.<br \/>\nSorgenfreier Einsatz \u2013 10 Jahre Garantie und Service auf den Halter und 5 Jahre auf die Saugleiste.<br \/>\nEine nachhaltigere Wahl \u2013 hergestellt aus 10 % recyceltem Material, das nach dem Gebrauch zu 90 % recycelt werden kann.<\/p>\n<p>Abmessungen<br \/>\nH\u00f6he: 7,3 cm<br \/>\nL\u00e4nge: 9 cm<br \/>\nBreite: 42,1 cm<\/p>\n<p>Gew\u00e4hrleistungsmonate<br \/>\n5 Jahre<\/p>\n","protected":false},"excerpt":{"rendered":"<p>Organisieren Sie Ihre Dusche auf einen Schlag komplett \u2013 schenken Sie sich diese clevere MindSet-Duschwanne mit Abzieher von Brabantia. Der Halter kann fr\u00f6hlich Ihr Shampoo oder Haargel halten. Der kleine Abzieher hat ein minimalistisches Design und ist f\u00fcr die m\u00fchelose Reinigung der Duscht\u00fcr und der Fliesen gedacht. Alles aufger\u00e4umt? Legen Sie es zur\u00fcck in die [&hellip;]<\/p>\n","protected":false},"featured_media":6272134,"template":"","meta":{"_acf_changed":false},"product_cat":[12182,12098],"product_tag":[],"class_list":{"0":"post-50988","1":"product","2":"type-product","3":"status-publish","4":"has-post-thumbnail","6":"product_cat-badezimmer","7":"product_cat-einrichtung-haus","9":"first","10":"outofstock","11":"taxable","12":"shipping-taxable","13":"product-type-simple","swatches":"rey-swatches","show_selected":"","stretch_labels":"rey-swatches--stretch-labels"},"acf":[],"yoast_head":"<!-- This site is optimized with the Yoast SEO plugin v25.4 - https:\/\/yoast.com\/wordpress\/plugins\/seo\/ -->\n<title>BRABANTIA MindSet Duschwanne mit Abstreifer grau - dev6 Erresse<\/title>\n<meta name=\"description\" content=\"Organisieren Sie Ihre Dusche auf einen Schlag komplett \u2013 schenken Sie sich diese clevere MindSet-Duschwanne mit Abzieher von Brabantia. Der Halter kann\" \/>\n<meta name=\"robots\" content=\"noindex, follow, max-snippet:-1, max-image-preview:large, max-video-preview:-1\" \/>\n<meta property=\"og:locale\" content=\"de_DE\" \/>\n<meta property=\"og:type\" content=\"article\" \/>\n<meta property=\"og:title\" content=\"BRABANTIA MindSet Duschwanne mit Abstreifer grau - dev6 Erresse\" \/>\n<meta property=\"og:description\" content=\"Organisieren Sie Ihre Dusche auf einen Schlag komplett \u2013 schenken Sie sich diese clevere MindSet-Duschwanne mit Abzieher von Brabantia. Der Halter kann\" \/>\n<meta property=\"og:url\" content=\"https:\/\/dev6.erresse-shop.it\/de\/shop\/einrichtung-haus\/badezimmer\/brabantia-mindset-duschwanne-mit-abstreifer-grau\/\" \/>\n<meta property=\"og:site_name\" content=\"dev6 Erresse\" \/>\n<meta property=\"og:image\" content=\"https:\/\/interpim.erresse-shop.it\/Import\/Prodotti\/brabantia-mindset-portaoggetti-da-doccia-nero-2.jpg\" \/><meta property=\"og:image\" content=\"https:\/\/interpim.erresse-shop.it\/Import\/Prodotti\/brabantia-mindset-portaoggetti-da-doccia-nero-2.jpg\" \/>\n\t<meta property=\"og:image:width\" content=\"1024\" \/>\n\t<meta property=\"og:image:height\" content=\"1024\" \/>\n\t<meta property=\"og:image:type\" content=\"image\/jpeg\" \/>\n<meta name=\"twitter:card\" content=\"summary_large_image\" \/>\n<meta name=\"twitter:image\" content=\"https:\/\/interpim.erresse-shop.it\/Import\/Prodotti\/brabantia-mindset-portaoggetti-da-doccia-nero-2.jpg\" \/>\n<script type=\"application\/ld+json\" class=\"yoast-schema-graph\">{\"@context\":\"https:\/\/schema.org\",\"@graph\":[{\"@type\":\"WebPage\",\"@id\":\"https:\/\/dev6.erresse-shop.it\/de\/shop\/einrichtung-haus\/badezimmer\/brabantia-mindset-duschwanne-mit-abstreifer-grau\/\",\"url\":\"https:\/\/dev6.erresse-shop.it\/de\/shop\/einrichtung-haus\/badezimmer\/brabantia-mindset-duschwanne-mit-abstreifer-grau\/\",\"name\":\"BRABANTIA MindSet Duschwanne mit Abstreifer grau - dev6 Erresse\",\"isPartOf\":{\"@id\":\"https:\/\/dev6.erresse-shop.it\/#website\"},\"primaryImageOfPage\":{\"@id\":\"https:\/\/dev6.erresse-shop.it\/de\/shop\/einrichtung-haus\/badezimmer\/brabantia-mindset-duschwanne-mit-abstreifer-grau\/#primaryimage\"},\"image\":{\"@id\":\"https:\/\/dev6.erresse-shop.it\/de\/shop\/einrichtung-haus\/badezimmer\/brabantia-mindset-duschwanne-mit-abstreifer-grau\/#primaryimage\"},\"thumbnailUrl\":\"https:\/\/i2.wp.com\/interpim.erresse-shop.it\/Import\/Prodotti\/brabantia-mindset-portaoggetti-da-doccia-nero-2.jpg?ssl=1\",\"datePublished\":\"2026-04-04T06:56:16+00:00\",\"description\":\"Organisieren Sie Ihre Dusche auf einen Schlag komplett \u2013 schenken Sie sich diese clevere MindSet-Duschwanne mit Abzieher von Brabantia. Der Halter kann\",\"breadcrumb\":{\"@id\":\"https:\/\/dev6.erresse-shop.it\/de\/shop\/einrichtung-haus\/badezimmer\/brabantia-mindset-duschwanne-mit-abstreifer-grau\/#breadcrumb\"},\"inLanguage\":\"de\",\"potentialAction\":[{\"@type\":\"ReadAction\",\"target\":[\"https:\/\/dev6.erresse-shop.it\/de\/shop\/einrichtung-haus\/badezimmer\/brabantia-mindset-duschwanne-mit-abstreifer-grau\/\"]}]},{\"@type\":\"ImageObject\",\"inLanguage\":\"de\",\"@id\":\"https:\/\/dev6.erresse-shop.it\/de\/shop\/einrichtung-haus\/badezimmer\/brabantia-mindset-duschwanne-mit-abstreifer-grau\/#primaryimage\",\"url\":\"https:\/\/i2.wp.com\/interpim.erresse-shop.it\/Import\/Prodotti\/brabantia-mindset-portaoggetti-da-doccia-nero-2.jpg?ssl=1\",\"contentUrl\":\"https:\/\/i2.wp.com\/interpim.erresse-shop.it\/Import\/Prodotti\/brabantia-mindset-portaoggetti-da-doccia-nero-2.jpg?ssl=1\"},{\"@type\":\"BreadcrumbList\",\"@id\":\"https:\/\/dev6.erresse-shop.it\/de\/shop\/einrichtung-haus\/badezimmer\/brabantia-mindset-duschwanne-mit-abstreifer-grau\/#breadcrumb\",\"itemListElement\":[{\"@type\":\"ListItem\",\"position\":1,\"name\":\"Home\",\"item\":\"https:\/\/dev6.erresse-shop.it\/\"},{\"@type\":\"ListItem\",\"position\":2,\"name\":\"Shop\",\"item\":\"https:\/\/dev6.erresse-shop.it\/shop\/\"},{\"@type\":\"ListItem\",\"position\":3,\"name\":\"BRABANTIA MindSet Duschwanne mit Abstreifer grau\"}]},{\"@type\":\"WebSite\",\"@id\":\"https:\/\/dev6.erresse-shop.it\/#website\",\"url\":\"https:\/\/dev6.erresse-shop.it\/\",\"name\":\"Erresse Shop\",\"description\":\"\",\"publisher\":{\"@id\":\"https:\/\/dev6.erresse-shop.it\/#organization\"},\"potentialAction\":[{\"@type\":\"SearchAction\",\"target\":{\"@type\":\"EntryPoint\",\"urlTemplate\":\"https:\/\/dev6.erresse-shop.it\/?s={search_term_string}\"},\"query-input\":{\"@type\":\"PropertyValueSpecification\",\"valueRequired\":true,\"valueName\":\"search_term_string\"}}],\"inLanguage\":\"de\"},{\"@type\":\"Organization\",\"@id\":\"https:\/\/dev6.erresse-shop.it\/#organization\",\"name\":\"Erresse Shop\",\"url\":\"https:\/\/dev6.erresse-shop.it\/\",\"logo\":{\"@type\":\"ImageObject\",\"inLanguage\":\"de\",\"@id\":\"https:\/\/dev6.erresse-shop.it\/#\/schema\/logo\/image\/\",\"url\":\"https:\/\/dev6.erresse-shop.it\/wp-content\/uploads\/2025\/01\/LOGO-ERRESSE-CLASSICO.svg\",\"contentUrl\":\"https:\/\/dev6.erresse-shop.it\/wp-content\/uploads\/2025\/01\/LOGO-ERRESSE-CLASSICO.svg\",\"caption\":\"Erresse Shop\"},\"image\":{\"@id\":\"https:\/\/dev6.erresse-shop.it\/#\/schema\/logo\/image\/\"}}]}<\/script>\n<!-- \/ Yoast SEO plugin. -->","yoast_head_json":{"title":"BRABANTIA MindSet Duschwanne mit Abstreifer grau - dev6 Erresse","description":"Organisieren Sie Ihre Dusche auf einen Schlag komplett \u2013 schenken Sie sich diese clevere MindSet-Duschwanne mit Abzieher von Brabantia. Der Halter kann","robots":{"index":"noindex","follow":"follow","max-snippet":"max-snippet:-1","max-image-preview":"max-image-preview:large","max-video-preview":"max-video-preview:-1"},"og_locale":"de_DE","og_type":"article","og_title":"BRABANTIA MindSet Duschwanne mit Abstreifer grau - dev6 Erresse","og_description":"Organisieren Sie Ihre Dusche auf einen Schlag komplett \u2013 schenken Sie sich diese clevere MindSet-Duschwanne mit Abzieher von Brabantia. Der Halter kann","og_url":"https:\/\/dev6.erresse-shop.it\/de\/shop\/einrichtung-haus\/badezimmer\/brabantia-mindset-duschwanne-mit-abstreifer-grau\/","og_site_name":"dev6 Erresse","og_image":[{"url":"https:\/\/interpim.erresse-shop.it\/Import\/Prodotti\/brabantia-mindset-portaoggetti-da-doccia-nero-2.jpg","type":"","width":"","height":""},{"url":"https:\/\/interpim.erresse-shop.it\/Import\/Prodotti\/brabantia-mindset-portaoggetti-da-doccia-nero-2.jpg","width":1024,"height":1024,"type":"image\/jpeg"}],"twitter_card":"summary_large_image","twitter_image":"https:\/\/interpim.erresse-shop.it\/Import\/Prodotti\/brabantia-mindset-portaoggetti-da-doccia-nero-2.jpg","schema":{"@context":"https:\/\/schema.org","@graph":[{"@type":"WebPage","@id":"https:\/\/dev6.erresse-shop.it\/de\/shop\/einrichtung-haus\/badezimmer\/brabantia-mindset-duschwanne-mit-abstreifer-grau\/","url":"https:\/\/dev6.erresse-shop.it\/de\/shop\/einrichtung-haus\/badezimmer\/brabantia-mindset-duschwanne-mit-abstreifer-grau\/","name":"BRABANTIA MindSet Duschwanne mit Abstreifer grau - dev6 Erresse","isPartOf":{"@id":"https:\/\/dev6.erresse-shop.it\/#website"},"primaryImageOfPage":{"@id":"https:\/\/dev6.erresse-shop.it\/de\/shop\/einrichtung-haus\/badezimmer\/brabantia-mindset-duschwanne-mit-abstreifer-grau\/#primaryimage"},"image":{"@id":"https:\/\/dev6.erresse-shop.it\/de\/shop\/einrichtung-haus\/badezimmer\/brabantia-mindset-duschwanne-mit-abstreifer-grau\/#primaryimage"},"thumbnailUrl":"https:\/\/i2.wp.com\/interpim.erresse-shop.it\/Import\/Prodotti\/brabantia-mindset-portaoggetti-da-doccia-nero-2.jpg?ssl=1","datePublished":"2026-04-04T06:56:16+00:00","description":"Organisieren Sie Ihre Dusche auf einen Schlag komplett \u2013 schenken Sie sich diese clevere MindSet-Duschwanne mit Abzieher von Brabantia. Der Halter kann","breadcrumb":{"@id":"https:\/\/dev6.erresse-shop.it\/de\/shop\/einrichtung-haus\/badezimmer\/brabantia-mindset-duschwanne-mit-abstreifer-grau\/#breadcrumb"},"inLanguage":"de","potentialAction":[{"@type":"ReadAction","target":["https:\/\/dev6.erresse-shop.it\/de\/shop\/einrichtung-haus\/badezimmer\/brabantia-mindset-duschwanne-mit-abstreifer-grau\/"]}]},{"@type":"ImageObject","inLanguage":"de","@id":"https:\/\/dev6.erresse-shop.it\/de\/shop\/einrichtung-haus\/badezimmer\/brabantia-mindset-duschwanne-mit-abstreifer-grau\/#primaryimage","url":"https:\/\/i2.wp.com\/interpim.erresse-shop.it\/Import\/Prodotti\/brabantia-mindset-portaoggetti-da-doccia-nero-2.jpg?ssl=1","contentUrl":"https:\/\/i2.wp.com\/interpim.erresse-shop.it\/Import\/Prodotti\/brabantia-mindset-portaoggetti-da-doccia-nero-2.jpg?ssl=1"},{"@type":"BreadcrumbList","@id":"https:\/\/dev6.erresse-shop.it\/de\/shop\/einrichtung-haus\/badezimmer\/brabantia-mindset-duschwanne-mit-abstreifer-grau\/#breadcrumb","itemListElement":[{"@type":"ListItem","position":1,"name":"Home","item":"https:\/\/dev6.erresse-shop.it\/"},{"@type":"ListItem","position":2,"name":"Shop","item":"https:\/\/dev6.erresse-shop.it\/shop\/"},{"@type":"ListItem","position":3,"name":"BRABANTIA MindSet Duschwanne mit Abstreifer grau"}]},{"@type":"WebSite","@id":"https:\/\/dev6.erresse-shop.it\/#website","url":"https:\/\/dev6.erresse-shop.it\/","name":"Erresse Shop","description":"","publisher":{"@id":"https:\/\/dev6.erresse-shop.it\/#organization"},"potentialAction":[{"@type":"SearchAction","target":{"@type":"EntryPoint","urlTemplate":"https:\/\/dev6.erresse-shop.it\/?s={search_term_string}"},"query-input":{"@type":"PropertyValueSpecification","valueRequired":true,"valueName":"search_term_string"}}],"inLanguage":"de"},{"@type":"Organization","@id":"https:\/\/dev6.erresse-shop.it\/#organization","name":"Erresse Shop","url":"https:\/\/dev6.erresse-shop.it\/","logo":{"@type":"ImageObject","inLanguage":"de","@id":"https:\/\/dev6.erresse-shop.it\/#\/schema\/logo\/image\/","url":"https:\/\/dev6.erresse-shop.it\/wp-content\/uploads\/2025\/01\/LOGO-ERRESSE-CLASSICO.svg","contentUrl":"https:\/\/dev6.erresse-shop.it\/wp-content\/uploads\/2025\/01\/LOGO-ERRESSE-CLASSICO.svg","caption":"Erresse Shop"},"image":{"@id":"https:\/\/dev6.erresse-shop.it\/#\/schema\/logo\/image\/"}}]}},"df_price":"","df_sale_price":"","df_regular_price":"","df_image_link":"https:\/\/i2.wp.com\/interpim.erresse-shop.it\/Import\/Prodotti\/brabantia-mindset-portaoggetti-da-doccia-nero-2.jpg?resize=300,300&ssl=1","fifu_image_url":"https:\/\/interpim.erresse-shop.it\/Import\/Prodotti\/brabantia-mindset-portaoggetti-da-doccia-nero-2.jpg","_links":{"self":[{"href":"https:\/\/dev6.erresse-shop.it\/de\/wp-json\/wp\/v2\/product\/50988","targetHints":{"allow":["GET"]}}],"collection":[{"href":"https:\/\/dev6.erresse-shop.it\/de\/wp-json\/wp\/v2\/product"}],"about":[{"href":"https:\/\/dev6.erresse-shop.it\/de\/wp-json\/wp\/v2\/types\/product"}],"wp:featuredmedia":[{"embeddable":true,"href":"https:\/\/dev6.erresse-shop.it\/de\/wp-json\/wp\/v2\/media\/6272134"}],"wp:attachment":[{"href":"https:\/\/dev6.erresse-shop.it\/de\/wp-json\/wp\/v2\/media?parent=50988"}],"wp:term":[{"taxonomy":"product_cat","embeddable":true,"href":"https:\/\/dev6.erresse-shop.it\/de\/wp-json\/wp\/v2\/product_cat?post=50988"},{"taxonomy":"product_tag","embeddable":true,"href":"https:\/\/dev6.erresse-shop.it\/de\/wp-json\/wp\/v2\/product_tag?post=50988"}],"curies":[{"name":"wp","href":"https:\/\/api.w.org\/{rel}","templated":true}]}}