{"id":50946,"date":"2026-04-04T08:55:07","date_gmt":"2026-04-04T06:55:07","guid":{"rendered":"https:\/\/dev6.erresse-shop.it\/shop\/unkategorisiert\/baci-milano-frauenkopf-rosa-bordeaux-32cm\/"},"modified":"2025-09-14T00:51:04","modified_gmt":"2025-09-13T22:51:04","slug":"baci-milano-frauenkopf-rosa-bordeaux-32cm","status":"publish","type":"product","link":"https:\/\/dev6.erresse-shop.it\/de\/shop\/einrichtung-haus\/dekoartikel\/baci-milano-frauenkopf-rosa-bordeaux-32cm\/","title":{"rendered":"BACI MILANO Frauenkopf Rosa\/Bordeaux 32cm"},"content":{"rendered":"<p>Teste matte ist eine anspruchsvolle und bezaubernde Kollektion.<br \/>\nDem Anschein nach sind es einfache Statuen, aber in Wirklichkeit sind es Vasen! Sie sind mit Blumen, Zitrusfr\u00fcchten und Juwelen geschm\u00fcckt und stehen f\u00fcr Legende und Leidenschaft. Ihre Kreation entspringt dem Wunsch, ein allt\u00e4gliches M\u00f6belst\u00fcck zu verzaubern, zu verf\u00fchren und authentisch zu machen.<br \/>\nDie Respektlosigkeit in der Dualit\u00e4t der Farben macht ihre Neuinterpretation zu einem extremen Beispiel der Zeitgenossenschaft. Denn der richtige Schl\u00fcssel zur Interpretation dieser Werke liegt in der Kraft, alle Formen der Rivalit\u00e4t zwischen Tradition und Zukunft zu \u00fcberwinden, damit die Vergangenheit existieren kann, ohne von der Moderne vergessen zu werden.<\/p>\n<p>Worauf warten Sie noch? Richten Sie Ihr Zuhause mit diesen einzigartigen M\u00f6belst\u00fccken ein!<\/p>\n","protected":false},"excerpt":{"rendered":"<p>Teste matte ist eine anspruchsvolle und bezaubernde Kollektion. Dem Anschein nach sind es einfache Statuen, aber in Wirklichkeit sind es Vasen! Sie sind mit Blumen, Zitrusfr\u00fcchten und Juwelen geschm\u00fcckt und stehen f\u00fcr Legende und Leidenschaft. Ihre Kreation entspringt dem Wunsch, ein allt\u00e4gliches M\u00f6belst\u00fcck zu verzaubern, zu verf\u00fchren und authentisch zu machen. Die Respektlosigkeit in der [&hellip;]<\/p>\n","protected":false},"featured_media":6271892,"template":"","meta":{"_acf_changed":false},"product_cat":[11666,12129,12098],"product_tag":[],"class_list":{"0":"post-50946","1":"product","2":"type-product","3":"status-publish","4":"has-post-thumbnail","6":"product_cat-arredamento-casa","7":"product_cat-dekoartikel","8":"product_cat-einrichtung-haus","10":"first","11":"instock","12":"sale","13":"taxable","14":"shipping-taxable","15":"purchasable","16":"product-type-simple","swatches":"rey-swatches","show_selected":"","stretch_labels":"rey-swatches--stretch-labels"},"acf":[],"yoast_head":"<!-- This site is optimized with the Yoast SEO plugin v25.4 - https:\/\/yoast.com\/wordpress\/plugins\/seo\/ -->\n<title>BACI MILANO Frauenkopf Rosa\/Bordeaux 32cm - dev6 Erresse<\/title>\n<meta name=\"description\" content=\"Teste matte ist eine anspruchsvolle und bezaubernde Kollektion. Dem Anschein nach sind es einfache Statuen, aber in Wirklichkeit sind es Vasen! Sie sind\" \/>\n<meta name=\"robots\" content=\"noindex, follow, max-snippet:-1, max-image-preview:large, max-video-preview:-1\" \/>\n<meta property=\"og:locale\" content=\"de_DE\" \/>\n<meta property=\"og:type\" content=\"article\" \/>\n<meta property=\"og:title\" content=\"BACI MILANO Frauenkopf Rosa\/Bordeaux 32cm - dev6 Erresse\" \/>\n<meta property=\"og:description\" content=\"Teste matte ist eine anspruchsvolle und bezaubernde Kollektion. Dem Anschein nach sind es einfache Statuen, aber in Wirklichkeit sind es Vasen! Sie sind\" \/>\n<meta property=\"og:url\" content=\"https:\/\/dev6.erresse-shop.it\/de\/shop\/einrichtung-haus\/dekoartikel\/baci-milano-frauenkopf-rosa-bordeaux-32cm\/\" \/>\n<meta property=\"og:site_name\" content=\"dev6 Erresse\" \/>\n<meta property=\"og:image\" content=\"https:\/\/interpim.erresse-shop.it\/Import\/Prodotti\/baci-milano-testa-donna-rosa_bordeaux-32cm.jpg\" \/><meta property=\"og:image\" content=\"https:\/\/interpim.erresse-shop.it\/Import\/Prodotti\/baci-milano-testa-donna-rosa_bordeaux-32cm.jpg\" \/>\n\t<meta property=\"og:image:width\" content=\"1024\" \/>\n\t<meta property=\"og:image:height\" content=\"1024\" \/>\n\t<meta property=\"og:image:type\" content=\"image\/jpeg\" \/>\n<meta name=\"twitter:card\" content=\"summary_large_image\" \/>\n<meta name=\"twitter:image\" content=\"https:\/\/interpim.erresse-shop.it\/Import\/Prodotti\/baci-milano-testa-donna-rosa_bordeaux-32cm.jpg\" \/>\n<script type=\"application\/ld+json\" class=\"yoast-schema-graph\">{\"@context\":\"https:\/\/schema.org\",\"@graph\":[{\"@type\":\"WebPage\",\"@id\":\"https:\/\/dev6.erresse-shop.it\/de\/shop\/einrichtung-haus\/dekoartikel\/baci-milano-frauenkopf-rosa-bordeaux-32cm\/\",\"url\":\"https:\/\/dev6.erresse-shop.it\/de\/shop\/einrichtung-haus\/dekoartikel\/baci-milano-frauenkopf-rosa-bordeaux-32cm\/\",\"name\":\"BACI MILANO Frauenkopf Rosa\/Bordeaux 32cm - dev6 Erresse\",\"isPartOf\":{\"@id\":\"https:\/\/dev6.erresse-shop.it\/#website\"},\"primaryImageOfPage\":{\"@id\":\"https:\/\/dev6.erresse-shop.it\/de\/shop\/einrichtung-haus\/dekoartikel\/baci-milano-frauenkopf-rosa-bordeaux-32cm\/#primaryimage\"},\"image\":{\"@id\":\"https:\/\/dev6.erresse-shop.it\/de\/shop\/einrichtung-haus\/dekoartikel\/baci-milano-frauenkopf-rosa-bordeaux-32cm\/#primaryimage\"},\"thumbnailUrl\":\"https:\/\/i0.wp.com\/interpim.erresse-shop.it\/Import\/Prodotti\/baci-milano-testa-donna-rosa_bordeaux-32cm.jpg?ssl=1\",\"datePublished\":\"2026-04-04T06:55:07+00:00\",\"description\":\"Teste matte ist eine anspruchsvolle und bezaubernde Kollektion. Dem Anschein nach sind es einfache Statuen, aber in Wirklichkeit sind es Vasen! Sie sind\",\"breadcrumb\":{\"@id\":\"https:\/\/dev6.erresse-shop.it\/de\/shop\/einrichtung-haus\/dekoartikel\/baci-milano-frauenkopf-rosa-bordeaux-32cm\/#breadcrumb\"},\"inLanguage\":\"de\",\"potentialAction\":[{\"@type\":\"ReadAction\",\"target\":[\"https:\/\/dev6.erresse-shop.it\/de\/shop\/einrichtung-haus\/dekoartikel\/baci-milano-frauenkopf-rosa-bordeaux-32cm\/\"]}]},{\"@type\":\"ImageObject\",\"inLanguage\":\"de\",\"@id\":\"https:\/\/dev6.erresse-shop.it\/de\/shop\/einrichtung-haus\/dekoartikel\/baci-milano-frauenkopf-rosa-bordeaux-32cm\/#primaryimage\",\"url\":\"https:\/\/i0.wp.com\/interpim.erresse-shop.it\/Import\/Prodotti\/baci-milano-testa-donna-rosa_bordeaux-32cm.jpg?ssl=1\",\"contentUrl\":\"https:\/\/i0.wp.com\/interpim.erresse-shop.it\/Import\/Prodotti\/baci-milano-testa-donna-rosa_bordeaux-32cm.jpg?ssl=1\"},{\"@type\":\"BreadcrumbList\",\"@id\":\"https:\/\/dev6.erresse-shop.it\/de\/shop\/einrichtung-haus\/dekoartikel\/baci-milano-frauenkopf-rosa-bordeaux-32cm\/#breadcrumb\",\"itemListElement\":[{\"@type\":\"ListItem\",\"position\":1,\"name\":\"Home\",\"item\":\"https:\/\/dev6.erresse-shop.it\/\"},{\"@type\":\"ListItem\",\"position\":2,\"name\":\"Shop\",\"item\":\"https:\/\/dev6.erresse-shop.it\/shop\/\"},{\"@type\":\"ListItem\",\"position\":3,\"name\":\"BACI MILANO Frauenkopf Rosa\/Bordeaux 32cm\"}]},{\"@type\":\"WebSite\",\"@id\":\"https:\/\/dev6.erresse-shop.it\/#website\",\"url\":\"https:\/\/dev6.erresse-shop.it\/\",\"name\":\"Erresse Shop\",\"description\":\"\",\"publisher\":{\"@id\":\"https:\/\/dev6.erresse-shop.it\/#organization\"},\"potentialAction\":[{\"@type\":\"SearchAction\",\"target\":{\"@type\":\"EntryPoint\",\"urlTemplate\":\"https:\/\/dev6.erresse-shop.it\/?s={search_term_string}\"},\"query-input\":{\"@type\":\"PropertyValueSpecification\",\"valueRequired\":true,\"valueName\":\"search_term_string\"}}],\"inLanguage\":\"de\"},{\"@type\":\"Organization\",\"@id\":\"https:\/\/dev6.erresse-shop.it\/#organization\",\"name\":\"Erresse Shop\",\"url\":\"https:\/\/dev6.erresse-shop.it\/\",\"logo\":{\"@type\":\"ImageObject\",\"inLanguage\":\"de\",\"@id\":\"https:\/\/dev6.erresse-shop.it\/#\/schema\/logo\/image\/\",\"url\":\"https:\/\/dev6.erresse-shop.it\/wp-content\/uploads\/2025\/01\/LOGO-ERRESSE-CLASSICO.svg\",\"contentUrl\":\"https:\/\/dev6.erresse-shop.it\/wp-content\/uploads\/2025\/01\/LOGO-ERRESSE-CLASSICO.svg\",\"caption\":\"Erresse Shop\"},\"image\":{\"@id\":\"https:\/\/dev6.erresse-shop.it\/#\/schema\/logo\/image\/\"}}]}<\/script>\n<!-- \/ Yoast SEO plugin. -->","yoast_head_json":{"title":"BACI MILANO Frauenkopf Rosa\/Bordeaux 32cm - dev6 Erresse","description":"Teste matte ist eine anspruchsvolle und bezaubernde Kollektion. Dem Anschein nach sind es einfache Statuen, aber in Wirklichkeit sind es Vasen! Sie sind","robots":{"index":"noindex","follow":"follow","max-snippet":"max-snippet:-1","max-image-preview":"max-image-preview:large","max-video-preview":"max-video-preview:-1"},"og_locale":"de_DE","og_type":"article","og_title":"BACI MILANO Frauenkopf Rosa\/Bordeaux 32cm - dev6 Erresse","og_description":"Teste matte ist eine anspruchsvolle und bezaubernde Kollektion. Dem Anschein nach sind es einfache Statuen, aber in Wirklichkeit sind es Vasen! Sie sind","og_url":"https:\/\/dev6.erresse-shop.it\/de\/shop\/einrichtung-haus\/dekoartikel\/baci-milano-frauenkopf-rosa-bordeaux-32cm\/","og_site_name":"dev6 Erresse","og_image":[{"url":"https:\/\/interpim.erresse-shop.it\/Import\/Prodotti\/baci-milano-testa-donna-rosa_bordeaux-32cm.jpg","type":"","width":"","height":""},{"url":"https:\/\/interpim.erresse-shop.it\/Import\/Prodotti\/baci-milano-testa-donna-rosa_bordeaux-32cm.jpg","width":1024,"height":1024,"type":"image\/jpeg"}],"twitter_card":"summary_large_image","twitter_image":"https:\/\/interpim.erresse-shop.it\/Import\/Prodotti\/baci-milano-testa-donna-rosa_bordeaux-32cm.jpg","schema":{"@context":"https:\/\/schema.org","@graph":[{"@type":"WebPage","@id":"https:\/\/dev6.erresse-shop.it\/de\/shop\/einrichtung-haus\/dekoartikel\/baci-milano-frauenkopf-rosa-bordeaux-32cm\/","url":"https:\/\/dev6.erresse-shop.it\/de\/shop\/einrichtung-haus\/dekoartikel\/baci-milano-frauenkopf-rosa-bordeaux-32cm\/","name":"BACI MILANO Frauenkopf Rosa\/Bordeaux 32cm - dev6 Erresse","isPartOf":{"@id":"https:\/\/dev6.erresse-shop.it\/#website"},"primaryImageOfPage":{"@id":"https:\/\/dev6.erresse-shop.it\/de\/shop\/einrichtung-haus\/dekoartikel\/baci-milano-frauenkopf-rosa-bordeaux-32cm\/#primaryimage"},"image":{"@id":"https:\/\/dev6.erresse-shop.it\/de\/shop\/einrichtung-haus\/dekoartikel\/baci-milano-frauenkopf-rosa-bordeaux-32cm\/#primaryimage"},"thumbnailUrl":"https:\/\/i0.wp.com\/interpim.erresse-shop.it\/Import\/Prodotti\/baci-milano-testa-donna-rosa_bordeaux-32cm.jpg?ssl=1","datePublished":"2026-04-04T06:55:07+00:00","description":"Teste matte ist eine anspruchsvolle und bezaubernde Kollektion. Dem Anschein nach sind es einfache Statuen, aber in Wirklichkeit sind es Vasen! Sie sind","breadcrumb":{"@id":"https:\/\/dev6.erresse-shop.it\/de\/shop\/einrichtung-haus\/dekoartikel\/baci-milano-frauenkopf-rosa-bordeaux-32cm\/#breadcrumb"},"inLanguage":"de","potentialAction":[{"@type":"ReadAction","target":["https:\/\/dev6.erresse-shop.it\/de\/shop\/einrichtung-haus\/dekoartikel\/baci-milano-frauenkopf-rosa-bordeaux-32cm\/"]}]},{"@type":"ImageObject","inLanguage":"de","@id":"https:\/\/dev6.erresse-shop.it\/de\/shop\/einrichtung-haus\/dekoartikel\/baci-milano-frauenkopf-rosa-bordeaux-32cm\/#primaryimage","url":"https:\/\/i0.wp.com\/interpim.erresse-shop.it\/Import\/Prodotti\/baci-milano-testa-donna-rosa_bordeaux-32cm.jpg?ssl=1","contentUrl":"https:\/\/i0.wp.com\/interpim.erresse-shop.it\/Import\/Prodotti\/baci-milano-testa-donna-rosa_bordeaux-32cm.jpg?ssl=1"},{"@type":"BreadcrumbList","@id":"https:\/\/dev6.erresse-shop.it\/de\/shop\/einrichtung-haus\/dekoartikel\/baci-milano-frauenkopf-rosa-bordeaux-32cm\/#breadcrumb","itemListElement":[{"@type":"ListItem","position":1,"name":"Home","item":"https:\/\/dev6.erresse-shop.it\/"},{"@type":"ListItem","position":2,"name":"Shop","item":"https:\/\/dev6.erresse-shop.it\/shop\/"},{"@type":"ListItem","position":3,"name":"BACI MILANO Frauenkopf Rosa\/Bordeaux 32cm"}]},{"@type":"WebSite","@id":"https:\/\/dev6.erresse-shop.it\/#website","url":"https:\/\/dev6.erresse-shop.it\/","name":"Erresse Shop","description":"","publisher":{"@id":"https:\/\/dev6.erresse-shop.it\/#organization"},"potentialAction":[{"@type":"SearchAction","target":{"@type":"EntryPoint","urlTemplate":"https:\/\/dev6.erresse-shop.it\/?s={search_term_string}"},"query-input":{"@type":"PropertyValueSpecification","valueRequired":true,"valueName":"search_term_string"}}],"inLanguage":"de"},{"@type":"Organization","@id":"https:\/\/dev6.erresse-shop.it\/#organization","name":"Erresse Shop","url":"https:\/\/dev6.erresse-shop.it\/","logo":{"@type":"ImageObject","inLanguage":"de","@id":"https:\/\/dev6.erresse-shop.it\/#\/schema\/logo\/image\/","url":"https:\/\/dev6.erresse-shop.it\/wp-content\/uploads\/2025\/01\/LOGO-ERRESSE-CLASSICO.svg","contentUrl":"https:\/\/dev6.erresse-shop.it\/wp-content\/uploads\/2025\/01\/LOGO-ERRESSE-CLASSICO.svg","caption":"Erresse Shop"},"image":{"@id":"https:\/\/dev6.erresse-shop.it\/#\/schema\/logo\/image\/"}}]}},"df_price":84.95,"df_sale_price":84.95,"df_regular_price":116,"df_image_link":"https:\/\/i0.wp.com\/interpim.erresse-shop.it\/Import\/Prodotti\/baci-milano-testa-donna-rosa_bordeaux-32cm.jpg?resize=300,300&ssl=1","fifu_image_url":"https:\/\/interpim.erresse-shop.it\/Import\/Prodotti\/baci-milano-testa-donna-rosa_bordeaux-32cm.jpg","_links":{"self":[{"href":"https:\/\/dev6.erresse-shop.it\/de\/wp-json\/wp\/v2\/product\/50946","targetHints":{"allow":["GET"]}}],"collection":[{"href":"https:\/\/dev6.erresse-shop.it\/de\/wp-json\/wp\/v2\/product"}],"about":[{"href":"https:\/\/dev6.erresse-shop.it\/de\/wp-json\/wp\/v2\/types\/product"}],"wp:featuredmedia":[{"embeddable":true,"href":"https:\/\/dev6.erresse-shop.it\/de\/wp-json\/wp\/v2\/media\/6271892"}],"wp:attachment":[{"href":"https:\/\/dev6.erresse-shop.it\/de\/wp-json\/wp\/v2\/media?parent=50946"}],"wp:term":[{"taxonomy":"product_cat","embeddable":true,"href":"https:\/\/dev6.erresse-shop.it\/de\/wp-json\/wp\/v2\/product_cat?post=50946"},{"taxonomy":"product_tag","embeddable":true,"href":"https:\/\/dev6.erresse-shop.it\/de\/wp-json\/wp\/v2\/product_tag?post=50946"}],"curies":[{"name":"wp","href":"https:\/\/api.w.org\/{rel}","templated":true}]}}