{"id":50916,"date":"2026-04-12T08:55:29","date_gmt":"2026-04-12T06:55:29","guid":{"rendered":"https:\/\/dev6.erresse-shop.it\/shop\/unkategorisiert\/sage-creatista-pro\/"},"modified":"2025-07-03T20:11:32","modified_gmt":"2025-07-03T18:11:32","slug":"sage-creatista-pro","status":"publish","type":"product","link":"https:\/\/dev6.erresse-shop.it\/de\/shop\/kleine-elektrogeraete\/kaffeemaschinen-espresso\/pads-und-kapseln\/sage-creatista-pro\/","title":{"rendered":"SAGE Creatista\u00ae Pro"},"content":{"rendered":"<p>Kreieren Sie zu Hause personalisierte Kaffees, die genauso gut schmecken wie in der Bar. 2 Cappuccinos in 75 Sekunden: Kaffeeextraktion und automatische Milchaufsch\u00e4umung finden gleichzeitig statt, w\u00e4hrend das innovative ThermoJet\u00ae-System die Maschine in 3 Sekunden aufheizt. Bl\u00e4ttern Sie einfach durch das intuitive One-Touch-Men\u00fc und w\u00e4hlen Sie Ihren Kaffee aus. Sie k\u00f6nnen die Extraktion, die Milchkonsistenz und die Temperatur leicht anpassen, um ein reichhaltigeres Aroma zu erzielen. Kreieren Sie den perfekten Nespresso, ganz nach Ihren W\u00fcnschen.<\/p>\n<p>2 Cappuccinos in 75 Sekunden:<\/p>\n<p>Kochen Sie Ihren Lieblingskaffee im Handumdrehen. Dank des innovativen ThermoJet-Doppelheizsystems ist die Maschine in 3 Sekunden einsatzbereit und erm\u00f6glicht es Ihnen, gleichzeitig Kaffee zu br\u00fchen und Milch aufzusch\u00e4umen.<\/p>\n<p>Streichen, ausw\u00e4hlen, genie\u00dfen:<\/p>\n<p>Einfach scrollen und ausw\u00e4hlen, um einen Kaffee zu genie\u00dfen, der so gut ist wie an der Bar zu Hause. Der innovative Farb-Touchscreen macht es einfach, den gew\u00fcnschten Kaffee aus dem Men\u00fc auszuw\u00e4hlen. Die Benutzeroberfl\u00e4che f\u00fchrt Sie Schritt f\u00fcr Schritt durch die Einrichtung des Ger\u00e4ts sowie durch die erste Benutzung und die notwendige Reinigung.<\/p>\n<p>Bar\u00e4hnlicher Kaffee zu Hause:<\/p>\n<p>Wir wissen, dass jeder seinen eigenen Geschmack hat, und das gilt auch f\u00fcr die Wahl des Kaffees. Mit 8 verschiedenen Voreinstellungen k\u00f6nnen Sie Ihre Lieblingskaffees zu Hause zubereiten, wie ein echter Barista. Creatista Pro erm\u00f6glicht eine vollst\u00e4ndige Anpassung: Sie k\u00f6nnen die Menge des gebr\u00fchten Kaffees, die Temperatur und die Konsistenz der Milch einstellen. Dann speichern Sie Ihren Kaffee im Men\u00fc, um ihn jederzeit ausw\u00e4hlen zu k\u00f6nnen.<\/p>\n<p>Automatische Milchaufsch\u00e4umung:<\/p>\n<p>Dank der vollautomatischen Dampfd\u00fcse k\u00f6nnen Sie mit der Creatista Pro die Temperatur und die Konsistenz der Milch nach Belieben einstellen. Das Ergebnis ist ein samtiger Milchschaum mit Mikrobl\u00e4schen, perfekt f\u00fcr Latte Art.<\/p>\n<p>Dedizierter Hei\u00dfwasserauslauf:<\/p>\n<p>Hei\u00dfwasser und Espresso kommen aus zwei unabh\u00e4ngigen Leitungen. Das hei\u00dfe Wasser kann nach Belieben dosiert werden, um mit einer einzigen Ber\u00fchrung einen eigenen Long Black zu kreieren oder die Tasse zu erw\u00e4rmen. Der spezielle Hei\u00dfwasserauslauf sorgt au\u00dferdem daf\u00fcr, dass der Kaffeegeschmack nicht beeintr\u00e4chtigt wird, um optimale Ergebnisse zu erzielen.<\/p>\n<p>Uneingeschr\u00e4nkter Komfort:<\/p>\n<p>Der Komfort einer Kaffeemaschine mit Nespresso-Kapseln wird erstmals mit einer Touchscreen-Oberfl\u00e4che und der fortschrittlichen Mikroblasen-Milchaufsch\u00e4umungstechnologie von Sage kombiniert.<\/p>\n<p>Einstellungen:<\/p>\n<p>8 voreingestellte Getr\u00e4nke<br \/>\nKaffeevolumen (7 Optionen)<br \/>\nWarmwassermenge (7 Optionen)<br \/>\nMilchtemperatur (11 Optionen)<br \/>\nMilchschaumstufe (8 Optionen)Kapazit\u00e4t:<br \/>\n2 Liter Wassertank<br \/>\nGro\u00dfer Beh\u00e4lter f\u00fcr gebrauchte Kapseln (12 Kapseln)<\/p>\n<p>Abmessungen (BxTxH): 42,9 x 19,7 x 32,8 cm<\/p>\n<p>Stromversorgung: 2300W<\/p>\n<p>Konstruktionsmaterial: Rostfreier Stahl<\/p>\n<p>Spannung: 220-240V<\/p>\n<p>Garantie: 2 Jahre f\u00fcr Reparatur oder Ersatz (Deckung direkt durch Nespresso)<\/p>\n<p>Nicht zum Verkauf au\u00dferhalb Europas<\/p>\n","protected":false},"excerpt":{"rendered":"<p>Kreieren Sie zu Hause personalisierte Kaffees, die genauso gut schmecken wie in der Bar. 2 Cappuccinos in 75 Sekunden: Kaffeeextraktion und automatische Milchaufsch\u00e4umung finden gleichzeitig statt, w\u00e4hrend das innovative ThermoJet\u00ae-System die Maschine in 3 Sekunden aufheizt. Bl\u00e4ttern Sie einfach durch das intuitive One-Touch-Men\u00fc und w\u00e4hlen Sie Ihren Kaffee aus. Sie k\u00f6nnen die Extraktion, die Milchkonsistenz [&hellip;]<\/p>\n","protected":false},"featured_media":6355084,"template":"","meta":{"_acf_changed":false},"product_cat":[12171,12163,12189],"product_tag":[],"class_list":{"0":"post-50916","1":"product","2":"type-product","3":"status-publish","4":"has-post-thumbnail","6":"product_cat-kaffeemaschinen-espresso","7":"product_cat-kleine-elektrogeraete","8":"product_cat-pads-und-kapseln","10":"first","11":"outofstock","12":"taxable","13":"shipping-taxable","14":"product-type-simple","swatches":"rey-swatches","show_selected":"","stretch_labels":"rey-swatches--stretch-labels"},"acf":[],"yoast_head":"<!-- This site is optimized with the Yoast SEO plugin v25.4 - https:\/\/yoast.com\/wordpress\/plugins\/seo\/ -->\n<title>SAGE Creatista\u00ae Pro - dev6 Erresse<\/title>\n<meta name=\"description\" content=\"Kreieren Sie zu Hause personalisierte Kaffees, die genauso gut schmecken wie in der Bar. 2 Cappuccinos in 75 Sekunden: Kaffeeextraktion und automatische\" \/>\n<meta name=\"robots\" content=\"noindex, follow, max-snippet:-1, max-image-preview:large, max-video-preview:-1\" \/>\n<meta property=\"og:locale\" content=\"de_DE\" \/>\n<meta property=\"og:type\" content=\"article\" \/>\n<meta property=\"og:title\" content=\"SAGE Creatista\u00ae Pro - dev6 Erresse\" \/>\n<meta property=\"og:description\" content=\"Kreieren Sie zu Hause personalisierte Kaffees, die genauso gut schmecken wie in der Bar. 2 Cappuccinos in 75 Sekunden: Kaffeeextraktion und automatische\" \/>\n<meta property=\"og:url\" content=\"https:\/\/dev6.erresse-shop.it\/de\/shop\/kleine-elektrogeraete\/kaffeemaschinen-espresso\/pads-und-kapseln\/sage-creatista-pro\/\" \/>\n<meta property=\"og:site_name\" content=\"dev6 Erresse\" \/>\n<meta property=\"og:image\" content=\"https:\/\/interpim.erresse-shop.it\/Import\/Prodotti\/creatista-pro.jpg\" \/><meta property=\"og:image\" content=\"https:\/\/interpim.erresse-shop.it\/Import\/Prodotti\/creatista-pro.jpg\" \/>\n\t<meta property=\"og:image:width\" content=\"1024\" \/>\n\t<meta property=\"og:image:height\" content=\"1024\" \/>\n\t<meta property=\"og:image:type\" content=\"image\/jpeg\" \/>\n<meta name=\"twitter:card\" content=\"summary_large_image\" \/>\n<meta name=\"twitter:image\" content=\"https:\/\/interpim.erresse-shop.it\/Import\/Prodotti\/creatista-pro.jpg\" \/>\n<script type=\"application\/ld+json\" class=\"yoast-schema-graph\">{\"@context\":\"https:\/\/schema.org\",\"@graph\":[{\"@type\":\"WebPage\",\"@id\":\"https:\/\/dev6.erresse-shop.it\/de\/shop\/kleine-elektrogeraete\/kaffeemaschinen-espresso\/pads-und-kapseln\/sage-creatista-pro\/\",\"url\":\"https:\/\/dev6.erresse-shop.it\/de\/shop\/kleine-elektrogeraete\/kaffeemaschinen-espresso\/pads-und-kapseln\/sage-creatista-pro\/\",\"name\":\"SAGE Creatista\u00ae Pro - dev6 Erresse\",\"isPartOf\":{\"@id\":\"https:\/\/dev6.erresse-shop.it\/#website\"},\"primaryImageOfPage\":{\"@id\":\"https:\/\/dev6.erresse-shop.it\/de\/shop\/kleine-elektrogeraete\/kaffeemaschinen-espresso\/pads-und-kapseln\/sage-creatista-pro\/#primaryimage\"},\"image\":{\"@id\":\"https:\/\/dev6.erresse-shop.it\/de\/shop\/kleine-elektrogeraete\/kaffeemaschinen-espresso\/pads-und-kapseln\/sage-creatista-pro\/#primaryimage\"},\"thumbnailUrl\":\"https:\/\/i2.wp.com\/interpim.erresse-shop.it\/Import\/Prodotti\/creatista-pro.jpg?ssl=1\",\"datePublished\":\"2026-04-12T06:55:29+00:00\",\"description\":\"Kreieren Sie zu Hause personalisierte Kaffees, die genauso gut schmecken wie in der Bar. 2 Cappuccinos in 75 Sekunden: Kaffeeextraktion und automatische\",\"breadcrumb\":{\"@id\":\"https:\/\/dev6.erresse-shop.it\/de\/shop\/kleine-elektrogeraete\/kaffeemaschinen-espresso\/pads-und-kapseln\/sage-creatista-pro\/#breadcrumb\"},\"inLanguage\":\"de\",\"potentialAction\":[{\"@type\":\"ReadAction\",\"target\":[\"https:\/\/dev6.erresse-shop.it\/de\/shop\/kleine-elektrogeraete\/kaffeemaschinen-espresso\/pads-und-kapseln\/sage-creatista-pro\/\"]}]},{\"@type\":\"ImageObject\",\"inLanguage\":\"de\",\"@id\":\"https:\/\/dev6.erresse-shop.it\/de\/shop\/kleine-elektrogeraete\/kaffeemaschinen-espresso\/pads-und-kapseln\/sage-creatista-pro\/#primaryimage\",\"url\":\"https:\/\/i2.wp.com\/interpim.erresse-shop.it\/Import\/Prodotti\/creatista-pro.jpg?ssl=1\",\"contentUrl\":\"https:\/\/i2.wp.com\/interpim.erresse-shop.it\/Import\/Prodotti\/creatista-pro.jpg?ssl=1\"},{\"@type\":\"BreadcrumbList\",\"@id\":\"https:\/\/dev6.erresse-shop.it\/de\/shop\/kleine-elektrogeraete\/kaffeemaschinen-espresso\/pads-und-kapseln\/sage-creatista-pro\/#breadcrumb\",\"itemListElement\":[{\"@type\":\"ListItem\",\"position\":1,\"name\":\"Home\",\"item\":\"https:\/\/dev6.erresse-shop.it\/\"},{\"@type\":\"ListItem\",\"position\":2,\"name\":\"Shop\",\"item\":\"https:\/\/dev6.erresse-shop.it\/shop\/\"},{\"@type\":\"ListItem\",\"position\":3,\"name\":\"SAGE Creatista\u00ae Pro\"}]},{\"@type\":\"WebSite\",\"@id\":\"https:\/\/dev6.erresse-shop.it\/#website\",\"url\":\"https:\/\/dev6.erresse-shop.it\/\",\"name\":\"Erresse Shop\",\"description\":\"\",\"publisher\":{\"@id\":\"https:\/\/dev6.erresse-shop.it\/#organization\"},\"potentialAction\":[{\"@type\":\"SearchAction\",\"target\":{\"@type\":\"EntryPoint\",\"urlTemplate\":\"https:\/\/dev6.erresse-shop.it\/?s={search_term_string}\"},\"query-input\":{\"@type\":\"PropertyValueSpecification\",\"valueRequired\":true,\"valueName\":\"search_term_string\"}}],\"inLanguage\":\"de\"},{\"@type\":\"Organization\",\"@id\":\"https:\/\/dev6.erresse-shop.it\/#organization\",\"name\":\"Erresse Shop\",\"url\":\"https:\/\/dev6.erresse-shop.it\/\",\"logo\":{\"@type\":\"ImageObject\",\"inLanguage\":\"de\",\"@id\":\"https:\/\/dev6.erresse-shop.it\/#\/schema\/logo\/image\/\",\"url\":\"https:\/\/dev6.erresse-shop.it\/wp-content\/uploads\/2025\/01\/LOGO-ERRESSE-CLASSICO.svg\",\"contentUrl\":\"https:\/\/dev6.erresse-shop.it\/wp-content\/uploads\/2025\/01\/LOGO-ERRESSE-CLASSICO.svg\",\"caption\":\"Erresse Shop\"},\"image\":{\"@id\":\"https:\/\/dev6.erresse-shop.it\/#\/schema\/logo\/image\/\"}}]}<\/script>\n<!-- \/ Yoast SEO plugin. -->","yoast_head_json":{"title":"SAGE Creatista\u00ae Pro - dev6 Erresse","description":"Kreieren Sie zu Hause personalisierte Kaffees, die genauso gut schmecken wie in der Bar. 2 Cappuccinos in 75 Sekunden: Kaffeeextraktion und automatische","robots":{"index":"noindex","follow":"follow","max-snippet":"max-snippet:-1","max-image-preview":"max-image-preview:large","max-video-preview":"max-video-preview:-1"},"og_locale":"de_DE","og_type":"article","og_title":"SAGE Creatista\u00ae Pro - dev6 Erresse","og_description":"Kreieren Sie zu Hause personalisierte Kaffees, die genauso gut schmecken wie in der Bar. 2 Cappuccinos in 75 Sekunden: Kaffeeextraktion und automatische","og_url":"https:\/\/dev6.erresse-shop.it\/de\/shop\/kleine-elektrogeraete\/kaffeemaschinen-espresso\/pads-und-kapseln\/sage-creatista-pro\/","og_site_name":"dev6 Erresse","og_image":[{"url":"https:\/\/interpim.erresse-shop.it\/Import\/Prodotti\/creatista-pro.jpg","type":"","width":"","height":""},{"url":"https:\/\/interpim.erresse-shop.it\/Import\/Prodotti\/creatista-pro.jpg","width":1024,"height":1024,"type":"image\/jpeg"}],"twitter_card":"summary_large_image","twitter_image":"https:\/\/interpim.erresse-shop.it\/Import\/Prodotti\/creatista-pro.jpg","schema":{"@context":"https:\/\/schema.org","@graph":[{"@type":"WebPage","@id":"https:\/\/dev6.erresse-shop.it\/de\/shop\/kleine-elektrogeraete\/kaffeemaschinen-espresso\/pads-und-kapseln\/sage-creatista-pro\/","url":"https:\/\/dev6.erresse-shop.it\/de\/shop\/kleine-elektrogeraete\/kaffeemaschinen-espresso\/pads-und-kapseln\/sage-creatista-pro\/","name":"SAGE Creatista\u00ae Pro - dev6 Erresse","isPartOf":{"@id":"https:\/\/dev6.erresse-shop.it\/#website"},"primaryImageOfPage":{"@id":"https:\/\/dev6.erresse-shop.it\/de\/shop\/kleine-elektrogeraete\/kaffeemaschinen-espresso\/pads-und-kapseln\/sage-creatista-pro\/#primaryimage"},"image":{"@id":"https:\/\/dev6.erresse-shop.it\/de\/shop\/kleine-elektrogeraete\/kaffeemaschinen-espresso\/pads-und-kapseln\/sage-creatista-pro\/#primaryimage"},"thumbnailUrl":"https:\/\/i2.wp.com\/interpim.erresse-shop.it\/Import\/Prodotti\/creatista-pro.jpg?ssl=1","datePublished":"2026-04-12T06:55:29+00:00","description":"Kreieren Sie zu Hause personalisierte Kaffees, die genauso gut schmecken wie in der Bar. 2 Cappuccinos in 75 Sekunden: Kaffeeextraktion und automatische","breadcrumb":{"@id":"https:\/\/dev6.erresse-shop.it\/de\/shop\/kleine-elektrogeraete\/kaffeemaschinen-espresso\/pads-und-kapseln\/sage-creatista-pro\/#breadcrumb"},"inLanguage":"de","potentialAction":[{"@type":"ReadAction","target":["https:\/\/dev6.erresse-shop.it\/de\/shop\/kleine-elektrogeraete\/kaffeemaschinen-espresso\/pads-und-kapseln\/sage-creatista-pro\/"]}]},{"@type":"ImageObject","inLanguage":"de","@id":"https:\/\/dev6.erresse-shop.it\/de\/shop\/kleine-elektrogeraete\/kaffeemaschinen-espresso\/pads-und-kapseln\/sage-creatista-pro\/#primaryimage","url":"https:\/\/i2.wp.com\/interpim.erresse-shop.it\/Import\/Prodotti\/creatista-pro.jpg?ssl=1","contentUrl":"https:\/\/i2.wp.com\/interpim.erresse-shop.it\/Import\/Prodotti\/creatista-pro.jpg?ssl=1"},{"@type":"BreadcrumbList","@id":"https:\/\/dev6.erresse-shop.it\/de\/shop\/kleine-elektrogeraete\/kaffeemaschinen-espresso\/pads-und-kapseln\/sage-creatista-pro\/#breadcrumb","itemListElement":[{"@type":"ListItem","position":1,"name":"Home","item":"https:\/\/dev6.erresse-shop.it\/"},{"@type":"ListItem","position":2,"name":"Shop","item":"https:\/\/dev6.erresse-shop.it\/shop\/"},{"@type":"ListItem","position":3,"name":"SAGE Creatista\u00ae Pro"}]},{"@type":"WebSite","@id":"https:\/\/dev6.erresse-shop.it\/#website","url":"https:\/\/dev6.erresse-shop.it\/","name":"Erresse Shop","description":"","publisher":{"@id":"https:\/\/dev6.erresse-shop.it\/#organization"},"potentialAction":[{"@type":"SearchAction","target":{"@type":"EntryPoint","urlTemplate":"https:\/\/dev6.erresse-shop.it\/?s={search_term_string}"},"query-input":{"@type":"PropertyValueSpecification","valueRequired":true,"valueName":"search_term_string"}}],"inLanguage":"de"},{"@type":"Organization","@id":"https:\/\/dev6.erresse-shop.it\/#organization","name":"Erresse Shop","url":"https:\/\/dev6.erresse-shop.it\/","logo":{"@type":"ImageObject","inLanguage":"de","@id":"https:\/\/dev6.erresse-shop.it\/#\/schema\/logo\/image\/","url":"https:\/\/dev6.erresse-shop.it\/wp-content\/uploads\/2025\/01\/LOGO-ERRESSE-CLASSICO.svg","contentUrl":"https:\/\/dev6.erresse-shop.it\/wp-content\/uploads\/2025\/01\/LOGO-ERRESSE-CLASSICO.svg","caption":"Erresse Shop"},"image":{"@id":"https:\/\/dev6.erresse-shop.it\/#\/schema\/logo\/image\/"}}]}},"df_price":"","df_sale_price":"","df_regular_price":"","df_image_link":"https:\/\/i2.wp.com\/interpim.erresse-shop.it\/Import\/Prodotti\/creatista-pro.jpg?resize=300,300&ssl=1","fifu_image_url":"https:\/\/interpim.erresse-shop.it\/Import\/Prodotti\/creatista-pro.jpg","_links":{"self":[{"href":"https:\/\/dev6.erresse-shop.it\/de\/wp-json\/wp\/v2\/product\/50916","targetHints":{"allow":["GET"]}}],"collection":[{"href":"https:\/\/dev6.erresse-shop.it\/de\/wp-json\/wp\/v2\/product"}],"about":[{"href":"https:\/\/dev6.erresse-shop.it\/de\/wp-json\/wp\/v2\/types\/product"}],"wp:featuredmedia":[{"embeddable":true,"href":"https:\/\/dev6.erresse-shop.it\/de\/wp-json\/wp\/v2\/media\/6355084"}],"wp:attachment":[{"href":"https:\/\/dev6.erresse-shop.it\/de\/wp-json\/wp\/v2\/media?parent=50916"}],"wp:term":[{"taxonomy":"product_cat","embeddable":true,"href":"https:\/\/dev6.erresse-shop.it\/de\/wp-json\/wp\/v2\/product_cat?post=50916"},{"taxonomy":"product_tag","embeddable":true,"href":"https:\/\/dev6.erresse-shop.it\/de\/wp-json\/wp\/v2\/product_tag?post=50916"}],"curies":[{"name":"wp","href":"https:\/\/api.w.org\/{rel}","templated":true}]}}