{"id":50902,"date":"2026-04-04T08:54:00","date_gmt":"2026-04-04T06:54:00","guid":{"rendered":"https:\/\/dev6.erresse-shop.it\/shop\/unkategorisiert\/sage-the-smart-grinder-pro\/"},"modified":"2025-07-03T20:11:12","modified_gmt":"2025-07-03T18:11:12","slug":"sage-the-smart-grinder-pro","status":"publish","type":"product","link":"https:\/\/dev6.erresse-shop.it\/de\/shop\/kleine-elektrogeraete\/kaffeemaschinen-espresso\/handbuecher\/sage-the-smart-grinder-pro\/","title":{"rendered":"SAGE The Smart Grinder Pro"},"content":{"rendered":"<p>Mit ihren 60 einzigartigen Einstellungen verbessert diese programmierbare Kaffeem\u00fchle mit Kegelmahlwerk das Potenzial jeder Mischung. W\u00e4hlen Sie zwischen \u201cTassen\u201d f\u00fcr die Zubereitung von Kolben- oder Filterkaffee und \u201cTassen\u201d f\u00fcr die Zubereitung von Espresso, um die richtige Dosis f\u00fcr jede Art von Kaffee zu erhalten. Kann direkt im Filterhalter oder in einem luftdichten Beh\u00e4lter gemahlen werden.<\/p>\n<p>Einfache Dosierung:<br \/>\nMit der Smart Grinder Pro k\u00f6nnen Sie den Kaffee direkt im Portafilter, in einem luftdichten Beh\u00e4lter, im Goldfilter oder in Papierfiltern mahlen. Sie haben die Wahl.<\/p>\n<p>LCD-Anzeige:<br \/>\nDas praktische LCD-Display zeigt die Mahlgradeinstellung, die Mahldauer und die Anzahl der ausgew\u00e4hlten Tassen oder Becher an.<\/p>\n<p>Vorprogrammierte Einstellungen:<br \/>\nIntelligente Einstellungen f\u00fcr die Kaffeem\u00fchle helfen Ihnen, unabh\u00e4ngig vom gew\u00e4hlten Mahlgrad perfekte Ergebnisse zu erzielen.<\/p>\n<p>60 Einstellungen f\u00fcr das Schleifen:<br \/>\nMit der gro\u00dfen Auswahl an intuitiven Mahlgradeinstellungen k\u00f6nnen Sie den perfekten Kaffee zubereiten, vom Espresso bis zum Kolbenbr\u00fchen.<\/p>\n<p>Mit Dosing IQ stimmt die Menge immer:<br \/>\nMit der digitalen Pr\u00e4zisionszeitfunktion k\u00f6nnen Sie die Mahldauer in 0,2-Sekunden-Schritten einstellen und programmieren \u2013 f\u00fcr absolute Kontrolle und eine perfekte Dosis bei jedem Mahlvorgang.<\/p>\n<p>Stromversorgung: 165 Watt<br \/>\nFassungsverm\u00f6gen: 450 g Kaffeebohnen<br \/>\nAbmessungen (BxTxH): 21,5 x 16 x 38,9 cm<br \/>\nSpannung: 220-240 Volt<br \/>\nKonstruktionsmaterial: Geh\u00e4use aus rostfreiem Stahl &#43; konische Mahlwerke aus rostfreiem Stahl<br \/>\nEinstellungen: 60 pr\u00e4zise Mahlgradeinstellungen von Espresso bis Kolbenkaffeemaschine<br \/>\nGarantie: 2 Jahre f\u00fcr Reparatur, Ersatz oder Erstattung (nach alleinigem Ermessen von Sage Appliances)<\/p>\n<p>Zubeh\u00f6r:<\/p>\n<p>Filterhaltergeh\u00e4use-klein 50-54 mm<br \/>\nFilterhaltergeh\u00e4use-Gro\u00df 58 mm<br \/>\nBeh\u00e4lter f\u00fcr gemahlenen Kaffee mit wasserdichtem Deckel<br \/>\nReinigungsb\u00fcrste f\u00fcr Kegelschleifer<\/p>\n<p>Nicht zum Verkauf au\u00dferhalb Europas<\/p>\n","protected":false},"excerpt":{"rendered":"<p>Mit ihren 60 einzigartigen Einstellungen verbessert diese programmierbare Kaffeem\u00fchle mit Kegelmahlwerk das Potenzial jeder Mischung. W\u00e4hlen Sie zwischen \u201cTassen\u201d f\u00fcr die Zubereitung von Kolben- oder Filterkaffee und \u201cTassen\u201d f\u00fcr die Zubereitung von Espresso, um die richtige Dosis f\u00fcr jede Art von Kaffee zu erhalten. Kann direkt im Filterhalter oder in einem luftdichten Beh\u00e4lter gemahlen werden. [&hellip;]<\/p>\n","protected":false},"featured_media":6271734,"template":"","meta":{"_acf_changed":false},"product_cat":[12198,12171,12197,12163],"product_tag":[],"class_list":{"0":"post-50902","1":"product","2":"type-product","3":"status-publish","4":"has-post-thumbnail","6":"product_cat-handbuecher","7":"product_cat-kaffeemaschinen-espresso","8":"product_cat-kaffeemuehlen","9":"product_cat-kleine-elektrogeraete","11":"first","12":"outofstock","13":"sale","14":"taxable","15":"shipping-taxable","16":"purchasable","17":"product-type-simple","swatches":"rey-swatches","show_selected":"","stretch_labels":"rey-swatches--stretch-labels"},"acf":[],"yoast_head":"<!-- This site is optimized with the Yoast SEO plugin v25.4 - https:\/\/yoast.com\/wordpress\/plugins\/seo\/ -->\n<title>SAGE The Smart Grinder Pro - dev6 Erresse<\/title>\n<meta name=\"description\" content=\"Mit ihren 60 einzigartigen Einstellungen verbessert diese programmierbare Kaffeem\u00fchle mit Kegelmahlwerk das Potenzial jeder Mischung. W\u00e4hlen Sie zwischen\" \/>\n<meta name=\"robots\" content=\"noindex, follow, max-snippet:-1, max-image-preview:large, max-video-preview:-1\" \/>\n<meta property=\"og:locale\" content=\"de_DE\" \/>\n<meta property=\"og:type\" content=\"article\" \/>\n<meta property=\"og:title\" content=\"SAGE The Smart Grinder Pro - dev6 Erresse\" \/>\n<meta property=\"og:description\" content=\"Mit ihren 60 einzigartigen Einstellungen verbessert diese programmierbare Kaffeem\u00fchle mit Kegelmahlwerk das Potenzial jeder Mischung. W\u00e4hlen Sie zwischen\" \/>\n<meta property=\"og:url\" content=\"https:\/\/dev6.erresse-shop.it\/de\/shop\/kleine-elektrogeraete\/kaffeemaschinen-espresso\/handbuecher\/sage-the-smart-grinder-pro\/\" \/>\n<meta property=\"og:site_name\" content=\"dev6 Erresse\" \/>\n<meta property=\"og:image\" content=\"https:\/\/interpim.erresse-shop.it\/img-catalogo\/sage\/the-smart-grinder-pro.jpg\" \/><meta property=\"og:image\" content=\"https:\/\/interpim.erresse-shop.it\/img-catalogo\/sage\/the-smart-grinder-pro.jpg\" \/>\n\t<meta property=\"og:image:width\" content=\"1024\" \/>\n\t<meta property=\"og:image:height\" content=\"1024\" \/>\n\t<meta property=\"og:image:type\" content=\"image\/jpeg\" \/>\n<meta name=\"twitter:card\" content=\"summary_large_image\" \/>\n<meta name=\"twitter:image\" content=\"https:\/\/interpim.erresse-shop.it\/img-catalogo\/sage\/the-smart-grinder-pro.jpg\" \/>\n<script type=\"application\/ld+json\" class=\"yoast-schema-graph\">{\"@context\":\"https:\/\/schema.org\",\"@graph\":[{\"@type\":\"WebPage\",\"@id\":\"https:\/\/dev6.erresse-shop.it\/de\/shop\/kleine-elektrogeraete\/kaffeemaschinen-espresso\/handbuecher\/sage-the-smart-grinder-pro\/\",\"url\":\"https:\/\/dev6.erresse-shop.it\/de\/shop\/kleine-elektrogeraete\/kaffeemaschinen-espresso\/handbuecher\/sage-the-smart-grinder-pro\/\",\"name\":\"SAGE The Smart Grinder Pro - dev6 Erresse\",\"isPartOf\":{\"@id\":\"https:\/\/dev6.erresse-shop.it\/#website\"},\"primaryImageOfPage\":{\"@id\":\"https:\/\/dev6.erresse-shop.it\/de\/shop\/kleine-elektrogeraete\/kaffeemaschinen-espresso\/handbuecher\/sage-the-smart-grinder-pro\/#primaryimage\"},\"image\":{\"@id\":\"https:\/\/dev6.erresse-shop.it\/de\/shop\/kleine-elektrogeraete\/kaffeemaschinen-espresso\/handbuecher\/sage-the-smart-grinder-pro\/#primaryimage\"},\"thumbnailUrl\":\"https:\/\/i2.wp.com\/interpim.erresse-shop.it\/img-catalogo\/sage\/the-smart-grinder-pro.jpg?ssl=1\",\"datePublished\":\"2026-04-04T06:54:00+00:00\",\"description\":\"Mit ihren 60 einzigartigen Einstellungen verbessert diese programmierbare Kaffeem\u00fchle mit Kegelmahlwerk das Potenzial jeder Mischung. W\u00e4hlen Sie zwischen\",\"breadcrumb\":{\"@id\":\"https:\/\/dev6.erresse-shop.it\/de\/shop\/kleine-elektrogeraete\/kaffeemaschinen-espresso\/handbuecher\/sage-the-smart-grinder-pro\/#breadcrumb\"},\"inLanguage\":\"de\",\"potentialAction\":[{\"@type\":\"ReadAction\",\"target\":[\"https:\/\/dev6.erresse-shop.it\/de\/shop\/kleine-elektrogeraete\/kaffeemaschinen-espresso\/handbuecher\/sage-the-smart-grinder-pro\/\"]}]},{\"@type\":\"ImageObject\",\"inLanguage\":\"de\",\"@id\":\"https:\/\/dev6.erresse-shop.it\/de\/shop\/kleine-elektrogeraete\/kaffeemaschinen-espresso\/handbuecher\/sage-the-smart-grinder-pro\/#primaryimage\",\"url\":\"https:\/\/i2.wp.com\/interpim.erresse-shop.it\/img-catalogo\/sage\/the-smart-grinder-pro.jpg?ssl=1\",\"contentUrl\":\"https:\/\/i2.wp.com\/interpim.erresse-shop.it\/img-catalogo\/sage\/the-smart-grinder-pro.jpg?ssl=1\"},{\"@type\":\"BreadcrumbList\",\"@id\":\"https:\/\/dev6.erresse-shop.it\/de\/shop\/kleine-elektrogeraete\/kaffeemaschinen-espresso\/handbuecher\/sage-the-smart-grinder-pro\/#breadcrumb\",\"itemListElement\":[{\"@type\":\"ListItem\",\"position\":1,\"name\":\"Home\",\"item\":\"https:\/\/dev6.erresse-shop.it\/\"},{\"@type\":\"ListItem\",\"position\":2,\"name\":\"Shop\",\"item\":\"https:\/\/dev6.erresse-shop.it\/shop\/\"},{\"@type\":\"ListItem\",\"position\":3,\"name\":\"SAGE The Smart Grinder Pro\"}]},{\"@type\":\"WebSite\",\"@id\":\"https:\/\/dev6.erresse-shop.it\/#website\",\"url\":\"https:\/\/dev6.erresse-shop.it\/\",\"name\":\"Erresse Shop\",\"description\":\"\",\"publisher\":{\"@id\":\"https:\/\/dev6.erresse-shop.it\/#organization\"},\"potentialAction\":[{\"@type\":\"SearchAction\",\"target\":{\"@type\":\"EntryPoint\",\"urlTemplate\":\"https:\/\/dev6.erresse-shop.it\/?s={search_term_string}\"},\"query-input\":{\"@type\":\"PropertyValueSpecification\",\"valueRequired\":true,\"valueName\":\"search_term_string\"}}],\"inLanguage\":\"de\"},{\"@type\":\"Organization\",\"@id\":\"https:\/\/dev6.erresse-shop.it\/#organization\",\"name\":\"Erresse Shop\",\"url\":\"https:\/\/dev6.erresse-shop.it\/\",\"logo\":{\"@type\":\"ImageObject\",\"inLanguage\":\"de\",\"@id\":\"https:\/\/dev6.erresse-shop.it\/#\/schema\/logo\/image\/\",\"url\":\"https:\/\/dev6.erresse-shop.it\/wp-content\/uploads\/2025\/01\/LOGO-ERRESSE-CLASSICO.svg\",\"contentUrl\":\"https:\/\/dev6.erresse-shop.it\/wp-content\/uploads\/2025\/01\/LOGO-ERRESSE-CLASSICO.svg\",\"caption\":\"Erresse Shop\"},\"image\":{\"@id\":\"https:\/\/dev6.erresse-shop.it\/#\/schema\/logo\/image\/\"}}]}<\/script>\n<!-- \/ Yoast SEO plugin. -->","yoast_head_json":{"title":"SAGE The Smart Grinder Pro - dev6 Erresse","description":"Mit ihren 60 einzigartigen Einstellungen verbessert diese programmierbare Kaffeem\u00fchle mit Kegelmahlwerk das Potenzial jeder Mischung. W\u00e4hlen Sie zwischen","robots":{"index":"noindex","follow":"follow","max-snippet":"max-snippet:-1","max-image-preview":"max-image-preview:large","max-video-preview":"max-video-preview:-1"},"og_locale":"de_DE","og_type":"article","og_title":"SAGE The Smart Grinder Pro - dev6 Erresse","og_description":"Mit ihren 60 einzigartigen Einstellungen verbessert diese programmierbare Kaffeem\u00fchle mit Kegelmahlwerk das Potenzial jeder Mischung. W\u00e4hlen Sie zwischen","og_url":"https:\/\/dev6.erresse-shop.it\/de\/shop\/kleine-elektrogeraete\/kaffeemaschinen-espresso\/handbuecher\/sage-the-smart-grinder-pro\/","og_site_name":"dev6 Erresse","og_image":[{"url":"https:\/\/interpim.erresse-shop.it\/img-catalogo\/sage\/the-smart-grinder-pro.jpg","type":"","width":"","height":""},{"url":"https:\/\/interpim.erresse-shop.it\/img-catalogo\/sage\/the-smart-grinder-pro.jpg","width":1024,"height":1024,"type":"image\/jpeg"}],"twitter_card":"summary_large_image","twitter_image":"https:\/\/interpim.erresse-shop.it\/img-catalogo\/sage\/the-smart-grinder-pro.jpg","schema":{"@context":"https:\/\/schema.org","@graph":[{"@type":"WebPage","@id":"https:\/\/dev6.erresse-shop.it\/de\/shop\/kleine-elektrogeraete\/kaffeemaschinen-espresso\/handbuecher\/sage-the-smart-grinder-pro\/","url":"https:\/\/dev6.erresse-shop.it\/de\/shop\/kleine-elektrogeraete\/kaffeemaschinen-espresso\/handbuecher\/sage-the-smart-grinder-pro\/","name":"SAGE The Smart Grinder Pro - dev6 Erresse","isPartOf":{"@id":"https:\/\/dev6.erresse-shop.it\/#website"},"primaryImageOfPage":{"@id":"https:\/\/dev6.erresse-shop.it\/de\/shop\/kleine-elektrogeraete\/kaffeemaschinen-espresso\/handbuecher\/sage-the-smart-grinder-pro\/#primaryimage"},"image":{"@id":"https:\/\/dev6.erresse-shop.it\/de\/shop\/kleine-elektrogeraete\/kaffeemaschinen-espresso\/handbuecher\/sage-the-smart-grinder-pro\/#primaryimage"},"thumbnailUrl":"https:\/\/i2.wp.com\/interpim.erresse-shop.it\/img-catalogo\/sage\/the-smart-grinder-pro.jpg?ssl=1","datePublished":"2026-04-04T06:54:00+00:00","description":"Mit ihren 60 einzigartigen Einstellungen verbessert diese programmierbare Kaffeem\u00fchle mit Kegelmahlwerk das Potenzial jeder Mischung. W\u00e4hlen Sie zwischen","breadcrumb":{"@id":"https:\/\/dev6.erresse-shop.it\/de\/shop\/kleine-elektrogeraete\/kaffeemaschinen-espresso\/handbuecher\/sage-the-smart-grinder-pro\/#breadcrumb"},"inLanguage":"de","potentialAction":[{"@type":"ReadAction","target":["https:\/\/dev6.erresse-shop.it\/de\/shop\/kleine-elektrogeraete\/kaffeemaschinen-espresso\/handbuecher\/sage-the-smart-grinder-pro\/"]}]},{"@type":"ImageObject","inLanguage":"de","@id":"https:\/\/dev6.erresse-shop.it\/de\/shop\/kleine-elektrogeraete\/kaffeemaschinen-espresso\/handbuecher\/sage-the-smart-grinder-pro\/#primaryimage","url":"https:\/\/i2.wp.com\/interpim.erresse-shop.it\/img-catalogo\/sage\/the-smart-grinder-pro.jpg?ssl=1","contentUrl":"https:\/\/i2.wp.com\/interpim.erresse-shop.it\/img-catalogo\/sage\/the-smart-grinder-pro.jpg?ssl=1"},{"@type":"BreadcrumbList","@id":"https:\/\/dev6.erresse-shop.it\/de\/shop\/kleine-elektrogeraete\/kaffeemaschinen-espresso\/handbuecher\/sage-the-smart-grinder-pro\/#breadcrumb","itemListElement":[{"@type":"ListItem","position":1,"name":"Home","item":"https:\/\/dev6.erresse-shop.it\/"},{"@type":"ListItem","position":2,"name":"Shop","item":"https:\/\/dev6.erresse-shop.it\/shop\/"},{"@type":"ListItem","position":3,"name":"SAGE The Smart Grinder Pro"}]},{"@type":"WebSite","@id":"https:\/\/dev6.erresse-shop.it\/#website","url":"https:\/\/dev6.erresse-shop.it\/","name":"Erresse Shop","description":"","publisher":{"@id":"https:\/\/dev6.erresse-shop.it\/#organization"},"potentialAction":[{"@type":"SearchAction","target":{"@type":"EntryPoint","urlTemplate":"https:\/\/dev6.erresse-shop.it\/?s={search_term_string}"},"query-input":{"@type":"PropertyValueSpecification","valueRequired":true,"valueName":"search_term_string"}}],"inLanguage":"de"},{"@type":"Organization","@id":"https:\/\/dev6.erresse-shop.it\/#organization","name":"Erresse Shop","url":"https:\/\/dev6.erresse-shop.it\/","logo":{"@type":"ImageObject","inLanguage":"de","@id":"https:\/\/dev6.erresse-shop.it\/#\/schema\/logo\/image\/","url":"https:\/\/dev6.erresse-shop.it\/wp-content\/uploads\/2025\/01\/LOGO-ERRESSE-CLASSICO.svg","contentUrl":"https:\/\/dev6.erresse-shop.it\/wp-content\/uploads\/2025\/01\/LOGO-ERRESSE-CLASSICO.svg","caption":"Erresse Shop"},"image":{"@id":"https:\/\/dev6.erresse-shop.it\/#\/schema\/logo\/image\/"}}]}},"df_price":219.95,"df_sale_price":219.95,"df_regular_price":259.9,"df_image_link":"https:\/\/i2.wp.com\/interpim.erresse-shop.it\/img-catalogo\/sage\/the-smart-grinder-pro.jpg?resize=300,300&ssl=1","fifu_image_url":"https:\/\/interpim.erresse-shop.it\/img-catalogo\/sage\/the-smart-grinder-pro.jpg","_links":{"self":[{"href":"https:\/\/dev6.erresse-shop.it\/de\/wp-json\/wp\/v2\/product\/50902","targetHints":{"allow":["GET"]}}],"collection":[{"href":"https:\/\/dev6.erresse-shop.it\/de\/wp-json\/wp\/v2\/product"}],"about":[{"href":"https:\/\/dev6.erresse-shop.it\/de\/wp-json\/wp\/v2\/types\/product"}],"wp:featuredmedia":[{"embeddable":true,"href":"https:\/\/dev6.erresse-shop.it\/de\/wp-json\/wp\/v2\/media\/6271734"}],"wp:attachment":[{"href":"https:\/\/dev6.erresse-shop.it\/de\/wp-json\/wp\/v2\/media?parent=50902"}],"wp:term":[{"taxonomy":"product_cat","embeddable":true,"href":"https:\/\/dev6.erresse-shop.it\/de\/wp-json\/wp\/v2\/product_cat?post=50902"},{"taxonomy":"product_tag","embeddable":true,"href":"https:\/\/dev6.erresse-shop.it\/de\/wp-json\/wp\/v2\/product_tag?post=50902"}],"curies":[{"name":"wp","href":"https:\/\/api.w.org\/{rel}","templated":true}]}}