{"id":50900,"date":"2026-04-12T08:55:29","date_gmt":"2026-04-12T06:55:29","guid":{"rendered":"https:\/\/dev6.erresse-shop.it\/shop\/unkategorisiert\/sage-the-dose-control-pro\/"},"modified":"2025-07-03T20:11:10","modified_gmt":"2025-07-03T18:11:10","slug":"sage-the-dose-control-pro","status":"publish","type":"product","link":"https:\/\/dev6.erresse-shop.it\/de\/shop\/kleine-elektrogeraete\/kaffeemaschinen-espresso\/handbuecher\/sage-the-dose-control-pro\/","title":{"rendered":"SAGE The Dose Control Pro"},"content":{"rendered":"<p>Steuern Sie das Mahlen Ihrer frisch ger\u00f6steten Kaffeebohnen mit 60 Pr\u00e4zisionseinstellungen. Das konische Pr\u00e4zisionsmahlwerk dieser Maschine minimiert die Hitzeentwicklung beim Mahlen der Bohnen und bewahrt die \u00e4therischen \u00d6le, die den Geschmack des frischen Kaffees ausmachen.<\/p>\n<p>Einfache Dosierung<br \/>\nMit der Dose Control Pro k\u00f6nnen Sie den Kaffee direkt im Filterhalter, im Goldfilter oder in Papierfiltern mahlen. Sie haben die Wahl.<\/p>\n<p>60 Schleifen Einstellungen<br \/>\nDiese breite Palette von Einstellungen erm\u00f6glicht es Ihnen, einen feinen Mahlgrad f\u00fcr Espresso oder einen groben Mahlgrad f\u00fcr die Kolbenkaffeemaschine zu erzielen.<\/p>\n<p>Elektronischer Pr\u00e4zisionszeitgeber<br \/>\nStellen Sie die Mahldauer in 1-Sekunden-Schritten ein und erhalten Sie die perfekte Dosis f\u00fcr jede Mahlgradgr\u00f6\u00dfe.<\/p>\n<p>Mahlwerk<br \/>\nDie konischen Edelstahlmahlwerke sind so konzipiert, dass die Hitzeentwicklung beim Mahlen minimiert wird und die in den Kaffeebohnen enthaltenen \u00e4therischen \u00d6le erhalten bleiben.<\/p>\n<p>Stromversorgung: 130 Watt<br \/>\nFassungsverm\u00f6gen des Federhalters: 340 Gramm<br \/>\nAbmessungen (BxTxH): 20,4 x 16 x 34,2 cm<br \/>\nFunktion: Mahlt den Kaffee direkt im Filterhalter, Goldfilter oder Papierfilter<br \/>\nGarantie: 2 Jahre Garantie auf Reparatur, Ersatz oder R\u00fcckerstattung (nach alleinigem Ermessen von Sage Appliances)<br \/>\nIntegriertes Mahlwerk: Konische Edelstahlmahlwerke<br \/>\nMahlwerk: Die konischen Edelstahlm\u00fchlen sind so konzipiert, dass die Hitzeentwicklung beim Mahlen minimiert wird und die in den Kaffeebohnen enthaltenen \u00e4therischen \u00d6le erhalten bleiben.<br \/>\nSpannung: 220-240 Volt<\/p>\n<p>Inklusive Zubeh\u00f6r:<\/p>\n<p>Filterhaltergeh\u00e4use-klein 50-54 mm<br \/>\nFilterhaltergeh\u00e4use-Gro\u00df 58 mm<br \/>\nVerstellbare Klinge zur Nivellierung der Dosis \u2013 Nivelliert das Kaffeemehl f\u00fcr eine gleichm\u00e4\u00dfige Extraktion<br \/>\nMit auswechselbarer Klinge f\u00fcr 50 mm, 54 mm und 58 mm Filterhalter<\/p>\n<p>Nicht zum Verkauf au\u00dferhalb Europas<\/p>\n","protected":false},"excerpt":{"rendered":"<p>Steuern Sie das Mahlen Ihrer frisch ger\u00f6steten Kaffeebohnen mit 60 Pr\u00e4zisionseinstellungen. Das konische Pr\u00e4zisionsmahlwerk dieser Maschine minimiert die Hitzeentwicklung beim Mahlen der Bohnen und bewahrt die \u00e4therischen \u00d6le, die den Geschmack des frischen Kaffees ausmachen. Einfache Dosierung Mit der Dose Control Pro k\u00f6nnen Sie den Kaffee direkt im Filterhalter, im Goldfilter oder in Papierfiltern mahlen. [&hellip;]<\/p>\n","protected":false},"featured_media":6355020,"template":"","meta":{"_acf_changed":false},"product_cat":[12198,12171,12197,12163],"product_tag":[],"class_list":{"0":"post-50900","1":"product","2":"type-product","3":"status-publish","4":"has-post-thumbnail","6":"product_cat-handbuecher","7":"product_cat-kaffeemaschinen-espresso","8":"product_cat-kaffeemuehlen","9":"product_cat-kleine-elektrogeraete","11":"first","12":"outofstock","13":"sale","14":"taxable","15":"shipping-taxable","16":"purchasable","17":"product-type-simple","swatches":"rey-swatches","show_selected":"","stretch_labels":"rey-swatches--stretch-labels"},"acf":[],"yoast_head":"<!-- This site is optimized with the Yoast SEO plugin v25.4 - https:\/\/yoast.com\/wordpress\/plugins\/seo\/ -->\n<title>SAGE The Dose Control Pro - dev6 Erresse<\/title>\n<meta name=\"description\" content=\"Steuern Sie das Mahlen Ihrer frisch ger\u00f6steten Kaffeebohnen mit 60 Pr\u00e4zisionseinstellungen. Das konische Pr\u00e4zisionsmahlwerk dieser Maschine minimiert die\" \/>\n<meta name=\"robots\" content=\"noindex, follow, max-snippet:-1, max-image-preview:large, max-video-preview:-1\" \/>\n<meta property=\"og:locale\" content=\"de_DE\" \/>\n<meta property=\"og:type\" content=\"article\" \/>\n<meta property=\"og:title\" content=\"SAGE The Dose Control Pro - dev6 Erresse\" \/>\n<meta property=\"og:description\" content=\"Steuern Sie das Mahlen Ihrer frisch ger\u00f6steten Kaffeebohnen mit 60 Pr\u00e4zisionseinstellungen. Das konische Pr\u00e4zisionsmahlwerk dieser Maschine minimiert die\" \/>\n<meta property=\"og:url\" content=\"https:\/\/dev6.erresse-shop.it\/de\/shop\/kleine-elektrogeraete\/kaffeemaschinen-espresso\/handbuecher\/sage-the-dose-control-pro\/\" \/>\n<meta property=\"og:site_name\" content=\"dev6 Erresse\" \/>\n<meta property=\"og:image\" content=\"https:\/\/interpim.erresse-shop.it\/img-catalogo\/sage\/the-dose-control-pro.jpg\" \/><meta property=\"og:image\" content=\"https:\/\/interpim.erresse-shop.it\/img-catalogo\/sage\/the-dose-control-pro.jpg\" \/>\n\t<meta property=\"og:image:width\" content=\"1024\" \/>\n\t<meta property=\"og:image:height\" content=\"1024\" \/>\n\t<meta property=\"og:image:type\" content=\"image\/jpeg\" \/>\n<meta name=\"twitter:card\" content=\"summary_large_image\" \/>\n<meta name=\"twitter:image\" content=\"https:\/\/interpim.erresse-shop.it\/img-catalogo\/sage\/the-dose-control-pro.jpg\" \/>\n<script type=\"application\/ld+json\" class=\"yoast-schema-graph\">{\"@context\":\"https:\/\/schema.org\",\"@graph\":[{\"@type\":\"WebPage\",\"@id\":\"https:\/\/dev6.erresse-shop.it\/de\/shop\/kleine-elektrogeraete\/kaffeemaschinen-espresso\/handbuecher\/sage-the-dose-control-pro\/\",\"url\":\"https:\/\/dev6.erresse-shop.it\/de\/shop\/kleine-elektrogeraete\/kaffeemaschinen-espresso\/handbuecher\/sage-the-dose-control-pro\/\",\"name\":\"SAGE The Dose Control Pro - dev6 Erresse\",\"isPartOf\":{\"@id\":\"https:\/\/dev6.erresse-shop.it\/#website\"},\"primaryImageOfPage\":{\"@id\":\"https:\/\/dev6.erresse-shop.it\/de\/shop\/kleine-elektrogeraete\/kaffeemaschinen-espresso\/handbuecher\/sage-the-dose-control-pro\/#primaryimage\"},\"image\":{\"@id\":\"https:\/\/dev6.erresse-shop.it\/de\/shop\/kleine-elektrogeraete\/kaffeemaschinen-espresso\/handbuecher\/sage-the-dose-control-pro\/#primaryimage\"},\"thumbnailUrl\":\"https:\/\/i0.wp.com\/interpim.erresse-shop.it\/img-catalogo\/sage\/the-dose-control-pro.jpg?ssl=1\",\"datePublished\":\"2026-04-12T06:55:29+00:00\",\"description\":\"Steuern Sie das Mahlen Ihrer frisch ger\u00f6steten Kaffeebohnen mit 60 Pr\u00e4zisionseinstellungen. Das konische Pr\u00e4zisionsmahlwerk dieser Maschine minimiert die\",\"breadcrumb\":{\"@id\":\"https:\/\/dev6.erresse-shop.it\/de\/shop\/kleine-elektrogeraete\/kaffeemaschinen-espresso\/handbuecher\/sage-the-dose-control-pro\/#breadcrumb\"},\"inLanguage\":\"de\",\"potentialAction\":[{\"@type\":\"ReadAction\",\"target\":[\"https:\/\/dev6.erresse-shop.it\/de\/shop\/kleine-elektrogeraete\/kaffeemaschinen-espresso\/handbuecher\/sage-the-dose-control-pro\/\"]}]},{\"@type\":\"ImageObject\",\"inLanguage\":\"de\",\"@id\":\"https:\/\/dev6.erresse-shop.it\/de\/shop\/kleine-elektrogeraete\/kaffeemaschinen-espresso\/handbuecher\/sage-the-dose-control-pro\/#primaryimage\",\"url\":\"https:\/\/i0.wp.com\/interpim.erresse-shop.it\/img-catalogo\/sage\/the-dose-control-pro.jpg?ssl=1\",\"contentUrl\":\"https:\/\/i0.wp.com\/interpim.erresse-shop.it\/img-catalogo\/sage\/the-dose-control-pro.jpg?ssl=1\"},{\"@type\":\"BreadcrumbList\",\"@id\":\"https:\/\/dev6.erresse-shop.it\/de\/shop\/kleine-elektrogeraete\/kaffeemaschinen-espresso\/handbuecher\/sage-the-dose-control-pro\/#breadcrumb\",\"itemListElement\":[{\"@type\":\"ListItem\",\"position\":1,\"name\":\"Home\",\"item\":\"https:\/\/dev6.erresse-shop.it\/\"},{\"@type\":\"ListItem\",\"position\":2,\"name\":\"Shop\",\"item\":\"https:\/\/dev6.erresse-shop.it\/shop\/\"},{\"@type\":\"ListItem\",\"position\":3,\"name\":\"SAGE The Dose Control Pro\"}]},{\"@type\":\"WebSite\",\"@id\":\"https:\/\/dev6.erresse-shop.it\/#website\",\"url\":\"https:\/\/dev6.erresse-shop.it\/\",\"name\":\"Erresse Shop\",\"description\":\"\",\"publisher\":{\"@id\":\"https:\/\/dev6.erresse-shop.it\/#organization\"},\"potentialAction\":[{\"@type\":\"SearchAction\",\"target\":{\"@type\":\"EntryPoint\",\"urlTemplate\":\"https:\/\/dev6.erresse-shop.it\/?s={search_term_string}\"},\"query-input\":{\"@type\":\"PropertyValueSpecification\",\"valueRequired\":true,\"valueName\":\"search_term_string\"}}],\"inLanguage\":\"de\"},{\"@type\":\"Organization\",\"@id\":\"https:\/\/dev6.erresse-shop.it\/#organization\",\"name\":\"Erresse Shop\",\"url\":\"https:\/\/dev6.erresse-shop.it\/\",\"logo\":{\"@type\":\"ImageObject\",\"inLanguage\":\"de\",\"@id\":\"https:\/\/dev6.erresse-shop.it\/#\/schema\/logo\/image\/\",\"url\":\"https:\/\/dev6.erresse-shop.it\/wp-content\/uploads\/2025\/01\/LOGO-ERRESSE-CLASSICO.svg\",\"contentUrl\":\"https:\/\/dev6.erresse-shop.it\/wp-content\/uploads\/2025\/01\/LOGO-ERRESSE-CLASSICO.svg\",\"caption\":\"Erresse Shop\"},\"image\":{\"@id\":\"https:\/\/dev6.erresse-shop.it\/#\/schema\/logo\/image\/\"}}]}<\/script>\n<!-- \/ Yoast SEO plugin. -->","yoast_head_json":{"title":"SAGE The Dose Control Pro - dev6 Erresse","description":"Steuern Sie das Mahlen Ihrer frisch ger\u00f6steten Kaffeebohnen mit 60 Pr\u00e4zisionseinstellungen. Das konische Pr\u00e4zisionsmahlwerk dieser Maschine minimiert die","robots":{"index":"noindex","follow":"follow","max-snippet":"max-snippet:-1","max-image-preview":"max-image-preview:large","max-video-preview":"max-video-preview:-1"},"og_locale":"de_DE","og_type":"article","og_title":"SAGE The Dose Control Pro - dev6 Erresse","og_description":"Steuern Sie das Mahlen Ihrer frisch ger\u00f6steten Kaffeebohnen mit 60 Pr\u00e4zisionseinstellungen. Das konische Pr\u00e4zisionsmahlwerk dieser Maschine minimiert die","og_url":"https:\/\/dev6.erresse-shop.it\/de\/shop\/kleine-elektrogeraete\/kaffeemaschinen-espresso\/handbuecher\/sage-the-dose-control-pro\/","og_site_name":"dev6 Erresse","og_image":[{"url":"https:\/\/interpim.erresse-shop.it\/img-catalogo\/sage\/the-dose-control-pro.jpg","type":"","width":"","height":""},{"url":"https:\/\/interpim.erresse-shop.it\/img-catalogo\/sage\/the-dose-control-pro.jpg","width":1024,"height":1024,"type":"image\/jpeg"}],"twitter_card":"summary_large_image","twitter_image":"https:\/\/interpim.erresse-shop.it\/img-catalogo\/sage\/the-dose-control-pro.jpg","schema":{"@context":"https:\/\/schema.org","@graph":[{"@type":"WebPage","@id":"https:\/\/dev6.erresse-shop.it\/de\/shop\/kleine-elektrogeraete\/kaffeemaschinen-espresso\/handbuecher\/sage-the-dose-control-pro\/","url":"https:\/\/dev6.erresse-shop.it\/de\/shop\/kleine-elektrogeraete\/kaffeemaschinen-espresso\/handbuecher\/sage-the-dose-control-pro\/","name":"SAGE The Dose Control Pro - dev6 Erresse","isPartOf":{"@id":"https:\/\/dev6.erresse-shop.it\/#website"},"primaryImageOfPage":{"@id":"https:\/\/dev6.erresse-shop.it\/de\/shop\/kleine-elektrogeraete\/kaffeemaschinen-espresso\/handbuecher\/sage-the-dose-control-pro\/#primaryimage"},"image":{"@id":"https:\/\/dev6.erresse-shop.it\/de\/shop\/kleine-elektrogeraete\/kaffeemaschinen-espresso\/handbuecher\/sage-the-dose-control-pro\/#primaryimage"},"thumbnailUrl":"https:\/\/i0.wp.com\/interpim.erresse-shop.it\/img-catalogo\/sage\/the-dose-control-pro.jpg?ssl=1","datePublished":"2026-04-12T06:55:29+00:00","description":"Steuern Sie das Mahlen Ihrer frisch ger\u00f6steten Kaffeebohnen mit 60 Pr\u00e4zisionseinstellungen. Das konische Pr\u00e4zisionsmahlwerk dieser Maschine minimiert die","breadcrumb":{"@id":"https:\/\/dev6.erresse-shop.it\/de\/shop\/kleine-elektrogeraete\/kaffeemaschinen-espresso\/handbuecher\/sage-the-dose-control-pro\/#breadcrumb"},"inLanguage":"de","potentialAction":[{"@type":"ReadAction","target":["https:\/\/dev6.erresse-shop.it\/de\/shop\/kleine-elektrogeraete\/kaffeemaschinen-espresso\/handbuecher\/sage-the-dose-control-pro\/"]}]},{"@type":"ImageObject","inLanguage":"de","@id":"https:\/\/dev6.erresse-shop.it\/de\/shop\/kleine-elektrogeraete\/kaffeemaschinen-espresso\/handbuecher\/sage-the-dose-control-pro\/#primaryimage","url":"https:\/\/i0.wp.com\/interpim.erresse-shop.it\/img-catalogo\/sage\/the-dose-control-pro.jpg?ssl=1","contentUrl":"https:\/\/i0.wp.com\/interpim.erresse-shop.it\/img-catalogo\/sage\/the-dose-control-pro.jpg?ssl=1"},{"@type":"BreadcrumbList","@id":"https:\/\/dev6.erresse-shop.it\/de\/shop\/kleine-elektrogeraete\/kaffeemaschinen-espresso\/handbuecher\/sage-the-dose-control-pro\/#breadcrumb","itemListElement":[{"@type":"ListItem","position":1,"name":"Home","item":"https:\/\/dev6.erresse-shop.it\/"},{"@type":"ListItem","position":2,"name":"Shop","item":"https:\/\/dev6.erresse-shop.it\/shop\/"},{"@type":"ListItem","position":3,"name":"SAGE The Dose Control Pro"}]},{"@type":"WebSite","@id":"https:\/\/dev6.erresse-shop.it\/#website","url":"https:\/\/dev6.erresse-shop.it\/","name":"Erresse Shop","description":"","publisher":{"@id":"https:\/\/dev6.erresse-shop.it\/#organization"},"potentialAction":[{"@type":"SearchAction","target":{"@type":"EntryPoint","urlTemplate":"https:\/\/dev6.erresse-shop.it\/?s={search_term_string}"},"query-input":{"@type":"PropertyValueSpecification","valueRequired":true,"valueName":"search_term_string"}}],"inLanguage":"de"},{"@type":"Organization","@id":"https:\/\/dev6.erresse-shop.it\/#organization","name":"Erresse Shop","url":"https:\/\/dev6.erresse-shop.it\/","logo":{"@type":"ImageObject","inLanguage":"de","@id":"https:\/\/dev6.erresse-shop.it\/#\/schema\/logo\/image\/","url":"https:\/\/dev6.erresse-shop.it\/wp-content\/uploads\/2025\/01\/LOGO-ERRESSE-CLASSICO.svg","contentUrl":"https:\/\/dev6.erresse-shop.it\/wp-content\/uploads\/2025\/01\/LOGO-ERRESSE-CLASSICO.svg","caption":"Erresse Shop"},"image":{"@id":"https:\/\/dev6.erresse-shop.it\/#\/schema\/logo\/image\/"}}]}},"df_price":189.95,"df_sale_price":189.95,"df_regular_price":219.9,"df_image_link":"https:\/\/i0.wp.com\/interpim.erresse-shop.it\/img-catalogo\/sage\/the-dose-control-pro.jpg?resize=300,300&ssl=1","fifu_image_url":"https:\/\/interpim.erresse-shop.it\/img-catalogo\/sage\/the-dose-control-pro.jpg","_links":{"self":[{"href":"https:\/\/dev6.erresse-shop.it\/de\/wp-json\/wp\/v2\/product\/50900","targetHints":{"allow":["GET"]}}],"collection":[{"href":"https:\/\/dev6.erresse-shop.it\/de\/wp-json\/wp\/v2\/product"}],"about":[{"href":"https:\/\/dev6.erresse-shop.it\/de\/wp-json\/wp\/v2\/types\/product"}],"wp:featuredmedia":[{"embeddable":true,"href":"https:\/\/dev6.erresse-shop.it\/de\/wp-json\/wp\/v2\/media\/6355020"}],"wp:attachment":[{"href":"https:\/\/dev6.erresse-shop.it\/de\/wp-json\/wp\/v2\/media?parent=50900"}],"wp:term":[{"taxonomy":"product_cat","embeddable":true,"href":"https:\/\/dev6.erresse-shop.it\/de\/wp-json\/wp\/v2\/product_cat?post=50900"},{"taxonomy":"product_tag","embeddable":true,"href":"https:\/\/dev6.erresse-shop.it\/de\/wp-json\/wp\/v2\/product_tag?post=50900"}],"curies":[{"name":"wp","href":"https:\/\/api.w.org\/{rel}","templated":true}]}}