{"id":50814,"date":"2026-04-12T08:53:10","date_gmt":"2026-04-12T06:53:10","guid":{"rendered":"https:\/\/dev6.erresse-shop.it\/shop\/unkategorisiert\/sambonet-arthur-krupp-set-12-teller-mandala\/"},"modified":"2025-09-14T00:49:41","modified_gmt":"2025-09-13T22:49:41","slug":"sambonet-arthur-krupp-set-12-teller-mandala","status":"publish","type":"product","link":"https:\/\/dev6.erresse-shop.it\/de\/shop\/tisch\/teller-geschirr\/sambonet-arthur-krupp-set-12-teller-mandala\/","title":{"rendered":"SAMBONET ARTHUR KRUPP Set 12 Teller Mandala"},"content":{"rendered":"<p>Eine gegliederte Kollektion, die ihre Besonderheit im Farbreichtum und in den vier raffinierten Mustern findet, die sie zusammensetzen, die alle der Kunst des Webens und der typischen Symbolik des alten orientalischen Handwerks gewidmet sind. Eine Abfolge von floralen Wirbeln und fast kalligraphischen Ornamenten, die sich mit der Strenge und strengen Wiederholung geordneter geometrischer Muster abwechseln. Mandala \u00f6ffnet den Tisch f\u00fcr exotische, ethnische Atmosph\u00e4ren und bietet unendliche Kombinationen und Abwechslungen zwischen vollst\u00e4ndig dekorierten, einfarbigen Tellern und Tischzubeh\u00f6r.<\/p>\n<p>Set f\u00fcr 4 Personen (12 St\u00fcck), bestehend aus Essteller (Durchmesser 27,5 cm), Suppenteller (Durchmesser 22 cm) und Obstteller (Durchmesser 20 cm);<br \/>\nDie typischen Dekorationen und Farben des Steinguts werden auf dem Porzellan reproduziert, um einen Materialeffekt zu erzielen, der den warmen Stil der Keramik beibeh\u00e4lt und gleichzeitig die Festigkeit und Qualit\u00e4t des Hochtemperaturbrennens bietet.<br \/>\nSp\u00fclmaschinenfest<br \/>\nPorzellangeschirr<\/p>\n","protected":false},"excerpt":{"rendered":"<p>Eine gegliederte Kollektion, die ihre Besonderheit im Farbreichtum und in den vier raffinierten Mustern findet, die sie zusammensetzen, die alle der Kunst des Webens und der typischen Symbolik des alten orientalischen Handwerks gewidmet sind. Eine Abfolge von floralen Wirbeln und fast kalligraphischen Ornamenten, die sich mit der Strenge und strengen Wiederholung geordneter geometrischer Muster abwechseln. [&hellip;]<\/p>\n","protected":false},"featured_media":6354772,"template":"","meta":{"_acf_changed":false},"product_cat":[11671,12122,12103],"product_tag":[],"class_list":{"0":"post-50814","1":"product","2":"type-product","3":"status-publish","4":"has-post-thumbnail","6":"product_cat-tavola","7":"product_cat-teller-geschirr","8":"product_cat-tisch","10":"first","11":"instock","12":"sale","13":"taxable","14":"shipping-taxable","15":"purchasable","16":"product-type-simple","swatches":"rey-swatches","show_selected":"","stretch_labels":"rey-swatches--stretch-labels"},"acf":[],"yoast_head":"<!-- This site is optimized with the Yoast SEO plugin v25.4 - https:\/\/yoast.com\/wordpress\/plugins\/seo\/ -->\n<title>SAMBONET ARTHUR KRUPP Set 12 Teller Mandala - dev6 Erresse<\/title>\n<meta name=\"description\" content=\"Eine gegliederte Kollektion, die ihre Besonderheit im Farbreichtum und in den vier raffinierten Mustern findet, die sie zusammensetzen, die alle der Kunst\" \/>\n<meta name=\"robots\" content=\"noindex, follow, max-snippet:-1, max-image-preview:large, max-video-preview:-1\" \/>\n<meta property=\"og:locale\" content=\"de_DE\" \/>\n<meta property=\"og:type\" content=\"article\" \/>\n<meta property=\"og:title\" content=\"SAMBONET ARTHUR KRUPP Set 12 Teller Mandala - dev6 Erresse\" \/>\n<meta property=\"og:description\" content=\"Eine gegliederte Kollektion, die ihre Besonderheit im Farbreichtum und in den vier raffinierten Mustern findet, die sie zusammensetzen, die alle der Kunst\" \/>\n<meta property=\"og:url\" content=\"https:\/\/dev6.erresse-shop.it\/de\/shop\/tisch\/teller-geschirr\/sambonet-arthur-krupp-set-12-teller-mandala\/\" \/>\n<meta property=\"og:site_name\" content=\"dev6 Erresse\" \/>\n<meta property=\"og:image\" content=\"https:\/\/interpim.erresse-shop.it\/img-catalogo\/sambonet\/sambonet-arthur-krupp-set-12-piatti-mandala-2.jpg\" \/><meta property=\"og:image\" content=\"https:\/\/interpim.erresse-shop.it\/img-catalogo\/sambonet\/sambonet-arthur-krupp-set-12-piatti-mandala-2.jpg\" \/>\n\t<meta property=\"og:image:width\" content=\"1024\" \/>\n\t<meta property=\"og:image:height\" content=\"1024\" \/>\n\t<meta property=\"og:image:type\" content=\"image\/jpeg\" \/>\n<meta name=\"twitter:card\" content=\"summary_large_image\" \/>\n<meta name=\"twitter:image\" content=\"https:\/\/interpim.erresse-shop.it\/img-catalogo\/sambonet\/sambonet-arthur-krupp-set-12-piatti-mandala-2.jpg\" \/>\n<script type=\"application\/ld+json\" class=\"yoast-schema-graph\">{\"@context\":\"https:\/\/schema.org\",\"@graph\":[{\"@type\":\"WebPage\",\"@id\":\"https:\/\/dev6.erresse-shop.it\/de\/shop\/tisch\/teller-geschirr\/sambonet-arthur-krupp-set-12-teller-mandala\/\",\"url\":\"https:\/\/dev6.erresse-shop.it\/de\/shop\/tisch\/teller-geschirr\/sambonet-arthur-krupp-set-12-teller-mandala\/\",\"name\":\"SAMBONET ARTHUR KRUPP Set 12 Teller Mandala - dev6 Erresse\",\"isPartOf\":{\"@id\":\"https:\/\/dev6.erresse-shop.it\/#website\"},\"primaryImageOfPage\":{\"@id\":\"https:\/\/dev6.erresse-shop.it\/de\/shop\/tisch\/teller-geschirr\/sambonet-arthur-krupp-set-12-teller-mandala\/#primaryimage\"},\"image\":{\"@id\":\"https:\/\/dev6.erresse-shop.it\/de\/shop\/tisch\/teller-geschirr\/sambonet-arthur-krupp-set-12-teller-mandala\/#primaryimage\"},\"thumbnailUrl\":\"https:\/\/i0.wp.com\/interpim.erresse-shop.it\/img-catalogo\/sambonet\/sambonet-arthur-krupp-set-12-piatti-mandala-2.jpg?ssl=1\",\"datePublished\":\"2026-04-12T06:53:10+00:00\",\"description\":\"Eine gegliederte Kollektion, die ihre Besonderheit im Farbreichtum und in den vier raffinierten Mustern findet, die sie zusammensetzen, die alle der Kunst\",\"breadcrumb\":{\"@id\":\"https:\/\/dev6.erresse-shop.it\/de\/shop\/tisch\/teller-geschirr\/sambonet-arthur-krupp-set-12-teller-mandala\/#breadcrumb\"},\"inLanguage\":\"de\",\"potentialAction\":[{\"@type\":\"ReadAction\",\"target\":[\"https:\/\/dev6.erresse-shop.it\/de\/shop\/tisch\/teller-geschirr\/sambonet-arthur-krupp-set-12-teller-mandala\/\"]}]},{\"@type\":\"ImageObject\",\"inLanguage\":\"de\",\"@id\":\"https:\/\/dev6.erresse-shop.it\/de\/shop\/tisch\/teller-geschirr\/sambonet-arthur-krupp-set-12-teller-mandala\/#primaryimage\",\"url\":\"https:\/\/i0.wp.com\/interpim.erresse-shop.it\/img-catalogo\/sambonet\/sambonet-arthur-krupp-set-12-piatti-mandala-2.jpg?ssl=1\",\"contentUrl\":\"https:\/\/i0.wp.com\/interpim.erresse-shop.it\/img-catalogo\/sambonet\/sambonet-arthur-krupp-set-12-piatti-mandala-2.jpg?ssl=1\"},{\"@type\":\"BreadcrumbList\",\"@id\":\"https:\/\/dev6.erresse-shop.it\/de\/shop\/tisch\/teller-geschirr\/sambonet-arthur-krupp-set-12-teller-mandala\/#breadcrumb\",\"itemListElement\":[{\"@type\":\"ListItem\",\"position\":1,\"name\":\"Home\",\"item\":\"https:\/\/dev6.erresse-shop.it\/\"},{\"@type\":\"ListItem\",\"position\":2,\"name\":\"Shop\",\"item\":\"https:\/\/dev6.erresse-shop.it\/shop\/\"},{\"@type\":\"ListItem\",\"position\":3,\"name\":\"SAMBONET ARTHUR KRUPP Set 12 Teller Mandala\"}]},{\"@type\":\"WebSite\",\"@id\":\"https:\/\/dev6.erresse-shop.it\/#website\",\"url\":\"https:\/\/dev6.erresse-shop.it\/\",\"name\":\"Erresse Shop\",\"description\":\"\",\"publisher\":{\"@id\":\"https:\/\/dev6.erresse-shop.it\/#organization\"},\"potentialAction\":[{\"@type\":\"SearchAction\",\"target\":{\"@type\":\"EntryPoint\",\"urlTemplate\":\"https:\/\/dev6.erresse-shop.it\/?s={search_term_string}\"},\"query-input\":{\"@type\":\"PropertyValueSpecification\",\"valueRequired\":true,\"valueName\":\"search_term_string\"}}],\"inLanguage\":\"de\"},{\"@type\":\"Organization\",\"@id\":\"https:\/\/dev6.erresse-shop.it\/#organization\",\"name\":\"Erresse Shop\",\"url\":\"https:\/\/dev6.erresse-shop.it\/\",\"logo\":{\"@type\":\"ImageObject\",\"inLanguage\":\"de\",\"@id\":\"https:\/\/dev6.erresse-shop.it\/#\/schema\/logo\/image\/\",\"url\":\"https:\/\/dev6.erresse-shop.it\/wp-content\/uploads\/2025\/01\/LOGO-ERRESSE-CLASSICO.svg\",\"contentUrl\":\"https:\/\/dev6.erresse-shop.it\/wp-content\/uploads\/2025\/01\/LOGO-ERRESSE-CLASSICO.svg\",\"caption\":\"Erresse Shop\"},\"image\":{\"@id\":\"https:\/\/dev6.erresse-shop.it\/#\/schema\/logo\/image\/\"}}]}<\/script>\n<!-- \/ Yoast SEO plugin. -->","yoast_head_json":{"title":"SAMBONET ARTHUR KRUPP Set 12 Teller Mandala - dev6 Erresse","description":"Eine gegliederte Kollektion, die ihre Besonderheit im Farbreichtum und in den vier raffinierten Mustern findet, die sie zusammensetzen, die alle der Kunst","robots":{"index":"noindex","follow":"follow","max-snippet":"max-snippet:-1","max-image-preview":"max-image-preview:large","max-video-preview":"max-video-preview:-1"},"og_locale":"de_DE","og_type":"article","og_title":"SAMBONET ARTHUR KRUPP Set 12 Teller Mandala - dev6 Erresse","og_description":"Eine gegliederte Kollektion, die ihre Besonderheit im Farbreichtum und in den vier raffinierten Mustern findet, die sie zusammensetzen, die alle der Kunst","og_url":"https:\/\/dev6.erresse-shop.it\/de\/shop\/tisch\/teller-geschirr\/sambonet-arthur-krupp-set-12-teller-mandala\/","og_site_name":"dev6 Erresse","og_image":[{"url":"https:\/\/interpim.erresse-shop.it\/img-catalogo\/sambonet\/sambonet-arthur-krupp-set-12-piatti-mandala-2.jpg","type":"","width":"","height":""},{"url":"https:\/\/interpim.erresse-shop.it\/img-catalogo\/sambonet\/sambonet-arthur-krupp-set-12-piatti-mandala-2.jpg","width":1024,"height":1024,"type":"image\/jpeg"}],"twitter_card":"summary_large_image","twitter_image":"https:\/\/interpim.erresse-shop.it\/img-catalogo\/sambonet\/sambonet-arthur-krupp-set-12-piatti-mandala-2.jpg","schema":{"@context":"https:\/\/schema.org","@graph":[{"@type":"WebPage","@id":"https:\/\/dev6.erresse-shop.it\/de\/shop\/tisch\/teller-geschirr\/sambonet-arthur-krupp-set-12-teller-mandala\/","url":"https:\/\/dev6.erresse-shop.it\/de\/shop\/tisch\/teller-geschirr\/sambonet-arthur-krupp-set-12-teller-mandala\/","name":"SAMBONET ARTHUR KRUPP Set 12 Teller Mandala - dev6 Erresse","isPartOf":{"@id":"https:\/\/dev6.erresse-shop.it\/#website"},"primaryImageOfPage":{"@id":"https:\/\/dev6.erresse-shop.it\/de\/shop\/tisch\/teller-geschirr\/sambonet-arthur-krupp-set-12-teller-mandala\/#primaryimage"},"image":{"@id":"https:\/\/dev6.erresse-shop.it\/de\/shop\/tisch\/teller-geschirr\/sambonet-arthur-krupp-set-12-teller-mandala\/#primaryimage"},"thumbnailUrl":"https:\/\/i0.wp.com\/interpim.erresse-shop.it\/img-catalogo\/sambonet\/sambonet-arthur-krupp-set-12-piatti-mandala-2.jpg?ssl=1","datePublished":"2026-04-12T06:53:10+00:00","description":"Eine gegliederte Kollektion, die ihre Besonderheit im Farbreichtum und in den vier raffinierten Mustern findet, die sie zusammensetzen, die alle der Kunst","breadcrumb":{"@id":"https:\/\/dev6.erresse-shop.it\/de\/shop\/tisch\/teller-geschirr\/sambonet-arthur-krupp-set-12-teller-mandala\/#breadcrumb"},"inLanguage":"de","potentialAction":[{"@type":"ReadAction","target":["https:\/\/dev6.erresse-shop.it\/de\/shop\/tisch\/teller-geschirr\/sambonet-arthur-krupp-set-12-teller-mandala\/"]}]},{"@type":"ImageObject","inLanguage":"de","@id":"https:\/\/dev6.erresse-shop.it\/de\/shop\/tisch\/teller-geschirr\/sambonet-arthur-krupp-set-12-teller-mandala\/#primaryimage","url":"https:\/\/i0.wp.com\/interpim.erresse-shop.it\/img-catalogo\/sambonet\/sambonet-arthur-krupp-set-12-piatti-mandala-2.jpg?ssl=1","contentUrl":"https:\/\/i0.wp.com\/interpim.erresse-shop.it\/img-catalogo\/sambonet\/sambonet-arthur-krupp-set-12-piatti-mandala-2.jpg?ssl=1"},{"@type":"BreadcrumbList","@id":"https:\/\/dev6.erresse-shop.it\/de\/shop\/tisch\/teller-geschirr\/sambonet-arthur-krupp-set-12-teller-mandala\/#breadcrumb","itemListElement":[{"@type":"ListItem","position":1,"name":"Home","item":"https:\/\/dev6.erresse-shop.it\/"},{"@type":"ListItem","position":2,"name":"Shop","item":"https:\/\/dev6.erresse-shop.it\/shop\/"},{"@type":"ListItem","position":3,"name":"SAMBONET ARTHUR KRUPP Set 12 Teller Mandala"}]},{"@type":"WebSite","@id":"https:\/\/dev6.erresse-shop.it\/#website","url":"https:\/\/dev6.erresse-shop.it\/","name":"Erresse Shop","description":"","publisher":{"@id":"https:\/\/dev6.erresse-shop.it\/#organization"},"potentialAction":[{"@type":"SearchAction","target":{"@type":"EntryPoint","urlTemplate":"https:\/\/dev6.erresse-shop.it\/?s={search_term_string}"},"query-input":{"@type":"PropertyValueSpecification","valueRequired":true,"valueName":"search_term_string"}}],"inLanguage":"de"},{"@type":"Organization","@id":"https:\/\/dev6.erresse-shop.it\/#organization","name":"Erresse Shop","url":"https:\/\/dev6.erresse-shop.it\/","logo":{"@type":"ImageObject","inLanguage":"de","@id":"https:\/\/dev6.erresse-shop.it\/#\/schema\/logo\/image\/","url":"https:\/\/dev6.erresse-shop.it\/wp-content\/uploads\/2025\/01\/LOGO-ERRESSE-CLASSICO.svg","contentUrl":"https:\/\/dev6.erresse-shop.it\/wp-content\/uploads\/2025\/01\/LOGO-ERRESSE-CLASSICO.svg","caption":"Erresse Shop"},"image":{"@id":"https:\/\/dev6.erresse-shop.it\/#\/schema\/logo\/image\/"}}]}},"df_price":89,"df_sale_price":89,"df_regular_price":219.9,"df_image_link":"https:\/\/i0.wp.com\/interpim.erresse-shop.it\/img-catalogo\/sambonet\/sambonet-arthur-krupp-set-12-piatti-mandala-2.jpg?resize=300,300&ssl=1","fifu_image_url":"https:\/\/interpim.erresse-shop.it\/img-catalogo\/sambonet\/sambonet-arthur-krupp-set-12-piatti-mandala-2.jpg","_links":{"self":[{"href":"https:\/\/dev6.erresse-shop.it\/de\/wp-json\/wp\/v2\/product\/50814","targetHints":{"allow":["GET"]}}],"collection":[{"href":"https:\/\/dev6.erresse-shop.it\/de\/wp-json\/wp\/v2\/product"}],"about":[{"href":"https:\/\/dev6.erresse-shop.it\/de\/wp-json\/wp\/v2\/types\/product"}],"wp:featuredmedia":[{"embeddable":true,"href":"https:\/\/dev6.erresse-shop.it\/de\/wp-json\/wp\/v2\/media\/6354772"}],"wp:attachment":[{"href":"https:\/\/dev6.erresse-shop.it\/de\/wp-json\/wp\/v2\/media?parent=50814"}],"wp:term":[{"taxonomy":"product_cat","embeddable":true,"href":"https:\/\/dev6.erresse-shop.it\/de\/wp-json\/wp\/v2\/product_cat?post=50814"},{"taxonomy":"product_tag","embeddable":true,"href":"https:\/\/dev6.erresse-shop.it\/de\/wp-json\/wp\/v2\/product_tag?post=50814"}],"curies":[{"name":"wp","href":"https:\/\/api.w.org\/{rel}","templated":true}]}}