{"id":50784,"date":"2026-04-04T08:50:34","date_gmt":"2026-04-04T06:50:34","guid":{"rendered":"https:\/\/dev6.erresse-shop.it\/shop\/unkategorisiert\/le-creuset-gourmet-profitopf-gusseisen-24-cm-rot\/"},"modified":"2025-09-14T00:48:53","modified_gmt":"2025-09-13T22:48:53","slug":"le-creuset-gourmet-profitopf-gusseisen-24-cm-rot","status":"publish","type":"product","link":"https:\/\/dev6.erresse-shop.it\/de\/shop\/toepfe-pfannen\/schmorpfannen\/le-creuset-gourmet-profitopf-gusseisen-24-cm-rot\/","title":{"rendered":"LE CREUSET Gourmet-Profitopf Gusseisen 24 cm Rot"},"content":{"rendered":"<p>Le Cocotte Le Crueset Evolution ist ideal f\u00fcr die Zubereitung schmackhafter Gerichte auf der Basis von Fleisch und \/ oder Gem\u00fcse, die Ihre K\u00fcche mit ihren unwiderstehlichen D\u00fcften berauschen werden!<\/p>\n<p>Seit Generationen und Generationen sch\u00e4tzen Familien den klassischen Gusseisenkoks, der W\u00e4rme gleichm\u00e4\u00dfig verteilt. Das Gusseisen, ein ausgezeichneter W\u00e4rmeleiter, ist eines der besten Materialien in der K\u00fcche. Der Boden, die W\u00e4nde und der Deckel haben die gleiche Dicke und sorgen f\u00fcr Absorption und gleichf\u00f6rmige W\u00e4rmeverteilung, ohne \u00fcberhitzte Bereiche zu erzeugen. Das Ergebnis ist, dass Lebensmittel weder brennen noch roh im Inneren bleiben. Au\u00dferdem verlieren sie w\u00e4hrend des Kochens keine Fl\u00fcssigkeit, wodurch sie ihre N\u00e4hrstoffe und Vitamine erhalten k\u00f6nnen.<\/p>\n<p>Gusseisen emailliert:<\/p>\n<p>\u2013 Gleichm\u00e4\u00dfige W\u00e4rmeverteilung ohne \u00dcberhitzungszonen.<br \/>\n\u2013 Ausgezeichnete W\u00e4rmespeicherung.<br \/>\n\u2013 Rostfreier Stahlknopf, der gegen irgendeine Temperatur best\u00e4ndig ist und \/ oder phenoplastischer Knopf best\u00e4ndig bis 180 \u00b0 C.<br \/>\n\u2013 Griffe f\u00fcr optimale Griffigkeit.<br \/>\n\u2013 Innere und \u00e4u\u00dfere verglaste Oberfl\u00e4che. Nimmt keine Feuchtigkeit, Geschmack oder Geruch von Lebensmitteln auf.<br \/>\n\u2013 Kompatibel mit allen W\u00e4rmequellen, einschlie\u00dflich Induktion.<br \/>\n\u2013 Einfache Reinigung.<br \/>\n\u2013 Au\u00dfergew\u00f6hnliche Dauer.<br \/>\n\u2013 Lebenslange Garantie.<\/p>\n<p>See Movie 1See Movie 2<\/p>\n","protected":false},"excerpt":{"rendered":"<p>Le Cocotte Le Crueset Evolution ist ideal f\u00fcr die Zubereitung schmackhafter Gerichte auf der Basis von Fleisch und \/ oder Gem\u00fcse, die Ihre K\u00fcche mit ihren unwiderstehlichen D\u00fcften berauschen werden! Seit Generationen und Generationen sch\u00e4tzen Familien den klassischen Gusseisenkoks, der W\u00e4rme gleichm\u00e4\u00dfig verteilt. Das Gusseisen, ein ausgezeichneter W\u00e4rmeleiter, ist eines der besten Materialien in der [&hellip;]<\/p>\n","protected":false},"featured_media":6271225,"template":"","meta":{"_acf_changed":false},"product_cat":[11667,12120,12099],"product_tag":[],"class_list":{"0":"post-50784","1":"product","2":"type-product","3":"status-publish","4":"has-post-thumbnail","6":"product_cat-padelle-pentole","7":"product_cat-schmorpfannen","8":"product_cat-toepfe-pfannen","10":"first","11":"outofstock","12":"sale","13":"taxable","14":"shipping-taxable","15":"purchasable","16":"product-type-simple","swatches":"rey-swatches","show_selected":"","stretch_labels":"rey-swatches--stretch-labels"},"acf":[],"yoast_head":"<!-- This site is optimized with the Yoast SEO plugin v25.4 - https:\/\/yoast.com\/wordpress\/plugins\/seo\/ -->\n<title>LE CREUSET Gourmet-Profitopf Gusseisen 24 cm Rot - dev6 Erresse<\/title>\n<meta name=\"description\" content=\"Le Cocotte Le Crueset Evolution ist ideal f\u00fcr die Zubereitung schmackhafter Gerichte auf der Basis von Fleisch und \/ oder Gem\u00fcse, die Ihre K\u00fcche mit ihren\" \/>\n<meta name=\"robots\" content=\"noindex, follow, max-snippet:-1, max-image-preview:large, max-video-preview:-1\" \/>\n<meta property=\"og:locale\" content=\"de_DE\" \/>\n<meta property=\"og:type\" content=\"article\" \/>\n<meta property=\"og:title\" content=\"LE CREUSET Gourmet-Profitopf Gusseisen 24 cm Rot - dev6 Erresse\" \/>\n<meta property=\"og:description\" content=\"Le Cocotte Le Crueset Evolution ist ideal f\u00fcr die Zubereitung schmackhafter Gerichte auf der Basis von Fleisch und \/ oder Gem\u00fcse, die Ihre K\u00fcche mit ihren\" \/>\n<meta property=\"og:url\" content=\"https:\/\/dev6.erresse-shop.it\/de\/shop\/toepfe-pfannen\/schmorpfannen\/le-creuset-gourmet-profitopf-gusseisen-24-cm-rot\/\" \/>\n<meta property=\"og:site_name\" content=\"dev6 Erresse\" \/>\n<meta property=\"og:image\" content=\"https:\/\/interpim.erresse-shop.it\/Import\/Prodotti\/le-creuset-tegame-alto-risotto-in-ghisa-24-cm-ciliegia.jpg\" \/><meta property=\"og:image\" content=\"https:\/\/interpim.erresse-shop.it\/Import\/Prodotti\/le-creuset-tegame-alto-risotto-in-ghisa-24-cm-ciliegia.jpg\" \/>\n\t<meta property=\"og:image:width\" content=\"1024\" \/>\n\t<meta property=\"og:image:height\" content=\"1024\" \/>\n\t<meta property=\"og:image:type\" content=\"image\/jpeg\" \/>\n<meta name=\"twitter:card\" content=\"summary_large_image\" \/>\n<meta name=\"twitter:image\" content=\"https:\/\/interpim.erresse-shop.it\/Import\/Prodotti\/le-creuset-tegame-alto-risotto-in-ghisa-24-cm-ciliegia.jpg\" \/>\n<script type=\"application\/ld+json\" class=\"yoast-schema-graph\">{\"@context\":\"https:\/\/schema.org\",\"@graph\":[{\"@type\":\"WebPage\",\"@id\":\"https:\/\/dev6.erresse-shop.it\/de\/shop\/toepfe-pfannen\/schmorpfannen\/le-creuset-gourmet-profitopf-gusseisen-24-cm-rot\/\",\"url\":\"https:\/\/dev6.erresse-shop.it\/de\/shop\/toepfe-pfannen\/schmorpfannen\/le-creuset-gourmet-profitopf-gusseisen-24-cm-rot\/\",\"name\":\"LE CREUSET Gourmet-Profitopf Gusseisen 24 cm Rot - dev6 Erresse\",\"isPartOf\":{\"@id\":\"https:\/\/dev6.erresse-shop.it\/#website\"},\"primaryImageOfPage\":{\"@id\":\"https:\/\/dev6.erresse-shop.it\/de\/shop\/toepfe-pfannen\/schmorpfannen\/le-creuset-gourmet-profitopf-gusseisen-24-cm-rot\/#primaryimage\"},\"image\":{\"@id\":\"https:\/\/dev6.erresse-shop.it\/de\/shop\/toepfe-pfannen\/schmorpfannen\/le-creuset-gourmet-profitopf-gusseisen-24-cm-rot\/#primaryimage\"},\"thumbnailUrl\":\"https:\/\/i1.wp.com\/interpim.erresse-shop.it\/Import\/Prodotti\/le-creuset-tegame-alto-risotto-in-ghisa-24-cm-ciliegia.jpg?ssl=1\",\"datePublished\":\"2026-04-04T06:50:34+00:00\",\"description\":\"Le Cocotte Le Crueset Evolution ist ideal f\u00fcr die Zubereitung schmackhafter Gerichte auf der Basis von Fleisch und \/ oder Gem\u00fcse, die Ihre K\u00fcche mit ihren\",\"breadcrumb\":{\"@id\":\"https:\/\/dev6.erresse-shop.it\/de\/shop\/toepfe-pfannen\/schmorpfannen\/le-creuset-gourmet-profitopf-gusseisen-24-cm-rot\/#breadcrumb\"},\"inLanguage\":\"de\",\"potentialAction\":[{\"@type\":\"ReadAction\",\"target\":[\"https:\/\/dev6.erresse-shop.it\/de\/shop\/toepfe-pfannen\/schmorpfannen\/le-creuset-gourmet-profitopf-gusseisen-24-cm-rot\/\"]}]},{\"@type\":\"ImageObject\",\"inLanguage\":\"de\",\"@id\":\"https:\/\/dev6.erresse-shop.it\/de\/shop\/toepfe-pfannen\/schmorpfannen\/le-creuset-gourmet-profitopf-gusseisen-24-cm-rot\/#primaryimage\",\"url\":\"https:\/\/i1.wp.com\/interpim.erresse-shop.it\/Import\/Prodotti\/le-creuset-tegame-alto-risotto-in-ghisa-24-cm-ciliegia.jpg?ssl=1\",\"contentUrl\":\"https:\/\/i1.wp.com\/interpim.erresse-shop.it\/Import\/Prodotti\/le-creuset-tegame-alto-risotto-in-ghisa-24-cm-ciliegia.jpg?ssl=1\"},{\"@type\":\"BreadcrumbList\",\"@id\":\"https:\/\/dev6.erresse-shop.it\/de\/shop\/toepfe-pfannen\/schmorpfannen\/le-creuset-gourmet-profitopf-gusseisen-24-cm-rot\/#breadcrumb\",\"itemListElement\":[{\"@type\":\"ListItem\",\"position\":1,\"name\":\"Home\",\"item\":\"https:\/\/dev6.erresse-shop.it\/\"},{\"@type\":\"ListItem\",\"position\":2,\"name\":\"Shop\",\"item\":\"https:\/\/dev6.erresse-shop.it\/shop\/\"},{\"@type\":\"ListItem\",\"position\":3,\"name\":\"LE CREUSET Gourmet-Profitopf Gusseisen 24 cm Rot\"}]},{\"@type\":\"WebSite\",\"@id\":\"https:\/\/dev6.erresse-shop.it\/#website\",\"url\":\"https:\/\/dev6.erresse-shop.it\/\",\"name\":\"Erresse Shop\",\"description\":\"\",\"publisher\":{\"@id\":\"https:\/\/dev6.erresse-shop.it\/#organization\"},\"potentialAction\":[{\"@type\":\"SearchAction\",\"target\":{\"@type\":\"EntryPoint\",\"urlTemplate\":\"https:\/\/dev6.erresse-shop.it\/?s={search_term_string}\"},\"query-input\":{\"@type\":\"PropertyValueSpecification\",\"valueRequired\":true,\"valueName\":\"search_term_string\"}}],\"inLanguage\":\"de\"},{\"@type\":\"Organization\",\"@id\":\"https:\/\/dev6.erresse-shop.it\/#organization\",\"name\":\"Erresse Shop\",\"url\":\"https:\/\/dev6.erresse-shop.it\/\",\"logo\":{\"@type\":\"ImageObject\",\"inLanguage\":\"de\",\"@id\":\"https:\/\/dev6.erresse-shop.it\/#\/schema\/logo\/image\/\",\"url\":\"https:\/\/dev6.erresse-shop.it\/wp-content\/uploads\/2025\/01\/LOGO-ERRESSE-CLASSICO.svg\",\"contentUrl\":\"https:\/\/dev6.erresse-shop.it\/wp-content\/uploads\/2025\/01\/LOGO-ERRESSE-CLASSICO.svg\",\"caption\":\"Erresse Shop\"},\"image\":{\"@id\":\"https:\/\/dev6.erresse-shop.it\/#\/schema\/logo\/image\/\"}}]}<\/script>\n<!-- \/ Yoast SEO plugin. -->","yoast_head_json":{"title":"LE CREUSET Gourmet-Profitopf Gusseisen 24 cm Rot - dev6 Erresse","description":"Le Cocotte Le Crueset Evolution ist ideal f\u00fcr die Zubereitung schmackhafter Gerichte auf der Basis von Fleisch und \/ oder Gem\u00fcse, die Ihre K\u00fcche mit ihren","robots":{"index":"noindex","follow":"follow","max-snippet":"max-snippet:-1","max-image-preview":"max-image-preview:large","max-video-preview":"max-video-preview:-1"},"og_locale":"de_DE","og_type":"article","og_title":"LE CREUSET Gourmet-Profitopf Gusseisen 24 cm Rot - dev6 Erresse","og_description":"Le Cocotte Le Crueset Evolution ist ideal f\u00fcr die Zubereitung schmackhafter Gerichte auf der Basis von Fleisch und \/ oder Gem\u00fcse, die Ihre K\u00fcche mit ihren","og_url":"https:\/\/dev6.erresse-shop.it\/de\/shop\/toepfe-pfannen\/schmorpfannen\/le-creuset-gourmet-profitopf-gusseisen-24-cm-rot\/","og_site_name":"dev6 Erresse","og_image":[{"url":"https:\/\/interpim.erresse-shop.it\/Import\/Prodotti\/le-creuset-tegame-alto-risotto-in-ghisa-24-cm-ciliegia.jpg","type":"","width":"","height":""},{"url":"https:\/\/interpim.erresse-shop.it\/Import\/Prodotti\/le-creuset-tegame-alto-risotto-in-ghisa-24-cm-ciliegia.jpg","width":1024,"height":1024,"type":"image\/jpeg"}],"twitter_card":"summary_large_image","twitter_image":"https:\/\/interpim.erresse-shop.it\/Import\/Prodotti\/le-creuset-tegame-alto-risotto-in-ghisa-24-cm-ciliegia.jpg","schema":{"@context":"https:\/\/schema.org","@graph":[{"@type":"WebPage","@id":"https:\/\/dev6.erresse-shop.it\/de\/shop\/toepfe-pfannen\/schmorpfannen\/le-creuset-gourmet-profitopf-gusseisen-24-cm-rot\/","url":"https:\/\/dev6.erresse-shop.it\/de\/shop\/toepfe-pfannen\/schmorpfannen\/le-creuset-gourmet-profitopf-gusseisen-24-cm-rot\/","name":"LE CREUSET Gourmet-Profitopf Gusseisen 24 cm Rot - dev6 Erresse","isPartOf":{"@id":"https:\/\/dev6.erresse-shop.it\/#website"},"primaryImageOfPage":{"@id":"https:\/\/dev6.erresse-shop.it\/de\/shop\/toepfe-pfannen\/schmorpfannen\/le-creuset-gourmet-profitopf-gusseisen-24-cm-rot\/#primaryimage"},"image":{"@id":"https:\/\/dev6.erresse-shop.it\/de\/shop\/toepfe-pfannen\/schmorpfannen\/le-creuset-gourmet-profitopf-gusseisen-24-cm-rot\/#primaryimage"},"thumbnailUrl":"https:\/\/i1.wp.com\/interpim.erresse-shop.it\/Import\/Prodotti\/le-creuset-tegame-alto-risotto-in-ghisa-24-cm-ciliegia.jpg?ssl=1","datePublished":"2026-04-04T06:50:34+00:00","description":"Le Cocotte Le Crueset Evolution ist ideal f\u00fcr die Zubereitung schmackhafter Gerichte auf der Basis von Fleisch und \/ oder Gem\u00fcse, die Ihre K\u00fcche mit ihren","breadcrumb":{"@id":"https:\/\/dev6.erresse-shop.it\/de\/shop\/toepfe-pfannen\/schmorpfannen\/le-creuset-gourmet-profitopf-gusseisen-24-cm-rot\/#breadcrumb"},"inLanguage":"de","potentialAction":[{"@type":"ReadAction","target":["https:\/\/dev6.erresse-shop.it\/de\/shop\/toepfe-pfannen\/schmorpfannen\/le-creuset-gourmet-profitopf-gusseisen-24-cm-rot\/"]}]},{"@type":"ImageObject","inLanguage":"de","@id":"https:\/\/dev6.erresse-shop.it\/de\/shop\/toepfe-pfannen\/schmorpfannen\/le-creuset-gourmet-profitopf-gusseisen-24-cm-rot\/#primaryimage","url":"https:\/\/i1.wp.com\/interpim.erresse-shop.it\/Import\/Prodotti\/le-creuset-tegame-alto-risotto-in-ghisa-24-cm-ciliegia.jpg?ssl=1","contentUrl":"https:\/\/i1.wp.com\/interpim.erresse-shop.it\/Import\/Prodotti\/le-creuset-tegame-alto-risotto-in-ghisa-24-cm-ciliegia.jpg?ssl=1"},{"@type":"BreadcrumbList","@id":"https:\/\/dev6.erresse-shop.it\/de\/shop\/toepfe-pfannen\/schmorpfannen\/le-creuset-gourmet-profitopf-gusseisen-24-cm-rot\/#breadcrumb","itemListElement":[{"@type":"ListItem","position":1,"name":"Home","item":"https:\/\/dev6.erresse-shop.it\/"},{"@type":"ListItem","position":2,"name":"Shop","item":"https:\/\/dev6.erresse-shop.it\/shop\/"},{"@type":"ListItem","position":3,"name":"LE CREUSET Gourmet-Profitopf Gusseisen 24 cm Rot"}]},{"@type":"WebSite","@id":"https:\/\/dev6.erresse-shop.it\/#website","url":"https:\/\/dev6.erresse-shop.it\/","name":"Erresse Shop","description":"","publisher":{"@id":"https:\/\/dev6.erresse-shop.it\/#organization"},"potentialAction":[{"@type":"SearchAction","target":{"@type":"EntryPoint","urlTemplate":"https:\/\/dev6.erresse-shop.it\/?s={search_term_string}"},"query-input":{"@type":"PropertyValueSpecification","valueRequired":true,"valueName":"search_term_string"}}],"inLanguage":"de"},{"@type":"Organization","@id":"https:\/\/dev6.erresse-shop.it\/#organization","name":"Erresse Shop","url":"https:\/\/dev6.erresse-shop.it\/","logo":{"@type":"ImageObject","inLanguage":"de","@id":"https:\/\/dev6.erresse-shop.it\/#\/schema\/logo\/image\/","url":"https:\/\/dev6.erresse-shop.it\/wp-content\/uploads\/2025\/01\/LOGO-ERRESSE-CLASSICO.svg","contentUrl":"https:\/\/dev6.erresse-shop.it\/wp-content\/uploads\/2025\/01\/LOGO-ERRESSE-CLASSICO.svg","caption":"Erresse Shop"},"image":{"@id":"https:\/\/dev6.erresse-shop.it\/#\/schema\/logo\/image\/"}}]}},"df_price":199.95,"df_sale_price":199.95,"df_regular_price":295,"df_image_link":"https:\/\/i1.wp.com\/interpim.erresse-shop.it\/Import\/Prodotti\/le-creuset-tegame-alto-risotto-in-ghisa-24-cm-ciliegia.jpg?resize=300,300&ssl=1","fifu_image_url":"https:\/\/interpim.erresse-shop.it\/Import\/Prodotti\/le-creuset-tegame-alto-risotto-in-ghisa-24-cm-ciliegia.jpg","_links":{"self":[{"href":"https:\/\/dev6.erresse-shop.it\/de\/wp-json\/wp\/v2\/product\/50784","targetHints":{"allow":["GET"]}}],"collection":[{"href":"https:\/\/dev6.erresse-shop.it\/de\/wp-json\/wp\/v2\/product"}],"about":[{"href":"https:\/\/dev6.erresse-shop.it\/de\/wp-json\/wp\/v2\/types\/product"}],"wp:featuredmedia":[{"embeddable":true,"href":"https:\/\/dev6.erresse-shop.it\/de\/wp-json\/wp\/v2\/media\/6271225"}],"wp:attachment":[{"href":"https:\/\/dev6.erresse-shop.it\/de\/wp-json\/wp\/v2\/media?parent=50784"}],"wp:term":[{"taxonomy":"product_cat","embeddable":true,"href":"https:\/\/dev6.erresse-shop.it\/de\/wp-json\/wp\/v2\/product_cat?post=50784"},{"taxonomy":"product_tag","embeddable":true,"href":"https:\/\/dev6.erresse-shop.it\/de\/wp-json\/wp\/v2\/product_tag?post=50784"}],"curies":[{"name":"wp","href":"https:\/\/api.w.org\/{rel}","templated":true}]}}