{"id":50760,"date":"2026-04-12T08:50:55","date_gmt":"2026-04-12T06:50:55","guid":{"rendered":"https:\/\/dev6.erresse-shop.it\/shop\/unkategorisiert\/sambonet-arthur-krupp-set-12-teller-shade-sea\/"},"modified":"2025-07-03T20:08:12","modified_gmt":"2025-07-03T18:08:12","slug":"sambonet-arthur-krupp-set-12-teller-shade-sea","status":"publish","type":"product","link":"https:\/\/dev6.erresse-shop.it\/de\/shop\/tisch\/teller-geschirr\/sambonet-arthur-krupp-set-12-teller-shade-sea\/","title":{"rendered":"SAMBONET ARTHUR KRUPP Set 12 Teller Shade Sea"},"content":{"rendered":"<p>Shade Earth &amp; Sea Collection: Mit dem Blick auf die Nuancen des Meeres und der Erde erweckt Arthur Krupp den Charme und die W\u00e4rme von handgefertigten \u201cScherben\u201d. Geschirr, das das Ergebnis der neuesten Technologien ist, in einem perfekten Gleichgewicht zwischen der Festigkeit von Porzellan und der Haltbarkeit eines Unterglasurdekors.<br \/>\nVon M\u00f6beln bis hin zu Tischen entdecken internationale Trends den Charme des keramischen Handwerks wieder und bringen die W\u00e4rme und die konkrete Unvollkommenheit zur\u00fcck, die f\u00fcr die Artefakte vergangener Zeiten typisch sind.<br \/>\nDie Linien Shade Sea &amp; Earth, die quer zu den aktuellen Modetrends liegen und sich gleichzeitig extrem flexibel an die Stimmung jeder Umgebung anpassen, bringen den Geschmack von erfahrener Majolika auf den Tisch, die von der Zeit geknackt wurde und manchmal ein wenig unvollkommen ist, ideal f\u00fcr Orte im Freien oder im Casual Chic.<\/p>\n<p>Set f\u00fcr 4 Personen (12 St\u00fcck), bestehend aus Essteller (Durchmesser 28 cm), Suppenteller (Durchmesser 22 cm) und Obstteller (Durchmesser 20 cm);<br \/>\nDie typischen Dekorationen und Farben des Steinguts werden auf dem Porzellan reproduziert, um einen Materialeffekt zu erzielen, der den warmen Stil der Keramik beibeh\u00e4lt und gleichzeitig die Festigkeit und Qualit\u00e4t des Hochtemperaturbrennens bietet.<br \/>\nSp\u00fclmaschinenfest<br \/>\nPorzellangeschirr<\/p>\n","protected":false},"excerpt":{"rendered":"<p>Shade Earth &amp; Sea Collection: Mit dem Blick auf die Nuancen des Meeres und der Erde erweckt Arthur Krupp den Charme und die W\u00e4rme von handgefertigten \u201cScherben\u201d. Geschirr, das das Ergebnis der neuesten Technologien ist, in einem perfekten Gleichgewicht zwischen der Festigkeit von Porzellan und der Haltbarkeit eines Unterglasurdekors. Von M\u00f6beln bis hin zu Tischen [&hellip;]<\/p>\n","protected":false},"featured_media":6354120,"template":"","meta":{"_acf_changed":false},"product_cat":[11671,12122,12103],"product_tag":[],"class_list":{"0":"post-50760","1":"product","2":"type-product","3":"status-publish","4":"has-post-thumbnail","6":"product_cat-tavola","7":"product_cat-teller-geschirr","8":"product_cat-tisch","10":"first","11":"instock","12":"taxable","13":"shipping-taxable","14":"product-type-simple","swatches":"rey-swatches","show_selected":"","stretch_labels":"rey-swatches--stretch-labels"},"acf":[],"yoast_head":"<!-- This site is optimized with the Yoast SEO plugin v25.4 - https:\/\/yoast.com\/wordpress\/plugins\/seo\/ -->\n<title>SAMBONET ARTHUR KRUPP Set 12 Teller Shade Sea - dev6 Erresse<\/title>\n<meta name=\"description\" content=\"Shade Earth &amp; Sea Collection: Mit dem Blick auf die Nuancen des Meeres und der Erde erweckt Arthur Krupp den Charme und die W\u00e4rme von handgefertigten\" \/>\n<meta name=\"robots\" content=\"noindex, follow, max-snippet:-1, max-image-preview:large, max-video-preview:-1\" \/>\n<meta property=\"og:locale\" content=\"de_DE\" \/>\n<meta property=\"og:type\" content=\"article\" \/>\n<meta property=\"og:title\" content=\"SAMBONET ARTHUR KRUPP Set 12 Teller Shade Sea - dev6 Erresse\" \/>\n<meta property=\"og:description\" content=\"Shade Earth &amp; Sea Collection: Mit dem Blick auf die Nuancen des Meeres und der Erde erweckt Arthur Krupp den Charme und die W\u00e4rme von handgefertigten\" \/>\n<meta property=\"og:url\" content=\"https:\/\/dev6.erresse-shop.it\/de\/shop\/tisch\/teller-geschirr\/sambonet-arthur-krupp-set-12-teller-shade-sea\/\" \/>\n<meta property=\"og:site_name\" content=\"dev6 Erresse\" \/>\n<meta property=\"og:image\" content=\"https:\/\/interpim.erresse-shop.it\/Import\/Prodotti\/set-piatti-12pz-shade-sea-porcellana.jpg\" \/><meta property=\"og:image\" content=\"https:\/\/interpim.erresse-shop.it\/Import\/Prodotti\/set-piatti-12pz-shade-sea-porcellana.jpg\" \/>\n\t<meta property=\"og:image:width\" content=\"1024\" \/>\n\t<meta property=\"og:image:height\" content=\"1024\" \/>\n\t<meta property=\"og:image:type\" content=\"image\/jpeg\" \/>\n<meta name=\"twitter:card\" content=\"summary_large_image\" \/>\n<meta name=\"twitter:image\" content=\"https:\/\/interpim.erresse-shop.it\/Import\/Prodotti\/set-piatti-12pz-shade-sea-porcellana.jpg\" \/>\n<script type=\"application\/ld+json\" class=\"yoast-schema-graph\">{\"@context\":\"https:\/\/schema.org\",\"@graph\":[{\"@type\":\"WebPage\",\"@id\":\"https:\/\/dev6.erresse-shop.it\/de\/shop\/tisch\/teller-geschirr\/sambonet-arthur-krupp-set-12-teller-shade-sea\/\",\"url\":\"https:\/\/dev6.erresse-shop.it\/de\/shop\/tisch\/teller-geschirr\/sambonet-arthur-krupp-set-12-teller-shade-sea\/\",\"name\":\"SAMBONET ARTHUR KRUPP Set 12 Teller Shade Sea - dev6 Erresse\",\"isPartOf\":{\"@id\":\"https:\/\/dev6.erresse-shop.it\/#website\"},\"primaryImageOfPage\":{\"@id\":\"https:\/\/dev6.erresse-shop.it\/de\/shop\/tisch\/teller-geschirr\/sambonet-arthur-krupp-set-12-teller-shade-sea\/#primaryimage\"},\"image\":{\"@id\":\"https:\/\/dev6.erresse-shop.it\/de\/shop\/tisch\/teller-geschirr\/sambonet-arthur-krupp-set-12-teller-shade-sea\/#primaryimage\"},\"thumbnailUrl\":\"https:\/\/i3.wp.com\/interpim.erresse-shop.it\/Import\/Prodotti\/set-piatti-12pz-shade-sea-porcellana.jpg?ssl=1\",\"datePublished\":\"2026-04-12T06:50:55+00:00\",\"description\":\"Shade Earth &amp; Sea Collection: Mit dem Blick auf die Nuancen des Meeres und der Erde erweckt Arthur Krupp den Charme und die W\u00e4rme von handgefertigten\",\"breadcrumb\":{\"@id\":\"https:\/\/dev6.erresse-shop.it\/de\/shop\/tisch\/teller-geschirr\/sambonet-arthur-krupp-set-12-teller-shade-sea\/#breadcrumb\"},\"inLanguage\":\"de\",\"potentialAction\":[{\"@type\":\"ReadAction\",\"target\":[\"https:\/\/dev6.erresse-shop.it\/de\/shop\/tisch\/teller-geschirr\/sambonet-arthur-krupp-set-12-teller-shade-sea\/\"]}]},{\"@type\":\"ImageObject\",\"inLanguage\":\"de\",\"@id\":\"https:\/\/dev6.erresse-shop.it\/de\/shop\/tisch\/teller-geschirr\/sambonet-arthur-krupp-set-12-teller-shade-sea\/#primaryimage\",\"url\":\"https:\/\/i3.wp.com\/interpim.erresse-shop.it\/Import\/Prodotti\/set-piatti-12pz-shade-sea-porcellana.jpg?ssl=1\",\"contentUrl\":\"https:\/\/i3.wp.com\/interpim.erresse-shop.it\/Import\/Prodotti\/set-piatti-12pz-shade-sea-porcellana.jpg?ssl=1\"},{\"@type\":\"BreadcrumbList\",\"@id\":\"https:\/\/dev6.erresse-shop.it\/de\/shop\/tisch\/teller-geschirr\/sambonet-arthur-krupp-set-12-teller-shade-sea\/#breadcrumb\",\"itemListElement\":[{\"@type\":\"ListItem\",\"position\":1,\"name\":\"Home\",\"item\":\"https:\/\/dev6.erresse-shop.it\/\"},{\"@type\":\"ListItem\",\"position\":2,\"name\":\"Shop\",\"item\":\"https:\/\/dev6.erresse-shop.it\/shop\/\"},{\"@type\":\"ListItem\",\"position\":3,\"name\":\"SAMBONET ARTHUR KRUPP Set 12 Teller Shade Sea\"}]},{\"@type\":\"WebSite\",\"@id\":\"https:\/\/dev6.erresse-shop.it\/#website\",\"url\":\"https:\/\/dev6.erresse-shop.it\/\",\"name\":\"Erresse Shop\",\"description\":\"\",\"publisher\":{\"@id\":\"https:\/\/dev6.erresse-shop.it\/#organization\"},\"potentialAction\":[{\"@type\":\"SearchAction\",\"target\":{\"@type\":\"EntryPoint\",\"urlTemplate\":\"https:\/\/dev6.erresse-shop.it\/?s={search_term_string}\"},\"query-input\":{\"@type\":\"PropertyValueSpecification\",\"valueRequired\":true,\"valueName\":\"search_term_string\"}}],\"inLanguage\":\"de\"},{\"@type\":\"Organization\",\"@id\":\"https:\/\/dev6.erresse-shop.it\/#organization\",\"name\":\"Erresse Shop\",\"url\":\"https:\/\/dev6.erresse-shop.it\/\",\"logo\":{\"@type\":\"ImageObject\",\"inLanguage\":\"de\",\"@id\":\"https:\/\/dev6.erresse-shop.it\/#\/schema\/logo\/image\/\",\"url\":\"https:\/\/dev6.erresse-shop.it\/wp-content\/uploads\/2025\/01\/LOGO-ERRESSE-CLASSICO.svg\",\"contentUrl\":\"https:\/\/dev6.erresse-shop.it\/wp-content\/uploads\/2025\/01\/LOGO-ERRESSE-CLASSICO.svg\",\"caption\":\"Erresse Shop\"},\"image\":{\"@id\":\"https:\/\/dev6.erresse-shop.it\/#\/schema\/logo\/image\/\"}}]}<\/script>\n<!-- \/ Yoast SEO plugin. -->","yoast_head_json":{"title":"SAMBONET ARTHUR KRUPP Set 12 Teller Shade Sea - dev6 Erresse","description":"Shade Earth &amp; Sea Collection: Mit dem Blick auf die Nuancen des Meeres und der Erde erweckt Arthur Krupp den Charme und die W\u00e4rme von handgefertigten","robots":{"index":"noindex","follow":"follow","max-snippet":"max-snippet:-1","max-image-preview":"max-image-preview:large","max-video-preview":"max-video-preview:-1"},"og_locale":"de_DE","og_type":"article","og_title":"SAMBONET ARTHUR KRUPP Set 12 Teller Shade Sea - dev6 Erresse","og_description":"Shade Earth &amp; Sea Collection: Mit dem Blick auf die Nuancen des Meeres und der Erde erweckt Arthur Krupp den Charme und die W\u00e4rme von handgefertigten","og_url":"https:\/\/dev6.erresse-shop.it\/de\/shop\/tisch\/teller-geschirr\/sambonet-arthur-krupp-set-12-teller-shade-sea\/","og_site_name":"dev6 Erresse","og_image":[{"url":"https:\/\/interpim.erresse-shop.it\/Import\/Prodotti\/set-piatti-12pz-shade-sea-porcellana.jpg","type":"","width":"","height":""},{"url":"https:\/\/interpim.erresse-shop.it\/Import\/Prodotti\/set-piatti-12pz-shade-sea-porcellana.jpg","width":1024,"height":1024,"type":"image\/jpeg"}],"twitter_card":"summary_large_image","twitter_image":"https:\/\/interpim.erresse-shop.it\/Import\/Prodotti\/set-piatti-12pz-shade-sea-porcellana.jpg","schema":{"@context":"https:\/\/schema.org","@graph":[{"@type":"WebPage","@id":"https:\/\/dev6.erresse-shop.it\/de\/shop\/tisch\/teller-geschirr\/sambonet-arthur-krupp-set-12-teller-shade-sea\/","url":"https:\/\/dev6.erresse-shop.it\/de\/shop\/tisch\/teller-geschirr\/sambonet-arthur-krupp-set-12-teller-shade-sea\/","name":"SAMBONET ARTHUR KRUPP Set 12 Teller Shade Sea - dev6 Erresse","isPartOf":{"@id":"https:\/\/dev6.erresse-shop.it\/#website"},"primaryImageOfPage":{"@id":"https:\/\/dev6.erresse-shop.it\/de\/shop\/tisch\/teller-geschirr\/sambonet-arthur-krupp-set-12-teller-shade-sea\/#primaryimage"},"image":{"@id":"https:\/\/dev6.erresse-shop.it\/de\/shop\/tisch\/teller-geschirr\/sambonet-arthur-krupp-set-12-teller-shade-sea\/#primaryimage"},"thumbnailUrl":"https:\/\/i3.wp.com\/interpim.erresse-shop.it\/Import\/Prodotti\/set-piatti-12pz-shade-sea-porcellana.jpg?ssl=1","datePublished":"2026-04-12T06:50:55+00:00","description":"Shade Earth &amp; Sea Collection: Mit dem Blick auf die Nuancen des Meeres und der Erde erweckt Arthur Krupp den Charme und die W\u00e4rme von handgefertigten","breadcrumb":{"@id":"https:\/\/dev6.erresse-shop.it\/de\/shop\/tisch\/teller-geschirr\/sambonet-arthur-krupp-set-12-teller-shade-sea\/#breadcrumb"},"inLanguage":"de","potentialAction":[{"@type":"ReadAction","target":["https:\/\/dev6.erresse-shop.it\/de\/shop\/tisch\/teller-geschirr\/sambonet-arthur-krupp-set-12-teller-shade-sea\/"]}]},{"@type":"ImageObject","inLanguage":"de","@id":"https:\/\/dev6.erresse-shop.it\/de\/shop\/tisch\/teller-geschirr\/sambonet-arthur-krupp-set-12-teller-shade-sea\/#primaryimage","url":"https:\/\/i3.wp.com\/interpim.erresse-shop.it\/Import\/Prodotti\/set-piatti-12pz-shade-sea-porcellana.jpg?ssl=1","contentUrl":"https:\/\/i3.wp.com\/interpim.erresse-shop.it\/Import\/Prodotti\/set-piatti-12pz-shade-sea-porcellana.jpg?ssl=1"},{"@type":"BreadcrumbList","@id":"https:\/\/dev6.erresse-shop.it\/de\/shop\/tisch\/teller-geschirr\/sambonet-arthur-krupp-set-12-teller-shade-sea\/#breadcrumb","itemListElement":[{"@type":"ListItem","position":1,"name":"Home","item":"https:\/\/dev6.erresse-shop.it\/"},{"@type":"ListItem","position":2,"name":"Shop","item":"https:\/\/dev6.erresse-shop.it\/shop\/"},{"@type":"ListItem","position":3,"name":"SAMBONET ARTHUR KRUPP Set 12 Teller Shade Sea"}]},{"@type":"WebSite","@id":"https:\/\/dev6.erresse-shop.it\/#website","url":"https:\/\/dev6.erresse-shop.it\/","name":"Erresse Shop","description":"","publisher":{"@id":"https:\/\/dev6.erresse-shop.it\/#organization"},"potentialAction":[{"@type":"SearchAction","target":{"@type":"EntryPoint","urlTemplate":"https:\/\/dev6.erresse-shop.it\/?s={search_term_string}"},"query-input":{"@type":"PropertyValueSpecification","valueRequired":true,"valueName":"search_term_string"}}],"inLanguage":"de"},{"@type":"Organization","@id":"https:\/\/dev6.erresse-shop.it\/#organization","name":"Erresse Shop","url":"https:\/\/dev6.erresse-shop.it\/","logo":{"@type":"ImageObject","inLanguage":"de","@id":"https:\/\/dev6.erresse-shop.it\/#\/schema\/logo\/image\/","url":"https:\/\/dev6.erresse-shop.it\/wp-content\/uploads\/2025\/01\/LOGO-ERRESSE-CLASSICO.svg","contentUrl":"https:\/\/dev6.erresse-shop.it\/wp-content\/uploads\/2025\/01\/LOGO-ERRESSE-CLASSICO.svg","caption":"Erresse Shop"},"image":{"@id":"https:\/\/dev6.erresse-shop.it\/#\/schema\/logo\/image\/"}}]}},"df_price":"","df_sale_price":"","df_regular_price":"","df_image_link":"https:\/\/i3.wp.com\/interpim.erresse-shop.it\/Import\/Prodotti\/set-piatti-12pz-shade-sea-porcellana.jpg?resize=300,300&ssl=1","fifu_image_url":"https:\/\/interpim.erresse-shop.it\/Import\/Prodotti\/set-piatti-12pz-shade-sea-porcellana.jpg","_links":{"self":[{"href":"https:\/\/dev6.erresse-shop.it\/de\/wp-json\/wp\/v2\/product\/50760","targetHints":{"allow":["GET"]}}],"collection":[{"href":"https:\/\/dev6.erresse-shop.it\/de\/wp-json\/wp\/v2\/product"}],"about":[{"href":"https:\/\/dev6.erresse-shop.it\/de\/wp-json\/wp\/v2\/types\/product"}],"wp:featuredmedia":[{"embeddable":true,"href":"https:\/\/dev6.erresse-shop.it\/de\/wp-json\/wp\/v2\/media\/6354120"}],"wp:attachment":[{"href":"https:\/\/dev6.erresse-shop.it\/de\/wp-json\/wp\/v2\/media?parent=50760"}],"wp:term":[{"taxonomy":"product_cat","embeddable":true,"href":"https:\/\/dev6.erresse-shop.it\/de\/wp-json\/wp\/v2\/product_cat?post=50760"},{"taxonomy":"product_tag","embeddable":true,"href":"https:\/\/dev6.erresse-shop.it\/de\/wp-json\/wp\/v2\/product_tag?post=50760"}],"curies":[{"name":"wp","href":"https:\/\/api.w.org\/{rel}","templated":true}]}}