{"id":50732,"date":"2026-04-12T08:50:55","date_gmt":"2026-04-12T06:50:55","guid":{"rendered":"https:\/\/dev6.erresse-shop.it\/shop\/unkategorisiert\/berkel-brotmesser-teknica-22-cm-rot\/"},"modified":"2025-09-14T00:48:25","modified_gmt":"2025-09-13T22:48:25","slug":"berkel-brotmesser-teknica-22-cm-rot","status":"publish","type":"product","link":"https:\/\/dev6.erresse-shop.it\/de\/shop\/kuche\/messer\/kuechenmesser\/berkel-brotmesser-teknica-22-cm-rot\/","title":{"rendered":"BERKEL Brotmesser Teknica 22 cm Rot"},"content":{"rendered":"<p>DAS B\u00c4CKEREIMESSER<\/p>\n<p>Klinge aus hochwertigem Chrom-Molybd\u00e4n-Vanadium-Stahl 1.4116-X50 Cr Mo V15<br \/>\nLasergeschnittene Klinge aus 3 mm dickem Blech<br \/>\nAbrunden, H\u00e4rten, Satinieren und Sch\u00e4rfen nach handwerklichen Techniken<br \/>\nTechnischer\u201d Griff aus thermoplastischem Polymer mit direktem Griff, um maximale Ergonomie im Gebrauch zu garantieren und den richtigen Griff zu empfehlen<br \/>\nDoppelte Textur in den Griffbereichen zur Erh\u00f6hung der Griffigkeit<br \/>\nVordere Ringmutter f\u00fcr perfekte Klingenblockierung<br \/>\nHintere Ringmutter f\u00fcr perfekte Auswuchtung durch Einsetzen von Stahlkugeln<br \/>\nWiedererkennbares Berkel-Logo und -Design<br \/>\nGepr\u00e4gtes \u201cB\u201d auf der hinteren Ringmutter<\/p>\n<p>MERKMALE<br \/>\nGewicht: 228 gr<br \/>\nKlingengr\u00f6\u00dfe: 22 cm<br \/>\nGesamtl\u00e4nge: 36 cm<br \/>\nKlingenmaterial: Geschmiedet aus rostfreiem Stahl 1.4116-X50 Cr Mo V15; H\u00e4rte nach T.T: 59 HRC; Catra-Zertifikat: Sehr gut<br \/>\nGriff: Kunstharz mit satinierter Oberfl\u00e4che<br \/>\nVerwendung und Pflege: Wir empfehlen dringend, das Produkt von Hand in warmem Wasser zu waschen, um seine Integrit\u00e4t und Haltbarkeit zu gew\u00e4hrleisten. In jedem Fall empfehlen wir, das Messer nach jedem Waschen zu trocknen. Verwenden Sie keine scheuernden Stoffe oder Schw\u00e4mme.<\/p>\n","protected":false},"excerpt":{"rendered":"<p>DAS B\u00c4CKEREIMESSER Klinge aus hochwertigem Chrom-Molybd\u00e4n-Vanadium-Stahl 1.4116-X50 Cr Mo V15 Lasergeschnittene Klinge aus 3 mm dickem Blech Abrunden, H\u00e4rten, Satinieren und Sch\u00e4rfen nach handwerklichen Techniken Technischer\u201d Griff aus thermoplastischem Polymer mit direktem Griff, um maximale Ergonomie im Gebrauch zu garantieren und den richtigen Griff zu empfehlen Doppelte Textur in den Griffbereichen zur Erh\u00f6hung der Griffigkeit [&hellip;]<\/p>\n","protected":false},"featured_media":6354112,"template":"","meta":{"_acf_changed":false},"product_cat":[12100,12105],"product_tag":[],"class_list":{"0":"post-50732","1":"product","2":"type-product","3":"status-publish","4":"has-post-thumbnail","6":"product_cat-kuche","7":"product_cat-kuechenmesser","9":"first","10":"instock","11":"sale","12":"taxable","13":"shipping-taxable","14":"purchasable","15":"product-type-simple","swatches":"rey-swatches","show_selected":"","stretch_labels":"rey-swatches--stretch-labels"},"acf":[],"yoast_head":"<!-- This site is optimized with the Yoast SEO plugin v25.4 - https:\/\/yoast.com\/wordpress\/plugins\/seo\/ -->\n<title>BERKEL Brotmesser Teknica 22 cm Rot - dev6 Erresse<\/title>\n<meta name=\"description\" content=\"DAS B\u00c4CKEREIMESSER Klinge aus hochwertigem Chrom-Molybd\u00e4n-Vanadium-Stahl 1.4116-X50 Cr Mo V15 Lasergeschnittene Klinge aus 3 mm dickem Blech Abrunden,\" \/>\n<meta name=\"robots\" content=\"noindex, follow, max-snippet:-1, max-image-preview:large, max-video-preview:-1\" \/>\n<meta property=\"og:locale\" content=\"de_DE\" \/>\n<meta property=\"og:type\" content=\"article\" \/>\n<meta property=\"og:title\" content=\"BERKEL Brotmesser Teknica 22 cm Rot - dev6 Erresse\" \/>\n<meta property=\"og:description\" content=\"DAS B\u00c4CKEREIMESSER Klinge aus hochwertigem Chrom-Molybd\u00e4n-Vanadium-Stahl 1.4116-X50 Cr Mo V15 Lasergeschnittene Klinge aus 3 mm dickem Blech Abrunden,\" \/>\n<meta property=\"og:url\" content=\"https:\/\/dev6.erresse-shop.it\/de\/shop\/kuche\/messer\/kuechenmesser\/berkel-brotmesser-teknica-22-cm-rot\/\" \/>\n<meta property=\"og:site_name\" content=\"dev6 Erresse\" \/>\n<meta property=\"og:image\" content=\"https:\/\/interpim.erresse-shop.it\/Import\/Prodotti\/berkel-coltello-pane-22cm-teknica-2.jpg\" \/><meta property=\"og:image\" content=\"https:\/\/interpim.erresse-shop.it\/Import\/Prodotti\/berkel-coltello-pane-22cm-teknica-2.jpg\" \/>\n\t<meta property=\"og:image:width\" content=\"1024\" \/>\n\t<meta property=\"og:image:height\" content=\"1024\" \/>\n\t<meta property=\"og:image:type\" content=\"image\/jpeg\" \/>\n<meta name=\"twitter:card\" content=\"summary_large_image\" \/>\n<meta name=\"twitter:image\" content=\"https:\/\/interpim.erresse-shop.it\/Import\/Prodotti\/berkel-coltello-pane-22cm-teknica-2.jpg\" \/>\n<script type=\"application\/ld+json\" class=\"yoast-schema-graph\">{\"@context\":\"https:\/\/schema.org\",\"@graph\":[{\"@type\":\"WebPage\",\"@id\":\"https:\/\/dev6.erresse-shop.it\/de\/shop\/kuche\/messer\/kuechenmesser\/berkel-brotmesser-teknica-22-cm-rot\/\",\"url\":\"https:\/\/dev6.erresse-shop.it\/de\/shop\/kuche\/messer\/kuechenmesser\/berkel-brotmesser-teknica-22-cm-rot\/\",\"name\":\"BERKEL Brotmesser Teknica 22 cm Rot - dev6 Erresse\",\"isPartOf\":{\"@id\":\"https:\/\/dev6.erresse-shop.it\/#website\"},\"primaryImageOfPage\":{\"@id\":\"https:\/\/dev6.erresse-shop.it\/de\/shop\/kuche\/messer\/kuechenmesser\/berkel-brotmesser-teknica-22-cm-rot\/#primaryimage\"},\"image\":{\"@id\":\"https:\/\/dev6.erresse-shop.it\/de\/shop\/kuche\/messer\/kuechenmesser\/berkel-brotmesser-teknica-22-cm-rot\/#primaryimage\"},\"thumbnailUrl\":\"https:\/\/i0.wp.com\/interpim.erresse-shop.it\/Import\/Prodotti\/berkel-coltello-pane-22cm-teknica-2.jpg?ssl=1\",\"datePublished\":\"2026-04-12T06:50:55+00:00\",\"description\":\"DAS B\u00c4CKEREIMESSER Klinge aus hochwertigem Chrom-Molybd\u00e4n-Vanadium-Stahl 1.4116-X50 Cr Mo V15 Lasergeschnittene Klinge aus 3 mm dickem Blech Abrunden,\",\"breadcrumb\":{\"@id\":\"https:\/\/dev6.erresse-shop.it\/de\/shop\/kuche\/messer\/kuechenmesser\/berkel-brotmesser-teknica-22-cm-rot\/#breadcrumb\"},\"inLanguage\":\"de\",\"potentialAction\":[{\"@type\":\"ReadAction\",\"target\":[\"https:\/\/dev6.erresse-shop.it\/de\/shop\/kuche\/messer\/kuechenmesser\/berkel-brotmesser-teknica-22-cm-rot\/\"]}]},{\"@type\":\"ImageObject\",\"inLanguage\":\"de\",\"@id\":\"https:\/\/dev6.erresse-shop.it\/de\/shop\/kuche\/messer\/kuechenmesser\/berkel-brotmesser-teknica-22-cm-rot\/#primaryimage\",\"url\":\"https:\/\/i0.wp.com\/interpim.erresse-shop.it\/Import\/Prodotti\/berkel-coltello-pane-22cm-teknica-2.jpg?ssl=1\",\"contentUrl\":\"https:\/\/i0.wp.com\/interpim.erresse-shop.it\/Import\/Prodotti\/berkel-coltello-pane-22cm-teknica-2.jpg?ssl=1\"},{\"@type\":\"BreadcrumbList\",\"@id\":\"https:\/\/dev6.erresse-shop.it\/de\/shop\/kuche\/messer\/kuechenmesser\/berkel-brotmesser-teknica-22-cm-rot\/#breadcrumb\",\"itemListElement\":[{\"@type\":\"ListItem\",\"position\":1,\"name\":\"Home\",\"item\":\"https:\/\/dev6.erresse-shop.it\/\"},{\"@type\":\"ListItem\",\"position\":2,\"name\":\"Shop\",\"item\":\"https:\/\/dev6.erresse-shop.it\/shop\/\"},{\"@type\":\"ListItem\",\"position\":3,\"name\":\"BERKEL Brotmesser Teknica 22 cm Rot\"}]},{\"@type\":\"WebSite\",\"@id\":\"https:\/\/dev6.erresse-shop.it\/#website\",\"url\":\"https:\/\/dev6.erresse-shop.it\/\",\"name\":\"Erresse Shop\",\"description\":\"\",\"publisher\":{\"@id\":\"https:\/\/dev6.erresse-shop.it\/#organization\"},\"potentialAction\":[{\"@type\":\"SearchAction\",\"target\":{\"@type\":\"EntryPoint\",\"urlTemplate\":\"https:\/\/dev6.erresse-shop.it\/?s={search_term_string}\"},\"query-input\":{\"@type\":\"PropertyValueSpecification\",\"valueRequired\":true,\"valueName\":\"search_term_string\"}}],\"inLanguage\":\"de\"},{\"@type\":\"Organization\",\"@id\":\"https:\/\/dev6.erresse-shop.it\/#organization\",\"name\":\"Erresse Shop\",\"url\":\"https:\/\/dev6.erresse-shop.it\/\",\"logo\":{\"@type\":\"ImageObject\",\"inLanguage\":\"de\",\"@id\":\"https:\/\/dev6.erresse-shop.it\/#\/schema\/logo\/image\/\",\"url\":\"https:\/\/dev6.erresse-shop.it\/wp-content\/uploads\/2025\/01\/LOGO-ERRESSE-CLASSICO.svg\",\"contentUrl\":\"https:\/\/dev6.erresse-shop.it\/wp-content\/uploads\/2025\/01\/LOGO-ERRESSE-CLASSICO.svg\",\"caption\":\"Erresse Shop\"},\"image\":{\"@id\":\"https:\/\/dev6.erresse-shop.it\/#\/schema\/logo\/image\/\"}}]}<\/script>\n<!-- \/ Yoast SEO plugin. -->","yoast_head_json":{"title":"BERKEL Brotmesser Teknica 22 cm Rot - dev6 Erresse","description":"DAS B\u00c4CKEREIMESSER Klinge aus hochwertigem Chrom-Molybd\u00e4n-Vanadium-Stahl 1.4116-X50 Cr Mo V15 Lasergeschnittene Klinge aus 3 mm dickem Blech Abrunden,","robots":{"index":"noindex","follow":"follow","max-snippet":"max-snippet:-1","max-image-preview":"max-image-preview:large","max-video-preview":"max-video-preview:-1"},"og_locale":"de_DE","og_type":"article","og_title":"BERKEL Brotmesser Teknica 22 cm Rot - dev6 Erresse","og_description":"DAS B\u00c4CKEREIMESSER Klinge aus hochwertigem Chrom-Molybd\u00e4n-Vanadium-Stahl 1.4116-X50 Cr Mo V15 Lasergeschnittene Klinge aus 3 mm dickem Blech Abrunden,","og_url":"https:\/\/dev6.erresse-shop.it\/de\/shop\/kuche\/messer\/kuechenmesser\/berkel-brotmesser-teknica-22-cm-rot\/","og_site_name":"dev6 Erresse","og_image":[{"url":"https:\/\/interpim.erresse-shop.it\/Import\/Prodotti\/berkel-coltello-pane-22cm-teknica-2.jpg","type":"","width":"","height":""},{"url":"https:\/\/interpim.erresse-shop.it\/Import\/Prodotti\/berkel-coltello-pane-22cm-teknica-2.jpg","width":1024,"height":1024,"type":"image\/jpeg"}],"twitter_card":"summary_large_image","twitter_image":"https:\/\/interpim.erresse-shop.it\/Import\/Prodotti\/berkel-coltello-pane-22cm-teknica-2.jpg","schema":{"@context":"https:\/\/schema.org","@graph":[{"@type":"WebPage","@id":"https:\/\/dev6.erresse-shop.it\/de\/shop\/kuche\/messer\/kuechenmesser\/berkel-brotmesser-teknica-22-cm-rot\/","url":"https:\/\/dev6.erresse-shop.it\/de\/shop\/kuche\/messer\/kuechenmesser\/berkel-brotmesser-teknica-22-cm-rot\/","name":"BERKEL Brotmesser Teknica 22 cm Rot - dev6 Erresse","isPartOf":{"@id":"https:\/\/dev6.erresse-shop.it\/#website"},"primaryImageOfPage":{"@id":"https:\/\/dev6.erresse-shop.it\/de\/shop\/kuche\/messer\/kuechenmesser\/berkel-brotmesser-teknica-22-cm-rot\/#primaryimage"},"image":{"@id":"https:\/\/dev6.erresse-shop.it\/de\/shop\/kuche\/messer\/kuechenmesser\/berkel-brotmesser-teknica-22-cm-rot\/#primaryimage"},"thumbnailUrl":"https:\/\/i0.wp.com\/interpim.erresse-shop.it\/Import\/Prodotti\/berkel-coltello-pane-22cm-teknica-2.jpg?ssl=1","datePublished":"2026-04-12T06:50:55+00:00","description":"DAS B\u00c4CKEREIMESSER Klinge aus hochwertigem Chrom-Molybd\u00e4n-Vanadium-Stahl 1.4116-X50 Cr Mo V15 Lasergeschnittene Klinge aus 3 mm dickem Blech Abrunden,","breadcrumb":{"@id":"https:\/\/dev6.erresse-shop.it\/de\/shop\/kuche\/messer\/kuechenmesser\/berkel-brotmesser-teknica-22-cm-rot\/#breadcrumb"},"inLanguage":"de","potentialAction":[{"@type":"ReadAction","target":["https:\/\/dev6.erresse-shop.it\/de\/shop\/kuche\/messer\/kuechenmesser\/berkel-brotmesser-teknica-22-cm-rot\/"]}]},{"@type":"ImageObject","inLanguage":"de","@id":"https:\/\/dev6.erresse-shop.it\/de\/shop\/kuche\/messer\/kuechenmesser\/berkel-brotmesser-teknica-22-cm-rot\/#primaryimage","url":"https:\/\/i0.wp.com\/interpim.erresse-shop.it\/Import\/Prodotti\/berkel-coltello-pane-22cm-teknica-2.jpg?ssl=1","contentUrl":"https:\/\/i0.wp.com\/interpim.erresse-shop.it\/Import\/Prodotti\/berkel-coltello-pane-22cm-teknica-2.jpg?ssl=1"},{"@type":"BreadcrumbList","@id":"https:\/\/dev6.erresse-shop.it\/de\/shop\/kuche\/messer\/kuechenmesser\/berkel-brotmesser-teknica-22-cm-rot\/#breadcrumb","itemListElement":[{"@type":"ListItem","position":1,"name":"Home","item":"https:\/\/dev6.erresse-shop.it\/"},{"@type":"ListItem","position":2,"name":"Shop","item":"https:\/\/dev6.erresse-shop.it\/shop\/"},{"@type":"ListItem","position":3,"name":"BERKEL Brotmesser Teknica 22 cm Rot"}]},{"@type":"WebSite","@id":"https:\/\/dev6.erresse-shop.it\/#website","url":"https:\/\/dev6.erresse-shop.it\/","name":"Erresse Shop","description":"","publisher":{"@id":"https:\/\/dev6.erresse-shop.it\/#organization"},"potentialAction":[{"@type":"SearchAction","target":{"@type":"EntryPoint","urlTemplate":"https:\/\/dev6.erresse-shop.it\/?s={search_term_string}"},"query-input":{"@type":"PropertyValueSpecification","valueRequired":true,"valueName":"search_term_string"}}],"inLanguage":"de"},{"@type":"Organization","@id":"https:\/\/dev6.erresse-shop.it\/#organization","name":"Erresse Shop","url":"https:\/\/dev6.erresse-shop.it\/","logo":{"@type":"ImageObject","inLanguage":"de","@id":"https:\/\/dev6.erresse-shop.it\/#\/schema\/logo\/image\/","url":"https:\/\/dev6.erresse-shop.it\/wp-content\/uploads\/2025\/01\/LOGO-ERRESSE-CLASSICO.svg","contentUrl":"https:\/\/dev6.erresse-shop.it\/wp-content\/uploads\/2025\/01\/LOGO-ERRESSE-CLASSICO.svg","caption":"Erresse Shop"},"image":{"@id":"https:\/\/dev6.erresse-shop.it\/#\/schema\/logo\/image\/"}}]}},"df_price":79.95,"df_sale_price":79.95,"df_regular_price":109,"df_image_link":"https:\/\/i0.wp.com\/interpim.erresse-shop.it\/Import\/Prodotti\/berkel-coltello-pane-22cm-teknica-2.jpg?resize=300,300&ssl=1","fifu_image_url":"https:\/\/interpim.erresse-shop.it\/Import\/Prodotti\/berkel-coltello-pane-22cm-teknica-2.jpg","_links":{"self":[{"href":"https:\/\/dev6.erresse-shop.it\/de\/wp-json\/wp\/v2\/product\/50732","targetHints":{"allow":["GET"]}}],"collection":[{"href":"https:\/\/dev6.erresse-shop.it\/de\/wp-json\/wp\/v2\/product"}],"about":[{"href":"https:\/\/dev6.erresse-shop.it\/de\/wp-json\/wp\/v2\/types\/product"}],"wp:featuredmedia":[{"embeddable":true,"href":"https:\/\/dev6.erresse-shop.it\/de\/wp-json\/wp\/v2\/media\/6354112"}],"wp:attachment":[{"href":"https:\/\/dev6.erresse-shop.it\/de\/wp-json\/wp\/v2\/media?parent=50732"}],"wp:term":[{"taxonomy":"product_cat","embeddable":true,"href":"https:\/\/dev6.erresse-shop.it\/de\/wp-json\/wp\/v2\/product_cat?post=50732"},{"taxonomy":"product_tag","embeddable":true,"href":"https:\/\/dev6.erresse-shop.it\/de\/wp-json\/wp\/v2\/product_tag?post=50732"}],"curies":[{"name":"wp","href":"https:\/\/api.w.org\/{rel}","templated":true}]}}