{"id":50724,"date":"2026-04-12T08:50:55","date_gmt":"2026-04-12T06:50:55","guid":{"rendered":"https:\/\/dev6.erresse-shop.it\/shop\/unkategorisiert\/berkel-set-5-kochmesser-elegance-rot\/"},"modified":"2025-09-14T00:48:14","modified_gmt":"2025-09-13T22:48:14","slug":"berkel-set-5-kochmesser-elegance-rot","status":"publish","type":"product","link":"https:\/\/dev6.erresse-shop.it\/de\/shop\/kuche\/messer\/kuechenmesser\/berkel-set-5-kochmesser-elegance-rot\/","title":{"rendered":"BERKEL Set 5 Kochmesser Elegance Rot"},"content":{"rendered":"<p>SET MIT 5 MESSERN<\/p>\n<p>Set mit 5 professionellen Kochmessern, bestehend aus Teilen mit unterschiedlichen Funktionen. Die Messer, die in Italien aus hochwertigen Materialien hergestellt werden, haben unterschiedliche Klingen und rote Griffe. Dieses Set ist ideal, um beim Schneiden von Brot, Braten, Schinken oder Gem\u00fcse keine Fehler zu machen. Praktisch und mit einem raffinierten Design garantiert dieses Mehrzweck-K\u00fcchenmesserset aus rostfreiem Stahl Pr\u00e4zision und einfache Handhabung.<\/p>\n<p>Klinge aus hochwertigem Chrom-Molybd\u00e4n-Vanadium-Stahl 1.4116-X50 Cr Mo V15<br \/>\nElektropolierte Klinge aus 3 mm dickem Blech<br \/>\nDer Griff ist aus Acetylharz geformt, was dem Griff ein gl\u00e4nzendes Aussehen verleiht<br \/>\nStahlzwinge, um eine maximale Haftung zwischen Klinge und Griff und eine perfekte Balance des Messers w\u00e4hrend des Gebrauchs zu gew\u00e4hrleisten<br \/>\nBerkel-Logo auf der Klinge eingraviert<br \/>\nGoldenes Logo auf dem Griff mit erkennbarem Berkel-Design<\/p>\n<p>MERKMALE<br \/>\nGewicht: 1,1 kg<br \/>\nSet-Zusammensetzung: Schinkenmesser 26 cm | Brotmesser 22 cm | Bratenmesser 22 cm | K\u00fcchenmesser 20 cm | Allzweckmesser 12 cm<br \/>\nKlingenmaterial: Rostfreier Stahl 1.4116-X50 Cr Mo V15 elektropoliert; H\u00e4rte nach T.T: 59 HRC; Catra zertifiziert: Sehr gut<br \/>\nGriff: Acetalharz<br \/>\nVerwendung und Pflege: Wir empfehlen dringend, das Produkt von Hand in warmem Wasser zu waschen, um seine Integrit\u00e4t und Haltbarkeit zu gew\u00e4hrleisten. In jedem Fall empfehlen wir, das Messer nach jedem Waschen zu trocknen. Verwenden Sie keine scheuernden Stoffe oder Schw\u00e4mme.<\/p>\n","protected":false},"excerpt":{"rendered":"<p>SET MIT 5 MESSERN Set mit 5 professionellen Kochmessern, bestehend aus Teilen mit unterschiedlichen Funktionen. Die Messer, die in Italien aus hochwertigen Materialien hergestellt werden, haben unterschiedliche Klingen und rote Griffe. Dieses Set ist ideal, um beim Schneiden von Brot, Braten, Schinken oder Gem\u00fcse keine Fehler zu machen. Praktisch und mit einem raffinierten Design garantiert [&hellip;]<\/p>\n","protected":false},"featured_media":6354058,"template":"","meta":{"_acf_changed":false},"product_cat":[12100,12105],"product_tag":[],"class_list":{"0":"post-50724","1":"product","2":"type-product","3":"status-publish","4":"has-post-thumbnail","6":"product_cat-kuche","7":"product_cat-kuechenmesser","9":"first","10":"instock","11":"sale","12":"taxable","13":"shipping-taxable","14":"purchasable","15":"product-type-simple","swatches":"rey-swatches","show_selected":"","stretch_labels":"rey-swatches--stretch-labels"},"acf":[],"yoast_head":"<!-- This site is optimized with the Yoast SEO plugin v25.4 - https:\/\/yoast.com\/wordpress\/plugins\/seo\/ -->\n<title>BERKEL Set 5 Kochmesser Elegance Rot - dev6 Erresse<\/title>\n<meta name=\"description\" content=\"SET MIT 5 MESSERN Set mit 5 professionellen Kochmessern, bestehend aus Teilen mit unterschiedlichen Funktionen. Die Messer, die in Italien aus\" \/>\n<meta name=\"robots\" content=\"noindex, follow, max-snippet:-1, max-image-preview:large, max-video-preview:-1\" \/>\n<meta property=\"og:locale\" content=\"de_DE\" \/>\n<meta property=\"og:type\" content=\"article\" \/>\n<meta property=\"og:title\" content=\"BERKEL Set 5 Kochmesser Elegance Rot - dev6 Erresse\" \/>\n<meta property=\"og:description\" content=\"SET MIT 5 MESSERN Set mit 5 professionellen Kochmessern, bestehend aus Teilen mit unterschiedlichen Funktionen. Die Messer, die in Italien aus\" \/>\n<meta property=\"og:url\" content=\"https:\/\/dev6.erresse-shop.it\/de\/shop\/kuche\/messer\/kuechenmesser\/berkel-set-5-kochmesser-elegance-rot\/\" \/>\n<meta property=\"og:site_name\" content=\"dev6 Erresse\" \/>\n<meta property=\"og:image\" content=\"https:\/\/interpim.erresse-shop.it\/Import\/Prodotti\/berkel-set-5-coltelli-chef-elegance-rosso.jpg\" \/><meta property=\"og:image\" content=\"https:\/\/interpim.erresse-shop.it\/Import\/Prodotti\/berkel-set-5-coltelli-chef-elegance-rosso.jpg\" \/>\n\t<meta property=\"og:image:width\" content=\"1024\" \/>\n\t<meta property=\"og:image:height\" content=\"1024\" \/>\n\t<meta property=\"og:image:type\" content=\"image\/jpeg\" \/>\n<meta name=\"twitter:card\" content=\"summary_large_image\" \/>\n<meta name=\"twitter:image\" content=\"https:\/\/interpim.erresse-shop.it\/Import\/Prodotti\/berkel-set-5-coltelli-chef-elegance-rosso.jpg\" \/>\n<script type=\"application\/ld+json\" class=\"yoast-schema-graph\">{\"@context\":\"https:\/\/schema.org\",\"@graph\":[{\"@type\":\"WebPage\",\"@id\":\"https:\/\/dev6.erresse-shop.it\/de\/shop\/kuche\/messer\/kuechenmesser\/berkel-set-5-kochmesser-elegance-rot\/\",\"url\":\"https:\/\/dev6.erresse-shop.it\/de\/shop\/kuche\/messer\/kuechenmesser\/berkel-set-5-kochmesser-elegance-rot\/\",\"name\":\"BERKEL Set 5 Kochmesser Elegance Rot - dev6 Erresse\",\"isPartOf\":{\"@id\":\"https:\/\/dev6.erresse-shop.it\/#website\"},\"primaryImageOfPage\":{\"@id\":\"https:\/\/dev6.erresse-shop.it\/de\/shop\/kuche\/messer\/kuechenmesser\/berkel-set-5-kochmesser-elegance-rot\/#primaryimage\"},\"image\":{\"@id\":\"https:\/\/dev6.erresse-shop.it\/de\/shop\/kuche\/messer\/kuechenmesser\/berkel-set-5-kochmesser-elegance-rot\/#primaryimage\"},\"thumbnailUrl\":\"https:\/\/i3.wp.com\/interpim.erresse-shop.it\/Import\/Prodotti\/berkel-set-5-coltelli-chef-elegance-rosso.jpg?ssl=1\",\"datePublished\":\"2026-04-12T06:50:55+00:00\",\"description\":\"SET MIT 5 MESSERN Set mit 5 professionellen Kochmessern, bestehend aus Teilen mit unterschiedlichen Funktionen. Die Messer, die in Italien aus\",\"breadcrumb\":{\"@id\":\"https:\/\/dev6.erresse-shop.it\/de\/shop\/kuche\/messer\/kuechenmesser\/berkel-set-5-kochmesser-elegance-rot\/#breadcrumb\"},\"inLanguage\":\"de\",\"potentialAction\":[{\"@type\":\"ReadAction\",\"target\":[\"https:\/\/dev6.erresse-shop.it\/de\/shop\/kuche\/messer\/kuechenmesser\/berkel-set-5-kochmesser-elegance-rot\/\"]}]},{\"@type\":\"ImageObject\",\"inLanguage\":\"de\",\"@id\":\"https:\/\/dev6.erresse-shop.it\/de\/shop\/kuche\/messer\/kuechenmesser\/berkel-set-5-kochmesser-elegance-rot\/#primaryimage\",\"url\":\"https:\/\/i3.wp.com\/interpim.erresse-shop.it\/Import\/Prodotti\/berkel-set-5-coltelli-chef-elegance-rosso.jpg?ssl=1\",\"contentUrl\":\"https:\/\/i3.wp.com\/interpim.erresse-shop.it\/Import\/Prodotti\/berkel-set-5-coltelli-chef-elegance-rosso.jpg?ssl=1\"},{\"@type\":\"BreadcrumbList\",\"@id\":\"https:\/\/dev6.erresse-shop.it\/de\/shop\/kuche\/messer\/kuechenmesser\/berkel-set-5-kochmesser-elegance-rot\/#breadcrumb\",\"itemListElement\":[{\"@type\":\"ListItem\",\"position\":1,\"name\":\"Home\",\"item\":\"https:\/\/dev6.erresse-shop.it\/\"},{\"@type\":\"ListItem\",\"position\":2,\"name\":\"Shop\",\"item\":\"https:\/\/dev6.erresse-shop.it\/shop\/\"},{\"@type\":\"ListItem\",\"position\":3,\"name\":\"BERKEL Set 5 Kochmesser Elegance Rot\"}]},{\"@type\":\"WebSite\",\"@id\":\"https:\/\/dev6.erresse-shop.it\/#website\",\"url\":\"https:\/\/dev6.erresse-shop.it\/\",\"name\":\"Erresse Shop\",\"description\":\"\",\"publisher\":{\"@id\":\"https:\/\/dev6.erresse-shop.it\/#organization\"},\"potentialAction\":[{\"@type\":\"SearchAction\",\"target\":{\"@type\":\"EntryPoint\",\"urlTemplate\":\"https:\/\/dev6.erresse-shop.it\/?s={search_term_string}\"},\"query-input\":{\"@type\":\"PropertyValueSpecification\",\"valueRequired\":true,\"valueName\":\"search_term_string\"}}],\"inLanguage\":\"de\"},{\"@type\":\"Organization\",\"@id\":\"https:\/\/dev6.erresse-shop.it\/#organization\",\"name\":\"Erresse Shop\",\"url\":\"https:\/\/dev6.erresse-shop.it\/\",\"logo\":{\"@type\":\"ImageObject\",\"inLanguage\":\"de\",\"@id\":\"https:\/\/dev6.erresse-shop.it\/#\/schema\/logo\/image\/\",\"url\":\"https:\/\/dev6.erresse-shop.it\/wp-content\/uploads\/2025\/01\/LOGO-ERRESSE-CLASSICO.svg\",\"contentUrl\":\"https:\/\/dev6.erresse-shop.it\/wp-content\/uploads\/2025\/01\/LOGO-ERRESSE-CLASSICO.svg\",\"caption\":\"Erresse Shop\"},\"image\":{\"@id\":\"https:\/\/dev6.erresse-shop.it\/#\/schema\/logo\/image\/\"}}]}<\/script>\n<!-- \/ Yoast SEO plugin. -->","yoast_head_json":{"title":"BERKEL Set 5 Kochmesser Elegance Rot - dev6 Erresse","description":"SET MIT 5 MESSERN Set mit 5 professionellen Kochmessern, bestehend aus Teilen mit unterschiedlichen Funktionen. Die Messer, die in Italien aus","robots":{"index":"noindex","follow":"follow","max-snippet":"max-snippet:-1","max-image-preview":"max-image-preview:large","max-video-preview":"max-video-preview:-1"},"og_locale":"de_DE","og_type":"article","og_title":"BERKEL Set 5 Kochmesser Elegance Rot - dev6 Erresse","og_description":"SET MIT 5 MESSERN Set mit 5 professionellen Kochmessern, bestehend aus Teilen mit unterschiedlichen Funktionen. Die Messer, die in Italien aus","og_url":"https:\/\/dev6.erresse-shop.it\/de\/shop\/kuche\/messer\/kuechenmesser\/berkel-set-5-kochmesser-elegance-rot\/","og_site_name":"dev6 Erresse","og_image":[{"url":"https:\/\/interpim.erresse-shop.it\/Import\/Prodotti\/berkel-set-5-coltelli-chef-elegance-rosso.jpg","type":"","width":"","height":""},{"url":"https:\/\/interpim.erresse-shop.it\/Import\/Prodotti\/berkel-set-5-coltelli-chef-elegance-rosso.jpg","width":1024,"height":1024,"type":"image\/jpeg"}],"twitter_card":"summary_large_image","twitter_image":"https:\/\/interpim.erresse-shop.it\/Import\/Prodotti\/berkel-set-5-coltelli-chef-elegance-rosso.jpg","schema":{"@context":"https:\/\/schema.org","@graph":[{"@type":"WebPage","@id":"https:\/\/dev6.erresse-shop.it\/de\/shop\/kuche\/messer\/kuechenmesser\/berkel-set-5-kochmesser-elegance-rot\/","url":"https:\/\/dev6.erresse-shop.it\/de\/shop\/kuche\/messer\/kuechenmesser\/berkel-set-5-kochmesser-elegance-rot\/","name":"BERKEL Set 5 Kochmesser Elegance Rot - dev6 Erresse","isPartOf":{"@id":"https:\/\/dev6.erresse-shop.it\/#website"},"primaryImageOfPage":{"@id":"https:\/\/dev6.erresse-shop.it\/de\/shop\/kuche\/messer\/kuechenmesser\/berkel-set-5-kochmesser-elegance-rot\/#primaryimage"},"image":{"@id":"https:\/\/dev6.erresse-shop.it\/de\/shop\/kuche\/messer\/kuechenmesser\/berkel-set-5-kochmesser-elegance-rot\/#primaryimage"},"thumbnailUrl":"https:\/\/i3.wp.com\/interpim.erresse-shop.it\/Import\/Prodotti\/berkel-set-5-coltelli-chef-elegance-rosso.jpg?ssl=1","datePublished":"2026-04-12T06:50:55+00:00","description":"SET MIT 5 MESSERN Set mit 5 professionellen Kochmessern, bestehend aus Teilen mit unterschiedlichen Funktionen. Die Messer, die in Italien aus","breadcrumb":{"@id":"https:\/\/dev6.erresse-shop.it\/de\/shop\/kuche\/messer\/kuechenmesser\/berkel-set-5-kochmesser-elegance-rot\/#breadcrumb"},"inLanguage":"de","potentialAction":[{"@type":"ReadAction","target":["https:\/\/dev6.erresse-shop.it\/de\/shop\/kuche\/messer\/kuechenmesser\/berkel-set-5-kochmesser-elegance-rot\/"]}]},{"@type":"ImageObject","inLanguage":"de","@id":"https:\/\/dev6.erresse-shop.it\/de\/shop\/kuche\/messer\/kuechenmesser\/berkel-set-5-kochmesser-elegance-rot\/#primaryimage","url":"https:\/\/i3.wp.com\/interpim.erresse-shop.it\/Import\/Prodotti\/berkel-set-5-coltelli-chef-elegance-rosso.jpg?ssl=1","contentUrl":"https:\/\/i3.wp.com\/interpim.erresse-shop.it\/Import\/Prodotti\/berkel-set-5-coltelli-chef-elegance-rosso.jpg?ssl=1"},{"@type":"BreadcrumbList","@id":"https:\/\/dev6.erresse-shop.it\/de\/shop\/kuche\/messer\/kuechenmesser\/berkel-set-5-kochmesser-elegance-rot\/#breadcrumb","itemListElement":[{"@type":"ListItem","position":1,"name":"Home","item":"https:\/\/dev6.erresse-shop.it\/"},{"@type":"ListItem","position":2,"name":"Shop","item":"https:\/\/dev6.erresse-shop.it\/shop\/"},{"@type":"ListItem","position":3,"name":"BERKEL Set 5 Kochmesser Elegance Rot"}]},{"@type":"WebSite","@id":"https:\/\/dev6.erresse-shop.it\/#website","url":"https:\/\/dev6.erresse-shop.it\/","name":"Erresse Shop","description":"","publisher":{"@id":"https:\/\/dev6.erresse-shop.it\/#organization"},"potentialAction":[{"@type":"SearchAction","target":{"@type":"EntryPoint","urlTemplate":"https:\/\/dev6.erresse-shop.it\/?s={search_term_string}"},"query-input":{"@type":"PropertyValueSpecification","valueRequired":true,"valueName":"search_term_string"}}],"inLanguage":"de"},{"@type":"Organization","@id":"https:\/\/dev6.erresse-shop.it\/#organization","name":"Erresse Shop","url":"https:\/\/dev6.erresse-shop.it\/","logo":{"@type":"ImageObject","inLanguage":"de","@id":"https:\/\/dev6.erresse-shop.it\/#\/schema\/logo\/image\/","url":"https:\/\/dev6.erresse-shop.it\/wp-content\/uploads\/2025\/01\/LOGO-ERRESSE-CLASSICO.svg","contentUrl":"https:\/\/dev6.erresse-shop.it\/wp-content\/uploads\/2025\/01\/LOGO-ERRESSE-CLASSICO.svg","caption":"Erresse Shop"},"image":{"@id":"https:\/\/dev6.erresse-shop.it\/#\/schema\/logo\/image\/"}}]}},"df_price":299.95,"df_sale_price":299.95,"df_regular_price":479,"df_image_link":"https:\/\/i3.wp.com\/interpim.erresse-shop.it\/Import\/Prodotti\/berkel-set-5-coltelli-chef-elegance-rosso.jpg?resize=300,300&ssl=1","fifu_image_url":"https:\/\/interpim.erresse-shop.it\/Import\/Prodotti\/berkel-set-5-coltelli-chef-elegance-rosso.jpg","_links":{"self":[{"href":"https:\/\/dev6.erresse-shop.it\/de\/wp-json\/wp\/v2\/product\/50724","targetHints":{"allow":["GET"]}}],"collection":[{"href":"https:\/\/dev6.erresse-shop.it\/de\/wp-json\/wp\/v2\/product"}],"about":[{"href":"https:\/\/dev6.erresse-shop.it\/de\/wp-json\/wp\/v2\/types\/product"}],"wp:featuredmedia":[{"embeddable":true,"href":"https:\/\/dev6.erresse-shop.it\/de\/wp-json\/wp\/v2\/media\/6354058"}],"wp:attachment":[{"href":"https:\/\/dev6.erresse-shop.it\/de\/wp-json\/wp\/v2\/media?parent=50724"}],"wp:term":[{"taxonomy":"product_cat","embeddable":true,"href":"https:\/\/dev6.erresse-shop.it\/de\/wp-json\/wp\/v2\/product_cat?post=50724"},{"taxonomy":"product_tag","embeddable":true,"href":"https:\/\/dev6.erresse-shop.it\/de\/wp-json\/wp\/v2\/product_tag?post=50724"}],"curies":[{"name":"wp","href":"https:\/\/api.w.org\/{rel}","templated":true}]}}