{"id":50684,"date":"2026-04-12T08:49:49","date_gmt":"2026-04-12T06:49:49","guid":{"rendered":"https:\/\/dev6.erresse-shop.it\/shop\/unkategorisiert\/carlo-moretti-wi-free-tischlampe-aus-muranoglas-orange-blau\/"},"modified":"2025-09-14T00:47:18","modified_gmt":"2025-09-13T22:47:18","slug":"carlo-moretti-wi-free-tischlampe-aus-muranoglas-orange-blau","status":"publish","type":"product","link":"https:\/\/dev6.erresse-shop.it\/de\/shop\/einrichtung-haus\/lampen\/carlo-moretti-wi-free-tischlampe-aus-muranoglas-orange-blau\/","title":{"rendered":"CARLO MORETTI Wi Free Tischlampe aus Muranoglas Orange Blau"},"content":{"rendered":"<p>LED-Tischleuchte 1,5 W -220 lm -3000 k, dimmbar, kabellos.<br \/>\nSie verspricht mehr als 8 Stunden Autonomie bei absoluter Bewegungsfreiheit dank ihres Lithium-Ionen-Akkus, der \u00fcber ein Micro-USB-Kabel wieder aufgeladen werden kann.<br \/>\nDie Lampenschirme sind aus mundgeblasenem, milchig-wei\u00dfem Muranoglas gefertigt und von Hand mit B\u00e4ndern und St\u00e4ben in drei Varianten verziert.<br \/>\nAnthrazitgrauer Sockel aus geb\u00fcrstetem Metall.<\/p>\n","protected":false},"excerpt":{"rendered":"<p>LED-Tischleuchte 1,5 W -220 lm -3000 k, dimmbar, kabellos. Sie verspricht mehr als 8 Stunden Autonomie bei absoluter Bewegungsfreiheit dank ihres Lithium-Ionen-Akkus, der \u00fcber ein Micro-USB-Kabel wieder aufgeladen werden kann. Die Lampenschirme sind aus mundgeblasenem, milchig-wei\u00dfem Muranoglas gefertigt und von Hand mit B\u00e4ndern und St\u00e4ben in drei Varianten verziert. Anthrazitgrauer Sockel aus geb\u00fcrstetem Metall.<\/p>\n","protected":false},"featured_media":6353804,"template":"","meta":{"_acf_changed":false},"product_cat":[11666,12098,12127],"product_tag":[],"class_list":{"0":"post-50684","1":"product","2":"type-product","3":"status-publish","4":"has-post-thumbnail","6":"product_cat-arredamento-casa","7":"product_cat-einrichtung-haus","8":"product_cat-lampen","10":"first","11":"outofstock","12":"sale","13":"taxable","14":"shipping-taxable","15":"purchasable","16":"product-type-simple","swatches":"rey-swatches","show_selected":"","stretch_labels":"rey-swatches--stretch-labels"},"acf":[],"yoast_head":"<!-- This site is optimized with the Yoast SEO plugin v25.4 - https:\/\/yoast.com\/wordpress\/plugins\/seo\/ -->\n<title>CARLO MORETTI Wi Free Tischlampe aus Muranoglas Orange Blau - dev6 Erresse<\/title>\n<meta name=\"description\" content=\"LED-Tischleuchte 1,5 W -220 lm -3000 k, dimmbar, kabellos. Sie verspricht mehr als 8 Stunden Autonomie bei absoluter Bewegungsfreiheit dank ihres\" \/>\n<meta name=\"robots\" content=\"noindex, follow, max-snippet:-1, max-image-preview:large, max-video-preview:-1\" \/>\n<meta property=\"og:locale\" content=\"de_DE\" \/>\n<meta property=\"og:type\" content=\"article\" \/>\n<meta property=\"og:title\" content=\"CARLO MORETTI Wi Free Tischlampe aus Muranoglas Orange Blau - dev6 Erresse\" \/>\n<meta property=\"og:description\" content=\"LED-Tischleuchte 1,5 W -220 lm -3000 k, dimmbar, kabellos. Sie verspricht mehr als 8 Stunden Autonomie bei absoluter Bewegungsfreiheit dank ihres\" \/>\n<meta property=\"og:url\" content=\"https:\/\/dev6.erresse-shop.it\/de\/shop\/einrichtung-haus\/lampen\/carlo-moretti-wi-free-tischlampe-aus-muranoglas-orange-blau\/\" \/>\n<meta property=\"og:site_name\" content=\"dev6 Erresse\" \/>\n<meta property=\"og:image\" content=\"https:\/\/interpim.erresse-shop.it\/Import\/Prodotti\/carlo-moretti-lampada-wi-free-arancione-blu.jpg\" \/><meta property=\"og:image\" content=\"https:\/\/interpim.erresse-shop.it\/Import\/Prodotti\/carlo-moretti-lampada-wi-free-arancione-blu.jpg\" \/>\n\t<meta property=\"og:image:width\" content=\"1024\" \/>\n\t<meta property=\"og:image:height\" content=\"1024\" \/>\n\t<meta property=\"og:image:type\" content=\"image\/jpeg\" \/>\n<meta name=\"twitter:card\" content=\"summary_large_image\" \/>\n<meta name=\"twitter:image\" content=\"https:\/\/interpim.erresse-shop.it\/Import\/Prodotti\/carlo-moretti-lampada-wi-free-arancione-blu.jpg\" \/>\n<script type=\"application\/ld+json\" class=\"yoast-schema-graph\">{\"@context\":\"https:\/\/schema.org\",\"@graph\":[{\"@type\":\"WebPage\",\"@id\":\"https:\/\/dev6.erresse-shop.it\/de\/shop\/einrichtung-haus\/lampen\/carlo-moretti-wi-free-tischlampe-aus-muranoglas-orange-blau\/\",\"url\":\"https:\/\/dev6.erresse-shop.it\/de\/shop\/einrichtung-haus\/lampen\/carlo-moretti-wi-free-tischlampe-aus-muranoglas-orange-blau\/\",\"name\":\"CARLO MORETTI Wi Free Tischlampe aus Muranoglas Orange Blau - dev6 Erresse\",\"isPartOf\":{\"@id\":\"https:\/\/dev6.erresse-shop.it\/#website\"},\"primaryImageOfPage\":{\"@id\":\"https:\/\/dev6.erresse-shop.it\/de\/shop\/einrichtung-haus\/lampen\/carlo-moretti-wi-free-tischlampe-aus-muranoglas-orange-blau\/#primaryimage\"},\"image\":{\"@id\":\"https:\/\/dev6.erresse-shop.it\/de\/shop\/einrichtung-haus\/lampen\/carlo-moretti-wi-free-tischlampe-aus-muranoglas-orange-blau\/#primaryimage\"},\"thumbnailUrl\":\"https:\/\/i2.wp.com\/interpim.erresse-shop.it\/Import\/Prodotti\/carlo-moretti-lampada-wi-free-arancione-blu.jpg?ssl=1\",\"datePublished\":\"2026-04-12T06:49:49+00:00\",\"description\":\"LED-Tischleuchte 1,5 W -220 lm -3000 k, dimmbar, kabellos. Sie verspricht mehr als 8 Stunden Autonomie bei absoluter Bewegungsfreiheit dank ihres\",\"breadcrumb\":{\"@id\":\"https:\/\/dev6.erresse-shop.it\/de\/shop\/einrichtung-haus\/lampen\/carlo-moretti-wi-free-tischlampe-aus-muranoglas-orange-blau\/#breadcrumb\"},\"inLanguage\":\"de\",\"potentialAction\":[{\"@type\":\"ReadAction\",\"target\":[\"https:\/\/dev6.erresse-shop.it\/de\/shop\/einrichtung-haus\/lampen\/carlo-moretti-wi-free-tischlampe-aus-muranoglas-orange-blau\/\"]}]},{\"@type\":\"ImageObject\",\"inLanguage\":\"de\",\"@id\":\"https:\/\/dev6.erresse-shop.it\/de\/shop\/einrichtung-haus\/lampen\/carlo-moretti-wi-free-tischlampe-aus-muranoglas-orange-blau\/#primaryimage\",\"url\":\"https:\/\/i2.wp.com\/interpim.erresse-shop.it\/Import\/Prodotti\/carlo-moretti-lampada-wi-free-arancione-blu.jpg?ssl=1\",\"contentUrl\":\"https:\/\/i2.wp.com\/interpim.erresse-shop.it\/Import\/Prodotti\/carlo-moretti-lampada-wi-free-arancione-blu.jpg?ssl=1\"},{\"@type\":\"BreadcrumbList\",\"@id\":\"https:\/\/dev6.erresse-shop.it\/de\/shop\/einrichtung-haus\/lampen\/carlo-moretti-wi-free-tischlampe-aus-muranoglas-orange-blau\/#breadcrumb\",\"itemListElement\":[{\"@type\":\"ListItem\",\"position\":1,\"name\":\"Home\",\"item\":\"https:\/\/dev6.erresse-shop.it\/\"},{\"@type\":\"ListItem\",\"position\":2,\"name\":\"Shop\",\"item\":\"https:\/\/dev6.erresse-shop.it\/shop\/\"},{\"@type\":\"ListItem\",\"position\":3,\"name\":\"CARLO MORETTI Wi Free Tischlampe aus Muranoglas Orange Blau\"}]},{\"@type\":\"WebSite\",\"@id\":\"https:\/\/dev6.erresse-shop.it\/#website\",\"url\":\"https:\/\/dev6.erresse-shop.it\/\",\"name\":\"Erresse Shop\",\"description\":\"\",\"publisher\":{\"@id\":\"https:\/\/dev6.erresse-shop.it\/#organization\"},\"potentialAction\":[{\"@type\":\"SearchAction\",\"target\":{\"@type\":\"EntryPoint\",\"urlTemplate\":\"https:\/\/dev6.erresse-shop.it\/?s={search_term_string}\"},\"query-input\":{\"@type\":\"PropertyValueSpecification\",\"valueRequired\":true,\"valueName\":\"search_term_string\"}}],\"inLanguage\":\"de\"},{\"@type\":\"Organization\",\"@id\":\"https:\/\/dev6.erresse-shop.it\/#organization\",\"name\":\"Erresse Shop\",\"url\":\"https:\/\/dev6.erresse-shop.it\/\",\"logo\":{\"@type\":\"ImageObject\",\"inLanguage\":\"de\",\"@id\":\"https:\/\/dev6.erresse-shop.it\/#\/schema\/logo\/image\/\",\"url\":\"https:\/\/dev6.erresse-shop.it\/wp-content\/uploads\/2025\/01\/LOGO-ERRESSE-CLASSICO.svg\",\"contentUrl\":\"https:\/\/dev6.erresse-shop.it\/wp-content\/uploads\/2025\/01\/LOGO-ERRESSE-CLASSICO.svg\",\"caption\":\"Erresse Shop\"},\"image\":{\"@id\":\"https:\/\/dev6.erresse-shop.it\/#\/schema\/logo\/image\/\"}}]}<\/script>\n<!-- \/ Yoast SEO plugin. -->","yoast_head_json":{"title":"CARLO MORETTI Wi Free Tischlampe aus Muranoglas Orange Blau - dev6 Erresse","description":"LED-Tischleuchte 1,5 W -220 lm -3000 k, dimmbar, kabellos. Sie verspricht mehr als 8 Stunden Autonomie bei absoluter Bewegungsfreiheit dank ihres","robots":{"index":"noindex","follow":"follow","max-snippet":"max-snippet:-1","max-image-preview":"max-image-preview:large","max-video-preview":"max-video-preview:-1"},"og_locale":"de_DE","og_type":"article","og_title":"CARLO MORETTI Wi Free Tischlampe aus Muranoglas Orange Blau - dev6 Erresse","og_description":"LED-Tischleuchte 1,5 W -220 lm -3000 k, dimmbar, kabellos. Sie verspricht mehr als 8 Stunden Autonomie bei absoluter Bewegungsfreiheit dank ihres","og_url":"https:\/\/dev6.erresse-shop.it\/de\/shop\/einrichtung-haus\/lampen\/carlo-moretti-wi-free-tischlampe-aus-muranoglas-orange-blau\/","og_site_name":"dev6 Erresse","og_image":[{"url":"https:\/\/interpim.erresse-shop.it\/Import\/Prodotti\/carlo-moretti-lampada-wi-free-arancione-blu.jpg","type":"","width":"","height":""},{"url":"https:\/\/interpim.erresse-shop.it\/Import\/Prodotti\/carlo-moretti-lampada-wi-free-arancione-blu.jpg","width":1024,"height":1024,"type":"image\/jpeg"}],"twitter_card":"summary_large_image","twitter_image":"https:\/\/interpim.erresse-shop.it\/Import\/Prodotti\/carlo-moretti-lampada-wi-free-arancione-blu.jpg","schema":{"@context":"https:\/\/schema.org","@graph":[{"@type":"WebPage","@id":"https:\/\/dev6.erresse-shop.it\/de\/shop\/einrichtung-haus\/lampen\/carlo-moretti-wi-free-tischlampe-aus-muranoglas-orange-blau\/","url":"https:\/\/dev6.erresse-shop.it\/de\/shop\/einrichtung-haus\/lampen\/carlo-moretti-wi-free-tischlampe-aus-muranoglas-orange-blau\/","name":"CARLO MORETTI Wi Free Tischlampe aus Muranoglas Orange Blau - dev6 Erresse","isPartOf":{"@id":"https:\/\/dev6.erresse-shop.it\/#website"},"primaryImageOfPage":{"@id":"https:\/\/dev6.erresse-shop.it\/de\/shop\/einrichtung-haus\/lampen\/carlo-moretti-wi-free-tischlampe-aus-muranoglas-orange-blau\/#primaryimage"},"image":{"@id":"https:\/\/dev6.erresse-shop.it\/de\/shop\/einrichtung-haus\/lampen\/carlo-moretti-wi-free-tischlampe-aus-muranoglas-orange-blau\/#primaryimage"},"thumbnailUrl":"https:\/\/i2.wp.com\/interpim.erresse-shop.it\/Import\/Prodotti\/carlo-moretti-lampada-wi-free-arancione-blu.jpg?ssl=1","datePublished":"2026-04-12T06:49:49+00:00","description":"LED-Tischleuchte 1,5 W -220 lm -3000 k, dimmbar, kabellos. Sie verspricht mehr als 8 Stunden Autonomie bei absoluter Bewegungsfreiheit dank ihres","breadcrumb":{"@id":"https:\/\/dev6.erresse-shop.it\/de\/shop\/einrichtung-haus\/lampen\/carlo-moretti-wi-free-tischlampe-aus-muranoglas-orange-blau\/#breadcrumb"},"inLanguage":"de","potentialAction":[{"@type":"ReadAction","target":["https:\/\/dev6.erresse-shop.it\/de\/shop\/einrichtung-haus\/lampen\/carlo-moretti-wi-free-tischlampe-aus-muranoglas-orange-blau\/"]}]},{"@type":"ImageObject","inLanguage":"de","@id":"https:\/\/dev6.erresse-shop.it\/de\/shop\/einrichtung-haus\/lampen\/carlo-moretti-wi-free-tischlampe-aus-muranoglas-orange-blau\/#primaryimage","url":"https:\/\/i2.wp.com\/interpim.erresse-shop.it\/Import\/Prodotti\/carlo-moretti-lampada-wi-free-arancione-blu.jpg?ssl=1","contentUrl":"https:\/\/i2.wp.com\/interpim.erresse-shop.it\/Import\/Prodotti\/carlo-moretti-lampada-wi-free-arancione-blu.jpg?ssl=1"},{"@type":"BreadcrumbList","@id":"https:\/\/dev6.erresse-shop.it\/de\/shop\/einrichtung-haus\/lampen\/carlo-moretti-wi-free-tischlampe-aus-muranoglas-orange-blau\/#breadcrumb","itemListElement":[{"@type":"ListItem","position":1,"name":"Home","item":"https:\/\/dev6.erresse-shop.it\/"},{"@type":"ListItem","position":2,"name":"Shop","item":"https:\/\/dev6.erresse-shop.it\/shop\/"},{"@type":"ListItem","position":3,"name":"CARLO MORETTI Wi Free Tischlampe aus Muranoglas Orange Blau"}]},{"@type":"WebSite","@id":"https:\/\/dev6.erresse-shop.it\/#website","url":"https:\/\/dev6.erresse-shop.it\/","name":"Erresse Shop","description":"","publisher":{"@id":"https:\/\/dev6.erresse-shop.it\/#organization"},"potentialAction":[{"@type":"SearchAction","target":{"@type":"EntryPoint","urlTemplate":"https:\/\/dev6.erresse-shop.it\/?s={search_term_string}"},"query-input":{"@type":"PropertyValueSpecification","valueRequired":true,"valueName":"search_term_string"}}],"inLanguage":"de"},{"@type":"Organization","@id":"https:\/\/dev6.erresse-shop.it\/#organization","name":"Erresse Shop","url":"https:\/\/dev6.erresse-shop.it\/","logo":{"@type":"ImageObject","inLanguage":"de","@id":"https:\/\/dev6.erresse-shop.it\/#\/schema\/logo\/image\/","url":"https:\/\/dev6.erresse-shop.it\/wp-content\/uploads\/2025\/01\/LOGO-ERRESSE-CLASSICO.svg","contentUrl":"https:\/\/dev6.erresse-shop.it\/wp-content\/uploads\/2025\/01\/LOGO-ERRESSE-CLASSICO.svg","caption":"Erresse Shop"},"image":{"@id":"https:\/\/dev6.erresse-shop.it\/#\/schema\/logo\/image\/"}}]}},"df_price":379,"df_sale_price":379,"df_regular_price":420,"df_image_link":"https:\/\/i2.wp.com\/interpim.erresse-shop.it\/Import\/Prodotti\/carlo-moretti-lampada-wi-free-arancione-blu.jpg?resize=300,300&ssl=1","fifu_image_url":"https:\/\/interpim.erresse-shop.it\/Import\/Prodotti\/carlo-moretti-lampada-wi-free-arancione-blu.jpg","_links":{"self":[{"href":"https:\/\/dev6.erresse-shop.it\/de\/wp-json\/wp\/v2\/product\/50684","targetHints":{"allow":["GET"]}}],"collection":[{"href":"https:\/\/dev6.erresse-shop.it\/de\/wp-json\/wp\/v2\/product"}],"about":[{"href":"https:\/\/dev6.erresse-shop.it\/de\/wp-json\/wp\/v2\/types\/product"}],"wp:featuredmedia":[{"embeddable":true,"href":"https:\/\/dev6.erresse-shop.it\/de\/wp-json\/wp\/v2\/media\/6353804"}],"wp:attachment":[{"href":"https:\/\/dev6.erresse-shop.it\/de\/wp-json\/wp\/v2\/media?parent=50684"}],"wp:term":[{"taxonomy":"product_cat","embeddable":true,"href":"https:\/\/dev6.erresse-shop.it\/de\/wp-json\/wp\/v2\/product_cat?post=50684"},{"taxonomy":"product_tag","embeddable":true,"href":"https:\/\/dev6.erresse-shop.it\/de\/wp-json\/wp\/v2\/product_tag?post=50684"}],"curies":[{"name":"wp","href":"https:\/\/api.w.org\/{rel}","templated":true}]}}