{"id":50622,"date":"2026-04-12T08:48:42","date_gmt":"2026-04-12T06:48:42","guid":{"rendered":"https:\/\/dev6.erresse-shop.it\/shop\/unkategorisiert\/versace-home-vase-18-cm-le-jardin-de-versace\/"},"modified":"2025-07-03T20:05:43","modified_gmt":"2025-07-03T18:05:43","slug":"versace-home-vase-18-cm-le-jardin-de-versace","status":"publish","type":"product","link":"https:\/\/dev6.erresse-shop.it\/de\/shop\/einrichtung-haus\/vasen\/versace-home-vase-18-cm-le-jardin-de-versace\/","title":{"rendered":"VERSACE HOME Vase 18 cm Le Jardin de Versace"},"content":{"rendered":"<p>H\u00f6he: 18 cm<\/p>\n<p>Diese wundersch\u00f6ne Versace-Dekoration hei\u00dft Le Jardin de Versace. Es wird aus feinstem Porzellan hergestellt und hat einen Stil, der am besten als luxuri\u00f6s und glamour\u00f6s beschrieben werden kann. Die wichtigste Farbe in diesem Artikel ist eigentlich eine Mischung aus mehreren Farben. Verspielte Blumendekorationen machen dieses St\u00fcck zu einem Blickfang auf jedem Tisch oder jeder Arbeitsplatte.<\/p>\n","protected":false},"excerpt":{"rendered":"<p>H\u00f6he: 18 cm Diese wundersch\u00f6ne Versace-Dekoration hei\u00dft Le Jardin de Versace. Es wird aus feinstem Porzellan hergestellt und hat einen Stil, der am besten als luxuri\u00f6s und glamour\u00f6s beschrieben werden kann. Die wichtigste Farbe in diesem Artikel ist eigentlich eine Mischung aus mehreren Farben. Verspielte Blumendekorationen machen dieses St\u00fcck zu einem Blickfang auf jedem Tisch [&hellip;]<\/p>\n","protected":false},"featured_media":6353655,"template":"","meta":{"_acf_changed":false},"product_cat":[11666,12098,12126],"product_tag":[],"class_list":{"0":"post-50622","1":"product","2":"type-product","3":"status-publish","4":"has-post-thumbnail","6":"product_cat-arredamento-casa","7":"product_cat-einrichtung-haus","8":"product_cat-vasen","10":"first","11":"outofstock","12":"taxable","13":"shipping-taxable","14":"purchasable","15":"product-type-simple","swatches":"rey-swatches","show_selected":"","stretch_labels":"rey-swatches--stretch-labels"},"acf":[],"yoast_head":"<!-- This site is optimized with the Yoast SEO plugin v25.4 - https:\/\/yoast.com\/wordpress\/plugins\/seo\/ -->\n<title>VERSACE HOME Vase 18 cm Le Jardin de Versace - dev6 Erresse<\/title>\n<meta name=\"description\" content=\"H\u00f6he: 18 cm Diese wundersch\u00f6ne Versace-Dekoration hei\u00dft Le Jardin de Versace. Es wird aus feinstem Porzellan hergestellt und hat einen Stil, der am besten\" \/>\n<meta name=\"robots\" content=\"noindex, follow, max-snippet:-1, max-image-preview:large, max-video-preview:-1\" \/>\n<meta property=\"og:locale\" content=\"de_DE\" \/>\n<meta property=\"og:type\" content=\"article\" \/>\n<meta property=\"og:title\" content=\"VERSACE HOME Vase 18 cm Le Jardin de Versace - dev6 Erresse\" \/>\n<meta property=\"og:description\" content=\"H\u00f6he: 18 cm Diese wundersch\u00f6ne Versace-Dekoration hei\u00dft Le Jardin de Versace. Es wird aus feinstem Porzellan hergestellt und hat einen Stil, der am besten\" \/>\n<meta property=\"og:url\" content=\"https:\/\/dev6.erresse-shop.it\/de\/shop\/einrichtung-haus\/vasen\/versace-home-vase-18-cm-le-jardin-de-versace\/\" \/>\n<meta property=\"og:site_name\" content=\"dev6 Erresse\" \/>\n<meta property=\"og:image\" content=\"https:\/\/interpim.erresse-shop.it\/img-catalogo\/versace\/versace-home-vaso-le-jardin-de-versace-18-cm-1.jpg\" \/><meta property=\"og:image\" content=\"https:\/\/interpim.erresse-shop.it\/img-catalogo\/versace\/versace-home-vaso-le-jardin-de-versace-18-cm-1.jpg\" \/>\n\t<meta property=\"og:image:width\" content=\"1024\" \/>\n\t<meta property=\"og:image:height\" content=\"1024\" \/>\n\t<meta property=\"og:image:type\" content=\"image\/jpeg\" \/>\n<meta name=\"twitter:card\" content=\"summary_large_image\" \/>\n<meta name=\"twitter:image\" content=\"https:\/\/interpim.erresse-shop.it\/img-catalogo\/versace\/versace-home-vaso-le-jardin-de-versace-18-cm-1.jpg\" \/>\n<script type=\"application\/ld+json\" class=\"yoast-schema-graph\">{\"@context\":\"https:\/\/schema.org\",\"@graph\":[{\"@type\":\"WebPage\",\"@id\":\"https:\/\/dev6.erresse-shop.it\/de\/shop\/einrichtung-haus\/vasen\/versace-home-vase-18-cm-le-jardin-de-versace\/\",\"url\":\"https:\/\/dev6.erresse-shop.it\/de\/shop\/einrichtung-haus\/vasen\/versace-home-vase-18-cm-le-jardin-de-versace\/\",\"name\":\"VERSACE HOME Vase 18 cm Le Jardin de Versace - dev6 Erresse\",\"isPartOf\":{\"@id\":\"https:\/\/dev6.erresse-shop.it\/#website\"},\"primaryImageOfPage\":{\"@id\":\"https:\/\/dev6.erresse-shop.it\/de\/shop\/einrichtung-haus\/vasen\/versace-home-vase-18-cm-le-jardin-de-versace\/#primaryimage\"},\"image\":{\"@id\":\"https:\/\/dev6.erresse-shop.it\/de\/shop\/einrichtung-haus\/vasen\/versace-home-vase-18-cm-le-jardin-de-versace\/#primaryimage\"},\"thumbnailUrl\":\"https:\/\/i0.wp.com\/interpim.erresse-shop.it\/img-catalogo\/versace\/versace-home-vaso-le-jardin-de-versace-18-cm-1.jpg?ssl=1\",\"datePublished\":\"2026-04-12T06:48:42+00:00\",\"description\":\"H\u00f6he: 18 cm Diese wundersch\u00f6ne Versace-Dekoration hei\u00dft Le Jardin de Versace. Es wird aus feinstem Porzellan hergestellt und hat einen Stil, der am besten\",\"breadcrumb\":{\"@id\":\"https:\/\/dev6.erresse-shop.it\/de\/shop\/einrichtung-haus\/vasen\/versace-home-vase-18-cm-le-jardin-de-versace\/#breadcrumb\"},\"inLanguage\":\"de\",\"potentialAction\":[{\"@type\":\"ReadAction\",\"target\":[\"https:\/\/dev6.erresse-shop.it\/de\/shop\/einrichtung-haus\/vasen\/versace-home-vase-18-cm-le-jardin-de-versace\/\"]}]},{\"@type\":\"ImageObject\",\"inLanguage\":\"de\",\"@id\":\"https:\/\/dev6.erresse-shop.it\/de\/shop\/einrichtung-haus\/vasen\/versace-home-vase-18-cm-le-jardin-de-versace\/#primaryimage\",\"url\":\"https:\/\/i0.wp.com\/interpim.erresse-shop.it\/img-catalogo\/versace\/versace-home-vaso-le-jardin-de-versace-18-cm-1.jpg?ssl=1\",\"contentUrl\":\"https:\/\/i0.wp.com\/interpim.erresse-shop.it\/img-catalogo\/versace\/versace-home-vaso-le-jardin-de-versace-18-cm-1.jpg?ssl=1\"},{\"@type\":\"BreadcrumbList\",\"@id\":\"https:\/\/dev6.erresse-shop.it\/de\/shop\/einrichtung-haus\/vasen\/versace-home-vase-18-cm-le-jardin-de-versace\/#breadcrumb\",\"itemListElement\":[{\"@type\":\"ListItem\",\"position\":1,\"name\":\"Home\",\"item\":\"https:\/\/dev6.erresse-shop.it\/\"},{\"@type\":\"ListItem\",\"position\":2,\"name\":\"Shop\",\"item\":\"https:\/\/dev6.erresse-shop.it\/shop\/\"},{\"@type\":\"ListItem\",\"position\":3,\"name\":\"VERSACE HOME Vase 18 cm Le Jardin de Versace\"}]},{\"@type\":\"WebSite\",\"@id\":\"https:\/\/dev6.erresse-shop.it\/#website\",\"url\":\"https:\/\/dev6.erresse-shop.it\/\",\"name\":\"Erresse Shop\",\"description\":\"\",\"publisher\":{\"@id\":\"https:\/\/dev6.erresse-shop.it\/#organization\"},\"potentialAction\":[{\"@type\":\"SearchAction\",\"target\":{\"@type\":\"EntryPoint\",\"urlTemplate\":\"https:\/\/dev6.erresse-shop.it\/?s={search_term_string}\"},\"query-input\":{\"@type\":\"PropertyValueSpecification\",\"valueRequired\":true,\"valueName\":\"search_term_string\"}}],\"inLanguage\":\"de\"},{\"@type\":\"Organization\",\"@id\":\"https:\/\/dev6.erresse-shop.it\/#organization\",\"name\":\"Erresse Shop\",\"url\":\"https:\/\/dev6.erresse-shop.it\/\",\"logo\":{\"@type\":\"ImageObject\",\"inLanguage\":\"de\",\"@id\":\"https:\/\/dev6.erresse-shop.it\/#\/schema\/logo\/image\/\",\"url\":\"https:\/\/dev6.erresse-shop.it\/wp-content\/uploads\/2025\/01\/LOGO-ERRESSE-CLASSICO.svg\",\"contentUrl\":\"https:\/\/dev6.erresse-shop.it\/wp-content\/uploads\/2025\/01\/LOGO-ERRESSE-CLASSICO.svg\",\"caption\":\"Erresse Shop\"},\"image\":{\"@id\":\"https:\/\/dev6.erresse-shop.it\/#\/schema\/logo\/image\/\"}}]}<\/script>\n<!-- \/ Yoast SEO plugin. -->","yoast_head_json":{"title":"VERSACE HOME Vase 18 cm Le Jardin de Versace - dev6 Erresse","description":"H\u00f6he: 18 cm Diese wundersch\u00f6ne Versace-Dekoration hei\u00dft Le Jardin de Versace. Es wird aus feinstem Porzellan hergestellt und hat einen Stil, der am besten","robots":{"index":"noindex","follow":"follow","max-snippet":"max-snippet:-1","max-image-preview":"max-image-preview:large","max-video-preview":"max-video-preview:-1"},"og_locale":"de_DE","og_type":"article","og_title":"VERSACE HOME Vase 18 cm Le Jardin de Versace - dev6 Erresse","og_description":"H\u00f6he: 18 cm Diese wundersch\u00f6ne Versace-Dekoration hei\u00dft Le Jardin de Versace. Es wird aus feinstem Porzellan hergestellt und hat einen Stil, der am besten","og_url":"https:\/\/dev6.erresse-shop.it\/de\/shop\/einrichtung-haus\/vasen\/versace-home-vase-18-cm-le-jardin-de-versace\/","og_site_name":"dev6 Erresse","og_image":[{"url":"https:\/\/interpim.erresse-shop.it\/img-catalogo\/versace\/versace-home-vaso-le-jardin-de-versace-18-cm-1.jpg","type":"","width":"","height":""},{"url":"https:\/\/interpim.erresse-shop.it\/img-catalogo\/versace\/versace-home-vaso-le-jardin-de-versace-18-cm-1.jpg","width":1024,"height":1024,"type":"image\/jpeg"}],"twitter_card":"summary_large_image","twitter_image":"https:\/\/interpim.erresse-shop.it\/img-catalogo\/versace\/versace-home-vaso-le-jardin-de-versace-18-cm-1.jpg","schema":{"@context":"https:\/\/schema.org","@graph":[{"@type":"WebPage","@id":"https:\/\/dev6.erresse-shop.it\/de\/shop\/einrichtung-haus\/vasen\/versace-home-vase-18-cm-le-jardin-de-versace\/","url":"https:\/\/dev6.erresse-shop.it\/de\/shop\/einrichtung-haus\/vasen\/versace-home-vase-18-cm-le-jardin-de-versace\/","name":"VERSACE HOME Vase 18 cm Le Jardin de Versace - dev6 Erresse","isPartOf":{"@id":"https:\/\/dev6.erresse-shop.it\/#website"},"primaryImageOfPage":{"@id":"https:\/\/dev6.erresse-shop.it\/de\/shop\/einrichtung-haus\/vasen\/versace-home-vase-18-cm-le-jardin-de-versace\/#primaryimage"},"image":{"@id":"https:\/\/dev6.erresse-shop.it\/de\/shop\/einrichtung-haus\/vasen\/versace-home-vase-18-cm-le-jardin-de-versace\/#primaryimage"},"thumbnailUrl":"https:\/\/i0.wp.com\/interpim.erresse-shop.it\/img-catalogo\/versace\/versace-home-vaso-le-jardin-de-versace-18-cm-1.jpg?ssl=1","datePublished":"2026-04-12T06:48:42+00:00","description":"H\u00f6he: 18 cm Diese wundersch\u00f6ne Versace-Dekoration hei\u00dft Le Jardin de Versace. Es wird aus feinstem Porzellan hergestellt und hat einen Stil, der am besten","breadcrumb":{"@id":"https:\/\/dev6.erresse-shop.it\/de\/shop\/einrichtung-haus\/vasen\/versace-home-vase-18-cm-le-jardin-de-versace\/#breadcrumb"},"inLanguage":"de","potentialAction":[{"@type":"ReadAction","target":["https:\/\/dev6.erresse-shop.it\/de\/shop\/einrichtung-haus\/vasen\/versace-home-vase-18-cm-le-jardin-de-versace\/"]}]},{"@type":"ImageObject","inLanguage":"de","@id":"https:\/\/dev6.erresse-shop.it\/de\/shop\/einrichtung-haus\/vasen\/versace-home-vase-18-cm-le-jardin-de-versace\/#primaryimage","url":"https:\/\/i0.wp.com\/interpim.erresse-shop.it\/img-catalogo\/versace\/versace-home-vaso-le-jardin-de-versace-18-cm-1.jpg?ssl=1","contentUrl":"https:\/\/i0.wp.com\/interpim.erresse-shop.it\/img-catalogo\/versace\/versace-home-vaso-le-jardin-de-versace-18-cm-1.jpg?ssl=1"},{"@type":"BreadcrumbList","@id":"https:\/\/dev6.erresse-shop.it\/de\/shop\/einrichtung-haus\/vasen\/versace-home-vase-18-cm-le-jardin-de-versace\/#breadcrumb","itemListElement":[{"@type":"ListItem","position":1,"name":"Home","item":"https:\/\/dev6.erresse-shop.it\/"},{"@type":"ListItem","position":2,"name":"Shop","item":"https:\/\/dev6.erresse-shop.it\/shop\/"},{"@type":"ListItem","position":3,"name":"VERSACE HOME Vase 18 cm Le Jardin de Versace"}]},{"@type":"WebSite","@id":"https:\/\/dev6.erresse-shop.it\/#website","url":"https:\/\/dev6.erresse-shop.it\/","name":"Erresse Shop","description":"","publisher":{"@id":"https:\/\/dev6.erresse-shop.it\/#organization"},"potentialAction":[{"@type":"SearchAction","target":{"@type":"EntryPoint","urlTemplate":"https:\/\/dev6.erresse-shop.it\/?s={search_term_string}"},"query-input":{"@type":"PropertyValueSpecification","valueRequired":true,"valueName":"search_term_string"}}],"inLanguage":"de"},{"@type":"Organization","@id":"https:\/\/dev6.erresse-shop.it\/#organization","name":"Erresse Shop","url":"https:\/\/dev6.erresse-shop.it\/","logo":{"@type":"ImageObject","inLanguage":"de","@id":"https:\/\/dev6.erresse-shop.it\/#\/schema\/logo\/image\/","url":"https:\/\/dev6.erresse-shop.it\/wp-content\/uploads\/2025\/01\/LOGO-ERRESSE-CLASSICO.svg","contentUrl":"https:\/\/dev6.erresse-shop.it\/wp-content\/uploads\/2025\/01\/LOGO-ERRESSE-CLASSICO.svg","caption":"Erresse Shop"},"image":{"@id":"https:\/\/dev6.erresse-shop.it\/#\/schema\/logo\/image\/"}}]}},"df_price":299,"df_sale_price":"","df_regular_price":299,"df_image_link":"https:\/\/i0.wp.com\/interpim.erresse-shop.it\/img-catalogo\/versace\/versace-home-vaso-le-jardin-de-versace-18-cm-1.jpg?resize=300,300&ssl=1","fifu_image_url":"https:\/\/interpim.erresse-shop.it\/img-catalogo\/versace\/versace-home-vaso-le-jardin-de-versace-18-cm-1.jpg","_links":{"self":[{"href":"https:\/\/dev6.erresse-shop.it\/de\/wp-json\/wp\/v2\/product\/50622","targetHints":{"allow":["GET"]}}],"collection":[{"href":"https:\/\/dev6.erresse-shop.it\/de\/wp-json\/wp\/v2\/product"}],"about":[{"href":"https:\/\/dev6.erresse-shop.it\/de\/wp-json\/wp\/v2\/types\/product"}],"wp:featuredmedia":[{"embeddable":true,"href":"https:\/\/dev6.erresse-shop.it\/de\/wp-json\/wp\/v2\/media\/6353655"}],"wp:attachment":[{"href":"https:\/\/dev6.erresse-shop.it\/de\/wp-json\/wp\/v2\/media?parent=50622"}],"wp:term":[{"taxonomy":"product_cat","embeddable":true,"href":"https:\/\/dev6.erresse-shop.it\/de\/wp-json\/wp\/v2\/product_cat?post=50622"},{"taxonomy":"product_tag","embeddable":true,"href":"https:\/\/dev6.erresse-shop.it\/de\/wp-json\/wp\/v2\/product_tag?post=50622"}],"curies":[{"name":"wp","href":"https:\/\/api.w.org\/{rel}","templated":true}]}}