{"id":50610,"date":"2026-04-12T08:47:38","date_gmt":"2026-04-12T06:47:38","guid":{"rendered":"https:\/\/dev6.erresse-shop.it\/shop\/unkategorisiert\/berkel-mehrzweckmesser-elegance-12-cm-schwarz\/"},"modified":"2025-07-03T20:05:28","modified_gmt":"2025-07-03T18:05:28","slug":"berkel-mehrzweckmesser-elegance-12-cm-schwarz","status":"publish","type":"product","link":"https:\/\/dev6.erresse-shop.it\/de\/shop\/kuche\/messer\/kuechenmesser\/berkel-mehrzweckmesser-elegance-12-cm-schwarz\/","title":{"rendered":"BERKEL Mehrzweckmesser Elegance 12 cm Schwarz"},"content":{"rendered":"<p>DAS VIELSEITIGE MESSER F\u00dcR DIE K\u00dcCHE<br \/>\nKurzes und handliches Messer. Mehrzweck-K\u00fcchenwerkzeug, das sich zum Schneiden von Lebensmitteln unterschiedlicher Beschaffenheit und Gr\u00f6\u00dfe eignet.<\/p>\n<p>Klinge aus hochwertigem Chrom-Molybd\u00e4n-Vanadium-Stahl 1.4116-X50 Cr Mo V15<br \/>\nGalvanisierte Klinge aus 3 mm dickem Blech<br \/>\nDer Griff ist aus Acetylharz geformt, was dem Griff ein gl\u00e4nzendes Aussehen verleiht<br \/>\nStahlzwinge, um eine maximale Haftung zwischen Klinge und Griff und eine perfekte Balance des Messers w\u00e4hrend des Gebrauchs zu gew\u00e4hrleisten<br \/>\nBerkel-Logo auf der Klinge eingraviert<br \/>\nGoldenes Logo auf dem Griff mit erkennbarem Berkel-Design<\/p>\n<p>MERKMALE<br \/>\nGewicht: 46 gr<br \/>\nKlingengr\u00f6\u00dfe: 12 cm<br \/>\nGesamtl\u00e4nge: 23 cm<br \/>\nKlingenmaterial: Geschmiedet aus rostfreiem Stahl 1.4116-X50 Cr Mo V15; H\u00e4rte nach T.T: 59 HRC; Catra-Zertifikat: Sehr gut<br \/>\nGriff: Acetalharz<br \/>\nVerwendung und Pflege: Wir empfehlen dringend, das Produkt von Hand in warmem Wasser zu waschen, um seine Integrit\u00e4t und Haltbarkeit zu gew\u00e4hrleisten. In jedem Fall empfehlen wir, das Messer nach jedem Waschen zu trocknen. Verwenden Sie keine scheuernden Stoffe oder Schw\u00e4mme.<\/p>\n","protected":false},"excerpt":{"rendered":"<p>DAS VIELSEITIGE MESSER F\u00dcR DIE K\u00dcCHE Kurzes und handliches Messer. Mehrzweck-K\u00fcchenwerkzeug, das sich zum Schneiden von Lebensmitteln unterschiedlicher Beschaffenheit und Gr\u00f6\u00dfe eignet. Klinge aus hochwertigem Chrom-Molybd\u00e4n-Vanadium-Stahl 1.4116-X50 Cr Mo V15 Galvanisierte Klinge aus 3 mm dickem Blech Der Griff ist aus Acetylharz geformt, was dem Griff ein gl\u00e4nzendes Aussehen verleiht Stahlzwinge, um eine maximale Haftung [&hellip;]<\/p>\n","protected":false},"featured_media":6353617,"template":"","meta":{"_acf_changed":false},"product_cat":[12100,12105],"product_tag":[],"class_list":{"0":"post-50610","1":"product","2":"type-product","3":"status-publish","4":"has-post-thumbnail","6":"product_cat-kuche","7":"product_cat-kuechenmesser","9":"first","10":"instock","11":"sale","12":"taxable","13":"shipping-taxable","14":"purchasable","15":"product-type-simple","swatches":"rey-swatches","show_selected":"","stretch_labels":"rey-swatches--stretch-labels"},"acf":[],"yoast_head":"<!-- This site is optimized with the Yoast SEO plugin v25.4 - https:\/\/yoast.com\/wordpress\/plugins\/seo\/ -->\n<title>BERKEL Mehrzweckmesser Elegance 12 cm Schwarz - dev6 Erresse<\/title>\n<meta name=\"description\" content=\"DAS VIELSEITIGE MESSER F\u00dcR DIE K\u00dcCHE Kurzes und handliches Messer. Mehrzweck-K\u00fcchenwerkzeug, das sich zum Schneiden von Lebensmitteln unterschiedlicher\" \/>\n<meta name=\"robots\" content=\"noindex, follow, max-snippet:-1, max-image-preview:large, max-video-preview:-1\" \/>\n<meta property=\"og:locale\" content=\"de_DE\" \/>\n<meta property=\"og:type\" content=\"article\" \/>\n<meta property=\"og:title\" content=\"BERKEL Mehrzweckmesser Elegance 12 cm Schwarz - dev6 Erresse\" \/>\n<meta property=\"og:description\" content=\"DAS VIELSEITIGE MESSER F\u00dcR DIE K\u00dcCHE Kurzes und handliches Messer. Mehrzweck-K\u00fcchenwerkzeug, das sich zum Schneiden von Lebensmitteln unterschiedlicher\" \/>\n<meta property=\"og:url\" content=\"https:\/\/dev6.erresse-shop.it\/de\/shop\/kuche\/messer\/kuechenmesser\/berkel-mehrzweckmesser-elegance-12-cm-schwarz\/\" \/>\n<meta property=\"og:site_name\" content=\"dev6 Erresse\" \/>\n<meta property=\"og:image\" content=\"https:\/\/interpim.erresse-shop.it\/Import\/Prodotti\/berkel-coltello-elegance-multiuso-12cm-nero-2.jpg\" \/><meta property=\"og:image\" content=\"https:\/\/interpim.erresse-shop.it\/Import\/Prodotti\/berkel-coltello-elegance-multiuso-12cm-nero-2.jpg\" \/>\n\t<meta property=\"og:image:width\" content=\"1024\" \/>\n\t<meta property=\"og:image:height\" content=\"1024\" \/>\n\t<meta property=\"og:image:type\" content=\"image\/jpeg\" \/>\n<meta name=\"twitter:card\" content=\"summary_large_image\" \/>\n<meta name=\"twitter:image\" content=\"https:\/\/interpim.erresse-shop.it\/Import\/Prodotti\/berkel-coltello-elegance-multiuso-12cm-nero-2.jpg\" \/>\n<script type=\"application\/ld+json\" class=\"yoast-schema-graph\">{\"@context\":\"https:\/\/schema.org\",\"@graph\":[{\"@type\":\"WebPage\",\"@id\":\"https:\/\/dev6.erresse-shop.it\/de\/shop\/kuche\/messer\/kuechenmesser\/berkel-mehrzweckmesser-elegance-12-cm-schwarz\/\",\"url\":\"https:\/\/dev6.erresse-shop.it\/de\/shop\/kuche\/messer\/kuechenmesser\/berkel-mehrzweckmesser-elegance-12-cm-schwarz\/\",\"name\":\"BERKEL Mehrzweckmesser Elegance 12 cm Schwarz - dev6 Erresse\",\"isPartOf\":{\"@id\":\"https:\/\/dev6.erresse-shop.it\/#website\"},\"primaryImageOfPage\":{\"@id\":\"https:\/\/dev6.erresse-shop.it\/de\/shop\/kuche\/messer\/kuechenmesser\/berkel-mehrzweckmesser-elegance-12-cm-schwarz\/#primaryimage\"},\"image\":{\"@id\":\"https:\/\/dev6.erresse-shop.it\/de\/shop\/kuche\/messer\/kuechenmesser\/berkel-mehrzweckmesser-elegance-12-cm-schwarz\/#primaryimage\"},\"thumbnailUrl\":\"https:\/\/i0.wp.com\/interpim.erresse-shop.it\/Import\/Prodotti\/berkel-coltello-elegance-multiuso-12cm-nero-2.jpg?ssl=1\",\"datePublished\":\"2026-04-12T06:47:38+00:00\",\"description\":\"DAS VIELSEITIGE MESSER F\u00dcR DIE K\u00dcCHE Kurzes und handliches Messer. Mehrzweck-K\u00fcchenwerkzeug, das sich zum Schneiden von Lebensmitteln unterschiedlicher\",\"breadcrumb\":{\"@id\":\"https:\/\/dev6.erresse-shop.it\/de\/shop\/kuche\/messer\/kuechenmesser\/berkel-mehrzweckmesser-elegance-12-cm-schwarz\/#breadcrumb\"},\"inLanguage\":\"de\",\"potentialAction\":[{\"@type\":\"ReadAction\",\"target\":[\"https:\/\/dev6.erresse-shop.it\/de\/shop\/kuche\/messer\/kuechenmesser\/berkel-mehrzweckmesser-elegance-12-cm-schwarz\/\"]}]},{\"@type\":\"ImageObject\",\"inLanguage\":\"de\",\"@id\":\"https:\/\/dev6.erresse-shop.it\/de\/shop\/kuche\/messer\/kuechenmesser\/berkel-mehrzweckmesser-elegance-12-cm-schwarz\/#primaryimage\",\"url\":\"https:\/\/i0.wp.com\/interpim.erresse-shop.it\/Import\/Prodotti\/berkel-coltello-elegance-multiuso-12cm-nero-2.jpg?ssl=1\",\"contentUrl\":\"https:\/\/i0.wp.com\/interpim.erresse-shop.it\/Import\/Prodotti\/berkel-coltello-elegance-multiuso-12cm-nero-2.jpg?ssl=1\"},{\"@type\":\"BreadcrumbList\",\"@id\":\"https:\/\/dev6.erresse-shop.it\/de\/shop\/kuche\/messer\/kuechenmesser\/berkel-mehrzweckmesser-elegance-12-cm-schwarz\/#breadcrumb\",\"itemListElement\":[{\"@type\":\"ListItem\",\"position\":1,\"name\":\"Home\",\"item\":\"https:\/\/dev6.erresse-shop.it\/\"},{\"@type\":\"ListItem\",\"position\":2,\"name\":\"Shop\",\"item\":\"https:\/\/dev6.erresse-shop.it\/shop\/\"},{\"@type\":\"ListItem\",\"position\":3,\"name\":\"BERKEL Mehrzweckmesser Elegance 12 cm Schwarz\"}]},{\"@type\":\"WebSite\",\"@id\":\"https:\/\/dev6.erresse-shop.it\/#website\",\"url\":\"https:\/\/dev6.erresse-shop.it\/\",\"name\":\"Erresse Shop\",\"description\":\"\",\"publisher\":{\"@id\":\"https:\/\/dev6.erresse-shop.it\/#organization\"},\"potentialAction\":[{\"@type\":\"SearchAction\",\"target\":{\"@type\":\"EntryPoint\",\"urlTemplate\":\"https:\/\/dev6.erresse-shop.it\/?s={search_term_string}\"},\"query-input\":{\"@type\":\"PropertyValueSpecification\",\"valueRequired\":true,\"valueName\":\"search_term_string\"}}],\"inLanguage\":\"de\"},{\"@type\":\"Organization\",\"@id\":\"https:\/\/dev6.erresse-shop.it\/#organization\",\"name\":\"Erresse Shop\",\"url\":\"https:\/\/dev6.erresse-shop.it\/\",\"logo\":{\"@type\":\"ImageObject\",\"inLanguage\":\"de\",\"@id\":\"https:\/\/dev6.erresse-shop.it\/#\/schema\/logo\/image\/\",\"url\":\"https:\/\/dev6.erresse-shop.it\/wp-content\/uploads\/2025\/01\/LOGO-ERRESSE-CLASSICO.svg\",\"contentUrl\":\"https:\/\/dev6.erresse-shop.it\/wp-content\/uploads\/2025\/01\/LOGO-ERRESSE-CLASSICO.svg\",\"caption\":\"Erresse Shop\"},\"image\":{\"@id\":\"https:\/\/dev6.erresse-shop.it\/#\/schema\/logo\/image\/\"}}]}<\/script>\n<!-- \/ Yoast SEO plugin. -->","yoast_head_json":{"title":"BERKEL Mehrzweckmesser Elegance 12 cm Schwarz - dev6 Erresse","description":"DAS VIELSEITIGE MESSER F\u00dcR DIE K\u00dcCHE Kurzes und handliches Messer. Mehrzweck-K\u00fcchenwerkzeug, das sich zum Schneiden von Lebensmitteln unterschiedlicher","robots":{"index":"noindex","follow":"follow","max-snippet":"max-snippet:-1","max-image-preview":"max-image-preview:large","max-video-preview":"max-video-preview:-1"},"og_locale":"de_DE","og_type":"article","og_title":"BERKEL Mehrzweckmesser Elegance 12 cm Schwarz - dev6 Erresse","og_description":"DAS VIELSEITIGE MESSER F\u00dcR DIE K\u00dcCHE Kurzes und handliches Messer. Mehrzweck-K\u00fcchenwerkzeug, das sich zum Schneiden von Lebensmitteln unterschiedlicher","og_url":"https:\/\/dev6.erresse-shop.it\/de\/shop\/kuche\/messer\/kuechenmesser\/berkel-mehrzweckmesser-elegance-12-cm-schwarz\/","og_site_name":"dev6 Erresse","og_image":[{"url":"https:\/\/interpim.erresse-shop.it\/Import\/Prodotti\/berkel-coltello-elegance-multiuso-12cm-nero-2.jpg","type":"","width":"","height":""},{"url":"https:\/\/interpim.erresse-shop.it\/Import\/Prodotti\/berkel-coltello-elegance-multiuso-12cm-nero-2.jpg","width":1024,"height":1024,"type":"image\/jpeg"}],"twitter_card":"summary_large_image","twitter_image":"https:\/\/interpim.erresse-shop.it\/Import\/Prodotti\/berkel-coltello-elegance-multiuso-12cm-nero-2.jpg","schema":{"@context":"https:\/\/schema.org","@graph":[{"@type":"WebPage","@id":"https:\/\/dev6.erresse-shop.it\/de\/shop\/kuche\/messer\/kuechenmesser\/berkel-mehrzweckmesser-elegance-12-cm-schwarz\/","url":"https:\/\/dev6.erresse-shop.it\/de\/shop\/kuche\/messer\/kuechenmesser\/berkel-mehrzweckmesser-elegance-12-cm-schwarz\/","name":"BERKEL Mehrzweckmesser Elegance 12 cm Schwarz - dev6 Erresse","isPartOf":{"@id":"https:\/\/dev6.erresse-shop.it\/#website"},"primaryImageOfPage":{"@id":"https:\/\/dev6.erresse-shop.it\/de\/shop\/kuche\/messer\/kuechenmesser\/berkel-mehrzweckmesser-elegance-12-cm-schwarz\/#primaryimage"},"image":{"@id":"https:\/\/dev6.erresse-shop.it\/de\/shop\/kuche\/messer\/kuechenmesser\/berkel-mehrzweckmesser-elegance-12-cm-schwarz\/#primaryimage"},"thumbnailUrl":"https:\/\/i0.wp.com\/interpim.erresse-shop.it\/Import\/Prodotti\/berkel-coltello-elegance-multiuso-12cm-nero-2.jpg?ssl=1","datePublished":"2026-04-12T06:47:38+00:00","description":"DAS VIELSEITIGE MESSER F\u00dcR DIE K\u00dcCHE Kurzes und handliches Messer. Mehrzweck-K\u00fcchenwerkzeug, das sich zum Schneiden von Lebensmitteln unterschiedlicher","breadcrumb":{"@id":"https:\/\/dev6.erresse-shop.it\/de\/shop\/kuche\/messer\/kuechenmesser\/berkel-mehrzweckmesser-elegance-12-cm-schwarz\/#breadcrumb"},"inLanguage":"de","potentialAction":[{"@type":"ReadAction","target":["https:\/\/dev6.erresse-shop.it\/de\/shop\/kuche\/messer\/kuechenmesser\/berkel-mehrzweckmesser-elegance-12-cm-schwarz\/"]}]},{"@type":"ImageObject","inLanguage":"de","@id":"https:\/\/dev6.erresse-shop.it\/de\/shop\/kuche\/messer\/kuechenmesser\/berkel-mehrzweckmesser-elegance-12-cm-schwarz\/#primaryimage","url":"https:\/\/i0.wp.com\/interpim.erresse-shop.it\/Import\/Prodotti\/berkel-coltello-elegance-multiuso-12cm-nero-2.jpg?ssl=1","contentUrl":"https:\/\/i0.wp.com\/interpim.erresse-shop.it\/Import\/Prodotti\/berkel-coltello-elegance-multiuso-12cm-nero-2.jpg?ssl=1"},{"@type":"BreadcrumbList","@id":"https:\/\/dev6.erresse-shop.it\/de\/shop\/kuche\/messer\/kuechenmesser\/berkel-mehrzweckmesser-elegance-12-cm-schwarz\/#breadcrumb","itemListElement":[{"@type":"ListItem","position":1,"name":"Home","item":"https:\/\/dev6.erresse-shop.it\/"},{"@type":"ListItem","position":2,"name":"Shop","item":"https:\/\/dev6.erresse-shop.it\/shop\/"},{"@type":"ListItem","position":3,"name":"BERKEL Mehrzweckmesser Elegance 12 cm Schwarz"}]},{"@type":"WebSite","@id":"https:\/\/dev6.erresse-shop.it\/#website","url":"https:\/\/dev6.erresse-shop.it\/","name":"Erresse Shop","description":"","publisher":{"@id":"https:\/\/dev6.erresse-shop.it\/#organization"},"potentialAction":[{"@type":"SearchAction","target":{"@type":"EntryPoint","urlTemplate":"https:\/\/dev6.erresse-shop.it\/?s={search_term_string}"},"query-input":{"@type":"PropertyValueSpecification","valueRequired":true,"valueName":"search_term_string"}}],"inLanguage":"de"},{"@type":"Organization","@id":"https:\/\/dev6.erresse-shop.it\/#organization","name":"Erresse Shop","url":"https:\/\/dev6.erresse-shop.it\/","logo":{"@type":"ImageObject","inLanguage":"de","@id":"https:\/\/dev6.erresse-shop.it\/#\/schema\/logo\/image\/","url":"https:\/\/dev6.erresse-shop.it\/wp-content\/uploads\/2025\/01\/LOGO-ERRESSE-CLASSICO.svg","contentUrl":"https:\/\/dev6.erresse-shop.it\/wp-content\/uploads\/2025\/01\/LOGO-ERRESSE-CLASSICO.svg","caption":"Erresse Shop"},"image":{"@id":"https:\/\/dev6.erresse-shop.it\/#\/schema\/logo\/image\/"}}]}},"df_price":54.95,"df_sale_price":54.95,"df_regular_price":59,"df_image_link":"https:\/\/i0.wp.com\/interpim.erresse-shop.it\/Import\/Prodotti\/berkel-coltello-elegance-multiuso-12cm-nero-2.jpg?resize=300,300&ssl=1","fifu_image_url":"https:\/\/interpim.erresse-shop.it\/Import\/Prodotti\/berkel-coltello-elegance-multiuso-12cm-nero-2.jpg","_links":{"self":[{"href":"https:\/\/dev6.erresse-shop.it\/de\/wp-json\/wp\/v2\/product\/50610","targetHints":{"allow":["GET"]}}],"collection":[{"href":"https:\/\/dev6.erresse-shop.it\/de\/wp-json\/wp\/v2\/product"}],"about":[{"href":"https:\/\/dev6.erresse-shop.it\/de\/wp-json\/wp\/v2\/types\/product"}],"wp:featuredmedia":[{"embeddable":true,"href":"https:\/\/dev6.erresse-shop.it\/de\/wp-json\/wp\/v2\/media\/6353617"}],"wp:attachment":[{"href":"https:\/\/dev6.erresse-shop.it\/de\/wp-json\/wp\/v2\/media?parent=50610"}],"wp:term":[{"taxonomy":"product_cat","embeddable":true,"href":"https:\/\/dev6.erresse-shop.it\/de\/wp-json\/wp\/v2\/product_cat?post=50610"},{"taxonomy":"product_tag","embeddable":true,"href":"https:\/\/dev6.erresse-shop.it\/de\/wp-json\/wp\/v2\/product_tag?post=50610"}],"curies":[{"name":"wp","href":"https:\/\/api.w.org\/{rel}","templated":true}]}}